{"id":3951,"date":"2026-01-08T14:07:25","date_gmt":"2026-01-08T14:07:25","guid":{"rendered":"https:\/\/coinkickoff.com\/?page_id=3951"},"modified":"2026-01-08T14:07:25","modified_gmt":"2026-01-08T14:07:25","slug":"how-to-buy-ethereum-on-binance","status":"publish","type":"page","link":"https:\/\/coinkickoff.com\/et\/how-to-buy-ethereum\/how-to-buy-ethereum-on-binance\/","title":{"rendered":"Kuidas osta Ethereum kohta Binance"},"content":{"rendered":"<h1><img loading=\"lazy\" decoding=\"async\" class=\"alignnone wp-image-3662 size-full\" src=\"https:\/\/coinkickoff.com\/wp-content\/uploads\/how-many-eth-are-there.jpg\" alt=\"Mitu Ethereum (ETH) on olemas?\" width=\"1000\" height=\"666\" srcset=\"https:\/\/coinkickoff.com\/wp-content\/uploads\/how-many-eth-are-there.jpg 1000w, https:\/\/coinkickoff.com\/wp-content\/uploads\/how-many-eth-are-there-300x200.jpg 300w, https:\/\/coinkickoff.com\/wp-content\/uploads\/how-many-eth-are-there-768x511.jpg 768w, https:\/\/coinkickoff.com\/wp-content\/uploads\/how-many-eth-are-there-18x12.jpg 18w, https:\/\/coinkickoff.com\/wp-content\/uploads\/how-many-eth-are-there-600x400.jpg 600w\" sizes=\"auto, (max-width: 1000px) 100vw, 1000px\" \/><\/h1>\n<div id=\"ez-toc-container\" class=\"ez-toc-v2_0_80 counter-hierarchy ez-toc-counter ez-toc-transparent ez-toc-container-direction\">\n<div class=\"ez-toc-title-container\">\n<p class=\"ez-toc-title\" style=\"cursor:inherit\">Jaotised<\/p>\n<span class=\"ez-toc-title-toggle\"><a href=\"#\" class=\"ez-toc-pull-right ez-toc-btn ez-toc-btn-xs ez-toc-btn-default ez-toc-toggle\" aria-label=\"Sisukorra vaheldumine\"><span class=\"ez-toc-js-icon-con\"><span class=\"\"><span class=\"eztoc-hide\" style=\"display:none;\">Toggle<\/span><span class=\"ez-toc-icon-toggle-span\"><svg style=\"fill: #999;color:#999\" xmlns=\"http:\/\/www.w3.org\/2000\/svg\" class=\"list-377408\" width=\"20px\" height=\"20px\" viewbox=\"0 0 24 24\" fill=\"none\"><path d=\"M6 6H4v2h2V6zm14 0H8v2h12V6zM4 11h2v2H4v-2zm16 0H8v2h12v-2zM4 16h2v2H4v-2zm16 0H8v2h12v-2z\" fill=\"currentColor\"><\/path><\/svg><svg style=\"fill: #999;color:#999\" class=\"arrow-unsorted-368013\" xmlns=\"http:\/\/www.w3.org\/2000\/svg\" width=\"10px\" height=\"10px\" viewbox=\"0 0 24 24\" version=\"1.2\" baseprofile=\"tiny\"><path d=\"M18.2 9.3l-6.2-6.3-6.2 6.3c-.2.2-.3.4-.3.7s.1.5.3.7c.2.2.4.3.7.3h11c.3 0 .5-.1.7-.3.2-.2.3-.5.3-.7s-.1-.5-.3-.7zM5.8 14.7l6.2 6.3 6.2-6.3c.2-.2.3-.5.3-.7s-.1-.5-.3-.7c-.2-.2-.4-.3-.7-.3h-11c-.3 0-.5.1-.7.3-.2.2-.3.5-.3.7s.1.5.3.7z\"\/><\/svg><\/span><\/span><\/span><\/a><\/span><\/div>\n<nav><ul class='ez-toc-list ez-toc-list-level-1 eztoc-toggle-hide-by-default' ><li class='ez-toc-page-1 ez-toc-heading-level-2'><a class=\"ez-toc-link ez-toc-heading-1\" href=\"https:\/\/coinkickoff.com\/et\/how-to-buy-ethereum\/how-to-buy-ethereum-on-binance\/#How_to_Buy_Ethereum_on_Binance\" >Kuidas osta Ethereum kohta Binance<\/a><\/li><li class='ez-toc-page-1 ez-toc-heading-level-2'><a class=\"ez-toc-link ez-toc-heading-2\" href=\"https:\/\/coinkickoff.com\/et\/how-to-buy-ethereum\/how-to-buy-ethereum-on-binance\/#A_Step-By-Step_Guide_on_How_to_Buy_Ethereum_on_Binance\" >Samm-sammult juhend, kuidas osta Ethereum Binance-le Binance<\/a><ul class='ez-toc-list-level-3' ><li class='ez-toc-heading-level-3'><a class=\"ez-toc-link ez-toc-heading-3\" href=\"https:\/\/coinkickoff.com\/et\/how-to-buy-ethereum\/how-to-buy-ethereum-on-binance\/#1_Register_an_Account_on_Binance\" >1. Registreerige konto aadressil Binance<\/a><\/li><li class='ez-toc-page-1 ez-toc-heading-level-3'><a class=\"ez-toc-link ez-toc-heading-4\" href=\"https:\/\/coinkickoff.com\/et\/how-to-buy-ethereum\/how-to-buy-ethereum-on-binance\/#2_Verify_Your_Account\" >2. Kontrollida oma kontot<\/a><\/li><li class='ez-toc-page-1 ez-toc-heading-level-3'><a class=\"ez-toc-link ez-toc-heading-5\" href=\"https:\/\/coinkickoff.com\/et\/how-to-buy-ethereum\/how-to-buy-ethereum-on-binance\/#3_Deposit_FundsCrypto\" >3. Deposiitfondid \/ kr\u00fcpto<\/a><\/li><li class='ez-toc-page-1 ez-toc-heading-level-3'><a class=\"ez-toc-link ez-toc-heading-6\" href=\"https:\/\/coinkickoff.com\/et\/how-to-buy-ethereum\/how-to-buy-ethereum-on-binance\/#Click_on_%E2%80%9CDeposit%E2%80%9D_to_see_all_the_deposit_options_The_three_options_are_depositing_crypto_depositing_fiat_currencies_and_adding_credit_cards_or_other_payment_methods\" >Kl\u00f5psake \"Deposiit\", et n\u00e4ha k\u00f5iki deposiitide v\u00f5imalusi. Kolm v\u00f5imalust on kr\u00fcpto hoiustamine, fiatvaluutade hoiustamine ja krediitkaartide v\u00f5i muude makseviiside lisamine.<\/a><\/li><li class='ez-toc-page-1 ez-toc-heading-level-3'><a class=\"ez-toc-link ez-toc-heading-7\" href=\"https:\/\/coinkickoff.com\/et\/how-to-buy-ethereum\/how-to-buy-ethereum-on-binance\/#4_Navigate_to_the_Relevant_Screen_to_Buy\" >4. Navigeerige ostmiseks vastavale ekraanile<\/a><\/li><\/ul><\/li><\/ul><\/nav><\/div>\n<h2><span class=\"ez-toc-section\" id=\"How_to_Buy_Ethereum_on_Binance\"><\/span><span style=\"font-weight: 400;\">Kuidas osta Ethereum kohta Binance<\/span><span class=\"ez-toc-section-end\"><\/span><\/h2>\n<p><span style=\"font-weight: 400;\"><a href=\"https:\/\/coinkickoff.com\/et\/binance-review\/\" data-internallinksmanager029f6b8e52c=\"152\" title=\"Binance Arvamused 2024: Omadused, tasud, turvalisus, plussid ja miinused\">Binance<\/a> on maailma suurim <a href=\"https:\/\/coinkickoff.com\/et\/crypto-exchanges\/\" data-internallinksmanager029f6b8e52c=\"141\" title=\"21 Parimad kr\u00fcptovaluuta vahetused ja rakendused aastal 2024\">kr\u00fcptovaluutavahetus<\/a> kauplemismahu j\u00e4rgi ja seda kasutavad miljonid inimesed \u00fcle maailma, et osta populaarseid kr\u00fcptovarasid nagu <a href=\"https:\/\/coinkickoff.com\/et\/bitcoin-btc\/\" data-internallinksmanager029f6b8e52c=\"1\" title=\"Mis on Bitcoin (BTC)? Hind, ajalugu ja kust osta\">Bitcoin<\/a> ja <a href=\"https:\/\/coinkickoff.com\/et\/ethereum-eth\/\" data-internallinksmanager029f6b8e52c=\"2\" title=\"Mis on Ethereum (ETH)? Hind, ajalugu ja kust osta\">Ethereum<\/a>.<\/span><\/p>\n<p><span style=\"font-weight: 400;\">Selles juhendis selgitame samm-sammult, kuidas osta Ethereum Binance-le.<\/span><\/p>\n<p><span style=\"font-weight: 400;\">Kui olete USAs asuv kasutaja, vaadake meie juhendit selle kohta, kuidas osta Ethereum Binance USAs.<\/span><\/p>\n<h2><span class=\"ez-toc-section\" id=\"A_Step-By-Step_Guide_on_How_to_Buy_Ethereum_on_Binance\"><\/span><span style=\"font-weight: 400;\">Samm-sammult juhend, kuidas osta Ethereum Binance-le Binance<\/span><span class=\"ez-toc-section-end\"><\/span><\/h2>\n<h3><span class=\"ez-toc-section\" id=\"1_Register_an_Account_on_Binance\"><\/span><span style=\"font-weight: 400;\">1. Registreerige konto aadressil Binance<\/span><span class=\"ez-toc-section-end\"><\/span><\/h3>\n<h2><img loading=\"lazy\" decoding=\"async\" class=\"alignnone wp-image-3245 size-full\" style=\"font-size: 18px; font-family: Muli, sans-serif;\" src=\"https:\/\/coinkickoff.com\/wp-content\/uploads\/binance-register.png\" alt=\"osta doge binance&#039;i registris\" width=\"1430\" height=\"798\" srcset=\"https:\/\/coinkickoff.com\/wp-content\/uploads\/binance-register.png 1430w, https:\/\/coinkickoff.com\/wp-content\/uploads\/binance-register-300x167.png 300w, https:\/\/coinkickoff.com\/wp-content\/uploads\/binance-register-1024x571.png 1024w, https:\/\/coinkickoff.com\/wp-content\/uploads\/binance-register-768x429.png 768w, https:\/\/coinkickoff.com\/wp-content\/uploads\/binance-register-18x10.png 18w\" sizes=\"auto, (max-width: 1430px) 100vw, 1430px\" \/><\/h2>\n<p><span style=\"font-weight: 400;\">Kui teil ei ole Binance kontot, minge aadressile <\/span><a href=\"https:\/\/accounts.binance.com\/register?ref=BLJQ60RW\" target=\"_blank\" rel=\"noopener\"><span style=\"font-weight: 400;\">Binance ametlik veebisait<\/span><\/a><span style=\"font-weight: 400;\"> ja registreeru. Saate registreerida oma telefoninumbri v\u00f5i e-posti aadressiga. Saate oma s\u00f5numitesse konto kinnituskoodi. Logige selle koodiga sisse Binance-sse.\u00a0<\/span><\/p>\n<h3><span class=\"ez-toc-section\" id=\"2_Verify_Your_Account\"><\/span><span style=\"font-weight: 400;\">2. Kontrollida oma kontot<\/span><span class=\"ez-toc-section-end\"><\/span><\/h3>\n<p><img loading=\"lazy\" decoding=\"async\" class=\"alignnone wp-image-3247 size-full\" src=\"https:\/\/coinkickoff.com\/wp-content\/uploads\/binance-verification-0-e1686527478138.png\" alt=\"binance verifitseerimine \" width=\"1438\" height=\"730\" srcset=\"https:\/\/coinkickoff.com\/wp-content\/uploads\/binance-verification-0-e1686527478138.png 1438w, https:\/\/coinkickoff.com\/wp-content\/uploads\/binance-verification-0-e1686527478138-300x152.png 300w, https:\/\/coinkickoff.com\/wp-content\/uploads\/binance-verification-0-e1686527478138-1024x520.png 1024w, https:\/\/coinkickoff.com\/wp-content\/uploads\/binance-verification-0-e1686527478138-768x390.png 768w, https:\/\/coinkickoff.com\/wp-content\/uploads\/binance-verification-0-e1686527478138-18x9.png 18w\" sizes=\"auto, (max-width: 1438px) 100vw, 1438px\" \/><\/p>\n<p><span style=\"font-weight: 400;\">Lehe paremas \u00fclanurgas (kohe vahekaardi \"Tellimused\" k\u00f5rval) on teie profiili ikoon. Kl\u00f5psake sellel, et p\u00e4\u00e4seda kinnitamise lehele. Kl\u00f5psake \"Get Verification\".<\/span><\/p>\n<p><img loading=\"lazy\" decoding=\"async\" class=\"alignnone wp-image-3246 size-full\" src=\"https:\/\/coinkickoff.com\/wp-content\/uploads\/binance-verification.png\" alt=\"binance verifitseerimine\" width=\"1239\" height=\"752\" srcset=\"https:\/\/coinkickoff.com\/wp-content\/uploads\/binance-verification.png 1239w, https:\/\/coinkickoff.com\/wp-content\/uploads\/binance-verification-300x182.png 300w, https:\/\/coinkickoff.com\/wp-content\/uploads\/binance-verification-1024x622.png 1024w, https:\/\/coinkickoff.com\/wp-content\/uploads\/binance-verification-768x466.png 768w, https:\/\/coinkickoff.com\/wp-content\/uploads\/binance-verification-18x12.png 18w\" sizes=\"auto, (max-width: 1239px) 100vw, 1239px\" \/><\/p>\n<p><span style=\"font-weight: 400;\">Valige oma elukohariik v\u00f5i -piirkond lehe \u00fclaosas olevast nimekirjast. Kui olete valinud oma piirkonna v\u00f5i riigi, n\u00e4ete kontrollin\u00f5udeid. Alustamiseks kl\u00f5psake nuppu \"Verify\".<\/span><\/p>\n<p><img loading=\"lazy\" decoding=\"async\" class=\"alignnone wp-image-3248 size-full\" src=\"https:\/\/coinkickoff.com\/wp-content\/uploads\/binance-verification-2.png\" alt=\"kuidas osta Ethereum kohta Binance\" width=\"563\" height=\"686\" srcset=\"https:\/\/coinkickoff.com\/wp-content\/uploads\/binance-verification-2.png 563w, https:\/\/coinkickoff.com\/wp-content\/uploads\/binance-verification-2-246x300.png 246w, https:\/\/coinkickoff.com\/wp-content\/uploads\/binance-verification-2-10x12.png 10w\" sizes=\"auto, (max-width: 563px) 100vw, 563px\" \/><\/p>\n<p><span style=\"font-weight: 400;\">Sisestage vajalikud andmed ja kl\u00f5psake nuppu \"J\u00e4tka\". Teil palutakse oma andmete kinnitamiseks laadida \u00fcles isikut t\u00f5endav foto. Oluline on tagada, et teie nimi ja s\u00fcnniaeg langeksid kokku platvormile esitatud isikut t\u00f5endava dokumendiga.<\/span><\/p>\n<h3><span class=\"ez-toc-section\" id=\"3_Deposit_FundsCrypto\"><\/span><span style=\"font-weight: 400;\">3. Deposiitfondid \/ kr\u00fcpto<\/span><span class=\"ez-toc-section-end\"><\/span><\/h3>\n<p><img loading=\"lazy\" decoding=\"async\" class=\"alignnone wp-image-3254 size-full\" style=\"font-family: 'Helvetica Neue', Helvetica, Arial, sans-serif; font-size: 20px;\" src=\"https:\/\/coinkickoff.com\/wp-content\/uploads\/binance-deposit-2.png\" alt=\"\" width=\"926\" height=\"796\" srcset=\"https:\/\/coinkickoff.com\/wp-content\/uploads\/binance-deposit-2.png 926w, https:\/\/coinkickoff.com\/wp-content\/uploads\/binance-deposit-2-300x258.png 300w, https:\/\/coinkickoff.com\/wp-content\/uploads\/binance-deposit-2-768x660.png 768w, https:\/\/coinkickoff.com\/wp-content\/uploads\/binance-deposit-2-14x12.png 14w\" sizes=\"auto, (max-width: 926px) 100vw, 926px\" \/><\/p>\n<h3><span class=\"ez-toc-section\" id=\"Click_on_%E2%80%9CDeposit%E2%80%9D_to_see_all_the_deposit_options_The_three_options_are_depositing_crypto_depositing_fiat_currencies_and_adding_credit_cards_or_other_payment_methods\"><\/span><span style=\"font-weight: 400;\">Kl\u00f5psake \"Deposiit\", et n\u00e4ha k\u00f5iki deposiitide v\u00f5imalusi. Kolm v\u00f5imalust on kr\u00fcpto hoiustamine, fiatvaluutade hoiustamine ja krediitkaartide v\u00f5i muude makseviiside lisamine.<\/span><span class=\"ez-toc-section-end\"><\/span><\/h3>\n<p><span style=\"font-weight: 400;\">Kui teil on kr\u00fcpto ja soovite seda ETH vastu vahetada, saate deposiidi aadressi saamiseks kl\u00f5psata \"Deposit Crypto\".\u00a0<\/span><\/p>\n<p><span style=\"font-weight: 400;\">Kuid enamikul algajatel ei ole seda v\u00f5imalust ja nad peavad kas lisama makseviisi v\u00f5i tegema fiatraha sissemakse panga\u00fclekande kaudu.<\/span><\/p>\n<p><span style=\"font-weight: 400;\">Kl\u00f5psake nuppu \"Fiat Deposit\". J\u00e4rgmisel lehel valige valuuta, mida soovite hoiustada. Binance aktsepteerib paljusid kohalikke valuutasid, nii et teil ei ole probleemi \u00f5ige valiku leidmisega.<\/span><\/p>\n<h3><img loading=\"lazy\" decoding=\"async\" class=\"alignnone wp-image-3256 size-full\" style=\"font-size: 18px; font-family: Muli, sans-serif;\" src=\"https:\/\/coinkickoff.com\/wp-content\/uploads\/binance-fiat-deposit-3.png\" alt=\"\" width=\"1052\" height=\"778\" srcset=\"https:\/\/coinkickoff.com\/wp-content\/uploads\/binance-fiat-deposit-3.png 1052w, https:\/\/coinkickoff.com\/wp-content\/uploads\/binance-fiat-deposit-3-300x222.png 300w, https:\/\/coinkickoff.com\/wp-content\/uploads\/binance-fiat-deposit-3-1024x757.png 1024w, https:\/\/coinkickoff.com\/wp-content\/uploads\/binance-fiat-deposit-3-768x568.png 768w, https:\/\/coinkickoff.com\/wp-content\/uploads\/binance-fiat-deposit-3-16x12.png 16w\" sizes=\"auto, (max-width: 1052px) 100vw, 1052px\" \/><\/h3>\n<p><span style=\"font-weight: 400;\">Binance pakub erinevaid viise hoiustamise l\u00f5puleviimiseks ja tavaliselt on olemas m\u00f5ned soovituslikud meetodid. Tasu \u00fcksikasju n\u00e4ete iga v\u00f5imaluse all.<\/span><\/p>\n<p><span style=\"font-weight: 400;\">Nagu n\u00e4ete, saate teha SEPA- v\u00f5i internetipanga\u00fclekandeid v\u00f5i lisada pangakaardi, et osta platvormil kr\u00fcpto.<\/span><\/p>\n<p><span style=\"font-weight: 400;\">Kui valite \"Muud meetodid\", saate luua \u00fchenduse kolmandate osapoolte rakendustega, nagu Banxa v\u00f5i Simplex. Binance toetab ka Google Pay ja Apple Pay oste.<\/span><\/p>\n<p><span style=\"font-weight: 400;\">\u00a0Valige oma eelistatud sissemakse meetod ja kl\u00f5psake nuppu \"J\u00e4tka\". Teid v\u00f5idakse suunata oma pangakontole v\u00f5i internetipanga teenusepakkujale. J\u00e4rgige ekraanil kuvatavaid juhiseid, et l\u00f5petada hoiustamine.<\/span><\/p>\n<h3><span class=\"ez-toc-section\" id=\"4_Navigate_to_the_Relevant_Screen_to_Buy\"><\/span><span style=\"font-weight: 400;\">4. Navigeerige ostmiseks vastavale ekraanile<\/span><span class=\"ez-toc-section-end\"><\/span><\/h3>\n<p><span style=\"font-weight: 400;\">Kui olete lisanud makseviisi v\u00f5i teinud sissemakse, olete valmis ostma Ethereum. Kl\u00f5psake p\u00f5hiekraanil nupule \"Osta kr\u00fcpto\".<\/span><\/p>\n<p><span style=\"font-weight: 400;\">\"Osta kr\u00fcpto\" lehel on v\u00e4ga lihtne navigeerida: Valige veerus \"Kulutada\" valuuta, mida soovite kulutada, ja sisestage summa.<\/span><\/p>\n<p><img loading=\"lazy\" decoding=\"async\" class=\"alignnone wp-image-3249 size-full\" src=\"https:\/\/coinkickoff.com\/wp-content\/uploads\/binance-buy-sell-crypto.png\" alt=\"\" width=\"1056\" height=\"642\" srcset=\"https:\/\/coinkickoff.com\/wp-content\/uploads\/binance-buy-sell-crypto.png 1056w, https:\/\/coinkickoff.com\/wp-content\/uploads\/binance-buy-sell-crypto-300x182.png 300w, https:\/\/coinkickoff.com\/wp-content\/uploads\/binance-buy-sell-crypto-1024x623.png 1024w, https:\/\/coinkickoff.com\/wp-content\/uploads\/binance-buy-sell-crypto-768x467.png 768w, https:\/\/coinkickoff.com\/wp-content\/uploads\/binance-buy-sell-crypto-18x12.png 18w\" sizes=\"auto, (max-width: 1056px) 100vw, 1056px\" \/><\/p>\n<p><span style=\"font-weight: 400;\">Seadistage vastuv\u00f5tusammas v\u00e4\u00e4rtuseks ETH. Siin n\u00e4ete, kui palju eetrit saate oma raha eest.<\/span><\/p>\n<p><img loading=\"lazy\" decoding=\"async\" class=\"alignnone wp-image-3250 size-full\" src=\"https:\/\/coinkickoff.com\/wp-content\/uploads\/binance-buy-sell-crypto-2.png\" alt=\"\" width=\"1079\" height=\"634\" srcset=\"https:\/\/coinkickoff.com\/wp-content\/uploads\/binance-buy-sell-crypto-2.png 1079w, https:\/\/coinkickoff.com\/wp-content\/uploads\/binance-buy-sell-crypto-2-300x176.png 300w, https:\/\/coinkickoff.com\/wp-content\/uploads\/binance-buy-sell-crypto-2-1024x602.png 1024w, https:\/\/coinkickoff.com\/wp-content\/uploads\/binance-buy-sell-crypto-2-768x451.png 768w, https:\/\/coinkickoff.com\/wp-content\/uploads\/binance-buy-sell-crypto-2-18x12.png 18w\" sizes=\"auto, (max-width: 1079px) 100vw, 1079px\" \/><\/p>\n<p><span style=\"font-weight: 400;\">N\u00fc\u00fcd minge edasi ja kl\u00f5psake \"Osta ETH\". J\u00e4rgmisel lehel saate valida oma makseviisi ja n\u00e4ha tellimuse \u00fcksikasju, sealhulgas v\u00f5imalikke tasusid.<\/span><\/p>\n<p><img loading=\"lazy\" decoding=\"async\" class=\"alignnone wp-image-3252 size-full\" src=\"https:\/\/coinkickoff.com\/wp-content\/uploads\/binance-crypto-buy-sell-5.png\" alt=\"Kuidas osta Bitcoin kohta Binance\" width=\"1047\" height=\"640\" srcset=\"https:\/\/coinkickoff.com\/wp-content\/uploads\/binance-crypto-buy-sell-5.png 1047w, https:\/\/coinkickoff.com\/wp-content\/uploads\/binance-crypto-buy-sell-5-300x183.png 300w, https:\/\/coinkickoff.com\/wp-content\/uploads\/binance-crypto-buy-sell-5-1024x626.png 1024w, https:\/\/coinkickoff.com\/wp-content\/uploads\/binance-crypto-buy-sell-5-768x469.png 768w, https:\/\/coinkickoff.com\/wp-content\/uploads\/binance-crypto-buy-sell-5-18x12.png 18w\" sizes=\"auto, (max-width: 1047px) 100vw, 1047px\" \/><\/p>\n<p><span style=\"font-weight: 400;\">See on k\u00f5ik! Loodetavasti aitasime teil \u00f5ppida, kuidas osta Ethereum kohta Binance. V\u00f5ite vaadata ka meie juhendeid <a href=\"https:\/\/coinkickoff.com\/et\/how-to-buy-ethereum\/\">kuidas osta Ethereum<\/a> muudel b\u00f6rsidel.<\/span><\/p>","protected":false},"excerpt":{"rendered":"<p>Kuidas osta Ethereum kohta Binance Binance on maailma suurim kr\u00fcptovaluutavahetus kauplemismahu j\u00e4rgi ja seda kasutavad miljonid inimesed \u00fcle maailma, et osta populaarseid kr\u00fcptovarasid nagu Bitcoin ja Ethereum. Selles juhendis selgitame, kuidas osta Ethereum Binance-s Binance-s samm-sammult. Kui olete USAs asuv kasutaja, palun [...]<\/p>","protected":false},"author":3,"featured_media":0,"parent":3937,"menu_order":0,"comment_status":"closed","ping_status":"closed","template":"","meta":{"_genesis_hide_title":false,"_genesis_hide_breadcrumbs":false,"_genesis_hide_singular_image":false,"_genesis_hide_footer_widgets":false,"_genesis_custom_body_class":"","_genesis_custom_post_class":"","_genesis_layout":"","_glsr_average":0,"_glsr_ranking":0,"_glsr_reviews":0,"footnotes":""},"class_list":{"0":"post-3951","1":"page","2":"type-page","3":"status-publish","5":"entry"},"featured_image_src":null,"featured_image_src_square":null,"_links":{"self":[{"href":"https:\/\/coinkickoff.com\/et\/wp-json\/wp\/v2\/pages\/3951","targetHints":{"allow":["GET"]}}],"collection":[{"href":"https:\/\/coinkickoff.com\/et\/wp-json\/wp\/v2\/pages"}],"about":[{"href":"https:\/\/coinkickoff.com\/et\/wp-json\/wp\/v2\/types\/page"}],"author":[{"embeddable":true,"href":"https:\/\/coinkickoff.com\/et\/wp-json\/wp\/v2\/users\/3"}],"replies":[{"embeddable":true,"href":"https:\/\/coinkickoff.com\/et\/wp-json\/wp\/v2\/comments?post=3951"}],"version-history":[{"count":1,"href":"https:\/\/coinkickoff.com\/et\/wp-json\/wp\/v2\/pages\/3951\/revisions"}],"predecessor-version":[{"id":3953,"href":"https:\/\/coinkickoff.com\/et\/wp-json\/wp\/v2\/pages\/3951\/revisions\/3953"}],"up":[{"embeddable":true,"href":"https:\/\/coinkickoff.com\/et\/wp-json\/wp\/v2\/pages\/3937"}],"wp:attachment":[{"href":"https:\/\/coinkickoff.com\/et\/wp-json\/wp\/v2\/media?parent=3951"}],"curies":[{"name":"wp","href":"https:\/\/api.w.org\/{rel}","templated":true}]}}