{"id":3885,"date":"2026-01-08T14:07:52","date_gmt":"2026-01-08T14:07:52","guid":{"rendered":"https:\/\/coinkickoff.com\/?page_id=3885"},"modified":"2026-01-08T14:07:52","modified_gmt":"2026-01-08T14:07:52","slug":"how-to-buy-bitcoin","status":"publish","type":"page","link":"https:\/\/coinkickoff.com\/et\/how-to-buy-bitcoin\/","title":{"rendered":"Kuidas osta Bitcoin (BTC)"},"content":{"rendered":"<div id=\"ez-toc-container\" class=\"ez-toc-v2_0_80 counter-hierarchy ez-toc-counter ez-toc-transparent ez-toc-container-direction\">\n<div class=\"ez-toc-title-container\">\n<p class=\"ez-toc-title\" style=\"cursor:inherit\">Jaotised<\/p>\n<span class=\"ez-toc-title-toggle\"><a href=\"#\" class=\"ez-toc-pull-right ez-toc-btn ez-toc-btn-xs ez-toc-btn-default ez-toc-toggle\" aria-label=\"Sisukorra vaheldumine\"><span class=\"ez-toc-js-icon-con\"><span class=\"\"><span class=\"eztoc-hide\" style=\"display:none;\">Toggle<\/span><span class=\"ez-toc-icon-toggle-span\"><svg style=\"fill: #999;color:#999\" xmlns=\"http:\/\/www.w3.org\/2000\/svg\" class=\"list-377408\" width=\"20px\" height=\"20px\" viewbox=\"0 0 24 24\" fill=\"none\"><path d=\"M6 6H4v2h2V6zm14 0H8v2h12V6zM4 11h2v2H4v-2zm16 0H8v2h12v-2zM4 16h2v2H4v-2zm16 0H8v2h12v-2z\" fill=\"currentColor\"><\/path><\/svg><svg style=\"fill: #999;color:#999\" class=\"arrow-unsorted-368013\" xmlns=\"http:\/\/www.w3.org\/2000\/svg\" width=\"10px\" height=\"10px\" viewbox=\"0 0 24 24\" version=\"1.2\" baseprofile=\"tiny\"><path d=\"M18.2 9.3l-6.2-6.3-6.2 6.3c-.2.2-.3.4-.3.7s.1.5.3.7c.2.2.4.3.7.3h11c.3 0 .5-.1.7-.3.2-.2.3-.5.3-.7s-.1-.5-.3-.7zM5.8 14.7l6.2 6.3 6.2-6.3c.2-.2.3-.5.3-.7s-.1-.5-.3-.7c-.2-.2-.4-.3-.7-.3h-11c-.3 0-.5.1-.7.3-.2.2-.3.5-.3.7s.1.5.3.7z\"\/><\/svg><\/span><\/span><\/span><\/a><\/span><\/div>\n<nav><ul class='ez-toc-list ez-toc-list-level-1 eztoc-toggle-hide-by-default' ><li class='ez-toc-page-1 ez-toc-heading-level-2'><a class=\"ez-toc-link ez-toc-heading-1\" href=\"https:\/\/coinkickoff.com\/et\/how-to-buy-bitcoin\/#How_to_Buy_Bitcoin\" >Kuidas osta Bitcoin\u00a0<\/a><\/li><li class='ez-toc-page-1 ez-toc-heading-level-2'><a class=\"ez-toc-link ez-toc-heading-2\" href=\"https:\/\/coinkickoff.com\/et\/how-to-buy-bitcoin\/#What_Is_Bitcoin\" >Mis on Bitcoin?<\/a><\/li><li class='ez-toc-page-1 ez-toc-heading-level-2'><a class=\"ez-toc-link ez-toc-heading-3\" href=\"https:\/\/coinkickoff.com\/et\/how-to-buy-bitcoin\/#Where_Can_I_Buy_Bitcoin\" >Kust saab osta Bitcoin?<\/a><\/li><li class='ez-toc-page-1 ez-toc-heading-level-2'><a class=\"ez-toc-link ez-toc-heading-4\" href=\"https:\/\/coinkickoff.com\/et\/how-to-buy-bitcoin\/#How_to_Buy_Bitcoin-2\" >Kuidas osta Bitcoin<\/a><ul class='ez-toc-list-level-3' ><li class='ez-toc-heading-level-3'><a class=\"ez-toc-link ez-toc-heading-5\" href=\"https:\/\/coinkickoff.com\/et\/how-to-buy-bitcoin\/#Deciding_on_an_Exchange\" >Vahetuse \u00fcle otsustamine<\/a><\/li><li class='ez-toc-page-1 ez-toc-heading-level-3'><a class=\"ez-toc-link ez-toc-heading-6\" href=\"https:\/\/coinkickoff.com\/et\/how-to-buy-bitcoin\/#Buying_Bitcoin\" >Bitcoin ostmine<\/a><\/li><li class='ez-toc-page-1 ez-toc-heading-level-3'><a class=\"ez-toc-link ez-toc-heading-7\" href=\"https:\/\/coinkickoff.com\/et\/how-to-buy-bitcoin\/#Where_to_Store_Bitcoin\" >Kus hoida Bitcoin<\/a><\/li><li class='ez-toc-page-1 ez-toc-heading-level-3'><a class=\"ez-toc-link ez-toc-heading-8\" href=\"https:\/\/coinkickoff.com\/et\/how-to-buy-bitcoin\/#BTC_Hard_Wallets\" >BTC K\u00f5va rahakott<\/a><ul class='ez-toc-list-level-4' ><li class='ez-toc-heading-level-4'><a class=\"ez-toc-link ez-toc-heading-9\" href=\"https:\/\/coinkickoff.com\/et\/how-to-buy-bitcoin\/#Exchange_Wallet\" >Vahetuse rahakott<\/a><\/li><li class='ez-toc-page-1 ez-toc-heading-level-4'><a class=\"ez-toc-link ez-toc-heading-10\" href=\"https:\/\/coinkickoff.com\/et\/how-to-buy-bitcoin\/#Self-Custody_Hot_Wallets\" >Iseteeninduskuumad rahakotid<\/a><\/li><\/ul><\/li><\/ul><\/li><\/ul><\/nav><\/div>\n<h2><span class=\"ez-toc-section\" id=\"How_to_Buy_Bitcoin\"><\/span><span style=\"font-weight: 400;\">Kuidas osta Bitcoin\u00a0<\/span><span class=\"ez-toc-section-end\"><\/span><\/h2>\n<p><span style=\"font-weight: 400;\">Nii et sa tahad sukelduda oma varbad kr\u00fcptoturul ja osta <a href=\"https:\/\/coinkickoff.com\/et\/bitcoin-btc\/\">Bitcoin<\/a>! Olete \u00f5iges kohas. Selles artiklis selgitame l\u00fchidalt, mida <a href=\"https:\/\/coinkickoff.com\/et\/bitcoin-btc\/\" data-internallinksmanager029f6b8e52c=\"1\" title=\"Mis on Bitcoin (BTC)? Hind, ajalugu ja kust osta\">Bitcoin<\/a> on, kuidas see toimib ja kust saab nn digitaalset kulda osta.<\/span><\/p>\n<h2><span class=\"ez-toc-section\" id=\"What_Is_Bitcoin\"><\/span><span style=\"font-weight: 400;\">Mis on Bitcoin?<\/span><span class=\"ez-toc-section-end\"><\/span><\/h2>\n<p><span style=\"font-weight: 400;\">Kui te ei ole kogu viimase k\u00fcmnendi jooksul maganud, siis t\u00f5en\u00e4oliselt teate juba Bitcoin-st. See on OG kr\u00fcptoraha, GOAT, see, millega k\u00f5ik algas. P\u00e4rast seda, kui \u00fcks pseudon\u00fc\u00fcmne programmeerija k\u00e4ivitas selle 2009. aastal, levis Bitcoin paar aastat \u00fche nohiku keldrist teise juurde, kuni \u00fchel p\u00e4eval andis see l\u00f5puks teed tohutule kr\u00fcptolaine, mis raputas maailma majandust.\u00a0\u00a0<\/span><\/p>\n<p><span style=\"font-weight: 400;\">Kuid Bitcoin ei ole lihtsalt esimene kr\u00fcptovaluuta maailmas. Vaatamata tuhandetele teistele digitaalsetele varadele, mis sellele j\u00e4rgnesid, on see endiselt k\u00f5ige v\u00e4\u00e4rtuslikum kr\u00fcptovaluuta coin, mis on olemas.<\/span><\/p>\n<p><span style=\"font-weight: 400;\">Bitcoin on v\u00e4\u00e4rtuslik mitmel p\u00f5hjusel: selle pakkumine on piiratud ja selle likviidsus on hea, nii et seda saab kasutada koheseks v\u00e4\u00e4rtuse \u00fclekandmiseks. Paljud inimesed peavad seda pikaajaliseks investeeringuks, kuna selle v\u00e4\u00e4rtus on alates selle turuletulekust t\u00f5usnud pennidelt tuhandetele dollaritele. Kuna seda kasutavad ja kaevandavad paljud inimesed, on see suhteliselt turvalisem v\u00f5rreldes oma kolleegidega, mis on h\u00e4kkimiskatsete suhtes v\u00e4hem vastupidavamad.<\/span><\/p>\n<p><span style=\"font-weight: 400;\">Loomulikult on ka negatiivseid k\u00fclgi. Tegemist on volatiilse varaga ja m\u00f5ned on v\u00e4itnud, et selle h\u00fcppeline hinnat\u00f5us on tingitud turumanipulaatorite poolt. See on aeglasem makseviis v\u00f5rreldes teiste traditsiooniliste ja kr\u00fcptoalternatiividega ning BTC liigutamine v\u00f5ib olla \u00fcsna kallis. On ka asjaolu, et <\/span><a href=\"https:\/\/www.ecb.europa.eu\/pub\/financial-stability\/macroprudential-bulletin\/html\/ecb.mpbu202207_3~d9614ea8e6.en.html\" target=\"_blank\" rel=\"noopener\"><span style=\"font-weight: 400;\">Bitcoin kaevandamine kujutab endast t\u00f5sist ohtu<\/span><\/a><span style=\"font-weight: 400;\"> meie juba <\/span><a href=\"https:\/\/www.theguardian.com\/technology\/2023\/apr\/26\/bitcoin-mining-climate-crisis-environmental-impact\" target=\"_blank\" rel=\"noopener\"><span style=\"font-weight: 400;\">habras kliima<\/span><\/a><span style=\"font-weight: 400;\">.<\/span><\/p>\n<p><span style=\"font-weight: 400;\">Lihtsustatult \u00f6eldes on Bitcoin kihlvedu. Pooldajad arvavad, et see v\u00f5ib olla tuleviku kuld, samas kui teised arvavad, et see kaob aja jooksul. Kuid praegu on see \u00fcks suurimaid kr\u00fcptoturge maailmas.\u00a0<\/span><\/p>\n<h2><span class=\"ez-toc-section\" id=\"Where_Can_I_Buy_Bitcoin\"><\/span><span style=\"font-weight: 400;\">Kust saab osta Bitcoin?<\/span><span class=\"ez-toc-section-end\"><\/span><\/h2>\n<p><span style=\"font-weight: 400;\">Bitcoin saab osta mitmest kohast ja m\u00fc\u00fcjalt. Kuigi <a href=\"https:\/\/coinkickoff.com\/et\/crypto-exchanges\/\" data-internallinksmanager029f6b8e52c=\"141\" title=\"21 Parimad kr\u00fcptovaluuta vahetused ja rakendused aastal 2024\">kr\u00fcptoraha vahetused<\/a> on Bitcoin esmased turud, saate selle ostmiseks kasutada ka makserakendusi nagu PayPal v\u00f5i finantsinvesteeringute rakendusi nagu Robinhood v\u00f5i eToro. Kuna Bitcoin on nii populaarne, on enamik peavoolu finantsrakendusi hakanud oma pakkumistesse lisama BTC.<\/span><\/p>\n<p><span style=\"font-weight: 400;\">Loomulikult on nii paljude v\u00f5imaluste juures raske teada, millest alustada. Kr\u00fcptoraha b\u00f6rsid pakuvad tavaliselt parimaid hindu ja tasusid: V\u00f5ite avada tasuta konto mis tahes kr\u00fcptovahetuses ja osta BTC vastu USD, EUR v\u00f5i mis tahes muu fiat-valuuta.\u00a0<\/span><\/p>\n<p><span style=\"font-weight: 400;\">Viimastel aastatel on enamik kr\u00fcptovahetusi rakendanud lihtsa ostu vidinaid, et tagada sujuv kasutajakogemus, nii et sa ei pea BTC-sse investeerimiseks \u00f5ppima hulga uusi asju. N\u00e4iteks, <\/span><a href=\"https:\/\/coinkickoff.com\/et\/coinbase-review\/\"><span style=\"font-weight: 400;\">Coinbase<\/span><\/a><span style=\"font-weight: 400;\">, <\/span><a href=\"https:\/\/coinkickoff.com\/et\/binance-review\/\"><span style=\"font-weight: 400;\">Binance<\/span><\/a><span style=\"font-weight: 400;\">, <\/span><a href=\"https:\/\/coinkickoff.com\/et\/kraken-review\/\"><span style=\"font-weight: 400;\">Kraken<\/span><\/a><span style=\"font-weight: 400;\">, ja Gemini on k\u00f5ik kr\u00fcptob\u00f6rsid.<\/span><\/p>\n<p><span style=\"font-weight: 400;\">Kui te juba kasutate finantsinvesteeringute rakendust nagu <\/span><a href=\"https:\/\/coinkickoff.com\/et\/etoro-review\/\"><span style=\"font-weight: 400;\">eToro<\/span><\/a><span style=\"font-weight: 400;\"> v\u00f5i Robinhood v\u00f5i teie internetipanga rakendus pakub BTC nagu <\/span><a href=\"https:\/\/coinkickoff.com\/et\/revolut-review\/\"><span style=\"font-weight: 400;\">Revolut<\/span><\/a><span style=\"font-weight: 400;\">, saate sealt osta ka BTC. Kuid need teenusepakkujad v\u00f5tavad tavaliselt k\u00f5rgemat tasu kui tavalised b\u00f6rsid, m\u00fc\u00fcvad BTC k\u00f5rgemate hindadega ja pakuvad piiratud kauplemisv\u00f5imalusi. Need v\u00f5ivad olla hea valik, kui soovite osta BTC ja hoida seda aastaid ilma sellega midagi tegemata.<\/span><\/p>\n<p><span style=\"font-weight: 400;\">Saate osta Bitcoin ka detsentraliseeritud b\u00f6rsidel. Need on turuplatsid, kus saab vahetada ja kaubelda kr\u00fcptovaluutadega. Need ei ole aga hea l\u00e4htekoht, sest nendelt b\u00f6rsidelt ei saa kr\u00fcptot osta fiat-raha eest. Sa pead k\u00f5igepealt ostma kr\u00fcptovaluuta tsentraliseeritud b\u00f6rsilt ja seej\u00e4rel kauplema nendega BTC vastu detsentraliseeritud rakendustes, nagu n\u00e4iteks <\/span><a href=\"https:\/\/www.sushi.com\/\" target=\"_blank\" rel=\"noopener\"><span style=\"font-weight: 400;\">SushiSwap<\/span><\/a><span style=\"font-weight: 400;\"> v\u00f5i <\/span><a href=\"https:\/\/uniswap.org\/\" target=\"_blank\" rel=\"noopener\"><span style=\"font-weight: 400;\">Uniswap<\/span><\/a><span style=\"font-weight: 400;\">.<\/span><\/p>\n<h2><span class=\"ez-toc-section\" id=\"How_to_Buy_Bitcoin-2\"><\/span><span style=\"font-weight: 400;\">Kuidas osta Bitcoin<\/span><span class=\"ez-toc-section-end\"><\/span><\/h2>\n<p><span style=\"font-weight: 400;\">Nagu eespool \u00f6eldud, on Bitcoin ostmine muutunud viimastel aastatel v\u00e4ga lihtsaks. Sa ei pea omama mingeid tehnilisi teadmisi, et hankida endale BTC. Tavaliselt on see sama lihtne kui kr\u00fcptovaluuta vahetuskonto avamine ja kl\u00f5psamine BUY.<\/span><\/p>\n<p><span style=\"font-weight: 400;\">Siiski on hea m\u00f5te v\u00e4hemalt m\u00f5ista, mis on BTC ja kuidas see p\u00f5him\u00f5tteliselt toimib, enne kui te tegelikult BTC-le palju raha kulutate ja \u00f5pite, kuidas oma raha turvaliselt hoida.<\/span><\/p>\n<p><span style=\"font-weight: 400;\">Te peate m\u00f5istma, et usaldus ja turvalisus on kr\u00fcptom\u00e4ngus k\u00f5ik, ja et turvalisus on kr\u00fcptosektoris mitmetahuline m\u00f5iste: Kui p\u00fc\u00fcate osta coins mitteusaldusv\u00e4\u00e4rselt b\u00f6rsilt, v\u00f5ite oma raha kaotada. Kui teie rahakott ei ole turvaline, v\u00f5idakse teie coins varastada. Kui investeerite pettuse projekti, v\u00f5ite kaotada k\u00f5ik.<\/span><\/p>\n<p><span style=\"font-weight: 400;\">Hea uudis on see, et Bitcoin puhul ei pea te selle viimase p\u00e4rast muretsema: praegu on v\u00e4ga ebat\u00f5en\u00e4oline, et Bitcoin on pettus: Kui Satoshi Nakamoto (pseudon\u00fc\u00fcmne asutaja) plaaniks vaiba t\u00f5mbamist, oleks ta seda t\u00f5en\u00e4oliselt juba teinud.\u00a0<\/span><\/p>\n<p><span style=\"font-weight: 400;\">Kuid kaks \u00fclej\u00e4\u00e4nud hoiatust j\u00e4\u00e4vad kehtima: Bitcoin ostmiseks peate valima usaldusv\u00e4\u00e4rse vahetuskoha ja seej\u00e4rel peate otsustama turvalise ladustamismeetodi kasuks.<\/span><\/p>\n<p><span style=\"font-weight: 400;\">Vaadakem neid samme l\u00e4hemalt.<\/span><\/p>\n<h3><span class=\"ez-toc-section\" id=\"Deciding_on_an_Exchange\"><\/span><span style=\"font-weight: 400;\">Vahetuse \u00fcle otsustamine<\/span><span class=\"ez-toc-section-end\"><\/span><\/h3>\n<p><span style=\"font-weight: 400;\">Vahetuse \u00fcle otsustamine ei ole lihtne. Internetis on sadu kr\u00fcptovahetusi, millest enamik on t\u00e4is petuskeeme. Isegi parematel b\u00f6rsidel on teadaolevalt probleeme: m\u00f5nel on k\u00f5rged tasud, teised h\u00e4kitakse ja kaotavad teie raha ning m\u00f5ned teised l\u00e4hevad pankrotti, viies teie raha kaasa.<\/span><\/p>\n<p><span style=\"font-weight: 400;\">Seega on v\u00e4ga oluline valida usaldusv\u00e4\u00e4rne vahetuskoht, kui ostate BTC. Soovitame teil vaadata meie \u00fclevaated <\/span><a href=\"https:\/\/coinkickoff.com\/et\/crypto-exchanges\/\"><span style=\"font-weight: 400;\">parimad 22 kr\u00fcptovahetust<\/span><\/a><span style=\"font-weight: 400;\"> turul enne otsustamist. \u00dcksikasjalikumaid \u00fclevaateid ja v\u00f5rdlusi leiate ka meie blogist.<\/span><\/p>\n<p><span style=\"font-weight: 400;\">Algajatel, eriti kui nad asuvad USAs, soovitatakse sageli alustada aadressil <a href=\"https:\/\/coinkickoff.com\/et\/coinbase-review\/\" data-internallinksmanager029f6b8e52c=\"142\" title=\"Coinbase Arvamused 2024: Omadused, tasud, turvalisus, plussid ja miinused\">Coinbase<\/a>. See on USA-s asuv reguleeritud b\u00f6rs, mis tegutseb juba \u00fcle k\u00fcmne aasta. Kui te olete rahvusvaheline, <a href=\"https:\/\/coinkickoff.com\/et\/binance-review\/\" data-internallinksmanager029f6b8e52c=\"152\" title=\"Binance Arvamused 2024: Omadused, tasud, turvalisus, plussid ja miinused\">Binance<\/a> on teine populaarne alternatiiv. Hoolimata ettev\u00f5tte probleemidest ametiasutustega, ei ole teil raskusi kr\u00fcpto ostmisega Binance-s.<\/span><\/p>\n<h3><span class=\"ez-toc-section\" id=\"Buying_Bitcoin\"><\/span><span style=\"font-weight: 400;\">Bitcoin ostmine<\/span><span class=\"ez-toc-section-end\"><\/span><\/h3>\n<p><span style=\"font-weight: 400;\">Kas olete otsustanud vahetuse kasuks? Suurep\u00e4rane! N\u00fc\u00fcd on vaja vaid avada konto ja otsustada makseviisi \u00fcle.\u00a0<\/span><\/p>\n<p><img loading=\"lazy\" decoding=\"async\" class=\"alignnone wp-image-3252 size-full\" src=\"https:\/\/coinkickoff.com\/wp-content\/uploads\/binance-crypto-buy-sell-5.png\" alt=\"Kuidas osta Bitcoin binance\" width=\"1047\" height=\"640\" srcset=\"https:\/\/coinkickoff.com\/wp-content\/uploads\/binance-crypto-buy-sell-5.png 1047w, https:\/\/coinkickoff.com\/wp-content\/uploads\/binance-crypto-buy-sell-5-300x183.png 300w, https:\/\/coinkickoff.com\/wp-content\/uploads\/binance-crypto-buy-sell-5-1024x626.png 1024w, https:\/\/coinkickoff.com\/wp-content\/uploads\/binance-crypto-buy-sell-5-768x469.png 768w, https:\/\/coinkickoff.com\/wp-content\/uploads\/binance-crypto-buy-sell-5-18x12.png 18w\" sizes=\"auto, (max-width: 1047px) 100vw, 1047px\" \/><\/p>\n<p><span style=\"font-weight: 400;\">Nagu me \u00fctlesime, on enamus b\u00f6rsidel v\u00e4ga lihtne osta Bitcoin. Saate tavaliselt lihtsalt kl\u00f5psata \"Buy Crypto\", et p\u00e4\u00e4seda lihtsasse ostu-m\u00fc\u00fcgi liidesesse. Need b\u00f6rsid teevad koost\u00f6\u00f6d kolmandate osapoolte maksevahendajatega, et v\u00f5imaldada teil osta BTC ja muid digitaalseid varasid oma krediitkaardi, pangakonto v\u00f5i muude v\u00f5imalustega, nagu Apple Pay ja Google Pay.<\/span><\/p>\n<p><span style=\"font-weight: 400;\">Samuti saate oma vahetuskontole raha sisse maksta internetipanga kaudu. Kui olete raha hoiustanud, on teil ka v\u00f5imalus osta BTC b\u00f6rsil kaubandusturul. Seal on tavaliselt v\u00e4hem tasusid ja hinnad on paremad. Lisateavet saate meie juhenditest selle kohta, kuidas osta Bitcoin erinevatel b\u00f6rsidel.<\/span><\/p>\n<p><span style=\"font-weight: 400;\">Teine oluline samm on otsustada, kui palju te kulutate BTC-le. Bitcoin on jagatav vara, nii et kuigi 1 BTC on tuhandeid dollareid v\u00e4\u00e4rt, v\u00f5ite alati osta n\u00e4iteks 20 USD v\u00e4\u00e4rtuses BTC. Tehniliselt v\u00f5ite osta BTC ka 1 USD eest, kuid kr\u00fcptob\u00f6rsidel on tavaliselt 20 USD miinimumpiirang.\u00a0<\/span><\/p>\n<h3><span class=\"ez-toc-section\" id=\"Where_to_Store_Bitcoin\"><\/span><span style=\"font-weight: 400;\">Kus hoida Bitcoin<\/span><span class=\"ez-toc-section-end\"><\/span><\/h3>\n<p><span style=\"font-weight: 400;\">S\u00e4ilitamine on ehk k\u00f5ige olulisem aspekt Bitcoin omamise juures: Kui te ei hoia oma BTC-d turvalises rahakotis, v\u00f5ite oma rahalistele vahenditele h\u00fcvasti j\u00e4tta.\u00a0<\/span><\/p>\n<p><span style=\"font-weight: 400;\">Loomulikult on rahakotid ja ladustamine s\u00fcmboolsed viisid BTC operatsioonide kirjeldamiseks. Te juba teate, et Bitcoin ei ole f\u00fc\u00fcsiline vara. See on digitaalne vara.\u00a0<\/span><\/p>\n<p><span style=\"font-weight: 400;\">Kuid erinevalt sellest, mida enamik inimesi ette kujutab, ei ole see nagu fail, mille saadate \u00fchest arvutist teise. Te ei salvesta BTC tegelikult rahakotis. Bitcoin ei salvestata isegi mitte rangelt; seda lihtsalt hallatakse.<\/span><\/p>\n<p><span style=\"font-weight: 400;\">Lihtsustatult \u00f6eldes on Bitcoin hiiglaslik, kr\u00fcptograafiliselt turvatud <a href=\"https:\/\/coinkickoff.com\/et\/what-is-ledger-wallet\/\" data-internallinksmanager029f6b8e52c=\"167\" title=\"Ledger Wallet Arvamused 2023: Tasud, omadused, turvalisus, plussid ja miinused\">pearaamat<\/a>. Kui loote Bitcoin rahakoti, lisate sellele pearaamatule veel \u00fche konto. Rahakoti v\u00f5ti (m\u00f5elge sellele kui paroolile) tagab, et teie kontrolliksite kontot ja keegi teine ei saa pearaamatut teie nimel kohandada.\u00a0<\/span><\/p>\n<p><span style=\"font-weight: 400;\">Seega ei salvesta te tegelikult BTC rahakotis; rahakott on p\u00f5him\u00f5tteliselt tarkvara, mis v\u00f5imaldab juurdep\u00e4\u00e4su Bitcoin pearaamatule ja selle haldamist. Rahakott hoiab turvaliselt teie Bitcoin-aadressi ja -v\u00f5tit.<\/span><\/p>\n<p><span style=\"font-weight: 400;\">Sellep\u00e4rast kordavad Bitcoin entusiastid interneti teadetetahvlitel pidevalt \"Mitte sinu v\u00f5tmed, mitte sinu coins\". Kui te ei hoia oma rahakoti v\u00f5tit turvaliselt, v\u00f5ib iga\u00fcks, kellel on \u00f5ige v\u00f5ti, liigutada raha teie kontolt kellegi teise kontole ja keegi ei saa selle vastu midagi ette v\u00f5tta.<\/span><\/p>\n<p><span style=\"font-weight: 400;\">Kuid ka oma v\u00f5tmete hoidmine on koormav. Kes suudab t\u00e4nap\u00e4eval, mil internetipiraatlus on levinud, hoida elut\u00e4htsat teavet t\u00e4iesti turvaliselt? Siinkohal tulevadki m\u00e4ngu erinevad rahakoti v\u00f5imalused.<\/span><\/p>\n<h3><span class=\"ez-toc-section\" id=\"BTC_Hard_Wallets\"><\/span><span style=\"font-weight: 400;\">BTC K\u00f5va rahakott<\/span><span class=\"ez-toc-section-end\"><\/span><\/h3>\n<p><span style=\"font-weight: 400;\">K\u00f5va rahakott on vaieldamatult k\u00f5ige turvalisem viis oma Bitcoin hoidmiseks. Need on USB-taolised seadmed, mis kannavad endas rahakoti tarkvara. Kuna need on internetist lahti \u00fchendatud, on teie v\u00f5tmed h\u00e4kkerite ahnete k\u00e4te eest kaitstud.\u00a0<\/span><\/p>\n<p><span style=\"font-weight: 400;\">Kriitikud \u00fctlevad, et k\u00f5va rahakott v\u00f5ib olla valesti paigutatud v\u00f5i varastatud. Kuid sellisteks olukordadeks on olemas lahendused: enamik k\u00f5vasid rahakotte on PIN-koodiga kaitstud ja kui loote varuparooli, saate oma rahalistele vahenditele ikkagi ligi.<\/span><\/p>\n<p><span style=\"font-weight: 400;\">K\u00f5va rahakoti probleem on see, et see on kallis: Enamik vahetusi pakub tasuta rahakotte ja seal on mitmeid tasuta tarkvara rahakoti v\u00f5imalusi, samas kui need beebid v\u00f5ivad maksta kuskil 60 kuni 200 USD.<\/span><\/p>\n<p><span style=\"font-weight: 400;\">Kui olete juhuslik kaupleja v\u00f5i kavatsete osta 20 USD BTC lihtsalt proovimiseks, v\u00f5ib investeerimine k\u00f5vasse rahakotti olla liigne. Kui see on nii, siis on teil t\u00f5en\u00e4oliselt parem kasutada b\u00f6rsilukku.\u00a0<\/span><\/p>\n<p><span style=\"font-weight: 400;\">Kui aga otsustate osta veel Bitcoin v\u00f5i investeerida kr\u00fcptodesse paarsada dollarit, siis tasub osta k\u00f5va rahakott, et oma raha kindlustada. Soovitame teil tutvuda <\/span><a href=\"https:\/\/trezor.io\/\" target=\"_blank\" rel=\"noopener\"><span style=\"font-weight: 400;\">Trezor<\/span><\/a><span style=\"font-weight: 400;\"> ja <\/span><a href=\"https:\/\/www.ledger.com\/\" target=\"_blank\" rel=\"noopener\"><span style=\"font-weight: 400;\">Pealkiri<\/span><\/a><span style=\"font-weight: 400;\"> k\u00f5vad rahakotid. M\u00f5lemad ettev\u00f5tted pakuvad hea alghinnaga baasmudeleid.<\/span><\/p>\n<h4><span class=\"ez-toc-section\" id=\"Exchange_Wallet\"><\/span><span style=\"font-weight: 400;\">Vahetuse rahakott<\/span><span class=\"ez-toc-section-end\"><\/span><\/h4>\n<p><span style=\"font-weight: 400;\">See on k\u00f5ige tavalisem v\u00f5imalus paljude kauplejate jaoks: Kr\u00fcptovahetused haldavad oma rahakotte, kus nad hoiavad teie Bitcoin teie nimel. Neid tuntakse ka kui hoiustatavaid rahakotte.<\/span><\/p>\n<p><span style=\"font-weight: 400;\">Oletame n\u00e4iteks, et avasite Binance konto ja ostsite Bitcoin. Teie BTC kantakse automaatselt teie Bitcoin rahakotti Binance. Seej\u00e4rel saate oma coins-ga kaubelda Binance turul, kanda oma raha teisele b\u00f6rsile v\u00f5i rahakotile v\u00f5i m\u00fc\u00fca ja oma tulu v\u00e4lja v\u00f5tta.\u00a0<\/span><\/p>\n<p><span style=\"font-weight: 400;\">Vahetuse rahakoti kasutamine on v\u00e4ga mugav, sest k\u00f5ik, mida peate oma kr\u00fcptoga kauplemiseks tegema, on oma kontole sisse logida ja teha paar kl\u00f5psu. Sa ei pea muretsema (liiga palju) turvalisuse p\u00e4rast peale oma salas\u00f5na enda jaoks hoidmise. Enamik b\u00f6rse rakendab ka kahefaktorilist autentimist ja muid ettevaatusabin\u00f5usid, et teie raha oleks turvaline isegi siis, kui teie parool varastatakse.<\/span><\/p>\n<p><span style=\"font-weight: 400;\">Selle v\u00f5imaluse puuduseks on aga see, et teil ei ole oma rahakoti v\u00f5tmeid. Vahetusel on suurim kontroll rahaliste vahendite \u00fcle: Kui nad l\u00e4hevad pankrotti, v\u00f5tavad nad teie vahendid kaasa, sest te ei saa oma v\u00f5tmete abil oma vahendeid lihtsalt mujale viia.<\/span><\/p>\n<h4><span class=\"ez-toc-section\" id=\"Self-Custody_Hot_Wallets\"><\/span><span style=\"font-weight: 400;\">Iseteeninduskuumad rahakotid<\/span><span class=\"ez-toc-section-end\"><\/span><\/h4>\n<p><span style=\"font-weight: 400;\">Seega ei soovi te oma Bitcoin rahakotti usaldada, kuid te ei ole kindel, kas peaksite veel ostma k\u00f5va rahakoti. Siinkohal tulevadki appi isehoidvad rahakotid.<\/span><\/p>\n<p><span style=\"font-weight: 400;\">Iseteeninduslikud rahakotid on p\u00f5him\u00f5tteliselt tarkvaralised rahakotid, mida saate alla laadida oma arvutisse v\u00f5i mobiilseadmesse. Need on Bitcoin ja kr\u00fcpto hoiustamise originaallahendus. Kui BTC esmakordselt turule toodi, tuli sellega ka rahakoti lahendus, mida kogenud kasutajad said oma arvutis k\u00e4ivitada. Kui Bitcoin hakkas muutuma peavooluks, hakkasid arendajad arendama lihtsamaid salvestusv\u00f5imalusi, mida tehniliste kogemusteta inimesed saaksid kasutada.<\/span><\/p>\n<p><span style=\"font-weight: 400;\">Need rahakotid on salvestatud teie internetti \u00fchendatud seadmetes ja seega salvestavad nad ka teie rahakoti v\u00f5tme sellesse seadmesse. Isehoidva rahakoti (n\u00e4iteks Exodus) eelis on see, et see annab teile palju kontrolli oma raha \u00fcle.<\/span><\/p>\n<p><span style=\"font-weight: 400;\">Kuid kahjuks v\u00f5ivad nad turvalisuse osas olla \u00fcsna tujukad. Kui teie arvuti v\u00f5i telefon h\u00e4kitakse, saavad h\u00e4kkerid h\u00f5lpsasti ligi teie seadmesse salvestatud v\u00f5tmetele. Kuigi enamik b\u00f6rsiettev\u00f5tteid saab endale lubada t\u00f6\u00f6stusliku taseme turvameetmeid, toetub enamik eraisikuid vanakooli lahendustele, mis ei ole 21. sajandi piraatidele vastased. Kahjuks muudab see isehaldatavad kuumad rahakotid k\u00f5ige ebaturvalisemaks salvestusv\u00f5imaluseks.<\/span><\/p>\n<p><span style=\"font-weight: 400;\">See t\u00e4hendab, et kui olete juhuslik kaupleja, kes soovib veidi kogemusi, on olemas m\u00f5ned Bitcoin rahakotid, mida saate ise luua ja kasutada (muidugi piisava kaitsega). Exodus on BTC ja kr\u00fcpto rahakott, mis v\u00f5imaldab teil kr\u00fcpto salvestada ja edastada kr\u00fcpto. Sellel on ka rakendusesisene kauplemis- ja vahetusteenus, mis on v\u00e4ga mugav. Lisateavet BTC hoidmise kohta Exodus'is saate meie Exodus'i \u00fclevaatest.<\/span><\/p>","protected":false},"excerpt":{"rendered":"<p>Kuidas osta Bitcoin Nii et sa tahad sukelduda kr\u00fcptoturule ja osta Bitcoin! Olete \u00f5iges kohas. Selles artiklis selgitame l\u00fchidalt, mis on Bitcoin, kuidas see toimib ja kust saate nn digitaalset kulda osta. Mis on Bitcoin? Kui te ei ole maganud kogu [...]<\/p>","protected":false},"author":3,"featured_media":0,"parent":0,"menu_order":0,"comment_status":"closed","ping_status":"closed","template":"","meta":{"_genesis_hide_title":false,"_genesis_hide_breadcrumbs":false,"_genesis_hide_singular_image":false,"_genesis_hide_footer_widgets":false,"_genesis_custom_body_class":"","_genesis_custom_post_class":"","_genesis_layout":"","_glsr_average":0,"_glsr_ranking":0,"_glsr_reviews":0,"footnotes":""},"class_list":{"0":"post-3885","1":"page","2":"type-page","3":"status-publish","5":"entry"},"featured_image_src":null,"featured_image_src_square":null,"_links":{"self":[{"href":"https:\/\/coinkickoff.com\/et\/wp-json\/wp\/v2\/pages\/3885","targetHints":{"allow":["GET"]}}],"collection":[{"href":"https:\/\/coinkickoff.com\/et\/wp-json\/wp\/v2\/pages"}],"about":[{"href":"https:\/\/coinkickoff.com\/et\/wp-json\/wp\/v2\/types\/page"}],"author":[{"embeddable":true,"href":"https:\/\/coinkickoff.com\/et\/wp-json\/wp\/v2\/users\/3"}],"replies":[{"embeddable":true,"href":"https:\/\/coinkickoff.com\/et\/wp-json\/wp\/v2\/comments?post=3885"}],"version-history":[{"count":3,"href":"https:\/\/coinkickoff.com\/et\/wp-json\/wp\/v2\/pages\/3885\/revisions"}],"predecessor-version":[{"id":4467,"href":"https:\/\/coinkickoff.com\/et\/wp-json\/wp\/v2\/pages\/3885\/revisions\/4467"}],"wp:attachment":[{"href":"https:\/\/coinkickoff.com\/et\/wp-json\/wp\/v2\/media?parent=3885"}],"curies":[{"name":"wp","href":"https:\/\/api.w.org\/{rel}","templated":true}]}}