{"id":3877,"date":"2026-01-08T14:06:52","date_gmt":"2026-01-08T14:06:52","guid":{"rendered":"https:\/\/coinkickoff.com\/?page_id=3877"},"modified":"2026-01-08T14:06:52","modified_gmt":"2026-01-08T14:06:52","slug":"how-to-buy-shiba-inu-on-kraken","status":"publish","type":"page","link":"https:\/\/coinkickoff.com\/et\/how-to-buy-shiba-inu\/how-to-buy-shiba-inu-on-kraken\/","title":{"rendered":"Kuidas osta Shiba Inu Krakenil"},"content":{"rendered":"<div id=\"ez-toc-container\" class=\"ez-toc-v2_0_80 counter-hierarchy ez-toc-counter ez-toc-transparent ez-toc-container-direction\">\n<div class=\"ez-toc-title-container\">\n<p class=\"ez-toc-title\" style=\"cursor:inherit\">Jaotised<\/p>\n<span class=\"ez-toc-title-toggle\"><a href=\"#\" class=\"ez-toc-pull-right ez-toc-btn ez-toc-btn-xs ez-toc-btn-default ez-toc-toggle\" aria-label=\"Sisukorra vaheldumine\"><span class=\"ez-toc-js-icon-con\"><span class=\"\"><span class=\"eztoc-hide\" style=\"display:none;\">Toggle<\/span><span class=\"ez-toc-icon-toggle-span\"><svg style=\"fill: #999;color:#999\" xmlns=\"http:\/\/www.w3.org\/2000\/svg\" class=\"list-377408\" width=\"20px\" height=\"20px\" viewbox=\"0 0 24 24\" fill=\"none\"><path d=\"M6 6H4v2h2V6zm14 0H8v2h12V6zM4 11h2v2H4v-2zm16 0H8v2h12v-2zM4 16h2v2H4v-2zm16 0H8v2h12v-2z\" fill=\"currentColor\"><\/path><\/svg><svg style=\"fill: #999;color:#999\" class=\"arrow-unsorted-368013\" xmlns=\"http:\/\/www.w3.org\/2000\/svg\" width=\"10px\" height=\"10px\" viewbox=\"0 0 24 24\" version=\"1.2\" baseprofile=\"tiny\"><path d=\"M18.2 9.3l-6.2-6.3-6.2 6.3c-.2.2-.3.4-.3.7s.1.5.3.7c.2.2.4.3.7.3h11c.3 0 .5-.1.7-.3.2-.2.3-.5.3-.7s-.1-.5-.3-.7zM5.8 14.7l6.2 6.3 6.2-6.3c.2-.2.3-.5.3-.7s-.1-.5-.3-.7c-.2-.2-.4-.3-.7-.3h-11c-.3 0-.5.1-.7.3-.2.2-.3.5-.3.7s.1.5.3.7z\"\/><\/svg><\/span><\/span><\/span><\/a><\/span><\/div>\n<nav><ul class='ez-toc-list ez-toc-list-level-1 eztoc-toggle-hide-by-default' ><li class='ez-toc-page-1 ez-toc-heading-level-2'><a class=\"ez-toc-link ez-toc-heading-1\" href=\"https:\/\/coinkickoff.com\/et\/how-to-buy-shiba-inu\/how-to-buy-shiba-inu-on-kraken\/#How_to_Buy_Shiba_Inu_on_Kraken_Exchange\" >Kuidas osta Shiba Inu Krakeni b\u00f6rsil<\/a><\/li><li class='ez-toc-page-1 ez-toc-heading-level-2'><a class=\"ez-toc-link ez-toc-heading-2\" href=\"https:\/\/coinkickoff.com\/et\/how-to-buy-shiba-inu\/how-to-buy-shiba-inu-on-kraken\/#A_Step-By-Step_Guide_on_How_to_Buy_Shiba_Inu_on_Kraken\" >Samm-sammult juhend, kuidas osta Shiba Inu Krakenil<\/a><ul class='ez-toc-list-level-3' ><li class='ez-toc-heading-level-3'><a class=\"ez-toc-link ez-toc-heading-3\" href=\"https:\/\/coinkickoff.com\/et\/how-to-buy-shiba-inu\/how-to-buy-shiba-inu-on-kraken\/#1_Register_an_Account_on_Kraken\" >1. Registreeri konto Krakenis<\/a><\/li><li class='ez-toc-page-1 ez-toc-heading-level-3'><a class=\"ez-toc-link ez-toc-heading-4\" href=\"https:\/\/coinkickoff.com\/et\/how-to-buy-shiba-inu\/how-to-buy-shiba-inu-on-kraken\/#2_Verify_Your_Account\" >2. Kontrollida oma kontot<\/a><\/li><li class='ez-toc-page-1 ez-toc-heading-level-3'><a class=\"ez-toc-link ez-toc-heading-5\" href=\"https:\/\/coinkickoff.com\/et\/how-to-buy-shiba-inu\/how-to-buy-shiba-inu-on-kraken\/#3_Enable_2FA\" >3. V\u00f5ta kasutusele 2FA<\/a><\/li><li class='ez-toc-page-1 ez-toc-heading-level-3'><a class=\"ez-toc-link ez-toc-heading-6\" href=\"https:\/\/coinkickoff.com\/et\/how-to-buy-shiba-inu\/how-to-buy-shiba-inu-on-kraken\/#4_Add_an_Instant_Payment_Method\" >4. Lisage kohene makseviis<\/a><\/li><li class='ez-toc-page-1 ez-toc-heading-level-3'><a class=\"ez-toc-link ez-toc-heading-7\" href=\"https:\/\/coinkickoff.com\/et\/how-to-buy-shiba-inu\/how-to-buy-shiba-inu-on-kraken\/#4_Navigate_to_the_Relevant_Screen_to_Buy\" >4. Navigeerige ostmiseks vastavale ekraanile<\/a><\/li><\/ul><\/li><\/ul><\/nav><\/div>\n<h2><span class=\"ez-toc-section\" id=\"How_to_Buy_Shiba_Inu_on_Kraken_Exchange\"><\/span><span style=\"font-weight: 400;\">Kuidas osta Shiba Inu Krakeni b\u00f6rsil<\/span><span class=\"ez-toc-section-end\"><\/span><\/h2>\n<p><span style=\"font-weight: 400;\">Nagu enamik kr\u00fcptovaluutasid, <a href=\"https:\/\/coinkickoff.com\/et\/shiba-inu-shib\/\">Shiba Inu (SHIB)<\/a> on spekulatiivne vara: selle hind v\u00f5ib t\u00f5usta ja langeda s\u00f5ltuvalt kuulsuste, turundajate ja isegi Redditi kommenteerijate kapriisidest. Nagu meem coin ilma kasutusjuhendita, <a href=\"https:\/\/coinkickoff.com\/et\/shiba-inu-shib\/\" data-internallinksmanager029f6b8e52c=\"16\" title=\"Mis on Shiba Inu (SHIB)? Kuidas see t\u00f6\u00f6tab ja kust seda osta?\">SHIB<\/a> on eriti tundlik suurte ja j\u00e4rskude hinnak\u00f5ikumiste suhtes, mis muudab selle potentsiaalselt kasumlikuks ja riskantseks.<\/span><\/p>\n<p><span style=\"font-weight: 400;\">Saate osta SHIB mitmel <a href=\"https:\/\/coinkickoff.com\/et\/crypto-exchanges\/\" data-internallinksmanager029f6b8e52c=\"141\" title=\"21 Parimad kr\u00fcptovaluuta vahetused ja rakendused aastal 2024\">kr\u00fcptovahetused<\/a>t\u00e4nu selle populaarsusele. Selles juhendis selgitame, kuidas osta Shiba Inu kohta <a href=\"https:\/\/coinkickoff.com\/et\/kraken-review\/\">Kraken<\/a>, USAs asuv veteranide vahetus, mis on tuntud oma k\u00f5rgete turvastandardite poolest.<\/span><\/p>\n<h2><span class=\"ez-toc-section\" id=\"A_Step-By-Step_Guide_on_How_to_Buy_Shiba_Inu_on_Kraken\"><\/span><span style=\"font-weight: 400;\">Samm-sammult juhend, kuidas osta Shiba Inu Krakenil<\/span><span class=\"ez-toc-section-end\"><\/span><\/h2>\n<h3><span class=\"ez-toc-section\" id=\"1_Register_an_Account_on_Kraken\"><\/span><span style=\"font-weight: 400;\">1. Registreeri konto Krakenis<\/span><span class=\"ez-toc-section-end\"><\/span><\/h3>\n<p><img loading=\"lazy\" decoding=\"async\" class=\"alignnone wp-image-3406 size-full\" src=\"https:\/\/coinkickoff.com\/wp-content\/uploads\/kraken1-e1682502957481.png\" alt=\"kuidas osta Dogecoin Krakenil\" width=\"1339\" height=\"763\" srcset=\"https:\/\/coinkickoff.com\/wp-content\/uploads\/kraken1-e1682502957481.png 1339w, https:\/\/coinkickoff.com\/wp-content\/uploads\/kraken1-e1682502957481-300x171.png 300w, https:\/\/coinkickoff.com\/wp-content\/uploads\/kraken1-e1682502957481-1024x584.png 1024w, https:\/\/coinkickoff.com\/wp-content\/uploads\/kraken1-e1682502957481-768x438.png 768w, https:\/\/coinkickoff.com\/wp-content\/uploads\/kraken1-e1682502957481-18x10.png 18w\" sizes=\"auto, (max-width: 1339px) 100vw, 1339px\" \/><\/p>\n<p><span style=\"font-weight: 400;\">Esimesed asjad k\u00f5igepealt: Mine aadressile <a href=\"https:\/\/coinkickoff.com\/et\/kraken-review\/\" data-internallinksmanager029f6b8e52c=\"171\" title=\"Kraken Arvamused 2023: Tasud, omadused, turvalisus, plussid ja miinused\">Kraken<\/a>ametlikul veebisaidil ja looge konto. T\u00e4itke registreerimisvorm, sisestades k\u00f5ik vajalikud andmed. Veenduge, et sisestate kehtiva e-posti aadressi: Kraken kasutab seda, et saata teile aktiveerimislink.<\/span><\/p>\n<h3><span class=\"ez-toc-section\" id=\"2_Verify_Your_Account\"><\/span><span style=\"font-weight: 400;\">2. Kontrollida oma kontot<\/span><span class=\"ez-toc-section-end\"><\/span><\/h3>\n<p><span style=\"font-weight: 400;\">Kui olete sisse loginud, on aeg t\u00e4ita isikusamasuse kontrollimine. Kraken on identiteedi kontrollimisel \u00fcsna range, seega ei saa seda sammu vahele j\u00e4tta. Tegelikult, niipea kui proovite kl\u00f5psata armatuurlaua \u00fclaosas olevat vahekaarti \"Buy Crypto\", palutakse teil oma identiteeti kontrollida.<\/span><\/p>\n<p><img loading=\"lazy\" decoding=\"async\" class=\"alignnone wp-image-3407 size-full\" src=\"https:\/\/coinkickoff.com\/wp-content\/uploads\/kraken2-e1686524781685.png\" alt=\"kraken kontrollhoiatus\" width=\"1360\" height=\"791\" srcset=\"https:\/\/coinkickoff.com\/wp-content\/uploads\/kraken2-e1686524781685.png 1360w, https:\/\/coinkickoff.com\/wp-content\/uploads\/kraken2-e1686524781685-300x174.png 300w, https:\/\/coinkickoff.com\/wp-content\/uploads\/kraken2-e1686524781685-1024x596.png 1024w, https:\/\/coinkickoff.com\/wp-content\/uploads\/kraken2-e1686524781685-768x447.png 768w, https:\/\/coinkickoff.com\/wp-content\/uploads\/kraken2-e1686524781685-18x10.png 18w\" sizes=\"auto, (max-width: 1360px) 100vw, 1360px\" \/><\/p>\n<p><span style=\"font-weight: 400;\">Krakeni kinnitusskeem on \u00fcsna tavaline: peate sisestama oma nime, aadressi ja isikuandmed ning laadima \u00fcles isikut t\u00f5endavad dokumendid.<\/span><\/p>\n<p><img loading=\"lazy\" decoding=\"async\" class=\"alignnone wp-image-3408 size-full\" src=\"https:\/\/coinkickoff.com\/wp-content\/uploads\/kraken3-e1682503223180.png\" alt=\"\" width=\"1375\" height=\"777\" srcset=\"https:\/\/coinkickoff.com\/wp-content\/uploads\/kraken3-e1682503223180.png 1375w, https:\/\/coinkickoff.com\/wp-content\/uploads\/kraken3-e1682503223180-300x170.png 300w, https:\/\/coinkickoff.com\/wp-content\/uploads\/kraken3-e1682503223180-1024x579.png 1024w, https:\/\/coinkickoff.com\/wp-content\/uploads\/kraken3-e1682503223180-768x434.png 768w, https:\/\/coinkickoff.com\/wp-content\/uploads\/kraken3-e1682503223180-18x10.png 18w, https:\/\/coinkickoff.com\/wp-content\/uploads\/kraken3-e1682503223180-600x338.png 600w\" sizes=\"auto, (max-width: 1375px) 100vw, 1375px\" \/><\/p>\n<p><span style=\"font-weight: 400;\">Sisestage kogu vajalik teave ja kl\u00f5psake nuppu \"J\u00e4tka\". Laadige vajalikud dokumendid \u00fcles, kui seda k\u00fcsitakse. Protsessi saate l\u00f5pule viia m\u00f5ne minutiga.\u00a0<\/span><\/p>\n<h3><span class=\"ez-toc-section\" id=\"3_Enable_2FA\"><\/span><span style=\"font-weight: 400;\">3. V\u00f5ta kasutusele 2FA<\/span><span class=\"ez-toc-section-end\"><\/span><\/h3>\n<p><span style=\"font-weight: 400;\">Kui olete kontrollitud kasutaja, saate raha Krakenisse sisse maksta. Enne raha hoiustamist kontole on siiski m\u00f5istlik aktiveerida kahefaktoriline autentimine (2FA). 2FA v\u00e4hendab v\u00f5imalust, et teie konto (ja raha) varastatakse.<\/span><\/p>\n<p><span style=\"font-weight: 400;\">Kl\u00f5psake ekraani paremas \u00fclanurgas kuvataval kasutajanimel ja minge 2FA seadistustesse.<\/span><\/p>\n<p><img loading=\"lazy\" decoding=\"async\" class=\"alignnone wp-image-3409 size-full\" src=\"https:\/\/coinkickoff.com\/wp-content\/uploads\/kraken4-e1682503267822.png\" alt=\"\" width=\"1360\" height=\"795\" srcset=\"https:\/\/coinkickoff.com\/wp-content\/uploads\/kraken4-e1682503267822.png 1360w, https:\/\/coinkickoff.com\/wp-content\/uploads\/kraken4-e1682503267822-300x175.png 300w, https:\/\/coinkickoff.com\/wp-content\/uploads\/kraken4-e1682503267822-1024x599.png 1024w, https:\/\/coinkickoff.com\/wp-content\/uploads\/kraken4-e1682503267822-768x449.png 768w, https:\/\/coinkickoff.com\/wp-content\/uploads\/kraken4-e1682503267822-18x12.png 18w\" sizes=\"auto, (max-width: 1360px) 100vw, 1360px\" \/><\/p>\n<p><span style=\"font-weight: 400;\">Te peate 2FA lubama kontole sisselogimiseks, kuid saate selle lubada ka muude toimingute, n\u00e4iteks kauplemise ja rahastamise jaoks. Alustamiseks kl\u00f5psake esile t\u00f5stetud nupule \"Aktiveeri kohe\".<\/span><\/p>\n<p><span style=\"font-weight: 400;\"><img loading=\"lazy\" decoding=\"async\" class=\"alignnone wp-image-3405 size-full\" src=\"https:\/\/coinkickoff.com\/wp-content\/uploads\/kraken-5-e1682503294785.png\" alt=\"\" width=\"1357\" height=\"770\" srcset=\"https:\/\/coinkickoff.com\/wp-content\/uploads\/kraken-5-e1682503294785.png 1357w, https:\/\/coinkickoff.com\/wp-content\/uploads\/kraken-5-e1682503294785-300x170.png 300w, https:\/\/coinkickoff.com\/wp-content\/uploads\/kraken-5-e1682503294785-1024x581.png 1024w, https:\/\/coinkickoff.com\/wp-content\/uploads\/kraken-5-e1682503294785-768x436.png 768w, https:\/\/coinkickoff.com\/wp-content\/uploads\/kraken-5-e1682503294785-18x10.png 18w\" sizes=\"auto, (max-width: 1357px) 100vw, 1357px\" \/><\/span><\/p>\n<p><span style=\"font-weight: 400;\">Krakeni veebisaidil selgitatakse v\u00e4ga \u00fcksikasjalikult, kuidas 2FA toimib, ja antakse juhiseid, kuidas toimida. P\u00f5him\u00f5tteliselt tuleb teil vaid hankida Google Authenticator'i rakendus ja kasutada seda, et skaneerida QR-koodi, mille Kraken teile genereerib. Rakendus annab teile autentimiskoodi, et kinnitada oma turvalisust. Sisestage rakendusest saadud kood ja kl\u00f5psake \"Kinnita\".<\/span><\/p>\n<p><img loading=\"lazy\" decoding=\"async\" class=\"alignnone wp-image-3410 size-full\" src=\"https:\/\/coinkickoff.com\/wp-content\/uploads\/kraken6-e1682503322525.png\" alt=\"\" width=\"1357\" height=\"791\" \/><\/p>\n<p><span style=\"font-weight: 400;\">Kasutate Google Authenticatori rakendust iga kord, kui logite oma kontole sisse.\u00a0<\/span><\/p>\n<h3><span class=\"ez-toc-section\" id=\"4_Add_an_Instant_Payment_Method\"><\/span><span style=\"font-weight: 400;\">4. Lisage kohene makseviis<\/span><span class=\"ez-toc-section-end\"><\/span><\/h3>\n<p><span style=\"font-weight: 400;\">Kiireim viis Shiba Inu (v\u00f5i mis tahes muu kr\u00fcptovaluuta) ostmiseks Krakenis on lisada oma kontole kohene makseviis. V\u00f5ite \u00fchendada krediit- ja deebetkaardid v\u00f5i oma online-pangakonto vahetamiseks.<\/span><\/p>\n<p><span style=\"font-weight: 400;\">Kl\u00f5psake vahekaardil \"Buy Crypto\", et siduda kaart oma kontoga. Teid suunatakse edasi kr\u00fcptoostu meetodite lehele, kus saate lisada makseviisi.<\/span><\/p>\n<p><img loading=\"lazy\" decoding=\"async\" class=\"alignnone wp-image-3412 size-full\" src=\"https:\/\/coinkickoff.com\/wp-content\/uploads\/kraken8-e1682503364155.png\" alt=\"kuidas osta Shiba Inu Krakenil\" width=\"1206\" height=\"781\" srcset=\"https:\/\/coinkickoff.com\/wp-content\/uploads\/kraken8-e1682503364155.png 1206w, https:\/\/coinkickoff.com\/wp-content\/uploads\/kraken8-e1682503364155-300x194.png 300w, https:\/\/coinkickoff.com\/wp-content\/uploads\/kraken8-e1682503364155-1024x663.png 1024w, https:\/\/coinkickoff.com\/wp-content\/uploads\/kraken8-e1682503364155-768x497.png 768w, https:\/\/coinkickoff.com\/wp-content\/uploads\/kraken8-e1682503364155-18x12.png 18w\" sizes=\"auto, (max-width: 1206px) 100vw, 1206px\" \/><\/p>\n<p><span style=\"font-weight: 400;\">Kl\u00f5psake nuppu \"Lisa makseviisid\". <\/span><\/p>\n<p><img loading=\"lazy\" decoding=\"async\" class=\"alignnone wp-image-3413 size-full\" src=\"https:\/\/coinkickoff.com\/wp-content\/uploads\/kraken9-e1682503407337.png\" alt=\"\" width=\"1196\" height=\"776\" srcset=\"https:\/\/coinkickoff.com\/wp-content\/uploads\/kraken9-e1682503407337.png 1196w, https:\/\/coinkickoff.com\/wp-content\/uploads\/kraken9-e1682503407337-300x195.png 300w, https:\/\/coinkickoff.com\/wp-content\/uploads\/kraken9-e1682503407337-1024x664.png 1024w, https:\/\/coinkickoff.com\/wp-content\/uploads\/kraken9-e1682503407337-768x498.png 768w, https:\/\/coinkickoff.com\/wp-content\/uploads\/kraken9-e1682503407337-18x12.png 18w\" sizes=\"auto, (max-width: 1196px) 100vw, 1196px\" \/><\/p>\n<p><span style=\"font-weight: 400;\">Saate lisada deebet- v\u00f5i krediitkaardi, sisestades lihtsalt oma kaardiandmed. Sularaha saate sisse maksta ka internetipanga kaudu, kuigi see ei ole nii kiire kui esimene v\u00f5imalus.<\/span><\/p>\n<h3><span class=\"ez-toc-section\" id=\"4_Navigate_to_the_Relevant_Screen_to_Buy\"><\/span><span style=\"font-weight: 400;\">4. Navigeerige ostmiseks vastavale ekraanile<\/span><span class=\"ez-toc-section-end\"><\/span><\/h3>\n<p><span style=\"font-weight: 400;\">Kui lisate oma Krakeni kontole makseviisi, on SHIB ostmine v\u00e4ga lihtne. Kl\u00f5psake lehel \"Buy Crypto\" (Kr\u00fcpto osta) nupule \"Buy\" (osta).<\/span><\/p>\n<p><span style=\"font-weight: 400;\">Pakutavaid varasid n\u00e4ete rippmen\u00fc\u00fcst. Valige nimekirjast Shiba Inu (leiate selle nimekirjast kui SHIB). Sisestage summa, mida soovite Shibile kulutada, valige makseviis ja kl\u00f5psake kinnitusel.<\/span><\/p>\n<p><span style=\"font-weight: 400;\">Kuigi see v\u00f5imalus on v\u00e4ga kiire, v\u00f5ivad krediit- ja deebetkaardiostud lihtsa ostu vidina kaudu olla v\u00e4ga kulukad. Kui te ei soovi maksta Shiba Inu ostmise eest suuri tasusid, v\u00f5ite kasutada teist meetodit, mida kirjeldame allpool.<\/span><\/p>\n<p><span style=\"font-weight: 400;\">Krakenis saab kaubelda valitud fiatvaluutadega, sealhulgas USD, Shiba Inu vastu. Pange t\u00e4hele, et Krakeni odavamate tasude kasutamiseks peate oma kontole raha hoiustama. Krakenis kauplemiseks ei saa kasutada deebet- v\u00f5i krediitkaarte.<\/span><\/p>\n<p><span style=\"font-weight: 400;\">Krakenis on kaks v\u00f5imalust oma USD konverteerimiseks Shiba Inu-ks: V\u00f5ite kasutada <\/span><a href=\"https:\/\/kraken.pxf.io\/B0Rny4convert\/shib\/usd\" target=\"_blank\" rel=\"noopener\"><span style=\"font-weight: 400;\">Krakeni automaatne muundur<\/span><\/a><span style=\"font-weight: 400;\"> v\u00f5i teostada kauplemist, andes tellimuse Shiba Inu jaoks.<\/span><\/p>\n<p><span style=\"font-weight: 400;\">Automaatkonverter on lihtsaim viis kauplemiseks USD Krakenile, kuid kui soovite ise m\u00e4\u00e4rata oma hinna, on tellimuse esitamine parim viis.<\/span><\/p>\n<p><span style=\"font-weight: 400;\">Kui soovite tellimuse esitada, minge oma vahekaardile \"Trade\" ja kl\u00f5psake \"New Order\" (uus tellimus). Valige USD\/SHIB kauplemispaar.<\/span><\/p>\n<p><span style=\"font-weight: 400;\">Tellimisvorm v\u00f5ib tunduda segadusttekitav, kuid see on \u00fclimalt lihtne: Sisestage lihtsalt, kui palju soovite kulutada. V\u00f5ite kas n\u00f5ustuda SHIB turuhinnaga v\u00f5i m\u00e4\u00e4rata ise hinda. Kui m\u00e4\u00e4rate liiga madala hinna, v\u00f5ib tellimuse t\u00e4itmine aega v\u00f5tta.<\/span><\/p>\n<p><span style=\"font-weight: 400;\">Palju \u00f5nne! N\u00fc\u00fcd sa tead, kuidas osta Shiba Inu Krakenilt.<\/span><\/p>","protected":false},"excerpt":{"rendered":"<p>Kuidas osta Shiba Inu Kraken Exchange Nagu enamik kr\u00fcptovaluutasid, on Shiba Inu (SHIB) spekulatiivne vara: selle hind v\u00f5ib t\u00f5usta ja langeda s\u00f5ltuvalt kuulsuste, turundajate ja isegi Redditi kommentaatorite kapriisidest. Kuna coin on meem, millel puudub kasutusjuhend, on SHIB eriti haavatav suurte ja j\u00e4rskude hinnak\u00f5ikumiste suhtes, mist\u00f5ttu on [...]<\/p>","protected":false},"author":3,"featured_media":0,"parent":3709,"menu_order":0,"comment_status":"closed","ping_status":"closed","template":"","meta":{"_genesis_hide_title":false,"_genesis_hide_breadcrumbs":false,"_genesis_hide_singular_image":false,"_genesis_hide_footer_widgets":false,"_genesis_custom_body_class":"","_genesis_custom_post_class":"","_genesis_layout":"","_glsr_average":0,"_glsr_ranking":0,"_glsr_reviews":0,"footnotes":""},"class_list":{"0":"post-3877","1":"page","2":"type-page","3":"status-publish","5":"entry"},"featured_image_src":null,"featured_image_src_square":null,"_links":{"self":[{"href":"https:\/\/coinkickoff.com\/et\/wp-json\/wp\/v2\/pages\/3877","targetHints":{"allow":["GET"]}}],"collection":[{"href":"https:\/\/coinkickoff.com\/et\/wp-json\/wp\/v2\/pages"}],"about":[{"href":"https:\/\/coinkickoff.com\/et\/wp-json\/wp\/v2\/types\/page"}],"author":[{"embeddable":true,"href":"https:\/\/coinkickoff.com\/et\/wp-json\/wp\/v2\/users\/3"}],"replies":[{"embeddable":true,"href":"https:\/\/coinkickoff.com\/et\/wp-json\/wp\/v2\/comments?post=3877"}],"version-history":[{"count":3,"href":"https:\/\/coinkickoff.com\/et\/wp-json\/wp\/v2\/pages\/3877\/revisions"}],"predecessor-version":[{"id":3880,"href":"https:\/\/coinkickoff.com\/et\/wp-json\/wp\/v2\/pages\/3877\/revisions\/3880"}],"up":[{"embeddable":true,"href":"https:\/\/coinkickoff.com\/et\/wp-json\/wp\/v2\/pages\/3709"}],"wp:attachment":[{"href":"https:\/\/coinkickoff.com\/et\/wp-json\/wp\/v2\/media?parent=3877"}],"curies":[{"name":"wp","href":"https:\/\/api.w.org\/{rel}","templated":true}]}}