{"id":3424,"date":"2026-01-08T14:07:30","date_gmt":"2026-01-08T14:07:30","guid":{"rendered":"https:\/\/coinkickoff.com\/?page_id=3424"},"modified":"2026-01-08T14:07:30","modified_gmt":"2026-01-08T14:07:30","slug":"how-to-buy-dogecoin-on-mexc","status":"publish","type":"page","link":"https:\/\/coinkickoff.com\/et\/how-to-buy-dogecoin\/how-to-buy-dogecoin-on-mexc\/","title":{"rendered":"Kuidas osta Dogecoin (DOGE) MEXCi vahendusel"},"content":{"rendered":"<h2><span style=\"font-weight: 400;\"><img loading=\"lazy\" decoding=\"async\" class=\"alignnone wp-image-155 size-full\" src=\"https:\/\/coinkickoff.com\/wp-content\/uploads\/2022\/06\/Dogecoin-DOGE.jpg\" alt=\"kuidas osta dogecoin\" width=\"1000\" height=\"800\" srcset=\"https:\/\/coinkickoff.com\/wp-content\/uploads\/2022\/06\/Dogecoin-DOGE.jpg 1000w, https:\/\/coinkickoff.com\/wp-content\/uploads\/2022\/06\/Dogecoin-DOGE-300x240.jpg 300w, https:\/\/coinkickoff.com\/wp-content\/uploads\/2022\/06\/Dogecoin-DOGE-768x614.jpg 768w, https:\/\/coinkickoff.com\/wp-content\/uploads\/2022\/06\/Dogecoin-DOGE-15x12.jpg 15w\" sizes=\"auto, (max-width: 1000px) 100vw, 1000px\" \/><\/span><\/h2>\n<div id=\"ez-toc-container\" class=\"ez-toc-v2_0_80 counter-hierarchy ez-toc-counter ez-toc-transparent ez-toc-container-direction\">\n<div class=\"ez-toc-title-container\">\n<p class=\"ez-toc-title\" style=\"cursor:inherit\">Jaotised<\/p>\n<span class=\"ez-toc-title-toggle\"><a href=\"#\" class=\"ez-toc-pull-right ez-toc-btn ez-toc-btn-xs ez-toc-btn-default ez-toc-toggle\" aria-label=\"Sisukorra vaheldumine\"><span class=\"ez-toc-js-icon-con\"><span class=\"\"><span class=\"eztoc-hide\" style=\"display:none;\">Toggle<\/span><span class=\"ez-toc-icon-toggle-span\"><svg style=\"fill: #999;color:#999\" xmlns=\"http:\/\/www.w3.org\/2000\/svg\" class=\"list-377408\" width=\"20px\" height=\"20px\" viewbox=\"0 0 24 24\" fill=\"none\"><path d=\"M6 6H4v2h2V6zm14 0H8v2h12V6zM4 11h2v2H4v-2zm16 0H8v2h12v-2zM4 16h2v2H4v-2zm16 0H8v2h12v-2z\" fill=\"currentColor\"><\/path><\/svg><svg style=\"fill: #999;color:#999\" class=\"arrow-unsorted-368013\" xmlns=\"http:\/\/www.w3.org\/2000\/svg\" width=\"10px\" height=\"10px\" viewbox=\"0 0 24 24\" version=\"1.2\" baseprofile=\"tiny\"><path d=\"M18.2 9.3l-6.2-6.3-6.2 6.3c-.2.2-.3.4-.3.7s.1.5.3.7c.2.2.4.3.7.3h11c.3 0 .5-.1.7-.3.2-.2.3-.5.3-.7s-.1-.5-.3-.7zM5.8 14.7l6.2 6.3 6.2-6.3c.2-.2.3-.5.3-.7s-.1-.5-.3-.7c-.2-.2-.4-.3-.7-.3h-11c-.3 0-.5.1-.7.3-.2.2-.3.5-.3.7s.1.5.3.7z\"\/><\/svg><\/span><\/span><\/span><\/a><\/span><\/div>\n<nav><ul class='ez-toc-list ez-toc-list-level-1 eztoc-toggle-hide-by-default' ><li class='ez-toc-page-1 ez-toc-heading-level-2'><a class=\"ez-toc-link ez-toc-heading-1\" href=\"https:\/\/coinkickoff.com\/et\/how-to-buy-dogecoin\/how-to-buy-dogecoin-on-mexc\/#How_to_Buy_Dogecoin_on_MEXC\" >Kuidas osta Dogecoin kohta MEXCis<\/a><\/li><li class='ez-toc-page-1 ez-toc-heading-level-2'><a class=\"ez-toc-link ez-toc-heading-2\" href=\"https:\/\/coinkickoff.com\/et\/how-to-buy-dogecoin\/how-to-buy-dogecoin-on-mexc\/#A_Step-By-Step_Guide_on_How_to_Buy_Dogecoin_on_MEXC\" >Samm-sammult juhised, kuidas osta Dogecoin MEXCi kaudu<\/a><ul class='ez-toc-list-level-3' ><li class='ez-toc-heading-level-3'><a class=\"ez-toc-link ez-toc-heading-3\" href=\"https:\/\/coinkickoff.com\/et\/how-to-buy-dogecoin\/how-to-buy-dogecoin-on-mexc\/#1_Register_an_Account\" >1. Registreeri konto<\/a><\/li><li class='ez-toc-page-1 ez-toc-heading-level-3'><a class=\"ez-toc-link ez-toc-heading-4\" href=\"https:\/\/coinkickoff.com\/et\/how-to-buy-dogecoin\/how-to-buy-dogecoin-on-mexc\/#2_Verify_Your_Account\" >2. Kontrollida oma kontot<\/a><\/li><li class='ez-toc-page-1 ez-toc-heading-level-3'><a class=\"ez-toc-link ez-toc-heading-5\" href=\"https:\/\/coinkickoff.com\/et\/how-to-buy-dogecoin\/how-to-buy-dogecoin-on-mexc\/#3_Buy_Crypto\" >3. Osta kr\u00fcpto<\/a><\/li><li class='ez-toc-page-1 ez-toc-heading-level-3'><a class=\"ez-toc-link ez-toc-heading-6\" href=\"https:\/\/coinkickoff.com\/et\/how-to-buy-dogecoin\/how-to-buy-dogecoin-on-mexc\/#4_Trade_USDT_for_DOGE\" >4. Kaubelda USDT DOGE vastu.<\/a><\/li><\/ul><\/li><\/ul><\/nav><\/div>\n<h2><span class=\"ez-toc-section\" id=\"How_to_Buy_Dogecoin_on_MEXC\"><\/span><span style=\"font-weight: 400;\">Kuidas osta Dogecoin kohta MEXCis<\/span><span class=\"ez-toc-section-end\"><\/span><\/h2>\n<p><span style=\"font-weight: 400;\"><a href=\"https:\/\/coinkickoff.com\/et\/dogecoin-doge\/\" data-internallinksmanager029f6b8e52c=\"14\" title=\"Mis on Dogecoin (DOGE)? Kuidas see t\u00f6\u00f6tab ja kust seda osta?\">Dogecoin<\/a>, kuigi kuulus kr\u00fcptovaluuta, ei ole tegelikult nagu <a href=\"https:\/\/coinkickoff.com\/et\/ethereum-eth\/\" data-internallinksmanager029f6b8e52c=\"2\" title=\"Mis on Ethereum (ETH)? Hind, ajalugu ja kust osta\">Ethereum<\/a> v\u00f5i <a href=\"https:\/\/coinkickoff.com\/et\/bitcoin-btc\/\" data-internallinksmanager029f6b8e52c=\"1\" title=\"Mis on Bitcoin (BTC)? Hind, ajalugu ja kust osta\">Bitcoin<\/a>. See tuntud meem coin on \u00fcsna v\u00e4\u00e4rtusetu, kuna see k\u00e4ivitati algselt naljana. Siiski on see n\u00fc\u00fcdseks \u00fcsna levinud, peamiselt t\u00e4nu Redditile ja Elon Muskile, ning seda v\u00f5ib leida peaaegu k\u00f5ikidest b\u00f6rsidel, sealhulgas ka <a href=\"https:\/\/coinkickoff.com\/et\/mexc-global-review\/\">MEXC<\/a>.<\/span><\/p>\n<p><span style=\"font-weight: 400;\">Kui sa tahad naljalt kaasa l\u00fc\u00fca, ostes Dogecoin, kuid ei tea, kust alustada, siis oled \u00f5iges kohas. Siin on samm-sammult juhised, kuidas osta Dogecoin on <a href=\"https:\/\/coinkickoff.com\/et\/mexc-global-review\/\" data-internallinksmanager029f6b8e52c=\"154\" title=\"MEXC Global Reviews 2023: Tasud, omadused, turvalisus, plussid ja miinused\">MEXC<\/a> vahetus.<\/span><\/p>\n<h2><span class=\"ez-toc-section\" id=\"A_Step-By-Step_Guide_on_How_to_Buy_Dogecoin_on_MEXC\"><\/span><span style=\"font-weight: 400;\">Samm-sammult juhised, kuidas osta Dogecoin MEXCi kaudu<\/span><span class=\"ez-toc-section-end\"><\/span><\/h2>\n<h3><span class=\"ez-toc-section\" id=\"1_Register_an_Account\"><\/span><span style=\"font-weight: 400;\">1. Registreeri konto<\/span><span class=\"ez-toc-section-end\"><\/span><\/h3>\n<p><img loading=\"lazy\" decoding=\"async\" class=\"alignnone wp-image-3441 size-full\" src=\"https:\/\/coinkickoff.com\/wp-content\/uploads\/mexc-register.png\" alt=\"kuidas osta dogecoin kohta mexc\" width=\"1328\" height=\"783\" srcset=\"https:\/\/coinkickoff.com\/wp-content\/uploads\/mexc-register.png 1328w, https:\/\/coinkickoff.com\/wp-content\/uploads\/mexc-register-300x177.png 300w, https:\/\/coinkickoff.com\/wp-content\/uploads\/mexc-register-1024x604.png 1024w, https:\/\/coinkickoff.com\/wp-content\/uploads\/mexc-register-768x453.png 768w, https:\/\/coinkickoff.com\/wp-content\/uploads\/mexc-register-18x12.png 18w\" sizes=\"auto, (max-width: 1328px) 100vw, 1328px\" \/><\/p>\n<p><span style=\"font-weight: 400;\">K\u00f5igepealt looge MEXCi konto, k\u00fclastades veebilehte <a href=\"https:\/\/www.mexc.com\/en-US\/register?inviteCode=mexc-1WwwX\" target=\"_blank\" rel=\"noopener\">MEXCi veebisait<\/a> ja kl\u00f5psates \"Registreeru\". <\/span><\/p>\n<p><span style=\"font-weight: 400;\">Saate registreeruda oma mobiiltelefoni numbri v\u00f5i e-posti aadressiga. Saate oma e-posti aadressile kinnituskoodi. Kasutage seda koodi oma kontole sisselogimiseks.\u00a0\u00a0<\/span><\/p>\n<h3><span class=\"ez-toc-section\" id=\"2_Verify_Your_Account\"><\/span><span style=\"font-weight: 400;\">2. Kontrollida oma kontot<\/span><span class=\"ez-toc-section-end\"><\/span><\/h3>\n<p><span style=\"font-weight: 400;\">MEXCis kauplemiseks ei pea te isikut t\u00f5endama, kuid fiatiga kauplemiseks on seda vaja. Kui teil on juba digitaalsed varad, mida saate MEXCi rahakotti saata, v\u00f5ite selle sammu vahele j\u00e4tta.<\/span><\/p>\n<p><span style=\"font-weight: 400;\">Te v\u00f5ite selle sammu ka vahele j\u00e4tta, kui soovite kr\u00fcpto ostmiseks kasutada kolmanda osapoole teenusepakkujaid nagu Banxa, Moonpay v\u00f5i Mercuyo. Neil on oma eraldi ID-kontrolli protsessid.<\/span><\/p>\n<p><span style=\"font-weight: 400;\">Kui olete l\u00e4binud isikutuvastuse, saate osta kr\u00fcptot pangakonto, krediitkaardi ja muude vahendite kaudu. Selleks kl\u00f5psake armatuurlaua paremas \u00fclemises nurgas oleval profiili s\u00fcmbolil ja valige \"Profiil\".<\/span><\/p>\n<p><span style=\"font-weight: 400;\">Profiili lehel valige \"Identifitseerimine\" ja kl\u00f5psake \"Esmane KYC\".<\/span><\/p>\n<p><img loading=\"lazy\" decoding=\"async\" class=\"alignnone wp-image-3439 size-full\" src=\"https:\/\/coinkickoff.com\/wp-content\/uploads\/mexc-id.png\" alt=\"\" width=\"1436\" height=\"810\" srcset=\"https:\/\/coinkickoff.com\/wp-content\/uploads\/mexc-id.png 1436w, https:\/\/coinkickoff.com\/wp-content\/uploads\/mexc-id-300x169.png 300w, https:\/\/coinkickoff.com\/wp-content\/uploads\/mexc-id-1024x578.png 1024w, https:\/\/coinkickoff.com\/wp-content\/uploads\/mexc-id-768x433.png 768w, https:\/\/coinkickoff.com\/wp-content\/uploads\/mexc-id-18x10.png 18w, https:\/\/coinkickoff.com\/wp-content\/uploads\/mexc-id-600x338.png 600w\" sizes=\"auto, (max-width: 1436px) 100vw, 1436px\" \/><\/p>\n<p><span style=\"font-weight: 400;\">Teid suunatakse edasi KYC-lehele, kus saate kas minna <\/span><i><span style=\"font-weight: 400;\">Esmane KYC<\/span><\/i><span style=\"font-weight: 400;\"> v\u00f5i <\/span><i><span style=\"font-weight: 400;\">T\u00e4iustatud KYC<\/span><\/i><span style=\"font-weight: 400;\">. Enamiku fiatvaluuta hoiuste puhul on vaja t\u00e4iendavat KYC-i.<\/span><\/p>\n<p><img loading=\"lazy\" decoding=\"async\" class=\"alignnone wp-image-3440 size-full\" src=\"https:\/\/coinkickoff.com\/wp-content\/uploads\/mexc-id2.png\" alt=\"\" width=\"1436\" height=\"582\" srcset=\"https:\/\/coinkickoff.com\/wp-content\/uploads\/mexc-id2.png 1436w, https:\/\/coinkickoff.com\/wp-content\/uploads\/mexc-id2-300x122.png 300w, https:\/\/coinkickoff.com\/wp-content\/uploads\/mexc-id2-1024x415.png 1024w, https:\/\/coinkickoff.com\/wp-content\/uploads\/mexc-id2-768x311.png 768w, https:\/\/coinkickoff.com\/wp-content\/uploads\/mexc-id2-18x7.png 18w\" sizes=\"auto, (max-width: 1436px) 100vw, 1436px\" \/><\/p>\n<p><span style=\"font-weight: 400;\">Kl\u00f5psake \"Verify\", et alustada kontrollimist. Laadige n\u00f5utavad dokumendid \u00fcles ja saate alustada.<\/span><\/p>\n<h3><span class=\"ez-toc-section\" id=\"3_Buy_Crypto\"><\/span><span style=\"font-weight: 400;\">3. Osta kr\u00fcpto<\/span><span class=\"ez-toc-section-end\"><\/span><\/h3>\n<p><span style=\"font-weight: 400;\">Kl\u00f5psake vasakus \u00fclanurgas nupul \"Osta kr\u00fcpto\". Uuel lehel valige \u00fcks teile pakutavatest v\u00f5imalustest. Kui olete t\u00e4itnud isikusamasuse kontrollimise, saate kr\u00fcpto ostmiseks kasutada krediit-\/debetkaarte, panga\u00fclekandeid, Express-makseid ja P2P-turgu. Kui mitte, valige nimekirjast \"Kolmandate osapoolte\".<\/span><\/p>\n<p><img loading=\"lazy\" decoding=\"async\" class=\"alignnone wp-image-3438 size-full\" src=\"https:\/\/coinkickoff.com\/wp-content\/uploads\/mexc-buy-payment.png\" alt=\"\" width=\"1403\" height=\"778\" srcset=\"https:\/\/coinkickoff.com\/wp-content\/uploads\/mexc-buy-payment.png 1403w, https:\/\/coinkickoff.com\/wp-content\/uploads\/mexc-buy-payment-300x166.png 300w, https:\/\/coinkickoff.com\/wp-content\/uploads\/mexc-buy-payment-1024x568.png 1024w, https:\/\/coinkickoff.com\/wp-content\/uploads\/mexc-buy-payment-768x426.png 768w, https:\/\/coinkickoff.com\/wp-content\/uploads\/mexc-buy-payment-18x10.png 18w\" sizes=\"auto, (max-width: 1403px) 100vw, 1403px\" \/><\/p>\n<p><span style=\"font-weight: 400;\">Sisestage, kui palju soovite kulutada, ja valige, millist kr\u00fcptovaluutat soovite osta. Kahjuks ei saa DOGE lihtsalt sularahaga osta, seega peate k\u00f5igepealt ostma teise coin, n\u00e4iteks <a href=\"https:\/\/coinkickoff.com\/et\/tether-usdt\/\" data-internallinksmanager029f6b8e52c=\"3\" title=\"Mis on Tether (USDT)? Kuidas see t\u00f6\u00f6tab ja kust seda osta?\">USDT<\/a> v\u00f5i <a href=\"https:\/\/coinkickoff.com\/et\/usd-coin-usdc\/\" data-internallinksmanager029f6b8e52c=\"8\" title=\"Mis on USD Coin (USDC)? Kuidas see t\u00f6\u00f6tab ja kust seda osta?\">USDC<\/a>ja vahetage see hiljem DOGE vastu.<\/span><\/p>\n<p><span style=\"font-weight: 400;\">Kui olete sisestanud summa, mida soovite osta, peate valima maksekanali. MEXC pakub \u00fcsna palju kolmanda osapoole v\u00f5imalusi, mille vahel valida, ja soovitab abivalmilt kasutada k\u00f5ige odavamat v\u00f5imalust.<\/span><\/p>\n<p><span style=\"font-weight: 400;\">Vaadake makse \u00fcksikasjad \u00fcle ja kl\u00f5psake nuppu \"J\u00e4tka\". Teid suunatakse \u00fcmber maksekanali lehele, et kinnitada oma tellimus. Vaadake oma andmed \u00fcle ja kl\u00f5psake \"Osta\".<\/span><\/p>\n<p><img loading=\"lazy\" decoding=\"async\" class=\"alignnone wp-image-3436 size-full\" src=\"https:\/\/coinkickoff.com\/wp-content\/uploads\/mercuryo-mexc1u.png\" alt=\"\" width=\"1360\" height=\"791\" srcset=\"https:\/\/coinkickoff.com\/wp-content\/uploads\/mercuryo-mexc1u.png 1360w, https:\/\/coinkickoff.com\/wp-content\/uploads\/mercuryo-mexc1u-300x174.png 300w, https:\/\/coinkickoff.com\/wp-content\/uploads\/mercuryo-mexc1u-1024x596.png 1024w, https:\/\/coinkickoff.com\/wp-content\/uploads\/mercuryo-mexc1u-768x447.png 768w, https:\/\/coinkickoff.com\/wp-content\/uploads\/mercuryo-mexc1u-18x10.png 18w\" sizes=\"auto, (max-width: 1360px) 100vw, 1360px\" \/><\/p>\n<p><img loading=\"lazy\" decoding=\"async\" class=\"alignnone wp-image-3435 size-full\" src=\"https:\/\/coinkickoff.com\/wp-content\/uploads\/mercuryo-mexc.png\" alt=\"\" width=\"1407\" height=\"796\" srcset=\"https:\/\/coinkickoff.com\/wp-content\/uploads\/mercuryo-mexc.png 1407w, https:\/\/coinkickoff.com\/wp-content\/uploads\/mercuryo-mexc-300x170.png 300w, https:\/\/coinkickoff.com\/wp-content\/uploads\/mercuryo-mexc-1024x579.png 1024w, https:\/\/coinkickoff.com\/wp-content\/uploads\/mercuryo-mexc-768x434.png 768w, https:\/\/coinkickoff.com\/wp-content\/uploads\/mercuryo-mexc-18x10.png 18w, https:\/\/coinkickoff.com\/wp-content\/uploads\/mercuryo-mexc-600x338.png 600w\" sizes=\"auto, (max-width: 1407px) 100vw, 1407px\" \/><\/p>\n<p><span style=\"font-weight: 400;\">Siinkohal peate sisestama oma e-posti aadressi maksekanalisse. Kui teil ei ole teenusepakkuja juures kontot, suunatakse teid edasi konto avamiseks.<\/span><\/p>\n<h3><span class=\"ez-toc-section\" id=\"4_Trade_USDT_for_DOGE\"><\/span><span style=\"font-weight: 400;\">4. Kaubelda USDT DOGE vastu.<\/span><span class=\"ez-toc-section-end\"><\/span><\/h3>\n<p><span style=\"font-weight: 400;\">Kui ostate stabiilsecoin nagu USDT, saate selle MEXCis DOGE vastu vahetada. Kl\u00f5psake armatuurlaual nuppu \"Trade\". Uue ekraani vasakus nurgas otsige DOGE.<\/span><\/p>\n<p><img loading=\"lazy\" decoding=\"async\" class=\"alignnone wp-image-3443 size-full\" src=\"https:\/\/coinkickoff.com\/wp-content\/uploads\/mexctrade1.png\" alt=\"\" width=\"1436\" height=\"736\" srcset=\"https:\/\/coinkickoff.com\/wp-content\/uploads\/mexctrade1.png 1436w, https:\/\/coinkickoff.com\/wp-content\/uploads\/mexctrade1-300x154.png 300w, https:\/\/coinkickoff.com\/wp-content\/uploads\/mexctrade1-1024x525.png 1024w, https:\/\/coinkickoff.com\/wp-content\/uploads\/mexctrade1-768x394.png 768w, https:\/\/coinkickoff.com\/wp-content\/uploads\/mexctrade1-18x9.png 18w\" sizes=\"auto, (max-width: 1436px) 100vw, 1436px\" \/><\/p>\n<p><span style=\"font-weight: 400;\">Tulemuste hulgast valige DOGE\/USDT, et kaubelda kahe vara vahel.<\/span><\/p>\n<p><img loading=\"lazy\" decoding=\"async\" class=\"alignnone wp-image-3442 size-full\" src=\"https:\/\/coinkickoff.com\/wp-content\/uploads\/mexc-trade-2.png\" alt=\"\" width=\"1392\" height=\"748\" srcset=\"https:\/\/coinkickoff.com\/wp-content\/uploads\/mexc-trade-2.png 1392w, https:\/\/coinkickoff.com\/wp-content\/uploads\/mexc-trade-2-300x161.png 300w, https:\/\/coinkickoff.com\/wp-content\/uploads\/mexc-trade-2-1024x550.png 1024w, https:\/\/coinkickoff.com\/wp-content\/uploads\/mexc-trade-2-768x413.png 768w, https:\/\/coinkickoff.com\/wp-content\/uploads\/mexc-trade-2-18x10.png 18w\" sizes=\"auto, (max-width: 1392px) 100vw, 1392px\" \/><\/p>\n<p><span style=\"font-weight: 400;\">N\u00fc\u00fcd peate vaid sisestama ekraani allosas olevasse lahtrisse, kui palju DOGE soovite osta (v\u00f5i kui palju USDT soovite m\u00fc\u00fca). Saate selles aknas kohandada ostetavat summat.<\/span><\/p>\n<p><span style=\"font-weight: 400;\">Kui olete valmis tellimuse vormistamiseks, kl\u00f5psake nuppu Osta DOGE. See on k\u00f5ik.<\/span><\/p>\n<p><span style=\"font-weight: 400;\">Lisateavet leiate meie artiklitest Dogecoin ja MEXC vahetuse kohta.<\/span><\/p>","protected":false},"excerpt":{"rendered":"<p>Kuidas osta Dogecoin MEXC-is Dogecoin, kuigi kuulus kr\u00fcptovaluuta, ei ole tegelikult nagu Ethereum v\u00f5i Bitcoin. See tuntud meem coin on \u00fcsna v\u00e4\u00e4rtusetu, kuna see k\u00e4ivitati algselt naljana. Siiski on see n\u00fc\u00fcdseks \u00fcsna levinud, peamiselt t\u00e4nu Redditile ja Elon Muskile, ning seda v\u00f5ib leida peaaegu [...]<\/p>","protected":false},"author":3,"featured_media":155,"parent":3196,"menu_order":0,"comment_status":"closed","ping_status":"closed","template":"","meta":{"_genesis_hide_title":false,"_genesis_hide_breadcrumbs":false,"_genesis_hide_singular_image":false,"_genesis_hide_footer_widgets":false,"_genesis_custom_body_class":"","_genesis_custom_post_class":"","_genesis_layout":"","_glsr_average":0,"_glsr_ranking":0,"_glsr_reviews":0,"footnotes":""},"class_list":{"0":"post-3424","1":"page","2":"type-page","3":"status-publish","4":"has-post-thumbnail","6":"entry"},"featured_image_src":"https:\/\/coinkickoff.com\/wp-content\/uploads\/2022\/06\/Dogecoin-DOGE-600x400.jpg","featured_image_src_square":"https:\/\/coinkickoff.com\/wp-content\/uploads\/2022\/06\/Dogecoin-DOGE-600x600.jpg","_links":{"self":[{"href":"https:\/\/coinkickoff.com\/et\/wp-json\/wp\/v2\/pages\/3424","targetHints":{"allow":["GET"]}}],"collection":[{"href":"https:\/\/coinkickoff.com\/et\/wp-json\/wp\/v2\/pages"}],"about":[{"href":"https:\/\/coinkickoff.com\/et\/wp-json\/wp\/v2\/types\/page"}],"author":[{"embeddable":true,"href":"https:\/\/coinkickoff.com\/et\/wp-json\/wp\/v2\/users\/3"}],"replies":[{"embeddable":true,"href":"https:\/\/coinkickoff.com\/et\/wp-json\/wp\/v2\/comments?post=3424"}],"version-history":[{"count":3,"href":"https:\/\/coinkickoff.com\/et\/wp-json\/wp\/v2\/pages\/3424\/revisions"}],"predecessor-version":[{"id":4496,"href":"https:\/\/coinkickoff.com\/et\/wp-json\/wp\/v2\/pages\/3424\/revisions\/4496"}],"up":[{"embeddable":true,"href":"https:\/\/coinkickoff.com\/et\/wp-json\/wp\/v2\/pages\/3196"}],"wp:featuredmedia":[{"embeddable":true,"href":"https:\/\/coinkickoff.com\/et\/wp-json\/wp\/v2\/media\/155"}],"wp:attachment":[{"href":"https:\/\/coinkickoff.com\/et\/wp-json\/wp\/v2\/media?parent=3424"}],"curies":[{"name":"wp","href":"https:\/\/api.w.org\/{rel}","templated":true}]}}