{"id":3404,"date":"2026-01-08T14:07:29","date_gmt":"2026-01-08T14:07:29","guid":{"rendered":"https:\/\/coinkickoff.com\/?page_id=3404"},"modified":"2026-01-08T14:07:29","modified_gmt":"2026-01-08T14:07:29","slug":"how-to-buy-dogecoin-on-kraken","status":"publish","type":"page","link":"https:\/\/coinkickoff.com\/et\/how-to-buy-dogecoin\/how-to-buy-dogecoin-on-kraken\/","title":{"rendered":"Kuidas osta Dogecoin (DOGE) Krakenil"},"content":{"rendered":"<div id=\"ez-toc-container\" class=\"ez-toc-v2_0_80 counter-hierarchy ez-toc-counter ez-toc-transparent ez-toc-container-direction\">\n<div class=\"ez-toc-title-container\">\n<p class=\"ez-toc-title\" style=\"cursor:inherit\">Jaotised<\/p>\n<span class=\"ez-toc-title-toggle\"><a href=\"#\" class=\"ez-toc-pull-right ez-toc-btn ez-toc-btn-xs ez-toc-btn-default ez-toc-toggle\" aria-label=\"Sisukorra vaheldumine\"><span class=\"ez-toc-js-icon-con\"><span class=\"\"><span class=\"eztoc-hide\" style=\"display:none;\">Toggle<\/span><span class=\"ez-toc-icon-toggle-span\"><svg style=\"fill: #999;color:#999\" xmlns=\"http:\/\/www.w3.org\/2000\/svg\" class=\"list-377408\" width=\"20px\" height=\"20px\" viewbox=\"0 0 24 24\" fill=\"none\"><path d=\"M6 6H4v2h2V6zm14 0H8v2h12V6zM4 11h2v2H4v-2zm16 0H8v2h12v-2zM4 16h2v2H4v-2zm16 0H8v2h12v-2z\" fill=\"currentColor\"><\/path><\/svg><svg style=\"fill: #999;color:#999\" class=\"arrow-unsorted-368013\" xmlns=\"http:\/\/www.w3.org\/2000\/svg\" width=\"10px\" height=\"10px\" viewbox=\"0 0 24 24\" version=\"1.2\" baseprofile=\"tiny\"><path d=\"M18.2 9.3l-6.2-6.3-6.2 6.3c-.2.2-.3.4-.3.7s.1.5.3.7c.2.2.4.3.7.3h11c.3 0 .5-.1.7-.3.2-.2.3-.5.3-.7s-.1-.5-.3-.7zM5.8 14.7l6.2 6.3 6.2-6.3c.2-.2.3-.5.3-.7s-.1-.5-.3-.7c-.2-.2-.4-.3-.7-.3h-11c-.3 0-.5.1-.7.3-.2.2-.3.5-.3.7s.1.5.3.7z\"\/><\/svg><\/span><\/span><\/span><\/a><\/span><\/div>\n<nav><ul class='ez-toc-list ez-toc-list-level-1 eztoc-toggle-hide-by-default' ><li class='ez-toc-page-1 ez-toc-heading-level-2'><a class=\"ez-toc-link ez-toc-heading-1\" href=\"https:\/\/coinkickoff.com\/et\/how-to-buy-dogecoin\/how-to-buy-dogecoin-on-kraken\/#How_to_Buy_Dogecoin_on_Kraken\" >Kuidas osta Dogecoin Krakenil<\/a><\/li><li class='ez-toc-page-1 ez-toc-heading-level-2'><a class=\"ez-toc-link ez-toc-heading-2\" href=\"https:\/\/coinkickoff.com\/et\/how-to-buy-dogecoin\/how-to-buy-dogecoin-on-kraken\/#A_Step-By-Step_Guide_on_How_to_Buy_Dogecoin_on_Kraken\" >Samm-sammult juhend, kuidas osta Dogecoin Krakenil<\/a><ul class='ez-toc-list-level-3' ><li class='ez-toc-heading-level-3'><a class=\"ez-toc-link ez-toc-heading-3\" href=\"https:\/\/coinkickoff.com\/et\/how-to-buy-dogecoin\/how-to-buy-dogecoin-on-kraken\/#1_Register_an_Account_on_Kraken\" >1. Registreeri konto Krakenis<\/a><\/li><li class='ez-toc-page-1 ez-toc-heading-level-3'><a class=\"ez-toc-link ez-toc-heading-4\" href=\"https:\/\/coinkickoff.com\/et\/how-to-buy-dogecoin\/how-to-buy-dogecoin-on-kraken\/#2_Verify_Your_Account\" >2. Kontrollida oma kontot<\/a><\/li><li class='ez-toc-page-1 ez-toc-heading-level-3'><a class=\"ez-toc-link ez-toc-heading-5\" href=\"https:\/\/coinkickoff.com\/et\/how-to-buy-dogecoin\/how-to-buy-dogecoin-on-kraken\/#3_Deposit_FundsCrypto\" >3. Deposiitfondid \/ kr\u00fcpto<\/a><\/li><li class='ez-toc-page-1 ez-toc-heading-level-3'><a class=\"ez-toc-link ez-toc-heading-6\" href=\"https:\/\/coinkickoff.com\/et\/how-to-buy-dogecoin\/how-to-buy-dogecoin-on-kraken\/#4_Navigate_to_the_Relevant_Screen_to_Buy\" >4. Navigeerige ostmiseks vastavale ekraanile<\/a><\/li><\/ul><\/li><\/ul><\/nav><\/div>\n<h2><span class=\"ez-toc-section\" id=\"How_to_Buy_Dogecoin_on_Kraken\"><\/span><span style=\"font-weight: 400;\">Kuidas osta Dogecoin Krakenil<\/span><span class=\"ez-toc-section-end\"><\/span><\/h2>\n<p><span style=\"font-weight: 400;\"><a href=\"https:\/\/coinkickoff.com\/et\/dogecoin-doge\/\" data-internallinksmanager029f6b8e52c=\"14\" title=\"Mis on Dogecoin (DOGE)? Kuidas see t\u00f6\u00f6tab ja kust seda osta?\">Dogecoin<\/a> (DOGE) on \u00fcks suurimaid kr\u00fcptovaluutasid turukapitali j\u00e4rgi, hoolimata v\u00f5i ehk just selle t\u00f5ttu, et ta on maailma esimene meem coin. token k\u00e4ivitati peamiselt naljana, mis oli inspireeritud \"doge-meemist\", kuid sai t\u00e4nu internetile ja sotsiaalmeediale kiiresti populaarseks.<\/span><\/p>\n<p><span style=\"font-weight: 400;\">Kui soovite osta <a href=\"https:\/\/coinkickoff.com\/et\/dogecoin-doge\/\">Dogecoin<\/a> aadressil <a href=\"https:\/\/coinkickoff.com\/et\/kraken-review\/\">Kraken<\/a> kuid ei ole kindel, kuidas olete \u00f5iges kohas. Siin on samm-sammult jaotus, kuidas osta Dogecoin kohta <a href=\"https:\/\/coinkickoff.com\/et\/kraken-review\/\" data-internallinksmanager029f6b8e52c=\"171\" title=\"Kraken Arvamused 2023: Tasud, omadused, turvalisus, plussid ja miinused\">Kraken<\/a>.<\/span><\/p>\n<h2><span class=\"ez-toc-section\" id=\"A_Step-By-Step_Guide_on_How_to_Buy_Dogecoin_on_Kraken\"><\/span><span style=\"font-weight: 400;\">Samm-sammult juhend, kuidas osta Dogecoin Krakenil<\/span><span class=\"ez-toc-section-end\"><\/span><\/h2>\n<h3><span class=\"ez-toc-section\" id=\"1_Register_an_Account_on_Kraken\"><\/span><span style=\"font-weight: 400;\">1. Registreeri konto Krakenis<\/span><span class=\"ez-toc-section-end\"><\/span><\/h3>\n<p><img loading=\"lazy\" decoding=\"async\" class=\"alignnone wp-image-3406 size-full\" src=\"https:\/\/coinkickoff.com\/wp-content\/uploads\/kraken1-e1682502957481.png\" alt=\"kuidas osta Dogecoin Krakenil\" width=\"1339\" height=\"763\" srcset=\"https:\/\/coinkickoff.com\/wp-content\/uploads\/kraken1-e1682502957481.png 1339w, https:\/\/coinkickoff.com\/wp-content\/uploads\/kraken1-e1682502957481-300x171.png 300w, https:\/\/coinkickoff.com\/wp-content\/uploads\/kraken1-e1682502957481-1024x584.png 1024w, https:\/\/coinkickoff.com\/wp-content\/uploads\/kraken1-e1682502957481-768x438.png 768w, https:\/\/coinkickoff.com\/wp-content\/uploads\/kraken1-e1682502957481-18x10.png 18w\" sizes=\"auto, (max-width: 1339px) 100vw, 1339px\" \/> I<span style=\"font-weight: 400;\">Kui teil ei ole veel Krakeni kontot, k\u00fclastage veebilehte <a href=\"https:\/\/kraken.pxf.io\/B0Rny4\" rel=\"nofollow noopener\" target=\"_blank\">Kraken'i ametlik veebisait<\/a> ja kl\u00f5psake \"Loo konto\". Sisestage oma e-posti aadress, kasutajanimi ja tugev numbri- ja erim\u00e4rkidega parool. Valige oma elukohariik ja -riik ning looge oma konto.\u00a0<\/span><\/p>\n<p><span style=\"font-weight: 400;\">Kraken saadab teile e-kirja ja konto aktiveerimise lingi. J\u00e4rgige linki, et oma kontole sisse logida.<\/span><\/p>\n<h3><span class=\"ez-toc-section\" id=\"2_Verify_Your_Account\"><\/span><span style=\"font-weight: 400;\">2. Kontrollida oma kontot<\/span><span class=\"ez-toc-section-end\"><\/span><\/h3>\n<p><span style=\"font-weight: 400;\">Krakenist kr\u00fcpto ostmiseks peate t\u00e4itma nende KYC n\u00f5udeid ning esitama m\u00f5ned isikuandmed ja isikut t\u00f5endava dokumendi. Niisiis, teine samm on teie isikusamasuse kontrollimine.<\/span><\/p>\n<p><span style=\"font-weight: 400;\">M\u00f5ned b\u00f6rsid v\u00f5imaldavad teil oma platvormil kr\u00fcpto hoiustada ilma ID-kontrolli l\u00f5petamata. Pange t\u00e4hele, et Kraken on <\/span><i><span style=\"font-weight: 400;\">mitte <\/span><\/i><span style=\"font-weight: 400;\">\u00fcks neist vahetustest. <\/span><b>Enne platvormil hoiustamist peate oma isikusamasust kontrollima.<\/b><\/p>\n<p><span style=\"font-weight: 400;\">Kraken saadab teile e-kirja, et tuletada teile meelde teie konto kinnitamist. V\u00f5ite kl\u00f5psata ka p\u00f5hilehe vasakul pool asuval ikoonil \"Osta\", mille j\u00e4rel Kraken palub teil kohe ID-vastavuse kinnitamise l\u00f5pule viia.<\/span><\/p>\n<p><img loading=\"lazy\" decoding=\"async\" class=\"alignnone wp-image-3407 size-full\" src=\"https:\/\/coinkickoff.com\/wp-content\/uploads\/kraken2-e1682502904796.png\" alt=\"kraken kontrollhoiatus\" width=\"1378\" height=\"770\" \/><\/p>\n<p><span style=\"font-weight: 400;\">Kl\u00f5psake lihtsalt nuppu Verify ja teid suunatakse asjaomasele lehele. Kontrollimise alustamiseks sisestage oma seaduslik nimi, s\u00fcnniaeg, aadress ja telefoninumber. Kl\u00f5psake nupule J\u00e4tka.<\/span><\/p>\n<p><img loading=\"lazy\" decoding=\"async\" class=\"alignnone wp-image-3408 size-full\" src=\"https:\/\/coinkickoff.com\/wp-content\/uploads\/kraken3-e1682503223180.png\" alt=\"\" width=\"1375\" height=\"777\" srcset=\"https:\/\/coinkickoff.com\/wp-content\/uploads\/kraken3-e1682503223180.png 1375w, https:\/\/coinkickoff.com\/wp-content\/uploads\/kraken3-e1682503223180-300x170.png 300w, https:\/\/coinkickoff.com\/wp-content\/uploads\/kraken3-e1682503223180-1024x579.png 1024w, https:\/\/coinkickoff.com\/wp-content\/uploads\/kraken3-e1682503223180-768x434.png 768w, https:\/\/coinkickoff.com\/wp-content\/uploads\/kraken3-e1682503223180-18x10.png 18w, https:\/\/coinkickoff.com\/wp-content\/uploads\/kraken3-e1682503223180-600x338.png 600w\" sizes=\"auto, (max-width: 1375px) 100vw, 1375px\" \/><\/p>\n<p><span style=\"font-weight: 400;\">J\u00e4rgmisel lehek\u00fcljel palutakse teil esitada lisadokumendid, sealhulgas isikut t\u00f5endav foto, n\u00e4iteks passi v\u00f5i juhiloa lehek\u00fclg.<\/span><\/p>\n<h3><span class=\"ez-toc-section\" id=\"3_Deposit_FundsCrypto\"><\/span><span style=\"font-weight: 400;\">3. Deposiitfondid \/ kr\u00fcpto<\/span><span class=\"ez-toc-section-end\"><\/span><\/h3>\n<p><span style=\"font-weight: 400;\">Kui teil on juba kr\u00fcpto, saate oma coins Krakenisse hoiustada ja neid DOGE vastu vahetada. Vastasel juhul ostate Krakenis lihtsalt DOGE fiat-valuutaga.\u00a0<\/span><\/p>\n<p><span style=\"font-weight: 400;\">Soovitame tungivalt kaitsta oma kontot kahefaktorilise autentimise (2FA) abil, enne kui lisate makseviisi v\u00f5i teete fiatraha sissemakseid. 2FA lisab teie kontole t\u00e4iendava turvakihi.<\/span><\/p>\n<p><span style=\"font-weight: 400;\">2FA aktiveerimiseks kl\u00f5psake oma profiili nimele (\u00fcleval paremal) ja valige rippmen\u00fc\u00fcst \"Turvalisus\". Seadete kohandamiseks kl\u00f5psake \"2FA seaded\".<\/span><\/p>\n<p><img loading=\"lazy\" decoding=\"async\" class=\"alignnone wp-image-3409 size-full\" src=\"https:\/\/coinkickoff.com\/wp-content\/uploads\/kraken4-e1682503267822.png\" alt=\"\" width=\"1360\" height=\"795\" srcset=\"https:\/\/coinkickoff.com\/wp-content\/uploads\/kraken4-e1682503267822.png 1360w, https:\/\/coinkickoff.com\/wp-content\/uploads\/kraken4-e1682503267822-300x175.png 300w, https:\/\/coinkickoff.com\/wp-content\/uploads\/kraken4-e1682503267822-1024x599.png 1024w, https:\/\/coinkickoff.com\/wp-content\/uploads\/kraken4-e1682503267822-768x449.png 768w, https:\/\/coinkickoff.com\/wp-content\/uploads\/kraken4-e1682503267822-18x12.png 18w\" sizes=\"auto, (max-width: 1360px) 100vw, 1360px\" \/><\/p>\n<p><span style=\"font-weight: 400;\">Kraken pakub mitmeid 2FA v\u00f5imalusi. Saate 2FA-d lubada erinevate toimingute jaoks, nagu sisselogimine, rahastamine, kauplemine ja v\u00e4ljav\u00f5tmine.<\/span><\/p>\n<p><span style=\"font-weight: 400;\"><img loading=\"lazy\" decoding=\"async\" class=\"alignnone wp-image-3405 size-full\" src=\"https:\/\/coinkickoff.com\/wp-content\/uploads\/kraken-5-e1682503294785.png\" alt=\"\" width=\"1357\" height=\"770\" srcset=\"https:\/\/coinkickoff.com\/wp-content\/uploads\/kraken-5-e1682503294785.png 1357w, https:\/\/coinkickoff.com\/wp-content\/uploads\/kraken-5-e1682503294785-300x170.png 300w, https:\/\/coinkickoff.com\/wp-content\/uploads\/kraken-5-e1682503294785-1024x581.png 1024w, https:\/\/coinkickoff.com\/wp-content\/uploads\/kraken-5-e1682503294785-768x436.png 768w, https:\/\/coinkickoff.com\/wp-content\/uploads\/kraken-5-e1682503294785-18x10.png 18w\" sizes=\"auto, (max-width: 1357px) 100vw, 1357px\" \/><\/span><\/p>\n<p><span style=\"font-weight: 400;\">2FA seadistamine on \u00fcsna lihtne. Laadige alla Google Authenticatori rakendus ja skannige ekraanil olev QR-kood. Rakendus genereerib koodi, mille saate sisestada 2FA aktiveerimiseks.\u00a0<\/span><\/p>\n<p><img loading=\"lazy\" decoding=\"async\" class=\"alignnone wp-image-3410 size-full\" src=\"https:\/\/coinkickoff.com\/wp-content\/uploads\/kraken6-e1682503322525.png\" alt=\"\" width=\"1357\" height=\"791\" \/><\/p>\n<p><span style=\"font-weight: 400;\">Kui olete 2FA aktiveerinud, peate oma kontole sisselogimiseks kasutama rakendust Google Authenticator. Rakendus genereerib iga sisselogimise jaoks unikaalse \u00fchekordse parooli.<\/span><\/p>\n<p><span style=\"font-weight: 400;\">P\u00e4rast 2FA aktiveerimist olete valmis oma Krakeni kontole raha eraldama. Teil on kaks v\u00f5imalust osta DOGE Krakenist. Saate lisada oma kontole kohese makseviisi, n\u00e4iteks krediitkaardi, v\u00f5i \u00fchendada oma pangakonto Krakeniga, et raha h\u00f5lpsasti \u00fcle kanda.<\/span><\/p>\n<p><span style=\"font-weight: 400;\">Kohese makseviisi lisamine on kiirem ja lihtsam. Lihtsalt kl\u00f5psake \u00fclemises men\u00fc\u00fcs \"Osta kr\u00fcpto\".<\/span><\/p>\n<p><img loading=\"lazy\" decoding=\"async\" class=\"alignnone wp-image-3412 size-full\" src=\"https:\/\/coinkickoff.com\/wp-content\/uploads\/kraken8-e1682503364155.png\" alt=\"\" width=\"1206\" height=\"781\" srcset=\"https:\/\/coinkickoff.com\/wp-content\/uploads\/kraken8-e1682503364155.png 1206w, https:\/\/coinkickoff.com\/wp-content\/uploads\/kraken8-e1682503364155-300x194.png 300w, https:\/\/coinkickoff.com\/wp-content\/uploads\/kraken8-e1682503364155-1024x663.png 1024w, https:\/\/coinkickoff.com\/wp-content\/uploads\/kraken8-e1682503364155-768x497.png 768w, https:\/\/coinkickoff.com\/wp-content\/uploads\/kraken8-e1682503364155-18x12.png 18w\" sizes=\"auto, (max-width: 1206px) 100vw, 1206px\" \/><\/p>\n<p><span style=\"font-weight: 400;\">Uuel lehel valige \"Makseviisid\".<\/span><\/p>\n<p><span style=\"font-weight: 400;\">Kl\u00f5psake nuppu \"Lisa makseviisid\". Saate lisada <\/span><a href=\"https:\/\/support.kraken.com\/hc\/en-us\/articles\/360048212832-Visa-and-MasterCard-purchases\" target=\"_blank\" rel=\"noopener\"><span style=\"font-weight: 400;\">Visa ja Mastercard deebet-\/krediitkaart<\/span><\/a><span style=\"font-weight: 400;\"> v\u00f5i teha sularaha sissemakseid oma kontole internetipanga kaudu.<\/span><\/p>\n<p><img loading=\"lazy\" decoding=\"async\" class=\"alignnone wp-image-3413 size-full\" src=\"https:\/\/coinkickoff.com\/wp-content\/uploads\/kraken9-e1682503407337.png\" alt=\"\" width=\"1196\" height=\"776\" srcset=\"https:\/\/coinkickoff.com\/wp-content\/uploads\/kraken9-e1682503407337.png 1196w, https:\/\/coinkickoff.com\/wp-content\/uploads\/kraken9-e1682503407337-300x195.png 300w, https:\/\/coinkickoff.com\/wp-content\/uploads\/kraken9-e1682503407337-1024x664.png 1024w, https:\/\/coinkickoff.com\/wp-content\/uploads\/kraken9-e1682503407337-768x498.png 768w, https:\/\/coinkickoff.com\/wp-content\/uploads\/kraken9-e1682503407337-18x12.png 18w\" sizes=\"auto, (max-width: 1196px) 100vw, 1196px\" \/><\/p>\n<p><span style=\"font-weight: 400;\">Kl\u00f5psake eelistatud meetodil ja sisestage asjaomane teave.\u00a0<\/span><\/p>\n<p><span style=\"font-weight: 400;\">Krediit- ja deebetkaardiga ostmine on kiirem, kuid tavaliselt kallim, sest kaardipakkujad v\u00f5tavad lisatasusid.<\/span><\/p>\n<p><span style=\"font-weight: 400;\">Kui valite sularaha sissemakse, saate oma kontot rahastada internetipanga kaudu. Valige valuuta, mida soovite hoiustada, ja valige hoiustamismeetod.<\/span><\/p>\n<p><img loading=\"lazy\" decoding=\"async\" class=\"alignnone wp-image-3414 size-full\" src=\"https:\/\/coinkickoff.com\/wp-content\/uploads\/kraken-deposit.png\" alt=\"\" width=\"752\" height=\"298\" srcset=\"https:\/\/coinkickoff.com\/wp-content\/uploads\/kraken-deposit.png 752w, https:\/\/coinkickoff.com\/wp-content\/uploads\/kraken-deposit-300x119.png 300w, https:\/\/coinkickoff.com\/wp-content\/uploads\/kraken-deposit-18x7.png 18w\" sizes=\"auto, (max-width: 752px) 100vw, 752px\" \/> <img loading=\"lazy\" decoding=\"async\" class=\"alignnone wp-image-3415 size-full\" src=\"https:\/\/coinkickoff.com\/wp-content\/uploads\/kraken-deposit-2.png\" alt=\"\" width=\"808\" height=\"547\" srcset=\"https:\/\/coinkickoff.com\/wp-content\/uploads\/kraken-deposit-2.png 808w, https:\/\/coinkickoff.com\/wp-content\/uploads\/kraken-deposit-2-300x203.png 300w, https:\/\/coinkickoff.com\/wp-content\/uploads\/kraken-deposit-2-768x520.png 768w, https:\/\/coinkickoff.com\/wp-content\/uploads\/kraken-deposit-2-18x12.png 18w\" sizes=\"auto, (max-width: 808px) 100vw, 808px\" \/><\/p>\n<p><span style=\"font-weight: 400;\">Palun lugege hoolikalt k\u00f5iki juhiseid, kui saadate raha oma Krakeni kontole. Te peate v\u00f5ib-olla sisestama viitekoodi, et tagada, et teie sissemakse j\u00f5uab Krakenile.<\/span><\/p>\n<p><span style=\"font-weight: 400;\">Raha peaks teie kontole j\u00f5udma paari p\u00e4eva jooksul, kuid arvestage pangap\u00fchade ja muude v\u00f5imalike viivitustega. Saate kontrollida, kas teie raha on kohale j\u00f5udnud, kl\u00f5psates vahekaartidel \"Trade\" v\u00f5i \"Funding\".<\/span><\/p>\n<h3><span class=\"ez-toc-section\" id=\"4_Navigate_to_the_Relevant_Screen_to_Buy\"><\/span><span style=\"font-weight: 400;\">4. Navigeerige ostmiseks vastavale ekraanile<\/span><span class=\"ez-toc-section-end\"><\/span><\/h3>\n<p><span style=\"font-weight: 400;\">Krakenil on kaks v\u00f5imalust DOGE ostmiseks. Esimene ja k\u00f5ige lihtsam on kasutada lihtsat ostu\/m\u00fc\u00fcgi vidinat. Kl\u00f5psake armatuurlaual (\u00fcleval keskel) vahekaardil \"Buy Crypto\" ja valige \"Buy\".<\/span><\/p>\n<p><span style=\"font-weight: 400;\">Valige vidina rippmen\u00fc\u00fcst DOGE ja sisestage, kui palju soovite kulutada. Valige makseviis (krediit- v\u00f5i pangakaart v\u00f5i sularaha).<\/span><\/p>\n<p><span style=\"font-weight: 400;\">Kraken kuvab, kui palju DOGE saate oma raha eest ja mis tahes asjakohased tasud, mis kehtivad teie ostu puhul. Kl\u00f5psake kinnitust ja olete valmis.\u00a0<\/span><\/p>\n<p><span style=\"font-weight: 400;\">Kuigi see meetod on suurep\u00e4rane esmakordsetele kasutajatele, on tegelikult olemas odavam meetod DOGE ostmiseks Krakenist.<\/span><\/p>\n<p><img loading=\"lazy\" decoding=\"async\" class=\"alignnone wp-image-3416 size-full\" src=\"https:\/\/coinkickoff.com\/wp-content\/uploads\/kraken-trade1.png\" alt=\"\" width=\"1139\" height=\"206\" srcset=\"https:\/\/coinkickoff.com\/wp-content\/uploads\/kraken-trade1.png 1139w, https:\/\/coinkickoff.com\/wp-content\/uploads\/kraken-trade1-300x54.png 300w, https:\/\/coinkickoff.com\/wp-content\/uploads\/kraken-trade1-1024x185.png 1024w, https:\/\/coinkickoff.com\/wp-content\/uploads\/kraken-trade1-768x139.png 768w, https:\/\/coinkickoff.com\/wp-content\/uploads\/kraken-trade1-18x3.png 18w\" sizes=\"auto, (max-width: 1139px) 100vw, 1139px\" \/><\/p>\n<p><span style=\"font-weight: 400;\">Valige peamisel armatuurlaual \"Kaubandus\". Kl\u00f5psake vahekaardil \"New Order\" ja valige \"Simple Order\".\u00a0<\/span>\u00a0\u00a0<img loading=\"lazy\" decoding=\"async\" class=\"alignnone wp-image-3419 size-full\" src=\"https:\/\/coinkickoff.com\/wp-content\/uploads\/kraken-trade4-e1682504018815.png\" alt=\"\" width=\"1220\" height=\"309\" srcset=\"https:\/\/coinkickoff.com\/wp-content\/uploads\/kraken-trade4-e1682504018815.png 1220w, https:\/\/coinkickoff.com\/wp-content\/uploads\/kraken-trade4-e1682504018815-300x76.png 300w, https:\/\/coinkickoff.com\/wp-content\/uploads\/kraken-trade4-e1682504018815-1024x259.png 1024w, https:\/\/coinkickoff.com\/wp-content\/uploads\/kraken-trade4-e1682504018815-768x195.png 768w, https:\/\/coinkickoff.com\/wp-content\/uploads\/kraken-trade4-e1682504018815-18x5.png 18w\" sizes=\"auto, (max-width: 1220px) 100vw, 1220px\" \/><span style=\"font-weight: 400;\">Kohandage valuutat\u00fc\u00fcpe tellimuse vormil. N\u00e4iteks saate kohandada kulutuste veeru USD ja ostu veeru DOGE.<\/span><\/p>\n<p><span style=\"font-weight: 400;\">Sisestage kulutuste veergu, kui palju soovite kulutada. Sisestage vahekaardile hind, mille eest soovite osta DOGE. Teile pakutakse automaatselt fikseeritud turuhinda, kuid v\u00f5ite ka ise hinna m\u00e4\u00e4rata.<\/span><\/p>\n<p><span style=\"font-weight: 400;\">Kui n\u00f5ustute pakutud turuhinnaga, annate turukorralduse. See t\u00e4hendab lihtsalt seda, et teie tellimus t\u00e4idetakse \u00fcsna kiiresti, sest te v\u00f5tate vastu kellegi teise pakkumise m\u00fc\u00fca teile DOGE tema poolt m\u00e4\u00e4ratud hinnaga.\u00a0<\/span><\/p>\n<p><span style=\"font-weight: 400;\">Kui m\u00e4\u00e4rate hinna ise, v\u00f5ib m\u00fc\u00fcgi teostamine v\u00f5tta veidi kauem aega, sest keegi teine peab n\u00f5ustuma, et m\u00fc\u00fca teile DOGE selle hinnaga. Seda nimetatakse muidu limiidikorralduseks.<\/span><\/p>\n<p><span style=\"font-weight: 400;\">Vaadake oma tellimus l\u00e4bi ja kl\u00f5psake nuppu \"Ostmine\".<\/span><\/p>\n<p><span style=\"font-weight: 400;\">Saate kl\u00f5psata vahekaardil tellimused, et n\u00e4ha, kas tehing on l\u00f5pule viidud. Kui tellimus on suletud, siis ostsite edukalt coin. Kui tellimus on avatud, ootate veel, et keegi m\u00fc\u00fcks teile DOGE.<\/span><\/p>\n<p><span style=\"font-weight: 400;\">See on k\u00f5ik. Palju \u00f5nne!\u00a0<\/span><\/p>","protected":false},"excerpt":{"rendered":"<p>Kuidas osta Dogecoin Krakenil Dogecoin (DOGE) on \u00fcks suurimaid kr\u00fcptovaluutasid turukapitali j\u00e4rgi, hoolimata v\u00f5i v\u00f5ib-olla just selle t\u00f5ttu, et see on maailma esimene meem coin. token k\u00e4ivitati peamiselt naljana, mis oli inspireeritud \"doge-meemist\", kuid saavutas t\u00e4nu internetile ja sotsiaalmeediale kiiresti populaarsuse. Kui [...]<\/p>","protected":false},"author":3,"featured_media":155,"parent":3196,"menu_order":0,"comment_status":"closed","ping_status":"closed","template":"","meta":{"_genesis_hide_title":false,"_genesis_hide_breadcrumbs":false,"_genesis_hide_singular_image":false,"_genesis_hide_footer_widgets":false,"_genesis_custom_body_class":"","_genesis_custom_post_class":"","_genesis_layout":"","_glsr_average":0,"_glsr_ranking":0,"_glsr_reviews":0,"footnotes":""},"class_list":{"0":"post-3404","1":"page","2":"type-page","3":"status-publish","4":"has-post-thumbnail","6":"entry"},"featured_image_src":"https:\/\/coinkickoff.com\/wp-content\/uploads\/2022\/06\/Dogecoin-DOGE-600x400.jpg","featured_image_src_square":"https:\/\/coinkickoff.com\/wp-content\/uploads\/2022\/06\/Dogecoin-DOGE-600x600.jpg","_links":{"self":[{"href":"https:\/\/coinkickoff.com\/et\/wp-json\/wp\/v2\/pages\/3404","targetHints":{"allow":["GET"]}}],"collection":[{"href":"https:\/\/coinkickoff.com\/et\/wp-json\/wp\/v2\/pages"}],"about":[{"href":"https:\/\/coinkickoff.com\/et\/wp-json\/wp\/v2\/types\/page"}],"author":[{"embeddable":true,"href":"https:\/\/coinkickoff.com\/et\/wp-json\/wp\/v2\/users\/3"}],"replies":[{"embeddable":true,"href":"https:\/\/coinkickoff.com\/et\/wp-json\/wp\/v2\/comments?post=3404"}],"version-history":[{"count":3,"href":"https:\/\/coinkickoff.com\/et\/wp-json\/wp\/v2\/pages\/3404\/revisions"}],"predecessor-version":[{"id":4494,"href":"https:\/\/coinkickoff.com\/et\/wp-json\/wp\/v2\/pages\/3404\/revisions\/4494"}],"up":[{"embeddable":true,"href":"https:\/\/coinkickoff.com\/et\/wp-json\/wp\/v2\/pages\/3196"}],"wp:featuredmedia":[{"embeddable":true,"href":"https:\/\/coinkickoff.com\/et\/wp-json\/wp\/v2\/media\/155"}],"wp:attachment":[{"href":"https:\/\/coinkickoff.com\/et\/wp-json\/wp\/v2\/media?parent=3404"}],"curies":[{"name":"wp","href":"https:\/\/api.w.org\/{rel}","templated":true}]}}