{"id":3394,"date":"2026-01-08T14:07:29","date_gmt":"2026-01-08T14:07:29","guid":{"rendered":"https:\/\/coinkickoff.com\/?page_id=3394"},"modified":"2026-01-08T14:07:29","modified_gmt":"2026-01-08T14:07:29","slug":"how-to-buy-dogecoin-on-poloniex","status":"publish","type":"page","link":"https:\/\/coinkickoff.com\/et\/how-to-buy-dogecoin\/how-to-buy-dogecoin-on-poloniex\/","title":{"rendered":"Kuidas osta Dogecoin (DOGE) Poloniexil"},"content":{"rendered":"<h2><span style=\"font-weight: 400;\"><img loading=\"lazy\" decoding=\"async\" class=\"alignnone wp-image-155 size-full\" src=\"https:\/\/coinkickoff.com\/wp-content\/uploads\/2022\/06\/Dogecoin-DOGE.jpg\" alt=\"kuidas osta dogecoin poloniexil\" width=\"1000\" height=\"800\" srcset=\"https:\/\/coinkickoff.com\/wp-content\/uploads\/2022\/06\/Dogecoin-DOGE.jpg 1000w, https:\/\/coinkickoff.com\/wp-content\/uploads\/2022\/06\/Dogecoin-DOGE-300x240.jpg 300w, https:\/\/coinkickoff.com\/wp-content\/uploads\/2022\/06\/Dogecoin-DOGE-768x614.jpg 768w, https:\/\/coinkickoff.com\/wp-content\/uploads\/2022\/06\/Dogecoin-DOGE-15x12.jpg 15w\" sizes=\"auto, (max-width: 1000px) 100vw, 1000px\" \/><\/span><\/h2>\n<div id=\"ez-toc-container\" class=\"ez-toc-v2_0_80 counter-hierarchy ez-toc-counter ez-toc-transparent ez-toc-container-direction\">\n<div class=\"ez-toc-title-container\">\n<p class=\"ez-toc-title\" style=\"cursor:inherit\">Jaotised<\/p>\n<span class=\"ez-toc-title-toggle\"><a href=\"#\" class=\"ez-toc-pull-right ez-toc-btn ez-toc-btn-xs ez-toc-btn-default ez-toc-toggle\" aria-label=\"Sisukorra vaheldumine\"><span class=\"ez-toc-js-icon-con\"><span class=\"\"><span class=\"eztoc-hide\" style=\"display:none;\">Toggle<\/span><span class=\"ez-toc-icon-toggle-span\"><svg style=\"fill: #999;color:#999\" xmlns=\"http:\/\/www.w3.org\/2000\/svg\" class=\"list-377408\" width=\"20px\" height=\"20px\" viewbox=\"0 0 24 24\" fill=\"none\"><path d=\"M6 6H4v2h2V6zm14 0H8v2h12V6zM4 11h2v2H4v-2zm16 0H8v2h12v-2zM4 16h2v2H4v-2zm16 0H8v2h12v-2z\" fill=\"currentColor\"><\/path><\/svg><svg style=\"fill: #999;color:#999\" class=\"arrow-unsorted-368013\" xmlns=\"http:\/\/www.w3.org\/2000\/svg\" width=\"10px\" height=\"10px\" viewbox=\"0 0 24 24\" version=\"1.2\" baseprofile=\"tiny\"><path d=\"M18.2 9.3l-6.2-6.3-6.2 6.3c-.2.2-.3.4-.3.7s.1.5.3.7c.2.2.4.3.7.3h11c.3 0 .5-.1.7-.3.2-.2.3-.5.3-.7s-.1-.5-.3-.7zM5.8 14.7l6.2 6.3 6.2-6.3c.2-.2.3-.5.3-.7s-.1-.5-.3-.7c-.2-.2-.4-.3-.7-.3h-11c-.3 0-.5.1-.7.3-.2.2-.3.5-.3.7s.1.5.3.7z\"\/><\/svg><\/span><\/span><\/span><\/a><\/span><\/div>\n<nav><ul class='ez-toc-list ez-toc-list-level-1 eztoc-toggle-hide-by-default' ><li class='ez-toc-page-1 ez-toc-heading-level-2'><a class=\"ez-toc-link ez-toc-heading-1\" href=\"https:\/\/coinkickoff.com\/et\/how-to-buy-dogecoin\/how-to-buy-dogecoin-on-poloniex\/#How_to_Buy_Dogecoin_on_Poloniex\" >Kuidas osta Dogecoin Poloniexil<\/a><\/li><li class='ez-toc-page-1 ez-toc-heading-level-2'><a class=\"ez-toc-link ez-toc-heading-2\" href=\"https:\/\/coinkickoff.com\/et\/how-to-buy-dogecoin\/how-to-buy-dogecoin-on-poloniex\/#A_Step-By-Step_Guide_on_How_to_Buy_Dogecoin_on_Poloniex\" >Samm-sammult juhend, kuidas osta Dogecoin Poloniexis<\/a><ul class='ez-toc-list-level-3' ><li class='ez-toc-heading-level-3'><a class=\"ez-toc-link ez-toc-heading-3\" href=\"https:\/\/coinkickoff.com\/et\/how-to-buy-dogecoin\/how-to-buy-dogecoin-on-poloniex\/#1_Register_an_Account\" >1. Registreeri konto<\/a><\/li><li class='ez-toc-page-1 ez-toc-heading-level-3'><a class=\"ez-toc-link ez-toc-heading-4\" href=\"https:\/\/coinkickoff.com\/et\/how-to-buy-dogecoin\/how-to-buy-dogecoin-on-poloniex\/#2_Verify_Your_Account\" >2. Kontrollida oma kontot<\/a><\/li><li class='ez-toc-page-1 ez-toc-heading-level-3'><a class=\"ez-toc-link ez-toc-heading-5\" href=\"https:\/\/coinkickoff.com\/et\/how-to-buy-dogecoin\/how-to-buy-dogecoin-on-poloniex\/#3_Buy_Crypto\" >3. Osta kr\u00fcpto<\/a><\/li><li class='ez-toc-page-1 ez-toc-heading-level-3'><a class=\"ez-toc-link ez-toc-heading-6\" href=\"https:\/\/coinkickoff.com\/et\/how-to-buy-dogecoin\/how-to-buy-dogecoin-on-poloniex\/#4_Trade_USDT_for_DOGE\" >4. Kaubelda USDT DOGE vastu.<\/a><\/li><\/ul><\/li><\/ul><\/nav><\/div>\n<h2><span class=\"ez-toc-section\" id=\"How_to_Buy_Dogecoin_on_Poloniex\"><\/span><span style=\"font-weight: 400;\">Kuidas osta Dogecoin Poloniexil<\/span><span class=\"ez-toc-section-end\"><\/span><\/h2>\n<p><span style=\"font-weight: 400;\">Kuigi <a href=\"https:\/\/coinkickoff.com\/et\/dogecoin-doge\/\">DOGE<\/a> ei ole kasutusjuhend, see on \u00fcsna populaarne ja seda v\u00f5ib leida enamikul <a href=\"https:\/\/coinkickoff.com\/et\/crypto-exchanges\/\" data-internallinksmanager029f6b8e52c=\"141\" title=\"21 Parimad kr\u00fcptovaluuta vahetused ja rakendused aastal 2024\">kr\u00fcptovahetused<\/a>, sealhulgas <a href=\"https:\/\/coinkickoff.com\/et\/poloniex-review\/\">Poloniex<\/a>. coin on v\u00e4ga odav ja \u00fcsna v\u00e4\u00e4rtusetu.\u00a0<\/span><\/p>\n<p><span style=\"font-weight: 400;\">Kui soovite nalja ostes osa saada m\u00f5nest <a href=\"https:\/\/coinkickoff.com\/et\/dogecoin-doge\/\" data-internallinksmanager029f6b8e52c=\"14\" title=\"Mis on Dogecoin (DOGE)? Kuidas see t\u00f6\u00f6tab ja kust seda osta?\">Dogecoin<\/a> kuid ei tea, kust alustada, siis olete \u00f5iges kohas. Meil on samm-sammult juhend, kuidas osta Dogecoin kohta <a href=\"https:\/\/coinkickoff.com\/et\/poloniex-review\/\" data-internallinksmanager029f6b8e52c=\"164\" title=\"Poloniex Arvamused 2023: Tasud, omadused, turvalisus, plussid ja miinused\">Poloniex<\/a>. Siin me l\u00e4heme.<\/span><\/p>\n<h2><span class=\"ez-toc-section\" id=\"A_Step-By-Step_Guide_on_How_to_Buy_Dogecoin_on_Poloniex\"><\/span><span style=\"font-weight: 400;\">Samm-sammult juhend, kuidas osta Dogecoin Poloniexis<\/span><span class=\"ez-toc-section-end\"><\/span><\/h2>\n<h3><span class=\"ez-toc-section\" id=\"1_Register_an_Account\"><\/span><span style=\"font-weight: 400;\">1. Registreeri konto<\/span><span class=\"ez-toc-section-end\"><\/span><\/h3>\n<p><span style=\"font-weight: 400;\">K\u00f5igepealt minge <a href=\"https:\/\/poloniex.com\/signup?c=NLAGMVE5\" target=\"_blank\" rel=\"noopener\">Poloniex<\/a> veebisaidil ja kl\u00f5psake konto loomiseks \"Registreeru\".\u00a0<\/span><\/p>\n<p><img loading=\"lazy\" decoding=\"async\" class=\"alignnone wp-image-3397 size-full\" src=\"https:\/\/coinkickoff.com\/wp-content\/uploads\/poloniex-sign-up.png\" alt=\"poloniex registreeruda\" width=\"1436\" height=\"653\" srcset=\"https:\/\/coinkickoff.com\/wp-content\/uploads\/poloniex-sign-up.png 1436w, https:\/\/coinkickoff.com\/wp-content\/uploads\/poloniex-sign-up-300x136.png 300w, https:\/\/coinkickoff.com\/wp-content\/uploads\/poloniex-sign-up-1024x466.png 1024w, https:\/\/coinkickoff.com\/wp-content\/uploads\/poloniex-sign-up-768x349.png 768w, https:\/\/coinkickoff.com\/wp-content\/uploads\/poloniex-sign-up-18x8.png 18w\" sizes=\"auto, (max-width: 1436px) 100vw, 1436px\" \/><\/p>\n<p><span style=\"font-weight: 400;\">Registreerumiseks tuleb lihtsalt sisestada kehtiv e-posti aadress ja parool. Saate oma e-posti aadressile kinnituskoodi. Kasutage seda koodi oma kontole sisselogimiseks.\u00a0\u00a0<\/span><\/p>\n<h3><span class=\"ez-toc-section\" id=\"2_Verify_Your_Account\"><\/span><span style=\"font-weight: 400;\">2. Kontrollida oma kontot<\/span><span class=\"ez-toc-section-end\"><\/span><\/h3>\n<p><span style=\"font-weight: 400;\">Saate Poloniexis kaubelda ilma oma identiteeti kontrollimata. Poloniex v\u00f5imaldab teil kr\u00fcpto hoiustada ja v\u00e4lja v\u00f5tta ilma kontrollimata. V\u00f5ite kasutada ka kolmanda osapoole makseteenuse pakkujaid, et osta kr\u00fcpto fiat-valuutaga, kuid peate j\u00e4rgima nende kolmandate osapoolte KYC-poliitikat.<\/span><\/p>\n<p><img loading=\"lazy\" decoding=\"async\" class=\"alignnone wp-image-3398 size-full\" src=\"https:\/\/coinkickoff.com\/wp-content\/uploads\/poloniex-verification.png\" alt=\"poloniex verifitseerimine\" width=\"1437\" height=\"679\" srcset=\"https:\/\/coinkickoff.com\/wp-content\/uploads\/poloniex-verification.png 1437w, https:\/\/coinkickoff.com\/wp-content\/uploads\/poloniex-verification-300x142.png 300w, https:\/\/coinkickoff.com\/wp-content\/uploads\/poloniex-verification-1024x484.png 1024w, https:\/\/coinkickoff.com\/wp-content\/uploads\/poloniex-verification-768x363.png 768w, https:\/\/coinkickoff.com\/wp-content\/uploads\/poloniex-verification-18x9.png 18w\" sizes=\"auto, (max-width: 1437px) 100vw, 1437px\" \/><\/p>\n<p><span style=\"font-weight: 400;\">Sellegipoolest saate oma v\u00e4ljav\u00f5ttepiirangute suurendamiseks t\u00e4ita isikusamasuse kontrollimise. Kl\u00f5psake veebisaidi paremal \u00fclaosas oleval profiili ikoonil ja valige \"Profiil\".<\/span><\/p>\n<p><span style=\"font-weight: 400;\">Teie profiili lehel n\u00e4ete oma verifitseerimistaseme \"tase 1\", mis kehtib k\u00f5igi uute kontode puhul. Lehek\u00fcljel n\u00e4ete oma verifitseerimistaseme piiranguid ja neid ei ole palju. Edasine verifitseerimine v\u00f5imaldab teil suurendada oma igap\u00e4evast v\u00e4ljav\u00f5tte limiiti 500 000 USD-ni.\u00a0<\/span><\/p>\n<p><span style=\"font-weight: 400;\">Mine edasi ja kl\u00f5psa \"Alusta\", et suurendada oma limiiti, kui soovid, kuid v\u00f5id osta DOGE platvormil ka ilma seda tegemata.<\/span><\/p>\n<h3><span class=\"ez-toc-section\" id=\"3_Buy_Crypto\"><\/span><span style=\"font-weight: 400;\">3. Osta kr\u00fcpto<\/span><span class=\"ez-toc-section-end\"><\/span><\/h3>\n<p><span style=\"font-weight: 400;\">Poloniexis saate osta valitud kr\u00fcptovaluutasid fiat-valuutaga. Kl\u00f5psake oma armatuurlaua vasakus \u00fclaosas \"Osta kr\u00fcpto\". Sisestage summa USD, mida soovite kulutada, ja valige coin, mida soovite osta. Selle t\u00f6\u00f6riistaga saate osta selliseid digitaalseid varasid nagu <a href=\"https:\/\/coinkickoff.com\/et\/bitcoin-btc\/\" data-internallinksmanager029f6b8e52c=\"1\" title=\"Mis on Bitcoin (BTC)? Hind, ajalugu ja kust osta\">Bitcoin<\/a>, <a href=\"https:\/\/coinkickoff.com\/et\/ethereum-eth\/\" data-internallinksmanager029f6b8e52c=\"2\" title=\"Mis on Ethereum (ETH)? Hind, ajalugu ja kust osta\">Ethereum<\/a>, <a href=\"https:\/\/coinkickoff.com\/et\/tether-usdt\/\" data-internallinksmanager029f6b8e52c=\"3\" title=\"Mis on Tether (USDT)? Kuidas see t\u00f6\u00f6tab ja kust seda osta?\">USDT<\/a>ja <a href=\"https:\/\/coinkickoff.com\/et\/usd-coin-usdc\/\" data-internallinksmanager029f6b8e52c=\"8\" title=\"Mis on USD Coin (USDC)? Kuidas see t\u00f6\u00f6tab ja kust seda osta?\">USDC<\/a>.\u00a0<\/span><\/p>\n<p><span style=\"font-weight: 400;\">Kuna Poloniexil on USDT\/DOGE ja USDC\/DOGE turud, on hea m\u00f5te osta \u00fcks stabiilnecoins.<\/span><\/p>\n<p><span style=\"font-weight: 400;\">Kui olete sisestanud, kui palju soovite kulutada, valige makseteenuse pakkuja. Teenusepakkujad varieeruvad s\u00f5ltuvalt teie riigist.<\/span><\/p>\n<p><span style=\"font-weight: 400;\">Vaadake oma tellimuse \u00fcksikasjad l\u00e4bi, kinnitage tingimused ja vajutage nuppu \"Saada\". Teid suunatakse uuele veebilehele, et kinnitada oma tellimus ja viia l\u00f5pule identiteedi kontroll vastavalt makseteenuse pakkuja eeskirjadele.<\/span><\/p>\n<p><img loading=\"lazy\" decoding=\"async\" class=\"alignnone wp-image-3399 size-full\" src=\"https:\/\/coinkickoff.com\/wp-content\/uploads\/poloniex-buy-crypto.png\" alt=\"\" width=\"1436\" height=\"793\" srcset=\"https:\/\/coinkickoff.com\/wp-content\/uploads\/poloniex-buy-crypto.png 1436w, https:\/\/coinkickoff.com\/wp-content\/uploads\/poloniex-buy-crypto-300x166.png 300w, https:\/\/coinkickoff.com\/wp-content\/uploads\/poloniex-buy-crypto-1024x565.png 1024w, https:\/\/coinkickoff.com\/wp-content\/uploads\/poloniex-buy-crypto-768x424.png 768w, https:\/\/coinkickoff.com\/wp-content\/uploads\/poloniex-buy-crypto-18x10.png 18w\" sizes=\"auto, (max-width: 1436px) 100vw, 1436px\" \/><\/p>\n<h3><span class=\"ez-toc-section\" id=\"4_Trade_USDT_for_DOGE\"><\/span><span style=\"font-weight: 400;\">4. Kaubelda USDT DOGE vastu.<\/span><span class=\"ez-toc-section-end\"><\/span><\/h3>\n<p><span style=\"font-weight: 400;\">Selles etapis vahetate oma stabiilsecoin vastu Dogecoin. Kl\u00f5psake \u00fclemises men\u00fc\u00fcs nupule Trade ja valige \"spot trading\".<\/span><\/p>\n<p><span style=\"font-weight: 400;\">Uuel lehel kl\u00f5psake lehe vasakus \u00fclanurgas (otse graafiku kohal) BTC\/USDT paaritamisel ja otsige DOGE. Valige DOGE\/stabiilnecoin paar. Kui ostsite USDT, saate valida USDT\/DOGE.<\/span><\/p>\n<p><img loading=\"lazy\" decoding=\"async\" class=\"alignnone wp-image-3401 size-full\" src=\"https:\/\/coinkickoff.com\/wp-content\/uploads\/poloniex-usdt-doge-trade2.png\" alt=\"\" width=\"1438\" height=\"651\" srcset=\"https:\/\/coinkickoff.com\/wp-content\/uploads\/poloniex-usdt-doge-trade2.png 1438w, https:\/\/coinkickoff.com\/wp-content\/uploads\/poloniex-usdt-doge-trade2-300x136.png 300w, https:\/\/coinkickoff.com\/wp-content\/uploads\/poloniex-usdt-doge-trade2-1024x464.png 1024w, https:\/\/coinkickoff.com\/wp-content\/uploads\/poloniex-usdt-doge-trade2-768x348.png 768w, https:\/\/coinkickoff.com\/wp-content\/uploads\/poloniex-usdt-doge-trade2-18x8.png 18w\" sizes=\"auto, (max-width: 1438px) 100vw, 1438px\" \/><\/p>\n<p><span style=\"font-weight: 400;\">N\u00fc\u00fcd peate vaid sisestama ekraani paremal pool asuvasse v\u00e4ikesesse lahtrisse, kui palju DOGE soovite osta (v\u00f5i kui palju USDT soovite m\u00fc\u00fca). Kui olete valmis tellimuse esitamiseks, kl\u00f5psake nuppu Osta DOGE.<\/span><\/p>\n<p><img loading=\"lazy\" decoding=\"async\" class=\"alignnone wp-image-3400 size-full\" src=\"https:\/\/coinkickoff.com\/wp-content\/uploads\/POLONIEX-DOGE-USDT-TRADE.png\" alt=\"Poloniex kaubandus\" width=\"1432\" height=\"637\" srcset=\"https:\/\/coinkickoff.com\/wp-content\/uploads\/POLONIEX-DOGE-USDT-TRADE.png 1432w, https:\/\/coinkickoff.com\/wp-content\/uploads\/POLONIEX-DOGE-USDT-TRADE-300x133.png 300w, https:\/\/coinkickoff.com\/wp-content\/uploads\/POLONIEX-DOGE-USDT-TRADE-1024x456.png 1024w, https:\/\/coinkickoff.com\/wp-content\/uploads\/POLONIEX-DOGE-USDT-TRADE-768x342.png 768w, https:\/\/coinkickoff.com\/wp-content\/uploads\/POLONIEX-DOGE-USDT-TRADE-18x8.png 18w\" sizes=\"auto, (max-width: 1432px) 100vw, 1432px\" \/><br \/>\n<span style=\"font-weight: 400;\">See on k\u00f5ik, \u00f5nnitlused! N\u00fc\u00fcd sa tead, kuidas osta Dogecoin Poloniexil. Lisateabe saamiseks vaadake kindlasti meie <a href=\"https:\/\/coinkickoff.com\/et\/crypto-exchanges\/\">exchnage l\u00e4bivaatamise juhendid<\/a>.<\/span><\/p>\n<p>&nbsp;<\/p>","protected":false},"excerpt":{"rendered":"<p>Kuidas osta Dogecoin Poloniexil Kuigi DOGE ei ole kasutusk\u00f5lblik, on see \u00fcsna populaarne ja seda v\u00f5ib leida enamikul kr\u00fcptob\u00f6rsidel, sealhulgas Poloniexil. coin on v\u00e4ga odav ja \u00fcsna v\u00e4\u00e4rtusetu.  Kui te soovite naljalt kaasa l\u00fc\u00fca, ostes Dogecoin, kuid ei tea, kust alustada, siis [...]<\/p>","protected":false},"author":3,"featured_media":155,"parent":3196,"menu_order":0,"comment_status":"closed","ping_status":"closed","template":"","meta":{"_genesis_hide_title":false,"_genesis_hide_breadcrumbs":false,"_genesis_hide_singular_image":false,"_genesis_hide_footer_widgets":false,"_genesis_custom_body_class":"","_genesis_custom_post_class":"","_genesis_layout":"","_glsr_average":0,"_glsr_ranking":0,"_glsr_reviews":0,"footnotes":""},"class_list":{"0":"post-3394","1":"page","2":"type-page","3":"status-publish","4":"has-post-thumbnail","6":"entry"},"featured_image_src":"https:\/\/coinkickoff.com\/wp-content\/uploads\/2022\/06\/Dogecoin-DOGE-600x400.jpg","featured_image_src_square":"https:\/\/coinkickoff.com\/wp-content\/uploads\/2022\/06\/Dogecoin-DOGE-600x600.jpg","_links":{"self":[{"href":"https:\/\/coinkickoff.com\/et\/wp-json\/wp\/v2\/pages\/3394","targetHints":{"allow":["GET"]}}],"collection":[{"href":"https:\/\/coinkickoff.com\/et\/wp-json\/wp\/v2\/pages"}],"about":[{"href":"https:\/\/coinkickoff.com\/et\/wp-json\/wp\/v2\/types\/page"}],"author":[{"embeddable":true,"href":"https:\/\/coinkickoff.com\/et\/wp-json\/wp\/v2\/users\/3"}],"replies":[{"embeddable":true,"href":"https:\/\/coinkickoff.com\/et\/wp-json\/wp\/v2\/comments?post=3394"}],"version-history":[{"count":6,"href":"https:\/\/coinkickoff.com\/et\/wp-json\/wp\/v2\/pages\/3394\/revisions"}],"predecessor-version":[{"id":4498,"href":"https:\/\/coinkickoff.com\/et\/wp-json\/wp\/v2\/pages\/3394\/revisions\/4498"}],"up":[{"embeddable":true,"href":"https:\/\/coinkickoff.com\/et\/wp-json\/wp\/v2\/pages\/3196"}],"wp:featuredmedia":[{"embeddable":true,"href":"https:\/\/coinkickoff.com\/et\/wp-json\/wp\/v2\/media\/155"}],"wp:attachment":[{"href":"https:\/\/coinkickoff.com\/et\/wp-json\/wp\/v2\/media?parent=3394"}],"curies":[{"name":"wp","href":"https:\/\/api.w.org\/{rel}","templated":true}]}}