{"id":3196,"date":"2026-01-08T14:07:36","date_gmt":"2026-01-08T14:07:36","guid":{"rendered":"https:\/\/coinkickoff.com\/?page_id=3196"},"modified":"2026-01-08T14:07:36","modified_gmt":"2026-01-08T14:07:36","slug":"how-to-buy-dogecoin","status":"publish","type":"page","link":"https:\/\/coinkickoff.com\/et\/how-to-buy-dogecoin\/","title":{"rendered":"Kuidas osta Dogecoin (DOGE)"},"content":{"rendered":"<p><span style=\"font-weight: 400;\"><img loading=\"lazy\" decoding=\"async\" class=\"aligncenter wp-image-155 size-full\" src=\"https:\/\/coinkickoff.com\/wp-content\/uploads\/2022\/06\/Dogecoin-DOGE.jpg\" alt=\"kuidas osta dogecoin\" width=\"1000\" height=\"800\" srcset=\"https:\/\/coinkickoff.com\/wp-content\/uploads\/2022\/06\/Dogecoin-DOGE.jpg 1000w, https:\/\/coinkickoff.com\/wp-content\/uploads\/2022\/06\/Dogecoin-DOGE-300x240.jpg 300w, https:\/\/coinkickoff.com\/wp-content\/uploads\/2022\/06\/Dogecoin-DOGE-768x614.jpg 768w, https:\/\/coinkickoff.com\/wp-content\/uploads\/2022\/06\/Dogecoin-DOGE-15x12.jpg 15w\" sizes=\"auto, (max-width: 1000px) 100vw, 1000px\" \/>Kui soovite osta <a href=\"https:\/\/coinkickoff.com\/et\/dogecoin-doge\/\" data-internallinksmanager029f6b8e52c=\"14\" title=\"Mis on Dogecoin (DOGE)? Kuidas see t\u00f6\u00f6tab ja kust seda osta?\">Dogecoin<\/a> ja ei tea, kust alustada, siis olete \u00f5iges kohas. N\u00e4itame teile, kuidas ja kust osta DOGE koos samm-sammuliste juhistega.<\/span><\/p>\n<div id=\"ez-toc-container\" class=\"ez-toc-v2_0_80 counter-hierarchy ez-toc-counter ez-toc-transparent ez-toc-container-direction\">\n<div class=\"ez-toc-title-container\">\n<p class=\"ez-toc-title\" style=\"cursor:inherit\">Jaotised<\/p>\n<span class=\"ez-toc-title-toggle\"><a href=\"#\" class=\"ez-toc-pull-right ez-toc-btn ez-toc-btn-xs ez-toc-btn-default ez-toc-toggle\" aria-label=\"Sisukorra vaheldumine\"><span class=\"ez-toc-js-icon-con\"><span class=\"\"><span class=\"eztoc-hide\" style=\"display:none;\">Toggle<\/span><span class=\"ez-toc-icon-toggle-span\"><svg style=\"fill: #999;color:#999\" xmlns=\"http:\/\/www.w3.org\/2000\/svg\" class=\"list-377408\" width=\"20px\" height=\"20px\" viewbox=\"0 0 24 24\" fill=\"none\"><path d=\"M6 6H4v2h2V6zm14 0H8v2h12V6zM4 11h2v2H4v-2zm16 0H8v2h12v-2zM4 16h2v2H4v-2zm16 0H8v2h12v-2z\" fill=\"currentColor\"><\/path><\/svg><svg style=\"fill: #999;color:#999\" class=\"arrow-unsorted-368013\" xmlns=\"http:\/\/www.w3.org\/2000\/svg\" width=\"10px\" height=\"10px\" viewbox=\"0 0 24 24\" version=\"1.2\" baseprofile=\"tiny\"><path d=\"M18.2 9.3l-6.2-6.3-6.2 6.3c-.2.2-.3.4-.3.7s.1.5.3.7c.2.2.4.3.7.3h11c.3 0 .5-.1.7-.3.2-.2.3-.5.3-.7s-.1-.5-.3-.7zM5.8 14.7l6.2 6.3 6.2-6.3c.2-.2.3-.5.3-.7s-.1-.5-.3-.7c-.2-.2-.4-.3-.7-.3h-11c-.3 0-.5.1-.7.3-.2.2-.3.5-.3.7s.1.5.3.7z\"\/><\/svg><\/span><\/span><\/span><\/a><\/span><\/div>\n<nav><ul class='ez-toc-list ez-toc-list-level-1 eztoc-toggle-hide-by-default' ><li class='ez-toc-page-1 ez-toc-heading-level-2'><a class=\"ez-toc-link ez-toc-heading-1\" href=\"https:\/\/coinkickoff.com\/et\/how-to-buy-dogecoin\/#What_Is_Dogecoin\" >Mis on Dogecoin?<\/a><\/li><li class='ez-toc-page-1 ez-toc-heading-level-2'><a class=\"ez-toc-link ez-toc-heading-2\" href=\"https:\/\/coinkickoff.com\/et\/how-to-buy-dogecoin\/#Where_Can_I_Buy_Dogecoin\" >Kust saab osta Dogecoin?<\/a><\/li><li class='ez-toc-page-1 ez-toc-heading-level-2'><a class=\"ez-toc-link ez-toc-heading-3\" href=\"https:\/\/coinkickoff.com\/et\/how-to-buy-dogecoin\/#How_to_Buy_Dogecoin\" >Kuidas osta Dogecoin<\/a><ul class='ez-toc-list-level-3' ><li class='ez-toc-heading-level-3'><a class=\"ez-toc-link ez-toc-heading-4\" href=\"https:\/\/coinkickoff.com\/et\/how-to-buy-dogecoin\/#Choose_Your_Exchange\" >Valige oma vahetus<\/a><\/li><li class='ez-toc-page-1 ez-toc-heading-level-3'><a class=\"ez-toc-link ez-toc-heading-5\" href=\"https:\/\/coinkickoff.com\/et\/how-to-buy-dogecoin\/#Buy_DOGE\" >Osta DOGE<\/a><\/li><li class='ez-toc-page-1 ez-toc-heading-level-3'><a class=\"ez-toc-link ez-toc-heading-6\" href=\"https:\/\/coinkickoff.com\/et\/how-to-buy-dogecoin\/#Store_Your_DOGE\" >S\u00e4ilitage oma DOGE<\/a><ul class='ez-toc-list-level-4' ><li class='ez-toc-heading-level-4'><a class=\"ez-toc-link ez-toc-heading-7\" href=\"https:\/\/coinkickoff.com\/et\/how-to-buy-dogecoin\/#Exchange_Wallet\" >Vahetuse rahakott<\/a><\/li><li class='ez-toc-page-1 ez-toc-heading-level-4'><a class=\"ez-toc-link ez-toc-heading-8\" href=\"https:\/\/coinkickoff.com\/et\/how-to-buy-dogecoin\/#Self-Custody_Hot_Wallets\" >Iseteeninduskuumad rahakotid<\/a><\/li><li class='ez-toc-page-1 ez-toc-heading-level-4'><a class=\"ez-toc-link ez-toc-heading-9\" href=\"https:\/\/coinkickoff.com\/et\/how-to-buy-dogecoin\/#Cold_Wallets\" >K\u00fclmad rahakotid<\/a><\/li><\/ul><\/li><\/ul><\/li><\/ul><\/nav><\/div>\n<h2><span class=\"ez-toc-section\" id=\"What_Is_Dogecoin\"><\/span><span style=\"font-weight: 400;\">Mis on Dogecoin?<\/span><span class=\"ez-toc-section-end\"><\/span><\/h2>\n<p><span style=\"font-weight: 400;\">Te olete v\u00f5ib-olla kuulnud, et inimesed viitavad <\/span><a href=\"https:\/\/coinkickoff.com\/et\/dogecoin-doge\/\"><span style=\"font-weight: 400;\">Dogecoin<\/span><\/a><span style=\"font-weight: 400;\"> kui memme coin. See on t\u00f5si: Dogecoin asutajad Billy Marcus ja Jackson Palmer said inspiratsiooni Dogecoini <\/span><a href=\"https:\/\/knowyourmeme.com\/memes\/doge\" target=\"_blank\" rel=\"noopener\"><span style=\"font-weight: 400;\">Shiba Inu koera kujutav meem<\/span><\/a><span style=\"font-weight: 400;\"> ja k\u00e4ivitas Dogecoin peamiselt naljaga pooleks.<\/span><\/p>\n<p><span style=\"font-weight: 400;\">coin sai populaarseks t\u00e4nu Redditil saadud hype'ile p\u00e4rast seda, kui ta p\u00e4lvis Tesla tegevjuhi Elon Muski t\u00e4helepanu, kes <\/span><a href=\"https:\/\/uk.finance.yahoo.com\/news\/dogecoin-elon-musk-tweet-reddit-100947312.html\" target=\"_blank\" rel=\"noopener\"><span style=\"font-weight: 400;\">s\u00e4utsus coin kohta aastal 2021<\/span><\/a><span style=\"font-weight: 400;\">. Muski osalemine p\u00f5hjustas l\u00fchiajaliselt DOGE hindade h\u00fcppelise t\u00f5usu, kuigi varade v\u00e4\u00e4rtus langes varsti p\u00e4rast seda.<\/span><\/p>\n<p><img loading=\"lazy\" decoding=\"async\" class=\"alignnone size-medium\" src=\"https:\/\/coinkickoff.com\/wp-content\/uploads\/1612461300-elon-musk-lion-king.jpg\" alt=\"ELON MUSK DOGE\" width=\"675\" height=\"380\" \/><\/p>\n<p><span style=\"font-weight: 400;\">Dogecoin-l ei ole tegelikult mingit kasutusotstarvet: see ei ole suurep\u00e4rane v\u00f5imalus v\u00e4\u00e4rtuse \u00fclekandmiseks nagu <\/span><a href=\"https:\/\/coinkickoff.com\/et\/tether-usdt\/\"><span style=\"font-weight: 400;\">stabiilnecoins<\/span><\/a><span style=\"font-weight: 400;\">, kuna hinnad ei ole stabiilsed. See on l\u00f5pmatu pakkumine (erinevalt n\u00e4iteks, <\/span><a href=\"https:\/\/coinkickoff.com\/et\/bitcoin-btc\/\"><span style=\"font-weight: 400;\">Bitcoin<\/span><\/a><span style=\"font-weight: 400;\">), nii et see ei muutu aja jooksul v\u00e4hem k\u00e4ttesaadavaks v\u00f5i v\u00e4\u00e4rtuslikumaks.\u00a0<\/span><\/p>\n<p><span style=\"font-weight: 400;\">Turul on miljardeid DOGE ja Dogecoin on endiselt \u00fcks suurimaid kr\u00fcpto coins turukapitali j\u00e4rgi, kuid see ei v\u00e4ljendu rahalises v\u00e4\u00e4rtuses.<\/span><\/p>\n<p><img loading=\"lazy\" decoding=\"async\" class=\"alignnone wp-image-3198 size-full\" src=\"https:\/\/coinkickoff.com\/wp-content\/uploads\/dogemarketcap.png\" alt=\"doge marketcap\" width=\"977\" height=\"573\" srcset=\"https:\/\/coinkickoff.com\/wp-content\/uploads\/dogemarketcap.png 977w, https:\/\/coinkickoff.com\/wp-content\/uploads\/dogemarketcap-300x176.png 300w, https:\/\/coinkickoff.com\/wp-content\/uploads\/dogemarketcap-768x450.png 768w, https:\/\/coinkickoff.com\/wp-content\/uploads\/dogemarketcap-18x12.png 18w\" sizes=\"auto, (max-width: 977px) 100vw, 977px\" \/><\/p>\n<p><span style=\"font-weight: 400;\">coin saab kaevandada suurtes kogustes, mist\u00f5ttu ei olegi see nii v\u00e4\u00e4rtuslik. Aeg-ajalt esineb selle hinnas l\u00fchiajalisi h\u00fcppeid, tavaliselt t\u00e4nu selliste kuulsuste nagu Musk omap\u00e4raste m\u00e4rkuste t\u00f5ttu.<\/span><\/p>\n<p><img loading=\"lazy\" decoding=\"async\" class=\"alignnone wp-image-3197 size-full\" src=\"https:\/\/coinkickoff.com\/wp-content\/uploads\/doge-price.png\" alt=\"DOGE hind\" width=\"973\" height=\"559\" srcset=\"https:\/\/coinkickoff.com\/wp-content\/uploads\/doge-price.png 973w, https:\/\/coinkickoff.com\/wp-content\/uploads\/doge-price-300x172.png 300w, https:\/\/coinkickoff.com\/wp-content\/uploads\/doge-price-768x441.png 768w, https:\/\/coinkickoff.com\/wp-content\/uploads\/doge-price-18x10.png 18w\" sizes=\"auto, (max-width: 973px) 100vw, 973px\" \/><\/p>\n<p><span style=\"font-weight: 400;\">Kokkuv\u00f5ttes on t\u00e4pne nimetada seda naljaga pooleks coin.<\/span><\/p>\n<h2><span class=\"ez-toc-section\" id=\"Where_Can_I_Buy_Dogecoin\"><\/span><span style=\"font-weight: 400;\">Kust saab osta Dogecoin?<\/span><span class=\"ez-toc-section-end\"><\/span><\/h2>\n<p><span style=\"font-weight: 400;\">Saate osta Dogecoin enamikus <a href=\"https:\/\/coinkickoff.com\/et\/crypto-exchanges\/\" data-internallinksmanager029f6b8e52c=\"141\" title=\"21 Parimad kr\u00fcptovaluuta vahetused ja rakendused aastal 2024\">kr\u00fcptovahetused<\/a>. <\/span><a href=\"https:\/\/coinmarketcap.com\/currencies\/dogecoin\/\" target=\"_blank\" rel=\"noopener\"><span style=\"font-weight: 400;\">Doge on 16. suurim kr\u00fcpto<\/span><\/a><span style=\"font-weight: 400;\"> turukapitali j\u00e4rgi, nii et see on \u00fcldjuhul saadaval populaarsetel b\u00f6rsidel.<\/span><\/p>\n<p><img loading=\"lazy\" decoding=\"async\" class=\"alignnone wp-image-3199 size-full\" src=\"https:\/\/coinkickoff.com\/wp-content\/uploads\/doge-on-binance.png\" alt=\"DOGE kohta Binance\" width=\"1366\" height=\"584\" srcset=\"https:\/\/coinkickoff.com\/wp-content\/uploads\/doge-on-binance.png 1366w, https:\/\/coinkickoff.com\/wp-content\/uploads\/doge-on-binance-300x128.png 300w, https:\/\/coinkickoff.com\/wp-content\/uploads\/doge-on-binance-1024x438.png 1024w, https:\/\/coinkickoff.com\/wp-content\/uploads\/doge-on-binance-768x328.png 768w, https:\/\/coinkickoff.com\/wp-content\/uploads\/doge-on-binance-18x8.png 18w\" sizes=\"auto, (max-width: 1366px) 100vw, 1366px\" \/><\/p>\n<p><span style=\"font-weight: 400;\">Saate osta DOGE fiat-valuutaga tsentraliseeritud kr\u00fcptovahetuses nagu <\/span><a href=\"https:\/\/coinkickoff.com\/et\/coinbase-review\/\"><span style=\"font-weight: 400;\">Coinbase<\/span><\/a><span style=\"font-weight: 400;\">, <\/span><a href=\"https:\/\/coinkickoff.com\/et\/binance-review\/\"><span style=\"font-weight: 400;\">Binance<\/span><\/a><span style=\"font-weight: 400;\">, <\/span><a href=\"https:\/\/coinkickoff.com\/et\/kraken-review\/\"><span style=\"font-weight: 400;\">Kraken<\/span><\/a><span style=\"font-weight: 400;\">ja <\/span><a href=\"https:\/\/coinkickoff.com\/et\/etoro-review\/\"><span style=\"font-weight: 400;\">eToro<\/span><\/a><span style=\"font-weight: 400;\">.<\/span><\/p>\n<p><span style=\"font-weight: 400;\">Kui teil on juba kr\u00fcpto, saate osta ka DOGE ja muud digitaalsed varad detsentraliseeritud vahetused nagu <\/span><a href=\"https:\/\/www.sushi.com\/\" target=\"_blank\" rel=\"noopener\"><span style=\"font-weight: 400;\">SushiSwap<\/span><\/a><span style=\"font-weight: 400;\"> v\u00f5i <\/span><a href=\"https:\/\/uniswap.org\/\" target=\"_blank\" rel=\"noopener\"><span style=\"font-weight: 400;\">Uniswap<\/span><\/a><span style=\"font-weight: 400;\">. Need b\u00f6rsid h\u00f5lbustavad vastastikuseid tehinguid ilma vahendajateta.<\/span><\/p>\n<p><span style=\"font-weight: 400;\">Kuigi need on sageli odavamad kui tsentraliseeritud b\u00f6rsid, v\u00f5ib neis olla raskem navigeerida ja need ei ole algajatele v\u00e4ga sobivad. Loomulikult saab detsentraliseeritud b\u00f6rsi kasutamist kergesti \u00f5ppida, kui p\u00fchendate sellele veidi aega.<\/span><\/p>\n<h2><span class=\"ez-toc-section\" id=\"How_to_Buy_Dogecoin\"><\/span><span style=\"font-weight: 400;\">Kuidas osta Dogecoin<\/span><span class=\"ez-toc-section-end\"><\/span><\/h2>\n<p><span style=\"font-weight: 400;\">Iga kr\u00fcptovaluuta, sealhulgas Dogecoin ostmiseks on kolm sammu. Esiteks otsustage, millist vahetust soovite kasutada. Seej\u00e4rel kaaluge, kus oma kr\u00fcptovaluutat hoiustada. Kui olete selle otsuse teinud, minge edasi ja ostke DOGE.\u00a0<\/span><\/p>\n<p><span style=\"font-weight: 400;\">Siin on \u00fcksikasjalikum l\u00e4henemine absoluutsetele algajatele:<\/span><\/p>\n<h3><span class=\"ez-toc-section\" id=\"Choose_Your_Exchange\"><\/span><span style=\"font-weight: 400;\">Valige oma vahetus<\/span><span class=\"ez-toc-section-end\"><\/span><\/h3>\n<p><span style=\"font-weight: 400;\">Erinevad b\u00f6rsid pakuvad erinevaid funktsioone ja neil on erinev kr\u00fcpto k\u00e4ttesaadavus ja tasud. Saate enne otsuse tegemist v\u00f5rrelda m\u00f5ningaid tuntumaid b\u00f6rse, et n\u00e4ha, milline neist sobib teie vajadustele k\u00f5ige paremini.<\/span><\/p>\n<p><span style=\"font-weight: 400;\">N\u00e4iteks, <a href=\"https:\/\/coinkickoff.com\/et\/coinbase-review\/\" data-internallinksmanager029f6b8e52c=\"142\" title=\"Coinbase Arvamused 2024: Omadused, tasud, turvalisus, plussid ja miinused\">Coinbase<\/a> ja <a href=\"https:\/\/coinkickoff.com\/et\/binance-review\/\" data-internallinksmanager029f6b8e52c=\"152\" title=\"Binance Arvamused 2024: Omadused, tasud, turvalisus, plussid ja miinused\">Binance<\/a> USA m\u00f5lemad pakuvad sarnaseid digitaalseid varasid (sealhulgas DOGE), kuid Binance pakub madalamaid tasusid. Kuid, Coinbase peetakse turvalisemaks ja algaja s\u00f5bralikumaks. Enne platvormi valimist tehke oma uuringuid, sest kr\u00fcpto v\u00f5ib olla riskantne investeering.<\/span><\/p>\n<p><span style=\"font-weight: 400;\">Saate vaadata meie vahetus\u00fclevaate juhendit, et saada p\u00f5hjalikum \u00fclevaade <\/span><a href=\"https:\/\/coinkickoff.com\/et\/crypto-exchanges\/\"><span style=\"font-weight: 400;\">k\u00f5ige populaarsemad kr\u00fcptovahetused<\/span><\/a><span style=\"font-weight: 400;\">.<\/span><\/p>\n<h3><span class=\"ez-toc-section\" id=\"Buy_DOGE\"><\/span><span style=\"font-weight: 400;\">Osta DOGE<\/span><span class=\"ez-toc-section-end\"><\/span><\/h3>\n<p><span style=\"font-weight: 400;\">Kui olete platvormi kasuks otsustanud, siis registreeruge. Enamik tsentraliseeritud kr\u00fcptovahetusi v\u00f5imaldab teil osta kr\u00fcptot fiat-valuutaga (nagu USD v\u00f5i EUR). Saate \u00fchendada oma pangakonto platvormiga ja kanda raha oma vahetuskontole.<\/span><\/p>\n<p><img loading=\"lazy\" decoding=\"async\" class=\"alignnone wp-image-3201 size-full\" src=\"https:\/\/coinkickoff.com\/wp-content\/uploads\/buy-doge-on-binance-1.png\" alt=\"osta doge binance&#039;ile\" width=\"1432\" height=\"802\" srcset=\"https:\/\/coinkickoff.com\/wp-content\/uploads\/buy-doge-on-binance-1.png 1432w, https:\/\/coinkickoff.com\/wp-content\/uploads\/buy-doge-on-binance-1-300x168.png 300w, https:\/\/coinkickoff.com\/wp-content\/uploads\/buy-doge-on-binance-1-1024x573.png 1024w, https:\/\/coinkickoff.com\/wp-content\/uploads\/buy-doge-on-binance-1-768x430.png 768w, https:\/\/coinkickoff.com\/wp-content\/uploads\/buy-doge-on-binance-1-18x10.png 18w\" sizes=\"auto, (max-width: 1432px) 100vw, 1432px\" \/><\/p>\n<p><span style=\"font-weight: 400;\">M\u00f5ned b\u00f6rsid v\u00f5imaldavad teil osta kr\u00fcptot ka krediitkaartide, deebetkaartide, PayPali, Google Pay ja Apple Pay abil. Kui teil on vahetuskonto v\u00f5i muud digitaalsed varad, saate neid varasid ka DOGE vastu vahetada.<\/span><\/p>\n<p><span style=\"font-weight: 400;\">M\u00f5ned b\u00f6rsid v\u00f5imaldavad teil osta DOGE otse fiatiga, samas kui teised v\u00f5ivad pakkuda ainult stabiilseidcoins nagu n\u00e4iteks <a href=\"https:\/\/coinkickoff.com\/et\/tether-usdt\/\" data-internallinksmanager029f6b8e52c=\"3\" title=\"Mis on Tether (USDT)? Kuidas see t\u00f6\u00f6tab ja kust seda osta?\">USDT<\/a> v\u00f5i <a href=\"https:\/\/coinkickoff.com\/et\/usd-coin-usdc\/\" data-internallinksmanager029f6b8e52c=\"8\" title=\"Mis on USD Coin (USDC)? Kuidas see t\u00f6\u00f6tab ja kust seda osta?\">USDC<\/a>. Sellistel juhtudel peate k\u00f5igepealt ostma stabiilsecoin ja seej\u00e4rel vahetama selle DOGE vastu.<\/span><\/p>\n<h3><span class=\"ez-toc-section\" id=\"Store_Your_DOGE\"><\/span><span style=\"font-weight: 400;\">S\u00e4ilitage oma DOGE<\/span><span class=\"ez-toc-section-end\"><\/span><\/h3>\n<p><span style=\"font-weight: 400;\">Kui olete ostnud DOGE, peate otsustama, kus seda hoiustada. Selleks on teil mitu v\u00f5imalust.<\/span><\/p>\n<h4><span class=\"ez-toc-section\" id=\"Exchange_Wallet\"><\/span><span style=\"font-weight: 400;\">Vahetuse rahakott<\/span><span class=\"ez-toc-section-end\"><\/span><\/h4>\n<p><span style=\"font-weight: 400;\">Kui ostate kr\u00fcpto vahetusest, salvestatakse teie varad automaatselt vahetuse rahakotti. Neid rahakotte nimetatakse hoiukassadeks, sest platvormid kontrollivad ja haldavad neid.<\/span><\/p>\n<p><span style=\"font-weight: 400;\">Kuigi saate rahakotis olevate varadega oma vahetuskonto kaudu kaubelda, ei ole teil nende \u00fcle t\u00e4ielikku kontrolli. Kui vahetust tabab r\u00fcnnak v\u00f5i see l\u00e4heb pankrotti, v\u00f5ivad teie varad olla igaveseks kadunud.<\/span><\/p>\n<h4><span class=\"ez-toc-section\" id=\"Self-Custody_Hot_Wallets\"><\/span><span style=\"font-weight: 400;\">Iseteeninduskuumad rahakotid<\/span><span class=\"ez-toc-section-end\"><\/span><\/h4>\n<p><span style=\"font-weight: 400;\">Turul on mitmeid isehoidvaid kuumad rahakotid: M\u00f5ned neist on tarkvaralised rahakotid, mida saab alla laadida oma mobiilseadmetesse ja arvutitesse, ning teised on k\u00e4ttesaadavad veebilehitsejate kaudu. Neid nimetatakse kuumaks rahakottideks, sest nad on teie seadme (arvuti v\u00f5i mobiilseadme) kaudu internetti \u00fchendatud.\u00a0<\/span><\/p>\n<p><span style=\"font-weight: 400;\">Kuigi isehaldatavad rahakotid v\u00f5imaldavad teil oma vara t\u00e4ielikult kontrollida, on need ka haavatavad turvarikkumiste suhtes ja on sageli h\u00e4kkerite sihtm\u00e4rgiks. Kui teil ei ole palju oskusteavet internetiga \u00fchendatud seadmete kaitsmiseks pahavara ja h\u00e4kkimiskatsete eest, v\u00f5ite oma raha hoiustamisega kuumas rahakotis ohtu seada.<\/span><\/p>\n<h4><span class=\"ez-toc-section\" id=\"Cold_Wallets\"><\/span><span style=\"font-weight: 400;\">K\u00fclmad rahakotid<\/span><span class=\"ez-toc-section-end\"><\/span><\/h4>\n<p><span style=\"font-weight: 400;\">K\u00fclmi rahakotte peetakse \u00fcldiselt kr\u00fcptovaluutade k\u00f5ige turvalisemaks hoiustamisv\u00f5imaluseks. Nad ei ole interneti\u00fchendusega, seega on nad h\u00e4kkimiskatsete suhtes l\u00e4bitungimatud. K\u00fclm rahakott v\u00f5ib olla paberrahakott v\u00f5i riistvaraline rahakott.<\/span><\/p>\n<p><span style=\"font-weight: 400;\">Paberikott on lihtsalt paber, mis sisaldab teie isiklikku v\u00f5tit, mis v\u00f5imaldab teil rahakoti liidese kaudu oma rahalistele vahenditele ligi p\u00e4\u00e4seda. Kuid paberrahakotte v\u00f5ib olla raske kasutada ja need ei sobi, kui soovite oma varadega h\u00f5lpsasti kaubelda.<\/span><\/p>\n<p><span style=\"font-weight: 400;\">Riistvaralised rahakotid on USB-taolised seadmed, mis hoiavad teie isiklikke v\u00f5tmeid. Kuna seade ei ole otse internetti \u00fchendatud, ei saa seda h\u00e4kkida. <\/span><a href=\"https:\/\/trezor.io\/\" target=\"_blank\" rel=\"noopener\"><span style=\"font-weight: 400;\">Trezor<\/span><\/a><span style=\"font-weight: 400;\"> ja <\/span><a href=\"https:\/\/www.ledger.com\/\" target=\"_blank\" rel=\"noopener\"><span style=\"font-weight: 400;\">Pealkiri<\/span><\/a><span style=\"font-weight: 400;\"> on kaks riistvara rahakoti tootjat, keda peetakse \u00e4ris parimateks. M\u00f5lemad ettev\u00f5tted pakuvad kr\u00fcpto hoiustamiseks mitmeid riistvara rahakotte, kuigi need v\u00f5ivad olla \u00fcsna kallid.<\/span><\/p>\n<p><span style=\"font-weight: 400;\">Kui te kauplete juhuslikult v\u00e4ikeste summadega, v\u00f5ib riistvaralise rahakoti ostmine olla liigne. Kui aga hindate turvalisust, on riistvaralise rahakoti ostmine pikas perspektiivis parim valik.\u00a0\u00a0<\/span><\/p>\n<p>Vt ka Kuidas osta Dogecoin (DOGE) kohta:<\/p>\n<p><a href=\"https:\/\/coinkickoff.com\/et\/how-to-buy-dogecoin\/how-to-buy-dogecoin-on-coinbase\/\">Coinbase<\/a><br \/>\n<a href=\"https:\/\/coinkickoff.com\/et\/how-to-buy-dogecoin\/how-to-buy-dogecoin-on-kraken\/\">Kraken<\/a><br \/>\n<a href=\"https:\/\/coinkickoff.com\/et\/how-to-buy-dogecoin\/how-to-buy-dogecoin-on-binance\/\">Binance<\/a><br \/>\n<a href=\"https:\/\/coinkickoff.com\/et\/how-to-buy-dogecoin\/how-to-buy-dogecoin-on-bitmart\/\">Bitmart<\/a><br \/>\n<a href=\"https:\/\/coinkickoff.com\/et\/how-to-buy-dogecoin\/how-to-buy-dogecoin-on-bybit\/\">Bybit<\/a><br \/>\n<a href=\"https:\/\/coinkickoff.com\/et\/how-to-buy-dogecoin\/how-to-buy-dogecoin-on-gate-io\/\">Gate.io<\/a><br \/>\n<a href=\"https:\/\/coinkickoff.com\/et\/how-to-buy-dogecoin\/how-to-buy-dogecoin-on-gemini\/\">Kaksikud<\/a><br \/>\n<a href=\"https:\/\/coinkickoff.com\/et\/how-to-buy-dogecoin\/how-to-buy-dogecoin-on-kucoin\/\">Kucoin<\/a><br \/>\n<a href=\"https:\/\/coinkickoff.com\/et\/how-to-buy-dogecoin\/how-to-buy-dogecoin-on-mexc\/\">MEXC<\/a><br \/>\n<a href=\"https:\/\/coinkickoff.com\/et\/how-to-buy-dogecoin\/how-to-buy-dogecoin-on-okx\/\">OKX<\/a><br \/>\n<a href=\"https:\/\/coinkickoff.com\/et\/how-to-buy-dogecoin\/how-to-buy-dogecoin-on-poloniex\/\">Poloniex<\/a><\/p>","protected":false},"excerpt":{"rendered":"<p>Kui soovite osta Dogecoin ja ei tea, kust alustada, olete \u00f5iges kohas. N\u00e4itame teile, kuidas ja kust osta DOGE koos samm-sammuliste juhistega. Mis on Dogecoin? Te olete v\u00f5ib-olla kuulnud, et inimesed viitavad Dogecoin-le kui memme coin-le. See on t\u00f5si: Dogecoin asutajad Billy Marcus ja Jackson Palmer olid [...]<\/p>","protected":false},"author":3,"featured_media":155,"parent":0,"menu_order":0,"comment_status":"closed","ping_status":"closed","template":"","meta":{"_genesis_hide_title":false,"_genesis_hide_breadcrumbs":false,"_genesis_hide_singular_image":false,"_genesis_hide_footer_widgets":false,"_genesis_custom_body_class":"","_genesis_custom_post_class":"","_genesis_layout":"","_glsr_average":0,"_glsr_ranking":0,"_glsr_reviews":0,"footnotes":""},"class_list":{"0":"post-3196","1":"page","2":"type-page","3":"status-publish","4":"has-post-thumbnail","6":"entry"},"featured_image_src":"https:\/\/coinkickoff.com\/wp-content\/uploads\/2022\/06\/Dogecoin-DOGE-600x400.jpg","featured_image_src_square":"https:\/\/coinkickoff.com\/wp-content\/uploads\/2022\/06\/Dogecoin-DOGE-600x600.jpg","_links":{"self":[{"href":"https:\/\/coinkickoff.com\/et\/wp-json\/wp\/v2\/pages\/3196","targetHints":{"allow":["GET"]}}],"collection":[{"href":"https:\/\/coinkickoff.com\/et\/wp-json\/wp\/v2\/pages"}],"about":[{"href":"https:\/\/coinkickoff.com\/et\/wp-json\/wp\/v2\/types\/page"}],"author":[{"embeddable":true,"href":"https:\/\/coinkickoff.com\/et\/wp-json\/wp\/v2\/users\/3"}],"replies":[{"embeddable":true,"href":"https:\/\/coinkickoff.com\/et\/wp-json\/wp\/v2\/comments?post=3196"}],"version-history":[{"count":5,"href":"https:\/\/coinkickoff.com\/et\/wp-json\/wp\/v2\/pages\/3196\/revisions"}],"predecessor-version":[{"id":4940,"href":"https:\/\/coinkickoff.com\/et\/wp-json\/wp\/v2\/pages\/3196\/revisions\/4940"}],"wp:featuredmedia":[{"embeddable":true,"href":"https:\/\/coinkickoff.com\/et\/wp-json\/wp\/v2\/media\/155"}],"wp:attachment":[{"href":"https:\/\/coinkickoff.com\/et\/wp-json\/wp\/v2\/media?parent=3196"}],"curies":[{"name":"wp","href":"https:\/\/api.w.org\/{rel}","templated":true}]}}