{"id":3,"date":"2026-01-08T14:06:39","date_gmt":"2026-01-08T14:06:39","guid":{"rendered":"http:\/\/coinkickoff.com\/?page_id=3"},"modified":"2026-01-08T14:06:39","modified_gmt":"2026-01-08T14:06:39","slug":"privacy-policy","status":"publish","type":"page","link":"https:\/\/coinkickoff.com\/et\/privacy-policy\/","title":{"rendered":"Privaatsuspoliitika"},"content":{"rendered":"<p>K\u00e4esoleva privaatsuspoliitika on koostanud Coin Kickoff (omanik on Brilliant British Ltd, ettev\u00f5tte number 10490224 (registreeritud Inglismaal ja Walesis), registrij\u00e4rgne aadress: 2. korrus 167-169 Great Portland Street, London, \u00dchendkuningriik, W1W 5PF.), et paremini teenindada neid, kes on mures selle p\u00e4rast, kuidas nende isikuandmeid internetis kasutatakse. Isikuandmed, nagu neid kasutatakse \u00dchendkuningriigi eraelu puutumatuse ja infoturbe seadustes, on teave, mida saab kasutada \u00fcksi v\u00f5i koos muu teabega \u00fcksiku isiku tuvastamiseks, temaga kontakti v\u00f5tmiseks v\u00f5i tema asukoha kindlakstegemiseks v\u00f5i isiku tuvastamiseks kontekstis.<\/p>\n\n\n\n<p>Palun lugege hoolikalt meie privaatsuspoliitikat, et saada selge arusaam sellest, kuidas me kogume, kasutame, kaitseme v\u00f5i muul viisil k\u00e4itleme teie isikuandmeid vastavalt meie veebisaidile.<\/p>\n\n\n\n<p><strong>Andmete t\u00f6\u00f6tlemine vastavalt \u00fcldisele andmekaitsem\u00e4\u00e4rusele (GDPR)<\/strong><\/p>\n\n\n\n<p>Meie andmete t\u00f6\u00f6tlemise \u00f5iguslik alus on <strong>\u00f5igustatud huvi.<\/strong> Me oleme peamiselt informatiivne veebisait ja kuigi tehniliselt oleme andmet\u00f6\u00f6tleja, t\u00f6\u00f6tleme minimaalselt isikuandmeid ja kasutame ainult kolmanda osapoole standardseid vahendeid.<\/p>\n\n\n\n<p>Siin on lihtsas keeles esitatud vahendid ja platvormid, mida me kasutame, miks me neid kasutame ja kuidas saate oma andmeid nendega hallata. Kui soovite blokeerida juurdep\u00e4\u00e4su nendele vahenditele mitte ainult meie veebisaidil, vaid kogu veebis, soovitame vaadata sellist lahendust nagu <a href=\"https:\/\/www.ghostery.com\/\" target=\"_blank\" rel=\"noopener\">Ghostery<\/a>.<\/p>\n\n\n\n<ul class=\"wp-block-list\">\n<li><strong>Usutav:<\/strong> Seda kasutatakse veebisaidi kasutamise j\u00e4lgimiseks kokkuv\u00f5tlikult. Me ei kasuta seda \u00fcksikute kasutajate j\u00e4lgimiseks. Saate teada <a href=\"https:\/\/plausible.io\/\" target=\"_blank\" rel=\"noopener\">rohkem siin<\/a>.<\/li>\n\n\n\n<li><strong>Facebook Social Graph:<\/strong> See aitab lihtsustada meie sisu jagamist Facebookis ja n\u00e4itab, kui tihti sisu on Facebookis jagatud. Vt Facebooki <a href=\"https:\/\/www.facebook.com\/help\/1701730696756992\/?helpref=hc_fnav\" rel=\"noreferrer noopener\" target=\"_blank\">Andmete lehek\u00fclg<\/a> rohkem teavet selle kohta, kuidas nad teie andmeid kasutavad.<\/li>\n\n\n\n<li><strong>N\u00f5usolek k\u00fcpsiste kasutamiseks:<\/strong> Seda kasutatakse selleks, et teavitada kasutajaid sellest, et me kasutame k\u00fcpsiseid ja muid kolmandate osapoolte vahendeid ja platvorme. Seda pakub Silktide ja te saate <a href=\"https:\/\/cookieconsent.insites.com\/\" rel=\"noreferrer noopener\" target=\"_blank\">Lisateave siin<\/a>.<\/li>\n\n\n\n<li><strong>Kinsta:<\/strong> Nad haldavad meie veebisaiti ja neil v\u00f5ivad olla logid k\u00f5igi selle saidi k\u00fclastajate kohta, kuigi meil ei ole neile otsest juurdep\u00e4\u00e4su. Lisateavet nende v\u00f5imalike andmete kohta leiate oma <a href=\"https:\/\/kinsta.com\/legal\/privacy-policy\/\" rel=\"noreferrer noopener\" target=\"_blank\">privaatsuspoliitika<\/a>.<\/li>\n\n\n\n<li><strong>Sotsiaalmeedia jagamine:<\/strong> Lisaks Facebook Social Graph-le on meie saidil ka Twitteri, LinkedIni ja Pintresti jagamisnupud, et lihtsustada meie sisu jagamist nendel platvormidel. Saate n\u00e4ha <a href=\"https:\/\/www.linkedin.com\/legal\/privacy-policy\" target=\"_blank\" rel=\"noreferrer noopener\">LinkedIn privaatsuspoliitika siin<\/a>, <a href=\"https:\/\/policy.pinterest.com\/en-gb\/privacy-policy\" target=\"_blank\" rel=\"noreferrer noopener\">Pintrest privaatsuspoliitika<\/a> ja Twitteri <a href=\"https:\/\/twitter.com\/en\/privacy\" target=\"_blank\" rel=\"noreferrer noopener\">Privaatsuspoliitika<\/a> siin<\/li>\n\n\n\n<li><strong>Beehiiv:<\/strong> Nad on meie e-posti uudiskirja teenusepakkuja. Saate nende kohta rohkem teada <a href=\"https:\/\/www.beehiiv.com\/\" target=\"_blank\" rel=\"noreferrer noopener\">siin<\/a>. <\/li>\n\n\n\n<li><strong>Affiliate\/v\u00e4lislingid:<\/strong> Me v\u00f5ime aeg-ajalt lisada affiliate linke, et aidata toetada saidi. \u00dcldiselt m\u00e4rgime need kas artiklis endas v\u00f5i artikli jaluses. Igasugune j\u00e4lgimine toimub ainult siis, kui kl\u00f5psate v\u00e4lisel lingil. Kui olete selle p\u00e4rast mures, on lihtsaim v\u00f5imalus mitte kl\u00f5psata meie veebisaidil olevatele v\u00e4listele linkidele.<\/li>\n<\/ul>\n\n\n\n<p><strong>Milliseid isikuandmeid me kogume inimestelt, kes k\u00fclastavad meie veebisaiti?<\/strong><\/p>\n\n\n\n<p>Me ei kogu otseselt mingeid isikuandmeid, v\u00e4lja arvatud juhul, kui te otsustate tellida meie uudiskirja, kuid m\u00f5ned andmed v\u00f5idakse koguda \u00fche v\u00f5i mitme eespool nimetatud vahendi v\u00f5i platvormi abil.<\/p>\n\n\n\n<p><strong>Millal me kogume teavet?<\/strong><\/p>\n\n\n\n<p>Teavet v\u00f5idakse koguda, kui te veebilehel navigeerite.<\/p>\n\n\n\n<p><strong>Kuidas me teie andmeid kasutame?<\/strong><\/p>\n\n\n\n<p>Me v\u00f5ime kasutada teavet, mida me sinult kogume, kui sa surfad veebisaidil v\u00f5i kasutad teatud muid saidi funktsioone j\u00e4rgmistel viisidel:<\/p>\n\n\n\n<ul class=\"wp-block-list\">\n<li>Meie veebisaidi t\u00e4iustamiseks, et teid paremini teenindada.<\/li>\n\n\n\n<li>Saidi rahaks muutmine, et aidata hoida juurdep\u00e4\u00e4su tasuta.<\/li>\n<\/ul>\n\n\n\n<p><strong>Kuidas me kaitseme k\u00fclastajate andmeid?<\/strong><\/p>\n\n\n\n<p>Me ei kasuta haavatavuse skaneerimist ja\/v\u00f5i PCI standardite kohast skaneerimist. Me kasutame SSL-sertifikaati. Pakume ainult artikleid ja teavet ning ei t\u00f6\u00f6tle mingeid makseandmeid ega muud tundlikku teavet.<\/p>\n\n\n\n<p><strong>Kas me kasutame k\u00fcpsiseid?<\/strong><\/p>\n\n\n\n<p>Jah. K\u00fcpsised on v\u00e4ikesed failid, mida veebileht v\u00f5i selle teenusepakkuja edastab teie arvuti k\u00f5vakettale teie veebilehitseja kaudu (kui te seda lubate), mis v\u00f5imaldab veebilehe v\u00f5i teenusepakkuja s\u00fcsteemidel teie veebilehitseja \u00e4ra tunda ning salvestada ja meeles pidada teatud teavet.<\/p>\n\n\n\n<p>Neid kasutatakse ka selleks, et aidata meil m\u00f5ista teie eelistusi, mis p\u00f5hinevad teie varasemal v\u00f5i praegusel veebisaidi tegevusel, mis v\u00f5imaldab meil pakkuda teile paremaid teenuseid. Samuti kasutame k\u00fcpsiseid, et aidata meil koguda koondandmeid saidi liikluse ja saidi suhtluse kohta, et saaksime tulevikus pakkuda paremaid saitikogemusi ja -vahendeid.<\/p>\n\n\n\n<p><strong>Me kasutame k\u00fcpsiseid, et:<\/strong><\/p>\n\n\n\n<ul class=\"wp-block-list\">\n<li>J\u00e4lgige reklaami.<\/li>\n\n\n\n<li>Koondandmed saidi k\u00fclastatavuse ja saidi suhtluse kohta, et pakkuda tulevikus paremaid veebisaidi kogemusi ja vahendeid.<\/li>\n\n\n\n<li>V\u00f5ime kasutada ka usaldusv\u00e4\u00e4rseid kolmanda osapoole teenuseid, mis j\u00e4lgivad seda teavet meie nimel.<\/li>\n<\/ul>\n\n\n\n<p>Saate valida, kas teie arvuti hoiatab teid iga kord, kui k\u00fcpsised saadetakse, v\u00f5i saate k\u00f5ik k\u00fcpsised v\u00e4lja l\u00fclitada. Seda saate teha oma brauseri kaudu (n\u00e4iteks Internet Explorer, Chrome, Firefox, <a href=\"https:\/\/coinkickoff.com\/et\/ethereum-classic-etc\/\" data-internallinksmanager029f6b8e52c=\"29\" title=\"Mis on Ethereum Classic (ETC) Kuidas see t\u00f6\u00f6tab ja kust seda osta?\">jne<\/a>.) seaded. Iga brauser on veidi erinev, seega vaadake oma brauseri abimen\u00fc\u00fcst, et teada saada, kuidas k\u00fcpsiseid \u00f5igesti muuta.<\/p>\n\n\n\n<p>Kui l\u00fclitate k\u00fcpsised v\u00e4lja, on m\u00f5ned funktsioonid keelatud. See ei m\u00f5juta kasutajakogemust, mis muudab saidi kasutamise t\u00f5husamaks ja m\u00f5ned meie teenused ei toimi korralikult.<\/p>\n\n\n\n<p><strong>Kolmanda osapoole avalikustamine<\/strong><\/p>\n\n\n\n<p>Me ei m\u00fc\u00fc, kauple ega anna teie isikuandmeid kolmandatele isikutele muul viisil edasi, kui me teid sellest eelnevalt ei teavita. See ei h\u00f5lma veebisaidi hostingupartnereid ja teisi osapooli, kes abistavad meid meie veebisaidi k\u00e4itamisel, \u00e4ritegevuses v\u00f5i teie teenindamisel, kui need osapooled n\u00f5ustuvad hoidma neid andmeid konfidentsiaalsena. Me v\u00f5ime avaldada teie andmeid ka siis, kui usume, et nende avaldamine on vajalik seaduste t\u00e4itmiseks, meie veebisaidi p\u00f5him\u00f5tete j\u00f5ustamiseks v\u00f5i meie v\u00f5i teiste isikute \u00f5iguste, vara v\u00f5i turvalisuse kaitsmiseks.<\/p>\n\n\n\n<p>K\u00fclastajate isikustamata andmeid v\u00f5ib siiski edastada teistele osapooltele turunduseks, reklaamiks v\u00f5i muudeks eesm\u00e4rkideks.<\/p>\n\n\n\n<p><strong>Kolmanda osapoole lingid<\/strong><\/p>\n\n\n\n<p>Aeg-ajalt v\u00f5ime oma \u00e4ran\u00e4gemisel lisada v\u00f5i pakkuda oma veebisaidil kolmandate isikute tooteid v\u00f5i teenuseid. Nendel kolmandate osapoolte saitidel on eraldi ja iseseisvad privaatsuspoliitikad. Seet\u00f5ttu ei ole meil mingit vastutust ega vastutust nende lingitud saitide sisu ja tegevuse eest. Sellegipoolest p\u00fc\u00fcame kaitsta meie saidi terviklikkust ja tervitame igasugust tagasisidet nende saitide kohta.<\/p>\n\n\n\n<p><strong>Google<\/strong><\/p>\n\n\n\n<p>Google'i reklaamin\u00f5uded v\u00f5ib kokku v\u00f5tta Google'i reklaamiprintsiipidega. Need on kehtestatud selleks, et pakkuda kasutajatele positiivset kogemust. <a href=\"https:\/\/support.google.com\/adwordspolicy\/answer\/1316548?hl=en\" target=\"_blank\" rel=\"noreferrer noopener\">https:\/\/support.google.com\/adwordspolicy\/answer\/1316548?hl=en<\/a><\/p>\n\n\n\n<p>Me v\u00f5ime kasutada Google AdSense'i reklaami meie veebisaidil.<\/p>\n\n\n\n<p>Google kui kolmas osapool kasutab k\u00fcpsiseid, et edastada reklaame meie veebisaidil. DART-k\u00fcpsise kasutamine Google'i poolt v\u00f5imaldab pakkuda meie kasutajatele reklaame, mis p\u00f5hinevad nende k\u00fclastusel meie saidil ja teistel saitidel Internetis. Kasutajad v\u00f5ivad loobuda DART-k\u00fcpsiste kasutamisest, k\u00fclastades veebilehte <a href=\"https:\/\/www.google.com\/ads\/preferences\" target=\"_blank\" rel=\"noreferrer noopener\">Google'i reklaami seaded<\/a> ja sisuv\u00f5rgu privaatsuspoliitikat.<\/p>\n\n\n\n<p>Me koos kolmandate osapoolte m\u00fc\u00fcjatega, nagu Google, kasutame esimese osapoole k\u00fcpsiseid (nagu Google Analyticsi k\u00fcpsised) ja kolmanda osapoole k\u00fcpsiseid (nagu DoubleClicki k\u00fcpsis) v\u00f5i muid kolmanda osapoole identifikaatoreid, et koguda andmeid kasutajate suhtluse kohta reklaamimuljetega ja muude reklaamiteenuste funktsioonide kohta, mis on seotud meie veebisaidiga.<\/p>\n\n\n\n<p><strong>V\u00e4ljaastumine:<\/strong><\/p>\n\n\n\n<p>Kasutajad saavad m\u00e4\u00e4rata eelistusi, kuidas Google reklaamib teid, kasutades selleks <a href=\"https:\/\/www.google.com\/ads\/preferences\" target=\"_blank\" rel=\"noreferrer noopener\">Google'i reklaami seadete lehek\u00fclg<\/a>. Te v\u00f5ite ka loobuda, k\u00fclastades Network Advertising Initiative loobumislehte v\u00f5i kasutades p\u00fcsivalt Google Analyticsi brauserilaiendit Opt Out Browser add on.<\/p>\n\n\n\n<p><strong>California eraelu puutumatuse kaitse seadus<\/strong><\/p>\n\n\n\n<p>CalOPPA on riigi esimene seadus, mis n\u00f5uab, et kaubanduslikud veebisaidid ja v\u00f5rguteenused peavad avaldama privaatsuspoliitikat. Seaduse kohaldamisala ulatub kaugemale Californiast, n\u00f5udes, et k\u00f5ik isikud v\u00f5i ettev\u00f5tted Ameerika \u00dchendriikides (ja t\u00f5en\u00e4oliselt kogu maailmas), kes haldavad veebisaite, mis koguvad California tarbijate isikuandmeid, peavad oma veebisaidil avaldama silmatorkavalt privaatsuspoliitikat, milles on t\u00e4pselt kirjas, milliseid andmeid kogutakse ja milliste isikutega neid jagatakse, ning j\u00e4rgima seda poliitikat. - Vaata l\u00e4hemalt aadressil: <a href=\"http:\/\/consumercal.org\/california-online-privacy-protection-act-caloppa\/#sthash.0FdRbT51.dpuf\" target=\"_blank\" rel=\"noreferrer noopener\">http:\/\/consumercal.org\/california-online-privacy-protection-act-caloppa\/#sthash.0FdRbT51.dpuf<\/a><\/p>\n\n\n\n<p><strong>Vastavalt CalOPPA-le n\u00f5ustume j\u00e4rgmisega:<\/strong><\/p>\n\n\n\n<p>Kasutajad saavad meie veebilehte k\u00fclastada anon\u00fc\u00fcmselt. Kui see privaatsuspoliitika on loodud, lisame sellele lingi meie kodulehele v\u00f5i v\u00e4hemalt esimesele olulisele lehek\u00fcljele p\u00e4rast meie veebisaidile sisenemist. Meie privaatsuspoliitika link sisaldab s\u00f5na \"Privaatsus\" ja on kergesti leitav eespool nimetatud lehek\u00fcljel.<\/p>\n\n\n\n<p>Kasutajat teavitatakse k\u00f5igist privaatsuspoliitika muudatustest:<\/p>\n\n\n\n<ul class=\"wp-block-list\">\n<li>Meie privaatsuspoliitika lehek\u00fcljel<\/li>\n<\/ul>\n\n\n\n<p>Kasutajad saavad oma isiklikke andmeid muuta:<\/p>\n\n\n\n<ul class=\"wp-block-list\">\n<li>Saates meile e-kirja<\/li>\n<\/ul>\n\n\n\n<p><strong>Kuidas meie sait k\u00e4itleb \"\u00c4ra j\u00e4lgi\" signaale?<\/strong><\/p>\n\n\n\n<p>Me austame mitte j\u00e4lgida signaale ja ei j\u00e4lgi, ei istuta k\u00fcpsiseid ega kasuta reklaami, kui brauseris on kasutusel Do Not Track (DNT) mehhanism.<\/p>\n\n\n\n<p><strong>Kas meie sait lubab kolmandate osapoolte k\u00e4itumise j\u00e4lgimist?<\/strong><\/p>\n\n\n\n<p>Samuti on oluline m\u00e4rkida, et me ei luba kolmandate osapoolte k\u00e4itumise j\u00e4lgimist.<\/p>\n\n\n\n<p><strong>COPPA (Children Online Privacy Protection Act)<\/strong><\/p>\n\n\n\n<p>Kui tegemist on alla 13-aastaste laste isikuandmete kogumisega, annab laste eraelu puutumatuse kaitse seadus (Children's Online Privacy Protection Act - COPPA) vanematele kontrolli. F\u00f6deraalne kaubanduskomisjon, riigi tarbijakaitseamet, rakendab COPPA reeglit, milles on s\u00e4testatud, mida veebisaitide ja v\u00f5rguteenuste operaatorid peavad tegema, et kaitsta laste eraelu puutumatust ja turvalisust internetis.<\/p>\n\n\n\n<p>Me ei turusta spetsiaalselt alla 13-aastastele lastele ja see veebisait on suunatud \u00fcle 18-aastastele.<\/p>\n\n\n\n<p><strong>CAN SPAMi seadus<\/strong><\/p>\n\n\n\n<p>CAN-SPAMi seadus on seadus, mis kehtestab eeskirjad kommertss\u00f5numite saatmiseks, kehtestab n\u00f5uded kommertss\u00f5numitele, annab adressaatidele \u00f5iguse lasta e-kirjade saatmine peatada ja s\u00e4testab karmid karistused rikkumiste eest.<\/p>\n\n\n\n<p><strong>Me kogume teie e-posti aadressi selleks, et:<\/strong><\/p>\n\n\n\n<ul class=\"wp-block-list\">\n<li>Saada teavet, vastata p\u00e4ringutele ja\/v\u00f5i muudele taotlustele v\u00f5i k\u00fcsimustele.<\/li>\n\n\n\n<li>Turg meie postiloendis<\/li>\n<\/ul>\n\n\n\n<p><strong>Et olla koosk\u00f5las CANSPAMiga, n\u00f5ustume j\u00e4rgnevaga:<\/strong><\/p>\n\n\n\n<ul class=\"wp-block-list\">\n<li>EI kasuta valesid v\u00f5i eksitavaid teemasid v\u00f5i e-posti aadresse.<\/li>\n\n\n\n<li>Identifitseerida s\u00f5num mingil m\u00f5istlikul viisil reklaamina.<\/li>\n\n\n\n<li>Lisage meie ettev\u00f5tte v\u00f5i asukoha peakorteri f\u00fc\u00fcsiline aadress.<\/li>\n\n\n\n<li>J\u00e4lgige kolmandate isikute e-posti turundusteenuste vastavust, kui neid kasutatakse.<\/li>\n\n\n\n<li>Kiirelt loobuda\/taotlusest loobumise taotlustest<\/li>\n\n\n\n<li>V\u00f5imaldage kasutajatel loobuda tellimusest, kasutades iga e-kirja allosas olevat linki.<\/li>\n<\/ul>\n\n\n\n<p><strong><br>Kui soovite igal ajal loobuda tulevaste e-kirjade saamisest, saate te igal ajal<\/strong> J\u00e4rgige iga e-kirja l\u00f5pus olevaid juhiseid. ja me eemaldame teid viivitamatult alates <strong>ALL<\/strong> kirjavahetus.<\/p>\n\n\n\n<p><strong>Meiega kontakteerumine<\/strong><\/p>\n\n\n\n<p>Kui teil on k\u00fcsimusi seoses k\u00e4esoleva privaatsuspoliitikaga, siis v\u00f5ite <a href=\"https:\/\/fleetlogging.com\/contact-us\/\" rel=\"noreferrer noopener\" target=\"_blank\">v\u00f5tke meiega \u00fchendust siin<\/a>.<\/p>\n\n\n\n<div id=\"ez-toc-container\" class=\"ez-toc-v2_0_80 counter-hierarchy ez-toc-counter ez-toc-transparent ez-toc-container-direction\">\n<div class=\"ez-toc-title-container\">\n<p class=\"ez-toc-title\" style=\"cursor:inherit\">Jaotised<\/p>\n<span class=\"ez-toc-title-toggle\"><a href=\"#\" class=\"ez-toc-pull-right ez-toc-btn ez-toc-btn-xs ez-toc-btn-default ez-toc-toggle\" aria-label=\"Sisukorra vaheldumine\"><span class=\"ez-toc-js-icon-con\"><span class=\"\"><span class=\"eztoc-hide\" style=\"display:none;\">Toggle<\/span><span class=\"ez-toc-icon-toggle-span\"><svg style=\"fill: #999;color:#999\" xmlns=\"http:\/\/www.w3.org\/2000\/svg\" class=\"list-377408\" width=\"20px\" height=\"20px\" viewbox=\"0 0 24 24\" fill=\"none\"><path d=\"M6 6H4v2h2V6zm14 0H8v2h12V6zM4 11h2v2H4v-2zm16 0H8v2h12v-2zM4 16h2v2H4v-2zm16 0H8v2h12v-2z\" fill=\"currentColor\"><\/path><\/svg><svg style=\"fill: #999;color:#999\" class=\"arrow-unsorted-368013\" xmlns=\"http:\/\/www.w3.org\/2000\/svg\" width=\"10px\" height=\"10px\" viewbox=\"0 0 24 24\" version=\"1.2\" baseprofile=\"tiny\"><path d=\"M18.2 9.3l-6.2-6.3-6.2 6.3c-.2.2-.3.4-.3.7s.1.5.3.7c.2.2.4.3.7.3h11c.3 0 .5-.1.7-.3.2-.2.3-.5.3-.7s-.1-.5-.3-.7zM5.8 14.7l6.2 6.3 6.2-6.3c.2-.2.3-.5.3-.7s-.1-.5-.3-.7c-.2-.2-.4-.3-.7-.3h-11c-.3 0-.5.1-.7.3-.2.2-.3.5-.3.7s.1.5.3.7z\"\/><\/svg><\/span><\/span><\/span><\/a><\/span><\/div>\n<nav><ul class='ez-toc-list ez-toc-list-level-1 eztoc-toggle-hide-by-default' ><li class='ez-toc-page-1 ez-toc-heading-level-2'><a class=\"ez-toc-link ez-toc-heading-1\" href=\"https:\/\/coinkickoff.com\/et\/privacy-policy\/#Comments\" >Kommentaarid<\/a><\/li><li class='ez-toc-page-1 ez-toc-heading-level-2'><a class=\"ez-toc-link ez-toc-heading-2\" href=\"https:\/\/coinkickoff.com\/et\/privacy-policy\/#Media\" >Meedia<\/a><\/li><li class='ez-toc-page-1 ez-toc-heading-level-2'><a class=\"ez-toc-link ez-toc-heading-3\" href=\"https:\/\/coinkickoff.com\/et\/privacy-policy\/#Cookies\" >K\u00fcpsised<\/a><\/li><li class='ez-toc-page-1 ez-toc-heading-level-2'><a class=\"ez-toc-link ez-toc-heading-4\" href=\"https:\/\/coinkickoff.com\/et\/privacy-policy\/#Embedded_content_from_other_websites\" >Sisseehitatud sisu teistelt veebisaitidelt<\/a><\/li><li class='ez-toc-page-1 ez-toc-heading-level-2'><a class=\"ez-toc-link ez-toc-heading-5\" href=\"https:\/\/coinkickoff.com\/et\/privacy-policy\/#Who_we_share_your_data_with\" >Kellega me teie andmeid jagame<\/a><\/li><li class='ez-toc-page-1 ez-toc-heading-level-2'><a class=\"ez-toc-link ez-toc-heading-6\" href=\"https:\/\/coinkickoff.com\/et\/privacy-policy\/#What_rights_you_have_over_your_data\" >Millised \u00f5igused teil on oma andmete suhtes<\/a><\/li><li class='ez-toc-page-1 ez-toc-heading-level-2'><a class=\"ez-toc-link ez-toc-heading-7\" href=\"https:\/\/coinkickoff.com\/et\/privacy-policy\/#Where_we_send_your_data\" >Kuhu me teie andmed saadame<\/a><\/li><\/ul><\/nav><\/div>\n<h2 class=\"wp-block-heading\"><span class=\"ez-toc-section\" id=\"Comments\"><\/span>Kommentaarid<span class=\"ez-toc-section-end\"><\/span><\/h2>\n\n\n\n<p>Kui k\u00fclastajad j\u00e4tavad saidile kommentaare, kogume me kommentaarivormis n\u00e4idatud andmeid, samuti k\u00fclastaja IP-aadressi ja brauseri kasutajaliidese stringi, et aidata r\u00e4mpsposti tuvastamisel.<\/p>\n\n\n\n<p>Gravatari teenusele v\u00f5idakse esitada teie e-posti aadressist loodud anon\u00fc\u00fcmne string (mida nimetatakse ka hashiks), et n\u00e4ha, kas te kasutate seda. Gravatari teenuse privaatsuspoliitika on saadaval siin: https:\/\/automattic.com\/privacy\/. P\u00e4rast teie kommentaari kinnitamist on teie profiilipilt avalikkusele n\u00e4htav teie kommentaari kontekstis.<\/p>\n\n\n\n<h2 class=\"wp-block-heading\"><span class=\"ez-toc-section\" id=\"Media\"><\/span>Meedia<span class=\"ez-toc-section-end\"><\/span><\/h2>\n\n\n\n<p>Kui te laadite veebilehele pilte \u00fcles, peaksite v\u00e4ltima selliste piltide \u00fcleslaadimist, mis sisaldavad asukohaandmeid (EXIF GPS). Veebisaidi k\u00fclastajad saavad veebisaidil olevatelt piltidelt alla laadida ja eraldada asukohaandmeid.<\/p>\n\n\n\n<h2 class=\"wp-block-heading\"><span class=\"ez-toc-section\" id=\"Cookies\"><\/span>K\u00fcpsised<span class=\"ez-toc-section-end\"><\/span><\/h2>\n\n\n\n<p>Kui j\u00e4tate meie veebisaidil kommentaari, v\u00f5ite anda n\u00f5usoleku oma nime, e-posti aadressi ja veebisaidi salvestamiseks k\u00fcpsistesse. Need on teie mugavuse huvides, et te ei peaks oma andmeid uuesti sisestama, kui j\u00e4tate teise kommentaari. Need k\u00fcpsised j\u00e4\u00e4vad \u00fcheks aastaks.<\/p>\n\n\n\n<p>Kui k\u00fclastate meie sisselogimislehte, seame ajutise k\u00fcpsise, et teha kindlaks, kas teie brauser aktsepteerib k\u00fcpsiseid. See k\u00fcpsis ei sisalda isikuandmeid ja see h\u00e4vitatakse, kui sulgete oma brauseri.<\/p>\n\n\n\n<p>Kui logite sisse, seame ka mitu k\u00fcpsist, et salvestada teie sisselogimise andmed ja ekraanivalikud. Sisselogimisk\u00fcpsised p\u00fcsivad kaks p\u00e4eva ja ekraanivalikute k\u00fcpsised p\u00fcsivad aasta. Kui valite \"M\u00e4leta mind\", j\u00e4\u00e4b teie sisselogimine alles kaheks n\u00e4dalaks. Kui logite oma kontost v\u00e4lja, eemaldatakse sisselogimisk\u00fcpsised.<\/p>\n\n\n\n<p>Kui muudate v\u00f5i avaldate artikli, salvestatakse teie brauserisse t\u00e4iendav k\u00fcpsis. See k\u00fcpsis ei sisalda mingeid isikuandmeid ja n\u00e4itab lihtsalt teie poolt \u00e4sja redigeeritud artikli postituse ID-d. See aegub 1 p\u00e4eva p\u00e4rast.<\/p>\n\n\n\n<h2 class=\"wp-block-heading\"><span class=\"ez-toc-section\" id=\"Embedded_content_from_other_websites\"><\/span>Sisseehitatud sisu teistelt veebisaitidelt<span class=\"ez-toc-section-end\"><\/span><\/h2>\n\n\n\n<p>Selle saidi artiklid v\u00f5ivad sisaldada varjatud sisu (nt videod, pildid, artiklid jne). Teiste veebisaitide sisseehitatud sisu k\u00e4itub t\u00e4pselt samamoodi, nagu oleks k\u00fclastaja k\u00fclastanud teist veebisaiti.<\/p>\n\n\n\n<p>Need veebisaidid v\u00f5ivad koguda teie kohta andmeid, kasutada k\u00fcpsiseid, varjata t\u00e4iendavat kolmanda osapoole j\u00e4lgimist ja j\u00e4lgida teie suhtlemist selle varjatud sisuga, sealhulgas j\u00e4lgida teie suhtlemist varjatud sisuga, kui teil on konto ja olete sellele veebisaidile sisse logitud.<\/p>\n\n\n\n<h2 class=\"wp-block-heading\"><span class=\"ez-toc-section\" id=\"Who_we_share_your_data_with\"><\/span>Kellega me teie andmeid jagame<span class=\"ez-toc-section-end\"><\/span><\/h2>\n\n\n\n<p>Kui kaua me teie andmeid s\u00e4ilitame<\/p>\n\n\n\n<p>Kui j\u00e4tate kommentaari, s\u00e4ilitatakse kommentaar ja selle metaandmed m\u00e4\u00e4ramata ajaks. See on vajalik selleks, et me saaksime automaatselt \u00e4ra tunda ja heaks kiita k\u00f5ik j\u00e4relkommentaarid, selle asemel, et hoida neid modereerimise j\u00e4rjekorras.<\/p>\n\n\n\n<p>Kasutajate puhul, kes registreeruvad meie veebisaidil (kui neid on), salvestame ka nende poolt esitatud isikuandmeid nende kasutajaprofiilis. K\u00f5ik kasutajad saavad oma isikuandmeid igal ajal n\u00e4ha, muuta v\u00f5i kustutada (v\u00e4lja arvatud kasutajanime ei saa nad muuta). Veebisaidi administraatorid saavad samuti seda teavet n\u00e4ha ja muuta.<\/p>\n\n\n\n<h2 class=\"wp-block-heading\"><span class=\"ez-toc-section\" id=\"What_rights_you_have_over_your_data\"><\/span>Millised \u00f5igused teil on oma andmete suhtes<span class=\"ez-toc-section-end\"><\/span><\/h2>\n\n\n\n<p>Kui teil on sellel veebisaidil konto v\u00f5i olete j\u00e4tnud kommentaare, v\u00f5ite taotleda, et teile eksporditaks teie kohta k\u00e4ivate isikuandmete, sealhulgas teie poolt meile esitatud andmete eksporditud fail. Samuti v\u00f5ite taotleda, et me kustutaksime teie kohta s\u00e4ilitatavad isikuandmed. See ei h\u00f5lma andmeid, mida me oleme kohustatud s\u00e4ilitama haldus-, \u00f5igus- v\u00f5i julgeolekueesm\u00e4rkidel.<\/p>\n\n\n\n<h2 class=\"wp-block-heading\"><span class=\"ez-toc-section\" id=\"Where_we_send_your_data\"><\/span>Kuhu me teie andmed saadame<span class=\"ez-toc-section-end\"><\/span><\/h2>\n\n\n\n<p>K\u00fclastajate kommentaare v\u00f5idakse kontrollida automatiseeritud r\u00e4mpsposti tuvastamise teenuse kaudu.<\/p>","protected":false},"excerpt":{"rendered":"<p>K\u00e4esoleva privaatsuspoliitika on koostanud Coin Kickoff (omanik on Brilliant British Ltd, ettev\u00f5tte number 10490224 (registreeritud Inglismaal ja Walesis), registrij\u00e4rgne aadress: 3. korrus Great Titchfield House, 14-18 Great Titchfield Street, London, \u00dchendkuningriik, W1W 8BD), et paremini teenindada neid, kes on mures selle p\u00e4rast, kuidas nende \"Isikuandmeid\" (PII) [...]<\/p>","protected":false},"author":1,"featured_media":0,"parent":0,"menu_order":0,"comment_status":"closed","ping_status":"open","template":"","meta":{"_genesis_hide_title":false,"_genesis_hide_breadcrumbs":false,"_genesis_hide_singular_image":false,"_genesis_hide_footer_widgets":false,"_genesis_custom_body_class":"","_genesis_custom_post_class":"","_genesis_layout":"","_glsr_average":0,"_glsr_ranking":0,"_glsr_reviews":0,"footnotes":""},"class_list":{"0":"post-3","1":"page","2":"type-page","3":"status-publish","5":"entry"},"featured_image_src":null,"featured_image_src_square":null,"_links":{"self":[{"href":"https:\/\/coinkickoff.com\/et\/wp-json\/wp\/v2\/pages\/3","targetHints":{"allow":["GET"]}}],"collection":[{"href":"https:\/\/coinkickoff.com\/et\/wp-json\/wp\/v2\/pages"}],"about":[{"href":"https:\/\/coinkickoff.com\/et\/wp-json\/wp\/v2\/types\/page"}],"author":[{"embeddable":true,"href":"https:\/\/coinkickoff.com\/et\/wp-json\/wp\/v2\/users\/1"}],"replies":[{"embeddable":true,"href":"https:\/\/coinkickoff.com\/et\/wp-json\/wp\/v2\/comments?post=3"}],"version-history":[{"count":1,"href":"https:\/\/coinkickoff.com\/et\/wp-json\/wp\/v2\/pages\/3\/revisions"}],"predecessor-version":[{"id":1779,"href":"https:\/\/coinkickoff.com\/et\/wp-json\/wp\/v2\/pages\/3\/revisions\/1779"}],"wp:attachment":[{"href":"https:\/\/coinkickoff.com\/et\/wp-json\/wp\/v2\/media?parent=3"}],"curies":[{"name":"wp","href":"https:\/\/api.w.org\/{rel}","templated":true}]}}