{"id":1692,"date":"2026-01-08T14:08:11","date_gmt":"2026-01-08T14:08:11","guid":{"rendered":"https:\/\/coinkickoff.com\/?page_id=1692"},"modified":"2026-01-08T14:08:11","modified_gmt":"2026-01-08T14:08:11","slug":"ethereum-price-calculator","status":"publish","type":"page","link":"https:\/\/coinkickoff.com\/et\/ethereum-price-calculator\/","title":{"rendered":"Ethereum (ETH) hinnakalkulaator: ETH kuni USD, EUR, GBP ja rohkem"},"content":{"rendered":"<div id=\"ez-toc-container\" class=\"ez-toc-v2_0_80 counter-hierarchy ez-toc-counter ez-toc-transparent ez-toc-container-direction\">\n<div class=\"ez-toc-title-container\">\n<p class=\"ez-toc-title\" style=\"cursor:inherit\">Jaotised<\/p>\n<span class=\"ez-toc-title-toggle\"><a href=\"#\" class=\"ez-toc-pull-right ez-toc-btn ez-toc-btn-xs ez-toc-btn-default ez-toc-toggle\" aria-label=\"Sisukorra vaheldumine\"><span class=\"ez-toc-js-icon-con\"><span class=\"\"><span class=\"eztoc-hide\" style=\"display:none;\">Toggle<\/span><span class=\"ez-toc-icon-toggle-span\"><svg style=\"fill: #999;color:#999\" xmlns=\"http:\/\/www.w3.org\/2000\/svg\" class=\"list-377408\" width=\"20px\" height=\"20px\" viewbox=\"0 0 24 24\" fill=\"none\"><path d=\"M6 6H4v2h2V6zm14 0H8v2h12V6zM4 11h2v2H4v-2zm16 0H8v2h12v-2zM4 16h2v2H4v-2zm16 0H8v2h12v-2z\" fill=\"currentColor\"><\/path><\/svg><svg style=\"fill: #999;color:#999\" class=\"arrow-unsorted-368013\" xmlns=\"http:\/\/www.w3.org\/2000\/svg\" width=\"10px\" height=\"10px\" viewbox=\"0 0 24 24\" version=\"1.2\" baseprofile=\"tiny\"><path d=\"M18.2 9.3l-6.2-6.3-6.2 6.3c-.2.2-.3.4-.3.7s.1.5.3.7c.2.2.4.3.7.3h11c.3 0 .5-.1.7-.3.2-.2.3-.5.3-.7s-.1-.5-.3-.7zM5.8 14.7l6.2 6.3 6.2-6.3c.2-.2.3-.5.3-.7s-.1-.5-.3-.7c-.2-.2-.4-.3-.7-.3h-11c-.3 0-.5.1-.7.3-.2.2-.3.5-.3.7s.1.5.3.7z\"\/><\/svg><\/span><\/span><\/span><\/a><\/span><\/div>\n<nav><ul class='ez-toc-list ez-toc-list-level-1 eztoc-toggle-hide-by-default' ><li class='ez-toc-page-1 ez-toc-heading-level-2'><a class=\"ez-toc-link ez-toc-heading-1\" href=\"https:\/\/coinkickoff.com\/et\/ethereum-price-calculator\/#Ethereum_ETH_Price_Calculator\" >Ethereum (ETH) hinnakalkulaator<\/a><\/li><li class='ez-toc-page-1 ez-toc-heading-level-2'><a class=\"ez-toc-link ez-toc-heading-2\" href=\"https:\/\/coinkickoff.com\/et\/ethereum-price-calculator\/#Current_Ethereum_ETH_Price\" >Praegune Ethereum (ETH) hind<\/a><\/li><li class='ez-toc-page-1 ez-toc-heading-level-2'><a class=\"ez-toc-link ez-toc-heading-3\" href=\"https:\/\/coinkickoff.com\/et\/ethereum-price-calculator\/#Historical_Ethereum_Price_Chart\" >Ajalooline hinnagraafik Ethereum<\/a><\/li><li class='ez-toc-page-1 ez-toc-heading-level-2'><a class=\"ez-toc-link ez-toc-heading-4\" href=\"https:\/\/coinkickoff.com\/et\/ethereum-price-calculator\/#Other_Crypto_Price_Calculators\" >Muud kr\u00fcpto hinna kalkulaatorid<\/a><\/li><\/ul><\/nav><\/div>\n<h2><span class=\"ez-toc-section\" id=\"Ethereum_ETH_Price_Calculator\"><\/span>Ethereum (ETH) hinnakalkulaator<span class=\"ez-toc-section-end\"><\/span><\/h2>\n<div class=\"ccpw_react_widget ccpw_calculator\" id=\"ccpw_react_widgets_1583_69e09d02b82dd\" data-attribute=\"{&quot;type&quot;:&quot;calculator&quot;,&quot;baseCurrency&quot;:&quot;ethereum&quot;,&quot;targetCurrency&quot;:&quot;USD&quot;}\"><\/div><style type='text\/css'>\r\n\t\t\t  #ccpw_react_widgets_1583 .ccpw-Converter {\r\n\t\t\t\t  background-color: #ffffff;\r\n\t\t\t\t  color: #000;\r\n\t\t\t  }<\/style>\n<p>V\u00f5ite kasutada \u00fclaltoodud kalkulaatorit, et n\u00e4ha praegust <a href=\"https:\/\/coinkickoff.com\/et\/ethereum-eth\/\" data-internallinksmanager029f6b8e52c=\"2\" title=\"Mis on Ethereum (ETH)? Hind, ajalugu ja kust osta\">ETH<\/a> to USD vahetuskurss koos teiste valuutapaaridega, nagu ETH ja EUR, ETH ja GBP, ETH ja JPY ning enamik teisi peamisi valuutasid. Peale selle saate kasutada ka vaadata ETH to <a href=\"https:\/\/coinkickoff.com\/et\/bitcoin-btc\/\" data-internallinksmanager029f6b8e52c=\"1\" title=\"Mis on Bitcoin (BTC)? Hind, ajalugu ja kust osta\">BTC<\/a> vahetuskurss, ETH et <a href=\"https:\/\/coinkickoff.com\/et\/binance-coin-bnb\/\" data-internallinksmanager029f6b8e52c=\"6\" title=\"Mis on Binance Coin (BNB)? Kuidas see t\u00f6\u00f6tab ja kust seda osta?\">BNB<\/a> ja muud kr\u00fcptopaarid.<\/p>\n<h2><span class=\"ez-toc-section\" id=\"Current_Ethereum_ETH_Price\"><\/span>Praegune Ethereum (ETH) hind<span class=\"ez-toc-section-end\"><\/span><\/h2>\n<!-- Cryptocurrency Widgets PRO 4.1.2  !--><div id=\"ccpw-price-block-1582\" ><div class=\"ccpw_react_widget\" id=\"ccpw_react_widgets_1582734155734\" data-attribute=\"{&quot;type&quot;:&quot;price-block&quot;,&quot;selected_currency&quot;:&quot;USD&quot;,&quot;custom_currency&quot;:[&quot;ethereum&quot;],&quot;show_coins&quot;:&quot;custom&quot;,&quot;design_block&quot;:&quot;style-5&quot;,&quot;block_card_column&quot;:&quot;&quot;,&quot;MbFormating&quot;:&quot;&quot;,&quot;live_changes&quot;:&quot;&quot;,&quot;odometer_style&quot;:&quot;&quot;,&quot;chart_type&quot;:&quot;area&quot;,&quot;chart_height&quot;:140,&quot;display_changes&quot;:&quot;&quot;,&quot;block_chart_color&quot;:&quot;&quot;,&quot;enable_chart_color&quot;:&quot;&quot;}\"><\/div><\/div><style type='text\/css'>\r\n\t\t\t\t\t  #ccpw-price-block-1582 .blocktop-area {\r\n\t\t\t\t\t\t  color: #000;\r\n\t\t\t\t\t\t  background: #ffffff;\r\n\t\t\t\t\t  }\r\n\t\t\t\t\t  #ccpw-price-block-1582 span.ccpw-currencybtn {\r\n\t\t\t\t\t\t  color: rgba(255,255,255,0.95);\r\n\t\t\t\t\t\t  background: rgba(0,0,0,0.55);\r\n\t\t\t\t\t  }\r\n\t\t\t\t\t  #ccpw-price-block-1582 span.ccpw-currencybtn.active {\r\n\t\t\t\t\t\t  color: #ffffff;\r\n\t\t\t\t\t\t  background: #000;\r\n\t\t\t\t\t  }\r\n\t\t\t\t\t  #ccpw-price-block-1582 .price-block.style-5 span.ccpw-coin-24h-change span {\r\n\t\t\t\t\t\t  color: rgba(255,255,255,0.98);\r\n\t\t\t\t\t\t  background: rgba(0,0,0,0.65);\r\n\t\t\t\t\t  }<\/style>\n<p>Vaata reaalajas Ethereum hindu USD, EUR ja GBP eespool.  <\/p>\n<div class=\"cg-choice-box-six   cg-blue\" ><div class=\"cg-cb-row\"><div class=\"cg-cb-items\" id=\"product-265843\"><div class=\"cg-cb-top-head\"><div class=\"cg-cb-top-pick\">Enamik Coins<\/div><\/div><a href=\"https:\/\/accounts.binance.com\/register?ref=BLJQ60RW\" target=\"_blank\" rel=\"nofollow noopener\" class=\"cg-aff-link cg-cb-img\" data-post-title=\"Binance\" data-aff-link=\"https:\/\/accounts.binance.com\/register?ref=BLJQ60RW\" data-post-type=\"top\" data-post-id=\"127750\"><img decoding=\"async\" src=\"https:\/\/coinkickoff.com\/wp-content\/uploads\/2022\/10\/Binance_logo.png\" class=\"cg-img-1\" alt=\"Binance\" style=\"\"><\/a><div class=\"cg-cb-title\"><a href=\"https:\/\/accounts.binance.com\/register?ref=BLJQ60RW\" class=\"cg-aff-link\" data-post-id=\"127750\" data-post-type=\"top\" data-aff-link=\"https:\/\/accounts.binance.com\/register?ref=BLJQ60RW\" data-post-title=\"Binance\" target=\"\" rel=\"nofollow noopener\">Binance<\/a><\/span><\/div><div class=\"cg-cb-content\"><ul><li><strong>350+<\/strong> Loetletud kr\u00fcptovaluutad<\/li><li><strong>&lt;0.10%<\/strong> Tehingutasud<\/li><li><strong>120 miljonit<\/strong> Registreeritud kasutajad<\/li><li>Turvaline varade fond kasutajate jaoks<\/li><li>Teenida hoiuste pealt<\/li><\/ul><\/div><div class=\"cg-cb-btn\"><span class='cta-copy'><a href=\"https:\/\/accounts.binance.com\/register?ref=BLJQ60RW\" class=\"cg-one-button cg-btn cg-red  cg-aff-link cg-btn-lg\" data-post-id=\"127750\" data-post-type=\"top\" data-aff-link=\"https:\/\/accounts.binance.com\/register?ref=BLJQ60RW\" data-style=\"default\" data-post-title=\"Binance\" data-extra=\"arrow\" style=\"\" target=\"\" rel=\"nofollow noopener\">Alusta<\/a><\/span><\/span><\/div><\/div><div class=\"cg-cb-items\" id=\"product-265829\"><div class=\"cg-cb-top-head\"><div class=\"cg-cb-top-pick\">Enamik riike<\/div><\/div><a href=\"https:\/\/kraken.pxf.io\/756J3y\" target=\"_blank\" rel=\"nofollow noopener\" class=\"cg-aff-link cg-cb-img\" data-post-title=\"Kraken\" data-aff-link=\"https:\/\/kraken.pxf.io\/756J3y\" data-post-type=\"top\" data-post-id=\"127750\"><img decoding=\"async\" src=\"https:\/\/coinkickoff.com\/wp-content\/uploads\/Kraken-logo.webp\" class=\"cg-img-1\" alt=\"Kraken\" style=\"\"><\/a><div class=\"cg-cb-title\"><a href=\"https:\/\/kraken.pxf.io\/756J3y\" class=\"cg-aff-link\" data-post-id=\"127750\" data-post-type=\"top\" data-aff-link=\"https:\/\/kraken.pxf.io\/756J3y\" data-post-title=\"Kraken\" target=\"\" rel=\"nofollow noopener\">Kraken<\/a><\/span><\/div><div class=\"cg-cb-content\"><ul><li>USAs asuv<\/li><li>Alustage nii v\u00e4heste <strong>$10<\/strong><\/li><li>Osta ja m\u00fc\u00fca <strong>200+<\/strong> kr\u00fcptovaluutad<\/li><li>Pro lahendus suurematele kauplejatele<\/li><li>Saadaval on <strong>190+<\/strong> riigid<\/li><\/ul><\/div><div class=\"cg-cb-btn\"><span class='cta-copy'><a href=\"https:\/\/kraken.pxf.io\/756J3y\" class=\"cg-one-button cg-btn cg-red  cg-aff-link cg-btn-lg\" data-post-id=\"127750\" data-post-type=\"top\" data-aff-link=\"https:\/\/kraken.pxf.io\/756J3y\" data-style=\"default\" data-post-title=\"Kraken\" data-extra=\"arrow\" style=\"\" target=\"\" rel=\"nofollow noopener\">Alusta<\/a><\/span><\/span><\/div><\/div><div class=\"cg-cb-items\" id=\"product-265822\"><div class=\"cg-cb-top-head\"><div class=\"cg-cb-top-pick\">USAs asuv<\/div><\/div><a href=\"https:\/\/coinbase-consumer.sjv.io\/ORPoaG\" target=\"_blank\" rel=\"nofollow noopener\" class=\"cg-aff-link cg-cb-img\" data-post-title=\"Coinbase\" data-aff-link=\"https:\/\/coinbase-consumer.sjv.io\/ORPoaG\" data-post-type=\"top\" data-post-id=\"127750\"><img decoding=\"async\" src=\"https:\/\/coinkickoff.com\/wp-content\/uploads\/2022\/10\/Coinbase.png\" class=\"cg-img-1\" alt=\"Coinbase\" style=\"\"><\/a><div class=\"cg-cb-title\"><a href=\"https:\/\/coinbase-consumer.sjv.io\/ORPoaG\" class=\"cg-aff-link\" data-post-id=\"127750\" data-post-type=\"top\" data-aff-link=\"https:\/\/coinbase-consumer.sjv.io\/ORPoaG\" data-post-title=\"Coinbase\" target=\"\" rel=\"nofollow noopener\">Coinbase<\/a><\/span><\/div><div class=\"cg-cb-content\"><ul><li><strong>200+<\/strong> Loetletud kr\u00fcptovaluutad<\/li><li>Saada kr\u00fcpto p\u00e4rast oma esimest ostu<\/li><li>Kindlustusega kaitstud&nbsp;<\/li><li>Turvaline ladustamine v\u00f5lvkaitsega<\/li><li>K\u00f5ige usaldusv\u00e4\u00e4rsem kr\u00fcptoraha platvorm<\/li><\/ul><\/div><div class=\"cg-cb-btn\"><span class='cta-copy'><a href=\"https:\/\/coinbase-consumer.sjv.io\/ORPoaG\" class=\"cg-one-button cg-btn cg-red  cg-aff-link cg-btn-lg\" data-post-id=\"127750\" data-post-type=\"top\" data-aff-link=\"https:\/\/coinbase-consumer.sjv.io\/ORPoaG\" data-style=\"default\" data-post-title=\"Coinbase\" data-extra=\"arrow\" style=\"\" target=\"\" rel=\"nofollow noopener\">Alusta<\/a><\/span><\/span><\/div><\/div><\/div><\/div>\n\n<h2><span class=\"ez-toc-section\" id=\"Historical_Ethereum_Price_Chart\"><\/span>Ajalooline hinnagraafik Ethereum<span class=\"ez-toc-section-end\"><\/span><\/h2>\n<!-- Cryptocurrency Widgets PRO 4.1.2  !--><div id=\"ccpw-chart-1584\" class=\"ccpw-container chart\"><div class=\"coin_details\"><ul>\r\n            <li><div class=\"ccpw_icon\"><img decoding=\"async\" style=\"width:128px;\" id=\"ethereum\" alt=\"ethereum\" src=\"https:\/\/coinkickoff.com\/wp-content\/plugins\/cryptocurrency-price-ticker-widget-pro\/assets\/coin-logos\/ethereum.svg\"><\/div><\/li>\r\n            <li><div class=\"ticker-name\"><strong>Ethereum<br\/>(ETH)<\/strong><\/div>\r\n            <\/li>\r\n            <li class=\"c_info\"><strong>Hind <\/strong> <div class=\"chart_coin_price CCP-ethereum\"><span class=\"ticker-price\">&#036;2,339.29<\/span><\/div><\/li>\r\n            <li  class=\"c_info\"><strong>Turukapital<\/strong>\r\n            <div class=\"coin_market_cap\"><span class=\"CCMC\">$282.33 B<\/span><\/div><\/li>\r\n            <\/ul><\/div><div id=\"ccpw-default-chart-ethereum-69e09d02b8b5b\" class=\"ccpw-default-chart\"><\/div><div class=\"chart-wrp\"  id=\"CCPW-CHART-ethereum-69e09d02b8b5b\" style=\"width:100%; height:400px;\" ><div\r\n\t\t\tclass=\"ccpw-chart\"\r\n\t\t\tdata-no-formatting=\"&#039;$&#039;#,###.##\"\r\n\t\t\tdata-coin-period=\"365day\"\r\n\t\t\tdata-coin-id=\"ethereum\"\r\n\t\t\tdata-chart-color=\"#2196F3\"\r\n\t\t\tdata-from-lbl=\"From\"\r\n\t\t\tdata-zoom-lbl=\"Zoom\"\r\n\t\t\tdata-to-lbl=\"To\"\r\n\t\t\tdata-price-lbl=\"Price\"\r\n\t\t\tdata-volume-lbl=\"Volume\"\r\n\t\t\t data-1d=\"24H\" data-7d=\"7D\" data-1m=\"1M\" data-3m=\"3M\"\r\n            data-6m=\"6M\" data-1y=\"1Y\" data-coinid=\"ethereum\"\r\n            data-unique-id=\"69e09d02b8b5b\"><\/div><img decoding=\"async\" class=\"ccpw-preloader\" src=\"https:\/\/coinkickoff.com\/wp-content\/plugins\/cryptocurrency-price-ticker-widget-pro\/images\/chart-loading.svg\"><span class=\"ccpw-no-data\"><\/span>\r\n<\/div><\/div><style type='text\/css'>\r\n\t\t\t  #ccpw-chart-1584 .ccc-chart-header { background: #2196F3}\r\n\t\t\t  #ccpw-chart-1584 #ccc-chart-block .exportBtnTop,\r\n\t\t\t  #ccpw-chart-1584 a.tabperiods.tabperiods_active,\r\n\t\t\t  #ccpw-chart-1584 .coin_details {\r\n\t\t\t\t  color: #2196F3;\r\n\t\t\t\t  background: rgba(33,150,243,0.15);\r\n\t\t\t  }\r\n\t\t\t  #ccpw-chart-1584 .coin_details {\r\n\t\t\t\t  border: 1px solid rgba(33,150,243,0.16);\r\n\t\t\t  }\r\n\t\t\t  .ccpw-container_chart #ccpw-chart-1584 .coin-container:after,\r\n\t\t\t  .ccpw-container_four #ccpw-chart-1584 .coin-container:after {border-color:#ccc !Important;}\r\n\t\t  <\/style>\n<p>Saate j\u00e4lgida Ethereum hinnak\u00e4iku \u00fclaltoodud diagrammi abil. Praegu on saadaval ainult USD. <\/p>\n<h2><span class=\"ez-toc-section\" id=\"Other_Crypto_Price_Calculators\"><\/span>Muud kr\u00fcpto hinna kalkulaatorid<span class=\"ez-toc-section-end\"><\/span><\/h2>\n<ul>\n<li> <a href=\"https:\/\/coinkickoff.com\/et\/bitcoin-price-calculator\/\">Bitcoin (BTC)<\/a><\/li>\n<\/ul>","protected":false},"excerpt":{"rendered":"<p>Ethereum (ETH) hinnakalkulaator Kasutage \u00fclaltoodud kalkulaatorit, et n\u00e4ha praegust ETH ja USD vahetuskurssi koos teiste valuutapaaride, nagu ETH ja EUR, ETH ja GBP, ETH ja JPY ning enamiku teiste peamiste valuutade vahel. Lisaks saate kasutada ka n\u00e4ha ETH et BTC vahetuskurssi, ETH et [...]<\/p>","protected":false},"author":1,"featured_media":0,"parent":0,"menu_order":0,"comment_status":"closed","ping_status":"closed","template":"","meta":{"_genesis_hide_title":false,"_genesis_hide_breadcrumbs":false,"_genesis_hide_singular_image":false,"_genesis_hide_footer_widgets":false,"_genesis_custom_body_class":"","_genesis_custom_post_class":"","_genesis_layout":"","_glsr_average":0,"_glsr_ranking":0,"_glsr_reviews":0,"footnotes":""},"class_list":{"0":"post-1692","1":"page","2":"type-page","3":"status-publish","5":"entry"},"featured_image_src":null,"featured_image_src_square":null,"_links":{"self":[{"href":"https:\/\/coinkickoff.com\/et\/wp-json\/wp\/v2\/pages\/1692","targetHints":{"allow":["GET"]}}],"collection":[{"href":"https:\/\/coinkickoff.com\/et\/wp-json\/wp\/v2\/pages"}],"about":[{"href":"https:\/\/coinkickoff.com\/et\/wp-json\/wp\/v2\/types\/page"}],"author":[{"embeddable":true,"href":"https:\/\/coinkickoff.com\/et\/wp-json\/wp\/v2\/users\/1"}],"replies":[{"embeddable":true,"href":"https:\/\/coinkickoff.com\/et\/wp-json\/wp\/v2\/comments?post=1692"}],"version-history":[{"count":7,"href":"https:\/\/coinkickoff.com\/et\/wp-json\/wp\/v2\/pages\/1692\/revisions"}],"predecessor-version":[{"id":1707,"href":"https:\/\/coinkickoff.com\/et\/wp-json\/wp\/v2\/pages\/1692\/revisions\/1707"}],"wp:attachment":[{"href":"https:\/\/coinkickoff.com\/et\/wp-json\/wp\/v2\/media?parent=1692"}],"curies":[{"name":"wp","href":"https:\/\/api.w.org\/{rel}","templated":true}]}}