{"id":4628,"date":"2026-01-08T14:08:02","date_gmt":"2026-01-08T14:08:02","guid":{"rendered":"https:\/\/coinkickoff.com\/?page_id=4628"},"modified":"2026-01-08T14:08:02","modified_gmt":"2026-01-08T14:08:02","slug":"how-are-bitcoin-slots-different","status":"publish","type":"page","link":"https:\/\/coinkickoff.com\/es_mx\/bitcoin-casino\/how-are-bitcoin-slots-different\/","title":{"rendered":"\u00bfEn qu\u00e9 se diferencian las tragaperras Bitcoin de las tragaperras de casino tradicionales?"},"content":{"rendered":"<p><em>Descargo de responsabilidad: El juego implica un riesgo financiero significativo. Apueste s\u00f3lo con el dinero que pueda permitirse perder. La informaci\u00f3n proporcionada a continuaci\u00f3n es s\u00f3lo para fines informativos. Es posible que recibamos una comisi\u00f3n si usted se registra y pierde dinero en alguno de los siguientes sitios web <a href=\"https:\/\/coinkickoff.com\/es_mx\/bitcoin-casino\/\" data-internallinksmanager029f6b8e52c=\"200\" title=\"3 mejores criptocasinos Bitcoin con bonos\">casinos<\/a>. No todos los casinos est\u00e1n disponibles en todos los pa\u00edses. Toda la informaci\u00f3n que consideramos correcta en el momento de su publicaci\u00f3n puede haber cambiado.<\/em><\/p>\n<div id=\"ez-toc-container\" class=\"ez-toc-v2_0_80 counter-hierarchy ez-toc-counter ez-toc-transparent ez-toc-container-direction\">\n<div class=\"ez-toc-title-container\">\n<p class=\"ez-toc-title\" style=\"cursor:inherit\">Secciones<\/p>\n<span class=\"ez-toc-title-toggle\"><a href=\"#\" class=\"ez-toc-pull-right ez-toc-btn ez-toc-btn-xs ez-toc-btn-default ez-toc-toggle\" aria-label=\"Tabla de contenidos\"><span class=\"ez-toc-js-icon-con\"><span class=\"\"><span class=\"eztoc-hide\" style=\"display:none;\">Toggle<\/span><span class=\"ez-toc-icon-toggle-span\"><svg style=\"fill: #999;color:#999\" xmlns=\"http:\/\/www.w3.org\/2000\/svg\" class=\"list-377408\" width=\"20px\" height=\"20px\" viewbox=\"0 0 24 24\" fill=\"none\"><path d=\"M6 6H4v2h2V6zm14 0H8v2h12V6zM4 11h2v2H4v-2zm16 0H8v2h12v-2zM4 16h2v2H4v-2zm16 0H8v2h12v-2z\" fill=\"currentColor\"><\/path><\/svg><svg style=\"fill: #999;color:#999\" class=\"arrow-unsorted-368013\" xmlns=\"http:\/\/www.w3.org\/2000\/svg\" width=\"10px\" height=\"10px\" viewbox=\"0 0 24 24\" version=\"1.2\" baseprofile=\"tiny\"><path d=\"M18.2 9.3l-6.2-6.3-6.2 6.3c-.2.2-.3.4-.3.7s.1.5.3.7c.2.2.4.3.7.3h11c.3 0 .5-.1.7-.3.2-.2.3-.5.3-.7s-.1-.5-.3-.7zM5.8 14.7l6.2 6.3 6.2-6.3c.2-.2.3-.5.3-.7s-.1-.5-.3-.7c-.2-.2-.4-.3-.7-.3h-11c-.3 0-.5.1-.7.3-.2.2-.3.5-.3.7s.1.5.3.7z\"\/><\/svg><\/span><\/span><\/span><\/a><\/span><\/div>\n<nav><ul class='ez-toc-list ez-toc-list-level-1 eztoc-toggle-hide-by-default' ><li class='ez-toc-page-1 ez-toc-heading-level-2'><a class=\"ez-toc-link ez-toc-heading-1\" href=\"https:\/\/coinkickoff.com\/es_mx\/bitcoin-casino\/how-are-bitcoin-slots-different\/#Overview_of_Bitcoin_Slots\" >Vista general de las ranuras Bitcoin<\/a><ul class='ez-toc-list-level-3' ><li class='ez-toc-heading-level-3'><a class=\"ez-toc-link ez-toc-heading-2\" href=\"https:\/\/coinkickoff.com\/es_mx\/bitcoin-casino\/how-are-bitcoin-slots-different\/#Definition_of_Bitcoin_Slots\" >Definici\u00f3n de ranuras Bitcoin<\/a><\/li><li class='ez-toc-page-1 ez-toc-heading-level-3'><a class=\"ez-toc-link ez-toc-heading-3\" href=\"https:\/\/coinkickoff.com\/es_mx\/bitcoin-casino\/how-are-bitcoin-slots-different\/#Primary_Characteristics\" >Caracter\u00edsticas principales<\/a><\/li><li class='ez-toc-page-1 ez-toc-heading-level-3'><a class=\"ez-toc-link ez-toc-heading-4\" href=\"https:\/\/coinkickoff.com\/es_mx\/bitcoin-casino\/how-are-bitcoin-slots-different\/#Comparison_with_Traditional_Slots\" >Comparaci\u00f3n con las tragaperras tradicionales<\/a><\/li><\/ul><\/li><li class='ez-toc-page-1 ez-toc-heading-level-2'><a class=\"ez-toc-link ez-toc-heading-5\" href=\"https:\/\/coinkickoff.com\/es_mx\/bitcoin-casino\/how-are-bitcoin-slots-different\/#Operational_Mechanisms\" >Mecanismos operativos<\/a><ul class='ez-toc-list-level-3' ><li class='ez-toc-heading-level-3'><a class=\"ez-toc-link ez-toc-heading-6\" href=\"https:\/\/coinkickoff.com\/es_mx\/bitcoin-casino\/how-are-bitcoin-slots-different\/#Underlying_Technology\" >Tecnolog\u00eda subyacente<\/a><\/li><li class='ez-toc-page-1 ez-toc-heading-level-3'><a class=\"ez-toc-link ez-toc-heading-7\" href=\"https:\/\/coinkickoff.com\/es_mx\/bitcoin-casino\/how-are-bitcoin-slots-different\/#Random_Number_Generation\" >Generaci\u00f3n de n\u00fameros aleatorios<\/a><\/li><li class='ez-toc-page-1 ez-toc-heading-level-3'><a class=\"ez-toc-link ez-toc-heading-8\" href=\"https:\/\/coinkickoff.com\/es_mx\/bitcoin-casino\/how-are-bitcoin-slots-different\/#Transaction_Process\" >Proceso de transacci\u00f3n<\/a><\/li><\/ul><\/li><li class='ez-toc-page-1 ez-toc-heading-level-2'><a class=\"ez-toc-link ez-toc-heading-9\" href=\"https:\/\/coinkickoff.com\/es_mx\/bitcoin-casino\/how-are-bitcoin-slots-different\/#User_Experience_and_Accessibility\" >Experiencia de usuario y accesibilidad<\/a><ul class='ez-toc-list-level-3' ><li class='ez-toc-heading-level-3'><a class=\"ez-toc-link ez-toc-heading-10\" href=\"https:\/\/coinkickoff.com\/es_mx\/bitcoin-casino\/how-are-bitcoin-slots-different\/#Interface_and_Design_Differences\" >Diferencias de interfaz y dise\u00f1o<\/a><\/li><li class='ez-toc-page-1 ez-toc-heading-level-3'><a class=\"ez-toc-link ez-toc-heading-11\" href=\"https:\/\/coinkickoff.com\/es_mx\/bitcoin-casino\/how-are-bitcoin-slots-different\/#Payment_and_Withdrawal_Methods\" >M\u00e9todos de pago y retirada<\/a><\/li><li class='ez-toc-page-1 ez-toc-heading-level-3'><a class=\"ez-toc-link ez-toc-heading-12\" href=\"https:\/\/coinkickoff.com\/es_mx\/bitcoin-casino\/how-are-bitcoin-slots-different\/#Anonymity_and_Security\" >Anonimato y seguridad<\/a><\/li><\/ul><\/li><li class='ez-toc-page-1 ez-toc-heading-level-2'><a class=\"ez-toc-link ez-toc-heading-13\" href=\"https:\/\/coinkickoff.com\/es_mx\/bitcoin-casino\/how-are-bitcoin-slots-different\/#Frequently_Asked_Questions\" >Preguntas frecuentes<\/a><ul class='ez-toc-list-level-3' ><li class='ez-toc-heading-level-3'><a class=\"ez-toc-link ez-toc-heading-14\" href=\"https:\/\/coinkickoff.com\/es_mx\/bitcoin-casino\/how-are-bitcoin-slots-different\/#What_advantages_do_Bitcoin_slots_offer_over_traditional_slot_machines\" >\u00bfQu\u00e9 ventajas ofrecen las tragaperras Bitcoin frente a las tradicionales?<\/a><\/li><li class='ez-toc-page-1 ez-toc-heading-level-3'><a class=\"ez-toc-link ez-toc-heading-15\" href=\"https:\/\/coinkickoff.com\/es_mx\/bitcoin-casino\/how-are-bitcoin-slots-different\/#How_do_crypto-based_slot_games_ensure_fairness\" >\u00bfC\u00f3mo garantizan la equidad las tragaperras basadas en criptomonedas?<\/a><\/li><li class='ez-toc-page-1 ez-toc-heading-level-3'><a class=\"ez-toc-link ez-toc-heading-16\" href=\"https:\/\/coinkickoff.com\/es_mx\/bitcoin-casino\/how-are-bitcoin-slots-different\/#Can_players_use_Bitcoin_on_all_online_slot_platforms\" >\u00bfPueden los jugadores utilizar Bitcoin en todas las plataformas de tragaperras en l\u00ednea?<\/a><\/li><li class='ez-toc-page-1 ez-toc-heading-level-3'><a class=\"ez-toc-link ez-toc-heading-17\" href=\"https:\/\/coinkickoff.com\/es_mx\/bitcoin-casino\/how-are-bitcoin-slots-different\/#What_are_the_legal_implications_of_using_Bitcoin_for_gambling\" >\u00bfCu\u00e1les son las implicaciones legales de utilizar Bitcoin para jugar?<\/a><\/li><li class='ez-toc-page-1 ez-toc-heading-level-3'><a class=\"ez-toc-link ez-toc-heading-18\" href=\"https:\/\/coinkickoff.com\/es_mx\/bitcoin-casino\/how-are-bitcoin-slots-different\/#Why_might_Bitcoin_slots_offer_more_privacy_than_regular_slots\" >\u00bfPor qu\u00e9 las ranuras Bitcoin pueden ofrecer m\u00e1s privacidad que las ranuras normales?<\/a><\/li><li class='ez-toc-page-1 ez-toc-heading-level-3'><a class=\"ez-toc-link ez-toc-heading-19\" href=\"https:\/\/coinkickoff.com\/es_mx\/bitcoin-casino\/how-are-bitcoin-slots-different\/#In_what_ways_can_the_payouts_differ_between_Bitcoin_slots_and_conventional_slots\" >\u00bfEn qu\u00e9 se diferencian los pagos entre las tragaperras Bitcoin y las convencionales?<\/a><\/li><\/ul><\/li><\/ul><\/nav><\/div>\n<h2><span class=\"ez-toc-section\" id=\"Overview_of_Bitcoin_Slots\"><\/span>Vista general de las ranuras Bitcoin<span class=\"ez-toc-section-end\"><\/span><\/h2>\n<p><img decoding=\"async\" src=\"https:\/\/coinkickoff.com\/wp-content\/uploads\/v2-3dh2w-v0uhq.jpg\" alt=\"\"><\/p>\n<p><a href=\"https:\/\/coinkickoff.com\/es_mx\/bitcoin-casino\/how-to-play-crypto-slots\/\" data-internallinksmanager029f6b8e52c=\"205\" title=\"C\u00f3mo jugar a las Crypto Slots: Su gu\u00eda paso a paso\">Ranuras Bitcoin<\/a> integran el uso de criptodivisas para las apuestas y las transacciones, dando un toque moderno a los juegos de tragaperras.<\/p>\n<h3><span class=\"ez-toc-section\" id=\"Definition_of_Bitcoin_Slots\"><\/span>Definici\u00f3n de ranuras Bitcoin<span class=\"ez-toc-section-end\"><\/span><\/h3>\n<p>Las tragaperras Bitcoin son juegos de casino que funcionan con Bitcoin como moneda. Estas tragaperras residen en plataformas en l\u00ednea que soportan la tecnolog\u00eda blockchain y atienden espec\u00edficamente a los usuarios de criptomonedas.<\/p>\n<h3><span class=\"ez-toc-section\" id=\"Primary_Characteristics\"><\/span>Caracter\u00edsticas principales<span class=\"ez-toc-section-end\"><\/span><\/h3>\n<p><strong>Descentralizaci\u00f3n<\/strong>: Las tragaperras Bitcoin funcionan en una red descentralizada, libre de los sistemas bancarios tradicionales.<br \/>\n<strong>Privacidad<\/strong>: Los usuarios disfrutan de una mayor privacidad, ya que los datos personales no est\u00e1n vinculados a las transacciones.<br \/>\n<strong>Provably Fair<\/strong>: Incorporan algoritmos de equidad demostrable, que permiten a los jugadores verificar la equidad de cada giro de forma independiente.<br \/>\n<strong>Transacciones r\u00e1pidas<\/strong>: Los dep\u00f3sitos y retiradas tienden a ser m\u00e1s r\u00e1pidos que la moneda tradicional debido a la naturaleza de blockchain.<br \/>\n<strong>Bonificaciones exclusivas<\/strong>: Algunas tragaperras Bitcoin ofrecen bonificaciones especiales para los usuarios que juegan con criptomoneda.<\/p>\n<h3><span class=\"ez-toc-section\" id=\"Comparison_with_Traditional_Slots\"><\/span>Comparaci\u00f3n con las tragaperras tradicionales<span class=\"ez-toc-section-end\"><\/span><\/h3>\n<ul>\n<li><strong>Moneda<\/strong>: Las tragaperras tradicionales utilizan moneda fiduciaria, las tragaperras Bitcoin utilizan criptomoneda.<\/li>\n<li><strong>Procesamiento de pagos<\/strong>: Las tragaperras tradicionales se basan en m\u00e9todos bancarios est\u00e1ndar; las tragaperras Bitcoin utilizan blockchain, lo que puede dar lugar a tiempos de procesamiento m\u00e1s r\u00e1pidos.<\/li>\n<li><strong>Reglamento<\/strong>: Las tragaperras Bitcoin pueden enfrentarse a diferentes regulaciones debido a la naturaleza descentralizada de la criptodivisa.<\/li>\n<\/ul>\n<h2><span class=\"ez-toc-section\" id=\"Operational_Mechanisms\"><\/span>Mecanismos operativos<span class=\"ez-toc-section-end\"><\/span><\/h2>\n<p><img decoding=\"async\" src=\"https:\/\/coinkickoff.com\/wp-content\/uploads\/v2-3dh39-38urg.jpg\" alt=\"\"><\/p>\n<p>Las tragaperras Bitcoin aprovechan de forma distintiva las proezas tecnol\u00f3gicas de la criptomoneda, mientras que las tragaperras normales est\u00e1n tradicionalmente ligadas a las monedas fiduciarias. Estas diferencias operativas subrayan la singularidad de las tragaperras Bitcoin en la industria del juego.<\/p>\n<h3><span class=\"ez-toc-section\" id=\"Underlying_Technology\"><\/span>Tecnolog\u00eda subyacente<span class=\"ez-toc-section-end\"><\/span><\/h3>\n<p>Las ranuras Bitcoin funcionan con <strong>tecnolog\u00eda blockchain<\/strong>que proporcionan transparencia e inmutabilidad. Las transacciones dentro de estas franjas horarias se registran en un sistema distribuido. <a href=\"https:\/\/coinkickoff.com\/es_mx\/what-is-ledger-wallet\/\" data-internallinksmanager029f6b8e52c=\"167\" title=\"Ledger Wallet Comentarios 2023: Tarifas, Caracter\u00edsticas, Seguridad, Pros y Contras\">Libro mayor<\/a>Las tragaperras normales, por el contrario, se basan en un software de juego alojado en servidores privados, en los que los jugadores deben confiar en la reputaci\u00f3n de imparcialidad y seguridad del casino. Las tragaperras normales, por el contrario, se basan en software de juego alojado en servidores privados, donde los jugadores deben confiar en la reputaci\u00f3n del casino en cuanto a imparcialidad y seguridad.<\/p>\n<h3><span class=\"ez-toc-section\" id=\"Random_Number_Generation\"><\/span>Generaci\u00f3n de n\u00fameros aleatorios<span class=\"ez-toc-section-end\"><\/span><\/h3>\n<p>Tanto las ranuras Bitcoin como las normales utilizan <strong>Generadores de n\u00fameros aleatorios (RNG)<\/strong> para garantizar que el resultado de cada giro sea puramente aleatorio. Sin embargo, las tragaperras Bitcoin suelen utilizar <strong>algoritmos probadamente justos<\/strong>que permiten a los jugadores verificar de forma independiente la aleatoriedad de cada resultado. Esto contrasta con las tragaperras normales, que emplean RNG propios, cuya imparcialidad es auditada por empresas independientes.<\/p>\n<ul>\n<li><strong>Algoritmo Provably Fair<\/strong>: Un m\u00e9todo criptogr\u00e1fico que garantiza la equidad en los juegos.<\/li>\n<li><strong>RNG propios<\/strong>: Sistemas cerrados utilizados en franjas horarias regulares, sujetos a auditor\u00edas.<\/li>\n<\/ul>\n<h3><span class=\"ez-toc-section\" id=\"Transaction_Process\"><\/span>Proceso de transacci\u00f3n<span class=\"ez-toc-section-end\"><\/span><\/h3>\n<p>El proceso de transacci\u00f3n en las ranuras Bitcoin es significativamente diferente, ya que ofrece <strong>transacciones inmediatas entre iguales<\/strong> que permiten a los jugadores depositar y retirar dinero casi instant\u00e1neamente.<\/p>\n<ul>\n<li><strong>Dep\u00f3sitos<\/strong>: Enviado directamente desde el monedero Bitcoin del jugador al monedero del casino.<\/li>\n<li><strong>Retiradas<\/strong>: Transferido de nuevo al monedero del jugador, a menudo sin necesidad de aprobaci\u00f3n de una instituci\u00f3n bancaria.<\/li>\n<\/ul>\n<p>En cambio, en las tragaperras normales intervienen bancos u otros intermediarios financieros que pueden retrasar las transacciones con plazos de tramitaci\u00f3n y comisiones adicionales.<\/p>\n<h2><span class=\"ez-toc-section\" id=\"User_Experience_and_Accessibility\"><\/span>Experiencia de usuario y accesibilidad<span class=\"ez-toc-section-end\"><\/span><\/h2>\n<p><img decoding=\"async\" src=\"https:\/\/coinkickoff.com\/wp-content\/uploads\/v2-3dh3q-bmbhr.jpg\" alt=\"\"><\/p>\n<p>Las tragaperras de Bitcoin han reconfigurado las interacciones de los usuarios y la accesibilidad en el juego en l\u00ednea a trav\u00e9s de interfaces distintas, modalidades de pago y una mayor privacidad.<\/p>\n<h3><span class=\"ez-toc-section\" id=\"Interface_and_Design_Differences\"><\/span>Diferencias de interfaz y dise\u00f1o<span class=\"ez-toc-section-end\"><\/span><\/h3>\n<p>Las ranuras Bitcoin suelen llevar un <strong>interfaz moderna e intuitiva<\/strong>El juego se adapta a las tendencias del dise\u00f1o web. Los jugadores pueden encontrar elementos interactivos como:<\/p>\n<ul>\n<li>Rastreadores de progreso para las bonificaciones.<\/li>\n<li>En tiempo real <a href=\"https:\/\/coinkickoff.com\/es_mx\/crypto-exchanges\/\" data-internallinksmanager029f6b8e52c=\"141\" title=\"Las 21 mejores aplicaciones y bolsas de criptomonedas de 2024\">intercambio de criptomonedas<\/a> tarifas.<\/li>\n<\/ul>\n<p>Las franjas horarias regulares tienden a <a href=\"https:\/\/coinkickoff.com\/es_mx\/uphold-review\/\" data-internallinksmanager029f6b8e52c=\"156\" title=\"Opiniones sobre Uphold 2023: Tasas, Caracter\u00edsticas, Seguridad, Pros y Contras\">defender<\/a> a <strong>dise\u00f1o cl\u00e1sico<\/strong>con interfaces que dan prioridad a la familiaridad y la sencillez, como las pantallas est\u00e1ticas del bote.<\/p>\n<h3><span class=\"ez-toc-section\" id=\"Payment_and_Withdrawal_Methods\"><\/span>M\u00e9todos de pago y retirada<span class=\"ez-toc-section-end\"><\/span><\/h3>\n<table>\n<thead>\n<tr>\n<th>M\u00e9todo<\/th>\n<th>Bitcoin Ranuras<\/th>\n<th>Ranuras normales<\/th>\n<\/tr>\n<\/thead>\n<tbody>\n<tr>\n<td>Dep\u00f3sitos<\/td>\n<td>Directamente desde los monederos criptogr\u00e1ficos, casi instant\u00e1neamente.<\/td>\n<td>A trav\u00e9s de tarjetas bancarias, monederos electr\u00f3nicos o transferencias bancarias, con plazos de tramitaci\u00f3n variables.<\/td>\n<\/tr>\n<tr>\n<td>Retiradas<\/td>\n<td>Normalmente se procesan en cuesti\u00f3n de minutos u horas.<\/td>\n<td>Pueden tardar d\u00edas y a menudo tienen l\u00edmites m\u00ednimos de retirada.<\/td>\n<\/tr>\n<\/tbody>\n<\/table>\n<p>Las plataformas de ranuras Bitcoin suelen ofrecer <strong>transacciones sin fricciones<\/strong> debido a la naturaleza de la tecnolog\u00eda blockchain.<\/p>\n<h3><span class=\"ez-toc-section\" id=\"Anonymity_and_Security\"><\/span>Anonimato y seguridad<span class=\"ez-toc-section-end\"><\/span><\/h3>\n<p>En las tragaperras Bitcoin, los jugadores disfrutan de un mayor grado de <strong>anonimato<\/strong>. Ellos:<\/p>\n<ul>\n<li>No est\u00e1n obligados a compartir tanta informaci\u00f3n personal.<\/li>\n<li>Benef\u00edciese de las caracter\u00edsticas de seguridad inherentes a la tecnolog\u00eda blockchain.<\/li>\n<\/ul>\n<p>Las franjas horarias regulares, por el contrario, deben seguir estrictos <strong>procesos de regulaci\u00f3n y verificaci\u00f3n<\/strong>que a menudo requiere datos personales detallados de los usuarios.<\/p>\n<h2><span class=\"ez-toc-section\" id=\"Frequently_Asked_Questions\"><\/span>Preguntas frecuentes<span class=\"ez-toc-section-end\"><\/span><\/h2>\n<p><img decoding=\"async\" src=\"https:\/\/coinkickoff.com\/wp-content\/uploads\/v2-3dh42-3zxyj.jpg\" alt=\"\"><\/p>\n<p>Esta secci\u00f3n aborda las preguntas m\u00e1s habituales sobre las diferencias entre las tragaperras Bitcoin y las tragaperras tradicionales, centr\u00e1ndose en aspectos como las ventajas, la equidad, la accesibilidad, las consideraciones legales, la privacidad y las variaciones en los pagos.<\/p>\n<h3><span class=\"ez-toc-section\" id=\"What_advantages_do_Bitcoin_slots_offer_over_traditional_slot_machines\"><\/span>\u00bfQu\u00e9 ventajas ofrecen las tragaperras Bitcoin frente a las tradicionales?<span class=\"ez-toc-section-end\"><\/span><\/h3>\n<p>Las ranuras Bitcoin suelen ofrecer a los usuarios una mayor privacidad, ya que no siempre requieren informaci\u00f3n personal para las transacciones. Tambi\u00e9n ofrecen tiempos de transacci\u00f3n m\u00e1s r\u00e1pidos en comparaci\u00f3n con los m\u00e9todos bancarios tradicionales, ya que las transacciones Bitcoin pueden procesarse r\u00e1pidamente sin necesidad de una autoridad central.<\/p>\n<h3><span class=\"ez-toc-section\" id=\"How_do_crypto-based_slot_games_ensure_fairness\"><\/span>\u00bfC\u00f3mo garantizan la equidad las tragaperras basadas en criptomonedas?<span class=\"ez-toc-section-end\"><\/span><\/h3>\n<p>Los juegos de tragaperras basados en criptograf\u00eda suelen utilizar algoritmos de equidad demostrable que permiten a los jugadores verificar la equidad de cada tirada de forma independiente. Este sistema proporciona transparencia mediante el uso de t\u00e9cnicas criptogr\u00e1ficas para demostrar que el resultado de un juego no ha sido manipulado.<\/p>\n<h3><span class=\"ez-toc-section\" id=\"Can_players_use_Bitcoin_on_all_online_slot_platforms\"><\/span>\u00bfPueden los jugadores utilizar Bitcoin en todas las plataformas de tragaperras en l\u00ednea?<span class=\"ez-toc-section-end\"><\/span><\/h3>\n<p>No todas las plataformas de tragaperras online aceptan Bitcoin. Aunque el n\u00famero de plataformas que admiten criptomonedas est\u00e1 creciendo, los jugadores deben comprobar las opciones de pago de cada sitio para determinar si se acepta Bitcoin.<\/p>\n<h3><span class=\"ez-toc-section\" id=\"What_are_the_legal_implications_of_using_Bitcoin_for_gambling\"><\/span>\u00bfCu\u00e1les son las implicaciones legales de utilizar Bitcoin para jugar?<span class=\"ez-toc-section-end\"><\/span><\/h3>\n<p>Las implicaciones legales del uso de Bitcoin para apostar var\u00edan seg\u00fan la jurisdicci\u00f3n. Los jugadores son responsables de conocer y cumplir las leyes locales relativas al juego online y al uso de criptomonedas.<\/p>\n<h3><span class=\"ez-toc-section\" id=\"Why_might_Bitcoin_slots_offer_more_privacy_than_regular_slots\"><\/span>\u00bfPor qu\u00e9 las ranuras Bitcoin pueden ofrecer m\u00e1s privacidad que las ranuras normales?<span class=\"ez-toc-section-end\"><\/span><\/h3>\n<p>Las tragaperras Bitcoin pueden ofrecer m\u00e1s privacidad porque las transacciones con Bitcoin no implican necesariamente compartir datos bancarios personales. Esto permite a los jugadores apostar sin que las instituciones financieras puedan rastrear f\u00e1cilmente su actividad.<\/p>\n<h3><span class=\"ez-toc-section\" id=\"In_what_ways_can_the_payouts_differ_between_Bitcoin_slots_and_conventional_slots\"><\/span>\u00bfEn qu\u00e9 se diferencian los pagos entre las tragaperras Bitcoin y las convencionales?<span class=\"ez-toc-section-end\"><\/span><\/h3>\n<p>Los pagos en las tragaperras Bitcoin pueden ser m\u00e1s significativos debido a los costes operativos potencialmente m\u00e1s bajos de las transacciones en criptodivisas. Adem\u00e1s, algunas tragaperras Bitcoin ofrecen botes \u00fanicos pagados en criptomoneda, que pueden fluctuar en valor, a veces aumentando el valor del pago en t\u00e9rminos de moneda fiduciaria.<\/p>","protected":false},"excerpt":{"rendered":"<p>Descargo de responsabilidad: El juego implica un riesgo financiero significativo. Apueste s\u00f3lo con el dinero que pueda permitirse perder. La informaci\u00f3n proporcionada a continuaci\u00f3n es s\u00f3lo para fines informativos. Es posible que recibamos una comisi\u00f3n si te registras y pierdes dinero en alguno de los siguientes casinos. No todos los casinos est\u00e1n disponibles en todos los pa\u00edses. Toda la informaci\u00f3n que [...]<\/p>","protected":false},"author":1,"featured_media":4631,"parent":4440,"menu_order":0,"comment_status":"closed","ping_status":"closed","template":"","meta":{"_genesis_hide_title":false,"_genesis_hide_breadcrumbs":false,"_genesis_hide_singular_image":false,"_genesis_hide_footer_widgets":false,"_genesis_custom_body_class":"","_genesis_custom_post_class":"","_genesis_layout":"","_glsr_average":0,"_glsr_ranking":0,"_glsr_reviews":0,"footnotes":""},"class_list":{"0":"post-4628","1":"page","2":"type-page","3":"status-publish","4":"has-post-thumbnail","6":"entry"},"featured_image_src":"https:\/\/coinkickoff.com\/wp-content\/uploads\/v2-3dh3q-bmbhr-600x400.jpg","featured_image_src_square":"https:\/\/coinkickoff.com\/wp-content\/uploads\/v2-3dh3q-bmbhr-600x600.jpg","_links":{"self":[{"href":"https:\/\/coinkickoff.com\/es_mx\/wp-json\/wp\/v2\/pages\/4628","targetHints":{"allow":["GET"]}}],"collection":[{"href":"https:\/\/coinkickoff.com\/es_mx\/wp-json\/wp\/v2\/pages"}],"about":[{"href":"https:\/\/coinkickoff.com\/es_mx\/wp-json\/wp\/v2\/types\/page"}],"author":[{"embeddable":true,"href":"https:\/\/coinkickoff.com\/es_mx\/wp-json\/wp\/v2\/users\/1"}],"replies":[{"embeddable":true,"href":"https:\/\/coinkickoff.com\/es_mx\/wp-json\/wp\/v2\/comments?post=4628"}],"version-history":[{"count":3,"href":"https:\/\/coinkickoff.com\/es_mx\/wp-json\/wp\/v2\/pages\/4628\/revisions"}],"predecessor-version":[{"id":4635,"href":"https:\/\/coinkickoff.com\/es_mx\/wp-json\/wp\/v2\/pages\/4628\/revisions\/4635"}],"up":[{"embeddable":true,"href":"https:\/\/coinkickoff.com\/es_mx\/wp-json\/wp\/v2\/pages\/4440"}],"wp:featuredmedia":[{"embeddable":true,"href":"https:\/\/coinkickoff.com\/es_mx\/wp-json\/wp\/v2\/media\/4631"}],"wp:attachment":[{"href":"https:\/\/coinkickoff.com\/es_mx\/wp-json\/wp\/v2\/media?parent=4628"}],"curies":[{"name":"wp","href":"https:\/\/api.w.org\/{rel}","templated":true}]}}