{"id":4404,"date":"2026-01-08T14:07:11","date_gmt":"2026-01-08T14:07:11","guid":{"rendered":"https:\/\/coinkickoff.com\/?page_id=4404"},"modified":"2026-01-08T14:07:11","modified_gmt":"2026-01-08T14:07:11","slug":"how-to-buy-litecoin-on-kucoin","status":"publish","type":"page","link":"https:\/\/coinkickoff.com\/es_mx\/how-to-buy-litecoin\/how-to-buy-litecoin-on-kucoin\/","title":{"rendered":"C\u00f3mo comprar Litecoin en Kucoin"},"content":{"rendered":"<div id=\"ez-toc-container\" class=\"ez-toc-v2_0_80 counter-hierarchy ez-toc-counter ez-toc-transparent ez-toc-container-direction\">\n<div class=\"ez-toc-title-container\">\n<p class=\"ez-toc-title\" style=\"cursor:inherit\">Secciones<\/p>\n<span class=\"ez-toc-title-toggle\"><a href=\"#\" class=\"ez-toc-pull-right ez-toc-btn ez-toc-btn-xs ez-toc-btn-default ez-toc-toggle\" aria-label=\"Tabla de contenidos\"><span class=\"ez-toc-js-icon-con\"><span class=\"\"><span class=\"eztoc-hide\" style=\"display:none;\">Toggle<\/span><span class=\"ez-toc-icon-toggle-span\"><svg style=\"fill: #999;color:#999\" xmlns=\"http:\/\/www.w3.org\/2000\/svg\" class=\"list-377408\" width=\"20px\" height=\"20px\" viewbox=\"0 0 24 24\" fill=\"none\"><path d=\"M6 6H4v2h2V6zm14 0H8v2h12V6zM4 11h2v2H4v-2zm16 0H8v2h12v-2zM4 16h2v2H4v-2zm16 0H8v2h12v-2z\" fill=\"currentColor\"><\/path><\/svg><svg style=\"fill: #999;color:#999\" class=\"arrow-unsorted-368013\" xmlns=\"http:\/\/www.w3.org\/2000\/svg\" width=\"10px\" height=\"10px\" viewbox=\"0 0 24 24\" version=\"1.2\" baseprofile=\"tiny\"><path d=\"M18.2 9.3l-6.2-6.3-6.2 6.3c-.2.2-.3.4-.3.7s.1.5.3.7c.2.2.4.3.7.3h11c.3 0 .5-.1.7-.3.2-.2.3-.5.3-.7s-.1-.5-.3-.7zM5.8 14.7l6.2 6.3 6.2-6.3c.2-.2.3-.5.3-.7s-.1-.5-.3-.7c-.2-.2-.4-.3-.7-.3h-11c-.3 0-.5.1-.7.3-.2.2-.3.5-.3.7s.1.5.3.7z\"\/><\/svg><\/span><\/span><\/span><\/a><\/span><\/div>\n<nav><ul class='ez-toc-list ez-toc-list-level-1 eztoc-toggle-hide-by-default' ><li class='ez-toc-page-1 ez-toc-heading-level-2'><a class=\"ez-toc-link ez-toc-heading-1\" href=\"https:\/\/coinkickoff.com\/es_mx\/how-to-buy-litecoin\/how-to-buy-litecoin-on-kucoin\/#How_to_Buy_Litecoin_on_Kucoin\" >C\u00f3mo comprar Litecoin en Kucoin<\/a><\/li><li class='ez-toc-page-1 ez-toc-heading-level-2'><a class=\"ez-toc-link ez-toc-heading-2\" href=\"https:\/\/coinkickoff.com\/es_mx\/how-to-buy-litecoin\/how-to-buy-litecoin-on-kucoin\/#A_Step-By-Step_Guide_on_How_to_Buy_Litecoin_on_Kucoin\" >Gu\u00eda paso a paso para comprar Litecoin en Kucoin<\/a><ul class='ez-toc-list-level-3' ><li class='ez-toc-heading-level-3'><a class=\"ez-toc-link ez-toc-heading-3\" href=\"https:\/\/coinkickoff.com\/es_mx\/how-to-buy-litecoin\/how-to-buy-litecoin-on-kucoin\/#1_Register_an_Account\" >1. Registrar una cuenta<\/a><\/li><li class='ez-toc-page-1 ez-toc-heading-level-3'><a class=\"ez-toc-link ez-toc-heading-4\" href=\"https:\/\/coinkickoff.com\/es_mx\/how-to-buy-litecoin\/how-to-buy-litecoin-on-kucoin\/#2_Verify_Your_Account\" >2. Verifique su cuenta<\/a><\/li><li class='ez-toc-page-1 ez-toc-heading-level-3'><a class=\"ez-toc-link ez-toc-heading-5\" href=\"https:\/\/coinkickoff.com\/es_mx\/how-to-buy-litecoin\/how-to-buy-litecoin-on-kucoin\/#3_Deposit_Crypto\" >3. Depositar Crypto<\/a><\/li><li class='ez-toc-page-1 ez-toc-heading-level-3'><a class=\"ez-toc-link ez-toc-heading-6\" href=\"https:\/\/coinkickoff.com\/es_mx\/how-to-buy-litecoin\/how-to-buy-litecoin-on-kucoin\/#4_Navigate_to_the_Relevant_Screen_to_Buy\" >4. Navegue hasta la pantalla correspondiente para comprar<\/a><ul class='ez-toc-list-level-4' ><li class='ez-toc-heading-level-4'><a class=\"ez-toc-link ez-toc-heading-7\" href=\"https:\/\/coinkickoff.com\/es_mx\/how-to-buy-litecoin\/how-to-buy-litecoin-on-kucoin\/#Fast_Trade\" >Comercio r\u00e1pido<\/a><\/li><li class='ez-toc-page-1 ez-toc-heading-level-4'><a class=\"ez-toc-link ez-toc-heading-8\" href=\"https:\/\/coinkickoff.com\/es_mx\/how-to-buy-litecoin\/how-to-buy-litecoin-on-kucoin\/#Third-Party\" >Terceros<\/a><\/li><li class='ez-toc-page-1 ez-toc-heading-level-4'><a class=\"ez-toc-link ez-toc-heading-9\" href=\"https:\/\/coinkickoff.com\/es_mx\/how-to-buy-litecoin\/how-to-buy-litecoin-on-kucoin\/#How_to_Buy_Litecoin_with_Crypto\" >C\u00f3mo comprar Litecoin con Crypto<\/a><\/li><\/ul><\/li><\/ul><\/li><\/ul><\/nav><\/div>\n<h2><span class=\"ez-toc-section\" id=\"How_to_Buy_Litecoin_on_Kucoin\"><\/span><span style=\"font-weight: 400;\">C\u00f3mo comprar Litecoin en Kucoin<\/span><span class=\"ez-toc-section-end\"><\/span><\/h2>\n<p><span style=\"font-weight: 400;\">Si necesita orientaci\u00f3n para comprar <a href=\"https:\/\/coinkickoff.com\/es_mx\/litecoin-ltc\/\" data-internallinksmanager029f6b8e52c=\"21\" title=\"\u00bfQu\u00e9 es Litecoin (LTC)? Precio, historia y d\u00f3nde comprarlo\">Litecoin<\/a> en <a href=\"https:\/\/coinkickoff.com\/es_mx\/kucoin-review\/\" data-internallinksmanager029f6b8e52c=\"153\" title=\"KuCoin Comentarios 2023: Honorarios, Seguridad, Pro &amp; Contras\">Kucoin<\/a>est\u00e1s en el lugar adecuado. Vamos a ver c\u00f3mo comprar LTC en Kucoin en unos sencillos pasos.<\/span><\/p>\n<h2><span class=\"ez-toc-section\" id=\"A_Step-By-Step_Guide_on_How_to_Buy_Litecoin_on_Kucoin\"><\/span><span style=\"font-weight: 400;\">Gu\u00eda paso a paso para comprar Litecoin en Kucoin<\/span><span class=\"ez-toc-section-end\"><\/span><\/h2>\n<h3><span class=\"ez-toc-section\" id=\"1_Register_an_Account\"><\/span><span style=\"font-weight: 400;\">1. Registrar una cuenta<\/span><span class=\"ez-toc-section-end\"><\/span><\/h3>\n<p><img loading=\"lazy\" decoding=\"async\" class=\"alignnone wp-image-3269 size-full\" src=\"https:\/\/coinkickoff.com\/wp-content\/uploads\/kucoin-register.png\" alt=\"comprar doge en el registro kucoin\" width=\"1421\" height=\"788\" srcset=\"https:\/\/coinkickoff.com\/wp-content\/uploads\/kucoin-register.png 1421w, https:\/\/coinkickoff.com\/wp-content\/uploads\/kucoin-register-300x166.png 300w, https:\/\/coinkickoff.com\/wp-content\/uploads\/kucoin-register-1024x568.png 1024w, https:\/\/coinkickoff.com\/wp-content\/uploads\/kucoin-register-768x426.png 768w, https:\/\/coinkickoff.com\/wp-content\/uploads\/kucoin-register-18x10.png 18w\" sizes=\"auto, (max-width: 1421px) 100vw, 1421px\" \/><\/p>\n<p><span style=\"font-weight: 400;\">Ir a la <\/span><a href=\"https:\/\/www.kucoin.com\/r\/af\/rMJPV3B\" target=\"_blank\" rel=\"noopener\"><span style=\"font-weight: 400;\">Kucoin<\/span><\/a><span style=\"font-weight: 400;\"> e inscr\u00edbete con tu correo electr\u00f3nico o n\u00famero de tel\u00e9fono.\u00a0<\/span><\/p>\n<h3><span class=\"ez-toc-section\" id=\"2_Verify_Your_Account\"><\/span><span style=\"font-weight: 400;\">2. Verifique su cuenta<\/span><span class=\"ez-toc-section-end\"><\/span><\/h3>\n<p><span style=\"font-weight: 400;\">Si posees activos digitales que puedes intercambiar por Litecoin, no tienes que verificar tu identidad. Puedes ir al siguiente paso para ver c\u00f3mo depositar criptoactivos en Kucoin.<\/span><\/p>\n<p><span style=\"font-weight: 400;\">Si a\u00fan no tiene activos digitales, \u00a1no se preocupe! La verificaci\u00f3n de identidad es muy sencilla y puede completarse en unos minutos.<\/span><\/p>\n<p><span style=\"font-weight: 400;\">Ver\u00e1s tu nombre de usuario en la parte superior derecha de la p\u00e1gina. Te llevar\u00e1 a tu perfil de usuario.<\/span><\/p>\n<p><span style=\"font-weight: 400;\">Ve a la pesta\u00f1a \"Verificaci\u00f3n de identidad\" de tu perfil y haz clic en \"Verificar\" en \"Funciones avanzadas\".<\/span><\/p>\n<p><img loading=\"lazy\" decoding=\"async\" class=\"alignnone wp-image-3272 size-full\" src=\"https:\/\/coinkickoff.com\/wp-content\/uploads\/kucoin-identity-verification.png\" alt=\"kucoin id verificaci\u00f3n 1\" width=\"1420\" height=\"785\" srcset=\"https:\/\/coinkickoff.com\/wp-content\/uploads\/kucoin-identity-verification.png 1420w, https:\/\/coinkickoff.com\/wp-content\/uploads\/kucoin-identity-verification-300x166.png 300w, https:\/\/coinkickoff.com\/wp-content\/uploads\/kucoin-identity-verification-1024x566.png 1024w, https:\/\/coinkickoff.com\/wp-content\/uploads\/kucoin-identity-verification-768x425.png 768w, https:\/\/coinkickoff.com\/wp-content\/uploads\/kucoin-identity-verification-18x10.png 18w\" sizes=\"auto, (max-width: 1420px) 100vw, 1420px\" \/><\/p>\n<p><span style=\"font-weight: 400;\">Completar la verificaci\u00f3n avanzada le permite depositar y retirar dinero fiat en Kucoin. Tambi\u00e9n aumentar\u00e1 considerablemente sus l\u00edmites de trading y retirada.<\/span><\/p>\n<p><span style=\"font-weight: 400;\">El sistema de verificaci\u00f3n es sencillo: basta con rellenar un cuestionario de informaci\u00f3n personal, subir un documento de identidad expedido por el gobierno para verificar sus datos y completar la verificaci\u00f3n facial.<\/span><\/p>\n<p><img loading=\"lazy\" decoding=\"async\" class=\"alignnone wp-image-3270 size-full\" src=\"https:\/\/coinkickoff.com\/wp-content\/uploads\/kucoin-id-verification-2.png\" alt=\"kucoin verificaci\u00f3n de identidad 2\" width=\"1407\" height=\"706\" srcset=\"https:\/\/coinkickoff.com\/wp-content\/uploads\/kucoin-id-verification-2.png 1407w, https:\/\/coinkickoff.com\/wp-content\/uploads\/kucoin-id-verification-2-300x151.png 300w, https:\/\/coinkickoff.com\/wp-content\/uploads\/kucoin-id-verification-2-1024x514.png 1024w, https:\/\/coinkickoff.com\/wp-content\/uploads\/kucoin-id-verification-2-768x385.png 768w, https:\/\/coinkickoff.com\/wp-content\/uploads\/kucoin-id-verification-2-18x9.png 18w\" sizes=\"auto, (max-width: 1407px) 100vw, 1407px\" \/><\/p>\n<p><span style=\"font-weight: 400;\">Puede utilizar un documento nacional de identidad, el permiso de conducir o la p\u00e1gina del pasaporte para confirmar su identidad. Prepara tu documento de identidad y haz clic en \"Aceptar y continuar\".<\/span><\/p>\n<p><img loading=\"lazy\" decoding=\"async\" class=\"alignnone wp-image-3271 size-full\" src=\"https:\/\/coinkickoff.com\/wp-content\/uploads\/kucoin-id-verification-3.png\" alt=\"kucoin id verificaci\u00f3n 3 \" width=\"1412\" height=\"789\" srcset=\"https:\/\/coinkickoff.com\/wp-content\/uploads\/kucoin-id-verification-3.png 1412w, https:\/\/coinkickoff.com\/wp-content\/uploads\/kucoin-id-verification-3-300x168.png 300w, https:\/\/coinkickoff.com\/wp-content\/uploads\/kucoin-id-verification-3-1024x572.png 1024w, https:\/\/coinkickoff.com\/wp-content\/uploads\/kucoin-id-verification-3-768x429.png 768w, https:\/\/coinkickoff.com\/wp-content\/uploads\/kucoin-id-verification-3-18x10.png 18w\" sizes=\"auto, (max-width: 1412px) 100vw, 1412px\" \/><\/p>\n<p><span style=\"font-weight: 400;\">Introduzca sus datos y haga clic en \"Siguiente\". Siga las instrucciones que aparecen en pantalla para completar la verificaci\u00f3n de identidad.<\/span><\/p>\n<h3><span class=\"ez-toc-section\" id=\"3_Deposit_Crypto\"><\/span><span style=\"font-weight: 400;\">3. Depositar Crypto<\/span><span class=\"ez-toc-section-end\"><\/span><\/h3>\n<p><span style=\"font-weight: 400;\">Si tienes activos digitales en un monedero externo, puedes transferirlos a Kucoin y cambiarlos por LTC en el mercado al contado. Si esa no es una opci\u00f3n para ti, contin\u00faa con el siguiente paso para ver c\u00f3mo comprar Litecoin con dinero fiduciario.<\/span><\/p>\n<p><span style=\"font-weight: 400;\">Haga clic en el men\u00fa \"Activos\" situado en la parte superior derecha de la p\u00e1gina web.<\/span><\/p>\n<p><img loading=\"lazy\" decoding=\"async\" class=\"alignnone wp-image-3273 size-full\" src=\"https:\/\/coinkickoff.com\/wp-content\/uploads\/kucoin-deposit.png\" alt=\"kucoin depositar fondos 1\" width=\"1427\" height=\"758\" srcset=\"https:\/\/coinkickoff.com\/wp-content\/uploads\/kucoin-deposit.png 1427w, https:\/\/coinkickoff.com\/wp-content\/uploads\/kucoin-deposit-300x159.png 300w, https:\/\/coinkickoff.com\/wp-content\/uploads\/kucoin-deposit-1024x544.png 1024w, https:\/\/coinkickoff.com\/wp-content\/uploads\/kucoin-deposit-768x408.png 768w, https:\/\/coinkickoff.com\/wp-content\/uploads\/kucoin-deposit-18x10.png 18w\" sizes=\"auto, (max-width: 1427px) 100vw, 1427px\" \/><\/p>\n<p><span style=\"font-weight: 400;\">Aqu\u00ed puedes ver todos tus saldos. Haga clic en el bot\u00f3n \"Depositar\" y seleccione la moneda digital que desea transferir a Kucoin.<\/span><\/p>\n<p><span style=\"font-weight: 400;\">Por ejemplo, si ha dado <a href=\"https:\/\/coinkickoff.com\/es_mx\/tether-usdt\/\" data-internallinksmanager029f6b8e52c=\"3\" title=\"\u00bfQu\u00e9 es el Tether (USDT)? \u00bfC\u00f3mo funciona y d\u00f3nde comprarlo?\">USDT<\/a>Haz clic en USDT y obtendr\u00e1s un c\u00f3digo QR. Este c\u00f3digo QR representa su direcci\u00f3n USDT en Kucoin. Cuando quieras transferir USDT a Kucoin, utiliza este c\u00f3digo QR como direcci\u00f3n de retirada.<\/span><\/p>\n<p><span style=\"font-weight: 400;\">Por favor, no utilices nunca una direcci\u00f3n de monedero USDT para transferir otras criptomonedas. Cada direcci\u00f3n de monedero es espec\u00edfica de una moneda: s\u00f3lo puedes transferir BTC a una direcci\u00f3n de monedero de USDT. <a href=\"https:\/\/coinkickoff.com\/es_mx\/bitcoin-btc\/\" data-internallinksmanager029f6b8e52c=\"1\" title=\"\u00bfQu\u00e9 es Bitcoin (BTC)? Precio, historia y d\u00f3nde comprarlo\">Bitcoin<\/a> direcci\u00f3n, ETH a un <a href=\"https:\/\/coinkickoff.com\/es_mx\/ethereum-eth\/\" data-internallinksmanager029f6b8e52c=\"2\" title=\"\u00bfQu\u00e9 es Ethereum (ETH)? Precio, historia y d\u00f3nde comprarlo\">Ethereum<\/a> direcci\u00f3n, <a href=\"https:\/\/coinkickoff.com\/es_mx\/polkadot-dot\/\" data-internallinksmanager029f6b8e52c=\"12\" title=\"\u00bfQu\u00e9 es el Polkadot (DOT)? \u00bfC\u00f3mo funciona y d\u00f3nde comprarlo?\">Polkadot<\/a> a una direcci\u00f3n DOT, y as\u00ed sucesivamente.<\/span><\/p>\n<h3><span class=\"ez-toc-section\" id=\"4_Navigate_to_the_Relevant_Screen_to_Buy\"><\/span><span style=\"font-weight: 400;\">4. Navegue hasta la pantalla correspondiente para comprar<\/span><span class=\"ez-toc-section-end\"><\/span><\/h3>\n<p><span style=\"font-weight: 400;\">En su p\u00e1gina de inicio, haga clic en el men\u00fa \"Comprar Crypto\". Ver\u00e1s varias opciones, como \"Fast Trade\", \"P2P\" y \"Third-Party\".<\/span><\/p>\n<p><span style=\"font-weight: 400;\">No se puede comprar Litecoin con transacciones P2P, pero los otros dos son perfectamente viables y bastante f\u00e1ciles de usar.<\/span><\/p>\n<p><img loading=\"lazy\" decoding=\"async\" class=\"alignnone wp-image-3274 size-full\" src=\"https:\/\/coinkickoff.com\/wp-content\/uploads\/kucoin-buy-crypto.png\" alt=\"kucoin comprar pantalla\" width=\"1418\" height=\"692\" srcset=\"https:\/\/coinkickoff.com\/wp-content\/uploads\/kucoin-buy-crypto.png 1418w, https:\/\/coinkickoff.com\/wp-content\/uploads\/kucoin-buy-crypto-300x146.png 300w, https:\/\/coinkickoff.com\/wp-content\/uploads\/kucoin-buy-crypto-1024x500.png 1024w, https:\/\/coinkickoff.com\/wp-content\/uploads\/kucoin-buy-crypto-768x375.png 768w, https:\/\/coinkickoff.com\/wp-content\/uploads\/kucoin-buy-crypto-18x9.png 18w\" sizes=\"auto, (max-width: 1418px) 100vw, 1418px\" \/><\/p>\n<p><span style=\"font-weight: 400;\">La principal diferencia entre una transacci\u00f3n r\u00e1pida y una de terceros es el m\u00e9todo de pago. Con el comercio r\u00e1pido, puede utilizar su tarjeta de cr\u00e9dito para comprar Litecoin, y con terceros, puede utilizar procesadores de pago como Simplex y Banxa.<\/span><\/p>\n<h4><span class=\"ez-toc-section\" id=\"Fast_Trade\"><\/span><span style=\"font-weight: 400;\">Comercio r\u00e1pido<\/span><span class=\"ez-toc-section-end\"><\/span><\/h4>\n<p><span style=\"font-weight: 400;\">Introduzca la cantidad que desea invertir en la columna \"Quiero gastar\".<\/span><\/p>\n<h4><img loading=\"lazy\" decoding=\"async\" class=\"alignnone wp-image-3275 size-full\" style=\"font-family: Muli, sans-serif;\" src=\"https:\/\/coinkickoff.com\/wp-content\/uploads\/kucoin-buy-crypto-one-click.png\" alt=\"kucoin un clic comprar\" width=\"1421\" height=\"770\" srcset=\"https:\/\/coinkickoff.com\/wp-content\/uploads\/kucoin-buy-crypto-one-click.png 1421w, https:\/\/coinkickoff.com\/wp-content\/uploads\/kucoin-buy-crypto-one-click-300x163.png 300w, https:\/\/coinkickoff.com\/wp-content\/uploads\/kucoin-buy-crypto-one-click-1024x555.png 1024w, https:\/\/coinkickoff.com\/wp-content\/uploads\/kucoin-buy-crypto-one-click-768x416.png 768w, https:\/\/coinkickoff.com\/wp-content\/uploads\/kucoin-buy-crypto-one-click-18x10.png 18w\" sizes=\"auto, (max-width: 1421px) 100vw, 1421px\" \/><\/h4>\n<p><span style=\"font-weight: 400;\">Ajuste la columna \"Recibir\" a Litecoin.<\/span><\/p>\n<p><img loading=\"lazy\" decoding=\"async\" class=\"alignnone wp-image-3276 size-full\" src=\"https:\/\/coinkickoff.com\/wp-content\/uploads\/kucoin-select-paymnet-method.png\" alt=\"c\u00f3mo comprar Polygon en Kucoin\" width=\"1424\" height=\"794\" srcset=\"https:\/\/coinkickoff.com\/wp-content\/uploads\/kucoin-select-paymnet-method.png 1424w, https:\/\/coinkickoff.com\/wp-content\/uploads\/kucoin-select-paymnet-method-300x167.png 300w, https:\/\/coinkickoff.com\/wp-content\/uploads\/kucoin-select-paymnet-method-1024x571.png 1024w, https:\/\/coinkickoff.com\/wp-content\/uploads\/kucoin-select-paymnet-method-768x428.png 768w, https:\/\/coinkickoff.com\/wp-content\/uploads\/kucoin-select-paymnet-method-18x10.png 18w\" sizes=\"auto, (max-width: 1424px) 100vw, 1424px\" \/><\/p>\n<p><span style=\"font-weight: 400;\">Por \u00faltimo, a\u00f1ade un m\u00e9todo de pago. Como puedes ver, tienes la opci\u00f3n de a\u00f1adir una tarjeta de d\u00e9bito o cr\u00e9dito a tu cuenta Kucoin. Una vez que a\u00f1adas una tarjeta, podr\u00e1s utilizarla para tus pr\u00f3ximas compras.<\/span><\/p>\n<p><span style=\"font-weight: 400;\">Introduzca los datos de su tarjeta y pulse \"Comprar LTC\". Obtendr\u00e1s una vista previa de los detalles de tu pedido, incluidas todas las comisiones aplicables. Si todo parece correcto, haz clic en \"Confirmar\". Su compra se completar\u00e1 al instante.<\/span><\/p>\n<p><span style=\"font-weight: 400;\">\u00bfQu\u00e9 ocurre si no puede utilizar su tarjeta de d\u00e9bito\/cr\u00e9dito para comprar Litecoin a trav\u00e9s de Fast Trade? Esto puede suceder debido a varios problemas, incluyendo las restricciones implementadas por su banco, y \/ o el fracaso de Fast Trade.<\/span><\/p>\n<p><span style=\"font-weight: 400;\">Otra posibilidad es que se sienta inc\u00f3modo dejando los datos de su tarjeta en Kucoin. Si es as\u00ed, puedes optar por la compra a terceros.<\/span><\/p>\n<h4><span class=\"ez-toc-section\" id=\"Third-Party\"><\/span><span style=\"font-weight: 400;\">Terceros<\/span><span class=\"ez-toc-section-end\"><\/span><\/h4>\n<p><span style=\"font-weight: 400;\">La compra por terceros le permite pagar su compra a trav\u00e9s de canales de pago independientes. Estos canales de pago le venden criptomonedas a sus propias tarifas, que suelen ser m\u00e1s altas en comparaci\u00f3n con las tarifas del mercado al contado, pero iguales a los precios del comercio r\u00e1pido.<\/span><\/p>\n<p><img loading=\"lazy\" decoding=\"async\" class=\"alignnone wp-image-3278 size-full\" src=\"https:\/\/coinkickoff.com\/wp-content\/uploads\/kucoin-screenshot.png\" alt=\"C\u00f3mo comprar Cardano en Kucoin c\u00f3mo comprar polkadot en kucoin c\u00f3mo comprar Litecoin en Kucoin\" width=\"1436\" height=\"673\" srcset=\"https:\/\/coinkickoff.com\/wp-content\/uploads\/kucoin-screenshot.png 1436w, https:\/\/coinkickoff.com\/wp-content\/uploads\/kucoin-screenshot-300x141.png 300w, https:\/\/coinkickoff.com\/wp-content\/uploads\/kucoin-screenshot-1024x480.png 1024w, https:\/\/coinkickoff.com\/wp-content\/uploads\/kucoin-screenshot-768x360.png 768w, https:\/\/coinkickoff.com\/wp-content\/uploads\/kucoin-screenshot-18x8.png 18w\" sizes=\"auto, (max-width: 1436px) 100vw, 1436px\" \/><\/p>\n<p><span style=\"font-weight: 400;\">La compra a terceros es muy f\u00e1cil de navegar: introduzca la cantidad que desea gastar y elija Litecoin como moneda que desea recibir.<\/span><\/p>\n<p><span style=\"font-weight: 400;\">Seleccione un m\u00e9todo de pago y un procesador de pagos. Haga clic en \"Confirmar\" para continuar.<\/span><\/p>\n<p><span style=\"font-weight: 400;\">En este punto, abandonar\u00e1 el sitio web de Kucoin para dirigirse al sitio web del procesador de pagos. Si ya tiene una cuenta, puede completar la transacci\u00f3n inmediatamente. Si no tiene cuenta, puede crearla r\u00e1pidamente y finalizar la transacci\u00f3n.\u00a0<\/span><\/p>\n<h4><span class=\"ez-toc-section\" id=\"How_to_Buy_Litecoin_with_Crypto\"><\/span><span style=\"font-weight: 400;\">C\u00f3mo comprar Litecoin con Crypto<\/span><span class=\"ez-toc-section-end\"><\/span><\/h4>\n<p><span style=\"font-weight: 400;\">Por \u00faltimo, puede comprar Litecoin en el mercado al contado Kucoin con criptomonedas.\u00a0<\/span><\/p>\n<p><span style=\"font-weight: 400;\">En su panel de control, seleccione el men\u00fa \"Operaciones\" y pulse Operaciones al contado\". Ver\u00e1 varios emparejamientos en la p\u00e1gina, como BTC\/USDT, ETH\/USDT, <a href=\"https:\/\/coinkickoff.com\/es_mx\/dogecoin-doge\/\" data-internallinksmanager029f6b8e52c=\"14\" title=\"\u00bfQu\u00e9 es Dogecoin (DOGE)? \u00bfC\u00f3mo funciona y d\u00f3nde comprarlo?\">DOGE<\/a>\/USDT, etc.\u00a0<\/span><\/p>\n<p><span style=\"font-weight: 400;\">Una parte significativa de todas las operaciones con criptomonedas est\u00e1 denominada en USDT, por lo que puede comprar y vender la mayor\u00eda de coins por USDT, incluido Litecoin.\u00a0<\/span><\/p>\n<p><span style=\"font-weight: 400;\">Por ejemplo, si tienes Polkadot, es posible que no puedas cambiarlo por Litecoin directamente, pero puedes cambiarlo por USDT y luego utilizar USDT para comprar LTC.<\/span><\/p>\n<p><span style=\"font-weight: 400;\">En primer lugar, seleccione el par de divisas que desea intercambiar (por ejemplo, LTC\/USDT). A continuaci\u00f3n, rellene el formulario de pedido ajustando la cantidad de USDT que desea gastar en LTC.<\/span><\/p>\n<p><span style=\"font-weight: 400;\">Kucoin le permite colocar \u00f3rdenes de \"Mercado\" y \"L\u00edmite\". Para principiantes, sugerimos seleccionar una orden de mercado. Si desea explorar otras opciones, obtenga m\u00e1s informaci\u00f3n sobre <\/span><a href=\"https:\/\/www.kucoin.com\/support\/900006714063\" target=\"_blank\" rel=\"noopener\"><span style=\"font-weight: 400;\">diferentes tipos de pedidos<\/span><\/a><span style=\"font-weight: 400;\"> antes de continuar<\/span><\/p>\n<p><span style=\"font-weight: 400;\">Una vez que haya terminado, haga clic en \"Comprar\".<\/span><\/p>\n<p><span style=\"font-weight: 400;\">\u00a1Ahora ya conoces tres formas diferentes de comprar Litecoin en Kucoin! Si te ha gustado nuestro \"<\/span><i><span style=\"font-weight: 400;\">C\u00f3mo comprar Litecoin en Kucoin\"<\/span><\/i><span style=\"font-weight: 400;\"> gu\u00eda, puede que tambi\u00e9n le guste nuestra <\/span><a href=\"https:\/\/coinkickoff.com\/es_mx\/crypto-exchanges\/\"><span style=\"font-weight: 400;\">intercambiar opiniones<\/span><\/a><span style=\"font-weight: 400;\"> y <a href=\"https:\/\/coinkickoff.com\/es_mx\/how-to-buy-bitcoin\/\">otras gu\u00edas<\/a>.<\/span><\/p>","protected":false},"excerpt":{"rendered":"<p>C\u00f3mo comprar Litecoin en Kucoin Si necesitas orientaci\u00f3n sobre c\u00f3mo comprar Litecoin en Kucoin, \u00a1est\u00e1s en el sitio adecuado! Veamos c\u00f3mo comprar LTC en Kucoin en unos sencillos pasos. Gu\u00eda paso a paso para comprar Litecoin en Kucoin 1. Reg\u00edstrese. Registrar una cuenta Ir a la p\u00e1gina de Kucoin [...]<\/p>","protected":false},"author":3,"featured_media":0,"parent":4392,"menu_order":0,"comment_status":"closed","ping_status":"closed","template":"","meta":{"_genesis_hide_title":false,"_genesis_hide_breadcrumbs":false,"_genesis_hide_singular_image":false,"_genesis_hide_footer_widgets":false,"_genesis_custom_body_class":"","_genesis_custom_post_class":"","_genesis_layout":"","_glsr_average":0,"_glsr_ranking":0,"_glsr_reviews":0,"footnotes":""},"class_list":{"0":"post-4404","1":"page","2":"type-page","3":"status-publish","5":"entry"},"featured_image_src":null,"featured_image_src_square":null,"_links":{"self":[{"href":"https:\/\/coinkickoff.com\/es_mx\/wp-json\/wp\/v2\/pages\/4404","targetHints":{"allow":["GET"]}}],"collection":[{"href":"https:\/\/coinkickoff.com\/es_mx\/wp-json\/wp\/v2\/pages"}],"about":[{"href":"https:\/\/coinkickoff.com\/es_mx\/wp-json\/wp\/v2\/types\/page"}],"author":[{"embeddable":true,"href":"https:\/\/coinkickoff.com\/es_mx\/wp-json\/wp\/v2\/users\/3"}],"replies":[{"embeddable":true,"href":"https:\/\/coinkickoff.com\/es_mx\/wp-json\/wp\/v2\/comments?post=4404"}],"version-history":[{"count":2,"href":"https:\/\/coinkickoff.com\/es_mx\/wp-json\/wp\/v2\/pages\/4404\/revisions"}],"predecessor-version":[{"id":4406,"href":"https:\/\/coinkickoff.com\/es_mx\/wp-json\/wp\/v2\/pages\/4404\/revisions\/4406"}],"up":[{"embeddable":true,"href":"https:\/\/coinkickoff.com\/es_mx\/wp-json\/wp\/v2\/pages\/4392"}],"wp:attachment":[{"href":"https:\/\/coinkickoff.com\/es_mx\/wp-json\/wp\/v2\/media?parent=4404"}],"curies":[{"name":"wp","href":"https:\/\/api.w.org\/{rel}","templated":true}]}}