{"id":4050,"date":"2026-01-08T14:07:40","date_gmt":"2026-01-08T14:07:40","guid":{"rendered":"https:\/\/coinkickoff.com\/?page_id=4050"},"modified":"2026-01-08T14:07:40","modified_gmt":"2026-01-08T14:07:40","slug":"how-to-buy-cardano-on-bybit","status":"publish","type":"page","link":"https:\/\/coinkickoff.com\/es_mx\/how-to-buy-cardano\/how-to-buy-cardano-on-bybit\/","title":{"rendered":"C\u00f3mo comprar Cardano en Bybit"},"content":{"rendered":"<div id=\"ez-toc-container\" class=\"ez-toc-v2_0_80 counter-hierarchy ez-toc-counter ez-toc-transparent ez-toc-container-direction\">\n<div class=\"ez-toc-title-container\">\n<p class=\"ez-toc-title\" style=\"cursor:inherit\">Secciones<\/p>\n<span class=\"ez-toc-title-toggle\"><a href=\"#\" class=\"ez-toc-pull-right ez-toc-btn ez-toc-btn-xs ez-toc-btn-default ez-toc-toggle\" aria-label=\"Tabla de contenidos\"><span class=\"ez-toc-js-icon-con\"><span class=\"\"><span class=\"eztoc-hide\" style=\"display:none;\">Toggle<\/span><span class=\"ez-toc-icon-toggle-span\"><svg style=\"fill: #999;color:#999\" xmlns=\"http:\/\/www.w3.org\/2000\/svg\" class=\"list-377408\" width=\"20px\" height=\"20px\" viewbox=\"0 0 24 24\" fill=\"none\"><path d=\"M6 6H4v2h2V6zm14 0H8v2h12V6zM4 11h2v2H4v-2zm16 0H8v2h12v-2zM4 16h2v2H4v-2zm16 0H8v2h12v-2z\" fill=\"currentColor\"><\/path><\/svg><svg style=\"fill: #999;color:#999\" class=\"arrow-unsorted-368013\" xmlns=\"http:\/\/www.w3.org\/2000\/svg\" width=\"10px\" height=\"10px\" viewbox=\"0 0 24 24\" version=\"1.2\" baseprofile=\"tiny\"><path d=\"M18.2 9.3l-6.2-6.3-6.2 6.3c-.2.2-.3.4-.3.7s.1.5.3.7c.2.2.4.3.7.3h11c.3 0 .5-.1.7-.3.2-.2.3-.5.3-.7s-.1-.5-.3-.7zM5.8 14.7l6.2 6.3 6.2-6.3c.2-.2.3-.5.3-.7s-.1-.5-.3-.7c-.2-.2-.4-.3-.7-.3h-11c-.3 0-.5.1-.7.3-.2.2-.3.5-.3.7s.1.5.3.7z\"\/><\/svg><\/span><\/span><\/span><\/a><\/span><\/div>\n<nav><ul class='ez-toc-list ez-toc-list-level-1 eztoc-toggle-hide-by-default' ><li class='ez-toc-page-1 ez-toc-heading-level-1'><a class=\"ez-toc-link ez-toc-heading-1\" href=\"https:\/\/coinkickoff.com\/es_mx\/how-to-buy-cardano\/how-to-buy-cardano-on-bybit\/#How_to_Buy_Cardano_on_Bybit\" >C\u00f3mo comprar Cardano en Bybit<\/a><ul class='ez-toc-list-level-2' ><li class='ez-toc-heading-level-2'><a class=\"ez-toc-link ez-toc-heading-2\" href=\"https:\/\/coinkickoff.com\/es_mx\/how-to-buy-cardano\/how-to-buy-cardano-on-bybit\/#A_Step-By-Step_Guide_on_How_to_Buy_Cardano_on_Bybit\" >Gu\u00eda paso a paso para comprar Cardano en Bybit<\/a><ul class='ez-toc-list-level-3' ><li class='ez-toc-heading-level-3'><a class=\"ez-toc-link ez-toc-heading-3\" href=\"https:\/\/coinkickoff.com\/es_mx\/how-to-buy-cardano\/how-to-buy-cardano-on-bybit\/#2_Verify_Your_Account\" >2. Verifique su cuenta<\/a><\/li><li class='ez-toc-page-1 ez-toc-heading-level-3'><a class=\"ez-toc-link ez-toc-heading-4\" href=\"https:\/\/coinkickoff.com\/es_mx\/how-to-buy-cardano\/how-to-buy-cardano-on-bybit\/#3_Deposit_FundsCrypto\" >3. Depositar Fondos\/Cripto<\/a><\/li><li class='ez-toc-page-1 ez-toc-heading-level-3'><a class=\"ez-toc-link ez-toc-heading-5\" href=\"https:\/\/coinkickoff.com\/es_mx\/how-to-buy-cardano\/how-to-buy-cardano-on-bybit\/#4_Navigate_to_the_Relevant_Screen_to_Buy\" >4. Navegue hasta la pantalla correspondiente para comprar<\/a><\/li><\/ul><\/li><\/ul><\/li><\/ul><\/nav><\/div>\n<h1><span class=\"ez-toc-section\" id=\"How_to_Buy_Cardano_on_Bybit\"><\/span><span style=\"font-weight: 400;\">C\u00f3mo comprar Cardano en Bybit<\/span><span class=\"ez-toc-section-end\"><\/span><\/h1>\n<p><span style=\"font-weight: 400;\">\u00bfQuiere descubrir c\u00f3mo comprar <a href=\"https:\/\/coinkickoff.com\/es_mx\/cardano-ada\/\" data-internallinksmanager029f6b8e52c=\"9\" title=\"\u00bfQu\u00e9 es el Cardano (ADA)? \u00bfC\u00f3mo funciona y d\u00f3nde comprarlo?\">Cardano<\/a> en <a href=\"https:\/\/coinkickoff.com\/es_mx\/bybit-review\/\" data-internallinksmanager029f6b8e52c=\"157\" title=\"Bybit Comentarios 2024: Caracter\u00edsticas, Tarifas, Seguridad, Pros y Contras\">Bybit<\/a>? Est\u00e1 usted en el lugar adecuado: Aqu\u00ed se explica c\u00f3mo comprar Cardano en Bybit con instrucciones detalladas.<\/span><\/p>\n<h2><span class=\"ez-toc-section\" id=\"A_Step-By-Step_Guide_on_How_to_Buy_Cardano_on_Bybit\"><\/span><span style=\"font-weight: 400;\">Gu\u00eda paso a paso para comprar Cardano en Bybit<\/span><span class=\"ez-toc-section-end\"><\/span><\/h2>\n<p><span style=\"font-weight: 400;\">1. Registrar una cuenta<\/span><\/p>\n<p><span style=\"font-weight: 400;\">En primer lugar, cree un <\/span><a href=\"https:\/\/www.bybit.com\/en-US\/register?irclickid=zLJWgJTKIxyNWiW0o%3AzEUxRnUkAWQmSxHzEAWw0&amp;irgwc=1&amp;srcexid=469064&amp;utmsource=impact&amp;srcplatform=1&amp;Sharedid=\" target=\"_blank\" rel=\"noopener\"><span style=\"font-weight: 400;\">Bybit<\/span><\/a><span style=\"font-weight: 400;\"> cuenta.<\/span><\/p>\n<p><img loading=\"lazy\" decoding=\"async\" class=\"alignnone wp-image-3213 size-full\" src=\"https:\/\/coinkickoff.com\/wp-content\/uploads\/bybit-create-account.png\" alt=\"como comprar dogecoin en bybit crear cuenta\" width=\"1437\" height=\"723\" srcset=\"https:\/\/coinkickoff.com\/wp-content\/uploads\/bybit-create-account.png 1437w, https:\/\/coinkickoff.com\/wp-content\/uploads\/bybit-create-account-300x151.png 300w, https:\/\/coinkickoff.com\/wp-content\/uploads\/bybit-create-account-1024x515.png 1024w, https:\/\/coinkickoff.com\/wp-content\/uploads\/bybit-create-account-768x386.png 768w, https:\/\/coinkickoff.com\/wp-content\/uploads\/bybit-create-account-18x9.png 18w\" sizes=\"auto, (max-width: 1437px) 100vw, 1437px\" \/><\/p>\n<h3><span class=\"ez-toc-section\" id=\"2_Verify_Your_Account\"><\/span><span style=\"font-weight: 400;\">2. Verifique su cuenta<\/span><span class=\"ez-toc-section-end\"><\/span><\/h3>\n<p><span style=\"font-weight: 400;\">La mayor\u00eda de los principiantes no poseen ning\u00fan activo digital que puedan intercambiar por ADA, por lo que necesitan comprarlo con monedas fiduciarias como USD o EUR. Y antes de que pueda hacer eso, usted tiene que completar la verificaci\u00f3n de identidad por las leyes y reglamentos.<\/span><\/p>\n<p><span style=\"font-weight: 400;\">Para empezar, vaya a su \"Perfil\" y haga clic en \"Verificaci\u00f3n de identidad\".<\/span><\/p>\n<h3><span style=\"font-weight: 400;\"><img loading=\"lazy\" decoding=\"async\" class=\"alignnone wp-image-3212 size-full\" style=\"font-family: Muli, sans-serif; font-size: 18px;\" src=\"https:\/\/coinkickoff.com\/wp-content\/uploads\/bybit-identity-verification.png\" alt=\"verificaci\u00f3n de identidad bybit\" width=\"1432\" height=\"792\" srcset=\"https:\/\/coinkickoff.com\/wp-content\/uploads\/bybit-identity-verification.png 1432w, https:\/\/coinkickoff.com\/wp-content\/uploads\/bybit-identity-verification-300x166.png 300w, https:\/\/coinkickoff.com\/wp-content\/uploads\/bybit-identity-verification-1024x566.png 1024w, https:\/\/coinkickoff.com\/wp-content\/uploads\/bybit-identity-verification-768x425.png 768w, https:\/\/coinkickoff.com\/wp-content\/uploads\/bybit-identity-verification-18x10.png 18w\" sizes=\"auto, (max-width: 1432px) 100vw, 1432px\" \/><\/span><\/h3>\n<p><span style=\"font-weight: 400;\">S\u00f3lo necesitas completar el nivel 1 de verificaci\u00f3n para comprar Cardano en Bybit. Los requisitos de verificaci\u00f3n son subir un documento de identidad oficial y un selfie. Una vez verificado tu DNI, puedes depositar fiat en tu cuenta o a\u00f1adir otros m\u00e9todos de pago.<\/span><\/p>\n<h3><span class=\"ez-toc-section\" id=\"3_Deposit_FundsCrypto\"><\/span><span style=\"font-weight: 400;\">3. Depositar Fondos\/Cripto<\/span><span class=\"ez-toc-section-end\"><\/span><\/h3>\n<p><span style=\"font-weight: 400;\">Si vas a tu p\u00e1gina de \"Activos\", puedes depositar monedas digitales en tu cuenta. Solo tienes que seleccionar \"Depositar\" y buscar la moneda digital que deseas trasladar a Bybit. Despu\u00e9s de confirmar los detalles del dep\u00f3sito, obtendr\u00e1s un c\u00f3digo QR para la transferencia.<\/span><\/p>\n<p><img loading=\"lazy\" decoding=\"async\" class=\"alignnone wp-image-3215 size-full\" src=\"https:\/\/coinkickoff.com\/wp-content\/uploads\/bybit-crypto-deposit.png\" alt=\"\" width=\"1372\" height=\"659\" srcset=\"https:\/\/coinkickoff.com\/wp-content\/uploads\/bybit-crypto-deposit.png 1372w, https:\/\/coinkickoff.com\/wp-content\/uploads\/bybit-crypto-deposit-300x144.png 300w, https:\/\/coinkickoff.com\/wp-content\/uploads\/bybit-crypto-deposit-1024x492.png 1024w, https:\/\/coinkickoff.com\/wp-content\/uploads\/bybit-crypto-deposit-768x369.png 768w, https:\/\/coinkickoff.com\/wp-content\/uploads\/bybit-crypto-deposit-18x9.png 18w\" sizes=\"auto, (max-width: 1372px) 100vw, 1372px\" \/><\/p>\n<p><span style=\"font-weight: 400;\">Si desea hacer un dep\u00f3sito fiat (USD, EUR y otras monedas nacionales), vaya a \"Comprar Crypto\" y haga clic en \"Dep\u00f3sito Fiat\".<\/span><\/p>\n<p><img loading=\"lazy\" decoding=\"async\" class=\"alignnone wp-image-3208 size-full\" src=\"https:\/\/coinkickoff.com\/wp-content\/uploads\/bybit-fiat-deposit.png\" alt=\"bybit dep\u00f3sito fiat\" width=\"1432\" height=\"630\" srcset=\"https:\/\/coinkickoff.com\/wp-content\/uploads\/bybit-fiat-deposit.png 1432w, https:\/\/coinkickoff.com\/wp-content\/uploads\/bybit-fiat-deposit-300x132.png 300w, https:\/\/coinkickoff.com\/wp-content\/uploads\/bybit-fiat-deposit-1024x451.png 1024w, https:\/\/coinkickoff.com\/wp-content\/uploads\/bybit-fiat-deposit-768x338.png 768w, https:\/\/coinkickoff.com\/wp-content\/uploads\/bybit-fiat-deposit-18x8.png 18w\" sizes=\"auto, (max-width: 1432px) 100vw, 1432px\" \/><\/p>\n<p><span style=\"font-weight: 400;\">Introduzca el importe que desea enviar a Bybit y seleccione un m\u00e9todo de transferencia. Haz clic en \"Continuar\" y sigue las instrucciones para completar el proceso.<\/span><\/p>\n<p><img loading=\"lazy\" decoding=\"async\" class=\"alignnone wp-image-3209 size-full\" src=\"https:\/\/coinkickoff.com\/wp-content\/uploads\/bybitfiatdeposit2.png\" alt=\"bybit dep\u00f3sito fiat\" width=\"1418\" height=\"783\" srcset=\"https:\/\/coinkickoff.com\/wp-content\/uploads\/bybitfiatdeposit2.png 1418w, https:\/\/coinkickoff.com\/wp-content\/uploads\/bybitfiatdeposit2-300x166.png 300w, https:\/\/coinkickoff.com\/wp-content\/uploads\/bybitfiatdeposit2-1024x565.png 1024w, https:\/\/coinkickoff.com\/wp-content\/uploads\/bybitfiatdeposit2-768x424.png 768w, https:\/\/coinkickoff.com\/wp-content\/uploads\/bybitfiatdeposit2-18x10.png 18w\" sizes=\"auto, (max-width: 1418px) 100vw, 1418px\" \/><\/p>\n<h3><span class=\"ez-toc-section\" id=\"4_Navigate_to_the_Relevant_Screen_to_Buy\"><\/span><span style=\"font-weight: 400;\">4. Navegue hasta la pantalla correspondiente para comprar<\/span><span class=\"ez-toc-section-end\"><\/span><\/h3>\n<p><span style=\"font-weight: 400;\">Ahora vamos a utilizar la funci\u00f3n \"One-Click Buy\" para comprar ADA con su dep\u00f3sito fiat.\u00a0<\/span><\/p>\n<p><img loading=\"lazy\" decoding=\"async\" class=\"alignnone wp-image-3211 size-full\" src=\"https:\/\/coinkickoff.com\/wp-content\/uploads\/bybit-one-click-buy-2.png\" alt=\"bybit one click buy 2 C\u00f3mo comprar Shiba Inu en Bybit C\u00f3mo comprar Bitcoin en Bybit C\u00f3mo comprar Cardano en Bybit \" width=\"1433\" height=\"795\" srcset=\"https:\/\/coinkickoff.com\/wp-content\/uploads\/bybit-one-click-buy-2.png 1433w, https:\/\/coinkickoff.com\/wp-content\/uploads\/bybit-one-click-buy-2-300x166.png 300w, https:\/\/coinkickoff.com\/wp-content\/uploads\/bybit-one-click-buy-2-1024x568.png 1024w, https:\/\/coinkickoff.com\/wp-content\/uploads\/bybit-one-click-buy-2-768x426.png 768w, https:\/\/coinkickoff.com\/wp-content\/uploads\/bybit-one-click-buy-2-18x10.png 18w\" sizes=\"auto, (max-width: 1433px) 100vw, 1433px\" \/><\/p>\n<p><span style=\"font-weight: 400;\">Como puede ver, el formulario de pedido es muy sencillo: S\u00f3lo tienes que acordarte de poner en la columna \"Recibir\" Cardano (ADA). Puede utilizar su saldo USD como forma de pago.<\/span><\/p>\n<p><span style=\"font-weight: 400;\">Pulsa \"Comprar con USD\" para emitir tu pedido. Los ADA token aparecer\u00e1n pronto entre tus activos.<\/span><\/p>\n<p><span style=\"font-weight: 400;\">Esperamos haberle ayudado a entender c\u00f3mo comprar Cardano en Bybit. Si desea saber c\u00f3mo comprar Cardano en <a href=\"https:\/\/coinkickoff.com\/es_mx\/crypto-exchanges\/\">otros intercambios<\/a>puede acceder a nuestras diversas gu\u00edas a trav\u00e9s de <a href=\"https:\/\/coinkickoff.com\/es_mx\/how-to-buy-cardano\/\">C\u00f3mo comprar Cardano<\/a> p\u00e1gina.<\/span><\/p>","protected":false},"excerpt":{"rendered":"<p>C\u00f3mo comprar Cardano en Bybit \u00bfQuieres descubrir c\u00f3mo comprar Cardano en Bybit? Usted est\u00e1 en el lugar correcto: Aqu\u00ed est\u00e1 c\u00f3mo comprar Cardano en Bybit con instrucciones detalladas. Una gu\u00eda paso a paso sobre c\u00f3mo comprar Cardano en Bybit 1. Reg\u00edstrese. Registrar una cuenta En primer lugar, seguir adelante y crear una [...]<\/p>","protected":false},"author":3,"featured_media":0,"parent":4010,"menu_order":0,"comment_status":"closed","ping_status":"closed","template":"","meta":{"_genesis_hide_title":false,"_genesis_hide_breadcrumbs":false,"_genesis_hide_singular_image":false,"_genesis_hide_footer_widgets":false,"_genesis_custom_body_class":"","_genesis_custom_post_class":"","_genesis_layout":"","_glsr_average":0,"_glsr_ranking":0,"_glsr_reviews":0,"footnotes":""},"class_list":{"0":"post-4050","1":"page","2":"type-page","3":"status-publish","5":"entry"},"featured_image_src":null,"featured_image_src_square":null,"_links":{"self":[{"href":"https:\/\/coinkickoff.com\/es_mx\/wp-json\/wp\/v2\/pages\/4050","targetHints":{"allow":["GET"]}}],"collection":[{"href":"https:\/\/coinkickoff.com\/es_mx\/wp-json\/wp\/v2\/pages"}],"about":[{"href":"https:\/\/coinkickoff.com\/es_mx\/wp-json\/wp\/v2\/types\/page"}],"author":[{"embeddable":true,"href":"https:\/\/coinkickoff.com\/es_mx\/wp-json\/wp\/v2\/users\/3"}],"replies":[{"embeddable":true,"href":"https:\/\/coinkickoff.com\/es_mx\/wp-json\/wp\/v2\/comments?post=4050"}],"version-history":[{"count":4,"href":"https:\/\/coinkickoff.com\/es_mx\/wp-json\/wp\/v2\/pages\/4050\/revisions"}],"predecessor-version":[{"id":4073,"href":"https:\/\/coinkickoff.com\/es_mx\/wp-json\/wp\/v2\/pages\/4050\/revisions\/4073"}],"up":[{"embeddable":true,"href":"https:\/\/coinkickoff.com\/es_mx\/wp-json\/wp\/v2\/pages\/4010"}],"wp:attachment":[{"href":"https:\/\/coinkickoff.com\/es_mx\/wp-json\/wp\/v2\/media?parent=4050"}],"curies":[{"name":"wp","href":"https:\/\/api.w.org\/{rel}","templated":true}]}}