{"id":3709,"date":"2026-01-08T14:06:54","date_gmt":"2026-01-08T14:06:54","guid":{"rendered":"https:\/\/coinkickoff.com\/?page_id=3709"},"modified":"2026-01-08T14:06:54","modified_gmt":"2026-01-08T14:06:54","slug":"how-to-buy-shiba-inu","status":"publish","type":"page","link":"https:\/\/coinkickoff.com\/es_mx\/how-to-buy-shiba-inu\/","title":{"rendered":"C\u00f3mo comprar Shiba Inu (SHIB)"},"content":{"rendered":"<div id=\"ez-toc-container\" class=\"ez-toc-v2_0_80 counter-hierarchy ez-toc-counter ez-toc-transparent ez-toc-container-direction\">\n<div class=\"ez-toc-title-container\">\n<p class=\"ez-toc-title\" style=\"cursor:inherit\">Secciones<\/p>\n<span class=\"ez-toc-title-toggle\"><a href=\"#\" class=\"ez-toc-pull-right ez-toc-btn ez-toc-btn-xs ez-toc-btn-default ez-toc-toggle\" aria-label=\"Tabla de contenidos\"><span class=\"ez-toc-js-icon-con\"><span class=\"\"><span class=\"eztoc-hide\" style=\"display:none;\">Toggle<\/span><span class=\"ez-toc-icon-toggle-span\"><svg style=\"fill: #999;color:#999\" xmlns=\"http:\/\/www.w3.org\/2000\/svg\" class=\"list-377408\" width=\"20px\" height=\"20px\" viewbox=\"0 0 24 24\" fill=\"none\"><path d=\"M6 6H4v2h2V6zm14 0H8v2h12V6zM4 11h2v2H4v-2zm16 0H8v2h12v-2zM4 16h2v2H4v-2zm16 0H8v2h12v-2z\" fill=\"currentColor\"><\/path><\/svg><svg style=\"fill: #999;color:#999\" class=\"arrow-unsorted-368013\" xmlns=\"http:\/\/www.w3.org\/2000\/svg\" width=\"10px\" height=\"10px\" viewbox=\"0 0 24 24\" version=\"1.2\" baseprofile=\"tiny\"><path d=\"M18.2 9.3l-6.2-6.3-6.2 6.3c-.2.2-.3.4-.3.7s.1.5.3.7c.2.2.4.3.7.3h11c.3 0 .5-.1.7-.3.2-.2.3-.5.3-.7s-.1-.5-.3-.7zM5.8 14.7l6.2 6.3 6.2-6.3c.2-.2.3-.5.3-.7s-.1-.5-.3-.7c-.2-.2-.4-.3-.7-.3h-11c-.3 0-.5.1-.7.3-.2.2-.3.5-.3.7s.1.5.3.7z\"\/><\/svg><\/span><\/span><\/span><\/a><\/span><\/div>\n<nav><ul class='ez-toc-list ez-toc-list-level-1 eztoc-toggle-hide-by-default' ><li class='ez-toc-page-1 ez-toc-heading-level-2'><a class=\"ez-toc-link ez-toc-heading-1\" href=\"https:\/\/coinkickoff.com\/es_mx\/how-to-buy-shiba-inu\/#How_to_Buy_Shiba_Inu\" >C\u00f3mo comprar Shiba Inu<\/a><\/li><li class='ez-toc-page-1 ez-toc-heading-level-2'><a class=\"ez-toc-link ez-toc-heading-2\" href=\"https:\/\/coinkickoff.com\/es_mx\/how-to-buy-shiba-inu\/#What_Is_Shiba_Inu\" >\u00bfQu\u00e9 es Shiba Inu?<\/a><\/li><li class='ez-toc-page-1 ez-toc-heading-level-2'><a class=\"ez-toc-link ez-toc-heading-3\" href=\"https:\/\/coinkickoff.com\/es_mx\/how-to-buy-shiba-inu\/#Where_Can_I_Buy_Shiba_Inu\" >\u00bfD\u00f3nde puedo comprar Shiba Inu?<\/a><\/li><li class='ez-toc-page-1 ez-toc-heading-level-2'><a class=\"ez-toc-link ez-toc-heading-4\" href=\"https:\/\/coinkickoff.com\/es_mx\/how-to-buy-shiba-inu\/#How_to_Buy_Shiba_Inu-2\" >C\u00f3mo comprar Shiba Inu<\/a><ul class='ez-toc-list-level-3' ><li class='ez-toc-heading-level-3'><a class=\"ez-toc-link ez-toc-heading-5\" href=\"https:\/\/coinkickoff.com\/es_mx\/how-to-buy-shiba-inu\/#Choose_Your_Exchange\" >Elija su bolsa<\/a><\/li><li class='ez-toc-page-1 ez-toc-heading-level-3'><a class=\"ez-toc-link ez-toc-heading-6\" href=\"https:\/\/coinkickoff.com\/es_mx\/how-to-buy-shiba-inu\/#Store_Your_SHIB\" >Guarde su SHIB<\/a><ul class='ez-toc-list-level-4' ><li class='ez-toc-heading-level-4'><a class=\"ez-toc-link ez-toc-heading-7\" href=\"https:\/\/coinkickoff.com\/es_mx\/how-to-buy-shiba-inu\/#Exchange_Wallet\" >Cartera de cambio<\/a><\/li><li class='ez-toc-page-1 ez-toc-heading-level-4'><a class=\"ez-toc-link ez-toc-heading-8\" href=\"https:\/\/coinkickoff.com\/es_mx\/how-to-buy-shiba-inu\/#Self-Custody_Hot_Wallets\" >Carteras calientes de autocustodia<\/a><\/li><li class='ez-toc-page-1 ez-toc-heading-level-4'><a class=\"ez-toc-link ez-toc-heading-9\" href=\"https:\/\/coinkickoff.com\/es_mx\/how-to-buy-shiba-inu\/#Cold_Wallets\" >Carteras fr\u00edas<\/a><\/li><\/ul><\/li><\/ul><\/li><\/ul><\/nav><\/div>\n<h2><span class=\"ez-toc-section\" id=\"How_to_Buy_Shiba_Inu\"><\/span><span style=\"font-weight: 400;\">C\u00f3mo comprar Shiba Inu<\/span><span class=\"ez-toc-section-end\"><\/span><\/h2>\n<p><img loading=\"lazy\" decoding=\"async\" class=\"alignnone wp-image-168 size-full\" src=\"https:\/\/coinkickoff.com\/wp-content\/uploads\/2022\/06\/Shiba-Inu-SHIB.jpg\" alt=\"c\u00f3mo comprar shiba inu\" width=\"1000\" height=\"1000\" srcset=\"https:\/\/coinkickoff.com\/wp-content\/uploads\/2022\/06\/Shiba-Inu-SHIB.jpg 1000w, https:\/\/coinkickoff.com\/wp-content\/uploads\/2022\/06\/Shiba-Inu-SHIB-300x300.jpg 300w, https:\/\/coinkickoff.com\/wp-content\/uploads\/2022\/06\/Shiba-Inu-SHIB-150x150.jpg 150w, https:\/\/coinkickoff.com\/wp-content\/uploads\/2022\/06\/Shiba-Inu-SHIB-768x768.jpg 768w, https:\/\/coinkickoff.com\/wp-content\/uploads\/2022\/06\/Shiba-Inu-SHIB-12x12.jpg 12w, https:\/\/coinkickoff.com\/wp-content\/uploads\/2022\/06\/Shiba-Inu-SHIB-80x80.jpg 80w, https:\/\/coinkickoff.com\/wp-content\/uploads\/2022\/06\/Shiba-Inu-SHIB-600x600.jpg 600w\" sizes=\"auto, (max-width: 1000px) 100vw, 1000px\" \/><\/p>\n<p><span style=\"font-weight: 400;\">\u00bfEst\u00e1 interesado en comprar <a href=\"https:\/\/coinkickoff.com\/es_mx\/shiba-inu-shib\/\" data-internallinksmanager029f6b8e52c=\"16\" title=\"\u00bfQu\u00e9 es el Shiba Inu (SHIB)? \u00bfC\u00f3mo funciona y d\u00f3nde comprarlo?\">Shiba Inu<\/a> \u00bfpero no sabe por d\u00f3nde empezar? Est\u00e1 usted en el lugar adecuado. Aqu\u00ed tienes todo lo que necesitas saber para comprar Shiba Inu.\u00a0<\/span><\/p>\n<h2><span class=\"ez-toc-section\" id=\"What_Is_Shiba_Inu\"><\/span><span style=\"font-weight: 400;\">\u00bfQu\u00e9 es Shiba Inu?<\/span><span class=\"ez-toc-section-end\"><\/span><\/h2>\n<p><span style=\"font-weight: 400;\">El Shiba Inu token (SHIB) fue creado en agosto de 2020 como un meme coin por un desarrollador pseudoan\u00f3nimo llamado \"Ryoshi\". El coin se hizo popular despu\u00e9s de que \"Ryoshi\" enviara la mitad del suministro total al <a href=\"https:\/\/coinkickoff.com\/es_mx\/ethereum-eth\/\" data-internallinksmanager029f6b8e52c=\"2\" title=\"\u00bfQu\u00e9 es Ethereum (ETH)? Precio, historia y d\u00f3nde comprarlo\">Ethereum<\/a> Vitalik Buterin como una forma de comercializar el coin a las masas. Buterin quem\u00f3 <\/span><a href=\"https:\/\/www.coindesk.com\/markets\/2021\/05\/17\/vitalik-buterin-burns-6b-in-shib-tokens-says-he-doesnt-want-the-power\/\" target=\"_blank\" rel=\"noopener\"><span style=\"font-weight: 400;\">90% del suministro y don\u00f3 los 10% restantes a una organizaci\u00f3n ben\u00e9fica<\/span><\/a><span style=\"font-weight: 400;\"> en la India durante la pandemia de Covid-19.<\/span><\/p>\n<p><img loading=\"lazy\" decoding=\"async\" class=\"alignnone wp-image-3712 size-full\" src=\"https:\/\/coinkickoff.com\/wp-content\/uploads\/Screen-Shot-2023-05-24-at-2.12.50-PM-e1684926889358.png\" alt=\"\" width=\"759\" height=\"629\" srcset=\"https:\/\/coinkickoff.com\/wp-content\/uploads\/Screen-Shot-2023-05-24-at-2.12.50-PM-e1684926889358.png 759w, https:\/\/coinkickoff.com\/wp-content\/uploads\/Screen-Shot-2023-05-24-at-2.12.50-PM-e1684926889358-300x249.png 300w, https:\/\/coinkickoff.com\/wp-content\/uploads\/Screen-Shot-2023-05-24-at-2.12.50-PM-e1684926889358-14x12.png 14w\" sizes=\"auto, (max-width: 759px) 100vw, 759px\" \/><\/p>\n<p><span style=\"font-weight: 400;\">Shiba Inu se parece mucho a su meme rival token <a href=\"https:\/\/coinkickoff.com\/es_mx\/dogecoin-doge\/\" data-internallinksmanager029f6b8e52c=\"14\" title=\"\u00bfQu\u00e9 es Dogecoin (DOGE)? \u00bfC\u00f3mo funciona y d\u00f3nde comprarlo?\">Dogecoin<\/a>ya que ambos proyectos utilizan la imagen del perro Shiba Inu (que inspir\u00f3 el meme Doge) y se consideran esencialmente bromas coins. SHIB ha sido apodado \"DOGEKILLER\" por el equipo creador y la comunidad Shiba Inu, ya que el proyecto pretende superar la popularidad de DOGE.<\/span><\/p>\n<p><img loading=\"lazy\" decoding=\"async\" class=\"alignnone wp-image-3711 size-full\" src=\"https:\/\/coinkickoff.com\/wp-content\/uploads\/elon-musk-shiba.png\" alt=\"\" width=\"447\" height=\"794\" srcset=\"https:\/\/coinkickoff.com\/wp-content\/uploads\/elon-musk-shiba.png 447w, https:\/\/coinkickoff.com\/wp-content\/uploads\/elon-musk-shiba-169x300.png 169w, https:\/\/coinkickoff.com\/wp-content\/uploads\/elon-musk-shiba-7x12.png 7w\" sizes=\"auto, (max-width: 447px) 100vw, 447px\" \/><\/p>\n<p><span style=\"font-weight: 400;\">Muy parecido a Dogecoin, <\/span><b>Shiba Inu no tiene realmente un caso de uso<\/b><span style=\"font-weight: 400;\">. Su popularidad se debe principalmente a la cultura de Internet y a la especulaci\u00f3n. En 2021, el precio del coin se multiplic\u00f3 por 10 tras <\/span><a href=\"https:\/\/www.news.com.au\/finance\/markets\/world-markets\/shib-coin-why-shiba-inu-price-is-surging\/news-story\/a1bb8332cda46430f3093582e62ade73\" target=\"_blank\" rel=\"noopener\"><span style=\"font-weight: 400;\">Elon Musk tuite\u00f3 <\/span><\/a><span style=\"font-weight: 400;\">una foto de su propio perro de raza Shiba Inu, aunque el precio del token volvi\u00f3 a caer a sus niveles anteriores m\u00e1s tarde.<\/span><\/p>\n<p><img loading=\"lazy\" decoding=\"async\" class=\"alignnone wp-image-3710 size-full\" src=\"https:\/\/coinkickoff.com\/wp-content\/uploads\/shiba-inu-price-e1684926920831.png\" alt=\"\" width=\"766\" height=\"500\" srcset=\"https:\/\/coinkickoff.com\/wp-content\/uploads\/shiba-inu-price-e1684926920831.png 766w, https:\/\/coinkickoff.com\/wp-content\/uploads\/shiba-inu-price-e1684926920831-300x196.png 300w, https:\/\/coinkickoff.com\/wp-content\/uploads\/shiba-inu-price-e1684926920831-18x12.png 18w\" sizes=\"auto, (max-width: 766px) 100vw, 766px\" \/><\/p>\n<p><span style=\"font-weight: 400;\">En general, las meme coins como la Shiba Inu y la Dogecoin pueden considerarse coins de bombeo y descarga porque carecen de utilidad. La gente suele comprarlos con la esperanza de deshacerse de sus activos ante un aumento repentino del precio.<\/span><\/p>\n<p><span style=\"font-weight: 400;\">Sin embargo, al igual que el DOGE, el Shiba Inu es incre\u00edblemente barato y bastante popular. Se puede comprar f\u00e1cilmente una gran cantidad de SH\u0130B con cien d\u00f3lares. En general, su f\u00e1cil accesibilidad, gran visibilidad y volatilidad de precios hacen que estos coins resulten atractivos para quienes no les importa hacer inversiones arriesgadas con la esperanza de obtener grandes beneficios.\u00a0<\/span><\/p>\n<h2><span class=\"ez-toc-section\" id=\"Where_Can_I_Buy_Shiba_Inu\"><\/span><span style=\"font-weight: 400;\">\u00bfD\u00f3nde puedo comprar Shiba Inu?<\/span><span class=\"ez-toc-section-end\"><\/span><\/h2>\n<p><a href=\"https:\/\/coinmarketcap.com\/currencies\/shiba-inu\/\" target=\"_blank\" rel=\"noopener\"><span style=\"font-weight: 400;\">SHIB es la decimocuarta mayor criptomoneda<\/span><\/a><span style=\"font-weight: 400;\"> por capitalizaci\u00f3n burs\u00e1til, por lo que casi todas las bolsas populares permiten negociar con ella.<\/span><\/p>\n<p><span style=\"font-weight: 400;\">Puede comprar SHIB con monedas fiduciarias en las centrales <a href=\"https:\/\/coinkickoff.com\/es_mx\/crypto-exchanges\/\" data-internallinksmanager029f6b8e52c=\"141\" title=\"Las 21 mejores aplicaciones y bolsas de criptomonedas de 2024\">intercambios de criptomonedas<\/a> como <\/span><a href=\"https:\/\/coinkickoff.com\/es_mx\/binance-review\/\"><span style=\"font-weight: 400;\">Binance<\/span><\/a><span style=\"font-weight: 400;\">, <\/span><a href=\"https:\/\/coinkickoff.com\/es_mx\/kraken-review\/\"><span style=\"font-weight: 400;\">Kraken<\/span><\/a><span style=\"font-weight: 400;\">, <\/span><a href=\"https:\/\/coinkickoff.com\/es_mx\/coinbase-review\/\"><span style=\"font-weight: 400;\">Coinbase<\/span><\/a><span style=\"font-weight: 400;\">, <\/span><a href=\"https:\/\/www.kucoin.com\/r\/af\/rMJPV3B\" target=\"_blank\" rel=\"noopener\"><span style=\"font-weight: 400;\">Kucoin<\/span><\/a><span style=\"font-weight: 400;\">, <\/span><a href=\"https:\/\/www.bitfinex.com\/sign-up?refcode=kjCYk-CZD\" target=\"_blank\" rel=\"noopener\"><span style=\"font-weight: 400;\">Bitfinex<\/span><\/a><span style=\"font-weight: 400;\">y <\/span><a href=\"https:\/\/www.okx.com\/join\/65358827\" target=\"_blank\" rel=\"noopener\"><span style=\"font-weight: 400;\">OKX<\/span><\/a><span style=\"font-weight: 400;\">.<\/span><\/p>\n<p><span style=\"font-weight: 400;\">Tambi\u00e9n puede negociar SHIB en bolsas descentralizadas como <a href=\"https:\/\/coinkickoff.com\/es_mx\/uniswap-uni\/\" data-internallinksmanager029f6b8e52c=\"34\" title=\"\u00bfQu\u00e9 es Uniswap (UNI), c\u00f3mo funciona y d\u00f3nde comprarlo?\">Uniswap<\/a> y Sushiswap. No puedes comprar cripto con moneda fiduciaria en estas bolsas, pero si ya posees cripto, puedes cambiarlo por SHIB.<\/span><\/p>\n<h2><span class=\"ez-toc-section\" id=\"How_to_Buy_Shiba_Inu-2\"><\/span><span style=\"font-weight: 400;\">C\u00f3mo comprar Shiba Inu<\/span><span class=\"ez-toc-section-end\"><\/span><\/h2>\n<p><span style=\"font-weight: 400;\">As\u00ed que has decidido dar el paso y comprar Shiba Inu. Estupendo, pero antes debes tomar dos decisiones: En primer lugar, decidir qu\u00e9 bolsa quieres utilizar para comprar el coin. Despu\u00e9s, decide el m\u00e9todo de almacenamiento. Una vez que lo hayas decidido, estar\u00e1s listo para comprar tu SHIB.\u00a0<\/span><\/p>\n<p><span style=\"font-weight: 400;\">A continuaci\u00f3n se desglosa cada paso para facilitarle la compra.<\/span><\/p>\n<h3><span class=\"ez-toc-section\" id=\"Choose_Your_Exchange\"><\/span><span style=\"font-weight: 400;\">Elija su bolsa<\/span><span class=\"ez-toc-section-end\"><\/span><\/h3>\n<p><span style=\"font-weight: 400;\">Desde Shiba Inu es muy popular, y se puede encontrar en casi todos los intercambios cryptocurrency. Sin embargo, ya que hay muchos intercambios alrededor, la elecci\u00f3n de la correcta puede ser desalentador. No se preocupe, ya que tenemos <\/span><a href=\"https:\/\/coinkickoff.com\/es_mx\/crypto-exchanges\/\"><span style=\"font-weight: 400;\">breve gu\u00eda sobre las mejores bolsas de criptomonedas<\/span><\/a><span style=\"font-weight: 400;\"> que puedes usar.<\/span><\/p>\n<p><span style=\"font-weight: 400;\">A la hora de elegir un intercambio, hay que tener en cuenta algunas cosas. Si desea invertir en varios altcoins, puede preferir un <\/span><b>plataforma m\u00e1s grande<\/b><span style=\"font-weight: 400;\"> que ofrece varios activos digitales, como <a href=\"https:\/\/coinkickoff.com\/es_mx\/binance-review\/\" data-internallinksmanager029f6b8e52c=\"152\" title=\"Binance Comentarios 2024: Caracter\u00edsticas, Tasas, Seguridad, Pros y Contras\">Binance<\/a> o <a href=\"https:\/\/coinkickoff.com\/es_mx\/coinbase-review\/\" data-internallinksmanager029f6b8e52c=\"142\" title=\"Coinbase Comentarios 2024: Caracter\u00edsticas, Tarifas, Seguridad, Pros y Contras\">Coinbase<\/a>.\u00a0<\/span><\/p>\n<p><span style=\"font-weight: 400;\">Tambi\u00e9n debe pensar en<\/span><b> tasas de cambio<\/b><span style=\"font-weight: 400;\">. La mayor\u00eda de las bolsas ofrecen dos sistemas de precios distintos: Uno es un sistema escalonado y, por tanto, m\u00e1s barato para la negociaci\u00f3n profesional, y el otro es una simple funci\u00f3n de compra que es m\u00e1s cara.\u00a0<\/span><\/p>\n<p><span style=\"font-weight: 400;\">Si usted es un principiante que quiere comprar coins f\u00e1cilmente, la funci\u00f3n de compra f\u00e1cil es su mejor opci\u00f3n. Cuando compares intercambios, comprueba sus tarifas para operaciones de compra simple. Normalmente, las tarifas var\u00edan entre %1 y %5, dependiendo del intercambio y del m\u00e9todo de pago.<\/span><\/p>\n<h3><span class=\"ez-toc-section\" id=\"Store_Your_SHIB\"><\/span><span style=\"font-weight: 400;\">Guarde su SHIB<\/span><span class=\"ez-toc-section-end\"><\/span><\/h3>\n<p><span style=\"font-weight: 400;\">Es una buena idea investigar las criptocarteras antes de comprar cualquier coins. El almacenamiento de criptomonedas es un asunto serio: dado que los criptoactivos solo existen en la cadena, la \u00fanica forma de acceder a tus fondos es a trav\u00e9s de tu criptobilletera.\u00a0\u00a0<\/span><\/p>\n<p><span style=\"font-weight: 400;\">Existen dos tipos principales de criptocarteras: <\/span><b>carteras fr\u00edas y calientes<\/b><span style=\"font-weight: 400;\">. Entre los dos tipos hay una distinci\u00f3n simple pero importante: los monederos calientes est\u00e1n conectados a Internet, mientras que los monederos fr\u00edos almacenan sus activos fuera de l\u00ednea.<\/span><\/p>\n<p><span style=\"font-weight: 400;\">Los monederos calientes son los monederos de intercambio y los monederos de software, mientras que los monederos fr\u00edos son los monederos de papel y los monederos de hardware.<\/span><\/p>\n<h4><span class=\"ez-toc-section\" id=\"Exchange_Wallet\"><\/span><span style=\"font-weight: 400;\">Cartera de cambio<\/span><span class=\"ez-toc-section-end\"><\/span><\/h4>\n<p><span style=\"font-weight: 400;\">Las carteras de intercambio son una soluci\u00f3n popular para el almacenamiento de criptomonedas simplemente porque son muy convenientes. Cuando compras criptodivisas en una bolsa centralizada como <\/span><a href=\"https:\/\/coinkickoff.com\/es_mx\/coinbase-review\/\"><span style=\"font-weight: 400;\">Coinbase<\/span><\/a><span style=\"font-weight: 400;\"> o <\/span><a href=\"https:\/\/coinkickoff.com\/es_mx\/binance-review\/\"><span style=\"font-weight: 400;\">Binance<\/span><\/a><span style=\"font-weight: 400;\">sus coins se depositan inmediatamente en un monedero alojado en la bolsa. Esto le permite vender o intercambiar sus coins en la bolsa de forma f\u00e1cil y r\u00e1pida.<\/span><\/p>\n<p><span style=\"font-weight: 400;\">El inconveniente de los monederos de intercambio es su falta de seguridad. Dado que el monedero est\u00e1 alojado en la bolsa, el usuario no tiene control directo sobre sus fondos. Si la bolsa quiebra o es pirateada, tus fondos pueden perderse para siempre.<\/span><\/p>\n<p><span style=\"font-weight: 400;\">Algunas bolsas ofrecen reg\u00edmenes de protecci\u00f3n limitada contra las violaciones de la seguridad, pero la compensaci\u00f3n nunca est\u00e1 garantizada, ya que la decisi\u00f3n recae en \u00faltima instancia en los propietarios y gestores de la bolsa.<\/span><\/p>\n<p><span style=\"font-weight: 400;\">Los entusiastas de las criptomonedas suelen afirmar aquello de \"ni tus llaves, ni tu coins\" para advertir a los criptooperadores de los peligros de dejar grandes cantidades de cripto en las carteras de intercambio. Por ejemplo, cuando FTX se declar\u00f3 en quiebra, <\/span><a href=\"https:\/\/www.npr.org\/2022\/11\/17\/1137501882\/ftx-investors-are-unable-to-access-their-money-shaking-crypto-investors-confiden\" target=\"_blank\" rel=\"noopener\"><span style=\"font-weight: 400;\">los usuarios no pod\u00edan mover sus activos<\/span><\/a><span style=\"font-weight: 400;\"> de los monederos de intercambio porque no ten\u00edan acceso a las claves de los monederos de intercambio.<\/span><\/p>\n<p><span style=\"font-weight: 400;\">Si no se siente c\u00f3modo dejando sus activos en un monedero de intercambio, considere la posibilidad de trasladarlos a un monedero de autocustodia.<\/span><\/p>\n<h4><span class=\"ez-toc-section\" id=\"Self-Custody_Hot_Wallets\"><\/span><span style=\"font-weight: 400;\">Carteras calientes de autocustodia<\/span><span class=\"ez-toc-section-end\"><\/span><\/h4>\n<p><span style=\"font-weight: 400;\">Si no desea utilizar un monedero de intercambio para almacenar su coins, puede descargar un monedero en caliente de autocustodia en su dispositivo m\u00f3vil o en su ordenador de sobremesa. Existen varias soluciones de software de monedero que te permiten gestionar tus propias claves de monedero para que siempre tengas el control de tu coins.\u00a0<\/span><\/p>\n<p><span style=\"font-weight: 400;\">Por ejemplo, puede almacenar SHIB en <\/span><a href=\"https:\/\/coinkickoff.com\/es_mx\/exodus-review\/\"><span style=\"font-weight: 400;\">\u00c9xodo<\/span><\/a><span style=\"font-weight: 400;\">, <\/span><a href=\"https:\/\/www.coinomi.com\/en\/\" target=\"_blank\" rel=\"noopener\"><span style=\"font-weight: 400;\">Coinomi<\/span><\/a><span style=\"font-weight: 400;\">o <\/span><a href=\"https:\/\/atomicwallet.io\/\" target=\"_blank\" rel=\"noopener\"><span style=\"font-weight: 400;\">Cartera at\u00f3mica<\/span><\/a><span style=\"font-weight: 400;\">. Sin embargo, las hot wallets autocustodiadas vienen con una advertencia: dado que se alojan en dispositivos conectados a Internet, son bastante vulnerables a los intentos de pirateo. De hecho, es posible que hayas visto o escuchado en las noticias que los hackers a menudo atacan tanto a comerciantes minoristas como a proyectos profesionales de criptomonedas que utilizan hot wallets.<\/span><\/p>\n<p><span style=\"font-weight: 400;\">Si no eres un experto en ciberseguridad, mantener una cartera caliente puede no ser una gran idea. Los ladrones de criptomonedas son muy creativos y estrat\u00e9gicos: utilizan m\u00e9todos complejos como el secuestro social, el phishing y otros m\u00e9todos para acceder a tus fondos y drenarlos. Si tu dispositivo conectado a Internet se ve comprometido (y puede ocurrir f\u00e1cilmente si haces clic en el enlace equivocado, por ejemplo), tus fondos tambi\u00e9n lo estar\u00e1n.<\/span><\/p>\n<h4><span class=\"ez-toc-section\" id=\"Cold_Wallets\"><\/span><span style=\"font-weight: 400;\">Carteras fr\u00edas<\/span><span class=\"ez-toc-section-end\"><\/span><\/h4>\n<p><span style=\"font-weight: 400;\">Los monederos fr\u00edos no est\u00e1n conectados a Internet y, por tanto, se consideran inmunes a la pirater\u00eda inform\u00e1tica.\u00a0<\/span><\/p>\n<p><span style=\"font-weight: 400;\">Hay dos tipos principales de monederos fr\u00edos: Los monederos de hardware, que parecen memorias USB con software de monedero preinstalado, y los monederos de papel, que son b\u00e1sicamente trozos de papel con tu clave privada y la informaci\u00f3n de la direcci\u00f3n del monedero escritas en ellos.<\/span><\/p>\n<p><span style=\"font-weight: 400;\">Los monederos de papel suelen considerarse muy seguros pero dif\u00edciles de usar. Debes utilizar con cuidado un generador de monederos de papel, luego imprimir la informaci\u00f3n y guardarla en un lugar seguro.\u00a0<\/span><\/p>\n<p><span style=\"font-weight: 400;\">Una gran desventaja de los monederos de papel es que son engorrosos de usar: no puedes hacer transacciones parciales con tus fondos, as\u00ed que no son pr\u00e1cticos.<\/span><\/p>\n<p><span style=\"font-weight: 400;\">Los monederos f\u00edsicos, por otro lado, son incre\u00edblemente pr\u00e1cticos y muy seguros, pero tienen una gran desventaja: son mucho m\u00e1s caros que otras opciones.\u00a0<\/span><\/p>\n<p><span style=\"font-weight: 400;\">Normalmente, los monederos de criptomonedas son gratuitos, pero los monederos de hardware son la excepci\u00f3n a la regla. Pagar entre 80 y 200 USD por un monedero puede ser una inversi\u00f3n cara para un criptocomerciante principiante.<\/span><\/p>\n<p><a href=\"https:\/\/www.ledger.com\/\" target=\"_blank\" rel=\"noopener\"><span style=\"font-weight: 400;\">Ledger<\/span><\/a><span style=\"font-weight: 400;\"> y <\/span><a href=\"https:\/\/trezor.io\/\" target=\"_blank\" rel=\"noopener\"><span style=\"font-weight: 400;\">Trezor<\/span><\/a><span style=\"font-weight: 400;\"> son dos de las empresas de carteras r\u00edgidas m\u00e1s famosas del sector, y ambas venden un modelo b\u00e1sico a un precio decente para el inversor curioso.<\/span><\/p>","protected":false},"excerpt":{"rendered":"<p>C\u00f3mo comprar Shiba Inu \u00bfEst\u00e1 interesado en comprar Shiba Inu pero no sabe por d\u00f3nde empezar? Est\u00e1 usted en el lugar adecuado. Aqu\u00ed encontrar\u00e1 todo lo que necesita saber para comprar Shiba Inu.  \u00bfQu\u00e9 es Shiba Inu? Shiba Inu token (SHIB) fue creado en agosto de 2020 como un meme coin por un pseudo-an\u00f3nimo [...]<\/p>","protected":false},"author":3,"featured_media":0,"parent":0,"menu_order":0,"comment_status":"closed","ping_status":"closed","template":"","meta":{"_genesis_hide_title":false,"_genesis_hide_breadcrumbs":false,"_genesis_hide_singular_image":false,"_genesis_hide_footer_widgets":false,"_genesis_custom_body_class":"","_genesis_custom_post_class":"","_genesis_layout":"","_glsr_average":0,"_glsr_ranking":0,"_glsr_reviews":0,"footnotes":""},"class_list":{"0":"post-3709","1":"page","2":"type-page","3":"status-publish","5":"entry","6":"has-post-thumbnail"},"featured_image_src":null,"featured_image_src_square":null,"_links":{"self":[{"href":"https:\/\/coinkickoff.com\/es_mx\/wp-json\/wp\/v2\/pages\/3709","targetHints":{"allow":["GET"]}}],"collection":[{"href":"https:\/\/coinkickoff.com\/es_mx\/wp-json\/wp\/v2\/pages"}],"about":[{"href":"https:\/\/coinkickoff.com\/es_mx\/wp-json\/wp\/v2\/types\/page"}],"author":[{"embeddable":true,"href":"https:\/\/coinkickoff.com\/es_mx\/wp-json\/wp\/v2\/users\/3"}],"replies":[{"embeddable":true,"href":"https:\/\/coinkickoff.com\/es_mx\/wp-json\/wp\/v2\/comments?post=3709"}],"version-history":[{"count":2,"href":"https:\/\/coinkickoff.com\/es_mx\/wp-json\/wp\/v2\/pages\/3709\/revisions"}],"predecessor-version":[{"id":4474,"href":"https:\/\/coinkickoff.com\/es_mx\/wp-json\/wp\/v2\/pages\/3709\/revisions\/4474"}],"wp:attachment":[{"href":"https:\/\/coinkickoff.com\/es_mx\/wp-json\/wp\/v2\/media?parent=3709"}],"curies":[{"name":"wp","href":"https:\/\/api.w.org\/{rel}","templated":true}]}}