{"id":3518,"date":"2026-01-08T14:07:32","date_gmt":"2026-01-08T14:07:32","guid":{"rendered":"https:\/\/coinkickoff.com\/?page_id=3518"},"modified":"2026-01-08T14:07:32","modified_gmt":"2026-01-08T14:07:32","slug":"how-to-buy-dogecoin-on-coinbase","status":"publish","type":"page","link":"https:\/\/coinkickoff.com\/es_mx\/how-to-buy-dogecoin\/how-to-buy-dogecoin-on-coinbase\/","title":{"rendered":"C\u00f3mo comprar Dogecoin (DOGE) en Coinbase"},"content":{"rendered":"<div id=\"ez-toc-container\" class=\"ez-toc-v2_0_80 counter-hierarchy ez-toc-counter ez-toc-transparent ez-toc-container-direction\">\n<div class=\"ez-toc-title-container\">\n<p class=\"ez-toc-title\" style=\"cursor:inherit\">Secciones<\/p>\n<span class=\"ez-toc-title-toggle\"><a href=\"#\" class=\"ez-toc-pull-right ez-toc-btn ez-toc-btn-xs ez-toc-btn-default ez-toc-toggle\" aria-label=\"Tabla de contenidos\"><span class=\"ez-toc-js-icon-con\"><span class=\"\"><span class=\"eztoc-hide\" style=\"display:none;\">Toggle<\/span><span class=\"ez-toc-icon-toggle-span\"><svg style=\"fill: #999;color:#999\" xmlns=\"http:\/\/www.w3.org\/2000\/svg\" class=\"list-377408\" width=\"20px\" height=\"20px\" viewbox=\"0 0 24 24\" fill=\"none\"><path d=\"M6 6H4v2h2V6zm14 0H8v2h12V6zM4 11h2v2H4v-2zm16 0H8v2h12v-2zM4 16h2v2H4v-2zm16 0H8v2h12v-2z\" fill=\"currentColor\"><\/path><\/svg><svg style=\"fill: #999;color:#999\" class=\"arrow-unsorted-368013\" xmlns=\"http:\/\/www.w3.org\/2000\/svg\" width=\"10px\" height=\"10px\" viewbox=\"0 0 24 24\" version=\"1.2\" baseprofile=\"tiny\"><path d=\"M18.2 9.3l-6.2-6.3-6.2 6.3c-.2.2-.3.4-.3.7s.1.5.3.7c.2.2.4.3.7.3h11c.3 0 .5-.1.7-.3.2-.2.3-.5.3-.7s-.1-.5-.3-.7zM5.8 14.7l6.2 6.3 6.2-6.3c.2-.2.3-.5.3-.7s-.1-.5-.3-.7c-.2-.2-.4-.3-.7-.3h-11c-.3 0-.5.1-.7.3-.2.2-.3.5-.3.7s.1.5.3.7z\"\/><\/svg><\/span><\/span><\/span><\/a><\/span><\/div>\n<nav><ul class='ez-toc-list ez-toc-list-level-1 eztoc-toggle-hide-by-default' ><li class='ez-toc-page-1 ez-toc-heading-level-1'><a class=\"ez-toc-link ez-toc-heading-1\" href=\"https:\/\/coinkickoff.com\/es_mx\/how-to-buy-dogecoin\/how-to-buy-dogecoin-on-coinbase\/#How_to_Buy_Dogecoin_on_Coinbase\" >C\u00f3mo comprar Dogecoin en Coinbase<\/a><ul class='ez-toc-list-level-2' ><li class='ez-toc-heading-level-2'><a class=\"ez-toc-link ez-toc-heading-2\" href=\"https:\/\/coinkickoff.com\/es_mx\/how-to-buy-dogecoin\/how-to-buy-dogecoin-on-coinbase\/#A_Step-By-Step_Guide_on_How_to_Buy_Dogecoin_on_Coinbase\" >Gu\u00eda paso a paso para comprar Dogecoin en Coinbase<\/a><ul class='ez-toc-list-level-3' ><li class='ez-toc-heading-level-3'><a class=\"ez-toc-link ez-toc-heading-3\" href=\"https:\/\/coinkickoff.com\/es_mx\/how-to-buy-dogecoin\/how-to-buy-dogecoin-on-coinbase\/#1_Register_an_Account\" >1. Registrar una cuenta<\/a><\/li><li class='ez-toc-page-1 ez-toc-heading-level-3'><a class=\"ez-toc-link ez-toc-heading-4\" href=\"https:\/\/coinkickoff.com\/es_mx\/how-to-buy-dogecoin\/how-to-buy-dogecoin-on-coinbase\/#2_Verify_Your_Account\" >2. Verifique su cuenta<\/a><\/li><li class='ez-toc-page-1 ez-toc-heading-level-3'><a class=\"ez-toc-link ez-toc-heading-5\" href=\"https:\/\/coinkickoff.com\/es_mx\/how-to-buy-dogecoin\/how-to-buy-dogecoin-on-coinbase\/#3_Deposit_FundsCrypto\" >3. Depositar Fondos\/Cripto<\/a><\/li><li class='ez-toc-page-1 ez-toc-heading-level-3'><a class=\"ez-toc-link ez-toc-heading-6\" href=\"https:\/\/coinkickoff.com\/es_mx\/how-to-buy-dogecoin\/how-to-buy-dogecoin-on-coinbase\/#4_Navigate_to_the_Relevant_Screen_to_Buy\" >4. Navegue hasta la pantalla correspondiente para comprar<\/a><\/li><\/ul><\/li><\/ul><\/li><\/ul><\/nav><\/div>\n<h1><span class=\"ez-toc-section\" id=\"How_to_Buy_Dogecoin_on_Coinbase\"><\/span><span style=\"font-weight: 400;\">C\u00f3mo comprar Dogecoin en Coinbase<\/span><span class=\"ez-toc-section-end\"><\/span><\/h1>\n<p><span style=\"font-weight: 400;\"><a href=\"https:\/\/coinkickoff.com\/es_mx\/dogecoin-doge\/\">Dogecoin<\/a>o <a href=\"https:\/\/coinkickoff.com\/es_mx\/dogecoin-doge\/\" data-internallinksmanager029f6b8e52c=\"14\" title=\"\u00bfQu\u00e9 es Dogecoin (DOGE)? \u00bfC\u00f3mo funciona y d\u00f3nde comprarlo?\">DOGE<\/a> como se llama, es un famoso meme coin que internet adora y atesora. DOGE alcanz\u00f3 su precio m\u00e1ximo en abril de 2021, durante la mayor racha alcista de criptomonedas de la d\u00e9cada, pero r\u00e1pidamente volvi\u00f3 a su nivel de precio normal en las semanas siguientes.<\/span><\/p>\n<p><span style=\"font-weight: 400;\">Sigue siendo un bien popular, pero no es muy valioso: se le conoce principalmente como coin de broma.<\/span><\/p>\n<p><span style=\"font-weight: 400;\">Si desea comprar Dogecoin en <a href=\"https:\/\/coinkickoff.com\/es_mx\/coinbase-review\/\" data-internallinksmanager029f6b8e52c=\"142\" title=\"Coinbase Comentarios 2024: Caracter\u00edsticas, Tarifas, Seguridad, Pros y Contras\">Coinbase<\/a> pero no sabe c\u00f3mo, no se preocupe. Aqu\u00ed te explicamos paso a paso c\u00f3mo comprar Dogecoin en Coinbase.<\/span><\/p>\n<h2><span class=\"ez-toc-section\" id=\"A_Step-By-Step_Guide_on_How_to_Buy_Dogecoin_on_Coinbase\"><\/span><span style=\"font-weight: 400;\">Gu\u00eda paso a paso para comprar Dogecoin en Coinbase<\/span><span class=\"ez-toc-section-end\"><\/span><\/h2>\n<h3><span class=\"ez-toc-section\" id=\"1_Register_an_Account\"><\/span><span style=\"font-weight: 400;\">1. Registrar una cuenta<\/span><span class=\"ez-toc-section-end\"><\/span><\/h3>\n<p><img loading=\"lazy\" decoding=\"async\" class=\"alignnone wp-image-3527 size-large\" src=\"https:\/\/coinkickoff.com\/wp-content\/uploads\/Screen-Shot-2023-03-30-at-7.13.25-AM-e1683779312952-1024x537.png\" alt=\"\" width=\"1024\" height=\"537\" \/><\/p>\n<p><span style=\"font-weight: 400;\">Puede resultar obvio, pero el primer paso es abrir una cuenta en Coinbase. Vaya a <\/span><a href=\"https:\/\/coinbase-consumer.sjv.io\/ORPoaG\" target=\"_blank\" rel=\"noopener\"><span style=\"font-weight: 400;\">Sitio web oficial de Coinbase<\/span><\/a><span style=\"font-weight: 400;\"> y haz clic en \"Empezar\".<\/span><\/p>\n<p><span style=\"font-weight: 400;\">Introduzca su nombre legal y una direcci\u00f3n de correo electr\u00f3nico v\u00e1lida para registrar su cuenta. Coinbase le enviar\u00e1 un correo electr\u00f3nico de verificaci\u00f3n para confirmar su cuenta. Siga las instrucciones para acceder a su cuenta.<\/span><\/p>\n<p><span style=\"font-weight: 400;\">Una vez que active su cuenta, Coinbase le pedir\u00e1 que introduzca su n\u00famero de tel\u00e9fono m\u00f3vil. Recibir\u00e1 una contrase\u00f1a de un solo uso en su m\u00f3vil para iniciar sesi\u00f3n en su cuenta de Coinbase.<\/span><\/p>\n<h3><span class=\"ez-toc-section\" id=\"2_Verify_Your_Account\"><\/span><span style=\"font-weight: 400;\">2. Verifique su cuenta<\/span><span class=\"ez-toc-section-end\"><\/span><\/h3>\n<p><span style=\"font-weight: 400;\">No puedes hacer mucho en Coinbase sin la verificaci\u00f3n de identidad, por lo que es importante realizar este paso r\u00e1pidamente.<\/span><\/p>\n<p><img loading=\"lazy\" decoding=\"async\" class=\"alignnone wp-image-3526 size-large\" src=\"https:\/\/coinkickoff.com\/wp-content\/uploads\/Screen-Shot-2023-03-30-at-6.16.20-AM-e1683779340546-1024x470.png\" alt=\"\" width=\"1024\" height=\"470\" srcset=\"https:\/\/coinkickoff.com\/wp-content\/uploads\/Screen-Shot-2023-03-30-at-6.16.20-AM-e1683779340546-1024x470.png 1024w, https:\/\/coinkickoff.com\/wp-content\/uploads\/Screen-Shot-2023-03-30-at-6.16.20-AM-e1683779340546-300x138.png 300w, https:\/\/coinkickoff.com\/wp-content\/uploads\/Screen-Shot-2023-03-30-at-6.16.20-AM-e1683779340546-768x352.png 768w, https:\/\/coinkickoff.com\/wp-content\/uploads\/Screen-Shot-2023-03-30-at-6.16.20-AM-e1683779340546-18x8.png 18w, https:\/\/coinkickoff.com\/wp-content\/uploads\/Screen-Shot-2023-03-30-at-6.16.20-AM-e1683779340546.png 1389w\" sizes=\"auto, (max-width: 1024px) 100vw, 1024px\" \/><\/p>\n<p><span style=\"font-weight: 400;\">Para iniciar la verificaci\u00f3n de la identidad, haga clic en la opci\u00f3n COMPRAR\/VENDER situada en la parte superior del panel de control. Recibir\u00e1 un aviso para verificar su informaci\u00f3n personal. Haga clic en verificar su ID para continuar.<\/span><\/p>\n<p><img loading=\"lazy\" decoding=\"async\" class=\"alignnone wp-image-3525 size-full\" src=\"https:\/\/coinkickoff.com\/wp-content\/uploads\/Screen-Shot-2023-03-30-at-6.15.03-AM-e1683779367919.png\" alt=\"\" width=\"1436\" height=\"806\" srcset=\"https:\/\/coinkickoff.com\/wp-content\/uploads\/Screen-Shot-2023-03-30-at-6.15.03-AM-e1683779367919.png 1436w, https:\/\/coinkickoff.com\/wp-content\/uploads\/Screen-Shot-2023-03-30-at-6.15.03-AM-e1683779367919-300x168.png 300w, https:\/\/coinkickoff.com\/wp-content\/uploads\/Screen-Shot-2023-03-30-at-6.15.03-AM-e1683779367919-1024x575.png 1024w, https:\/\/coinkickoff.com\/wp-content\/uploads\/Screen-Shot-2023-03-30-at-6.15.03-AM-e1683779367919-768x431.png 768w, https:\/\/coinkickoff.com\/wp-content\/uploads\/Screen-Shot-2023-03-30-at-6.15.03-AM-e1683779367919-18x10.png 18w, https:\/\/coinkickoff.com\/wp-content\/uploads\/Screen-Shot-2023-03-30-at-6.15.03-AM-e1683779367919-600x338.png 600w\" sizes=\"auto, (max-width: 1436px) 100vw, 1436px\" \/><\/p>\n<p><span style=\"font-weight: 400;\">En la nueva p\u00e1gina, introduce toda la informaci\u00f3n requerida. Coinbase tiene un procedimiento KYC detallado, por lo que debes introducir tu nombre legal, direcci\u00f3n y fecha de nacimiento, as\u00ed como detalles sobre tu estado financiero. Tambi\u00e9n debes presentar un documento de identidad con fotograf\u00eda, como la p\u00e1gina del pasaporte o el carn\u00e9 de conducir.<\/span><\/p>\n<h3><span class=\"ez-toc-section\" id=\"3_Deposit_FundsCrypto\"><\/span><span style=\"font-weight: 400;\">3. Depositar Fondos\/Cripto<\/span><span class=\"ez-toc-section-end\"><\/span><\/h3>\n<p><span style=\"font-weight: 400;\">Una vez finalizada la verificaci\u00f3n de identidad, puede vincular un m\u00e9todo de pago a su cuenta Coinbase.\u00a0<\/span><\/p>\n<p><span style=\"font-weight: 400;\">Seleccione el icono de perfil (esquina superior derecha) en el panel de control y haga clic en Configuraci\u00f3n. En la nueva p\u00e1gina, seleccione M\u00e9todos de pago.<\/span><\/p>\n<p><img loading=\"lazy\" decoding=\"async\" class=\"alignnone wp-image-3521 size-full\" src=\"https:\/\/coinkickoff.com\/wp-content\/uploads\/Screen-Shot-2023-03-29-at-10.44.01-PM-e1683779393247.png\" alt=\"\" width=\"1396\" height=\"673\" srcset=\"https:\/\/coinkickoff.com\/wp-content\/uploads\/Screen-Shot-2023-03-29-at-10.44.01-PM-e1683779393247.png 1396w, https:\/\/coinkickoff.com\/wp-content\/uploads\/Screen-Shot-2023-03-29-at-10.44.01-PM-e1683779393247-300x145.png 300w, https:\/\/coinkickoff.com\/wp-content\/uploads\/Screen-Shot-2023-03-29-at-10.44.01-PM-e1683779393247-1024x494.png 1024w, https:\/\/coinkickoff.com\/wp-content\/uploads\/Screen-Shot-2023-03-29-at-10.44.01-PM-e1683779393247-768x370.png 768w, https:\/\/coinkickoff.com\/wp-content\/uploads\/Screen-Shot-2023-03-29-at-10.44.01-PM-e1683779393247-18x9.png 18w\" sizes=\"auto, (max-width: 1396px) 100vw, 1396px\" \/><\/p>\n<p><span style=\"font-weight: 400;\">Seleccione los m\u00e9todos de pago.<\/span><\/p>\n<p><img loading=\"lazy\" decoding=\"async\" class=\"alignnone wp-image-3522 size-full\" src=\"https:\/\/coinkickoff.com\/wp-content\/uploads\/Screen-Shot-2023-03-29-at-10.44.08-PM-e1683779417928.png\" alt=\"\" width=\"1414\" height=\"719\" srcset=\"https:\/\/coinkickoff.com\/wp-content\/uploads\/Screen-Shot-2023-03-29-at-10.44.08-PM-e1683779417928.png 1414w, https:\/\/coinkickoff.com\/wp-content\/uploads\/Screen-Shot-2023-03-29-at-10.44.08-PM-e1683779417928-300x153.png 300w, https:\/\/coinkickoff.com\/wp-content\/uploads\/Screen-Shot-2023-03-29-at-10.44.08-PM-e1683779417928-1024x521.png 1024w, https:\/\/coinkickoff.com\/wp-content\/uploads\/Screen-Shot-2023-03-29-at-10.44.08-PM-e1683779417928-768x391.png 768w, https:\/\/coinkickoff.com\/wp-content\/uploads\/Screen-Shot-2023-03-29-at-10.44.08-PM-e1683779417928-18x9.png 18w\" sizes=\"auto, (max-width: 1414px) 100vw, 1414px\" \/><\/p>\n<p><span style=\"font-weight: 400;\">Haga clic en A\u00f1adir un m\u00e9todo de pago.<\/span><\/p>\n<p><img loading=\"lazy\" decoding=\"async\" class=\"alignnone wp-image-3523 size-full\" src=\"https:\/\/coinkickoff.com\/wp-content\/uploads\/Screen-Shot-2023-03-29-at-10.44.22-PM-e1683779442560.png\" alt=\"\" width=\"1403\" height=\"737\" srcset=\"https:\/\/coinkickoff.com\/wp-content\/uploads\/Screen-Shot-2023-03-29-at-10.44.22-PM-e1683779442560.png 1403w, https:\/\/coinkickoff.com\/wp-content\/uploads\/Screen-Shot-2023-03-29-at-10.44.22-PM-e1683779442560-300x158.png 300w, https:\/\/coinkickoff.com\/wp-content\/uploads\/Screen-Shot-2023-03-29-at-10.44.22-PM-e1683779442560-1024x538.png 1024w, https:\/\/coinkickoff.com\/wp-content\/uploads\/Screen-Shot-2023-03-29-at-10.44.22-PM-e1683779442560-768x403.png 768w, https:\/\/coinkickoff.com\/wp-content\/uploads\/Screen-Shot-2023-03-29-at-10.44.22-PM-e1683779442560-18x9.png 18w\" sizes=\"auto, (max-width: 1403px) 100vw, 1403px\" \/><\/p>\n<p><span style=\"font-weight: 400;\">Hay varios m\u00e9todos de pago que puede utilizar en funci\u00f3n de su ubicaci\u00f3n. Los clientes estadounidenses y europeos pueden vincular sus cuentas bancarias a la bolsa y transferir fondos directamente desde sus bancos.\u00a0<\/span><\/p>\n<p><span style=\"font-weight: 400;\">Tambi\u00e9n puedes a\u00f1adir los datos de tu tarjeta de cr\u00e9dito o d\u00e9bito a tu cuenta. Las transferencias bancarias suelen ser m\u00e1s baratas, pero tardan d\u00edas en llegar. Las compras con tarjeta de cr\u00e9dito o d\u00e9bito son instant\u00e1neas, pero cuestan comisiones m\u00e1s altas.\u00a0<\/span><\/p>\n<p><span style=\"font-weight: 400;\">Si le parece bien pagar m\u00e1s para obtener las cosas m\u00e1s r\u00e1pidamente, simplemente haga clic en la opci\u00f3n \"Tarjeta de cr\u00e9dito\/d\u00e9bito\".<\/span><\/p>\n<p><img loading=\"lazy\" decoding=\"async\" class=\"alignnone wp-image-3524 size-full\" src=\"https:\/\/coinkickoff.com\/wp-content\/uploads\/Screen-Shot-2023-03-29-at-10.44.29-PM-e1683779464552.png\" alt=\"\" width=\"1407\" height=\"730\" srcset=\"https:\/\/coinkickoff.com\/wp-content\/uploads\/Screen-Shot-2023-03-29-at-10.44.29-PM-e1683779464552.png 1407w, https:\/\/coinkickoff.com\/wp-content\/uploads\/Screen-Shot-2023-03-29-at-10.44.29-PM-e1683779464552-300x156.png 300w, https:\/\/coinkickoff.com\/wp-content\/uploads\/Screen-Shot-2023-03-29-at-10.44.29-PM-e1683779464552-1024x531.png 1024w, https:\/\/coinkickoff.com\/wp-content\/uploads\/Screen-Shot-2023-03-29-at-10.44.29-PM-e1683779464552-768x398.png 768w, https:\/\/coinkickoff.com\/wp-content\/uploads\/Screen-Shot-2023-03-29-at-10.44.29-PM-e1683779464552-18x9.png 18w\" sizes=\"auto, (max-width: 1407px) 100vw, 1407px\" \/><\/p>\n<p><span style=\"font-weight: 400;\">Introduzca su n\u00famero de tarjeta, fecha de caducidad y CVC, y haga clic en \"A\u00f1adir tarjeta\".<\/span><\/p>\n<h3><span class=\"ez-toc-section\" id=\"4_Navigate_to_the_Relevant_Screen_to_Buy\"><\/span><span style=\"font-weight: 400;\">4. Navegue hasta la pantalla correspondiente para comprar<\/span><span class=\"ez-toc-section-end\"><\/span><\/h3>\n<p><span style=\"font-weight: 400;\">Ahora que ha a\u00f1adido una opci\u00f3n de pago, todo lo que tiene que hacer es hacer clic en el widget azul Comprar\/Vender de la parte superior de la p\u00e1gina.<\/span><\/p>\n<p><span style=\"font-weight: 400;\">Haga clic en la columna de compra y seleccione DOGE en el men\u00fa desplegable. Elija un m\u00e9todo de pago para ejecutar su transacci\u00f3n. Por \u00faltimo, introduce cu\u00e1nto quieres gastar en DOGE y haz clic en \"Previsualizar compra\".<\/span><\/p>\n<p><img loading=\"lazy\" decoding=\"async\" class=\"alignnone wp-image-3519 size-full\" src=\"https:\/\/coinkickoff.com\/wp-content\/uploads\/Screen-Shot-2023-03-29-at-10.39.23-PM-e1683779487708.png\" alt=\"c\u00f3mo comprar dogecoin en coinbase\" width=\"1439\" height=\"763\" srcset=\"https:\/\/coinkickoff.com\/wp-content\/uploads\/Screen-Shot-2023-03-29-at-10.39.23-PM-e1683779487708.png 1439w, https:\/\/coinkickoff.com\/wp-content\/uploads\/Screen-Shot-2023-03-29-at-10.39.23-PM-e1683779487708-300x159.png 300w, https:\/\/coinkickoff.com\/wp-content\/uploads\/Screen-Shot-2023-03-29-at-10.39.23-PM-e1683779487708-1024x543.png 1024w, https:\/\/coinkickoff.com\/wp-content\/uploads\/Screen-Shot-2023-03-29-at-10.39.23-PM-e1683779487708-768x407.png 768w, https:\/\/coinkickoff.com\/wp-content\/uploads\/Screen-Shot-2023-03-29-at-10.39.23-PM-e1683779487708-18x10.png 18w\" sizes=\"auto, (max-width: 1439px) 100vw, 1439px\" \/><\/p>\n<p><span style=\"font-weight: 400;\">Ver\u00e1 una vista previa detallada de su pedido, incluidas las tarifas de Coinbase. Revise su pedido y haga clic en \"Comprar ahora\". Enhorabuena, \u00a1ya ha terminado!\u00a0\u00a0<\/span><\/p>","protected":false},"excerpt":{"rendered":"<p>C\u00f3mo comprar Dogecoin en Coinbase Dogecoin, o DOGE como se le llama, es un famoso meme coin que internet ama y atesora. DOGE alcanz\u00f3 su precio m\u00e1ximo en abril de 2021, durante la mayor racha alcista de criptomonedas de la d\u00e9cada, pero r\u00e1pidamente volvi\u00f3 a su nivel de precio normal en las semanas siguientes. Todav\u00eda sigue siendo una [...]<\/p>","protected":false},"author":3,"featured_media":3527,"parent":3196,"menu_order":0,"comment_status":"closed","ping_status":"closed","template":"","meta":{"_genesis_hide_title":false,"_genesis_hide_breadcrumbs":false,"_genesis_hide_singular_image":false,"_genesis_hide_footer_widgets":false,"_genesis_custom_body_class":"","_genesis_custom_post_class":"","_genesis_layout":"","_glsr_average":0,"_glsr_ranking":0,"_glsr_reviews":0,"footnotes":""},"class_list":{"0":"post-3518","1":"page","2":"type-page","3":"status-publish","4":"has-post-thumbnail","6":"entry"},"featured_image_src":"https:\/\/coinkickoff.com\/wp-content\/uploads\/Screen-Shot-2023-03-30-at-7.13.25-AM-e1686183370122-600x400.png","featured_image_src_square":"https:\/\/coinkickoff.com\/wp-content\/uploads\/Screen-Shot-2023-03-30-at-7.13.25-AM-e1686183370122-600x600.png","_links":{"self":[{"href":"https:\/\/coinkickoff.com\/es_mx\/wp-json\/wp\/v2\/pages\/3518","targetHints":{"allow":["GET"]}}],"collection":[{"href":"https:\/\/coinkickoff.com\/es_mx\/wp-json\/wp\/v2\/pages"}],"about":[{"href":"https:\/\/coinkickoff.com\/es_mx\/wp-json\/wp\/v2\/types\/page"}],"author":[{"embeddable":true,"href":"https:\/\/coinkickoff.com\/es_mx\/wp-json\/wp\/v2\/users\/3"}],"replies":[{"embeddable":true,"href":"https:\/\/coinkickoff.com\/es_mx\/wp-json\/wp\/v2\/comments?post=3518"}],"version-history":[{"count":3,"href":"https:\/\/coinkickoff.com\/es_mx\/wp-json\/wp\/v2\/pages\/3518\/revisions"}],"predecessor-version":[{"id":4491,"href":"https:\/\/coinkickoff.com\/es_mx\/wp-json\/wp\/v2\/pages\/3518\/revisions\/4491"}],"up":[{"embeddable":true,"href":"https:\/\/coinkickoff.com\/es_mx\/wp-json\/wp\/v2\/pages\/3196"}],"wp:featuredmedia":[{"embeddable":true,"href":"https:\/\/coinkickoff.com\/es_mx\/wp-json\/wp\/v2\/media\/3527"}],"wp:attachment":[{"href":"https:\/\/coinkickoff.com\/es_mx\/wp-json\/wp\/v2\/media?parent=3518"}],"curies":[{"name":"wp","href":"https:\/\/api.w.org\/{rel}","templated":true}]}}