{"id":3424,"date":"2026-01-08T14:07:30","date_gmt":"2026-01-08T14:07:30","guid":{"rendered":"https:\/\/coinkickoff.com\/?page_id=3424"},"modified":"2026-01-08T14:07:30","modified_gmt":"2026-01-08T14:07:30","slug":"how-to-buy-dogecoin-on-mexc","status":"publish","type":"page","link":"https:\/\/coinkickoff.com\/es_mx\/how-to-buy-dogecoin\/how-to-buy-dogecoin-on-mexc\/","title":{"rendered":"C\u00f3mo comprar Dogecoin (DOGE) en MEXC"},"content":{"rendered":"<h2><span style=\"font-weight: 400;\"><img loading=\"lazy\" decoding=\"async\" class=\"alignnone wp-image-155 size-full\" src=\"https:\/\/coinkickoff.com\/wp-content\/uploads\/2022\/06\/Dogecoin-DOGE.jpg\" alt=\"c\u00f3mo comprar dogecoin\" width=\"1000\" height=\"800\" srcset=\"https:\/\/coinkickoff.com\/wp-content\/uploads\/2022\/06\/Dogecoin-DOGE.jpg 1000w, https:\/\/coinkickoff.com\/wp-content\/uploads\/2022\/06\/Dogecoin-DOGE-300x240.jpg 300w, https:\/\/coinkickoff.com\/wp-content\/uploads\/2022\/06\/Dogecoin-DOGE-768x614.jpg 768w, https:\/\/coinkickoff.com\/wp-content\/uploads\/2022\/06\/Dogecoin-DOGE-15x12.jpg 15w\" sizes=\"auto, (max-width: 1000px) 100vw, 1000px\" \/><\/span><\/h2>\n<div id=\"ez-toc-container\" class=\"ez-toc-v2_0_80 counter-hierarchy ez-toc-counter ez-toc-transparent ez-toc-container-direction\">\n<div class=\"ez-toc-title-container\">\n<p class=\"ez-toc-title\" style=\"cursor:inherit\">Secciones<\/p>\n<span class=\"ez-toc-title-toggle\"><a href=\"#\" class=\"ez-toc-pull-right ez-toc-btn ez-toc-btn-xs ez-toc-btn-default ez-toc-toggle\" aria-label=\"Tabla de contenidos\"><span class=\"ez-toc-js-icon-con\"><span class=\"\"><span class=\"eztoc-hide\" style=\"display:none;\">Toggle<\/span><span class=\"ez-toc-icon-toggle-span\"><svg style=\"fill: #999;color:#999\" xmlns=\"http:\/\/www.w3.org\/2000\/svg\" class=\"list-377408\" width=\"20px\" height=\"20px\" viewbox=\"0 0 24 24\" fill=\"none\"><path d=\"M6 6H4v2h2V6zm14 0H8v2h12V6zM4 11h2v2H4v-2zm16 0H8v2h12v-2zM4 16h2v2H4v-2zm16 0H8v2h12v-2z\" fill=\"currentColor\"><\/path><\/svg><svg style=\"fill: #999;color:#999\" class=\"arrow-unsorted-368013\" xmlns=\"http:\/\/www.w3.org\/2000\/svg\" width=\"10px\" height=\"10px\" viewbox=\"0 0 24 24\" version=\"1.2\" baseprofile=\"tiny\"><path d=\"M18.2 9.3l-6.2-6.3-6.2 6.3c-.2.2-.3.4-.3.7s.1.5.3.7c.2.2.4.3.7.3h11c.3 0 .5-.1.7-.3.2-.2.3-.5.3-.7s-.1-.5-.3-.7zM5.8 14.7l6.2 6.3 6.2-6.3c.2-.2.3-.5.3-.7s-.1-.5-.3-.7c-.2-.2-.4-.3-.7-.3h-11c-.3 0-.5.1-.7.3-.2.2-.3.5-.3.7s.1.5.3.7z\"\/><\/svg><\/span><\/span><\/span><\/a><\/span><\/div>\n<nav><ul class='ez-toc-list ez-toc-list-level-1 eztoc-toggle-hide-by-default' ><li class='ez-toc-page-1 ez-toc-heading-level-2'><a class=\"ez-toc-link ez-toc-heading-1\" href=\"https:\/\/coinkickoff.com\/es_mx\/how-to-buy-dogecoin\/how-to-buy-dogecoin-on-mexc\/#How_to_Buy_Dogecoin_on_MEXC\" >C\u00f3mo comprar Dogecoin en MEXC<\/a><\/li><li class='ez-toc-page-1 ez-toc-heading-level-2'><a class=\"ez-toc-link ez-toc-heading-2\" href=\"https:\/\/coinkickoff.com\/es_mx\/how-to-buy-dogecoin\/how-to-buy-dogecoin-on-mexc\/#A_Step-By-Step_Guide_on_How_to_Buy_Dogecoin_on_MEXC\" >Gu\u00eda paso a paso para comprar Dogecoin en MEXC<\/a><ul class='ez-toc-list-level-3' ><li class='ez-toc-heading-level-3'><a class=\"ez-toc-link ez-toc-heading-3\" href=\"https:\/\/coinkickoff.com\/es_mx\/how-to-buy-dogecoin\/how-to-buy-dogecoin-on-mexc\/#1_Register_an_Account\" >1. Registrar una cuenta<\/a><\/li><li class='ez-toc-page-1 ez-toc-heading-level-3'><a class=\"ez-toc-link ez-toc-heading-4\" href=\"https:\/\/coinkickoff.com\/es_mx\/how-to-buy-dogecoin\/how-to-buy-dogecoin-on-mexc\/#2_Verify_Your_Account\" >2. Verifique su cuenta<\/a><\/li><li class='ez-toc-page-1 ez-toc-heading-level-3'><a class=\"ez-toc-link ez-toc-heading-5\" href=\"https:\/\/coinkickoff.com\/es_mx\/how-to-buy-dogecoin\/how-to-buy-dogecoin-on-mexc\/#3_Buy_Crypto\" >3. Comprar criptomonedas<\/a><\/li><li class='ez-toc-page-1 ez-toc-heading-level-3'><a class=\"ez-toc-link ez-toc-heading-6\" href=\"https:\/\/coinkickoff.com\/es_mx\/how-to-buy-dogecoin\/how-to-buy-dogecoin-on-mexc\/#4_Trade_USDT_for_DOGE\" >4. Cambiar USDT por DOGE<\/a><\/li><\/ul><\/li><\/ul><\/nav><\/div>\n<h2><span class=\"ez-toc-section\" id=\"How_to_Buy_Dogecoin_on_MEXC\"><\/span><span style=\"font-weight: 400;\">C\u00f3mo comprar Dogecoin en MEXC<\/span><span class=\"ez-toc-section-end\"><\/span><\/h2>\n<p><span style=\"font-weight: 400;\"><a href=\"https:\/\/coinkickoff.com\/es_mx\/dogecoin-doge\/\" data-internallinksmanager029f6b8e52c=\"14\" title=\"\u00bfQu\u00e9 es Dogecoin (DOGE)? \u00bfC\u00f3mo funciona y d\u00f3nde comprarlo?\">Dogecoin<\/a>aunque es una criptomoneda famosa, no es realmente como <a href=\"https:\/\/coinkickoff.com\/es_mx\/ethereum-eth\/\" data-internallinksmanager029f6b8e52c=\"2\" title=\"\u00bfQu\u00e9 es Ethereum (ETH)? Precio, historia y d\u00f3nde comprarlo\">Ethereum<\/a> o <a href=\"https:\/\/coinkickoff.com\/es_mx\/bitcoin-btc\/\" data-internallinksmanager029f6b8e52c=\"1\" title=\"\u00bfQu\u00e9 es Bitcoin (BTC)? Precio, historia y d\u00f3nde comprarlo\">Bitcoin<\/a>. Este conocido meme coin es bastante in\u00fatil por dise\u00f1o, ya que fue lanzado por primera vez como una broma. Sin embargo, ahora es bastante omnipresente, sobre todo gracias a Reddit y Elon Musk, y se puede encontrar en casi todos los intercambios, incluyendo <a href=\"https:\/\/coinkickoff.com\/es_mx\/mexc-global-review\/\">MEXC<\/a>.<\/span><\/p>\n<p><span style=\"font-weight: 400;\">Si quieres participar en la broma comprando Dogecoin pero no sabes por d\u00f3nde empezar, est\u00e1s en el lugar adecuado. Aqu\u00ed tienes una gu\u00eda paso a paso sobre c\u00f3mo comprar Dogecoin en la red. <a href=\"https:\/\/coinkickoff.com\/es_mx\/mexc-global-review\/\" data-internallinksmanager029f6b8e52c=\"154\" title=\"An\u00e1lisis de MEXC Global 2023: Tarifas, Caracter\u00edsticas, Seguridad, Pros y Contras\">MEXC<\/a> intercambio.<\/span><\/p>\n<h2><span class=\"ez-toc-section\" id=\"A_Step-By-Step_Guide_on_How_to_Buy_Dogecoin_on_MEXC\"><\/span><span style=\"font-weight: 400;\">Gu\u00eda paso a paso para comprar Dogecoin en MEXC<\/span><span class=\"ez-toc-section-end\"><\/span><\/h2>\n<h3><span class=\"ez-toc-section\" id=\"1_Register_an_Account\"><\/span><span style=\"font-weight: 400;\">1. Registrar una cuenta<\/span><span class=\"ez-toc-section-end\"><\/span><\/h3>\n<p><img loading=\"lazy\" decoding=\"async\" class=\"alignnone wp-image-3441 size-full\" src=\"https:\/\/coinkickoff.com\/wp-content\/uploads\/mexc-register.png\" alt=\"como comprar dogecoin en mexc\" width=\"1328\" height=\"783\" srcset=\"https:\/\/coinkickoff.com\/wp-content\/uploads\/mexc-register.png 1328w, https:\/\/coinkickoff.com\/wp-content\/uploads\/mexc-register-300x177.png 300w, https:\/\/coinkickoff.com\/wp-content\/uploads\/mexc-register-1024x604.png 1024w, https:\/\/coinkickoff.com\/wp-content\/uploads\/mexc-register-768x453.png 768w, https:\/\/coinkickoff.com\/wp-content\/uploads\/mexc-register-18x12.png 18w\" sizes=\"auto, (max-width: 1328px) 100vw, 1328px\" \/><\/p>\n<p><span style=\"font-weight: 400;\">En primer lugar, cree una cuenta MEXC visitando la p\u00e1gina <a href=\"https:\/\/www.mexc.com\/en-US\/register?inviteCode=mexc-1WwwX\" target=\"_blank\" rel=\"noopener\">Sitio web de MEXC<\/a> y haciendo clic en \"Inscribirse\". <\/span><\/p>\n<p><span style=\"font-weight: 400;\">Puedes registrarte con tu n\u00famero de m\u00f3vil o tu correo electr\u00f3nico. Recibir\u00e1s un c\u00f3digo de verificaci\u00f3n en tu direcci\u00f3n de correo electr\u00f3nico. Utiliza el c\u00f3digo para acceder a tu cuenta.\u00a0\u00a0<\/span><\/p>\n<h3><span class=\"ez-toc-section\" id=\"2_Verify_Your_Account\"><\/span><span style=\"font-weight: 400;\">2. Verifique su cuenta<\/span><span class=\"ez-toc-section-end\"><\/span><\/h3>\n<p><span style=\"font-weight: 400;\">No tienes que completar la verificaci\u00f3n de identidad para operar en MEXC, pero la necesitas para operar con fiat. Si ya tienes activos digitales que puedes enviar a tu monedero MEXC, puedes saltarte este paso.<\/span><\/p>\n<p><span style=\"font-weight: 400;\">Alternativamente, puede omitir este paso si desea utilizar proveedores de terceros como Banxa, Moonpay, o Mercuyo para comprar cripto. Tienen sus propios procesos de verificaci\u00f3n de identidad.<\/span><\/p>\n<p><span style=\"font-weight: 400;\">Si completas la verificaci\u00f3n de identidad, puedes comprar cripto a trav\u00e9s de una cuenta bancaria, tarjeta de cr\u00e9dito y otros medios. Para ello, haz clic en el s\u00edmbolo del perfil en la esquina superior derecha del tablero y selecciona \"Perfil.\"<\/span><\/p>\n<p><span style=\"font-weight: 400;\">En la p\u00e1gina Perfil, seleccione \"Identificaci\u00f3n\" y haga clic en \"CSC principal\".<\/span><\/p>\n<p><img loading=\"lazy\" decoding=\"async\" class=\"alignnone wp-image-3439 size-full\" src=\"https:\/\/coinkickoff.com\/wp-content\/uploads\/mexc-id.png\" alt=\"\" width=\"1436\" height=\"810\" srcset=\"https:\/\/coinkickoff.com\/wp-content\/uploads\/mexc-id.png 1436w, https:\/\/coinkickoff.com\/wp-content\/uploads\/mexc-id-300x169.png 300w, https:\/\/coinkickoff.com\/wp-content\/uploads\/mexc-id-1024x578.png 1024w, https:\/\/coinkickoff.com\/wp-content\/uploads\/mexc-id-768x433.png 768w, https:\/\/coinkickoff.com\/wp-content\/uploads\/mexc-id-18x10.png 18w, https:\/\/coinkickoff.com\/wp-content\/uploads\/mexc-id-600x338.png 600w\" sizes=\"auto, (max-width: 1436px) 100vw, 1436px\" \/><\/p>\n<p><span style=\"font-weight: 400;\">Se le redirigir\u00e1 a la p\u00e1gina KYC, donde podr\u00e1 optar por <\/span><i><span style=\"font-weight: 400;\">CSC primario<\/span><\/i><span style=\"font-weight: 400;\"> o <\/span><i><span style=\"font-weight: 400;\">CSC avanzado<\/span><\/i><span style=\"font-weight: 400;\">. Para la mayor\u00eda de los dep\u00f3sitos en moneda fiduciaria es necesario un procedimiento avanzado de CSC.<\/span><\/p>\n<p><img loading=\"lazy\" decoding=\"async\" class=\"alignnone wp-image-3440 size-full\" src=\"https:\/\/coinkickoff.com\/wp-content\/uploads\/mexc-id2.png\" alt=\"\" width=\"1436\" height=\"582\" srcset=\"https:\/\/coinkickoff.com\/wp-content\/uploads\/mexc-id2.png 1436w, https:\/\/coinkickoff.com\/wp-content\/uploads\/mexc-id2-300x122.png 300w, https:\/\/coinkickoff.com\/wp-content\/uploads\/mexc-id2-1024x415.png 1024w, https:\/\/coinkickoff.com\/wp-content\/uploads\/mexc-id2-768x311.png 768w, https:\/\/coinkickoff.com\/wp-content\/uploads\/mexc-id2-18x7.png 18w\" sizes=\"auto, (max-width: 1436px) 100vw, 1436px\" \/><\/p>\n<p><span style=\"font-weight: 400;\">Haz clic en \"Verificar\" para iniciar el proceso de verificaci\u00f3n. Sube los documentos necesarios y listo.<\/span><\/p>\n<h3><span class=\"ez-toc-section\" id=\"3_Buy_Crypto\"><\/span><span style=\"font-weight: 400;\">3. Comprar criptomonedas<\/span><span class=\"ez-toc-section-end\"><\/span><\/h3>\n<p><span style=\"font-weight: 400;\">Haga clic en \"Comprar Crypto\" en la esquina superior izquierda. En la nueva p\u00e1gina, elija una de las opciones disponibles. Si completa la verificaci\u00f3n de identidad, puede utilizar tarjetas de cr\u00e9dito\/d\u00e9bito, transferencias bancarias, pagos Express y el mercado P2P para comprar cripto. Si no, selecciona \"Terceros\" de la lista.<\/span><\/p>\n<p><img loading=\"lazy\" decoding=\"async\" class=\"alignnone wp-image-3438 size-full\" src=\"https:\/\/coinkickoff.com\/wp-content\/uploads\/mexc-buy-payment.png\" alt=\"\" width=\"1403\" height=\"778\" srcset=\"https:\/\/coinkickoff.com\/wp-content\/uploads\/mexc-buy-payment.png 1403w, https:\/\/coinkickoff.com\/wp-content\/uploads\/mexc-buy-payment-300x166.png 300w, https:\/\/coinkickoff.com\/wp-content\/uploads\/mexc-buy-payment-1024x568.png 1024w, https:\/\/coinkickoff.com\/wp-content\/uploads\/mexc-buy-payment-768x426.png 768w, https:\/\/coinkickoff.com\/wp-content\/uploads\/mexc-buy-payment-18x10.png 18w\" sizes=\"auto, (max-width: 1403px) 100vw, 1403px\" \/><\/p>\n<p><span style=\"font-weight: 400;\">Introduzca la cantidad que desea gastar y seleccione la criptomoneda que desea comprar. Desafortunadamente, no puedes comprar DOGE con dinero en efectivo, por lo que primero debes comprar otro coin, como por ejemplo <a href=\"https:\/\/coinkickoff.com\/es_mx\/tether-usdt\/\" data-internallinksmanager029f6b8e52c=\"3\" title=\"\u00bfQu\u00e9 es el Tether (USDT)? \u00bfC\u00f3mo funciona y d\u00f3nde comprarlo?\">USDT<\/a> o <a href=\"https:\/\/coinkickoff.com\/es_mx\/usd-coin-usdc\/\" data-internallinksmanager029f6b8e52c=\"8\" title=\"\u00bfQu\u00e9 es el USD Coin (USDC)? \u00bfC\u00f3mo funciona y d\u00f3nde comprarlo?\">USDC<\/a>y luego cambiarlo por el DOGE.<\/span><\/p>\n<p><span style=\"font-weight: 400;\">Una vez introducido el importe que desea comprar, debe elegir un canal de pago. MEXC ofrece un buen n\u00famero de opciones de terceros entre las que elegir y te sugiere que utilices la opci\u00f3n m\u00e1s barata.<\/span><\/p>\n<p><span style=\"font-weight: 400;\">Revisa los detalles del pago y haz clic en \"Continuar\". Ser\u00e1s redirigido a la p\u00e1gina del canal de pago para confirmar tu pedido. Revisa la informaci\u00f3n y haz clic en \"Comprar\".<\/span><\/p>\n<p><img loading=\"lazy\" decoding=\"async\" class=\"alignnone wp-image-3436 size-full\" src=\"https:\/\/coinkickoff.com\/wp-content\/uploads\/mercuryo-mexc1u.png\" alt=\"\" width=\"1360\" height=\"791\" srcset=\"https:\/\/coinkickoff.com\/wp-content\/uploads\/mercuryo-mexc1u.png 1360w, https:\/\/coinkickoff.com\/wp-content\/uploads\/mercuryo-mexc1u-300x174.png 300w, https:\/\/coinkickoff.com\/wp-content\/uploads\/mercuryo-mexc1u-1024x596.png 1024w, https:\/\/coinkickoff.com\/wp-content\/uploads\/mercuryo-mexc1u-768x447.png 768w, https:\/\/coinkickoff.com\/wp-content\/uploads\/mercuryo-mexc1u-18x10.png 18w\" sizes=\"auto, (max-width: 1360px) 100vw, 1360px\" \/><\/p>\n<p><img loading=\"lazy\" decoding=\"async\" class=\"alignnone wp-image-3435 size-full\" src=\"https:\/\/coinkickoff.com\/wp-content\/uploads\/mercuryo-mexc.png\" alt=\"\" width=\"1407\" height=\"796\" srcset=\"https:\/\/coinkickoff.com\/wp-content\/uploads\/mercuryo-mexc.png 1407w, https:\/\/coinkickoff.com\/wp-content\/uploads\/mercuryo-mexc-300x170.png 300w, https:\/\/coinkickoff.com\/wp-content\/uploads\/mercuryo-mexc-1024x579.png 1024w, https:\/\/coinkickoff.com\/wp-content\/uploads\/mercuryo-mexc-768x434.png 768w, https:\/\/coinkickoff.com\/wp-content\/uploads\/mercuryo-mexc-18x10.png 18w, https:\/\/coinkickoff.com\/wp-content\/uploads\/mercuryo-mexc-600x338.png 600w\" sizes=\"auto, (max-width: 1407px) 100vw, 1407px\" \/><\/p>\n<p><span style=\"font-weight: 400;\">En este punto, debe introducir su correo electr\u00f3nico en el canal de pago. Si no tienes una cuenta con el proveedor, se te redirigir\u00e1 para que abras una cuenta.<\/span><\/p>\n<h3><span class=\"ez-toc-section\" id=\"4_Trade_USDT_for_DOGE\"><\/span><span style=\"font-weight: 400;\">4. Cambiar USDT por DOGE<\/span><span class=\"ez-toc-section-end\"><\/span><\/h3>\n<p><span style=\"font-weight: 400;\">Una vez que compres un coin estable como el USDT, puedes cambiarlo por DOGE en MEXC. En el tablero, haz clic en \"Intercambiar\". En la esquina izquierda de la nueva pantalla, busca DOGE.<\/span><\/p>\n<p><img loading=\"lazy\" decoding=\"async\" class=\"alignnone wp-image-3443 size-full\" src=\"https:\/\/coinkickoff.com\/wp-content\/uploads\/mexctrade1.png\" alt=\"\" width=\"1436\" height=\"736\" srcset=\"https:\/\/coinkickoff.com\/wp-content\/uploads\/mexctrade1.png 1436w, https:\/\/coinkickoff.com\/wp-content\/uploads\/mexctrade1-300x154.png 300w, https:\/\/coinkickoff.com\/wp-content\/uploads\/mexctrade1-1024x525.png 1024w, https:\/\/coinkickoff.com\/wp-content\/uploads\/mexctrade1-768x394.png 768w, https:\/\/coinkickoff.com\/wp-content\/uploads\/mexctrade1-18x9.png 18w\" sizes=\"auto, (max-width: 1436px) 100vw, 1436px\" \/><\/p>\n<p><span style=\"font-weight: 400;\">Entre los resultados, elija DOGE\/USDT para negociar entre dos activos.<\/span><\/p>\n<p><img loading=\"lazy\" decoding=\"async\" class=\"alignnone wp-image-3442 size-full\" src=\"https:\/\/coinkickoff.com\/wp-content\/uploads\/mexc-trade-2.png\" alt=\"\" width=\"1392\" height=\"748\" srcset=\"https:\/\/coinkickoff.com\/wp-content\/uploads\/mexc-trade-2.png 1392w, https:\/\/coinkickoff.com\/wp-content\/uploads\/mexc-trade-2-300x161.png 300w, https:\/\/coinkickoff.com\/wp-content\/uploads\/mexc-trade-2-1024x550.png 1024w, https:\/\/coinkickoff.com\/wp-content\/uploads\/mexc-trade-2-768x413.png 768w, https:\/\/coinkickoff.com\/wp-content\/uploads\/mexc-trade-2-18x10.png 18w\" sizes=\"auto, (max-width: 1392px) 100vw, 1392px\" \/><\/p>\n<p><span style=\"font-weight: 400;\">Ahora s\u00f3lo tienes que introducir la cantidad de DOGE que quieres comprar (o la cantidad de USDT que quieres vender) en la casilla de la parte inferior de la pantalla. Puedes ajustar la cantidad que quieres comprar en esa ventana.<\/span><\/p>\n<p><span style=\"font-weight: 400;\">Cuando est\u00e9 listo para realizar su pedido, haga clic en Comprar DOGE. Ya est\u00e1.<\/span><\/p>\n<p><span style=\"font-weight: 400;\">Para m\u00e1s informaci\u00f3n, consulte nuestros art\u00edculos sobre Dogecoin y la bolsa MEXC.<\/span><\/p>","protected":false},"excerpt":{"rendered":"<p>C\u00f3mo comprar Dogecoin en MEXC Dogecoin, aunque es una criptodivisa famosa, no es realmente como Ethereum o Bitcoin. Este conocido meme coin es bastante in\u00fatil por dise\u00f1o, ya que fue lanzado por primera vez como una broma. Sin embargo, ahora es bastante omnipresente, sobre todo gracias a Reddit y Elon Musk, y se puede encontrar en casi [...]<\/p>","protected":false},"author":3,"featured_media":155,"parent":3196,"menu_order":0,"comment_status":"closed","ping_status":"closed","template":"","meta":{"_genesis_hide_title":false,"_genesis_hide_breadcrumbs":false,"_genesis_hide_singular_image":false,"_genesis_hide_footer_widgets":false,"_genesis_custom_body_class":"","_genesis_custom_post_class":"","_genesis_layout":"","_glsr_average":0,"_glsr_ranking":0,"_glsr_reviews":0,"footnotes":""},"class_list":{"0":"post-3424","1":"page","2":"type-page","3":"status-publish","4":"has-post-thumbnail","6":"entry"},"featured_image_src":"https:\/\/coinkickoff.com\/wp-content\/uploads\/2022\/06\/Dogecoin-DOGE-600x400.jpg","featured_image_src_square":"https:\/\/coinkickoff.com\/wp-content\/uploads\/2022\/06\/Dogecoin-DOGE-600x600.jpg","_links":{"self":[{"href":"https:\/\/coinkickoff.com\/es_mx\/wp-json\/wp\/v2\/pages\/3424","targetHints":{"allow":["GET"]}}],"collection":[{"href":"https:\/\/coinkickoff.com\/es_mx\/wp-json\/wp\/v2\/pages"}],"about":[{"href":"https:\/\/coinkickoff.com\/es_mx\/wp-json\/wp\/v2\/types\/page"}],"author":[{"embeddable":true,"href":"https:\/\/coinkickoff.com\/es_mx\/wp-json\/wp\/v2\/users\/3"}],"replies":[{"embeddable":true,"href":"https:\/\/coinkickoff.com\/es_mx\/wp-json\/wp\/v2\/comments?post=3424"}],"version-history":[{"count":3,"href":"https:\/\/coinkickoff.com\/es_mx\/wp-json\/wp\/v2\/pages\/3424\/revisions"}],"predecessor-version":[{"id":4496,"href":"https:\/\/coinkickoff.com\/es_mx\/wp-json\/wp\/v2\/pages\/3424\/revisions\/4496"}],"up":[{"embeddable":true,"href":"https:\/\/coinkickoff.com\/es_mx\/wp-json\/wp\/v2\/pages\/3196"}],"wp:featuredmedia":[{"embeddable":true,"href":"https:\/\/coinkickoff.com\/es_mx\/wp-json\/wp\/v2\/media\/155"}],"wp:attachment":[{"href":"https:\/\/coinkickoff.com\/es_mx\/wp-json\/wp\/v2\/media?parent=3424"}],"curies":[{"name":"wp","href":"https:\/\/api.w.org\/{rel}","templated":true}]}}