{"id":3404,"date":"2026-01-08T14:07:29","date_gmt":"2026-01-08T14:07:29","guid":{"rendered":"https:\/\/coinkickoff.com\/?page_id=3404"},"modified":"2026-01-08T14:07:29","modified_gmt":"2026-01-08T14:07:29","slug":"how-to-buy-dogecoin-on-kraken","status":"publish","type":"page","link":"https:\/\/coinkickoff.com\/es_mx\/how-to-buy-dogecoin\/how-to-buy-dogecoin-on-kraken\/","title":{"rendered":"C\u00f3mo comprar Dogecoin (DOGE) en Kraken"},"content":{"rendered":"<div id=\"ez-toc-container\" class=\"ez-toc-v2_0_80 counter-hierarchy ez-toc-counter ez-toc-transparent ez-toc-container-direction\">\n<div class=\"ez-toc-title-container\">\n<p class=\"ez-toc-title\" style=\"cursor:inherit\">Secciones<\/p>\n<span class=\"ez-toc-title-toggle\"><a href=\"#\" class=\"ez-toc-pull-right ez-toc-btn ez-toc-btn-xs ez-toc-btn-default ez-toc-toggle\" aria-label=\"Tabla de contenidos\"><span class=\"ez-toc-js-icon-con\"><span class=\"\"><span class=\"eztoc-hide\" style=\"display:none;\">Toggle<\/span><span class=\"ez-toc-icon-toggle-span\"><svg style=\"fill: #999;color:#999\" xmlns=\"http:\/\/www.w3.org\/2000\/svg\" class=\"list-377408\" width=\"20px\" height=\"20px\" viewbox=\"0 0 24 24\" fill=\"none\"><path d=\"M6 6H4v2h2V6zm14 0H8v2h12V6zM4 11h2v2H4v-2zm16 0H8v2h12v-2zM4 16h2v2H4v-2zm16 0H8v2h12v-2z\" fill=\"currentColor\"><\/path><\/svg><svg style=\"fill: #999;color:#999\" class=\"arrow-unsorted-368013\" xmlns=\"http:\/\/www.w3.org\/2000\/svg\" width=\"10px\" height=\"10px\" viewbox=\"0 0 24 24\" version=\"1.2\" baseprofile=\"tiny\"><path d=\"M18.2 9.3l-6.2-6.3-6.2 6.3c-.2.2-.3.4-.3.7s.1.5.3.7c.2.2.4.3.7.3h11c.3 0 .5-.1.7-.3.2-.2.3-.5.3-.7s-.1-.5-.3-.7zM5.8 14.7l6.2 6.3 6.2-6.3c.2-.2.3-.5.3-.7s-.1-.5-.3-.7c-.2-.2-.4-.3-.7-.3h-11c-.3 0-.5.1-.7.3-.2.2-.3.5-.3.7s.1.5.3.7z\"\/><\/svg><\/span><\/span><\/span><\/a><\/span><\/div>\n<nav><ul class='ez-toc-list ez-toc-list-level-1 eztoc-toggle-hide-by-default' ><li class='ez-toc-page-1 ez-toc-heading-level-2'><a class=\"ez-toc-link ez-toc-heading-1\" href=\"https:\/\/coinkickoff.com\/es_mx\/how-to-buy-dogecoin\/how-to-buy-dogecoin-on-kraken\/#How_to_Buy_Dogecoin_on_Kraken\" >C\u00f3mo comprar Dogecoin en Kraken<\/a><\/li><li class='ez-toc-page-1 ez-toc-heading-level-2'><a class=\"ez-toc-link ez-toc-heading-2\" href=\"https:\/\/coinkickoff.com\/es_mx\/how-to-buy-dogecoin\/how-to-buy-dogecoin-on-kraken\/#A_Step-By-Step_Guide_on_How_to_Buy_Dogecoin_on_Kraken\" >Gu\u00eda paso a paso para comprar Dogecoin en Kraken<\/a><ul class='ez-toc-list-level-3' ><li class='ez-toc-heading-level-3'><a class=\"ez-toc-link ez-toc-heading-3\" href=\"https:\/\/coinkickoff.com\/es_mx\/how-to-buy-dogecoin\/how-to-buy-dogecoin-on-kraken\/#1_Register_an_Account_on_Kraken\" >1. Registrar una cuenta en Kraken<\/a><\/li><li class='ez-toc-page-1 ez-toc-heading-level-3'><a class=\"ez-toc-link ez-toc-heading-4\" href=\"https:\/\/coinkickoff.com\/es_mx\/how-to-buy-dogecoin\/how-to-buy-dogecoin-on-kraken\/#2_Verify_Your_Account\" >2. Verifique su cuenta<\/a><\/li><li class='ez-toc-page-1 ez-toc-heading-level-3'><a class=\"ez-toc-link ez-toc-heading-5\" href=\"https:\/\/coinkickoff.com\/es_mx\/how-to-buy-dogecoin\/how-to-buy-dogecoin-on-kraken\/#3_Deposit_FundsCrypto\" >3. Depositar Fondos\/Cripto<\/a><\/li><li class='ez-toc-page-1 ez-toc-heading-level-3'><a class=\"ez-toc-link ez-toc-heading-6\" href=\"https:\/\/coinkickoff.com\/es_mx\/how-to-buy-dogecoin\/how-to-buy-dogecoin-on-kraken\/#4_Navigate_to_the_Relevant_Screen_to_Buy\" >4. Navegue hasta la pantalla correspondiente para comprar<\/a><\/li><\/ul><\/li><\/ul><\/nav><\/div>\n<h2><span class=\"ez-toc-section\" id=\"How_to_Buy_Dogecoin_on_Kraken\"><\/span><span style=\"font-weight: 400;\">C\u00f3mo comprar Dogecoin en Kraken<\/span><span class=\"ez-toc-section-end\"><\/span><\/h2>\n<p><span style=\"font-weight: 400;\"><a href=\"https:\/\/coinkickoff.com\/es_mx\/dogecoin-doge\/\" data-internallinksmanager029f6b8e52c=\"14\" title=\"\u00bfQu\u00e9 es Dogecoin (DOGE)? \u00bfC\u00f3mo funciona y d\u00f3nde comprarlo?\">Dogecoin<\/a> (DOGE) es una de las mayores criptomonedas por capitalizaci\u00f3n burs\u00e1til, a pesar de ser el primer meme coin del mundo, o quiz\u00e1 debido a ello. La token se lanz\u00f3 principalmente como una broma, inspirada en el \"meme doge\", pero r\u00e1pidamente gan\u00f3 popularidad gracias a internet y las redes sociales.<\/span><\/p>\n<p><span style=\"font-weight: 400;\">Si desea comprar <a href=\"https:\/\/coinkickoff.com\/es_mx\/dogecoin-doge\/\">Dogecoin<\/a> en <a href=\"https:\/\/coinkickoff.com\/es_mx\/kraken-review\/\">Kraken<\/a> pero no est\u00e1 seguro de c\u00f3mo, est\u00e1 en el lugar adecuado. Aqu\u00ed tienes un desglose paso a paso de c\u00f3mo comprar Dogecoin en <a href=\"https:\/\/coinkickoff.com\/es_mx\/kraken-review\/\" data-internallinksmanager029f6b8e52c=\"171\" title=\"Kraken Comentarios 2023: Tarifas, Caracter\u00edsticas, Seguridad, Pros y Contras\">Kraken<\/a>.<\/span><\/p>\n<h2><span class=\"ez-toc-section\" id=\"A_Step-By-Step_Guide_on_How_to_Buy_Dogecoin_on_Kraken\"><\/span><span style=\"font-weight: 400;\">Gu\u00eda paso a paso para comprar Dogecoin en Kraken<\/span><span class=\"ez-toc-section-end\"><\/span><\/h2>\n<h3><span class=\"ez-toc-section\" id=\"1_Register_an_Account_on_Kraken\"><\/span><span style=\"font-weight: 400;\">1. Registrar una cuenta en Kraken<\/span><span class=\"ez-toc-section-end\"><\/span><\/h3>\n<p><img loading=\"lazy\" decoding=\"async\" class=\"alignnone wp-image-3406 size-full\" src=\"https:\/\/coinkickoff.com\/wp-content\/uploads\/kraken1-e1682502957481.png\" alt=\"c\u00f3mo comprar Dogecoin en Kraken\" width=\"1339\" height=\"763\" srcset=\"https:\/\/coinkickoff.com\/wp-content\/uploads\/kraken1-e1682502957481.png 1339w, https:\/\/coinkickoff.com\/wp-content\/uploads\/kraken1-e1682502957481-300x171.png 300w, https:\/\/coinkickoff.com\/wp-content\/uploads\/kraken1-e1682502957481-1024x584.png 1024w, https:\/\/coinkickoff.com\/wp-content\/uploads\/kraken1-e1682502957481-768x438.png 768w, https:\/\/coinkickoff.com\/wp-content\/uploads\/kraken1-e1682502957481-18x10.png 18w\" sizes=\"auto, (max-width: 1339px) 100vw, 1339px\" \/> I<span style=\"font-weight: 400;\">i a\u00fan no tiene una cuenta en Kraken, visite <a href=\"https:\/\/kraken.pxf.io\/B0Rny4\" rel=\"nofollow noopener\" target=\"_blank\">Sitio web oficial de Kraken<\/a> y haga clic en \"Crear una cuenta\". Introduzca su direcci\u00f3n de correo electr\u00f3nico, nombre de usuario y una contrase\u00f1a segura con caracteres num\u00e9ricos y especiales. Seleccione su pa\u00eds y estado de residencia y cree su cuenta.\u00a0<\/span><\/p>\n<p><span style=\"font-weight: 400;\">Kraken le enviar\u00e1 un correo electr\u00f3nico de verificaci\u00f3n y un enlace de activaci\u00f3n de cuenta. Siga el enlace para iniciar sesi\u00f3n en su cuenta.<\/span><\/p>\n<h3><span class=\"ez-toc-section\" id=\"2_Verify_Your_Account\"><\/span><span style=\"font-weight: 400;\">2. Verifique su cuenta<\/span><span class=\"ez-toc-section-end\"><\/span><\/h3>\n<p><span style=\"font-weight: 400;\">Para comprar criptomonedas en Kraken, debes cumplir con sus requisitos KYC y proporcionar algunos datos personales y una prueba de identidad. Por lo tanto, el segundo paso es verificar tu identidad.<\/span><\/p>\n<p><span style=\"font-weight: 400;\">Algunos intercambios le permiten depositar cripto en su plataforma sin completar la verificaci\u00f3n de ID. Tenga en cuenta que Kraken es <\/span><i><span style=\"font-weight: 400;\">no <\/span><\/i><span style=\"font-weight: 400;\">uno de esos intercambios. <\/span><b>Debe verificar su identidad antes de depositar en la plataforma.<\/b><\/p>\n<p><span style=\"font-weight: 400;\">Kraken le enviar\u00e1 un correo electr\u00f3nico para recordarle que debe verificar su cuenta. Tambi\u00e9n puede hacer clic en el icono \"Comprar\" de la parte izquierda de la p\u00e1gina principal, donde Kraken le pedir\u00e1 inmediatamente que complete la verificaci\u00f3n de ID.<\/span><\/p>\n<p><img loading=\"lazy\" decoding=\"async\" class=\"alignnone wp-image-3407 size-full\" src=\"https:\/\/coinkickoff.com\/wp-content\/uploads\/kraken2-e1682502904796.png\" alt=\"aviso de verificaci\u00f3n de kraken\" width=\"1378\" height=\"770\" \/><\/p>\n<p><span style=\"font-weight: 400;\">Simplemente haga clic en Verificar y ser\u00e1 redirigido a la p\u00e1gina correspondiente. Introduzca su nombre legal, fecha de nacimiento, direcci\u00f3n y n\u00famero de tel\u00e9fono para iniciar el proceso de verificaci\u00f3n. Haz clic en Continuar.<\/span><\/p>\n<p><img loading=\"lazy\" decoding=\"async\" class=\"alignnone wp-image-3408 size-full\" src=\"https:\/\/coinkickoff.com\/wp-content\/uploads\/kraken3-e1682503223180.png\" alt=\"\" width=\"1375\" height=\"777\" srcset=\"https:\/\/coinkickoff.com\/wp-content\/uploads\/kraken3-e1682503223180.png 1375w, https:\/\/coinkickoff.com\/wp-content\/uploads\/kraken3-e1682503223180-300x170.png 300w, https:\/\/coinkickoff.com\/wp-content\/uploads\/kraken3-e1682503223180-1024x579.png 1024w, https:\/\/coinkickoff.com\/wp-content\/uploads\/kraken3-e1682503223180-768x434.png 768w, https:\/\/coinkickoff.com\/wp-content\/uploads\/kraken3-e1682503223180-18x10.png 18w, https:\/\/coinkickoff.com\/wp-content\/uploads\/kraken3-e1682503223180-600x338.png 600w\" sizes=\"auto, (max-width: 1375px) 100vw, 1375px\" \/><\/p>\n<p><span style=\"font-weight: 400;\">En la p\u00e1gina siguiente, se le pedir\u00e1 que proporcione documentos adicionales, incluido un documento de identidad con fotograf\u00eda, como la p\u00e1gina de un pasaporte o un permiso de conducir.<\/span><\/p>\n<h3><span class=\"ez-toc-section\" id=\"3_Deposit_FundsCrypto\"><\/span><span style=\"font-weight: 400;\">3. Depositar Fondos\/Cripto<\/span><span class=\"ez-toc-section-end\"><\/span><\/h3>\n<p><span style=\"font-weight: 400;\">Si ya posee criptomonedas, puede depositar sus coins en Kraken y cambiarlos por DOGE. De lo contrario, simplemente compra DOGE en Kraken con moneda fiduciaria.\u00a0<\/span><\/p>\n<p><span style=\"font-weight: 400;\">Le recomendamos encarecidamente que proteja su cuenta con la autenticaci\u00f3n de dos factores (2FA) antes de a\u00f1adir un m\u00e9todo de pago o realizar dep\u00f3sitos en fiat. 2FA a\u00f1ade una capa adicional de seguridad a su cuenta.<\/span><\/p>\n<p><span style=\"font-weight: 400;\">Para activar la 2FA, haz clic en tu nombre de perfil (arriba a la derecha) y selecciona \"Seguridad\" en el men\u00fa desplegable. Haz clic en \"Configuraci\u00f3n 2FA\" para ajustar la configuraci\u00f3n.<\/span><\/p>\n<p><img loading=\"lazy\" decoding=\"async\" class=\"alignnone wp-image-3409 size-full\" src=\"https:\/\/coinkickoff.com\/wp-content\/uploads\/kraken4-e1682503267822.png\" alt=\"\" width=\"1360\" height=\"795\" srcset=\"https:\/\/coinkickoff.com\/wp-content\/uploads\/kraken4-e1682503267822.png 1360w, https:\/\/coinkickoff.com\/wp-content\/uploads\/kraken4-e1682503267822-300x175.png 300w, https:\/\/coinkickoff.com\/wp-content\/uploads\/kraken4-e1682503267822-1024x599.png 1024w, https:\/\/coinkickoff.com\/wp-content\/uploads\/kraken4-e1682503267822-768x449.png 768w, https:\/\/coinkickoff.com\/wp-content\/uploads\/kraken4-e1682503267822-18x12.png 18w\" sizes=\"auto, (max-width: 1360px) 100vw, 1360px\" \/><\/p>\n<p><span style=\"font-weight: 400;\">Kraken ofrece varias opciones de 2FA. Puedes activar la 2FA para diferentes acciones como iniciar sesi\u00f3n, depositar fondos, operar y retirar dinero.<\/span><\/p>\n<p><span style=\"font-weight: 400;\"><img loading=\"lazy\" decoding=\"async\" class=\"alignnone wp-image-3405 size-full\" src=\"https:\/\/coinkickoff.com\/wp-content\/uploads\/kraken-5-e1682503294785.png\" alt=\"\" width=\"1357\" height=\"770\" srcset=\"https:\/\/coinkickoff.com\/wp-content\/uploads\/kraken-5-e1682503294785.png 1357w, https:\/\/coinkickoff.com\/wp-content\/uploads\/kraken-5-e1682503294785-300x170.png 300w, https:\/\/coinkickoff.com\/wp-content\/uploads\/kraken-5-e1682503294785-1024x581.png 1024w, https:\/\/coinkickoff.com\/wp-content\/uploads\/kraken-5-e1682503294785-768x436.png 768w, https:\/\/coinkickoff.com\/wp-content\/uploads\/kraken-5-e1682503294785-18x10.png 18w\" sizes=\"auto, (max-width: 1357px) 100vw, 1357px\" \/><\/span><\/p>\n<p><span style=\"font-weight: 400;\">Configurar 2FA es bastante f\u00e1cil. Descarga la aplicaci\u00f3n Google Authenticator y escanea el c\u00f3digo QR que aparece en la pantalla. La aplicaci\u00f3n generar\u00e1 un c\u00f3digo que puedes introducir para activar la 2FA.\u00a0<\/span><\/p>\n<p><img loading=\"lazy\" decoding=\"async\" class=\"alignnone wp-image-3410 size-full\" src=\"https:\/\/coinkickoff.com\/wp-content\/uploads\/kraken6-e1682503322525.png\" alt=\"\" width=\"1357\" height=\"791\" \/><\/p>\n<p><span style=\"font-weight: 400;\">Una vez activada la 2FA, debes utilizar la aplicaci\u00f3n Google Authenticator para acceder a tu cuenta. La aplicaci\u00f3n generar\u00e1 una contrase\u00f1a \u00fanica para cada inicio de sesi\u00f3n.<\/span><\/p>\n<p><span style=\"font-weight: 400;\">Despu\u00e9s de habilitar 2FA, est\u00e1s listo para depositar fondos en tu cuenta de Kraken. Hay dos formas de comprar DOGE en Kraken. Puedes a\u00f1adir un m\u00e9todo de pago instant\u00e1neo como una tarjeta de cr\u00e9dito a tu cuenta o vincular tu cuenta bancaria a Kraken para transferir fondos f\u00e1cilmente.<\/span><\/p>\n<p><span style=\"font-weight: 400;\">A\u00f1adir un m\u00e9todo de pago instant\u00e1neo es m\u00e1s r\u00e1pido y sencillo. Simplemente haga clic en \"Comprar Crypto\" en el men\u00fa superior.<\/span><\/p>\n<p><img loading=\"lazy\" decoding=\"async\" class=\"alignnone wp-image-3412 size-full\" src=\"https:\/\/coinkickoff.com\/wp-content\/uploads\/kraken8-e1682503364155.png\" alt=\"\" width=\"1206\" height=\"781\" srcset=\"https:\/\/coinkickoff.com\/wp-content\/uploads\/kraken8-e1682503364155.png 1206w, https:\/\/coinkickoff.com\/wp-content\/uploads\/kraken8-e1682503364155-300x194.png 300w, https:\/\/coinkickoff.com\/wp-content\/uploads\/kraken8-e1682503364155-1024x663.png 1024w, https:\/\/coinkickoff.com\/wp-content\/uploads\/kraken8-e1682503364155-768x497.png 768w, https:\/\/coinkickoff.com\/wp-content\/uploads\/kraken8-e1682503364155-18x12.png 18w\" sizes=\"auto, (max-width: 1206px) 100vw, 1206px\" \/><\/p>\n<p><span style=\"font-weight: 400;\">En la nueva p\u00e1gina, seleccione \"Formas de pago\".<\/span><\/p>\n<p><span style=\"font-weight: 400;\">Haga clic en \"A\u00f1adir m\u00e9todos de pago\". Puede a\u00f1adir un <\/span><a href=\"https:\/\/support.kraken.com\/hc\/en-us\/articles\/360048212832-Visa-and-MasterCard-purchases\" target=\"_blank\" rel=\"noopener\"><span style=\"font-weight: 400;\">Tarjeta de d\u00e9bito\/cr\u00e9dito Visa y Mastercard<\/span><\/a><span style=\"font-weight: 400;\"> o ingrese dinero en efectivo en su cuenta a trav\u00e9s de la banca en l\u00ednea.<\/span><\/p>\n<p><img loading=\"lazy\" decoding=\"async\" class=\"alignnone wp-image-3413 size-full\" src=\"https:\/\/coinkickoff.com\/wp-content\/uploads\/kraken9-e1682503407337.png\" alt=\"\" width=\"1196\" height=\"776\" srcset=\"https:\/\/coinkickoff.com\/wp-content\/uploads\/kraken9-e1682503407337.png 1196w, https:\/\/coinkickoff.com\/wp-content\/uploads\/kraken9-e1682503407337-300x195.png 300w, https:\/\/coinkickoff.com\/wp-content\/uploads\/kraken9-e1682503407337-1024x664.png 1024w, https:\/\/coinkickoff.com\/wp-content\/uploads\/kraken9-e1682503407337-768x498.png 768w, https:\/\/coinkickoff.com\/wp-content\/uploads\/kraken9-e1682503407337-18x12.png 18w\" sizes=\"auto, (max-width: 1196px) 100vw, 1196px\" \/><\/p>\n<p><span style=\"font-weight: 400;\">Haga clic en el m\u00e9todo preferido e introduzca la informaci\u00f3n pertinente.\u00a0<\/span><\/p>\n<p><span style=\"font-weight: 400;\">Las compras con tarjeta de cr\u00e9dito o d\u00e9bito son m\u00e1s r\u00e1pidas, pero suelen ser m\u00e1s caras, ya que los proveedores de tarjetas cobran comisiones adicionales.<\/span><\/p>\n<p><span style=\"font-weight: 400;\">Si selecciona el ingreso en efectivo, puede ingresar fondos en su cuenta a trav\u00e9s de la banca en l\u00ednea. Elija la divisa que desea ingresar y seleccione el m\u00e9todo de ingreso.<\/span><\/p>\n<p><img loading=\"lazy\" decoding=\"async\" class=\"alignnone wp-image-3414 size-full\" src=\"https:\/\/coinkickoff.com\/wp-content\/uploads\/kraken-deposit.png\" alt=\"\" width=\"752\" height=\"298\" srcset=\"https:\/\/coinkickoff.com\/wp-content\/uploads\/kraken-deposit.png 752w, https:\/\/coinkickoff.com\/wp-content\/uploads\/kraken-deposit-300x119.png 300w, https:\/\/coinkickoff.com\/wp-content\/uploads\/kraken-deposit-18x7.png 18w\" sizes=\"auto, (max-width: 752px) 100vw, 752px\" \/> <img loading=\"lazy\" decoding=\"async\" class=\"alignnone wp-image-3415 size-full\" src=\"https:\/\/coinkickoff.com\/wp-content\/uploads\/kraken-deposit-2.png\" alt=\"\" width=\"808\" height=\"547\" srcset=\"https:\/\/coinkickoff.com\/wp-content\/uploads\/kraken-deposit-2.png 808w, https:\/\/coinkickoff.com\/wp-content\/uploads\/kraken-deposit-2-300x203.png 300w, https:\/\/coinkickoff.com\/wp-content\/uploads\/kraken-deposit-2-768x520.png 768w, https:\/\/coinkickoff.com\/wp-content\/uploads\/kraken-deposit-2-18x12.png 18w\" sizes=\"auto, (max-width: 808px) 100vw, 808px\" \/><\/p>\n<p><span style=\"font-weight: 400;\">Lea atentamente todas las instrucciones cuando env\u00ede fondos a su cuenta de Kraken. Es posible que tenga que introducir un c\u00f3digo de referencia para asegurarse de que su dep\u00f3sito llega a Kraken.<\/span><\/p>\n<p><span style=\"font-weight: 400;\">Los fondos deber\u00edan llegar a su cuenta en un par de d\u00edas, pero tenga cuidado con los d\u00edas festivos y otros posibles retrasos. Puede comprobar si sus fondos han llegado haciendo clic en las pesta\u00f1as \"Operaciones\" o \"Fondos\".<\/span><\/p>\n<h3><span class=\"ez-toc-section\" id=\"4_Navigate_to_the_Relevant_Screen_to_Buy\"><\/span><span style=\"font-weight: 400;\">4. Navegue hasta la pantalla correspondiente para comprar<\/span><span class=\"ez-toc-section-end\"><\/span><\/h3>\n<p><span style=\"font-weight: 400;\">Hay dos maneras de comprar DOGE en Kraken. La primera y m\u00e1s f\u00e1cil es utilizar el widget de Compra\/Venta f\u00e1cil. Haga clic en la pesta\u00f1a \"Comprar Crypto\" en el tablero de instrumentos (parte superior central), y seleccione \"Comprar\".<\/span><\/p>\n<p><span style=\"font-weight: 400;\">Seleccione DOGE en el men\u00fa desplegable del widget e introduzca la cantidad que desea gastar. Elige un m\u00e9todo de pago (tarjeta de cr\u00e9dito\/d\u00e9bito o efectivo).<\/span><\/p>\n<p><span style=\"font-weight: 400;\">Kraken muestra cu\u00e1nto DOGE recibir\u00e1 por su dinero y cualquier comisi\u00f3n relevante que se aplique a su compra. Haga clic en confirmar y ya est\u00e1.\u00a0<\/span><\/p>\n<p><span style=\"font-weight: 400;\">Si bien este m\u00e9todo es genial para los usuarios novatos, en realidad hay un m\u00e9todo m\u00e1s barato para comprar DOGE en Kraken.<\/span><\/p>\n<p><img loading=\"lazy\" decoding=\"async\" class=\"alignnone wp-image-3416 size-full\" src=\"https:\/\/coinkickoff.com\/wp-content\/uploads\/kraken-trade1.png\" alt=\"\" width=\"1139\" height=\"206\" srcset=\"https:\/\/coinkickoff.com\/wp-content\/uploads\/kraken-trade1.png 1139w, https:\/\/coinkickoff.com\/wp-content\/uploads\/kraken-trade1-300x54.png 300w, https:\/\/coinkickoff.com\/wp-content\/uploads\/kraken-trade1-1024x185.png 1024w, https:\/\/coinkickoff.com\/wp-content\/uploads\/kraken-trade1-768x139.png 768w, https:\/\/coinkickoff.com\/wp-content\/uploads\/kraken-trade1-18x3.png 18w\" sizes=\"auto, (max-width: 1139px) 100vw, 1139px\" \/><\/p>\n<p><span style=\"font-weight: 400;\">En el panel principal, seleccione \"Comercio\". Haz clic en la pesta\u00f1a \"Nueva orden\" y elige \"Orden simple\".\u00a0<\/span>\u00a0\u00a0<img loading=\"lazy\" decoding=\"async\" class=\"alignnone wp-image-3419 size-full\" src=\"https:\/\/coinkickoff.com\/wp-content\/uploads\/kraken-trade4-e1682504018815.png\" alt=\"\" width=\"1220\" height=\"309\" srcset=\"https:\/\/coinkickoff.com\/wp-content\/uploads\/kraken-trade4-e1682504018815.png 1220w, https:\/\/coinkickoff.com\/wp-content\/uploads\/kraken-trade4-e1682504018815-300x76.png 300w, https:\/\/coinkickoff.com\/wp-content\/uploads\/kraken-trade4-e1682504018815-1024x259.png 1024w, https:\/\/coinkickoff.com\/wp-content\/uploads\/kraken-trade4-e1682504018815-768x195.png 768w, https:\/\/coinkickoff.com\/wp-content\/uploads\/kraken-trade4-e1682504018815-18x5.png 18w\" sizes=\"auto, (max-width: 1220px) 100vw, 1220px\" \/><span style=\"font-weight: 400;\">Ajuste los tipos de moneda en el formulario de pedido. Por ejemplo, puede ajustar la columna de gastos a USD y la columna de compras a DOGE.<\/span><\/p>\n<p><span style=\"font-weight: 400;\">Introduzca la cantidad que desea gastar en la columna de gastos. En la pesta\u00f1a de precio, introduzca el precio al que desea comprar el DOGE. Se le ofrecer\u00e1 autom\u00e1ticamente un precio fijo de mercado, pero tambi\u00e9n puede fijar un precio usted mismo.<\/span><\/p>\n<p><span style=\"font-weight: 400;\">Cuando acepta el precio de mercado ofrecido, est\u00e1 realizando una orden de mercado. Significa simplemente que su orden se cumplir\u00e1 con bastante rapidez porque est\u00e1 aceptando la oferta de otra persona de venderle DOGE al precio que ella fije.\u00a0<\/span><\/p>\n<p><span style=\"font-weight: 400;\">Cuando usted mismo fija un precio, puede tardar un poco m\u00e1s en ejecutarse la venta porque otra persona debe aceptar venderle DOGE a ese precio. Es lo que se conoce como orden limitada.<\/span><\/p>\n<p><span style=\"font-weight: 400;\">Revise su pedido y haga clic en \"Comprar\".<\/span><\/p>\n<p><span style=\"font-weight: 400;\">Puede hacer clic en la pesta\u00f1a de pedidos para ver si la transacci\u00f3n se ha completado. Si el pedido est\u00e1 cerrado, has comprado con \u00e9xito el coin. Si el pedido est\u00e1 abierto, a\u00fan est\u00e1s esperando a que alguien te venda el DOGE.<\/span><\/p>\n<p><span style=\"font-weight: 400;\">Ya est\u00e1. \u00a1Felicidades!\u00a0<\/span><\/p>","protected":false},"excerpt":{"rendered":"<p>C\u00f3mo comprar Dogecoin en Kraken Dogecoin (DOGE) es una de las mayores criptodivisas por capitalizaci\u00f3n de mercado, a pesar de o quiz\u00e1s debido a su condici\u00f3n de primer meme coin del mundo. El token se lanz\u00f3 principalmente como una broma, inspirado en el \"doge meme\", pero r\u00e1pidamente gan\u00f3 popularidad gracias a Internet y las redes sociales. Si [...]<\/p>","protected":false},"author":3,"featured_media":155,"parent":3196,"menu_order":0,"comment_status":"closed","ping_status":"closed","template":"","meta":{"_genesis_hide_title":false,"_genesis_hide_breadcrumbs":false,"_genesis_hide_singular_image":false,"_genesis_hide_footer_widgets":false,"_genesis_custom_body_class":"","_genesis_custom_post_class":"","_genesis_layout":"","_glsr_average":0,"_glsr_ranking":0,"_glsr_reviews":0,"footnotes":""},"class_list":{"0":"post-3404","1":"page","2":"type-page","3":"status-publish","4":"has-post-thumbnail","6":"entry"},"featured_image_src":"https:\/\/coinkickoff.com\/wp-content\/uploads\/2022\/06\/Dogecoin-DOGE-600x400.jpg","featured_image_src_square":"https:\/\/coinkickoff.com\/wp-content\/uploads\/2022\/06\/Dogecoin-DOGE-600x600.jpg","_links":{"self":[{"href":"https:\/\/coinkickoff.com\/es_mx\/wp-json\/wp\/v2\/pages\/3404","targetHints":{"allow":["GET"]}}],"collection":[{"href":"https:\/\/coinkickoff.com\/es_mx\/wp-json\/wp\/v2\/pages"}],"about":[{"href":"https:\/\/coinkickoff.com\/es_mx\/wp-json\/wp\/v2\/types\/page"}],"author":[{"embeddable":true,"href":"https:\/\/coinkickoff.com\/es_mx\/wp-json\/wp\/v2\/users\/3"}],"replies":[{"embeddable":true,"href":"https:\/\/coinkickoff.com\/es_mx\/wp-json\/wp\/v2\/comments?post=3404"}],"version-history":[{"count":3,"href":"https:\/\/coinkickoff.com\/es_mx\/wp-json\/wp\/v2\/pages\/3404\/revisions"}],"predecessor-version":[{"id":4494,"href":"https:\/\/coinkickoff.com\/es_mx\/wp-json\/wp\/v2\/pages\/3404\/revisions\/4494"}],"up":[{"embeddable":true,"href":"https:\/\/coinkickoff.com\/es_mx\/wp-json\/wp\/v2\/pages\/3196"}],"wp:featuredmedia":[{"embeddable":true,"href":"https:\/\/coinkickoff.com\/es_mx\/wp-json\/wp\/v2\/media\/155"}],"wp:attachment":[{"href":"https:\/\/coinkickoff.com\/es_mx\/wp-json\/wp\/v2\/media?parent=3404"}],"curies":[{"name":"wp","href":"https:\/\/api.w.org\/{rel}","templated":true}]}}