{"id":3268,"date":"2026-01-08T14:07:33","date_gmt":"2026-01-08T14:07:33","guid":{"rendered":"https:\/\/coinkickoff.com\/?page_id=3268"},"modified":"2026-01-08T14:07:33","modified_gmt":"2026-01-08T14:07:33","slug":"how-to-buy-dogecoin-on-kucoin","status":"publish","type":"page","link":"https:\/\/coinkickoff.com\/es_mx\/how-to-buy-dogecoin\/how-to-buy-dogecoin-on-kucoin\/","title":{"rendered":"C\u00f3mo comprar Dogecoin (DOGE) en Kucoin"},"content":{"rendered":"<div id=\"ez-toc-container\" class=\"ez-toc-v2_0_80 counter-hierarchy ez-toc-counter ez-toc-transparent ez-toc-container-direction\">\n<div class=\"ez-toc-title-container\">\n<p class=\"ez-toc-title\" style=\"cursor:inherit\">Secciones<\/p>\n<span class=\"ez-toc-title-toggle\"><a href=\"#\" class=\"ez-toc-pull-right ez-toc-btn ez-toc-btn-xs ez-toc-btn-default ez-toc-toggle\" aria-label=\"Tabla de contenidos\"><span class=\"ez-toc-js-icon-con\"><span class=\"\"><span class=\"eztoc-hide\" style=\"display:none;\">Toggle<\/span><span class=\"ez-toc-icon-toggle-span\"><svg style=\"fill: #999;color:#999\" xmlns=\"http:\/\/www.w3.org\/2000\/svg\" class=\"list-377408\" width=\"20px\" height=\"20px\" viewbox=\"0 0 24 24\" fill=\"none\"><path d=\"M6 6H4v2h2V6zm14 0H8v2h12V6zM4 11h2v2H4v-2zm16 0H8v2h12v-2zM4 16h2v2H4v-2zm16 0H8v2h12v-2z\" fill=\"currentColor\"><\/path><\/svg><svg style=\"fill: #999;color:#999\" class=\"arrow-unsorted-368013\" xmlns=\"http:\/\/www.w3.org\/2000\/svg\" width=\"10px\" height=\"10px\" viewbox=\"0 0 24 24\" version=\"1.2\" baseprofile=\"tiny\"><path d=\"M18.2 9.3l-6.2-6.3-6.2 6.3c-.2.2-.3.4-.3.7s.1.5.3.7c.2.2.4.3.7.3h11c.3 0 .5-.1.7-.3.2-.2.3-.5.3-.7s-.1-.5-.3-.7zM5.8 14.7l6.2 6.3 6.2-6.3c.2-.2.3-.5.3-.7s-.1-.5-.3-.7c-.2-.2-.4-.3-.7-.3h-11c-.3 0-.5.1-.7.3-.2.2-.3.5-.3.7s.1.5.3.7z\"\/><\/svg><\/span><\/span><\/span><\/a><\/span><\/div>\n<nav><ul class='ez-toc-list ez-toc-list-level-1 eztoc-toggle-hide-by-default' ><li class='ez-toc-page-1 ez-toc-heading-level-2'><a class=\"ez-toc-link ez-toc-heading-1\" href=\"https:\/\/coinkickoff.com\/es_mx\/how-to-buy-dogecoin\/how-to-buy-dogecoin-on-kucoin\/#How_to_Buy_Dogecoin_on_Kucoin\" >C\u00f3mo comprar Dogecoin en Kucoin<\/a><\/li><li class='ez-toc-page-1 ez-toc-heading-level-2'><a class=\"ez-toc-link ez-toc-heading-2\" href=\"https:\/\/coinkickoff.com\/es_mx\/how-to-buy-dogecoin\/how-to-buy-dogecoin-on-kucoin\/#A_Step-By-Step_Guide_on_How_to_Buy_Dogecoin_on_Kucoin\" >Gu\u00eda paso a paso para comprar Dogecoin en Kucoin<\/a><ul class='ez-toc-list-level-3' ><li class='ez-toc-heading-level-3'><a class=\"ez-toc-link ez-toc-heading-3\" href=\"https:\/\/coinkickoff.com\/es_mx\/how-to-buy-dogecoin\/how-to-buy-dogecoin-on-kucoin\/#1_Register_an_Account\" >1. Registrar una cuenta<\/a><\/li><li class='ez-toc-page-1 ez-toc-heading-level-3'><a class=\"ez-toc-link ez-toc-heading-4\" href=\"https:\/\/coinkickoff.com\/es_mx\/how-to-buy-dogecoin\/how-to-buy-dogecoin-on-kucoin\/#2_Verify_Your_Account\" >2. Verifique su cuenta<\/a><\/li><li class='ez-toc-page-1 ez-toc-heading-level-3'><a class=\"ez-toc-link ez-toc-heading-5\" href=\"https:\/\/coinkickoff.com\/es_mx\/how-to-buy-dogecoin\/how-to-buy-dogecoin-on-kucoin\/#3_Deposit_FundsCrypto\" >3. Depositar Fondos\/Cripto<\/a><\/li><li class='ez-toc-page-1 ez-toc-heading-level-3'><a class=\"ez-toc-link ez-toc-heading-6\" href=\"https:\/\/coinkickoff.com\/es_mx\/how-to-buy-dogecoin\/how-to-buy-dogecoin-on-kucoin\/#4_Navigate_to_the_Relevant_Screen_to_Buy\" >4. Navegue hasta la pantalla correspondiente para comprar<\/a><ul class='ez-toc-list-level-4' ><li class='ez-toc-heading-level-4'><a class=\"ez-toc-link ez-toc-heading-7\" href=\"https:\/\/coinkickoff.com\/es_mx\/how-to-buy-dogecoin\/how-to-buy-dogecoin-on-kucoin\/#Fast_TradeOne-click_Buy\" >Comercio r\u00e1pido\/Compra con un clic<\/a><\/li><li class='ez-toc-page-1 ez-toc-heading-level-4'><a class=\"ez-toc-link ez-toc-heading-8\" href=\"https:\/\/coinkickoff.com\/es_mx\/how-to-buy-dogecoin\/how-to-buy-dogecoin-on-kucoin\/#Third-Party\" >Terceros<\/a><\/li><li class='ez-toc-page-1 ez-toc-heading-level-4'><a class=\"ez-toc-link ez-toc-heading-9\" href=\"https:\/\/coinkickoff.com\/es_mx\/how-to-buy-dogecoin\/how-to-buy-dogecoin-on-kucoin\/#P2P_Market\" >Mercado P2P<\/a><\/li><\/ul><\/li><\/ul><\/li><\/ul><\/nav><\/div>\n<h2><span class=\"ez-toc-section\" id=\"How_to_Buy_Dogecoin_on_Kucoin\"><\/span>C\u00f3mo comprar Dogecoin en Kucoin<span class=\"ez-toc-section-end\"><\/span><\/h2>\n<p><a href=\"https:\/\/coinkickoff.com\/es_mx\/dogecoin-doge\/\"><span style=\"font-weight: 400;\">Dogecoin<\/span><\/a><span style=\"font-weight: 400;\"> es un famoso meme coin que se puede comprar en muchas bolsas, entre ellas <\/span><a href=\"https:\/\/coinkickoff.com\/es_mx\/kucoin-review\/\"><span style=\"font-weight: 400;\">Kucoin<\/span><\/a><span style=\"font-weight: 400;\">. <a href=\"https:\/\/coinkickoff.com\/es_mx\/dogecoin-doge\/\" data-internallinksmanager029f6b8e52c=\"14\" title=\"\u00bfQu\u00e9 es Dogecoin (DOGE)? \u00bfC\u00f3mo funciona y d\u00f3nde comprarlo?\">DOGE<\/a> es bastante barato y f\u00e1cil de comerciar.<\/span><\/p>\n<p><span style=\"font-weight: 400;\">Si desea comprar Dogecoin en el <a href=\"https:\/\/coinkickoff.com\/es_mx\/kucoin-review\/\" data-internallinksmanager029f6b8e52c=\"153\" title=\"KuCoin Comentarios 2023: Honorarios, Seguridad, Pro &amp; Contras\">Kucoin<\/a> pero no sabes por d\u00f3nde empezar, nosotros te ayudamos. Aqu\u00ed tienes un desglose paso a paso de c\u00f3mo comprar Dogecoin en Kucoin.<\/span><\/p>\n<h2><span class=\"ez-toc-section\" id=\"A_Step-By-Step_Guide_on_How_to_Buy_Dogecoin_on_Kucoin\"><\/span><span style=\"font-weight: 400;\">Gu\u00eda paso a paso para comprar Dogecoin en Kucoin<\/span><span class=\"ez-toc-section-end\"><\/span><\/h2>\n<h3><span class=\"ez-toc-section\" id=\"1_Register_an_Account\"><\/span><span style=\"font-weight: 400;\">1. Registrar una cuenta<\/span><span class=\"ez-toc-section-end\"><\/span><\/h3>\n<p><span style=\"font-weight: 400;\">En primer lugar, visite <\/span><a href=\"https:\/\/www.kucoin.com\/r\/af\/rMJPV3B\" target=\"_blank\" rel=\"noopener\"><span style=\"font-weight: 400;\">Sitio web oficial de Kucoin<\/span><\/a><span style=\"font-weight: 400;\"> para registrar una cuenta.\u00a0<\/span><\/p>\n<p><img loading=\"lazy\" decoding=\"async\" class=\"alignnone wp-image-3269 size-full\" src=\"https:\/\/coinkickoff.com\/wp-content\/uploads\/kucoin-register.png\" alt=\"comprar doge en el registro kucoin\" width=\"1421\" height=\"788\" srcset=\"https:\/\/coinkickoff.com\/wp-content\/uploads\/kucoin-register.png 1421w, https:\/\/coinkickoff.com\/wp-content\/uploads\/kucoin-register-300x166.png 300w, https:\/\/coinkickoff.com\/wp-content\/uploads\/kucoin-register-1024x568.png 1024w, https:\/\/coinkickoff.com\/wp-content\/uploads\/kucoin-register-768x426.png 768w, https:\/\/coinkickoff.com\/wp-content\/uploads\/kucoin-register-18x10.png 18w\" sizes=\"auto, (max-width: 1421px) 100vw, 1421px\" \/><\/p>\n<p><span style=\"font-weight: 400;\">Abrir una cuenta Kucoin es muy f\u00e1cil: puedes registrarte con tu direcci\u00f3n de correo electr\u00f3nico o tu n\u00famero de tel\u00e9fono. Kucoin le enviar\u00e1 un c\u00f3digo de verificaci\u00f3n para iniciar sesi\u00f3n en su nueva cuenta.<\/span><\/p>\n<h3><span class=\"ez-toc-section\" id=\"2_Verify_Your_Account\"><\/span><span style=\"font-weight: 400;\">2. Verifique su cuenta<\/span><span class=\"ez-toc-section-end\"><\/span><\/h3>\n<p><span style=\"font-weight: 400;\">Para verificar tu cuenta, dir\u00edgete a tu perfil de usuario (esquina superior derecha, junto a \"Activos\").  En el men\u00fa, haz clic en \"Verificaci\u00f3n de identidad\".<\/span><\/p>\n<p><img loading=\"lazy\" decoding=\"async\" class=\"alignnone wp-image-3272 size-full\" src=\"https:\/\/coinkickoff.com\/wp-content\/uploads\/kucoin-identity-verification.png\" alt=\"kucoin id verificaci\u00f3n 1\" width=\"1420\" height=\"785\" srcset=\"https:\/\/coinkickoff.com\/wp-content\/uploads\/kucoin-identity-verification.png 1420w, https:\/\/coinkickoff.com\/wp-content\/uploads\/kucoin-identity-verification-300x166.png 300w, https:\/\/coinkickoff.com\/wp-content\/uploads\/kucoin-identity-verification-1024x566.png 1024w, https:\/\/coinkickoff.com\/wp-content\/uploads\/kucoin-identity-verification-768x425.png 768w, https:\/\/coinkickoff.com\/wp-content\/uploads\/kucoin-identity-verification-18x10.png 18w\" sizes=\"auto, (max-width: 1420px) 100vw, 1420px\" \/><\/p>\n<p><span style=\"font-weight: 400;\">T\u00e9cnicamente, no necesitas verificar tu identidad para comprar DOGE en la plataforma Kucoin si ya tienes otros activos digitales.\u00a0<\/span><\/p>\n<p><span style=\"font-weight: 400;\">Si ya posee activos digitales, puede simplemente enviarlos a su monedero de criptomonedas Kucoin. Una vez que deposites cripto en tu cuenta Kucoin, podr\u00e1s intercambiar esos activos con Dogecoin.<\/span><\/p>\n<p><span style=\"font-weight: 400;\">Sin embargo, debe completar la verificaci\u00f3n de identidad para depositar fiat en la plataforma. Por lo tanto, si a\u00fan no posee criptomonedas o si no desea comerciar con sus activos, siga adelante y complete la verificaci\u00f3n de identidad.<\/span><\/p>\n<p><img loading=\"lazy\" decoding=\"async\" class=\"alignnone wp-image-3270 size-full\" src=\"https:\/\/coinkickoff.com\/wp-content\/uploads\/kucoin-id-verification-2.png\" alt=\"kucoin verificaci\u00f3n de identidad 2\" width=\"1407\" height=\"706\" srcset=\"https:\/\/coinkickoff.com\/wp-content\/uploads\/kucoin-id-verification-2.png 1407w, https:\/\/coinkickoff.com\/wp-content\/uploads\/kucoin-id-verification-2-300x151.png 300w, https:\/\/coinkickoff.com\/wp-content\/uploads\/kucoin-id-verification-2-1024x514.png 1024w, https:\/\/coinkickoff.com\/wp-content\/uploads\/kucoin-id-verification-2-768x385.png 768w, https:\/\/coinkickoff.com\/wp-content\/uploads\/kucoin-id-verification-2-18x9.png 18w\" sizes=\"auto, (max-width: 1407px) 100vw, 1407px\" \/><\/p>\n<p><span style=\"font-weight: 400;\">El Kucoin cuenta con un proceso de verificaci\u00f3n de identidad simplificado en 3 pasos que consiste en introducir informaci\u00f3n personal, cargar un documento de identidad oficial y completar la verificaci\u00f3n facial.<\/span><\/p>\n<p><span style=\"font-weight: 400;\">Comience introduciendo sus datos personales y haga clic en \"Siguiente\" para pasar al siguiente paso.<\/span><\/p>\n<p><img loading=\"lazy\" decoding=\"async\" class=\"alignnone wp-image-3271 size-full\" src=\"https:\/\/coinkickoff.com\/wp-content\/uploads\/kucoin-id-verification-3.png\" alt=\"kucoin id verificaci\u00f3n 3\" width=\"1412\" height=\"789\" srcset=\"https:\/\/coinkickoff.com\/wp-content\/uploads\/kucoin-id-verification-3.png 1412w, https:\/\/coinkickoff.com\/wp-content\/uploads\/kucoin-id-verification-3-300x168.png 300w, https:\/\/coinkickoff.com\/wp-content\/uploads\/kucoin-id-verification-3-1024x572.png 1024w, https:\/\/coinkickoff.com\/wp-content\/uploads\/kucoin-id-verification-3-768x429.png 768w, https:\/\/coinkickoff.com\/wp-content\/uploads\/kucoin-id-verification-3-18x10.png 18w\" sizes=\"auto, (max-width: 1412px) 100vw, 1412px\" \/><\/p>\n<h3><span class=\"ez-toc-section\" id=\"3_Deposit_FundsCrypto\"><\/span><span style=\"font-weight: 400;\">3. Depositar Fondos\/Cripto<\/span><span class=\"ez-toc-section-end\"><\/span><\/h3>\n<p><span style=\"font-weight: 400;\">Hay varias formas de depositar cripto en tu cuenta Kucoin. Haz clic en \"Activos\", situado en la esquina superior derecha de la p\u00e1gina, y selecciona \"Depositar\" en el men\u00fa desplegable. Tambi\u00e9n puedes ir a la p\u00e1gina \"Vista general de activos\" y hacer clic en \"Depositar\".\"<\/span><\/p>\n<p><img loading=\"lazy\" decoding=\"async\" class=\"alignnone wp-image-3273 size-full\" src=\"https:\/\/coinkickoff.com\/wp-content\/uploads\/kucoin-deposit.png\" alt=\"kucoin depositar fondos 1\" width=\"1427\" height=\"758\" srcset=\"https:\/\/coinkickoff.com\/wp-content\/uploads\/kucoin-deposit.png 1427w, https:\/\/coinkickoff.com\/wp-content\/uploads\/kucoin-deposit-300x159.png 300w, https:\/\/coinkickoff.com\/wp-content\/uploads\/kucoin-deposit-1024x544.png 1024w, https:\/\/coinkickoff.com\/wp-content\/uploads\/kucoin-deposit-768x408.png 768w, https:\/\/coinkickoff.com\/wp-content\/uploads\/kucoin-deposit-18x10.png 18w\" sizes=\"auto, (max-width: 1427px) 100vw, 1427px\" \/><\/p>\n<p><span style=\"font-weight: 400;\">Una vez que haga clic en depositar, puede buscar el coin que desea enviar a la plataforma, por ejemplo, <a href=\"https:\/\/coinkickoff.com\/es_mx\/tether-usdt\/\" data-internallinksmanager029f6b8e52c=\"3\" title=\"\u00bfQu\u00e9 es el Tether (USDT)? \u00bfC\u00f3mo funciona y d\u00f3nde comprarlo?\">USDT<\/a>. Recibir\u00e1 la direcci\u00f3n de dep\u00f3sito, que podr\u00e1 utilizar para enviar su coins a la plataforma.\u00a0<\/span><\/p>\n<p><span style=\"font-weight: 400;\">Kucoin admite m\u00e1s de 70 m\u00e9todos de pago, por lo que tienes muchas opciones a la hora de comprar criptomonedas en la plataforma. Algunos m\u00e9todos pueden no estar disponibles dependiendo de tu ubicaci\u00f3n, pero normalmente hay una opci\u00f3n que funciona para todos.<\/span><\/p>\n<h3><span class=\"ez-toc-section\" id=\"4_Navigate_to_the_Relevant_Screen_to_Buy\"><\/span><span style=\"font-weight: 400;\">4. Navegue hasta la pantalla correspondiente para comprar<\/span><span class=\"ez-toc-section-end\"><\/span><\/h3>\n<p><img loading=\"lazy\" decoding=\"async\" class=\"alignnone wp-image-3274 size-full\" src=\"https:\/\/coinkickoff.com\/wp-content\/uploads\/kucoin-buy-crypto.png\" alt=\"kucoin comprar pantalla\" width=\"1418\" height=\"692\" srcset=\"https:\/\/coinkickoff.com\/wp-content\/uploads\/kucoin-buy-crypto.png 1418w, https:\/\/coinkickoff.com\/wp-content\/uploads\/kucoin-buy-crypto-300x146.png 300w, https:\/\/coinkickoff.com\/wp-content\/uploads\/kucoin-buy-crypto-1024x500.png 1024w, https:\/\/coinkickoff.com\/wp-content\/uploads\/kucoin-buy-crypto-768x375.png 768w, https:\/\/coinkickoff.com\/wp-content\/uploads\/kucoin-buy-crypto-18x9.png 18w\" sizes=\"auto, (max-width: 1418px) 100vw, 1418px\" \/><\/p>\n<h4><span class=\"ez-toc-section\" id=\"Fast_TradeOne-click_Buy\"><\/span><span style=\"font-weight: 400;\">Comercio r\u00e1pido\/Compra con un clic<\/span><span class=\"ez-toc-section-end\"><\/span><\/h4>\n<p><span style=\"font-weight: 400;\">Hay un par de maneras de comprar cripto en Kucoin. Puedes vincular una tarjeta bancaria o una cuenta bancaria para depositar moneda fiduciaria en la plataforma. Kucoin acepta varias monedas fiduciarias, incluyendo USD, EUR, GBP y AUD. Los residentes en Europa pueden utilizar SEPA para transferir fondos a sus cuentas.\u00a0<\/span><\/p>\n<p><img loading=\"lazy\" decoding=\"async\" class=\"alignnone wp-image-3275 size-full\" src=\"https:\/\/coinkickoff.com\/wp-content\/uploads\/kucoin-buy-crypto-one-click.png\" alt=\"kucoin un clic comprar\" width=\"1421\" height=\"770\" srcset=\"https:\/\/coinkickoff.com\/wp-content\/uploads\/kucoin-buy-crypto-one-click.png 1421w, https:\/\/coinkickoff.com\/wp-content\/uploads\/kucoin-buy-crypto-one-click-300x163.png 300w, https:\/\/coinkickoff.com\/wp-content\/uploads\/kucoin-buy-crypto-one-click-1024x555.png 1024w, https:\/\/coinkickoff.com\/wp-content\/uploads\/kucoin-buy-crypto-one-click-768x416.png 768w, https:\/\/coinkickoff.com\/wp-content\/uploads\/kucoin-buy-crypto-one-click-18x10.png 18w\" sizes=\"auto, (max-width: 1421px) 100vw, 1421px\" \/><\/p>\n<p><span style=\"font-weight: 400;\">Una vez que deposite moneda fiduciaria en su cuenta, puede utilizar la operaci\u00f3n r\u00e1pida para comprar criptomonedas con un solo clic. Solo tienes que introducir la cantidad que quieres gastar y la divisa que quieres comprar, y seleccionar un m\u00e9todo de pago en el men\u00fa desplegable.<\/span><\/p>\n<p><span style=\"font-weight: 400;\">Los m\u00e9todos de pago admitidos incluyen Zelle, Apple Pay y ADVCash, <a href=\"https:\/\/coinkickoff.com\/es_mx\/uphold-review\/\" data-internallinksmanager029f6b8e52c=\"156\" title=\"Opiniones sobre Uphold 2023: Tasas, Caracter\u00edsticas, Seguridad, Pros y Contras\">Defienda<\/a>y muchos otros.<\/span><\/p>\n<p><img loading=\"lazy\" decoding=\"async\" class=\"alignnone wp-image-3276 size-full\" src=\"https:\/\/coinkickoff.com\/wp-content\/uploads\/kucoin-select-paymnet-method.png\" alt=\"\" width=\"1424\" height=\"794\" srcset=\"https:\/\/coinkickoff.com\/wp-content\/uploads\/kucoin-select-paymnet-method.png 1424w, https:\/\/coinkickoff.com\/wp-content\/uploads\/kucoin-select-paymnet-method-300x167.png 300w, https:\/\/coinkickoff.com\/wp-content\/uploads\/kucoin-select-paymnet-method-1024x571.png 1024w, https:\/\/coinkickoff.com\/wp-content\/uploads\/kucoin-select-paymnet-method-768x428.png 768w, https:\/\/coinkickoff.com\/wp-content\/uploads\/kucoin-select-paymnet-method-18x10.png 18w\" sizes=\"auto, (max-width: 1424px) 100vw, 1424px\" \/><\/p>\n<p><span style=\"font-weight: 400;\"><img loading=\"lazy\" decoding=\"async\" class=\"alignnone wp-image-3277 size-full\" src=\"https:\/\/coinkickoff.com\/wp-content\/uploads\/kucoin-select-paymnt2.png\" alt=\"\" width=\"1432\" height=\"798\" srcset=\"https:\/\/coinkickoff.com\/wp-content\/uploads\/kucoin-select-paymnt2.png 1432w, https:\/\/coinkickoff.com\/wp-content\/uploads\/kucoin-select-paymnt2-300x167.png 300w, https:\/\/coinkickoff.com\/wp-content\/uploads\/kucoin-select-paymnt2-1024x571.png 1024w, https:\/\/coinkickoff.com\/wp-content\/uploads\/kucoin-select-paymnt2-768x428.png 768w, https:\/\/coinkickoff.com\/wp-content\/uploads\/kucoin-select-paymnt2-18x10.png 18w\" sizes=\"auto, (max-width: 1432px) 100vw, 1432px\" \/><\/span><\/p>\n<p><span style=\"font-weight: 400;\">Aunque esto es bastante<\/span>orward, hay un problema con el uso de la compra con un solo clic. Por desgracia, no puede comprar DOGE con este m\u00e9todo. Kucoin le permite comprar <a href=\"https:\/\/coinkickoff.com\/es_mx\/bitcoin-btc\/\" data-internallinksmanager029f6b8e52c=\"1\" title=\"\u00bfQu\u00e9 es Bitcoin (BTC)? Precio, historia y d\u00f3nde comprarlo\">BTC<\/a>, <a href=\"https:\/\/coinkickoff.com\/es_mx\/ethereum-eth\/\" data-internallinksmanager029f6b8e52c=\"2\" title=\"\u00bfQu\u00e9 es Ethereum (ETH)? Precio, historia y d\u00f3nde comprarlo\">ETH<\/a>USDT, y <a href=\"https:\/\/coinkickoff.com\/es_mx\/usd-coin-usdc\/\" data-internallinksmanager029f6b8e52c=\"8\" title=\"\u00bfQu\u00e9 es el USD Coin (USDC)? \u00bfC\u00f3mo funciona y d\u00f3nde comprarlo?\">USDC<\/a> con un solo clic.<\/p>\n<p><span style=\"font-weight: 400;\">Sin embargo, puede comprar uno de los activos digitales ofrecidos y luego convertirlo a DOGE en la plataforma. Si eso suena demasiado complicado, no te preocupes, ya que el siguiente m\u00e9todo es superf\u00e1cil.<\/span><\/p>\n<h4><span class=\"ez-toc-section\" id=\"Third-Party\"><\/span><span style=\"font-weight: 400;\">Terceros<\/span><span class=\"ez-toc-section-end\"><\/span><\/h4>\n<p><img loading=\"lazy\" decoding=\"async\" class=\"alignnone wp-image-3278 size-full\" src=\"https:\/\/coinkickoff.com\/wp-content\/uploads\/kucoin-screenshot.png\" alt=\"\" width=\"1436\" height=\"673\" srcset=\"https:\/\/coinkickoff.com\/wp-content\/uploads\/kucoin-screenshot.png 1436w, https:\/\/coinkickoff.com\/wp-content\/uploads\/kucoin-screenshot-300x141.png 300w, https:\/\/coinkickoff.com\/wp-content\/uploads\/kucoin-screenshot-1024x480.png 1024w, https:\/\/coinkickoff.com\/wp-content\/uploads\/kucoin-screenshot-768x360.png 768w, https:\/\/coinkickoff.com\/wp-content\/uploads\/kucoin-screenshot-18x8.png 18w\" sizes=\"auto, (max-width: 1436px) 100vw, 1436px\" \/><\/p>\n<p><span style=\"font-weight: 400;\">La forma m\u00e1s sencilla de comprar DOGE en Kucoin es seleccionar \"Terceros\" en el men\u00fa \"Comprar cripto\" en la esquina superior izquierda. En la p\u00e1gina Third-Party, introduzca la cantidad que desea gastar, seleccione el coin que desea comprar en el men\u00fa desplegable (DOGE) y elija un m\u00e9todo y canal de pago.<\/span><\/p>\n<p><span style=\"font-weight: 400;\">Kucoin es compatible con varias aplicaciones de pago de terceros, entre ellas <\/span><a href=\"https:\/\/banxa.com\/case-study\/kucoin\/\" target=\"_blank\" rel=\"noopener\"><span style=\"font-weight: 400;\">Banxa<\/span><\/a><span style=\"font-weight: 400;\">, <\/span><a href=\"https:\/\/www.simplex.com\" target=\"_blank\" rel=\"noopener\"><span style=\"font-weight: 400;\">Simplex<\/span><\/a><span style=\"font-weight: 400;\">, <\/span><a href=\"https:\/\/legendtrading.com\/infrastructure\" target=\"_blank\" rel=\"noopener\"><span style=\"font-weight: 400;\">Leyenda comercial<\/span><\/a><span style=\"font-weight: 400;\">y <\/span><a href=\"https:\/\/btcdirect.eu\/en-gb\" target=\"_blank\" rel=\"noopener\"><span style=\"font-weight: 400;\">BTC Directo<\/span><\/a><span style=\"font-weight: 400;\">.\u00a0<\/span><\/p>\n<p><span style=\"font-weight: 400;\">Puede comprar criptomoneda a estos vendedores introduciendo la informaci\u00f3n de su tarjeta y completando la verificaci\u00f3n de identidad del vendedor que desea utilizar. Sin embargo, ten en cuenta que los servicios de pago de terceros suelen cobrar comisiones elevadas por sus servicios.\u00a0<\/span><\/p>\n<h4><span class=\"ez-toc-section\" id=\"P2P_Market\"><\/span><span style=\"font-weight: 400;\">Mercado P2P<\/span><span class=\"ez-toc-section-end\"><\/span><\/h4>\n<p><span style=\"font-weight: 400;\">Otro m\u00e9todo es utilizar el mercado de comercio P2P de Kucoin para comprar criptomonedas, pero debe tener USDT en su cuenta para utilizar el mercado P2P de \"compra r\u00e1pida\", por lo que no es la opci\u00f3n m\u00e1s r\u00e1pida para los principiantes.<\/span><\/p>","protected":false},"excerpt":{"rendered":"<p>C\u00f3mo comprar Dogecoin en Kucoin Dogecoin es un famoso meme coin usted puede comprar en muchos intercambios, incluyendo Kucoin. DOGE es bastante barato y f\u00e1cil de intercambiar. Si usted quiere comprar Dogecoin en el intercambio Kucoin pero no sabe por d\u00f3nde empezar, le tenemos cubierto. Aqu\u00ed tienes un desglose paso a paso de c\u00f3mo [...]<\/p>","protected":false},"author":3,"featured_media":3275,"parent":3196,"menu_order":0,"comment_status":"closed","ping_status":"closed","template":"","meta":{"_genesis_hide_title":false,"_genesis_hide_breadcrumbs":false,"_genesis_hide_singular_image":false,"_genesis_hide_footer_widgets":false,"_genesis_custom_body_class":"","_genesis_custom_post_class":"","_genesis_layout":"","_glsr_average":0,"_glsr_ranking":0,"_glsr_reviews":0,"footnotes":""},"class_list":{"0":"post-3268","1":"page","2":"type-page","3":"status-publish","4":"has-post-thumbnail","6":"entry"},"featured_image_src":"https:\/\/coinkickoff.com\/wp-content\/uploads\/kucoin-buy-crypto-one-click-600x400.png","featured_image_src_square":"https:\/\/coinkickoff.com\/wp-content\/uploads\/kucoin-buy-crypto-one-click-600x600.png","_links":{"self":[{"href":"https:\/\/coinkickoff.com\/es_mx\/wp-json\/wp\/v2\/pages\/3268","targetHints":{"allow":["GET"]}}],"collection":[{"href":"https:\/\/coinkickoff.com\/es_mx\/wp-json\/wp\/v2\/pages"}],"about":[{"href":"https:\/\/coinkickoff.com\/es_mx\/wp-json\/wp\/v2\/types\/page"}],"author":[{"embeddable":true,"href":"https:\/\/coinkickoff.com\/es_mx\/wp-json\/wp\/v2\/users\/3"}],"replies":[{"embeddable":true,"href":"https:\/\/coinkickoff.com\/es_mx\/wp-json\/wp\/v2\/comments?post=3268"}],"version-history":[{"count":3,"href":"https:\/\/coinkickoff.com\/es_mx\/wp-json\/wp\/v2\/pages\/3268\/revisions"}],"predecessor-version":[{"id":4495,"href":"https:\/\/coinkickoff.com\/es_mx\/wp-json\/wp\/v2\/pages\/3268\/revisions\/4495"}],"up":[{"embeddable":true,"href":"https:\/\/coinkickoff.com\/es_mx\/wp-json\/wp\/v2\/pages\/3196"}],"wp:featuredmedia":[{"embeddable":true,"href":"https:\/\/coinkickoff.com\/es_mx\/wp-json\/wp\/v2\/media\/3275"}],"wp:attachment":[{"href":"https:\/\/coinkickoff.com\/es_mx\/wp-json\/wp\/v2\/media?parent=3268"}],"curies":[{"name":"wp","href":"https:\/\/api.w.org\/{rel}","templated":true}]}}