{"id":3196,"date":"2026-01-08T14:07:36","date_gmt":"2026-01-08T14:07:36","guid":{"rendered":"https:\/\/coinkickoff.com\/?page_id=3196"},"modified":"2026-01-08T14:07:36","modified_gmt":"2026-01-08T14:07:36","slug":"how-to-buy-dogecoin","status":"publish","type":"page","link":"https:\/\/coinkickoff.com\/es_mx\/how-to-buy-dogecoin\/","title":{"rendered":"C\u00f3mo comprar Dogecoin (DOGE)"},"content":{"rendered":"<p><span style=\"font-weight: 400;\"><img loading=\"lazy\" decoding=\"async\" class=\"aligncenter wp-image-155 size-full\" src=\"https:\/\/coinkickoff.com\/wp-content\/uploads\/2022\/06\/Dogecoin-DOGE.jpg\" alt=\"c\u00f3mo comprar dogecoin\" width=\"1000\" height=\"800\" srcset=\"https:\/\/coinkickoff.com\/wp-content\/uploads\/2022\/06\/Dogecoin-DOGE.jpg 1000w, https:\/\/coinkickoff.com\/wp-content\/uploads\/2022\/06\/Dogecoin-DOGE-300x240.jpg 300w, https:\/\/coinkickoff.com\/wp-content\/uploads\/2022\/06\/Dogecoin-DOGE-768x614.jpg 768w, https:\/\/coinkickoff.com\/wp-content\/uploads\/2022\/06\/Dogecoin-DOGE-15x12.jpg 15w\" sizes=\"auto, (max-width: 1000px) 100vw, 1000px\" \/>Si desea comprar <a href=\"https:\/\/coinkickoff.com\/es_mx\/dogecoin-doge\/\" data-internallinksmanager029f6b8e52c=\"14\" title=\"\u00bfQu\u00e9 es Dogecoin (DOGE)? \u00bfC\u00f3mo funciona y d\u00f3nde comprarlo?\">Dogecoin<\/a> y no sabe por d\u00f3nde empezar, est\u00e1 en el lugar adecuado. Le mostraremos c\u00f3mo y d\u00f3nde comprar DOGE con instrucciones paso a paso.<\/span><\/p>\n<div id=\"ez-toc-container\" class=\"ez-toc-v2_0_80 counter-hierarchy ez-toc-counter ez-toc-transparent ez-toc-container-direction\">\n<div class=\"ez-toc-title-container\">\n<p class=\"ez-toc-title\" style=\"cursor:inherit\">Secciones<\/p>\n<span class=\"ez-toc-title-toggle\"><a href=\"#\" class=\"ez-toc-pull-right ez-toc-btn ez-toc-btn-xs ez-toc-btn-default ez-toc-toggle\" aria-label=\"Tabla de contenidos\"><span class=\"ez-toc-js-icon-con\"><span class=\"\"><span class=\"eztoc-hide\" style=\"display:none;\">Toggle<\/span><span class=\"ez-toc-icon-toggle-span\"><svg style=\"fill: #999;color:#999\" xmlns=\"http:\/\/www.w3.org\/2000\/svg\" class=\"list-377408\" width=\"20px\" height=\"20px\" viewbox=\"0 0 24 24\" fill=\"none\"><path d=\"M6 6H4v2h2V6zm14 0H8v2h12V6zM4 11h2v2H4v-2zm16 0H8v2h12v-2zM4 16h2v2H4v-2zm16 0H8v2h12v-2z\" fill=\"currentColor\"><\/path><\/svg><svg style=\"fill: #999;color:#999\" class=\"arrow-unsorted-368013\" xmlns=\"http:\/\/www.w3.org\/2000\/svg\" width=\"10px\" height=\"10px\" viewbox=\"0 0 24 24\" version=\"1.2\" baseprofile=\"tiny\"><path d=\"M18.2 9.3l-6.2-6.3-6.2 6.3c-.2.2-.3.4-.3.7s.1.5.3.7c.2.2.4.3.7.3h11c.3 0 .5-.1.7-.3.2-.2.3-.5.3-.7s-.1-.5-.3-.7zM5.8 14.7l6.2 6.3 6.2-6.3c.2-.2.3-.5.3-.7s-.1-.5-.3-.7c-.2-.2-.4-.3-.7-.3h-11c-.3 0-.5.1-.7.3-.2.2-.3.5-.3.7s.1.5.3.7z\"\/><\/svg><\/span><\/span><\/span><\/a><\/span><\/div>\n<nav><ul class='ez-toc-list ez-toc-list-level-1 eztoc-toggle-hide-by-default' ><li class='ez-toc-page-1 ez-toc-heading-level-2'><a class=\"ez-toc-link ez-toc-heading-1\" href=\"https:\/\/coinkickoff.com\/es_mx\/how-to-buy-dogecoin\/#What_Is_Dogecoin\" >\u00bfQu\u00e9 es Dogecoin?<\/a><\/li><li class='ez-toc-page-1 ez-toc-heading-level-2'><a class=\"ez-toc-link ez-toc-heading-2\" href=\"https:\/\/coinkickoff.com\/es_mx\/how-to-buy-dogecoin\/#Where_Can_I_Buy_Dogecoin\" >\u00bfD\u00f3nde puedo comprar Dogecoin?<\/a><\/li><li class='ez-toc-page-1 ez-toc-heading-level-2'><a class=\"ez-toc-link ez-toc-heading-3\" href=\"https:\/\/coinkickoff.com\/es_mx\/how-to-buy-dogecoin\/#How_to_Buy_Dogecoin\" >C\u00f3mo comprar Dogecoin<\/a><ul class='ez-toc-list-level-3' ><li class='ez-toc-heading-level-3'><a class=\"ez-toc-link ez-toc-heading-4\" href=\"https:\/\/coinkickoff.com\/es_mx\/how-to-buy-dogecoin\/#Choose_Your_Exchange\" >Elija su bolsa<\/a><\/li><li class='ez-toc-page-1 ez-toc-heading-level-3'><a class=\"ez-toc-link ez-toc-heading-5\" href=\"https:\/\/coinkickoff.com\/es_mx\/how-to-buy-dogecoin\/#Buy_DOGE\" >Comprar DOGE<\/a><\/li><li class='ez-toc-page-1 ez-toc-heading-level-3'><a class=\"ez-toc-link ez-toc-heading-6\" href=\"https:\/\/coinkickoff.com\/es_mx\/how-to-buy-dogecoin\/#Store_Your_DOGE\" >Guarde su DOGE<\/a><ul class='ez-toc-list-level-4' ><li class='ez-toc-heading-level-4'><a class=\"ez-toc-link ez-toc-heading-7\" href=\"https:\/\/coinkickoff.com\/es_mx\/how-to-buy-dogecoin\/#Exchange_Wallet\" >Cartera de cambio<\/a><\/li><li class='ez-toc-page-1 ez-toc-heading-level-4'><a class=\"ez-toc-link ez-toc-heading-8\" href=\"https:\/\/coinkickoff.com\/es_mx\/how-to-buy-dogecoin\/#Self-Custody_Hot_Wallets\" >Carteras calientes de autocustodia<\/a><\/li><li class='ez-toc-page-1 ez-toc-heading-level-4'><a class=\"ez-toc-link ez-toc-heading-9\" href=\"https:\/\/coinkickoff.com\/es_mx\/how-to-buy-dogecoin\/#Cold_Wallets\" >Carteras fr\u00edas<\/a><\/li><\/ul><\/li><\/ul><\/li><\/ul><\/nav><\/div>\n<h2><span class=\"ez-toc-section\" id=\"What_Is_Dogecoin\"><\/span><span style=\"font-weight: 400;\">\u00bfQu\u00e9 es Dogecoin?<\/span><span class=\"ez-toc-section-end\"><\/span><\/h2>\n<p><span style=\"font-weight: 400;\">Es posible que haya o\u00eddo hablar de <\/span><a href=\"https:\/\/coinkickoff.com\/es_mx\/dogecoin-doge\/\"><span style=\"font-weight: 400;\">Dogecoin<\/span><\/a><span style=\"font-weight: 400;\"> como meme coin. Es cierto: los fundadores de Dogecoin, Billy Marcus, y Jackson Palmer, se inspiraron en un <\/span><a href=\"https:\/\/knowyourmeme.com\/memes\/doge\" target=\"_blank\" rel=\"noopener\"><span style=\"font-weight: 400;\">meme con un perro Shiba Inu<\/span><\/a><span style=\"font-weight: 400;\"> y lanz\u00f3 Dogecoin principalmente como una broma.<\/span><\/p>\n<p><span style=\"font-weight: 400;\">El coin se hizo popular gracias al bombo que recibi\u00f3 en Reddit tras llamar la atenci\u00f3n de Elon Musk, consejero delegado de Tesla, que <\/span><a href=\"https:\/\/uk.finance.yahoo.com\/news\/dogecoin-elon-musk-tweet-reddit-100947312.html\" target=\"_blank\" rel=\"noopener\"><span style=\"font-weight: 400;\">tuite\u00f3 sobre el coin en 2021<\/span><\/a><span style=\"font-weight: 400;\">. La implicaci\u00f3n de Musk hizo subir brevemente los precios del DOGE, aunque el activo perdi\u00f3 la mayor parte de su valor poco despu\u00e9s.<\/span><\/p>\n<p><img loading=\"lazy\" decoding=\"async\" class=\"alignnone size-medium\" src=\"https:\/\/coinkickoff.com\/wp-content\/uploads\/1612461300-elon-musk-lion-king.jpg\" alt=\"ELON MUSK DOGE\" width=\"675\" height=\"380\" \/><\/p>\n<p><span style=\"font-weight: 400;\">Dogecoin no tiene realmente un caso de uso: no es una gran manera de transferir valor como <\/span><a href=\"https:\/\/coinkickoff.com\/es_mx\/tether-usdt\/\"><span style=\"font-weight: 400;\">establecoins<\/span><\/a><span style=\"font-weight: 400;\">ya que los precios no son estables. Tiene una oferta infinita (a diferencia de, por ejemplo, <\/span><a href=\"https:\/\/coinkickoff.com\/es_mx\/bitcoin-btc\/\"><span style=\"font-weight: 400;\">Bitcoin<\/span><\/a><span style=\"font-weight: 400;\">), por lo que no se vuelve menos disponible o m\u00e1s valioso con el tiempo.\u00a0<\/span><\/p>\n<p><span style=\"font-weight: 400;\">Hay miles de millones de DOGE en el mercado, y el Dogecoin sigue siendo una de las mayores criptomonedas por capitalizaci\u00f3n de mercado, pero eso no se traduce en valor monetario.<\/span><\/p>\n<p><img loading=\"lazy\" decoding=\"async\" class=\"alignnone wp-image-3198 size-full\" src=\"https:\/\/coinkickoff.com\/wp-content\/uploads\/dogemarketcap.png\" alt=\"doge marketcap\" width=\"977\" height=\"573\" srcset=\"https:\/\/coinkickoff.com\/wp-content\/uploads\/dogemarketcap.png 977w, https:\/\/coinkickoff.com\/wp-content\/uploads\/dogemarketcap-300x176.png 300w, https:\/\/coinkickoff.com\/wp-content\/uploads\/dogemarketcap-768x450.png 768w, https:\/\/coinkickoff.com\/wp-content\/uploads\/dogemarketcap-18x12.png 18w\" sizes=\"auto, (max-width: 977px) 100vw, 977px\" \/><\/p>\n<p><span style=\"font-weight: 400;\">El coin se puede extraer en grandes cantidades, lo que hace que no sea tan valioso despu\u00e9s de todo. De vez en cuando se producen breves subidas en su precio, normalmente gracias a comentarios caprichosos de celebridades como Musk.<\/span><\/p>\n<p><img loading=\"lazy\" decoding=\"async\" class=\"alignnone wp-image-3197 size-full\" src=\"https:\/\/coinkickoff.com\/wp-content\/uploads\/doge-price.png\" alt=\"Precio DOGE\" width=\"973\" height=\"559\" srcset=\"https:\/\/coinkickoff.com\/wp-content\/uploads\/doge-price.png 973w, https:\/\/coinkickoff.com\/wp-content\/uploads\/doge-price-300x172.png 300w, https:\/\/coinkickoff.com\/wp-content\/uploads\/doge-price-768x441.png 768w, https:\/\/coinkickoff.com\/wp-content\/uploads\/doge-price-18x10.png 18w\" sizes=\"auto, (max-width: 973px) 100vw, 973px\" \/><\/p>\n<p><span style=\"font-weight: 400;\">En general, es correcto llamarlo una broma coin.<\/span><\/p>\n<h2><span class=\"ez-toc-section\" id=\"Where_Can_I_Buy_Dogecoin\"><\/span><span style=\"font-weight: 400;\">\u00bfD\u00f3nde puedo comprar Dogecoin?<\/span><span class=\"ez-toc-section-end\"><\/span><\/h2>\n<p><span style=\"font-weight: 400;\">Puede comprar Dogecoin en la mayor\u00eda de <a href=\"https:\/\/coinkickoff.com\/es_mx\/crypto-exchanges\/\" data-internallinksmanager029f6b8e52c=\"141\" title=\"Las 21 mejores aplicaciones y bolsas de criptomonedas de 2024\">intercambios de criptomonedas<\/a>. <\/span><a href=\"https:\/\/coinmarketcap.com\/currencies\/dogecoin\/\" target=\"_blank\" rel=\"noopener\"><span style=\"font-weight: 400;\">Doge es la decimosexta criptomoneda<\/span><\/a><span style=\"font-weight: 400;\"> por capitalizaci\u00f3n burs\u00e1til, por lo que suele estar disponible en las bolsas m\u00e1s populares.<\/span><\/p>\n<p><img loading=\"lazy\" decoding=\"async\" class=\"alignnone wp-image-3199 size-full\" src=\"https:\/\/coinkickoff.com\/wp-content\/uploads\/doge-on-binance.png\" alt=\"DOGE en Binance\" width=\"1366\" height=\"584\" srcset=\"https:\/\/coinkickoff.com\/wp-content\/uploads\/doge-on-binance.png 1366w, https:\/\/coinkickoff.com\/wp-content\/uploads\/doge-on-binance-300x128.png 300w, https:\/\/coinkickoff.com\/wp-content\/uploads\/doge-on-binance-1024x438.png 1024w, https:\/\/coinkickoff.com\/wp-content\/uploads\/doge-on-binance-768x328.png 768w, https:\/\/coinkickoff.com\/wp-content\/uploads\/doge-on-binance-18x8.png 18w\" sizes=\"auto, (max-width: 1366px) 100vw, 1366px\" \/><\/p>\n<p><span style=\"font-weight: 400;\">Puede comprar DOGE con monedas fiduciarias en bolsas de criptomonedas centralizadas como <\/span><a href=\"https:\/\/coinkickoff.com\/es_mx\/coinbase-review\/\"><span style=\"font-weight: 400;\">Coinbase<\/span><\/a><span style=\"font-weight: 400;\">, <\/span><a href=\"https:\/\/coinkickoff.com\/es_mx\/binance-review\/\"><span style=\"font-weight: 400;\">Binance<\/span><\/a><span style=\"font-weight: 400;\">, <\/span><a href=\"https:\/\/coinkickoff.com\/es_mx\/kraken-review\/\"><span style=\"font-weight: 400;\">Kraken<\/span><\/a><span style=\"font-weight: 400;\">y <\/span><a href=\"https:\/\/coinkickoff.com\/es_mx\/etoro-review\/\"><span style=\"font-weight: 400;\">eToro<\/span><\/a><span style=\"font-weight: 400;\">.<\/span><\/p>\n<p><span style=\"font-weight: 400;\">Si ya tiene criptomonedas, tambi\u00e9n puede comprar DOGE y otros activos digitales en bolsas descentralizadas como <\/span><a href=\"https:\/\/www.sushi.com\/\" target=\"_blank\" rel=\"noopener\"><span style=\"font-weight: 400;\">SushiSwap<\/span><\/a><span style=\"font-weight: 400;\"> o <\/span><a href=\"https:\/\/uniswap.org\/\" target=\"_blank\" rel=\"noopener\"><span style=\"font-weight: 400;\">Uniswap<\/span><\/a><span style=\"font-weight: 400;\">. Estas bolsas facilitan las transacciones entre iguales sin intermediarios.<\/span><\/p>\n<p><span style=\"font-weight: 400;\">Aunque suelen ser m\u00e1s baratas que las centralizadas, pueden ser m\u00e1s dif\u00edciles de manejar y no son muy adecuadas para principiantes. Por supuesto, puedes aprender f\u00e1cilmente a utilizar una bolsa descentralizada si le dedicas un poco de tiempo.<\/span><\/p>\n<h2><span class=\"ez-toc-section\" id=\"How_to_Buy_Dogecoin\"><\/span><span style=\"font-weight: 400;\">C\u00f3mo comprar Dogecoin<\/span><span class=\"ez-toc-section-end\"><\/span><\/h2>\n<p><span style=\"font-weight: 400;\">Hay tres pasos para comprar cualquier criptomoneda, incluyendo Dogecoin. En primer lugar, decida qu\u00e9 intercambio desea utilizar. A continuaci\u00f3n, considere d\u00f3nde almacenar su criptodivisa. Una vez que haya tomado esta decisi\u00f3n, siga adelante y compre DOGE.\u00a0<\/span><\/p>\n<p><span style=\"font-weight: 400;\">He aqu\u00ed un enfoque m\u00e1s detallado para principiantes absolutos:<\/span><\/p>\n<h3><span class=\"ez-toc-section\" id=\"Choose_Your_Exchange\"><\/span><span style=\"font-weight: 400;\">Elija su bolsa<\/span><span class=\"ez-toc-section-end\"><\/span><\/h3>\n<p><span style=\"font-weight: 400;\">Las distintas bolsas ofrecen caracter\u00edsticas diferentes y tienen una disponibilidad de criptomonedas y unas comisiones distintas. Puede comparar algunas de las bolsas m\u00e1s conocidas para ver cu\u00e1l se adapta mejor a sus necesidades antes de tomar una decisi\u00f3n.<\/span><\/p>\n<p><span style=\"font-weight: 400;\">Por ejemplo, <a href=\"https:\/\/coinkickoff.com\/es_mx\/coinbase-review\/\" data-internallinksmanager029f6b8e52c=\"142\" title=\"Coinbase Comentarios 2024: Caracter\u00edsticas, Tarifas, Seguridad, Pros y Contras\">Coinbase<\/a> y <a href=\"https:\/\/coinkickoff.com\/es_mx\/binance-review\/\" data-internallinksmanager029f6b8e52c=\"152\" title=\"Binance Comentarios 2024: Caracter\u00edsticas, Tasas, Seguridad, Pros y Contras\">Binance<\/a> US ambos ofrecen activos digitales similares (incluyendo DOGE), pero Binance ofrece tarifas m\u00e1s bajas. Sin embargo, Coinbase se considera m\u00e1s segura y f\u00e1cil de usar para principiantes. Investiga antes de decidirte por una plataforma, ya que las criptomonedas pueden ser una inversi\u00f3n arriesgada.<\/span><\/p>\n<p><span style=\"font-weight: 400;\">Puede consultar nuestra gu\u00eda de intercambio para obtener informaci\u00f3n m\u00e1s detallada sobre el <\/span><a href=\"https:\/\/coinkickoff.com\/es_mx\/crypto-exchanges\/\"><span style=\"font-weight: 400;\">bolsas de criptomonedas m\u00e1s populares<\/span><\/a><span style=\"font-weight: 400;\">.<\/span><\/p>\n<h3><span class=\"ez-toc-section\" id=\"Buy_DOGE\"><\/span><span style=\"font-weight: 400;\">Comprar DOGE<\/span><span class=\"ez-toc-section-end\"><\/span><\/h3>\n<p><span style=\"font-weight: 400;\">Una vez que se haya decidido por una plataforma, reg\u00edstrese. La mayor\u00eda de las bolsas de criptomonedas centralizadas te permiten comprar criptomonedas con moneda fiduciaria (como USD o EUR). Puedes conectar tu cuenta bancaria a la plataforma y transferir dinero a tu cuenta de intercambio.<\/span><\/p>\n<p><img loading=\"lazy\" decoding=\"async\" class=\"alignnone wp-image-3201 size-full\" src=\"https:\/\/coinkickoff.com\/wp-content\/uploads\/buy-doge-on-binance-1.png\" alt=\"comprar doge en binance\" width=\"1432\" height=\"802\" srcset=\"https:\/\/coinkickoff.com\/wp-content\/uploads\/buy-doge-on-binance-1.png 1432w, https:\/\/coinkickoff.com\/wp-content\/uploads\/buy-doge-on-binance-1-300x168.png 300w, https:\/\/coinkickoff.com\/wp-content\/uploads\/buy-doge-on-binance-1-1024x573.png 1024w, https:\/\/coinkickoff.com\/wp-content\/uploads\/buy-doge-on-binance-1-768x430.png 768w, https:\/\/coinkickoff.com\/wp-content\/uploads\/buy-doge-on-binance-1-18x10.png 18w\" sizes=\"auto, (max-width: 1432px) 100vw, 1432px\" \/><\/p>\n<p><span style=\"font-weight: 400;\">Algunos intercambios tambi\u00e9n le permiten comprar cripto con tarjetas de cr\u00e9dito, tarjetas de d\u00e9bito, PayPal, Google Pay y Apple Pay. Si tienes una cuenta de intercambio u otros activos digitales, tambi\u00e9n puedes intercambiar esos activos por DOGE.<\/span><\/p>\n<p><span style=\"font-weight: 400;\">Algunos intercambios le permitir\u00e1 comprar DOGE directamente con fiat, mientras que otros s\u00f3lo pueden ofrecer stablecoins como <a href=\"https:\/\/coinkickoff.com\/es_mx\/tether-usdt\/\" data-internallinksmanager029f6b8e52c=\"3\" title=\"\u00bfQu\u00e9 es el Tether (USDT)? \u00bfC\u00f3mo funciona y d\u00f3nde comprarlo?\">USDT<\/a> o <a href=\"https:\/\/coinkickoff.com\/es_mx\/usd-coin-usdc\/\" data-internallinksmanager029f6b8e52c=\"8\" title=\"\u00bfQu\u00e9 es el USD Coin (USDC)? \u00bfC\u00f3mo funciona y d\u00f3nde comprarlo?\">USDC<\/a>. En esos casos, primero debes comprar un coin estable y luego cambiarlo por un DOGE.<\/span><\/p>\n<h3><span class=\"ez-toc-section\" id=\"Store_Your_DOGE\"><\/span><span style=\"font-weight: 400;\">Guarde su DOGE<\/span><span class=\"ez-toc-section-end\"><\/span><\/h3>\n<p><span style=\"font-weight: 400;\">Una vez comprado el DOGE, debe decidir d\u00f3nde guardarlo. Para ello tienes un par de opciones.<\/span><\/p>\n<h4><span class=\"ez-toc-section\" id=\"Exchange_Wallet\"><\/span><span style=\"font-weight: 400;\">Cartera de cambio<\/span><span class=\"ez-toc-section-end\"><\/span><\/h4>\n<p><span style=\"font-weight: 400;\">Cuando compras criptomonedas en una bolsa, tus activos se almacenan autom\u00e1ticamente en el monedero de la bolsa. Estos monederos se conocen como monederos de custodia porque las plataformas los controlan y gestionan.<\/span><\/p>\n<p><span style=\"font-weight: 400;\">Aunque puedes comerciar con los activos del monedero a trav\u00e9s de tu cuenta de intercambio, no tienes un control total sobre ellos. Si la bolsa sufre un ataque o quiebra, tus activos pueden perderse para siempre.<\/span><\/p>\n<h4><span class=\"ez-toc-section\" id=\"Self-Custody_Hot_Wallets\"><\/span><span style=\"font-weight: 400;\">Carteras calientes de autocustodia<\/span><span class=\"ez-toc-section-end\"><\/span><\/h4>\n<p><span style=\"font-weight: 400;\">Existen varios monederos calientes de autocustodia en el mercado: Algunos de ellos son monederos de software que puedes descargar en tus dispositivos m\u00f3viles y ordenadores, y a otros se puede acceder a trav\u00e9s de navegadores. Se llaman hot wallets porque est\u00e1n conectados a internet a trav\u00e9s de tu dispositivo (ordenador o dispositivo m\u00f3vil).\u00a0<\/span><\/p>\n<p><span style=\"font-weight: 400;\">Aunque los monederos de autocustodia te permiten controlar totalmente tus activos, tambi\u00e9n son vulnerables a las brechas de seguridad y a menudo son objetivo de los hackers. Si no tienes muchos conocimientos sobre c\u00f3mo proteger los dispositivos conectados a Internet frente al malware y los intentos de pirateo, puedes poner en riesgo tus fondos almacen\u00e1ndolos en un monedero caliente.<\/span><\/p>\n<h4><span class=\"ez-toc-section\" id=\"Cold_Wallets\"><\/span><span style=\"font-weight: 400;\">Carteras fr\u00edas<\/span><span class=\"ez-toc-section-end\"><\/span><\/h4>\n<p><span style=\"font-weight: 400;\">Los monederos fr\u00edos suelen considerarse la opci\u00f3n de almacenamiento m\u00e1s segura para las criptomonedas. No est\u00e1n conectadas a Internet, por lo que son inmunes a los intentos de pirateo. Un monedero fr\u00edo puede ser un monedero de papel o un monedero de hardware.<\/span><\/p>\n<p><span style=\"font-weight: 400;\">Un monedero de papel es simplemente un trozo de papel que contiene su clave privada, que le permite acceder a sus fondos a trav\u00e9s de una interfaz de monedero. Sin embargo, los monederos de papel pueden ser dif\u00edciles de usar y no son adecuados si desea intercambiar sus activos con facilidad.<\/span><\/p>\n<p><span style=\"font-weight: 400;\">Los monederos electr\u00f3nicos son dispositivos USB que almacenan tus claves privadas. Como el dispositivo no est\u00e1 conectado directamente a Internet, no puede ser pirateado. <\/span><a href=\"https:\/\/trezor.io\/\" target=\"_blank\" rel=\"noopener\"><span style=\"font-weight: 400;\">Trezor<\/span><\/a><span style=\"font-weight: 400;\"> y <\/span><a href=\"https:\/\/www.ledger.com\/\" target=\"_blank\" rel=\"noopener\"><span style=\"font-weight: 400;\">Ledger<\/span><\/a><span style=\"font-weight: 400;\"> son dos fabricantes de monederos por hardware considerados los mejores del sector. Ambas empresas ofrecen varios monederos de hardware para almacenar criptomonedas, aunque pueden ser bastante caros.<\/span><\/p>\n<p><span style=\"font-weight: 400;\">Si opera de forma ocasional con peque\u00f1as cantidades, adquirir un monedero f\u00edsico puede ser excesivo. Sin embargo, si buscas seguridad, comprar un monedero f\u00edsico es la mejor opci\u00f3n a largo plazo.\u00a0\u00a0<\/span><\/p>\n<p>Vea tambi\u00e9n C\u00f3mo comprar Dogecoin (DOGE) en:<\/p>\n<p><a href=\"https:\/\/coinkickoff.com\/es_mx\/how-to-buy-dogecoin\/how-to-buy-dogecoin-on-coinbase\/\">Coinbase<\/a><br \/>\n<a href=\"https:\/\/coinkickoff.com\/es_mx\/how-to-buy-dogecoin\/how-to-buy-dogecoin-on-kraken\/\">Kraken<\/a><br \/>\n<a href=\"https:\/\/coinkickoff.com\/es_mx\/how-to-buy-dogecoin\/how-to-buy-dogecoin-on-binance\/\">Binance<\/a><br \/>\n<a href=\"https:\/\/coinkickoff.com\/es_mx\/how-to-buy-dogecoin\/how-to-buy-dogecoin-on-bitmart\/\">Bitmart<\/a><br \/>\n<a href=\"https:\/\/coinkickoff.com\/es_mx\/how-to-buy-dogecoin\/how-to-buy-dogecoin-on-bybit\/\">Bybit<\/a><br \/>\n<a href=\"https:\/\/coinkickoff.com\/es_mx\/how-to-buy-dogecoin\/how-to-buy-dogecoin-on-gate-io\/\">Gate.io<\/a><br \/>\n<a href=\"https:\/\/coinkickoff.com\/es_mx\/how-to-buy-dogecoin\/how-to-buy-dogecoin-on-gemini\/\">G\u00e9minis<\/a><br \/>\n<a href=\"https:\/\/coinkickoff.com\/es_mx\/how-to-buy-dogecoin\/how-to-buy-dogecoin-on-kucoin\/\">Kucoin<\/a><br \/>\n<a href=\"https:\/\/coinkickoff.com\/es_mx\/how-to-buy-dogecoin\/how-to-buy-dogecoin-on-mexc\/\">MEXC<\/a><br \/>\n<a href=\"https:\/\/coinkickoff.com\/es_mx\/how-to-buy-dogecoin\/how-to-buy-dogecoin-on-okx\/\">OKX<\/a><br \/>\n<a href=\"https:\/\/coinkickoff.com\/es_mx\/how-to-buy-dogecoin\/how-to-buy-dogecoin-on-poloniex\/\">Poloniex<\/a><\/p>","protected":false},"excerpt":{"rendered":"<p>Si desea comprar Dogecoin y no sabe por d\u00f3nde empezar, est\u00e1 en el lugar adecuado. Le mostraremos c\u00f3mo y d\u00f3nde comprar DOGE con instrucciones paso a paso. \u00bfQu\u00e9 es Dogecoin? Es posible que haya o\u00eddo a la gente referirse a Dogecoin como un meme coin. Eso es cierto: los fundadores de Dogecoin, Billy Marcus, y Jackson Palmer, fueron [...]<\/p>","protected":false},"author":3,"featured_media":155,"parent":0,"menu_order":0,"comment_status":"closed","ping_status":"closed","template":"","meta":{"_genesis_hide_title":false,"_genesis_hide_breadcrumbs":false,"_genesis_hide_singular_image":false,"_genesis_hide_footer_widgets":false,"_genesis_custom_body_class":"","_genesis_custom_post_class":"","_genesis_layout":"","_glsr_average":0,"_glsr_ranking":0,"_glsr_reviews":0,"footnotes":""},"class_list":{"0":"post-3196","1":"page","2":"type-page","3":"status-publish","4":"has-post-thumbnail","6":"entry"},"featured_image_src":"https:\/\/coinkickoff.com\/wp-content\/uploads\/2022\/06\/Dogecoin-DOGE-600x400.jpg","featured_image_src_square":"https:\/\/coinkickoff.com\/wp-content\/uploads\/2022\/06\/Dogecoin-DOGE-600x600.jpg","_links":{"self":[{"href":"https:\/\/coinkickoff.com\/es_mx\/wp-json\/wp\/v2\/pages\/3196","targetHints":{"allow":["GET"]}}],"collection":[{"href":"https:\/\/coinkickoff.com\/es_mx\/wp-json\/wp\/v2\/pages"}],"about":[{"href":"https:\/\/coinkickoff.com\/es_mx\/wp-json\/wp\/v2\/types\/page"}],"author":[{"embeddable":true,"href":"https:\/\/coinkickoff.com\/es_mx\/wp-json\/wp\/v2\/users\/3"}],"replies":[{"embeddable":true,"href":"https:\/\/coinkickoff.com\/es_mx\/wp-json\/wp\/v2\/comments?post=3196"}],"version-history":[{"count":5,"href":"https:\/\/coinkickoff.com\/es_mx\/wp-json\/wp\/v2\/pages\/3196\/revisions"}],"predecessor-version":[{"id":4940,"href":"https:\/\/coinkickoff.com\/es_mx\/wp-json\/wp\/v2\/pages\/3196\/revisions\/4940"}],"wp:featuredmedia":[{"embeddable":true,"href":"https:\/\/coinkickoff.com\/es_mx\/wp-json\/wp\/v2\/media\/155"}],"wp:attachment":[{"href":"https:\/\/coinkickoff.com\/es_mx\/wp-json\/wp\/v2\/media?parent=3196"}],"curies":[{"name":"wp","href":"https:\/\/api.w.org\/{rel}","templated":true}]}}