{"id":3,"date":"2026-01-08T14:06:39","date_gmt":"2026-01-08T14:06:39","guid":{"rendered":"http:\/\/coinkickoff.com\/?page_id=3"},"modified":"2026-01-08T14:06:39","modified_gmt":"2026-01-08T14:06:39","slug":"privacy-policy","status":"publish","type":"page","link":"https:\/\/coinkickoff.com\/es_mx\/privacy-policy\/","title":{"rendered":"Pol\u00edtica de privacidad"},"content":{"rendered":"<p>Esta pol\u00edtica de privacidad ha sido recopilada por Coin Kickoff (propiedad de Brilliant British Ltd, n\u00famero de empresa 10490224 (registrada en Inglaterra y Gales), direcci\u00f3n de la oficina registrada: 2nd Floor 167-169 Great Portland Street, Londres, Reino Unido, W1W 5PF.) para servir mejor a quienes se preocupan por el uso que se hace en l\u00ednea de su \"informaci\u00f3n personal identificable\" (IPI). La IIP, tal y como se utiliza en la legislaci\u00f3n sobre privacidad y seguridad de la informaci\u00f3n del Reino Unido, es informaci\u00f3n que puede utilizarse por s\u00ed sola o con otra informaci\u00f3n para identificar, contactar o localizar a una sola persona, o para identificar a un individuo en su contexto.<\/p>\n\n\n\n<p>Le rogamos que lea atentamente nuestra pol\u00edtica de privacidad para comprender claramente c\u00f3mo recopilamos, utilizamos, protegemos o tratamos de cualquier otro modo su informaci\u00f3n de identificaci\u00f3n personal de acuerdo con nuestro sitio web.<\/p>\n\n\n\n<p><strong>Tratamiento de datos con arreglo al Reglamento General de Protecci\u00f3n de Datos (RGPD)<\/strong><\/p>\n\n\n\n<p>Nuestra base jur\u00eddica para el tratamiento de datos es <strong>inter\u00e9s leg\u00edtimo.<\/strong> Somos principalmente un sitio web informativo y, aunque t\u00e9cnicamente somos responsables del tratamiento de datos, procesamos cantidades m\u00ednimas de datos personales y s\u00f3lo utilizamos herramientas est\u00e1ndar de terceros.<\/p>\n\n\n\n<p>En pocas palabras, estas son las herramientas y plataformas que utilizamos, por qu\u00e9 las utilizamos y c\u00f3mo puede gestionar sus datos en ellas. Si desea bloquear el acceso a estas herramientas, no solo en nuestro sitio, sino en toda la web, le recomendamos que busque una soluci\u00f3n como <a href=\"https:\/\/www.ghostery.com\/\" target=\"_blank\" rel=\"noopener\">Ghostery<\/a>.<\/p>\n\n\n\n<ul class=\"wp-block-list\">\n<li><strong>Plausible:<\/strong> Se utiliza para realizar un seguimiento global del uso del sitio web. No lo utilizamos para rastrear usuarios individuales. Puede conocer <a href=\"https:\/\/plausible.io\/\" target=\"_blank\" rel=\"noopener\">M\u00e1s informaci\u00f3n<\/a>.<\/li>\n\n\n\n<li><strong>Facebook Social Graph:<\/strong> Esto ayuda a que sea m\u00e1s f\u00e1cil compartir nuestro contenido en Facebook y muestra con qu\u00e9 frecuencia se ha compartido el contenido en Facebook. Ver Facebook's <a href=\"https:\/\/www.facebook.com\/help\/1701730696756992\/?helpref=hc_fnav\" rel=\"noreferrer noopener\" target=\"_blank\">P\u00e1gina de datos<\/a> para saber m\u00e1s sobre c\u00f3mo utilizan tus datos.<\/li>\n\n\n\n<li><strong>Consentimiento de cookies:<\/strong> Se utiliza para informar a los usuarios de que utilizamos cookies y otras herramientas y plataformas de terceros. Es proporcionada por Silktide y puede <a href=\"https:\/\/cookieconsent.insites.com\/\" rel=\"noreferrer noopener\" target=\"_blank\">m\u00e1s informaci\u00f3n<\/a>.<\/li>\n\n\n\n<li><strong>Kinsta:<\/strong> Ellos alojan nuestro sitio web y pueden tener registros sobre todos los visitantes de este sitio, aunque nosotros no tenemos acceso directo a ellos. Puede obtener m\u00e1s informaci\u00f3n sobre los datos que pueden tener en su <a href=\"https:\/\/kinsta.com\/legal\/privacy-policy\/\" rel=\"noreferrer noopener\" target=\"_blank\">pol\u00edtica de privacidad<\/a>.<\/li>\n\n\n\n<li><strong>Compartir en redes sociales:<\/strong> Adem\u00e1s de Facebook Social Graph tambi\u00e9n tenemos botones para compartir en Twitter, LinkedIn y Pintrest en nuestro sitio para ayudar a que sea m\u00e1s f\u00e1cil compartir nuestro contenido en esas plataformas. Puedes ver <a href=\"https:\/\/www.linkedin.com\/legal\/privacy-policy\" target=\"_blank\" rel=\"noreferrer noopener\">Pol\u00edtica de privacidad de LinkedIn aqu\u00ed<\/a>, <a href=\"https:\/\/policy.pinterest.com\/en-gb\/privacy-policy\" target=\"_blank\" rel=\"noreferrer noopener\">Pol\u00edtica de privacidad de Pintrest<\/a> y Twitter <a href=\"https:\/\/twitter.com\/en\/privacy\" target=\"_blank\" rel=\"noreferrer noopener\">Pol\u00edtica de privacidad<\/a> aqu\u00ed<\/li>\n\n\n\n<li><strong>Beehiiv:<\/strong> Es nuestro proveedor de boletines por correo electr\u00f3nico. M\u00e1s informaci\u00f3n <a href=\"https:\/\/www.beehiiv.com\/\" target=\"_blank\" rel=\"noreferrer noopener\">aqu\u00ed<\/a>. <\/li>\n\n\n\n<li><strong>Enlaces afiliados\/externos:<\/strong> Ocasionalmente podemos incluir enlaces de afiliados para ayudar a mantener el sitio. Por lo general, lo indicamos en el propio art\u00edculo o a pie de p\u00e1gina. Cualquier tipo de seguimiento s\u00f3lo se produce si hace clic en un enlace externo. Si esto le preocupa, la opci\u00f3n m\u00e1s sencilla es no hacer clic en enlaces externos desde nuestro sitio web.<\/li>\n<\/ul>\n\n\n\n<p><strong>\u00bfQu\u00e9 informaci\u00f3n personal recogemos de las personas que visitan nuestro sitio web?<\/strong><\/p>\n\n\n\n<p>No recogemos ninguna informaci\u00f3n personal directamente, a menos que decida suscribirse a nuestro bolet\u00edn, pero algunos datos pueden ser recogidos por una o varias de las herramientas o plataformas mencionadas.<\/p>\n\n\n\n<p><strong>\u00bfCu\u00e1ndo recopilamos informaci\u00f3n?<\/strong><\/p>\n\n\n\n<p>Es posible que se recopile informaci\u00f3n mientras navega por el sitio.<\/p>\n\n\n\n<p><strong>\u00bfC\u00f3mo utilizamos su informaci\u00f3n?<\/strong><\/p>\n\n\n\n<p>Podemos utilizar la informaci\u00f3n que recopilamos de usted cuando navega por el sitio web o utiliza otras funciones del sitio de las siguientes maneras:<\/p>\n\n\n\n<ul class=\"wp-block-list\">\n<li>Mejorar nuestro sitio web para ofrecerle un mejor servicio.<\/li>\n\n\n\n<li>Monetizar el sitio para ayudar a mantener el acceso gratuito.<\/li>\n<\/ul>\n\n\n\n<p><strong>\u00bfC\u00f3mo protegemos la informaci\u00f3n de los visitantes?<\/strong><\/p>\n\n\n\n<p>No utilizamos escaneo de vulnerabilidades y\/o escaneo seg\u00fan normas PCI. Utilizamos un certificado SSL. S\u00f3lo proporcionamos art\u00edculos e informaci\u00f3n y no procesamos ning\u00fan tipo de datos de pago u otra informaci\u00f3n sensible.<\/p>\n\n\n\n<p><strong>\u00bfUtilizamos \"cookies\"?<\/strong><\/p>\n\n\n\n<p>S\u00ed. Las cookies son peque\u00f1os archivos que un sitio o su proveedor de servicios transfiere al disco duro de su ordenador a trav\u00e9s de su navegador web (si usted lo permite) y que permiten a los sistemas del sitio o del proveedor de servicios reconocer su navegador y capturar y recordar determinada informaci\u00f3n.<\/p>\n\n\n\n<p>Tambi\u00e9n se utilizan para ayudarnos a entender sus preferencias basadas en la actividad previa o actual del sitio, lo que nos permite ofrecerle servicios mejorados. Tambi\u00e9n utilizamos cookies para recopilar datos agregados sobre el tr\u00e1fico y la interacci\u00f3n en el sitio web, de modo que podamos ofrecer mejores experiencias y herramientas en el futuro.<\/p>\n\n\n\n<p><strong>Utilizamos cookies para:<\/strong><\/p>\n\n\n\n<ul class=\"wp-block-list\">\n<li>Haz un seguimiento de los anuncios.<\/li>\n\n\n\n<li>Recopilar datos agregados sobre el tr\u00e1fico y las interacciones en el sitio para ofrecer mejores experiencias y herramientas en el futuro.<\/li>\n\n\n\n<li>Tambi\u00e9n podemos utilizar servicios de terceros de confianza que rastreen esta informaci\u00f3n en nuestro nombre.<\/li>\n<\/ul>\n\n\n\n<p>Puede elegir que su ordenador le avise cada vez que se env\u00ede una cookie, o puede elegir desactivar todas las cookies. Esto se hace a trav\u00e9s de su navegador (como Internet Explorer, Chrome, Firefox, <a href=\"https:\/\/coinkickoff.com\/es_mx\/ethereum-classic-etc\/\" data-internallinksmanager029f6b8e52c=\"29\" title=\"\u00bfQu\u00e9 es el Ethereum Classic (ETC), c\u00f3mo funciona y d\u00f3nde comprarlo?\">etc.<\/a>.). Cada navegador es un poco diferente, as\u00ed que consulte el men\u00fa Ayuda de su navegador para conocer la forma correcta de modificar sus cookies.<\/p>\n\n\n\n<p>Si desactiva las cookies, algunas funciones quedar\u00e1n inhabilitadas. No afectar\u00e1 a la experiencia de los usuarios que hacen que su experiencia en el sitio sea m\u00e1s eficiente y algunos de nuestros servicios no funcionar\u00e1n correctamente.<\/p>\n\n\n\n<p><strong>Divulgaci\u00f3n a terceros<\/strong><\/p>\n\n\n\n<p>No vendemos, intercambiamos ni transferimos a terceros sus datos personales a menos que se lo notifiquemos con antelaci\u00f3n. Esto no incluye a los socios de alojamiento de sitios web y otras partes que nos ayudan a operar nuestro sitio web, llevar a cabo nuestro negocio o prestarle servicios, siempre que dichas partes se comprometan a mantener la confidencialidad de esta informaci\u00f3n. Tambi\u00e9n podemos divulgar su informaci\u00f3n cuando creamos que es apropiado para cumplir la ley, hacer cumplir las pol\u00edticas de nuestro sitio o proteger nuestros derechos, propiedad o seguridad o los de otros.<\/p>\n\n\n\n<p>No obstante, la informaci\u00f3n no personal de los visitantes puede facilitarse a terceros para fines de marketing, publicidad u otros usos.<\/p>\n\n\n\n<p><strong>Enlaces de terceros<\/strong><\/p>\n\n\n\n<p>Ocasionalmente, a nuestra discreci\u00f3n, podemos incluir u ofrecer productos o servicios de terceros en nuestro sitio web. Estos sitios de terceros tienen pol\u00edticas de privacidad separadas e independientes. Por lo tanto, no tenemos responsabilidad alguna por el contenido y las actividades de estos sitios enlazados. No obstante, tratamos de proteger la integridad de nuestro sitio y agradecemos cualquier comentario sobre estos sitios.<\/p>\n\n\n\n<p><strong>Google<\/strong><\/p>\n\n\n\n<p>Los requisitos publicitarios de Google pueden resumirse en los Principios publicitarios de Google. Su objetivo es ofrecer una experiencia positiva a los usuarios. <a href=\"https:\/\/support.google.com\/adwordspolicy\/answer\/1316548?hl=en\" target=\"_blank\" rel=\"noreferrer noopener\">https:\/\/support.google.com\/adwordspolicy\/answer\/1316548?hl=en<\/a><\/p>\n\n\n\n<p>Podemos utilizar la publicidad de Google AdSense en nuestro sitio web.<\/p>\n\n\n\n<p>Google, como proveedor de terceros, utiliza cookies para publicar anuncios en nuestro sitio. El uso de la cookie de DART por parte de Google le permite publicar anuncios a nuestros usuarios en funci\u00f3n de su visita a nuestro sitio y a otros sitios de Internet. Los usuarios pueden inhabilitar el uso de la cookie de DART visitando la p\u00e1gina <a href=\"https:\/\/www.google.com\/ads\/preferences\" target=\"_blank\" rel=\"noreferrer noopener\">Configuraci\u00f3n de anuncios de Google<\/a> y la pol\u00edtica de privacidad de la red de contenidos.<\/p>\n\n\n\n<p>Nosotros, junto con proveedores externos, como Google, utilizamos cookies de origen (como las cookies de Google Analytics) y cookies de terceros (como la cookie de DoubleClick) u otros identificadores de terceros para recopilar datos sobre las interacciones de los usuarios con las impresiones de anuncios y otras funciones de servicios publicitarios en relaci\u00f3n con nuestro sitio web.<\/p>\n\n\n\n<p><strong>No participar:<\/strong><\/p>\n\n\n\n<p>Los usuarios pueden establecer preferencias sobre el modo en que Google les env\u00eda publicidad mediante la funci\u00f3n <a href=\"https:\/\/www.google.com\/ads\/preferences\" target=\"_blank\" rel=\"noreferrer noopener\">P\u00e1gina de configuraci\u00f3n de anuncios de Google<\/a>. Si lo prefiere, puede excluirse visitando la p\u00e1gina de exclusi\u00f3n de la Network Advertising Initiative o utilizando de forma permanente el complemento de inhabilitaci\u00f3n para navegadores de Google Analytics.<\/p>\n\n\n\n<p><strong>Ley de Protecci\u00f3n de la Privacidad en L\u00ednea de California<\/strong><\/p>\n\n\n\n<p>CalOPPA es la primera ley estatal del pa\u00eds que obliga a los sitios web comerciales y a los servicios en l\u00ednea a publicar una pol\u00edtica de privacidad. El alcance de la ley se extiende mucho m\u00e1s all\u00e1 de California para exigir a cualquier persona o empresa de Estados Unidos (y posiblemente del mundo) que gestione sitios web que recopilen informaci\u00f3n personal identificable de consumidores californianos que publique en su sitio web una pol\u00edtica de privacidad bien visible en la que se indique exactamente la informaci\u00f3n que se recopila y las personas con las que se comparte, y que cumpla esta pol\u00edtica. - M\u00e1s informaci\u00f3n en: <a href=\"http:\/\/consumercal.org\/california-online-privacy-protection-act-caloppa\/#sthash.0FdRbT51.dpuf\" target=\"_blank\" rel=\"noreferrer noopener\">http:\/\/consumercal.org\/california-online-privacy-protection-act-caloppa\/#sthash.0FdRbT51.dpuf<\/a><\/p>\n\n\n\n<p><strong>Seg\u00fan la CalOPPA estamos de acuerdo con lo siguiente:<\/strong><\/p>\n\n\n\n<p>Los usuarios pueden visitar nuestro sitio de forma an\u00f3nima. Una vez creada esta pol\u00edtica de privacidad, a\u00f1adiremos un enlace a la misma en nuestra p\u00e1gina de inicio o, como m\u00ednimo, en la primera p\u00e1gina significativa tras entrar en nuestro sitio web. El enlace a nuestra pol\u00edtica de privacidad incluye la palabra \"Privacidad\", y puede encontrarse f\u00e1cilmente en la p\u00e1gina especificada anteriormente.<\/p>\n\n\n\n<p>Se notificar\u00e1 a los usuarios cualquier cambio en la pol\u00edtica de privacidad:<\/p>\n\n\n\n<ul class=\"wp-block-list\">\n<li>En nuestra p\u00e1gina de Pol\u00edtica de privacidad<\/li>\n<\/ul>\n\n\n\n<p>Los usuarios pueden modificar sus datos personales:<\/p>\n\n\n\n<ul class=\"wp-block-list\">\n<li>Por correo electr\u00f3nico<\/li>\n<\/ul>\n\n\n\n<p><strong>\u00bfC\u00f3mo gestiona nuestro sitio las se\u00f1ales de no rastreo?<\/strong><\/p>\n\n\n\n<p>Honramos las se\u00f1ales de no rastreo y no rastreamos, plantamos cookies ni utilizamos publicidad cuando existe un mecanismo de no rastreo (DNT) en el navegador.<\/p>\n\n\n\n<p><strong>\u00bfPermite nuestro sitio el seguimiento del comportamiento por parte de terceros?<\/strong><\/p>\n\n\n\n<p>Tambi\u00e9n es importante se\u00f1alar que no permitimos el seguimiento del comportamiento por parte de terceros.<\/p>\n\n\n\n<p><strong>COPPA (Ley de Protecci\u00f3n de la Privacidad Infantil en Internet)<\/strong><\/p>\n\n\n\n<p>Cuando se trata de recopilar informaci\u00f3n personal de ni\u00f1os menores de 13 a\u00f1os, la Ley de Protecci\u00f3n de la Privacidad Infantil en Internet (COPPA) pone a los padres al mando. La Comisi\u00f3n Federal de Comercio, la agencia nacional de protecci\u00f3n del consumidor, hace cumplir la norma COPPA, que especifica lo que deben hacer los operadores de sitios web y servicios en l\u00ednea para proteger la privacidad y la seguridad de los ni\u00f1os en l\u00ednea.<\/p>\n\n\n\n<p>No comercializamos espec\u00edficamente con menores de 13 a\u00f1os y este sitio web est\u00e1 dirigido a un p\u00fablico mayor de 18 a\u00f1os.<\/p>\n\n\n\n<p><strong>Ley CAN SPAM<\/strong><\/p>\n\n\n\n<p>La Ley CAN-SPAM establece normas para el correo electr\u00f3nico comercial, fija requisitos para los mensajes comerciales, otorga a los destinatarios el derecho a impedir que se les env\u00eden correos electr\u00f3nicos y prev\u00e9 duras sanciones en caso de infracci\u00f3n.<\/p>\n\n\n\n<p><strong>Recopilamos su direcci\u00f3n de correo electr\u00f3nico para:<\/strong><\/p>\n\n\n\n<ul class=\"wp-block-list\">\n<li>Enviar informaci\u00f3n, responder a consultas y\/u otras solicitudes o preguntas.<\/li>\n\n\n\n<li>Env\u00ede publicidad a nuestra lista de correo<\/li>\n<\/ul>\n\n\n\n<p><strong>Para estar de acuerdo con CANSPAM estamos de acuerdo con lo siguiente:<\/strong><\/p>\n\n\n\n<ul class=\"wp-block-list\">\n<li>NO utilizar asuntos o direcciones de correo electr\u00f3nico falsos o enga\u00f1osos.<\/li>\n\n\n\n<li>Identificar el mensaje como un anuncio de alguna manera razonable<\/li>\n\n\n\n<li>Incluya la direcci\u00f3n f\u00edsica de la sede de nuestra empresa o centro<\/li>\n\n\n\n<li>Supervisar el cumplimiento de los servicios de marketing por correo electr\u00f3nico de terceros, si se utilizan.<\/li>\n\n\n\n<li>Atienda r\u00e1pidamente las solicitudes de baja<\/li>\n\n\n\n<li>Permitir a los usuarios darse de baja utilizando el enlace que aparece en la parte inferior de cada correo electr\u00f3nico.<\/li>\n<\/ul>\n\n\n\n<p><strong><br>Si en cualquier momento desea darse de baja para no recibir m\u00e1s correos electr\u00f3nicos, puede<\/strong> Siga las instrucciones que aparecen al final de cada correo electr\u00f3nico. y le daremos de baja r\u00e1pidamente de <strong>TODOS<\/strong> correspondencia.<\/p>\n\n\n\n<p><strong>Contacto<\/strong><\/p>\n\n\n\n<p>Si tiene alguna pregunta sobre esta pol\u00edtica de privacidad puede <a href=\"https:\/\/fleetlogging.com\/contact-us\/\" rel=\"noreferrer noopener\" target=\"_blank\">p\u00f3ngase en contacto con nosotros<\/a>.<\/p>\n\n\n\n<div id=\"ez-toc-container\" class=\"ez-toc-v2_0_80 counter-hierarchy ez-toc-counter ez-toc-transparent ez-toc-container-direction\">\n<div class=\"ez-toc-title-container\">\n<p class=\"ez-toc-title\" style=\"cursor:inherit\">Secciones<\/p>\n<span class=\"ez-toc-title-toggle\"><a href=\"#\" class=\"ez-toc-pull-right ez-toc-btn ez-toc-btn-xs ez-toc-btn-default ez-toc-toggle\" aria-label=\"Tabla de contenidos\"><span class=\"ez-toc-js-icon-con\"><span class=\"\"><span class=\"eztoc-hide\" style=\"display:none;\">Toggle<\/span><span class=\"ez-toc-icon-toggle-span\"><svg style=\"fill: #999;color:#999\" xmlns=\"http:\/\/www.w3.org\/2000\/svg\" class=\"list-377408\" width=\"20px\" height=\"20px\" viewbox=\"0 0 24 24\" fill=\"none\"><path d=\"M6 6H4v2h2V6zm14 0H8v2h12V6zM4 11h2v2H4v-2zm16 0H8v2h12v-2zM4 16h2v2H4v-2zm16 0H8v2h12v-2z\" fill=\"currentColor\"><\/path><\/svg><svg style=\"fill: #999;color:#999\" class=\"arrow-unsorted-368013\" xmlns=\"http:\/\/www.w3.org\/2000\/svg\" width=\"10px\" height=\"10px\" viewbox=\"0 0 24 24\" version=\"1.2\" baseprofile=\"tiny\"><path d=\"M18.2 9.3l-6.2-6.3-6.2 6.3c-.2.2-.3.4-.3.7s.1.5.3.7c.2.2.4.3.7.3h11c.3 0 .5-.1.7-.3.2-.2.3-.5.3-.7s-.1-.5-.3-.7zM5.8 14.7l6.2 6.3 6.2-6.3c.2-.2.3-.5.3-.7s-.1-.5-.3-.7c-.2-.2-.4-.3-.7-.3h-11c-.3 0-.5.1-.7.3-.2.2-.3.5-.3.7s.1.5.3.7z\"\/><\/svg><\/span><\/span><\/span><\/a><\/span><\/div>\n<nav><ul class='ez-toc-list ez-toc-list-level-1 eztoc-toggle-hide-by-default' ><li class='ez-toc-page-1 ez-toc-heading-level-2'><a class=\"ez-toc-link ez-toc-heading-1\" href=\"https:\/\/coinkickoff.com\/es_mx\/privacy-policy\/#Comments\" >Comentarios<\/a><\/li><li class='ez-toc-page-1 ez-toc-heading-level-2'><a class=\"ez-toc-link ez-toc-heading-2\" href=\"https:\/\/coinkickoff.com\/es_mx\/privacy-policy\/#Media\" >Medios de comunicaci\u00f3n<\/a><\/li><li class='ez-toc-page-1 ez-toc-heading-level-2'><a class=\"ez-toc-link ez-toc-heading-3\" href=\"https:\/\/coinkickoff.com\/es_mx\/privacy-policy\/#Cookies\" >Cookies<\/a><\/li><li class='ez-toc-page-1 ez-toc-heading-level-2'><a class=\"ez-toc-link ez-toc-heading-4\" href=\"https:\/\/coinkickoff.com\/es_mx\/privacy-policy\/#Embedded_content_from_other_websites\" >Contenido incrustado de otros sitios web<\/a><\/li><li class='ez-toc-page-1 ez-toc-heading-level-2'><a class=\"ez-toc-link ez-toc-heading-5\" href=\"https:\/\/coinkickoff.com\/es_mx\/privacy-policy\/#Who_we_share_your_data_with\" >Con qui\u00e9n compartimos sus datos<\/a><\/li><li class='ez-toc-page-1 ez-toc-heading-level-2'><a class=\"ez-toc-link ez-toc-heading-6\" href=\"https:\/\/coinkickoff.com\/es_mx\/privacy-policy\/#What_rights_you_have_over_your_data\" >Qu\u00e9 derechos tiene sobre sus datos<\/a><\/li><li class='ez-toc-page-1 ez-toc-heading-level-2'><a class=\"ez-toc-link ez-toc-heading-7\" href=\"https:\/\/coinkickoff.com\/es_mx\/privacy-policy\/#Where_we_send_your_data\" >D\u00f3nde enviamos sus datos<\/a><\/li><\/ul><\/nav><\/div>\n<h2 class=\"wp-block-heading\"><span class=\"ez-toc-section\" id=\"Comments\"><\/span>Comentarios<span class=\"ez-toc-section-end\"><\/span><\/h2>\n\n\n\n<p>Cuando los visitantes dejan comentarios en el sitio, recogemos los datos que aparecen en el formulario de comentarios, as\u00ed como la direcci\u00f3n IP del visitante y la cadena de agentes de usuario del navegador para ayudar a la detecci\u00f3n de spam.<\/p>\n\n\n\n<p>Una cadena anonimizada creada a partir de su direcci\u00f3n de correo electr\u00f3nico (tambi\u00e9n llamada hash) puede ser proporcionada al servicio Gravatar para saber si usted la est\u00e1 utilizando. La pol\u00edtica de privacidad del servicio Gravatar est\u00e1 disponible aqu\u00ed: https:\/\/automattic.com\/privacy\/. Tras la aprobaci\u00f3n de tu comentario, tu foto de perfil es visible al p\u00fablico en el contexto de tu comentario.<\/p>\n\n\n\n<h2 class=\"wp-block-heading\"><span class=\"ez-toc-section\" id=\"Media\"><\/span>Medios de comunicaci\u00f3n<span class=\"ez-toc-section-end\"><\/span><\/h2>\n\n\n\n<p>Si subes im\u00e1genes al sitio web, debes evitar subir im\u00e1genes con datos de localizaci\u00f3n incrustados (EXIF GPS) incluidos. Los visitantes del sitio web pueden descargar y extraer cualquier dato de localizaci\u00f3n de las im\u00e1genes del sitio web.<\/p>\n\n\n\n<h2 class=\"wp-block-heading\"><span class=\"ez-toc-section\" id=\"Cookies\"><\/span>Cookies<span class=\"ez-toc-section-end\"><\/span><\/h2>\n\n\n\n<p>Si deja un comentario en nuestro sitio, puede optar por guardar su nombre, direcci\u00f3n de correo electr\u00f3nico y sitio web en cookies. Esto es para su comodidad, para que no tenga que volver a rellenar sus datos cuando deje otro comentario. Estas cookies durar\u00e1n un a\u00f1o.<\/p>\n\n\n\n<p>Si visita nuestra p\u00e1gina de inicio de sesi\u00f3n, instalaremos una cookie temporal para determinar si su navegador acepta cookies. Esta cookie no contiene datos personales y se desecha al cerrar el navegador.<\/p>\n\n\n\n<p>Cuando inicie sesi\u00f3n, tambi\u00e9n instalaremos varias cookies para guardar su informaci\u00f3n de inicio de sesi\u00f3n y sus opciones de visualizaci\u00f3n en pantalla. Las cookies de inicio de sesi\u00f3n duran dos d\u00edas, y las de opciones de pantalla, un a\u00f1o. Si selecciona \"Recordarme\", sus datos de acceso permanecer\u00e1n durante dos semanas. Si sale de su cuenta, se eliminar\u00e1n las cookies de inicio de sesi\u00f3n.<\/p>\n\n\n\n<p>Si edita o publica un art\u00edculo, se guardar\u00e1 una cookie adicional en su navegador. Esta cookie no incluye datos personales y se limita a indicar el ID de publicaci\u00f3n del art\u00edculo que acaba de editar. Caduca al cabo de 1 d\u00eda.<\/p>\n\n\n\n<h2 class=\"wp-block-heading\"><span class=\"ez-toc-section\" id=\"Embedded_content_from_other_websites\"><\/span>Contenido incrustado de otros sitios web<span class=\"ez-toc-section-end\"><\/span><\/h2>\n\n\n\n<p>Los art\u00edculos de este sitio pueden incluir contenido incrustado (por ejemplo, v\u00eddeos, im\u00e1genes, art\u00edculos, etc.). El contenido incrustado de otros sitios web se comporta exactamente igual que si el visitante hubiera visitado el otro sitio web.<\/p>\n\n\n\n<p>Estos sitios web pueden recopilar datos sobre usted, utilizar cookies, incrustar seguimiento adicional de terceros y supervisar su interacci\u00f3n con ese contenido incrustado, incluido el seguimiento de su interacci\u00f3n con el contenido incrustado si tiene una cuenta y ha iniciado sesi\u00f3n en ese sitio web.<\/p>\n\n\n\n<h2 class=\"wp-block-heading\"><span class=\"ez-toc-section\" id=\"Who_we_share_your_data_with\"><\/span>Con qui\u00e9n compartimos sus datos<span class=\"ez-toc-section-end\"><\/span><\/h2>\n\n\n\n<p>Cu\u00e1nto tiempo conservamos sus datos<\/p>\n\n\n\n<p>Si deja un comentario, el comentario y sus metadatos se conservan indefinidamente. As\u00ed podemos reconocer y aprobar autom\u00e1ticamente cualquier comentario posterior en lugar de retenerlo en una cola de moderaci\u00f3n.<\/p>\n\n\n\n<p>En el caso de los usuarios que se registran en nuestro sitio web (si los hay), tambi\u00e9n almacenamos la informaci\u00f3n personal que proporcionan en su perfil de usuario. Todos los usuarios pueden ver, editar o borrar su informaci\u00f3n personal en cualquier momento (excepto que no pueden cambiar su nombre de usuario). Los administradores del sitio web tambi\u00e9n pueden ver y modificar esa informaci\u00f3n.<\/p>\n\n\n\n<h2 class=\"wp-block-heading\"><span class=\"ez-toc-section\" id=\"What_rights_you_have_over_your_data\"><\/span>Qu\u00e9 derechos tiene sobre sus datos<span class=\"ez-toc-section-end\"><\/span><\/h2>\n\n\n\n<p>Si tiene una cuenta en este sitio o ha dejado comentarios, puede solicitar que le enviemos un archivo exportado de los datos personales que tenemos sobre usted, incluidos los que nos haya facilitado. Tambi\u00e9n puede solicitar que borremos cualquier dato personal que tengamos sobre usted. Esto no incluye los datos que estemos obligados a conservar por motivos administrativos, legales o de seguridad.<\/p>\n\n\n\n<h2 class=\"wp-block-heading\"><span class=\"ez-toc-section\" id=\"Where_we_send_your_data\"><\/span>D\u00f3nde enviamos sus datos<span class=\"ez-toc-section-end\"><\/span><\/h2>\n\n\n\n<p>Los comentarios de los visitantes pueden ser controlados por un servicio automatizado de detecci\u00f3n de spam.<\/p>","protected":false},"excerpt":{"rendered":"<p>Esta pol\u00edtica de privacidad ha sido recopilada por Coin Kickoff (propiedad de Brilliant British Ltd, n\u00famero de empresa 10490224 (registrada en Inglaterra y Gales), direcci\u00f3n de la oficina registrada: 3rd Floor Great Titchfield House, 14-18 Great Titchfield Street, Londres, Reino Unido, W1W 8BD.) para servir mejor a aquellos que est\u00e1n preocupados por c\u00f3mo su \"informaci\u00f3n personal identificable\" (PII) est\u00e1 siendo [...].<\/p>","protected":false},"author":1,"featured_media":0,"parent":0,"menu_order":0,"comment_status":"closed","ping_status":"open","template":"","meta":{"_genesis_hide_title":false,"_genesis_hide_breadcrumbs":false,"_genesis_hide_singular_image":false,"_genesis_hide_footer_widgets":false,"_genesis_custom_body_class":"","_genesis_custom_post_class":"","_genesis_layout":"","_glsr_average":0,"_glsr_ranking":0,"_glsr_reviews":0,"footnotes":""},"class_list":{"0":"post-3","1":"page","2":"type-page","3":"status-publish","5":"entry"},"featured_image_src":null,"featured_image_src_square":null,"_links":{"self":[{"href":"https:\/\/coinkickoff.com\/es_mx\/wp-json\/wp\/v2\/pages\/3","targetHints":{"allow":["GET"]}}],"collection":[{"href":"https:\/\/coinkickoff.com\/es_mx\/wp-json\/wp\/v2\/pages"}],"about":[{"href":"https:\/\/coinkickoff.com\/es_mx\/wp-json\/wp\/v2\/types\/page"}],"author":[{"embeddable":true,"href":"https:\/\/coinkickoff.com\/es_mx\/wp-json\/wp\/v2\/users\/1"}],"replies":[{"embeddable":true,"href":"https:\/\/coinkickoff.com\/es_mx\/wp-json\/wp\/v2\/comments?post=3"}],"version-history":[{"count":1,"href":"https:\/\/coinkickoff.com\/es_mx\/wp-json\/wp\/v2\/pages\/3\/revisions"}],"predecessor-version":[{"id":1779,"href":"https:\/\/coinkickoff.com\/es_mx\/wp-json\/wp\/v2\/pages\/3\/revisions\/1779"}],"wp:attachment":[{"href":"https:\/\/coinkickoff.com\/es_mx\/wp-json\/wp\/v2\/media?parent=3"}],"curies":[{"name":"wp","href":"https:\/\/api.w.org\/{rel}","templated":true}]}}