{"id":9,"date":"2026-01-08T14:07:51","date_gmt":"2026-01-08T14:07:51","guid":{"rendered":"https:\/\/coinkickoff.com\/?page_id=9"},"modified":"2026-01-08T14:07:51","modified_gmt":"2026-01-08T14:07:51","slug":"sobre-nosotros","status":"publish","type":"page","link":"https:\/\/coinkickoff.com\/es\/sobre-nosotros\/","title":{"rendered":"Acerca de"},"content":{"rendered":"<h1 class=\"wp-block-genesis-blocks-gb-spacer gb-block-spacer gb-divider-solid gb-divider-size-1\" style=\"color: #ddd;\">Acerca de Coin Kickoff\u00a0<\/h1>\r\n<div class=\"wp-block-columns has-2-columns\">\r\n<div class=\"wp-block-column\">\r\n<p>He creado Coin Kickoff porque creo que cripto\/<a href=\"https:\/\/coinkickoff.com\/es\/what-is-web-3-0\/\" data-internallinksmanager029f6b8e52c=\"184\" title=\"\u00bfQu\u00e9 es la Web 3.0?\">web3<\/a> es demasiado complicado.<\/p>\r\n\r\n\r\n\r\n<p>Mi nombre es Ian Wright y empec\u00e9 a incursionar en las criptomonedas en <strong>2017<\/strong> cuando <a href=\"https:\/\/coinkickoff.com\/es\/bitcoin-btc\/\" data-internallinksmanager029f6b8e52c=\"1\" title=\"\u00bfQu\u00e9 es Bitcoin (BTC)? Precio, historia y d\u00f3nde comprarlo\">Bitcoin<\/a> hizo su primer encierro hasta casi <strong>$20,000<\/strong> cada uno.<\/p>\r\n\r\n\r\n\r\n<p>Tuve la suerte de ganar un poco de dinero en ese momento. Despu\u00e9s me olvid\u00e9 r\u00e1pidamente de las criptomonedas.<\/p>\r\n\r\n\r\n\r\n<p>Supuse que la burbuja hab\u00eda estallado. Me sent\u00ed afortunado de haber salido cuando lo hice.<\/p>\r\n\r\n\r\n\r\n<p>Todo parec\u00eda una gigantesca estafa y acabar\u00eda desapareciendo.<\/p>\r\n\r\n\r\n\r\n<p><strong>Entonces ocurri\u00f3 algo extra\u00f1o.<\/strong><\/p>\r\n\r\n\r\n\r\n<p>En el oto\u00f1o de <strong>2020<\/strong> Empec\u00e9 a escuchar a la gente hablar de Bitcoin y de criptograf\u00eda de nuevo.<\/p>\r\n\r\n\r\n\r\n<p>Al principio lo descart\u00e9. Bitcoin era tan <strong>2017<\/strong>.<\/p>\r\n\r\n\r\n\r\n<p>Adem\u00e1s, era una estafa de todos modos.<\/p>\r\n\r\n\r\n\r\n<p>Pero finalmente cambi\u00e9 de opini\u00f3n cuando el precio del Bitcoin super\u00f3 su m\u00e1ximo hist\u00f3rico.<\/p>\r\n\r\n\r\n\r\n<p>En mi mente esto no deb\u00eda ocurrir.<\/p>\r\n\r\n\r\n\r\n<p>Fui y sigo siendo esc\u00e9ptico sobre el valor de Bitcoin, cripto, web3 y el Blockchain.<\/p>\r\n\r\n\r\n\r\n<p>Pero ya no creo que vayan a desaparecer pronto.<\/p>\r\n\r\n\r\n\r\n<p><strong>Incluso me decid\u00ed a invertir de nuevo. <\/strong><\/p>\r\n\r\n\r\n\r\n<p>Pero a diferencia de la \u00faltima vez, perd\u00ed dinero. \u00a1En un mercado alcista!<\/p>\r\n\r\n\r\n\r\n<p>Por lo tanto, decid\u00ed educarme a m\u00ed mismo.<\/p>\r\n\r\n\r\n\r\n<p>Y por eso he creado Coin Kickoff.<\/p>\r\n\r\n\r\n\r\n<p>El objetivo es sencillo: explicar qu\u00e9 son los distintos coin, qu\u00e9 hacen y d\u00f3nde comprarlos.<\/p>\r\n\r\n\r\n\r\n<p>Todo ello de forma sencilla y f\u00e1cil de entender.<\/p>\r\n\r\n\r\n\r\n<p>Y para que quede claro, no tengo ni idea de lo que estoy haciendo. Nada en este sitio web debe tomarse como una promoci\u00f3n de cualquier tipo de inversi\u00f3n.<\/p>\r\n\r\n\r\n\r\n<p>Espero que la mayor\u00eda de los coin <strong>se pondr\u00e1 a cero<\/strong>.<\/p>\r\n\r\n\r\n\r\n<p>Piensa en el Coin Kickoff como un punto de partida para aprender a\u00fan m\u00e1s sobre las diversas opciones de criptograf\u00eda que existen.<\/p>\r\n\r\n\r\n\r\n<p>Todas las publicaciones y gu\u00edas son s\u00f3lo para fines informativos.<\/p>\r\n\r\n\r\n\r\n<p>Y nunca, nunca, pongas m\u00e1s dinero del que puedas permitirte perder.<\/p>\r\n\r\n\r\n\r\n<p>&nbsp;<\/p>\r\n<\/div>\r\n<!-- \/wp:post-content --><\/div>\r\n<!-- \/wp:columns -->\r\n\r\n<!-- wp:paragraph -->\r\n<p>&nbsp;<\/p>\r\n<!-- \/wp:paragraph -->","protected":false},"excerpt":{"rendered":"<p>Mi nombre es Ian Wright y empec\u00e9 a incursionar en las criptomonedas en 2017, cuando Bitcoin hizo su primera carrera alcista hasta casi $20.000 cada una. Tuve la suerte de que realmente logr\u00e9 hacer un poco de dinero en ese momento. Luego me olvid\u00e9 r\u00e1pidamente de las criptomonedas. Supuse que la burbuja hab\u00eda estallado. I [...]<\/p>","protected":false},"author":1,"featured_media":10,"parent":0,"menu_order":0,"comment_status":"closed","ping_status":"closed","template":"","meta":{"_genesis_hide_title":true,"_genesis_hide_breadcrumbs":true,"_genesis_hide_singular_image":true,"_genesis_hide_footer_widgets":false,"_genesis_custom_body_class":"","_genesis_custom_post_class":"","_genesis_layout":"full-width-content","_glsr_average":0,"_glsr_ranking":0,"_glsr_reviews":0,"footnotes":""},"class_list":{"0":"post-9","1":"page","2":"type-page","3":"status-publish","4":"has-post-thumbnail","6":"entry"},"featured_image_src":"https:\/\/coinkickoff.com\/wp-content\/uploads\/2022\/03\/about-600x400.jpg","featured_image_src_square":"https:\/\/coinkickoff.com\/wp-content\/uploads\/2022\/03\/about-600x600.jpg","_links":{"self":[{"href":"https:\/\/coinkickoff.com\/es\/wp-json\/wp\/v2\/pages\/9","targetHints":{"allow":["GET"]}}],"collection":[{"href":"https:\/\/coinkickoff.com\/es\/wp-json\/wp\/v2\/pages"}],"about":[{"href":"https:\/\/coinkickoff.com\/es\/wp-json\/wp\/v2\/types\/page"}],"author":[{"embeddable":true,"href":"https:\/\/coinkickoff.com\/es\/wp-json\/wp\/v2\/users\/1"}],"replies":[{"embeddable":true,"href":"https:\/\/coinkickoff.com\/es\/wp-json\/wp\/v2\/comments?post=9"}],"version-history":[{"count":6,"href":"https:\/\/coinkickoff.com\/es\/wp-json\/wp\/v2\/pages\/9\/revisions"}],"predecessor-version":[{"id":79,"href":"https:\/\/coinkickoff.com\/es\/wp-json\/wp\/v2\/pages\/9\/revisions\/79"}],"wp:featuredmedia":[{"embeddable":true,"href":"https:\/\/coinkickoff.com\/es\/wp-json\/wp\/v2\/media\/10"}],"wp:attachment":[{"href":"https:\/\/coinkickoff.com\/es\/wp-json\/wp\/v2\/media?parent=9"}],"curies":[{"name":"wp","href":"https:\/\/api.w.org\/{rel}","templated":true}]}}