{"id":820,"date":"2026-01-08T14:06:29","date_gmt":"2026-01-08T14:06:29","guid":{"rendered":"https:\/\/coinkickoff.com\/?page_id=820"},"modified":"2026-01-08T14:06:29","modified_gmt":"2026-01-08T14:06:29","slug":"prices-nzd","status":"publish","type":"page","link":"https:\/\/coinkickoff.com\/es\/prices\/prices-nzd\/","title":{"rendered":"Los 100 mejores precios de las criptodivisas en vivo en el d\u00f3lar neozeland\u00e9s (NZD)"},"content":{"rendered":"<p>Consulte las actualizaciones de precios en tiempo real en d\u00f3lar neozeland\u00e9s (NZD) de <a href=\"https:\/\/coinkickoff.com\/es\/bitcoin-btc\/\" data-internallinksmanager029f6b8e52c=\"1\" title=\"\u00bfQu\u00e9 es Bitcoin (BTC)? Precio, historia y d\u00f3nde comprarlo\">bitcoin<\/a> y las otras 100 criptomonedas principales. <\/p>\n<!-- Cryptocurrency Widgets PRO 4.1.2  !--><div  class=\"ccpw-widget\" id=\"ccpw-list-widget-1338\" ><div class=\"ccpw_react_widget\" id=\"ccpw_react_widgets_13381571873367\" data-attribute=\"{&quot;type&quot;:&quot;list-widget&quot;,&quot;selected_currency&quot;:&quot;NZD&quot;,&quot;design&quot;:&quot;style-4&quot;,&quot;header&quot;:&quot;&quot;,&quot;show_chart&quot;:&quot;&quot;,&quot;custom_currency&quot;:&quot;&quot;,&quot;show_coins&quot;:&quot;100&quot;,&quot;MbFormating&quot;:&quot;on&quot;,&quot;live_changes&quot;:&quot;&quot;,&quot;display_changes&quot;:&quot;on&quot;}\"><\/div><\/div><style type='text\/css'>\r\n\t\t\t  .ccpw-widget #ccpw-list-widget-1338{background-color:#ffffff;color:#000;}\r\n\t\t\t  .ccpw-widget .ccpw_table tr #ccpw-list-widget-1338 {background-color:#ffffff;}\r\n\t\t\t  .ccpw-widget #ccpw-list-widget-1338.table {background-color:#ffffff;color:#000; box-shadow:inset 0px 0px 0px 3px rgba(0,0,0,0.25);}\r\n\t\t\t  #ccpw-list-widget-1338 .ccpw_table > tbody > tr > td,\r\n\t\t\t  #ccpw-list-widget-1338 .ccpw_table > tbody > tr > td .ticker-price,\r\n\t\t\t  #ccpw-list-widget-1338 .ccpw_table > tbody > tr > td.price,\r\n\t\t\t  #ccpw-list-widget-1338 .ccpw_table.table tr ,\r\n\t\t\t  #ccpw-list-widget-1338 .ccpw_table.table > thead > tr > th {border-color:rgba(0,0,0,0.25) !important;color:#000;background-color:#ffffff;}\r\n\t\t\t   .ccpw_table span.symbol { position:initial !Important; }<\/style>\n<div class=\"cg-choice-box-six   cg-blue\" ><div class=\"cg-cb-row\"><div class=\"cg-cb-items\" id=\"product-265843\"><div class=\"cg-cb-top-head\"><div class=\"cg-cb-top-pick\">La mayor\u00eda Coins<\/div><\/div><a href=\"https:\/\/accounts.binance.com\/register?ref=BLJQ60RW\" target=\"_blank\" rel=\"nofollow noopener\" class=\"cg-aff-link cg-cb-img\" data-post-title=\"Binance\" data-aff-link=\"https:\/\/accounts.binance.com\/register?ref=BLJQ60RW\" data-post-type=\"top\" data-post-id=\"127750\"><img decoding=\"async\" src=\"https:\/\/coinkickoff.com\/wp-content\/uploads\/2022\/10\/Binance_logo.png\" class=\"cg-img-1\" alt=\"Binance\" style=\"\"><\/a><div class=\"cg-cb-title\"><a href=\"https:\/\/accounts.binance.com\/register?ref=BLJQ60RW\" class=\"cg-aff-link\" data-post-id=\"127750\" data-post-type=\"top\" data-aff-link=\"https:\/\/accounts.binance.com\/register?ref=BLJQ60RW\" data-post-title=\"Binance\" target=\"\" rel=\"nofollow noopener\">Binance<\/a><\/span><\/div><div class=\"cg-cb-content\"><ul><li><strong>350+<\/strong> Lista de criptomonedas<\/li><li><strong>&lt;0,10%<\/strong> Tasas de transacci\u00f3n<\/li><li><strong>120 millones de euros<\/strong> Usuarios registrados<\/li><li>Fondo de activos seguros para los usuarios<\/li><li>Ganar con los dep\u00f3sitos<\/li><\/ul><\/div><div class=\"cg-cb-btn\"><span class='cta-copy'><a href=\"https:\/\/accounts.binance.com\/register?ref=BLJQ60RW\" class=\"cg-one-button cg-btn cg-red  cg-aff-link cg-btn-lg\" data-post-id=\"127750\" data-post-type=\"top\" data-aff-link=\"https:\/\/accounts.binance.com\/register?ref=BLJQ60RW\" data-style=\"default\" data-post-title=\"Binance\" data-extra=\"arrow\" style=\"\" target=\"\" rel=\"nofollow noopener\">Empezar a trabajar<\/a><\/span><\/span><\/div><\/div><div class=\"cg-cb-items\" id=\"product-265829\"><div class=\"cg-cb-top-head\"><div class=\"cg-cb-top-pick\">La mayor\u00eda de los pa\u00edses<\/div><\/div><a href=\"https:\/\/kraken.pxf.io\/756J3y\" target=\"_blank\" rel=\"nofollow noopener\" class=\"cg-aff-link cg-cb-img\" data-post-title=\"Kraken\" data-aff-link=\"https:\/\/kraken.pxf.io\/756J3y\" data-post-type=\"top\" data-post-id=\"127750\"><img decoding=\"async\" src=\"https:\/\/coinkickoff.com\/wp-content\/uploads\/Kraken-logo.webp\" class=\"cg-img-1\" alt=\"Kraken\" style=\"\"><\/a><div class=\"cg-cb-title\"><a href=\"https:\/\/kraken.pxf.io\/756J3y\" class=\"cg-aff-link\" data-post-id=\"127750\" data-post-type=\"top\" data-aff-link=\"https:\/\/kraken.pxf.io\/756J3y\" data-post-title=\"Kraken\" target=\"\" rel=\"nofollow noopener\">Kraken<\/a><\/span><\/div><div class=\"cg-cb-content\"><ul><li>Con base en Estados Unidos<\/li><li>Empieza con tan poco como <strong>$10<\/strong><\/li><li>Comprar y vender <strong>200+<\/strong> criptomonedas<\/li><li>Soluci\u00f3n Pro para grandes operadores<\/li><li>Disponible en <strong>190+<\/strong> pa\u00edses<\/li><\/ul><\/div><div class=\"cg-cb-btn\"><span class='cta-copy'><a href=\"https:\/\/kraken.pxf.io\/756J3y\" class=\"cg-one-button cg-btn cg-red  cg-aff-link cg-btn-lg\" data-post-id=\"127750\" data-post-type=\"top\" data-aff-link=\"https:\/\/kraken.pxf.io\/756J3y\" data-style=\"default\" data-post-title=\"Kraken\" data-extra=\"arrow\" style=\"\" target=\"\" rel=\"nofollow noopener\">Empezar a trabajar<\/a><\/span><\/span><\/div><\/div><div class=\"cg-cb-items\" id=\"product-265822\"><div class=\"cg-cb-top-head\"><div class=\"cg-cb-top-pick\">Con base en Estados Unidos<\/div><\/div><a href=\"https:\/\/coinbase-consumer.sjv.io\/ORPoaG\" target=\"_blank\" rel=\"nofollow noopener\" class=\"cg-aff-link cg-cb-img\" data-post-title=\"Coinbase\" data-aff-link=\"https:\/\/coinbase-consumer.sjv.io\/ORPoaG\" data-post-type=\"top\" data-post-id=\"127750\"><img decoding=\"async\" src=\"https:\/\/coinkickoff.com\/wp-content\/uploads\/2022\/10\/Coinbase.png\" class=\"cg-img-1\" alt=\"Coinbase\" style=\"\"><\/a><div class=\"cg-cb-title\"><a href=\"https:\/\/coinbase-consumer.sjv.io\/ORPoaG\" class=\"cg-aff-link\" data-post-id=\"127750\" data-post-type=\"top\" data-aff-link=\"https:\/\/coinbase-consumer.sjv.io\/ORPoaG\" data-post-title=\"Coinbase\" target=\"\" rel=\"nofollow noopener\">Coinbase<\/a><\/span><\/div><div class=\"cg-cb-content\"><ul><li><strong>200+<\/strong> Lista de criptomonedas<\/li><li>Obtenga Crypto despu\u00e9s de su primera compra<\/li><li>Protegido por el seguro&nbsp;<\/li><li>Almacenamiento seguro con protecci\u00f3n de b\u00f3veda<\/li><li>La plataforma de criptomonedas m\u00e1s fiable<\/li><\/ul><\/div><div class=\"cg-cb-btn\"><span class='cta-copy'><a href=\"https:\/\/coinbase-consumer.sjv.io\/ORPoaG\" class=\"cg-one-button cg-btn cg-red  cg-aff-link cg-btn-lg\" data-post-id=\"127750\" data-post-type=\"top\" data-aff-link=\"https:\/\/coinbase-consumer.sjv.io\/ORPoaG\" data-style=\"default\" data-post-title=\"Coinbase\" data-extra=\"arrow\" style=\"\" target=\"\" rel=\"nofollow noopener\">Empezar a trabajar<\/a><\/span><\/span><\/div><\/div><\/div><\/div>\n\n<h2>Calculadora de precios de criptomonedas (NZD)<\/h2>\n<p>Utiliza la calculadora que aparece a continuaci\u00f3n para ver los tipos de cambio en tiempo real entre el NZD y muchas criptomonedas populares<\/p>\n<div class=\"ccpw_react_widget ccpw_calculator\" id=\"ccpw_react_widgets_1339_69d6320d677b8\" data-attribute=\"{&quot;type&quot;:&quot;calculator&quot;,&quot;baseCurrency&quot;:&quot;bitcoin&quot;,&quot;targetCurrency&quot;:&quot;NZD&quot;}\"><\/div><style type='text\/css'>\r\n\t\t\t  #ccpw_react_widgets_1339 .ccpw-Converter {\r\n\t\t\t\t  background-color: #ffffff;\r\n\t\t\t\t  color: #000;\r\n\t\t\t  }<\/style>\n<h2>Mapa de calor del cambio de precios: Las 20 principales criptomonedas<\/h2>\n<!-- Cryptocurrency Widgets PRO 4.1.2  !--><div class=\"ccpw-coingecko-widget\" style=\"width:100%;\"> \r\n    <gecko-coin-heatmap-widget  height=\"400\"  locale=\"en\" outlined=\"true\" top=\"20\"><\/gecko-coin-heatmap-widget>\r\n    <\/div><style type='text\/css'><\/style>\n<p>Vea tambi\u00e9n los precios en:<\/p>\n<ul>\n<li> <a href=\"https:\/\/coinkickoff.com\/es\/prices\/\">D\u00f3lares estadounidenses (USD)<\/a><\/li>\n<li> <a href=\"https:\/\/coinkickoff.com\/es\/prices\/prices-euros\/\">Euro (EUD)<\/li>\n<li> <a href=\"https:\/\/coinkickoff.com\/es\/prices\/prices-gbp\/\">Libras esterlinas (GBP)<\/a><\/li>\n<li> <a href=\"https:\/\/coinkickoff.com\/es\/prices\/prices-cad\/\">D\u00f3lares canadienses (CAD)<\/a><\/li>\n<li> <a href=\"https:\/\/coinkickoff.com\/es\/prices\/prices-aud\/\" data-internallinksmanager029f6b8e52c=\"116\" title=\"Top 100 de precios de criptodivisas en vivo D\u00f3lares Australianos (AUD)\">D\u00f3lares australianos (AUD)<\/a><\/li>\n<li> <a href=\"https:\/\/coinkickoff.com\/es\/prices\/prices-jpy\/\" data-internallinksmanager029f6b8e52c=\"118\" title=\"Los 100 mejores precios de las criptomonedas en vivo en yenes japoneses (JPY)\">Yen japon\u00e9s (JPY)<\/a><\/li>\n<li> <a href=\"https:\/\/coinkickoff.com\/es\/prices\/prices-mxn\/\" data-internallinksmanager029f6b8e52c=\"119\" title=\"Los 100 mejores precios de criptodivisas en vivo en peso mexicano (MXN)\">Peso mexicano (MXN)<\/a><\/li>\n<li> <a href=\"https:\/\/coinkickoff.com\/es\/prices\/prices-brl\/\" data-internallinksmanager029f6b8e52c=\"120\" title=\"Los 100 mejores precios de criptodivisas en vivo en real brasile\u00f1o (BRL)\">Real brasile\u00f1o (BRL)<\/a><\/li>\n<li> <a href=\"https:\/\/coinkickoff.com\/es\/prices\/prices-cny\/\" data-internallinksmanager029f6b8e52c=\"121\" title=\"Los 100 mejores precios de las criptodivisas en vivo en renminbi chino (CNY)\">Renminbi chino (CNY)<\/a><\/li>\n<li> <a href=\"https:\/\/coinkickoff.com\/es\/prices\/prices-chf\/\" data-internallinksmanager029f6b8e52c=\"122\" title=\"Los 100 mejores precios de criptodivisas en vivo en franco suizo (CHF)\">Franco suizo (CHF)<\/a><\/li>\n<li> <a href=\"https:\/\/coinkickoff.com\/es\/prices\/prices-hkd\/\" data-internallinksmanager029f6b8e52c=\"123\" title=\"Los 100 mejores precios de criptodivisas en vivo en d\u00f3lares de Hong Kong (HKD)\">D\u00f3lares de Hong Kong (HKD)<\/a><\/li>\n<li> <a href=\"https:\/\/coinkickoff.com\/es\/prices\/prices-sgd\/\" data-internallinksmanager029f6b8e52c=\"124\" title=\"Los 100 mejores precios de criptodivisas en vivo en D\u00f3lar de Singapur (SGD)\">D\u00f3lar de Singapur (SGD)<\/a><\/li>\n<li> <a href=\"https:\/\/coinkickoff.com\/es\/prices\/prices-sek\/\" data-internallinksmanager029f6b8e52c=\"125\" title=\"Los 100 mejores precios de las criptomonedas en vivo en coronas suecas (SEK)\">Corona sueca (SEK)<\/a><\/li>\n<li> D\u00f3lar neozeland\u00e9s (NZD)<\/li>\n<li> <a href=\"https:\/\/coinkickoff.com\/es\/prices\/prices-inr\/\" data-internallinksmanager029f6b8e52c=\"127\" title=\"Los 100 mejores precios de las criptomonedas en vivo en Rupia India (INR)\">Rupia india (INR)<\/a><\/li>\n<li> <a href=\"https:\/\/coinkickoff.com\/es\/prices\/prices-twd\/\" data-internallinksmanager029f6b8e52c=\"128\" title=\"Los 100 mejores precios de criptodivisas en vivo en nuevos d\u00f3lares de Taiw\u00e1n (TWD)\">Nuevos d\u00f3lares de Taiw\u00e1n (TWD)<\/a><\/li>\n<li> <a href=\"https:\/\/coinkickoff.com\/es\/prices\/prices-zar\/\" data-internallinksmanager029f6b8e52c=\"129\" title=\"Los 100 mejores precios de criptodivisas en vivo en rand sudafricano (ZAR)\">Rand sudafricano (ZAR)<\/a><\/li>\n<li> <a href=\"https:\/\/coinkickoff.com\/es\/prices\/prices-dkk\/\" data-internallinksmanager029f6b8e52c=\"130\" title=\"Los 100 mejores precios de criptodivisas en vivo en coronas danesas (DKK)\">Corona danesa (DKK)<\/a><\/li>\n<li> <a href=\"https:\/\/coinkickoff.com\/es\/prices\/prices-pln\/\" data-internallinksmanager029f6b8e52c=\"131\" title=\"Los 100 mejores precios de criptodivisas en vivo en Z\u0142oty polaco (PLN)\">Z\u0142oty polaco (PLN)<\/a><\/li>\n<li> <a href=\"https:\/\/coinkickoff.com\/es\/prices\/prices-czk\/\" data-internallinksmanager029f6b8e52c=\"132\" title=\"Los 100 mejores precios de criptodivisas en vivo en coronas checas (CZK)\">Corona checa (CZK)<\/a><\/li>\n<li> <a href=\"https:\/\/coinkickoff.com\/es\/prices\/prices-huf\/\" data-internallinksmanager029f6b8e52c=\"133\" title=\"Los 100 mejores precios de criptodivisas en vivo en forint h\u00fangaro (HUF)\">Forint h\u00fangaro (HUF)<\/a><\/li>\n<li> <a href=\"https:\/\/coinkickoff.com\/es\/prices\/prices-rub\/\" data-internallinksmanager029f6b8e52c=\"134\" title=\"Los 100 mejores precios de criptodivisas en vivo en rublo ruso (RUB)\">Rublo ruso (RUB)<\/a><\/li>\n<\/ul>","protected":false},"excerpt":{"rendered":"<p>Ver actualizaciones de precios en tiempo real en D\u00f3lar neozeland\u00e9s (NZD) de bitcoin y las otras 100 criptomonedas m\u00e1s abajo. Calculadora de precios de criptomonedas (NZD) Utilice la calculadora a continuaci\u00f3n para ver los tipos de cambio en tiempo real entre NZD y muchas criptomonedas populares Mapa de Cambio de Precio: Top 20 Cryptocurrencies Tambi\u00e9n vea los precios en: D\u00f3lar estadounidense (USD) Euro (EUD) Libra esterlina brit\u00e1nica (GBP) [...]<\/p>","protected":false},"author":1,"featured_media":738,"parent":708,"menu_order":0,"comment_status":"closed","ping_status":"closed","template":"","meta":{"_genesis_hide_title":false,"_genesis_hide_breadcrumbs":false,"_genesis_hide_singular_image":false,"_genesis_hide_footer_widgets":false,"_genesis_custom_body_class":"","_genesis_custom_post_class":"","_genesis_layout":"","_glsr_average":0,"_glsr_ranking":0,"_glsr_reviews":0,"footnotes":""},"class_list":{"0":"post-820","1":"page","2":"type-page","3":"status-publish","4":"has-post-thumbnail","6":"entry"},"featured_image_src":"https:\/\/coinkickoff.com\/wp-content\/uploads\/crypto-prices-600x400.jpg","featured_image_src_square":"https:\/\/coinkickoff.com\/wp-content\/uploads\/crypto-prices-600x586.jpg","_links":{"self":[{"href":"https:\/\/coinkickoff.com\/es\/wp-json\/wp\/v2\/pages\/820","targetHints":{"allow":["GET"]}}],"collection":[{"href":"https:\/\/coinkickoff.com\/es\/wp-json\/wp\/v2\/pages"}],"about":[{"href":"https:\/\/coinkickoff.com\/es\/wp-json\/wp\/v2\/types\/page"}],"author":[{"embeddable":true,"href":"https:\/\/coinkickoff.com\/es\/wp-json\/wp\/v2\/users\/1"}],"replies":[{"embeddable":true,"href":"https:\/\/coinkickoff.com\/es\/wp-json\/wp\/v2\/comments?post=820"}],"version-history":[{"count":4,"href":"https:\/\/coinkickoff.com\/es\/wp-json\/wp\/v2\/pages\/820\/revisions"}],"predecessor-version":[{"id":1340,"href":"https:\/\/coinkickoff.com\/es\/wp-json\/wp\/v2\/pages\/820\/revisions\/1340"}],"up":[{"embeddable":true,"href":"https:\/\/coinkickoff.com\/es\/wp-json\/wp\/v2\/pages\/708"}],"wp:featuredmedia":[{"embeddable":true,"href":"https:\/\/coinkickoff.com\/es\/wp-json\/wp\/v2\/media\/738"}],"wp:attachment":[{"href":"https:\/\/coinkickoff.com\/es\/wp-json\/wp\/v2\/media?parent=820"}],"curies":[{"name":"wp","href":"https:\/\/api.w.org\/{rel}","templated":true}]}}