{"id":4575,"date":"2026-01-08T14:08:04","date_gmt":"2026-01-08T14:08:04","guid":{"rendered":"https:\/\/coinkickoff.com\/?page_id=4575"},"modified":"2026-01-08T14:08:04","modified_gmt":"2026-01-08T14:08:04","slug":"how-are-bitcoin-casinos-different","status":"publish","type":"page","link":"https:\/\/coinkickoff.com\/es\/bitcoin-casino\/how-are-bitcoin-casinos-different\/","title":{"rendered":"\u00bfEn qu\u00e9 se diferencian los casinos Bitcoin de los tradicionales?"},"content":{"rendered":"<p><em>Descargo de responsabilidad: El juego implica un riesgo financiero significativo. Apueste s\u00f3lo con el dinero que pueda permitirse perder. La informaci\u00f3n proporcionada a continuaci\u00f3n es s\u00f3lo para fines informativos. Es posible que recibamos una comisi\u00f3n si usted se registra y pierde dinero en alguno de los siguientes sitios web <a href=\"https:\/\/coinkickoff.com\/es\/bitcoin-casino\/\" data-internallinksmanager029f6b8e52c=\"200\" title=\"3 mejores criptocasinos Bitcoin con bonos\">casinos<\/a>. No todos los casinos est\u00e1n disponibles en todos los pa\u00edses. Toda la informaci\u00f3n que consideramos correcta en el momento de su publicaci\u00f3n puede haber cambiado.<\/em><\/p>\n<div id=\"ez-toc-container\" class=\"ez-toc-v2_0_80 counter-hierarchy ez-toc-counter ez-toc-transparent ez-toc-container-direction\">\n<div class=\"ez-toc-title-container\">\n<p class=\"ez-toc-title\" style=\"cursor:inherit\">Secciones<\/p>\n<span class=\"ez-toc-title-toggle\"><a href=\"#\" class=\"ez-toc-pull-right ez-toc-btn ez-toc-btn-xs ez-toc-btn-default ez-toc-toggle\" aria-label=\"Alternar tabla de contenidos\"><span class=\"ez-toc-js-icon-con\"><span class=\"\"><span class=\"eztoc-hide\" style=\"display:none;\">Toggle<\/span><span class=\"ez-toc-icon-toggle-span\"><svg style=\"fill: #999;color:#999\" xmlns=\"http:\/\/www.w3.org\/2000\/svg\" class=\"list-377408\" width=\"20px\" height=\"20px\" viewbox=\"0 0 24 24\" fill=\"none\"><path d=\"M6 6H4v2h2V6zm14 0H8v2h12V6zM4 11h2v2H4v-2zm16 0H8v2h12v-2zM4 16h2v2H4v-2zm16 0H8v2h12v-2z\" fill=\"currentColor\"><\/path><\/svg><svg style=\"fill: #999;color:#999\" class=\"arrow-unsorted-368013\" xmlns=\"http:\/\/www.w3.org\/2000\/svg\" width=\"10px\" height=\"10px\" viewbox=\"0 0 24 24\" version=\"1.2\" baseprofile=\"tiny\"><path d=\"M18.2 9.3l-6.2-6.3-6.2 6.3c-.2.2-.3.4-.3.7s.1.5.3.7c.2.2.4.3.7.3h11c.3 0 .5-.1.7-.3.2-.2.3-.5.3-.7s-.1-.5-.3-.7zM5.8 14.7l6.2 6.3 6.2-6.3c.2-.2.3-.5.3-.7s-.1-.5-.3-.7c-.2-.2-.4-.3-.7-.3h-11c-.3 0-.5.1-.7.3-.2.2-.3.5-.3.7s.1.5.3.7z\"\/><\/svg><\/span><\/span><\/span><\/a><\/span><\/div>\n<nav><ul class='ez-toc-list ez-toc-list-level-1 eztoc-toggle-hide-by-default' ><li class='ez-toc-page-1 ez-toc-heading-level-2'><a class=\"ez-toc-link ez-toc-heading-1\" href=\"https:\/\/coinkickoff.com\/es\/bitcoin-casino\/how-are-bitcoin-casinos-different\/#Fundamental_Differences_Between_Bitcoin_and_Traditional_Casinos\" >Diferencias fundamentales entre Bitcoin y los casinos tradicionales<\/a><ul class='ez-toc-list-level-3' ><li class='ez-toc-heading-level-3'><a class=\"ez-toc-link ez-toc-heading-2\" href=\"https:\/\/coinkickoff.com\/es\/bitcoin-casino\/how-are-bitcoin-casinos-different\/#Currency_Used_for_Transactions\" >Moneda utilizada para las transacciones<\/a><\/li><li class='ez-toc-page-1 ez-toc-heading-level-3'><a class=\"ez-toc-link ez-toc-heading-3\" href=\"https:\/\/coinkickoff.com\/es\/bitcoin-casino\/how-are-bitcoin-casinos-different\/#Operational_Transparency\" >Transparencia operativa<\/a><\/li><li class='ez-toc-page-1 ez-toc-heading-level-3'><a class=\"ez-toc-link ez-toc-heading-4\" href=\"https:\/\/coinkickoff.com\/es\/bitcoin-casino\/how-are-bitcoin-casinos-different\/#Legal_and_Regulatory_Landscape\" >Panorama jur\u00eddico y normativo<\/a><\/li><\/ul><\/li><li class='ez-toc-page-1 ez-toc-heading-level-2'><a class=\"ez-toc-link ez-toc-heading-5\" href=\"https:\/\/coinkickoff.com\/es\/bitcoin-casino\/how-are-bitcoin-casinos-different\/#Technological_Aspects_of_Bitcoin_Casinos\" >Aspectos tecnol\u00f3gicos de los casinos Bitcoin<\/a><ul class='ez-toc-list-level-3' ><li class='ez-toc-heading-level-3'><a class=\"ez-toc-link ez-toc-heading-6\" href=\"https:\/\/coinkickoff.com\/es\/bitcoin-casino\/how-are-bitcoin-casinos-different\/#Blockchain_Technology_Implementation\" >Implantaci\u00f3n de la tecnolog\u00eda Blockchain<\/a><\/li><li class='ez-toc-page-1 ez-toc-heading-level-3'><a class=\"ez-toc-link ez-toc-heading-7\" href=\"https:\/\/coinkickoff.com\/es\/bitcoin-casino\/how-are-bitcoin-casinos-different\/#Provably_Fair_Gaming_Mechanisms\" >Mecanismos de juego razonables<\/a><\/li><li class='ez-toc-page-1 ez-toc-heading-level-3'><a class=\"ez-toc-link ez-toc-heading-8\" href=\"https:\/\/coinkickoff.com\/es\/bitcoin-casino\/how-are-bitcoin-casinos-different\/#Anonymity_and_Security_Features\" >Anonimato y seguridad<\/a><\/li><\/ul><\/li><li class='ez-toc-page-1 ez-toc-heading-level-2'><a class=\"ez-toc-link ez-toc-heading-9\" href=\"https:\/\/coinkickoff.com\/es\/bitcoin-casino\/how-are-bitcoin-casinos-different\/#User_Experience_in_Bitcoin_versus_Regular_Casinos\" >Experiencia de usuario en Bitcoin frente a casinos normales<\/a><ul class='ez-toc-list-level-3' ><li class='ez-toc-heading-level-3'><a class=\"ez-toc-link ez-toc-heading-10\" href=\"https:\/\/coinkickoff.com\/es\/bitcoin-casino\/how-are-bitcoin-casinos-different\/#Account_Funding_and_Withdrawal_Process\" >Proceso de ingreso y retirada de fondos<\/a><\/li><li class='ez-toc-page-1 ez-toc-heading-level-3'><a class=\"ez-toc-link ez-toc-heading-11\" href=\"https:\/\/coinkickoff.com\/es\/bitcoin-casino\/how-are-bitcoin-casinos-different\/#Bonuses_and_Incentives\" >Bonificaciones e incentivos<\/a><\/li><li class='ez-toc-page-1 ez-toc-heading-level-3'><a class=\"ez-toc-link ez-toc-heading-12\" href=\"https:\/\/coinkickoff.com\/es\/bitcoin-casino\/how-are-bitcoin-casinos-different\/#Geographical_Accessibility_and_Restrictions\" >Accesibilidad geogr\u00e1fica y restricciones<\/a><\/li><\/ul><\/li><li class='ez-toc-page-1 ez-toc-heading-level-2'><a class=\"ez-toc-link ez-toc-heading-13\" href=\"https:\/\/coinkickoff.com\/es\/bitcoin-casino\/how-are-bitcoin-casinos-different\/#Frequently_Asked_Questions\" >Preguntas frecuentes<\/a><ul class='ez-toc-list-level-3' ><li class='ez-toc-heading-level-3'><a class=\"ez-toc-link ez-toc-heading-14\" href=\"https:\/\/coinkickoff.com\/es\/bitcoin-casino\/how-are-bitcoin-casinos-different\/#What_factors_make_crypto_casinos_more_advantageous_than_traditional_ones\" >\u00bfQu\u00e9 factores hacen que los criptocasinos sean m\u00e1s ventajosos que los tradicionales?<\/a><\/li><li class='ez-toc-page-1 ez-toc-heading-level-3'><a class=\"ez-toc-link ez-toc-heading-15\" href=\"https:\/\/coinkickoff.com\/es\/bitcoin-casino\/how-are-bitcoin-casinos-different\/#Are_there_any_risks_associated_with_using_Bitcoin_for_online_gambling\" >\u00bfExiste alg\u00fan riesgo asociado al uso de Bitcoin para jugar en l\u00ednea?<\/a><\/li><li class='ez-toc-page-1 ez-toc-heading-level-3'><a class=\"ez-toc-link ez-toc-heading-16\" href=\"https:\/\/coinkickoff.com\/es\/bitcoin-casino\/how-are-bitcoin-casinos-different\/#How_do_the_security_measures_in_Bitcoin_casinos_compare_to_those_in_traditional_casinos\" >\u00bfQu\u00e9 diferencias hay entre las medidas de seguridad de los casinos Bitcoin y las de los casinos tradicionales?<\/a><\/li><li class='ez-toc-page-1 ez-toc-heading-level-3'><a class=\"ez-toc-link ez-toc-heading-17\" href=\"https:\/\/coinkickoff.com\/es\/bitcoin-casino\/how-are-bitcoin-casinos-different\/#Can_players_expect_provably_fair_gaming_in_Bitcoin_casinos\" >\u00bfPueden los jugadores esperar un juego limpio demostrable en los casinos Bitcoin?<\/a><\/li><li class='ez-toc-page-1 ez-toc-heading-level-3'><a class=\"ez-toc-link ez-toc-heading-18\" href=\"https:\/\/coinkickoff.com\/es\/bitcoin-casino\/how-are-bitcoin-casinos-different\/#What_are_the_unique_benefits_of_gambling_with_Bitcoin\" >\u00bfCu\u00e1les son las ventajas \u00fanicas de jugar con Bitcoin?<\/a><\/li><li class='ez-toc-page-1 ez-toc-heading-level-3'><a class=\"ez-toc-link ez-toc-heading-19\" href=\"https:\/\/coinkickoff.com\/es\/bitcoin-casino\/how-are-bitcoin-casinos-different\/#How_does_the_regulatory_landscape_for_Bitcoin_casinos_differ_from_traditional_gambling_venues\" >\u00bfEn qu\u00e9 se diferencia el panorama normativo de los casinos Bitcoin de los locales de juego tradicionales?<\/a><\/li><\/ul><\/li><\/ul><\/nav><\/div>\n<h2><span class=\"ez-toc-section\" id=\"Fundamental_Differences_Between_Bitcoin_and_Traditional_Casinos\"><\/span>Diferencias fundamentales entre Bitcoin y los casinos tradicionales<span class=\"ez-toc-section-end\"><\/span><\/h2>\n<p><img decoding=\"async\" src=\"https:\/\/coinkickoff.com\/wp-content\/uploads\/v2-3dgrx-7h0pa.jpg\" alt=\"\"><\/p>\n<p><a href=\"https:\/\/coinkickoff.com\/es\/bitcoin-btc\/\" data-internallinksmanager029f6b8e52c=\"1\" title=\"\u00bfQu\u00e9 es Bitcoin (BTC)? Precio, historia y d\u00f3nde comprarlo\">Bitcoin<\/a> y los casinos tradicionales difieren principalmente en el medio de pago, los niveles de transparencia y los entornos normativos en los que operan.<\/p>\n<h3><span class=\"ez-toc-section\" id=\"Currency_Used_for_Transactions\"><\/span>Moneda utilizada para las transacciones<span class=\"ez-toc-section-end\"><\/span><\/h3>\n<p><strong>Bitcoin Casinos:<\/strong> Las transacciones se realizan con criptomonedas, como Bitcoin, <a href=\"https:\/\/coinkickoff.com\/es\/ethereum-eth\/\" data-internallinksmanager029f6b8e52c=\"2\" title=\"\u00bfQu\u00e9 es Ethereum (ETH)? Precio, historia y d\u00f3nde comprarlo\">Ethereum<\/a>u otras altcoins. Estas monedas digitales facilitan las transacciones an\u00f3nimas, a menudo con comisiones m\u00e1s bajas y tiempos de procesamiento m\u00e1s r\u00e1pidos en comparaci\u00f3n con las monedas fiduciarias.<\/p>\n<ul>\n<li><strong>Anonimato:<\/strong> Los usuarios pueden realizar transacciones sin revelar informaci\u00f3n personal.<\/li>\n<li><strong>Tasas:<\/strong> Suelen ser m\u00e1s bajos que los asociados a las tarjetas de cr\u00e9dito o las transferencias bancarias.<\/li>\n<li><strong>Velocidad:<\/strong> Las transacciones se procesan r\u00e1pidamente, a veces en cuesti\u00f3n de minutos.<\/li>\n<\/ul>\n<p><strong>Casinos tradicionales:<\/strong> Estos establecimientos suelen utilizar monedas fiduciarias, como USD, EUR o GBP para todas las transacciones. Esta banca tradicional implica procesos detallados de mantenimiento de registros y verificaci\u00f3n de la identidad.<\/p>\n<ul>\n<li><strong>Datos personales:<\/strong> Las transacciones requieren la divulgaci\u00f3n de datos personales.<\/li>\n<li><strong>Tasas:<\/strong> Pueden aplicarse comisiones m\u00e1s elevadas a las transacciones.<\/li>\n<li><strong>Plazos de tramitaci\u00f3n:<\/strong> Los fondos pueden tardar d\u00edas en transferirse o compensarse.<\/li>\n<\/ul>\n<h3><span class=\"ez-toc-section\" id=\"Operational_Transparency\"><\/span>Transparencia operativa<span class=\"ez-toc-section-end\"><\/span><\/h3>\n<p><strong>Bitcoin Casinos:<\/strong> Suelen ofrecer mayores grados de transparencia gracias a la tecnolog\u00eda blockchain que sustenta las transacciones de criptodivisas. La cadena de bloques proporciona una base p\u00fablica e inmutable para las transacciones. <a href=\"https:\/\/coinkickoff.com\/es\/what-is-ledger-wallet\/\" data-internallinksmanager029f6b8e52c=\"167\" title=\"Ledger Wallet Comentarios 2023: Tarifas, Caracter\u00edsticas, Seguridad, Pros y Contras\">Libro mayor<\/a>El historial de transacciones es f\u00e1cilmente accesible y auditable.<\/p>\n<ul>\n<li><strong>Provably Fair:<\/strong> Algunos casinos Bitcoin utilizan algoritmos \"Provably Fair\", que permiten a los jugadores verificar la imparcialidad del resultado de cada partida.<\/li>\n<\/ul>\n<p><strong>Casinos tradicionales:<\/strong> La transparencia est\u00e1 regulada por las autoridades del juego, pero el funcionamiento interno y los algoritmos del juego no suelen ser accesibles para su auditor\u00eda o verificaci\u00f3n p\u00fablicas.<\/p>\n<ul>\n<li><strong>Equidad regulada:<\/strong> La imparcialidad del juego est\u00e1 certificada por organismos reguladores, pero los mecanismos detallados del software no se hacen p\u00fablicos.<\/li>\n<\/ul>\n<h3><span class=\"ez-toc-section\" id=\"Legal_and_Regulatory_Landscape\"><\/span>Panorama jur\u00eddico y normativo<span class=\"ez-toc-section-end\"><\/span><\/h3>\n<p><strong>Bitcoin Casinos:<\/strong> Operan en un marco regulador en r\u00e1pida evoluci\u00f3n. Muchas regiones a\u00fan no han definido una legislaci\u00f3n clara que regule el uso de criptomonedas en los juegos de azar, lo que da lugar a un mosaico de requisitos de cumplimiento.<\/p>\n<ul>\n<li><strong>Regulaci\u00f3n variable:<\/strong> La situaci\u00f3n jur\u00eddica puede cambiar r\u00e1pidamente, y el cumplimiento var\u00eda seg\u00fan la jurisdicci\u00f3n.<\/li>\n<li><strong>Acceso global:<\/strong> A menudo accesible en todo el mundo, dependiendo de la legislaci\u00f3n local.<\/li>\n<\/ul>\n<p><strong>Casinos tradicionales:<\/strong> Est\u00e1n sometidas a una estricta regulaci\u00f3n por parte de los organismos gubernamentales establecidos en todo el mundo. Est\u00e1n sujetas a leyes y reglamentos estrictos que rigen su concesi\u00f3n de licencias, sus pr\u00e1cticas operativas y sus informes financieros.<\/p>\n<ul>\n<li><strong>Supervisi\u00f3n estricta:<\/strong> El cumplimiento de numerosas normativas legales y financieras es obligatorio.<\/li>\n<li><strong>Limitaciones geogr\u00e1ficas:<\/strong> Normalmente est\u00e1n obligados a operar dentro de la jurisdicci\u00f3n de la autoridad que les concede la licencia.<\/li>\n<\/ul>\n<h2><span class=\"ez-toc-section\" id=\"Technological_Aspects_of_Bitcoin_Casinos\"><\/span>Aspectos tecnol\u00f3gicos de los casinos Bitcoin<span class=\"ez-toc-section-end\"><\/span><\/h2>\n<p><img decoding=\"async\" src=\"https:\/\/coinkickoff.com\/wp-content\/uploads\/v2-3dgss-o0d7k.jpg\" alt=\"\"><\/p>\n<p>Los casinos Bitcoin se diferencian por su avanzada tecnolog\u00eda, que ofrece mayor seguridad, equidad y transparencia. Esta ventaja tecnol\u00f3gica es evidente en la forma en que gestionan las transacciones, verifican la imparcialidad y preservan la privacidad.<\/p>\n<h3><span class=\"ez-toc-section\" id=\"Blockchain_Technology_Implementation\"><\/span>Implantaci\u00f3n de la tecnolog\u00eda Blockchain<span class=\"ez-toc-section-end\"><\/span><\/h3>\n<p><strong>Bitcoin casinos<\/strong> utilizan la tecnolog\u00eda blockchain para facilitar las transacciones de criptomoneda. El sitio <strong>blockchain<\/strong> es un libro de contabilidad descentralizado que registra todas las transacciones a trav\u00e9s de una red de ordenadores. Esto garantiza que:<\/p>\n<ul>\n<li><strong>Transacciones<\/strong> son <strong>transparente<\/strong> y <strong>inmutable<\/strong>.<\/li>\n<li>Los jugadores pueden depositar y retirar <strong>bitcoins<\/strong> directamente, <strong>eliminando la necesidad de terceras entidades bancarias<\/strong>.<\/li>\n<\/ul>\n<h3><span class=\"ez-toc-section\" id=\"Provably_Fair_Gaming_Mechanisms\"><\/span>Mecanismos de juego razonables<span class=\"ez-toc-section-end\"><\/span><\/h3>\n<p>El juego justo demostrable es un sello distintivo de los casinos Bitcoin. Este sistema emplea algoritmos criptogr\u00e1ficos para garantizar la imparcialidad de cada juego. Los puntos significativos son:<\/p>\n<ul>\n<li>Permite a los jugadores <strong>verificar la aleatoriedad<\/strong> de los resultados del juego.<\/li>\n<li>Los casinos ofrecen un <strong>clave hash<\/strong> que pueden analizarse despu\u00e9s del partido para confirmar su imparcialidad.<\/li>\n<\/ul>\n<h3><span class=\"ez-toc-section\" id=\"Anonymity_and_Security_Features\"><\/span>Anonimato y seguridad<span class=\"ez-toc-section-end\"><\/span><\/h3>\n<p>Los casinos Bitcoin ofrecen <strong>anonimato<\/strong> y <strong>seguridad<\/strong>. Implementan varias caracter\u00edsticas que protegen tanto la identidad como los fondos del jugador, tales como:<\/p>\n<ul>\n<li><strong>Autenticaci\u00f3n de dos factores (2FA)<\/strong> para proteger las cuentas de usuario.<\/li>\n<li><strong>Informaci\u00f3n personal m\u00ednima<\/strong> necesaria para la creaci\u00f3n de la cuenta, conservando el usuario <strong>anonimato<\/strong>.<\/li>\n<\/ul>\n<h2><span class=\"ez-toc-section\" id=\"User_Experience_in_Bitcoin_versus_Regular_Casinos\"><\/span>Experiencia de usuario en Bitcoin frente a casinos normales<span class=\"ez-toc-section-end\"><\/span><\/h2>\n<p><img decoding=\"async\" src=\"https:\/\/coinkickoff.com\/wp-content\/uploads\/v2-3dgt7-n76he.jpg\" alt=\"\"><\/p>\n<p>La experiencia del usuario en los casinos Bitcoin ofrece caracter\u00edsticas distintas a las de los casinos tradicionales, sobre todo en cuanto a gesti\u00f3n de cuentas, bonificaciones y accesibilidad global.<\/p>\n<h3><span class=\"ez-toc-section\" id=\"Account_Funding_and_Withdrawal_Process\"><\/span>Proceso de ingreso y retirada de fondos<span class=\"ez-toc-section-end\"><\/span><\/h3>\n<p>Los casinos Bitcoin permiten a los usuarios <strong>financiar sus cuentas<\/strong> directamente con criptomonedas, lo que suele traducirse en <em>tiempos de transacci\u00f3n m\u00e1s r\u00e1pidos<\/em> y <em>tarifas m\u00e1s bajas<\/em> que los casinos normales, que se basan en m\u00e9todos bancarios tradicionales.<\/p>\n<p><strong>Plazos de retirada<\/strong>a la inversa, tambi\u00e9n suelen <strong>m\u00e1s r\u00e1pido<\/strong> en los casinos Bitcoin debido a la eliminaci\u00f3n de la necesidad de tiempos de procesamiento bancario. Estos casinos suelen presumir de <strong>pago instant\u00e1neo o casi instant\u00e1neo<\/strong> que contrasta con los tiempos de procesamiento m\u00e1s lentos de los casinos normales.<\/p>\n<h3><span class=\"ez-toc-section\" id=\"Bonuses_and_Incentives\"><\/span>Bonificaciones e incentivos<span class=\"ez-toc-section-end\"><\/span><\/h3>\n<p>La estructura de <strong>primas e incentivos<\/strong> pueden variar significativamente. Los casinos Bitcoin pueden ofrecer:<\/p>\n<ul>\n<li>M\u00e1s alto <strong>bonos de bienvenida<\/strong><\/li>\n<li><strong>Premios de fidelidad<\/strong> en forma de Bitcoin u otras criptomonedas<\/li>\n<\/ul>\n<p>Los casinos tradicionales suelen ofrecer una gran variedad de bonos, pero puede que no alcancen las lucrativas ofertas que se encuentran en los casinos Bitcoin debido a los menores costes operativos y de transacci\u00f3n de las monedas digitales.<\/p>\n<h3><span class=\"ez-toc-section\" id=\"Geographical_Accessibility_and_Restrictions\"><\/span>Accesibilidad geogr\u00e1fica y restricciones<span class=\"ez-toc-section-end\"><\/span><\/h3>\n<p>Los casinos Bitcoin suelen ofrecer un <strong>mayor grado de accesibilidad<\/strong> ya que no est\u00e1n sujetos a las mismas restricciones reglamentarias que afectan a los casinos normales.<\/p>\n<ul>\n<li>Operaciones en <strong>m\u00faltiples jurisdicciones<\/strong> sin necesidad de infraestructura bancaria localizada<\/li>\n<li>Se aceptan jugadores de <strong>regiones con una normativa estricta sobre el juego<\/strong>Sujeto a la legislaci\u00f3n local<\/li>\n<\/ul>\n<p>No obstante, se aconseja a los usuarios que <strong>informados de su legislaci\u00f3n local<\/strong> para garantizar el cumplimiento de la normativa al acceder a los casinos Bitcoin, incluso con su mayor alcance.<\/p>\n<h2><span class=\"ez-toc-section\" id=\"Frequently_Asked_Questions\"><\/span>Preguntas frecuentes<span class=\"ez-toc-section-end\"><\/span><\/h2>\n<p><img decoding=\"async\" src=\"https:\/\/coinkickoff.com\/wp-content\/uploads\/v2-3dgtr-7frp8.jpg\" alt=\"\"><\/p>\n<p>En esta secci\u00f3n se abordan las preguntas m\u00e1s frecuentes sobre las diferencias entre los casinos Bitcoin y los casinos tradicionales, con el fin de proporcionar una comprensi\u00f3n m\u00e1s clara de ambos.<\/p>\n<h3><span class=\"ez-toc-section\" id=\"What_factors_make_crypto_casinos_more_advantageous_than_traditional_ones\"><\/span>\u00bfQu\u00e9 factores hacen que los criptocasinos sean m\u00e1s ventajosos que los tradicionales?<span class=\"ez-toc-section-end\"><\/span><\/h3>\n<p>Los criptocasinos ofrecen ventajas \u00fanicas, como transacciones instant\u00e1neas y comisiones de transacci\u00f3n reducidas. Tambi\u00e9n proporcionan un mayor nivel de anonimato para los usuarios, que los casinos tradicionales no pueden igualar debido a su dependencia de la informaci\u00f3n bancaria y personal.<\/p>\n<h3><span class=\"ez-toc-section\" id=\"Are_there_any_risks_associated_with_using_Bitcoin_for_online_gambling\"><\/span>\u00bfExiste alg\u00fan riesgo asociado al uso de Bitcoin para jugar en l\u00ednea?<span class=\"ez-toc-section-end\"><\/span><\/h3>\n<p>Los usuarios se enfrentan a ciertos riesgos, como la elevada volatilidad del valor del Bitcoin y posibles amenazas a la seguridad, como la pirater\u00eda inform\u00e1tica. Adem\u00e1s, la falta de regulaci\u00f3n puede ser un arma de doble filo, ya que presenta tanto libertad como riesgo.<\/p>\n<h3><span class=\"ez-toc-section\" id=\"How_do_the_security_measures_in_Bitcoin_casinos_compare_to_those_in_traditional_casinos\"><\/span>\u00bfQu\u00e9 diferencias hay entre las medidas de seguridad de los casinos Bitcoin y las de los casinos tradicionales?<span class=\"ez-toc-section-end\"><\/span><\/h3>\n<p>Los casinos Bitcoin suelen implementar tecnolog\u00edas avanzadas de cifrado y est\u00e1n construidos sobre redes blockchain seguras. Esto contrasta con los casinos tradicionales, que dependen de sistemas de seguridad y financieros convencionales vulnerables a distintos tipos de riesgos.<\/p>\n<h3><span class=\"ez-toc-section\" id=\"Can_players_expect_provably_fair_gaming_in_Bitcoin_casinos\"><\/span>\u00bfPueden los jugadores esperar un juego limpio demostrable en los casinos Bitcoin?<span class=\"ez-toc-section-end\"><\/span><\/h3>\n<p>Muchos casinos Bitcoin ofrecen juegos probablemente justos, lo que permite a los jugadores verificar la imparcialidad de cada juego a trav\u00e9s de la tecnolog\u00eda blockchain. Se trata de un nivel de transparencia que los sitios de juego online tradicionales pueden no ofrecer.<\/p>\n<h3><span class=\"ez-toc-section\" id=\"What_are_the_unique_benefits_of_gambling_with_Bitcoin\"><\/span>\u00bfCu\u00e1les son las ventajas \u00fanicas de jugar con Bitcoin?<span class=\"ez-toc-section-end\"><\/span><\/h3>\n<p>Apostar con Bitcoin garantiza que las transacciones sean discretas y seguras gracias al uso de la tecnolog\u00eda blockchain. Tambi\u00e9n ofrece la ventaja de unas comisiones potencialmente m\u00e1s bajas y garantiza que los jugadores puedan apostar sin restricciones geogr\u00e1ficas.<\/p>\n<h3><span class=\"ez-toc-section\" id=\"How_does_the_regulatory_landscape_for_Bitcoin_casinos_differ_from_traditional_gambling_venues\"><\/span>\u00bfEn qu\u00e9 se diferencia el panorama normativo de los casinos Bitcoin de los locales de juego tradicionales?<span class=\"ez-toc-section-end\"><\/span><\/h3>\n<p>Los casinos Bitcoin suelen operar en un entorno m\u00e1s desregulado porque las criptomonedas no son reconocidas como moneda oficial por muchos gobiernos. Esto contrasta con los casinos tradicionales, que est\u00e1n sujetos a marcos reguladores estrictos.<\/p>","protected":false},"excerpt":{"rendered":"<p>Descargo de responsabilidad: El juego implica un riesgo financiero significativo. Apueste s\u00f3lo con el dinero que pueda permitirse perder. La informaci\u00f3n proporcionada a continuaci\u00f3n es s\u00f3lo para fines informativos. Es posible que recibamos una comisi\u00f3n si te registras y pierdes dinero en alguno de los siguientes casinos. No todos los casinos est\u00e1n disponibles en todos los pa\u00edses. Toda la informaci\u00f3n que [...]<\/p>","protected":false},"author":1,"featured_media":4576,"parent":4440,"menu_order":0,"comment_status":"closed","ping_status":"closed","template":"","meta":{"_genesis_hide_title":false,"_genesis_hide_breadcrumbs":false,"_genesis_hide_singular_image":false,"_genesis_hide_footer_widgets":false,"_genesis_custom_body_class":"","_genesis_custom_post_class":"","_genesis_layout":"","_glsr_average":0,"_glsr_ranking":0,"_glsr_reviews":0,"footnotes":""},"class_list":{"0":"post-4575","1":"page","2":"type-page","3":"status-publish","4":"has-post-thumbnail","6":"entry"},"featured_image_src":"https:\/\/coinkickoff.com\/wp-content\/uploads\/v2-3dgrx-7h0pa-600x400.jpg","featured_image_src_square":"https:\/\/coinkickoff.com\/wp-content\/uploads\/v2-3dgrx-7h0pa-600x600.jpg","_links":{"self":[{"href":"https:\/\/coinkickoff.com\/es\/wp-json\/wp\/v2\/pages\/4575","targetHints":{"allow":["GET"]}}],"collection":[{"href":"https:\/\/coinkickoff.com\/es\/wp-json\/wp\/v2\/pages"}],"about":[{"href":"https:\/\/coinkickoff.com\/es\/wp-json\/wp\/v2\/types\/page"}],"author":[{"embeddable":true,"href":"https:\/\/coinkickoff.com\/es\/wp-json\/wp\/v2\/users\/1"}],"replies":[{"embeddable":true,"href":"https:\/\/coinkickoff.com\/es\/wp-json\/wp\/v2\/comments?post=4575"}],"version-history":[{"count":3,"href":"https:\/\/coinkickoff.com\/es\/wp-json\/wp\/v2\/pages\/4575\/revisions"}],"predecessor-version":[{"id":4582,"href":"https:\/\/coinkickoff.com\/es\/wp-json\/wp\/v2\/pages\/4575\/revisions\/4582"}],"up":[{"embeddable":true,"href":"https:\/\/coinkickoff.com\/es\/wp-json\/wp\/v2\/pages\/4440"}],"wp:featuredmedia":[{"embeddable":true,"href":"https:\/\/coinkickoff.com\/es\/wp-json\/wp\/v2\/media\/4576"}],"wp:attachment":[{"href":"https:\/\/coinkickoff.com\/es\/wp-json\/wp\/v2\/media?parent=4575"}],"curies":[{"name":"wp","href":"https:\/\/api.w.org\/{rel}","templated":true}]}}