{"id":4172,"date":"2026-01-08T14:07:22","date_gmt":"2026-01-08T14:07:22","guid":{"rendered":"https:\/\/coinkickoff.com\/?page_id=4172"},"modified":"2026-01-08T14:07:22","modified_gmt":"2026-01-08T14:07:22","slug":"__trashed","status":"publish","type":"page","link":"https:\/\/coinkickoff.com\/es\/how-to-buy-ethereum\/__trashed\/","title":{"rendered":"C\u00f3mo comprar Ethereum en Bitfinex"},"content":{"rendered":"<div id=\"ez-toc-container\" class=\"ez-toc-v2_0_80 counter-hierarchy ez-toc-counter ez-toc-transparent ez-toc-container-direction\">\n<div class=\"ez-toc-title-container\">\n<p class=\"ez-toc-title\" style=\"cursor:inherit\">Secciones<\/p>\n<span class=\"ez-toc-title-toggle\"><a href=\"#\" class=\"ez-toc-pull-right ez-toc-btn ez-toc-btn-xs ez-toc-btn-default ez-toc-toggle\" aria-label=\"Alternar tabla de contenidos\"><span class=\"ez-toc-js-icon-con\"><span class=\"\"><span class=\"eztoc-hide\" style=\"display:none;\">Toggle<\/span><span class=\"ez-toc-icon-toggle-span\"><svg style=\"fill: #999;color:#999\" xmlns=\"http:\/\/www.w3.org\/2000\/svg\" class=\"list-377408\" width=\"20px\" height=\"20px\" viewbox=\"0 0 24 24\" fill=\"none\"><path d=\"M6 6H4v2h2V6zm14 0H8v2h12V6zM4 11h2v2H4v-2zm16 0H8v2h12v-2zM4 16h2v2H4v-2zm16 0H8v2h12v-2z\" fill=\"currentColor\"><\/path><\/svg><svg style=\"fill: #999;color:#999\" class=\"arrow-unsorted-368013\" xmlns=\"http:\/\/www.w3.org\/2000\/svg\" width=\"10px\" height=\"10px\" viewbox=\"0 0 24 24\" version=\"1.2\" baseprofile=\"tiny\"><path d=\"M18.2 9.3l-6.2-6.3-6.2 6.3c-.2.2-.3.4-.3.7s.1.5.3.7c.2.2.4.3.7.3h11c.3 0 .5-.1.7-.3.2-.2.3-.5.3-.7s-.1-.5-.3-.7zM5.8 14.7l6.2 6.3 6.2-6.3c.2-.2.3-.5.3-.7s-.1-.5-.3-.7c-.2-.2-.4-.3-.7-.3h-11c-.3 0-.5.1-.7.3-.2.2-.3.5-.3.7s.1.5.3.7z\"\/><\/svg><\/span><\/span><\/span><\/a><\/span><\/div>\n<nav><ul class='ez-toc-list ez-toc-list-level-1 eztoc-toggle-hide-by-default' ><li class='ez-toc-page-1 ez-toc-heading-level-1'><a class=\"ez-toc-link ez-toc-heading-1\" href=\"https:\/\/coinkickoff.com\/es\/how-to-buy-ethereum\/__trashed\/#How_to_Buy_Ethereum_on_Bitfinex\" >C\u00f3mo comprar Ethereum en Bitfinex<\/a><ul class='ez-toc-list-level-2' ><li class='ez-toc-heading-level-2'><a class=\"ez-toc-link ez-toc-heading-2\" href=\"https:\/\/coinkickoff.com\/es\/how-to-buy-ethereum\/__trashed\/#A_Step-By-Step_Guide_on_How_to_Buy_Ethereum_on_Bitfinex\" >Gu\u00eda paso a paso para comprar Ethereum en Bitfinex<\/a><ul class='ez-toc-list-level-3' ><li class='ez-toc-heading-level-3'><a class=\"ez-toc-link ez-toc-heading-3\" href=\"https:\/\/coinkickoff.com\/es\/how-to-buy-ethereum\/__trashed\/#1_Register_an_Account_on_Bitfinex\" >1. Registrar una cuenta en Bitfinex<\/a><\/li><li class='ez-toc-page-1 ez-toc-heading-level-3'><a class=\"ez-toc-link ez-toc-heading-4\" href=\"https:\/\/coinkickoff.com\/es\/how-to-buy-ethereum\/__trashed\/#2_Get_Verified_on_Bitfinex\" >2. Verificarse en Bitfinex<\/a><\/li><li class='ez-toc-page-1 ez-toc-heading-level-3'><a class=\"ez-toc-link ez-toc-heading-5\" href=\"https:\/\/coinkickoff.com\/es\/how-to-buy-ethereum\/__trashed\/#3_Deposit_FundsCrypto\" >3. Depositar Fondos\/Cripto<\/a><\/li><li class='ez-toc-page-1 ez-toc-heading-level-3'><a class=\"ez-toc-link ez-toc-heading-6\" href=\"https:\/\/coinkickoff.com\/es\/how-to-buy-ethereum\/__trashed\/#4_Navigate_to_the_Relevant_Screen_to_Buy\" >4. Navegue hasta la pantalla correspondiente para comprar<\/a><\/li><\/ul><\/li><\/ul><\/li><\/ul><\/nav><\/div>\n<h1><span class=\"ez-toc-section\" id=\"How_to_Buy_Ethereum_on_Bitfinex\"><\/span><span style=\"font-weight: 400;\">C\u00f3mo comprar Ethereum en Bitfinex<\/span><span class=\"ez-toc-section-end\"><\/span><\/h1>\n<p><span style=\"font-weight: 400;\">\u00bfQuiere comprar <a href=\"https:\/\/coinkickoff.com\/es\/ethereum-eth\/\" data-internallinksmanager029f6b8e52c=\"2\" title=\"\u00bfQu\u00e9 es Ethereum (ETH)? Precio, historia y d\u00f3nde comprarlo\">Ethereum<\/a> en <a href=\"https:\/\/coinkickoff.com\/es\/bitfinex-review\/\">Bitfinex<\/a>? Tenemos la gu\u00eda perfecta para ti con instrucciones paso a paso. A continuaci\u00f3n le indicamos c\u00f3mo comprar Ethereum en <a href=\"https:\/\/coinkickoff.com\/es\/bitfinex-review\/\" data-internallinksmanager029f6b8e52c=\"151\" title=\"Bitfinex Comentarios 2023: Comisiones, Caracter\u00edsticas, Seguridad, Pros y Contras\">Bitfinex<\/a>.<\/span><\/p>\n<h2><span class=\"ez-toc-section\" id=\"A_Step-By-Step_Guide_on_How_to_Buy_Ethereum_on_Bitfinex\"><\/span><span style=\"font-weight: 400;\">Gu\u00eda paso a paso para comprar Ethereum en Bitfinex<\/span><span class=\"ez-toc-section-end\"><\/span><\/h2>\n<h3><span class=\"ez-toc-section\" id=\"1_Register_an_Account_on_Bitfinex\"><\/span><span style=\"font-weight: 400;\">1. Registrar una cuenta en Bitfinex<\/span><span class=\"ez-toc-section-end\"><\/span><\/h3>\n<p><span style=\"font-weight: 400;\">Para empezar, necesitar\u00e1 un <\/span><a href=\"https:\/\/www.bitfinex.com\/sign-up?refcode=kjCYk-CZD\" target=\"_blank\" rel=\"noopener\"><span style=\"font-weight: 400;\">Cuenta Bitfinex.<\/span><\/a><\/p>\n<p><img loading=\"lazy\" decoding=\"async\" class=\"alignnone wp-image-3138 size-full\" src=\"https:\/\/coinkickoff.com\/wp-content\/uploads\/bitfinex-exchange.jpg\" alt=\"Bitfinex Exchange C\u00f3mo comprar Ethereum en Bitfinex\" width=\"1876\" height=\"916\" srcset=\"https:\/\/coinkickoff.com\/wp-content\/uploads\/bitfinex-exchange.jpg 1876w, https:\/\/coinkickoff.com\/wp-content\/uploads\/bitfinex-exchange-300x146.jpg 300w, https:\/\/coinkickoff.com\/wp-content\/uploads\/bitfinex-exchange-1024x500.jpg 1024w, https:\/\/coinkickoff.com\/wp-content\/uploads\/bitfinex-exchange-768x375.jpg 768w, https:\/\/coinkickoff.com\/wp-content\/uploads\/bitfinex-exchange-1536x750.jpg 1536w, https:\/\/coinkickoff.com\/wp-content\/uploads\/bitfinex-exchange-18x9.jpg 18w\" sizes=\"auto, (max-width: 1876px) 100vw, 1876px\" \/><\/p>\n<p><span style=\"font-weight: 400;\">Despu\u00e9s de registrarte, activa la autenticaci\u00f3n de dos factores para proteger tu cuenta.<\/span><\/p>\n<p><span style=\"font-weight: 400;\">Puedes desactivar la 2FA despu\u00e9s de tu primer inicio de sesi\u00f3n, aunque se recomienda mantenerla activada para proteger tu cuenta de los piratas inform\u00e1ticos.<\/span><\/p>\n<p><span style=\"font-weight: 400;\">Activar la autenticaci\u00f3n de doble factor es bastante sencillo: Selecciona uno de los m\u00e9todos ofrecidos y pulsa \u201cConfigurar\u201d.\u201d<\/span><\/p>\n<p><span style=\"font-weight: 400;\">Por supuesto, necesitas la aplicaci\u00f3n Google Authenticator para que funcione. Sigue las instrucciones en pantalla para proceder. Cuando hayas terminado, Bitfinex te enviar\u00e1 un correo electr\u00f3nico para confirmar que has habilitado 2FA.<\/span><\/p>\n<h3><span class=\"ez-toc-section\" id=\"2_Get_Verified_on_Bitfinex\"><\/span><span style=\"font-weight: 400;\">2. Verificarse en Bitfinex<\/span><span class=\"ez-toc-section-end\"><\/span><\/h3>\n<p><span style=\"font-weight: 400;\">El siguiente paso es verificar tu ID en la plataforma. Como la mayor\u00eda de las bolsas, Bitfinex tiene un proceso est\u00e1ndar de verificaci\u00f3n de identidad. Para empezar, ve a tu perfil a trav\u00e9s del logo del perfil en tu tablero y selecciona \u201cVerificaci\u00f3n\u201d.\u201d<\/span><\/p>\n<p><span style=\"font-weight: 400;\">Debe completar al menos la verificaci\u00f3n de nivel intermedio para comprar activos digitales como Ethereum en el intercambio con dinero fiduciario. Por supuesto, si todo lo que quieres hacer es negociar pares de criptodivisas, por ejemplo, negociar <a href=\"https:\/\/coinkickoff.com\/es\/bitcoin-btc\/\" data-internallinksmanager029f6b8e52c=\"1\" title=\"\u00bfQu\u00e9 es Bitcoin (BTC)? Precio, historia y d\u00f3nde comprarlo\">Bitcoin<\/a> para Ethereum, puede omitir este paso.<\/span><\/p>\n<p><span style=\"font-weight: 400;\">La verificaci\u00f3n intermedia le permite comprar ETH con una tarjeta de cr\u00e9dito a trav\u00e9s de Bitfinex Pay Merchants o hacer dep\u00f3sitos en efectivo a trav\u00e9s de SEPA. Puedes hacer dep\u00f3sitos por transferencia despu\u00e9s de completar la verificaci\u00f3n completa.<\/span><\/p>\n<p><span style=\"font-weight: 400;\">Pulse \u201cIniciar verificaci\u00f3n\u201d para continuar.<\/span><\/p>\n<p><span style=\"font-weight: 400;\">Introduzca el nombre de su pa\u00eds de residencia para ver los tipos de identificaci\u00f3n recomendados. Elija el DNI que desea presentar y pulse \u201cContinuar\u201d.\u201d<\/span><\/p>\n<p><span style=\"font-weight: 400;\">Necesitar\u00e1s un dispositivo m\u00f3vil para continuar: Utilice la c\u00e1mara de su tel\u00e9fono para escanear el c\u00f3digo y abrir la p\u00e1gina de carga. A continuaci\u00f3n, puede enviar las im\u00e1genes necesarias.<\/span><\/p>\n<h3><span class=\"ez-toc-section\" id=\"3_Deposit_FundsCrypto\"><\/span><span style=\"font-weight: 400;\">3. Depositar Fondos\/Cripto<\/span><span class=\"ez-toc-section-end\"><\/span><\/h3>\n<p><span style=\"font-weight: 400;\">Ahora es el momento de hacer un dep\u00f3sito: Si tienes activos digitales que quieres intercambiar por Ethereum en Bitfinex, primero debes transferir esos activos a tu cuenta de Bitfinex. Selecciona \u201cDepositar\u201d para ver una lista de activos que puedes enviar a la plataforma.<\/span><\/p>\n<p><span style=\"font-weight: 400;\">Una vez que seleccione su activo, Bitfinex generar\u00e1 una direcci\u00f3n de cartera para enviar su criptomoneda. Una vez completado el dep\u00f3sito, tus activos aparecer\u00e1n en la pesta\u00f1a \u201cSaldos\u201d.<\/span><\/p>\n<h3><span class=\"ez-toc-section\" id=\"4_Navigate_to_the_Relevant_Screen_to_Buy\"><\/span><span style=\"font-weight: 400;\">4. Navegue hasta la pantalla correspondiente para comprar<\/span><span class=\"ez-toc-section-end\"><\/span><\/h3>\n<p><span style=\"font-weight: 400;\">Usted puede pensar que est\u00e1 listo para comprar activos digitales ahora que su dep\u00f3sito se ha completado, pero hay un paso m\u00e1s antes de eso: Bitfinex env\u00eda autom\u00e1ticamente tu dep\u00f3sito a tu \u201cFunding Wallet\u201d, pero nosotros los queremos en nuestra \u201cExchange Wallet\u201d.\u201d<\/span><\/p>\n<p><span style=\"font-weight: 400;\">Afortunadamente, es una operaci\u00f3n sencilla: En tu pesta\u00f1a \u201cSaldos\u201d, selecciona los fondos que quieres intercambiar y haz clic en \u201cTransferir\u201d. Una vez que est\u00e9n en el monedero de intercambio, podr\u00e1s cambiarlos por Ether.<\/span><\/p>\n<p><span style=\"font-weight: 400;\">Para empezar, vaya a la pesta\u00f1a \u201cTrading\u201d. Ahora, si has depositado activos digitales, debes buscar el mercado Ethereum para ese activo. Por ejemplo, si tiene <a href=\"https:\/\/coinkickoff.com\/es\/tether-usdt\/\" data-internallinksmanager029f6b8e52c=\"3\" title=\"\u00bfQu\u00e9 es el Tether (USDT)? \u00bfC\u00f3mo funciona y d\u00f3nde comprarlo?\">USDT<\/a>, busque ETH\/USDT.\u00a0<\/span><\/p>\n<p><span style=\"font-weight: 400;\">Para moneda fiduciaria, busque los pares ETH\/USD o ETH\/EUR. Una vez que obtenga el emparejamiento que desee, haga clic en \u00e9l para ver la interfaz de negociaci\u00f3n.\u00a0<\/span><\/p>\n<p><span style=\"font-weight: 400;\">S\u00f3lo tienes que introducir la cantidad de Ethereum que quieres comprar por tus activos. Puedes ajustar manualmente el precio que est\u00e1s dispuesto a pagar. Una vez completado el formulario, pulsa \u201cIntercambiar compra\u201d.\u201d<\/span><\/p>\n<p><span style=\"font-weight: 400;\">Y as\u00ed es como se compra Ethereum en Bitfinex. Si usted decide comprar Ethereum en un intercambio diferente, tambi\u00e9n puede consultar nuestros diversos <a href=\"https:\/\/coinkickoff.com\/es\/crypto-exchanges\/\">rese\u00f1as de intercambios<\/a> y <a href=\"https:\/\/coinkickoff.com\/es\/how-to-buy-ethereum\/\">gu\u00edas<\/a>.<\/span><\/p>","protected":false},"excerpt":{"rendered":"<p>C\u00f3mo comprar Ethereum en Bitfinex \u00bfQuieres comprar Ethereum en Bitfinex? Tenemos la gu\u00eda perfecta para ti con instrucciones paso a paso. Aqu\u00ed te explicamos c\u00f3mo comprar Ethereum en Bitfinex. Gu\u00eda paso a paso para comprar Ethereum en Bitfinex 1. Reg\u00edstrese en Bitfinex. Registre una cuenta en Bitfinex Para empezar, necesitar\u00e1 una [...]<\/p>","protected":false},"author":3,"featured_media":0,"parent":3937,"menu_order":0,"comment_status":"closed","ping_status":"closed","template":"","meta":{"_genesis_hide_title":false,"_genesis_hide_breadcrumbs":false,"_genesis_hide_singular_image":false,"_genesis_hide_footer_widgets":false,"_genesis_custom_body_class":"","_genesis_custom_post_class":"","_genesis_layout":"","_glsr_average":0,"_glsr_ranking":0,"_glsr_reviews":0,"footnotes":""},"class_list":{"0":"post-4172","1":"page","2":"type-page","3":"status-publish","5":"entry"},"featured_image_src":null,"featured_image_src_square":null,"_links":{"self":[{"href":"https:\/\/coinkickoff.com\/es\/wp-json\/wp\/v2\/pages\/4172","targetHints":{"allow":["GET"]}}],"collection":[{"href":"https:\/\/coinkickoff.com\/es\/wp-json\/wp\/v2\/pages"}],"about":[{"href":"https:\/\/coinkickoff.com\/es\/wp-json\/wp\/v2\/types\/page"}],"author":[{"embeddable":true,"href":"https:\/\/coinkickoff.com\/es\/wp-json\/wp\/v2\/users\/3"}],"replies":[{"embeddable":true,"href":"https:\/\/coinkickoff.com\/es\/wp-json\/wp\/v2\/comments?post=4172"}],"version-history":[{"count":1,"href":"https:\/\/coinkickoff.com\/es\/wp-json\/wp\/v2\/pages\/4172\/revisions"}],"predecessor-version":[{"id":4173,"href":"https:\/\/coinkickoff.com\/es\/wp-json\/wp\/v2\/pages\/4172\/revisions\/4173"}],"up":[{"embeddable":true,"href":"https:\/\/coinkickoff.com\/es\/wp-json\/wp\/v2\/pages\/3937"}],"wp:attachment":[{"href":"https:\/\/coinkickoff.com\/es\/wp-json\/wp\/v2\/media?parent=4172"}],"curies":[{"name":"wp","href":"https:\/\/api.w.org\/{rel}","templated":true}]}}