{"id":3877,"date":"2026-01-08T14:06:52","date_gmt":"2026-01-08T14:06:52","guid":{"rendered":"https:\/\/coinkickoff.com\/?page_id=3877"},"modified":"2026-01-08T14:06:52","modified_gmt":"2026-01-08T14:06:52","slug":"how-to-buy-shiba-inu-on-kraken","status":"publish","type":"page","link":"https:\/\/coinkickoff.com\/es\/how-to-buy-shiba-inu\/how-to-buy-shiba-inu-on-kraken\/","title":{"rendered":"C\u00f3mo comprar Shiba Inu en Kraken"},"content":{"rendered":"<div id=\"ez-toc-container\" class=\"ez-toc-v2_0_80 counter-hierarchy ez-toc-counter ez-toc-transparent ez-toc-container-direction\">\n<div class=\"ez-toc-title-container\">\n<p class=\"ez-toc-title\" style=\"cursor:inherit\">Secciones<\/p>\n<span class=\"ez-toc-title-toggle\"><a href=\"#\" class=\"ez-toc-pull-right ez-toc-btn ez-toc-btn-xs ez-toc-btn-default ez-toc-toggle\" aria-label=\"Alternar tabla de contenidos\"><span class=\"ez-toc-js-icon-con\"><span class=\"\"><span class=\"eztoc-hide\" style=\"display:none;\">Toggle<\/span><span class=\"ez-toc-icon-toggle-span\"><svg style=\"fill: #999;color:#999\" xmlns=\"http:\/\/www.w3.org\/2000\/svg\" class=\"list-377408\" width=\"20px\" height=\"20px\" viewbox=\"0 0 24 24\" fill=\"none\"><path d=\"M6 6H4v2h2V6zm14 0H8v2h12V6zM4 11h2v2H4v-2zm16 0H8v2h12v-2zM4 16h2v2H4v-2zm16 0H8v2h12v-2z\" fill=\"currentColor\"><\/path><\/svg><svg style=\"fill: #999;color:#999\" class=\"arrow-unsorted-368013\" xmlns=\"http:\/\/www.w3.org\/2000\/svg\" width=\"10px\" height=\"10px\" viewbox=\"0 0 24 24\" version=\"1.2\" baseprofile=\"tiny\"><path d=\"M18.2 9.3l-6.2-6.3-6.2 6.3c-.2.2-.3.4-.3.7s.1.5.3.7c.2.2.4.3.7.3h11c.3 0 .5-.1.7-.3.2-.2.3-.5.3-.7s-.1-.5-.3-.7zM5.8 14.7l6.2 6.3 6.2-6.3c.2-.2.3-.5.3-.7s-.1-.5-.3-.7c-.2-.2-.4-.3-.7-.3h-11c-.3 0-.5.1-.7.3-.2.2-.3.5-.3.7s.1.5.3.7z\"\/><\/svg><\/span><\/span><\/span><\/a><\/span><\/div>\n<nav><ul class='ez-toc-list ez-toc-list-level-1 eztoc-toggle-hide-by-default' ><li class='ez-toc-page-1 ez-toc-heading-level-2'><a class=\"ez-toc-link ez-toc-heading-1\" href=\"https:\/\/coinkickoff.com\/es\/how-to-buy-shiba-inu\/how-to-buy-shiba-inu-on-kraken\/#How_to_Buy_Shiba_Inu_on_Kraken_Exchange\" >C\u00f3mo comprar Shiba Inu en la bolsa de Kraken<\/a><\/li><li class='ez-toc-page-1 ez-toc-heading-level-2'><a class=\"ez-toc-link ez-toc-heading-2\" href=\"https:\/\/coinkickoff.com\/es\/how-to-buy-shiba-inu\/how-to-buy-shiba-inu-on-kraken\/#A_Step-By-Step_Guide_on_How_to_Buy_Shiba_Inu_on_Kraken\" >Gu\u00eda paso a paso para comprar Shiba Inu en Kraken<\/a><ul class='ez-toc-list-level-3' ><li class='ez-toc-heading-level-3'><a class=\"ez-toc-link ez-toc-heading-3\" href=\"https:\/\/coinkickoff.com\/es\/how-to-buy-shiba-inu\/how-to-buy-shiba-inu-on-kraken\/#1_Register_an_Account_on_Kraken\" >1. Registrar una cuenta en Kraken<\/a><\/li><li class='ez-toc-page-1 ez-toc-heading-level-3'><a class=\"ez-toc-link ez-toc-heading-4\" href=\"https:\/\/coinkickoff.com\/es\/how-to-buy-shiba-inu\/how-to-buy-shiba-inu-on-kraken\/#2_Verify_Your_Account\" >2. Verifique su cuenta<\/a><\/li><li class='ez-toc-page-1 ez-toc-heading-level-3'><a class=\"ez-toc-link ez-toc-heading-5\" href=\"https:\/\/coinkickoff.com\/es\/how-to-buy-shiba-inu\/how-to-buy-shiba-inu-on-kraken\/#3_Enable_2FA\" >3. Activar 2FA<\/a><\/li><li class='ez-toc-page-1 ez-toc-heading-level-3'><a class=\"ez-toc-link ez-toc-heading-6\" href=\"https:\/\/coinkickoff.com\/es\/how-to-buy-shiba-inu\/how-to-buy-shiba-inu-on-kraken\/#4_Add_an_Instant_Payment_Method\" >4. A\u00f1adir un m\u00e9todo de pago instant\u00e1neo<\/a><\/li><li class='ez-toc-page-1 ez-toc-heading-level-3'><a class=\"ez-toc-link ez-toc-heading-7\" href=\"https:\/\/coinkickoff.com\/es\/how-to-buy-shiba-inu\/how-to-buy-shiba-inu-on-kraken\/#4_Navigate_to_the_Relevant_Screen_to_Buy\" >4. Navegue hasta la pantalla correspondiente para comprar<\/a><\/li><\/ul><\/li><\/ul><\/nav><\/div>\n<h2><span class=\"ez-toc-section\" id=\"How_to_Buy_Shiba_Inu_on_Kraken_Exchange\"><\/span><span style=\"font-weight: 400;\">C\u00f3mo comprar Shiba Inu en la bolsa de Kraken<\/span><span class=\"ez-toc-section-end\"><\/span><\/h2>\n<p><span style=\"font-weight: 400;\">Como la mayor\u00eda de las criptomonedas, <a href=\"https:\/\/coinkickoff.com\/es\/shiba-inu-shib\/\">Shiba Inu (SHIB)<\/a> es un activo especulativo: su precio puede subir y bajar en funci\u00f3n de los caprichos de famosos, vendedores e incluso comentaristas de Reddit. Como un meme coin sin un caso de uso, <a href=\"https:\/\/coinkickoff.com\/es\/shiba-inu-shib\/\" data-internallinksmanager029f6b8e52c=\"16\" title=\"\u00bfQu\u00e9 es el Shiba Inu (SHIB)? \u00bfC\u00f3mo funciona y d\u00f3nde comprarlo?\">SHIB<\/a> es especialmente vulnerable a las enormes y repentinas oscilaciones de precios, lo que la hace potencialmente rentable y arriesgada.<\/span><\/p>\n<p><span style=\"font-weight: 400;\">Puede comprar SHIB en varios <a href=\"https:\/\/coinkickoff.com\/es\/crypto-exchanges\/\" data-internallinksmanager029f6b8e52c=\"141\" title=\"Las 21 mejores aplicaciones y bolsas de criptomonedas de 2024\">intercambios de criptomonedas<\/a>gracias a su popularidad. En esta gu\u00eda, vamos a explicar c\u00f3mo comprar Shiba Inu en <a href=\"https:\/\/coinkickoff.com\/es\/kraken-review\/\">Kraken<\/a>una veterana bolsa estadounidense conocida por sus elevadas normas de seguridad.<\/span><\/p>\n<h2><span class=\"ez-toc-section\" id=\"A_Step-By-Step_Guide_on_How_to_Buy_Shiba_Inu_on_Kraken\"><\/span><span style=\"font-weight: 400;\">Gu\u00eda paso a paso para comprar Shiba Inu en Kraken<\/span><span class=\"ez-toc-section-end\"><\/span><\/h2>\n<h3><span class=\"ez-toc-section\" id=\"1_Register_an_Account_on_Kraken\"><\/span><span style=\"font-weight: 400;\">1. Registrar una cuenta en Kraken<\/span><span class=\"ez-toc-section-end\"><\/span><\/h3>\n<p><img loading=\"lazy\" decoding=\"async\" class=\"alignnone wp-image-3406 size-full\" src=\"https:\/\/coinkickoff.com\/wp-content\/uploads\/kraken1-e1682502957481.png\" alt=\"c\u00f3mo comprar Dogecoin en Kraken\" width=\"1339\" height=\"763\" srcset=\"https:\/\/coinkickoff.com\/wp-content\/uploads\/kraken1-e1682502957481.png 1339w, https:\/\/coinkickoff.com\/wp-content\/uploads\/kraken1-e1682502957481-300x171.png 300w, https:\/\/coinkickoff.com\/wp-content\/uploads\/kraken1-e1682502957481-1024x584.png 1024w, https:\/\/coinkickoff.com\/wp-content\/uploads\/kraken1-e1682502957481-768x438.png 768w, https:\/\/coinkickoff.com\/wp-content\/uploads\/kraken1-e1682502957481-18x10.png 18w\" sizes=\"auto, (max-width: 1339px) 100vw, 1339px\" \/><\/p>\n<p><span style=\"font-weight: 400;\">Lo primero es lo primero: Vaya a <a href=\"https:\/\/coinkickoff.com\/es\/kraken-review\/\" data-internallinksmanager029f6b8e52c=\"171\" title=\"Kraken Comentarios 2023: Tarifas, Caracter\u00edsticas, Seguridad, Pros y Contras\">Kraken<\/a>y cree una cuenta. Rellene el formulario de inscripci\u00f3n introduciendo toda la informaci\u00f3n necesaria. Aseg\u00farate de introducir una direcci\u00f3n de correo electr\u00f3nico v\u00e1lida: Kraken lo utilizar\u00e1 para enviarte un enlace de activaci\u00f3n.<\/span><\/p>\n<h3><span class=\"ez-toc-section\" id=\"2_Verify_Your_Account\"><\/span><span style=\"font-weight: 400;\">2. Verifique su cuenta<\/span><span class=\"ez-toc-section-end\"><\/span><\/h3>\n<p><span style=\"font-weight: 400;\">Una vez que inicies sesi\u00f3n, es hora de completar la verificaci\u00f3n de identidad. Kraken es bastante estricto con la verificaci\u00f3n de identidad, por lo que no puedes saltarte este paso. De hecho, en cuanto intentes hacer clic en la pesta\u00f1a \"Comprar criptomonedas\" en la parte superior del panel de control, se te pedir\u00e1 que verifiques tu identidad.<\/span><\/p>\n<p><img loading=\"lazy\" decoding=\"async\" class=\"alignnone wp-image-3407 size-full\" src=\"https:\/\/coinkickoff.com\/wp-content\/uploads\/kraken2-e1686524781685.png\" alt=\"aviso de verificaci\u00f3n de kraken\" width=\"1360\" height=\"791\" srcset=\"https:\/\/coinkickoff.com\/wp-content\/uploads\/kraken2-e1686524781685.png 1360w, https:\/\/coinkickoff.com\/wp-content\/uploads\/kraken2-e1686524781685-300x174.png 300w, https:\/\/coinkickoff.com\/wp-content\/uploads\/kraken2-e1686524781685-1024x596.png 1024w, https:\/\/coinkickoff.com\/wp-content\/uploads\/kraken2-e1686524781685-768x447.png 768w, https:\/\/coinkickoff.com\/wp-content\/uploads\/kraken2-e1686524781685-18x10.png 18w\" sizes=\"auto, (max-width: 1360px) 100vw, 1360px\" \/><\/p>\n<p><span style=\"font-weight: 400;\">El esquema de verificaci\u00f3n de Kraken es bastante est\u00e1ndar: debes introducir tu nombre, direcci\u00f3n y datos personales y subir documentos de identidad.<\/span><\/p>\n<p><img loading=\"lazy\" decoding=\"async\" class=\"alignnone wp-image-3408 size-full\" src=\"https:\/\/coinkickoff.com\/wp-content\/uploads\/kraken3-e1682503223180.png\" alt=\"\" width=\"1375\" height=\"777\" srcset=\"https:\/\/coinkickoff.com\/wp-content\/uploads\/kraken3-e1682503223180.png 1375w, https:\/\/coinkickoff.com\/wp-content\/uploads\/kraken3-e1682503223180-300x170.png 300w, https:\/\/coinkickoff.com\/wp-content\/uploads\/kraken3-e1682503223180-1024x579.png 1024w, https:\/\/coinkickoff.com\/wp-content\/uploads\/kraken3-e1682503223180-768x434.png 768w, https:\/\/coinkickoff.com\/wp-content\/uploads\/kraken3-e1682503223180-18x10.png 18w, https:\/\/coinkickoff.com\/wp-content\/uploads\/kraken3-e1682503223180-600x338.png 600w\" sizes=\"auto, (max-width: 1375px) 100vw, 1375px\" \/><\/p>\n<p><span style=\"font-weight: 400;\">Introduzca toda la informaci\u00f3n necesaria y haga clic en \"Continuar\". Cargue los documentos necesarios cuando se le solicite. Puede completar el proceso en unos minutos.\u00a0<\/span><\/p>\n<h3><span class=\"ez-toc-section\" id=\"3_Enable_2FA\"><\/span><span style=\"font-weight: 400;\">3. Activar 2FA<\/span><span class=\"ez-toc-section-end\"><\/span><\/h3>\n<p><span style=\"font-weight: 400;\">Una vez que seas un usuario verificado, podr\u00e1s depositar fondos en Kraken. Sin embargo, es aconsejable activar la autenticaci\u00f3n de dos factores (2FA) antes de depositar fondos en su cuenta. La 2FA reduce las posibilidades de que te roben la cuenta (y los fondos).<\/span><\/p>\n<p><span style=\"font-weight: 400;\">Haga clic en su nombre de usuario que aparece en la esquina superior derecha de la pantalla y vaya a la configuraci\u00f3n 2FA.<\/span><\/p>\n<p><img loading=\"lazy\" decoding=\"async\" class=\"alignnone wp-image-3409 size-full\" src=\"https:\/\/coinkickoff.com\/wp-content\/uploads\/kraken4-e1682503267822.png\" alt=\"\" width=\"1360\" height=\"795\" srcset=\"https:\/\/coinkickoff.com\/wp-content\/uploads\/kraken4-e1682503267822.png 1360w, https:\/\/coinkickoff.com\/wp-content\/uploads\/kraken4-e1682503267822-300x175.png 300w, https:\/\/coinkickoff.com\/wp-content\/uploads\/kraken4-e1682503267822-1024x599.png 1024w, https:\/\/coinkickoff.com\/wp-content\/uploads\/kraken4-e1682503267822-768x449.png 768w, https:\/\/coinkickoff.com\/wp-content\/uploads\/kraken4-e1682503267822-18x12.png 18w\" sizes=\"auto, (max-width: 1360px) 100vw, 1360px\" \/><\/p>\n<p><span style=\"font-weight: 400;\">Debe activar la 2FA para iniciar sesi\u00f3n en la cuenta, pero tambi\u00e9n puede activarla para otras operaciones como el comercio y la financiaci\u00f3n. Para empezar, haga clic en el bot\u00f3n resaltado \"Activar ahora\".<\/span><\/p>\n<p><span style=\"font-weight: 400;\"><img loading=\"lazy\" decoding=\"async\" class=\"alignnone wp-image-3405 size-full\" src=\"https:\/\/coinkickoff.com\/wp-content\/uploads\/kraken-5-e1682503294785.png\" alt=\"\" width=\"1357\" height=\"770\" srcset=\"https:\/\/coinkickoff.com\/wp-content\/uploads\/kraken-5-e1682503294785.png 1357w, https:\/\/coinkickoff.com\/wp-content\/uploads\/kraken-5-e1682503294785-300x170.png 300w, https:\/\/coinkickoff.com\/wp-content\/uploads\/kraken-5-e1682503294785-1024x581.png 1024w, https:\/\/coinkickoff.com\/wp-content\/uploads\/kraken-5-e1682503294785-768x436.png 768w, https:\/\/coinkickoff.com\/wp-content\/uploads\/kraken-5-e1682503294785-18x10.png 18w\" sizes=\"auto, (max-width: 1357px) 100vw, 1357px\" \/><\/span><\/p>\n<p><span style=\"font-weight: 400;\">El sitio web de Kraken explica con todo detalle c\u00f3mo funciona la 2FA y te da instrucciones sobre c\u00f3mo proceder. B\u00e1sicamente, todo lo que tienes que hacer es conseguir la aplicaci\u00f3n Google Authenticator y utilizarla para escanear el c\u00f3digo QR que Kraken genera para ti. La app te dar\u00e1 un c\u00f3digo de autenticaci\u00f3n para confirmar tu seguridad. Introduce el c\u00f3digo desde la app y haz clic en \"Confirmar\".<\/span><\/p>\n<p><img loading=\"lazy\" decoding=\"async\" class=\"alignnone wp-image-3410 size-full\" src=\"https:\/\/coinkickoff.com\/wp-content\/uploads\/kraken6-e1682503322525.png\" alt=\"\" width=\"1357\" height=\"791\" \/><\/p>\n<p><span style=\"font-weight: 400;\">Utilizar\u00e1s la aplicaci\u00f3n Google Authenticator cada vez que accedas a tu cuenta.\u00a0<\/span><\/p>\n<h3><span class=\"ez-toc-section\" id=\"4_Add_an_Instant_Payment_Method\"><\/span><span style=\"font-weight: 400;\">4. A\u00f1adir un m\u00e9todo de pago instant\u00e1neo<\/span><span class=\"ez-toc-section-end\"><\/span><\/h3>\n<p><span style=\"font-weight: 400;\">La forma m\u00e1s r\u00e1pida de comprar Shiba Inu (o cualquier otra criptodivisa) en Kraken es a\u00f1adir un m\u00e9todo de pago instant\u00e1neo a tu cuenta. Puedes vincular tarjetas de cr\u00e9dito y d\u00e9bito o tu cuenta bancaria online para intercambiar.<\/span><\/p>\n<p><span style=\"font-weight: 400;\">Haga clic en la pesta\u00f1a \"Comprar Crypto\" para vincular una tarjeta a su cuenta. Se le redirigir\u00e1 a la p\u00e1gina de m\u00e9todos de Crypto Buy, donde podr\u00e1 a\u00f1adir un m\u00e9todo de pago.<\/span><\/p>\n<p><img loading=\"lazy\" decoding=\"async\" class=\"alignnone wp-image-3412 size-full\" src=\"https:\/\/coinkickoff.com\/wp-content\/uploads\/kraken8-e1682503364155.png\" alt=\"c\u00f3mo comprar Shiba Inu en Kraken\" width=\"1206\" height=\"781\" srcset=\"https:\/\/coinkickoff.com\/wp-content\/uploads\/kraken8-e1682503364155.png 1206w, https:\/\/coinkickoff.com\/wp-content\/uploads\/kraken8-e1682503364155-300x194.png 300w, https:\/\/coinkickoff.com\/wp-content\/uploads\/kraken8-e1682503364155-1024x663.png 1024w, https:\/\/coinkickoff.com\/wp-content\/uploads\/kraken8-e1682503364155-768x497.png 768w, https:\/\/coinkickoff.com\/wp-content\/uploads\/kraken8-e1682503364155-18x12.png 18w\" sizes=\"auto, (max-width: 1206px) 100vw, 1206px\" \/><\/p>\n<p><span style=\"font-weight: 400;\">Haga clic en \"A\u00f1adir m\u00e9todos de pago\". <\/span><\/p>\n<p><img loading=\"lazy\" decoding=\"async\" class=\"alignnone wp-image-3413 size-full\" src=\"https:\/\/coinkickoff.com\/wp-content\/uploads\/kraken9-e1682503407337.png\" alt=\"\" width=\"1196\" height=\"776\" srcset=\"https:\/\/coinkickoff.com\/wp-content\/uploads\/kraken9-e1682503407337.png 1196w, https:\/\/coinkickoff.com\/wp-content\/uploads\/kraken9-e1682503407337-300x195.png 300w, https:\/\/coinkickoff.com\/wp-content\/uploads\/kraken9-e1682503407337-1024x664.png 1024w, https:\/\/coinkickoff.com\/wp-content\/uploads\/kraken9-e1682503407337-768x498.png 768w, https:\/\/coinkickoff.com\/wp-content\/uploads\/kraken9-e1682503407337-18x12.png 18w\" sizes=\"auto, (max-width: 1196px) 100vw, 1196px\" \/><\/p>\n<p><span style=\"font-weight: 400;\">Puede a\u00f1adir una tarjeta de d\u00e9bito o cr\u00e9dito simplemente introduciendo los datos de su tarjeta. Tambi\u00e9n puede ingresar dinero en efectivo a trav\u00e9s de la banca electr\u00f3nica, aunque no es tan r\u00e1pido como la primera opci\u00f3n.<\/span><\/p>\n<h3><span class=\"ez-toc-section\" id=\"4_Navigate_to_the_Relevant_Screen_to_Buy\"><\/span><span style=\"font-weight: 400;\">4. Navegue hasta la pantalla correspondiente para comprar<\/span><span class=\"ez-toc-section-end\"><\/span><\/h3>\n<p><span style=\"font-weight: 400;\">Una vez que a\u00f1ada un m\u00e9todo de pago a su cuenta de Kraken, comprar SHIB es muy f\u00e1cil. En la p\u00e1gina \"Buy Crypto\", haz clic en \"Buy\".<\/span><\/p>\n<p><span style=\"font-weight: 400;\">Puede ver los activos ofrecidos en el men\u00fa desplegable. Selecciona Shiba Inu de la lista (puedes encontrarlo listado como SHIB). Introduce la cantidad que quieres gastar en Shib, selecciona tu m\u00e9todo de pago y haz clic en confirmar.<\/span><\/p>\n<p><span style=\"font-weight: 400;\">Aunque esta opci\u00f3n es muy r\u00e1pida, las compras con tarjeta de cr\u00e9dito o d\u00e9bito a trav\u00e9s del widget easy buy pueden resultar muy costosas. Si no quieres pagar comisiones elevadas por comprar Shiba Inu, puedes utilizar el segundo m\u00e9todo que describiremos a continuaci\u00f3n.<\/span><\/p>\n<p><span style=\"font-weight: 400;\">En Kraken puedes intercambiar determinadas divisas fiduciarias, incluida USD, por Shiba Inu. Tenga en cuenta que debe depositar fondos en su cuenta para beneficiarse de las comisiones m\u00e1s baratas de Kraken. No puedes utilizar tarjetas de d\u00e9bito o cr\u00e9dito para operar en Kraken.<\/span><\/p>\n<p><span style=\"font-weight: 400;\">Hay dos maneras de convertir tu USD a Shiba Inu en Kraken: Puede utilizar <\/span><a href=\"https:\/\/kraken.pxf.io\/B0Rny4convert\/shib\/usd\" target=\"_blank\" rel=\"noopener\"><span style=\"font-weight: 400;\">Autoconvertidor de Kraken<\/span><\/a><span style=\"font-weight: 400;\"> o ejecutar una operaci\u00f3n colocando una orden para Shiba Inu.<\/span><\/p>\n<p><span style=\"font-weight: 400;\">El convertidor autom\u00e1tico es la forma m\u00e1s sencilla de negociar USD para Kraken, pero si desea determinar su propio precio, colocar una orden es el camino a seguir.<\/span><\/p>\n<p><span style=\"font-weight: 400;\">Si desea colocar una orden, vaya a la pesta\u00f1a \"Comercio\" y haga clic en \"Nueva orden\". Elija el par de operaciones USD\/SHIB.<\/span><\/p>\n<p><span style=\"font-weight: 400;\">El formulario de pedido puede parecer confuso, pero es muy sencillo: S\u00f3lo tienes que introducir cu\u00e1nto quieres gastarte. Puede aceptar el precio de mercado del SHIB o fijarse un precio. Si fijas un precio demasiado bajo, tu pedido puede tardar un poco en realizarse.<\/span><\/p>\n<p><span style=\"font-weight: 400;\">Enhorabuena. Ahora ya sabes c\u00f3mo comprar Shiba Inu en Kraken.<\/span><\/p>","protected":false},"excerpt":{"rendered":"<p>C\u00f3mo comprar Shiba Inu en Kraken Exchange Como la mayor\u00eda de las criptodivisas, Shiba Inu (SHIB) es un activo especulativo: su precio puede subir y bajar dependiendo de los caprichos de celebridades, vendedores e incluso comentaristas de Reddit. Como meme coin sin un caso de uso, SHIB es particularmente vulnerable a enormes y repentinas oscilaciones de precios, por lo que [...]<\/p>","protected":false},"author":3,"featured_media":0,"parent":3709,"menu_order":0,"comment_status":"closed","ping_status":"closed","template":"","meta":{"_genesis_hide_title":false,"_genesis_hide_breadcrumbs":false,"_genesis_hide_singular_image":false,"_genesis_hide_footer_widgets":false,"_genesis_custom_body_class":"","_genesis_custom_post_class":"","_genesis_layout":"","_glsr_average":0,"_glsr_ranking":0,"_glsr_reviews":0,"footnotes":""},"class_list":{"0":"post-3877","1":"page","2":"type-page","3":"status-publish","5":"entry"},"featured_image_src":null,"featured_image_src_square":null,"_links":{"self":[{"href":"https:\/\/coinkickoff.com\/es\/wp-json\/wp\/v2\/pages\/3877","targetHints":{"allow":["GET"]}}],"collection":[{"href":"https:\/\/coinkickoff.com\/es\/wp-json\/wp\/v2\/pages"}],"about":[{"href":"https:\/\/coinkickoff.com\/es\/wp-json\/wp\/v2\/types\/page"}],"author":[{"embeddable":true,"href":"https:\/\/coinkickoff.com\/es\/wp-json\/wp\/v2\/users\/3"}],"replies":[{"embeddable":true,"href":"https:\/\/coinkickoff.com\/es\/wp-json\/wp\/v2\/comments?post=3877"}],"version-history":[{"count":3,"href":"https:\/\/coinkickoff.com\/es\/wp-json\/wp\/v2\/pages\/3877\/revisions"}],"predecessor-version":[{"id":3880,"href":"https:\/\/coinkickoff.com\/es\/wp-json\/wp\/v2\/pages\/3877\/revisions\/3880"}],"up":[{"embeddable":true,"href":"https:\/\/coinkickoff.com\/es\/wp-json\/wp\/v2\/pages\/3709"}],"wp:attachment":[{"href":"https:\/\/coinkickoff.com\/es\/wp-json\/wp\/v2\/media?parent=3877"}],"curies":[{"name":"wp","href":"https:\/\/api.w.org\/{rel}","templated":true}]}}