{"id":9,"date":"2026-01-08T14:07:51","date_gmt":"2026-01-08T14:07:51","guid":{"rendered":"https:\/\/coinkickoff.com\/?page_id=9"},"modified":"2026-01-08T14:07:51","modified_gmt":"2026-01-08T14:07:51","slug":"uber-uns","status":"publish","type":"page","link":"https:\/\/coinkickoff.com\/de\/uber-uns\/","title":{"rendered":"\u00dcber"},"content":{"rendered":"<h1 class=\"wp-block-genesis-blocks-gb-spacer gb-block-spacer gb-divider-solid gb-divider-size-1\" style=\"color: #ddd;\">\u00dcber Coin Kickoff\u00a0<\/h1>\r\n<div class=\"wp-block-columns has-2-columns\">\r\n<div class=\"wp-block-column\">\r\n<p>Ich habe Coin Kickoff geschaffen, weil ich denke, dass Krypto\/<a href=\"https:\/\/coinkickoff.com\/de\/what-is-web-3-0\/\" data-internallinksmanager029f6b8e52c=\"184\" title=\"Was ist Web 3.0?\">web3<\/a> zu kompliziert ist.<\/p>\r\n\r\n\r\n\r\n<p>Mein Name ist Ian Wright und ich begann mit Kryptow\u00e4hrungen im <strong>2017<\/strong> wenn <a href=\"https:\/\/coinkickoff.com\/de\/bitcoin-btc\/\" data-internallinksmanager029f6b8e52c=\"1\" title=\"Was ist Bitcoin (BTC)? Preis, Geschichte und wo zu kaufen\">Bitcoin<\/a> machte seinen ersten Bullenlauf bis zu fast <strong>$20,000<\/strong> jeder.<\/p>\r\n\r\n\r\n\r\n<p>Ich hatte das Gl\u00fcck, dass ich damals tats\u00e4chlich ein wenig Geld verdienen konnte. Danach habe ich die Kryptow\u00e4hrungen schnell wieder vergessen.<\/p>\r\n\r\n\r\n\r\n<p>Ich nahm an, dass die Blase geplatzt war. Ich hatte Gl\u00fcck, dass ich rechtzeitig ausgestiegen bin.<\/p>\r\n\r\n\r\n\r\n<p>Das Ganze kam mir wie ein riesiger Betrug vor und w\u00fcrde irgendwann einfach verschwinden.<\/p>\r\n\r\n\r\n\r\n<p><strong>Dann geschah etwas Seltsames.<\/strong><\/p>\r\n\r\n\r\n\r\n<p>Im Herbst des Jahres <strong>2020<\/strong> Ich h\u00f6rte wieder Leute \u00fcber Bitcoin und Krypto reden.<\/p>\r\n\r\n\r\n\r\n<p>Zuerst habe ich es abgetan. Bitcoin war so <strong>2017<\/strong>.<\/p>\r\n\r\n\r\n\r\n<p>Au\u00dferdem war es sowieso ein Betrug.<\/p>\r\n\r\n\r\n\r\n<p>Aber schlie\u00dflich \u00e4nderte ich meine Meinung, als der Preis von Bitcoin \u00fcber sein bisheriges Allzeithoch kletterte.<\/p>\r\n\r\n\r\n\r\n<p>Meiner Meinung nach h\u00e4tte das nicht passieren d\u00fcrfen.<\/p>\r\n\r\n\r\n\r\n<p>Ich war und bleibe skeptisch gegen\u00fcber dem Wert von Bitcoin, Krypto, web3 und der Blockchain.<\/p>\r\n\r\n\r\n\r\n<p>Aber ich habe nicht mehr das Gef\u00fchl, dass sie in absehbarer Zeit verschwinden werden.<\/p>\r\n\r\n\r\n\r\n<p><strong>Ich habe sogar beschlossen, wieder zu investieren. <\/strong><\/p>\r\n\r\n\r\n\r\n<p>Aber anders als beim letzten Mal habe ich Geld verloren. In einem Bullenmarkt!<\/p>\r\n\r\n\r\n\r\n<p>Deshalb habe ich beschlossen, mich selbst weiterzubilden.<\/p>\r\n\r\n\r\n\r\n<p>Und deshalb habe ich Coin Kickoff ins Leben gerufen.<\/p>\r\n\r\n\r\n\r\n<p>Das Ziel ist einfach: erkl\u00e4ren, was die verschiedenen coins sind, was sie k\u00f6nnen und wo man sie kaufen kann.<\/p>\r\n\r\n\r\n\r\n<p>Alles auf einfache und leicht verst\u00e4ndliche Weise.<\/p>\r\n\r\n\r\n\r\n<p>Und um das klarzustellen: Ich habe keine Ahnung, was ich tue. Nichts auf dieser Website sollte als Werbung f\u00fcr irgendeine Art von Investition verstanden werden.<\/p>\r\n\r\n\r\n\r\n<p>Ich erwarte, dass die meisten coins <strong>wird auf Null zur\u00fcckgehen<\/strong>.<\/p>\r\n\r\n\r\n\r\n<p>Betrachten Sie den Coin Kickoff als Ausgangspunkt, um noch mehr \u00fcber die verschiedenen Krypto-Optionen zu erfahren, die es gibt.<\/p>\r\n\r\n\r\n\r\n<p>Alle Beitr\u00e4ge und Leitf\u00e4den dienen nur zu Informationszwecken.<\/p>\r\n\r\n\r\n\r\n<p>Und setzen Sie niemals mehr Geld ein, als Sie sich leisten k\u00f6nnen, zu verlieren.<\/p>\r\n\r\n\r\n\r\n<p>&nbsp;<\/p>\r\n<\/div>\r\n<!-- \/wp:post-content --><\/div>\r\n<!-- \/wp:columns -->\r\n\r\n<!-- wp:paragraph -->\r\n<p>&nbsp;<\/p>\r\n<!-- \/wp:paragraph -->","protected":false},"excerpt":{"rendered":"<p>Mein Name ist Ian Wright und ich habe 2017 angefangen, mich in Kryptow\u00e4hrungen auszuprobieren, als Bitcoin seinen ersten Bullenlauf bis auf fast $20.000 pro St\u00fcck machte. Ich hatte das Gl\u00fcck, dass ich zu dieser Zeit tats\u00e4chlich ein wenig Geld verdienen konnte. Danach habe ich Krypto schnell wieder vergessen. Ich nahm an, die Blase sei geplatzt. I [...]<\/p>","protected":false},"author":1,"featured_media":10,"parent":0,"menu_order":0,"comment_status":"closed","ping_status":"closed","template":"","meta":{"_genesis_hide_title":true,"_genesis_hide_breadcrumbs":true,"_genesis_hide_singular_image":true,"_genesis_hide_footer_widgets":false,"_genesis_custom_body_class":"","_genesis_custom_post_class":"","_genesis_layout":"full-width-content","_glsr_average":0,"_glsr_ranking":0,"_glsr_reviews":0,"footnotes":""},"class_list":{"0":"post-9","1":"page","2":"type-page","3":"status-publish","4":"has-post-thumbnail","6":"entry"},"featured_image_src":"https:\/\/coinkickoff.com\/wp-content\/uploads\/2022\/03\/about-600x400.jpg","featured_image_src_square":"https:\/\/coinkickoff.com\/wp-content\/uploads\/2022\/03\/about-600x600.jpg","_links":{"self":[{"href":"https:\/\/coinkickoff.com\/de\/wp-json\/wp\/v2\/pages\/9","targetHints":{"allow":["GET"]}}],"collection":[{"href":"https:\/\/coinkickoff.com\/de\/wp-json\/wp\/v2\/pages"}],"about":[{"href":"https:\/\/coinkickoff.com\/de\/wp-json\/wp\/v2\/types\/page"}],"author":[{"embeddable":true,"href":"https:\/\/coinkickoff.com\/de\/wp-json\/wp\/v2\/users\/1"}],"replies":[{"embeddable":true,"href":"https:\/\/coinkickoff.com\/de\/wp-json\/wp\/v2\/comments?post=9"}],"version-history":[{"count":6,"href":"https:\/\/coinkickoff.com\/de\/wp-json\/wp\/v2\/pages\/9\/revisions"}],"predecessor-version":[{"id":79,"href":"https:\/\/coinkickoff.com\/de\/wp-json\/wp\/v2\/pages\/9\/revisions\/79"}],"wp:featuredmedia":[{"embeddable":true,"href":"https:\/\/coinkickoff.com\/de\/wp-json\/wp\/v2\/media\/10"}],"wp:attachment":[{"href":"https:\/\/coinkickoff.com\/de\/wp-json\/wp\/v2\/media?parent=9"}],"curies":[{"name":"wp","href":"https:\/\/api.w.org\/{rel}","templated":true}]}}