{"id":823,"date":"2026-01-08T14:06:30","date_gmt":"2026-01-08T14:06:30","guid":{"rendered":"https:\/\/coinkickoff.com\/?page_id=823"},"modified":"2026-01-08T14:06:30","modified_gmt":"2026-01-08T14:06:30","slug":"prices-zar","status":"publish","type":"page","link":"https:\/\/coinkickoff.com\/de\/prices\/prices-zar\/","title":{"rendered":"Top 100 Live Cryptocurrency Preise in S\u00fcdafrikanischen Rand (ZAR)"},"content":{"rendered":"<p>Aktuelle Preise in S\u00fcdafrikanischen Rand (ZAR) in Echtzeit f\u00fcr <a href=\"https:\/\/coinkickoff.com\/de\/bitcoin-btc\/\" data-internallinksmanager029f6b8e52c=\"1\" title=\"Was ist Bitcoin (BTC)? Preis, Geschichte und wo zu kaufen\">bitcoin<\/a> und die anderen Top 100 Kryptow\u00e4hrungen unten. <\/p>\n<!-- Cryptocurrency Widgets PRO 4.1.2  !--><div  class=\"ccpw-widget\" id=\"ccpw-list-widget-1349\" ><div class=\"ccpw_react_widget\" id=\"ccpw_react_widgets_134986651361\" data-attribute=\"{&quot;type&quot;:&quot;list-widget&quot;,&quot;selected_currency&quot;:&quot;ZAR&quot;,&quot;design&quot;:&quot;style-4&quot;,&quot;header&quot;:&quot;&quot;,&quot;show_chart&quot;:&quot;&quot;,&quot;custom_currency&quot;:&quot;&quot;,&quot;show_coins&quot;:&quot;100&quot;,&quot;MbFormating&quot;:&quot;on&quot;,&quot;live_changes&quot;:&quot;&quot;,&quot;display_changes&quot;:&quot;on&quot;}\"><\/div><\/div><style type='text\/css'>\r\n\t\t\t  .ccpw-widget #ccpw-list-widget-1349{background-color:#ffffff;color:#000;}\r\n\t\t\t  .ccpw-widget .ccpw_table tr #ccpw-list-widget-1349 {background-color:#ffffff;}\r\n\t\t\t  .ccpw-widget #ccpw-list-widget-1349.table {background-color:#ffffff;color:#000; box-shadow:inset 0px 0px 0px 3px rgba(0,0,0,0.25);}\r\n\t\t\t  #ccpw-list-widget-1349 .ccpw_table > tbody > tr > td,\r\n\t\t\t  #ccpw-list-widget-1349 .ccpw_table > tbody > tr > td .ticker-price,\r\n\t\t\t  #ccpw-list-widget-1349 .ccpw_table > tbody > tr > td.price,\r\n\t\t\t  #ccpw-list-widget-1349 .ccpw_table.table tr ,\r\n\t\t\t  #ccpw-list-widget-1349 .ccpw_table.table > thead > tr > th {border-color:rgba(0,0,0,0.25) !important;color:#000;background-color:#ffffff;}\r\n\t\t\t   .ccpw_table span.symbol { position:initial !Important; }<\/style>\n<div class=\"cg-choice-box-six   cg-blue\" ><div class=\"cg-cb-row\"><div class=\"cg-cb-items\" id=\"product-265843\"><div class=\"cg-cb-top-head\"><div class=\"cg-cb-top-pick\">Meist Coins<\/div><\/div><a href=\"https:\/\/accounts.binance.com\/register?ref=BLJQ60RW\" target=\"_blank\" rel=\"nofollow noopener\" class=\"cg-aff-link cg-cb-img\" data-post-title=\"Binance\" data-aff-link=\"https:\/\/accounts.binance.com\/register?ref=BLJQ60RW\" data-post-type=\"top\" data-post-id=\"127750\"><img decoding=\"async\" src=\"https:\/\/coinkickoff.com\/wp-content\/uploads\/2022\/10\/Binance_logo.png\" class=\"cg-img-1\" alt=\"Binance\" style=\"\"><\/a><div class=\"cg-cb-title\"><a href=\"https:\/\/accounts.binance.com\/register?ref=BLJQ60RW\" class=\"cg-aff-link\" data-post-id=\"127750\" data-post-type=\"top\" data-aff-link=\"https:\/\/accounts.binance.com\/register?ref=BLJQ60RW\" data-post-title=\"Binance\" target=\"\" rel=\"nofollow noopener\">Binance<\/a><\/span><\/div><div class=\"cg-cb-content\"><ul><li><strong>350+<\/strong> Kryptow\u00e4hrungen aufgelistet<\/li><li><strong>&lt;0,10%<\/strong> Transaktionsgeb\u00fchren<\/li><li><strong>120 Millionen<\/strong> Registrierte Benutzer<\/li><li>Sicherer Verm\u00f6gensfonds f\u00fcr Nutzer<\/li><li>Auf Einlagen verdienen<\/li><\/ul><\/div><div class=\"cg-cb-btn\"><span class='cta-copy'><a href=\"https:\/\/accounts.binance.com\/register?ref=BLJQ60RW\" class=\"cg-one-button cg-btn cg-red  cg-aff-link cg-btn-lg\" data-post-id=\"127750\" data-post-type=\"top\" data-aff-link=\"https:\/\/accounts.binance.com\/register?ref=BLJQ60RW\" data-style=\"default\" data-post-title=\"Binance\" data-extra=\"arrow\" style=\"\" target=\"\" rel=\"nofollow noopener\">Los geht's<\/a><\/span><\/span><\/div><\/div><div class=\"cg-cb-items\" id=\"product-265829\"><div class=\"cg-cb-top-head\"><div class=\"cg-cb-top-pick\">Die meisten L\u00e4nder<\/div><\/div><a href=\"https:\/\/kraken.pxf.io\/756J3y\" target=\"_blank\" rel=\"nofollow noopener\" class=\"cg-aff-link cg-cb-img\" data-post-title=\"Kraken\" data-aff-link=\"https:\/\/kraken.pxf.io\/756J3y\" data-post-type=\"top\" data-post-id=\"127750\"><img decoding=\"async\" src=\"https:\/\/coinkickoff.com\/wp-content\/uploads\/Kraken-logo.webp\" class=\"cg-img-1\" alt=\"Kraken\" style=\"\"><\/a><div class=\"cg-cb-title\"><a href=\"https:\/\/kraken.pxf.io\/756J3y\" class=\"cg-aff-link\" data-post-id=\"127750\" data-post-type=\"top\" data-aff-link=\"https:\/\/kraken.pxf.io\/756J3y\" data-post-title=\"Kraken\" target=\"\" rel=\"nofollow noopener\">Kraken<\/a><\/span><\/div><div class=\"cg-cb-content\"><ul><li>US-Basis<\/li><li>Beginnen Sie mit so wenig wie <strong>$10<\/strong><\/li><li>Kaufen und verkaufen <strong>200+<\/strong> Kryptow\u00e4hrungen<\/li><li>Pro L\u00f6sung f\u00fcr gr\u00f6\u00dfere H\u00e4ndler<\/li><li>Verf\u00fcgbar in <strong>190+<\/strong> L\u00e4nder<\/li><\/ul><\/div><div class=\"cg-cb-btn\"><span class='cta-copy'><a href=\"https:\/\/kraken.pxf.io\/756J3y\" class=\"cg-one-button cg-btn cg-red  cg-aff-link cg-btn-lg\" data-post-id=\"127750\" data-post-type=\"top\" data-aff-link=\"https:\/\/kraken.pxf.io\/756J3y\" data-style=\"default\" data-post-title=\"Kraken\" data-extra=\"arrow\" style=\"\" target=\"\" rel=\"nofollow noopener\">Los geht's<\/a><\/span><\/span><\/div><\/div><div class=\"cg-cb-items\" id=\"product-265822\"><div class=\"cg-cb-top-head\"><div class=\"cg-cb-top-pick\">US-Basis<\/div><\/div><a href=\"https:\/\/coinbase-consumer.sjv.io\/ORPoaG\" target=\"_blank\" rel=\"nofollow noopener\" class=\"cg-aff-link cg-cb-img\" data-post-title=\"Coinbase\" data-aff-link=\"https:\/\/coinbase-consumer.sjv.io\/ORPoaG\" data-post-type=\"top\" data-post-id=\"127750\"><img decoding=\"async\" src=\"https:\/\/coinkickoff.com\/wp-content\/uploads\/2022\/10\/Coinbase.png\" class=\"cg-img-1\" alt=\"Coinbase\" style=\"\"><\/a><div class=\"cg-cb-title\"><a href=\"https:\/\/coinbase-consumer.sjv.io\/ORPoaG\" class=\"cg-aff-link\" data-post-id=\"127750\" data-post-type=\"top\" data-aff-link=\"https:\/\/coinbase-consumer.sjv.io\/ORPoaG\" data-post-title=\"Coinbase\" target=\"\" rel=\"nofollow noopener\">Coinbase<\/a><\/span><\/div><div class=\"cg-cb-content\"><ul><li><strong>200+<\/strong> Kryptow\u00e4hrungen aufgelistet<\/li><li>Erhalten Sie Krypto nach Ihrem ersten Kauf<\/li><li>Gesch\u00fctzt durch eine Versicherung&nbsp;<\/li><li>Sichere Lagerung mit Tresorschutz<\/li><li>Die vertrauensw\u00fcrdigste Plattform f\u00fcr Kryptow\u00e4hrungen<\/li><\/ul><\/div><div class=\"cg-cb-btn\"><span class='cta-copy'><a href=\"https:\/\/coinbase-consumer.sjv.io\/ORPoaG\" class=\"cg-one-button cg-btn cg-red  cg-aff-link cg-btn-lg\" data-post-id=\"127750\" data-post-type=\"top\" data-aff-link=\"https:\/\/coinbase-consumer.sjv.io\/ORPoaG\" data-style=\"default\" data-post-title=\"Coinbase\" data-extra=\"arrow\" style=\"\" target=\"\" rel=\"nofollow noopener\">Los geht's<\/a><\/span><\/span><\/div><\/div><\/div><\/div>\n\n<h2>Kryptow\u00e4hrungspreis-Rechner (ZAR)<\/h2>\n<p>Verwenden Sie den Rechner unten f\u00fcr Echtzeit-Wechselkurse zwischen ZAR und vielen beliebten Kryptow\u00e4hrungen<\/p>\n<div class=\"ccpw_react_widget ccpw_calculator\" id=\"ccpw_react_widgets_1350_69d2f50503066\" data-attribute=\"{&quot;type&quot;:&quot;calculator&quot;,&quot;baseCurrency&quot;:&quot;bitcoin&quot;,&quot;targetCurrency&quot;:&quot;ZAR&quot;}\"><\/div><style type='text\/css'>\r\n\t\t\t  #ccpw_react_widgets_1350 .ccpw-Converter {\r\n\t\t\t\t  background-color: #ffffff;\r\n\t\t\t\t  color: #000;\r\n\t\t\t  }<\/style>\n<h2>Preis\u00e4nderung Heatmap: Top 20 Kryptow\u00e4hrungen<\/h2>\n<!-- Cryptocurrency Widgets PRO 4.1.2  !--><div class=\"ccpw-coingecko-widget\" style=\"width:100%;\"> \r\n    <gecko-coin-heatmap-widget  height=\"400\"  locale=\"en\" outlined=\"true\" top=\"20\"><\/gecko-coin-heatmap-widget>\r\n    <\/div><style type='text\/css'><\/style>\n<p>Siehe auch Preise in:<\/p>\n<ul>\n<li> <a href=\"https:\/\/coinkickoff.com\/de\/prices\/\">US-Dollars (USD)<\/a><\/li>\n<li> <a href=\"https:\/\/coinkickoff.com\/de\/prices\/prices-euros\/\">Euro (EUD)<\/li>\n<li> <a href=\"https:\/\/coinkickoff.com\/de\/prices\/prices-gbp\/\">UK Pfund Sterling (GBP)<\/a><\/li>\n<li> <a href=\"https:\/\/coinkickoff.com\/de\/prices\/prices-cad\/\">Kanadische Dollar (CAD)<\/a><\/li>\n<li> <a href=\"https:\/\/coinkickoff.com\/de\/prices\/prices-aud\/\" data-internallinksmanager029f6b8e52c=\"116\" title=\"Top 100 Live Cryptocurrency Preise Australische Dollar (AUD)\">Australische Dollar (AUD)<\/a><\/li>\n<li> <a href=\"https:\/\/coinkickoff.com\/de\/prices\/prices-jpy\/\" data-internallinksmanager029f6b8e52c=\"118\" title=\"Top 100 Live-Kryptow\u00e4hrungspreise in japanischen Yen (JPY)\">Japanischer Yen (JPY)<\/a><\/li>\n<li> <a href=\"https:\/\/coinkickoff.com\/de\/prices\/prices-mxn\/\" data-internallinksmanager029f6b8e52c=\"119\" title=\"Top 100 Live-Kryptow\u00e4hrungspreise in mexikanischen Peso (MXN)\">Mexikanischer Peso (MXN)<\/a><\/li>\n<li> <a href=\"https:\/\/coinkickoff.com\/de\/prices\/prices-brl\/\" data-internallinksmanager029f6b8e52c=\"120\" title=\"Top 100 Live-Kryptow\u00e4hrungspreise in Brasilianischem Real (BRL)\">Brasilianischer Real (BRL)<\/a><\/li>\n<li> <a href=\"https:\/\/coinkickoff.com\/de\/prices\/prices-cny\/\" data-internallinksmanager029f6b8e52c=\"121\" title=\"Top 100 Live-Kryptow\u00e4hrungspreise in chinesischen Renminbi (CNY)\">Chinesischer Renminbi (CNY)<\/a><\/li>\n<li> <a href=\"https:\/\/coinkickoff.com\/de\/prices\/prices-chf\/\" data-internallinksmanager029f6b8e52c=\"122\" title=\"Top 100 Live Cryptocurrency Preise in Schweizer Franken (CHF)\">Schweizer Franken (CHF)<\/a><\/li>\n<li> <a href=\"https:\/\/coinkickoff.com\/de\/prices\/prices-hkd\/\" data-internallinksmanager029f6b8e52c=\"123\" title=\"Top 100 Live-Kryptow\u00e4hrungspreise in Hongkong-Dollars (HKD)\">Hongkong-Dollars (HKD)<\/a><\/li>\n<li> <a href=\"https:\/\/coinkickoff.com\/de\/prices\/prices-sgd\/\" data-internallinksmanager029f6b8e52c=\"124\" title=\"Top 100 Live-Kryptow\u00e4hrungspreise in Singapur-Dollar (SGD)\">Singapur-Dollar (SGD)<\/a><\/li>\n<li> <a href=\"https:\/\/coinkickoff.com\/de\/prices\/prices-sek\/\" data-internallinksmanager029f6b8e52c=\"125\" title=\"Top 100 Live-Kryptow\u00e4hrungspreise in Schwedischen Kronen (SEK)\">Schwedische Krone (SEK)<\/a><\/li>\n<li> <a href=\"https:\/\/coinkickoff.com\/de\/prices\/prices-nzd\/\" data-internallinksmanager029f6b8e52c=\"126\" title=\"Top 100 Live-Kryptow\u00e4hrungspreise in Neuseeland-Dollar (NZD)\">Neuseel\u00e4ndischer Dollar (NZD)<\/a><\/li>\n<li> <a href=\"https:\/\/coinkickoff.com\/de\/prices\/prices-inr\/\" data-internallinksmanager029f6b8e52c=\"127\" title=\"Top 100 Live Cryptocurrency Preise in Indischer Rupie (INR)\">Indische Rupie (INR)<\/a><\/li>\n<li> <a href=\"https:\/\/coinkickoff.com\/de\/prices\/prices-twd\/\" data-internallinksmanager029f6b8e52c=\"128\" title=\"Top 100 Live-Kryptow\u00e4hrungspreise in neuen Taiwan-Dollar (TWD)\">Neue Taiwan-Dollar (TWD)<\/a><\/li>\n<li> S\u00fcdafrikanischer Rand (ZAR)<\/li>\n<li> <a href=\"https:\/\/coinkickoff.com\/de\/prices\/prices-dkk\/\" data-internallinksmanager029f6b8e52c=\"130\" title=\"Top 100 Live-Kryptow\u00e4hrungspreise in D\u00e4nischen Kronen (DKK)\">D\u00e4nische Krone (DKK)<\/a><\/li>\n<li> <a href=\"https:\/\/coinkickoff.com\/de\/prices\/prices-pln\/\" data-internallinksmanager029f6b8e52c=\"131\" title=\"Top 100 Live-Kryptow\u00e4hrungspreise in polnischen Z\u0142oty (PLN)\">Polnische Z\u0142oty (PLN)<\/a><\/li>\n<li> <a href=\"https:\/\/coinkickoff.com\/de\/prices\/prices-czk\/\" data-internallinksmanager029f6b8e52c=\"132\" title=\"Top 100 Live-Kryptow\u00e4hrungspreise in Tschechischer Krone (CZK)\">Tschechische Krone (CZK)<\/a><\/li>\n<li> <a href=\"https:\/\/coinkickoff.com\/de\/prices\/prices-huf\/\" data-internallinksmanager029f6b8e52c=\"133\" title=\"Top 100 Live-Kryptow\u00e4hrungspreise in ungarischen Forint (HUF)\">Ungarischer Forint (HUF)<\/a><\/li>\n<li> <a href=\"https:\/\/coinkickoff.com\/de\/prices\/prices-rub\/\" data-internallinksmanager029f6b8e52c=\"134\" title=\"Top 100 Live-Kryptow\u00e4hrungspreise in Russischem Rubel (RUB)\">Russischer Rubel (RUB)<\/a><\/li>\n<\/ul>","protected":false},"excerpt":{"rendered":"<p>Sehen Sie Echtzeit-Preis-Updates in S\u00fcdafrikanischen Rand (ZAR) von bitcoin und den anderen Top-100-Kryptow\u00e4hrungen unten. Cryptocurrency Preisrechner (ZAR) Verwenden Sie den Rechner unten f\u00fcr Echtzeit-Wechselkurse zwischen ZAR und viele beliebte Kryptow\u00e4hrungen Preis\u00e4nderung Heatmap: Top 20 Cryptocurrencies Sehen Sie auch Preise in: US Dollar (USD) Euro (EUD) UK Pfund Sterling (GBP) [...]<\/p>","protected":false},"author":1,"featured_media":738,"parent":708,"menu_order":0,"comment_status":"closed","ping_status":"closed","template":"","meta":{"_genesis_hide_title":false,"_genesis_hide_breadcrumbs":false,"_genesis_hide_singular_image":false,"_genesis_hide_footer_widgets":false,"_genesis_custom_body_class":"","_genesis_custom_post_class":"","_genesis_layout":"","_glsr_average":0,"_glsr_ranking":0,"_glsr_reviews":0,"footnotes":""},"class_list":{"0":"post-823","1":"page","2":"type-page","3":"status-publish","4":"has-post-thumbnail","6":"entry"},"featured_image_src":"https:\/\/coinkickoff.com\/wp-content\/uploads\/crypto-prices-600x400.jpg","featured_image_src_square":"https:\/\/coinkickoff.com\/wp-content\/uploads\/crypto-prices-600x586.jpg","_links":{"self":[{"href":"https:\/\/coinkickoff.com\/de\/wp-json\/wp\/v2\/pages\/823","targetHints":{"allow":["GET"]}}],"collection":[{"href":"https:\/\/coinkickoff.com\/de\/wp-json\/wp\/v2\/pages"}],"about":[{"href":"https:\/\/coinkickoff.com\/de\/wp-json\/wp\/v2\/types\/page"}],"author":[{"embeddable":true,"href":"https:\/\/coinkickoff.com\/de\/wp-json\/wp\/v2\/users\/1"}],"replies":[{"embeddable":true,"href":"https:\/\/coinkickoff.com\/de\/wp-json\/wp\/v2\/comments?post=823"}],"version-history":[{"count":4,"href":"https:\/\/coinkickoff.com\/de\/wp-json\/wp\/v2\/pages\/823\/revisions"}],"predecessor-version":[{"id":1352,"href":"https:\/\/coinkickoff.com\/de\/wp-json\/wp\/v2\/pages\/823\/revisions\/1352"}],"up":[{"embeddable":true,"href":"https:\/\/coinkickoff.com\/de\/wp-json\/wp\/v2\/pages\/708"}],"wp:featuredmedia":[{"embeddable":true,"href":"https:\/\/coinkickoff.com\/de\/wp-json\/wp\/v2\/media\/738"}],"wp:attachment":[{"href":"https:\/\/coinkickoff.com\/de\/wp-json\/wp\/v2\/media?parent=823"}],"curies":[{"name":"wp","href":"https:\/\/api.w.org\/{rel}","templated":true}]}}