{"id":4628,"date":"2026-01-08T14:08:02","date_gmt":"2026-01-08T14:08:02","guid":{"rendered":"https:\/\/coinkickoff.com\/?page_id=4628"},"modified":"2026-01-08T14:08:02","modified_gmt":"2026-01-08T14:08:02","slug":"how-are-bitcoin-slots-different","status":"publish","type":"page","link":"https:\/\/coinkickoff.com\/de\/bitcoin-casino\/how-are-bitcoin-slots-different\/","title":{"rendered":"Wie unterscheiden sich Bitcoin-Slots von herk\u00f6mmlichen Casino-Slots?"},"content":{"rendered":"<p><em>Haftungsausschluss: Gl\u00fccksspiele sind mit erheblichen finanziellen Risiken verbunden. Bitte spielen Sie nur mit Geld, dessen Verlust Sie sich leisten k\u00f6nnen. Die unten aufgef\u00fchrten Informationen dienen nur zu Informationszwecken. Wir k\u00f6nnen eine Provision erhalten, wenn Sie sich bei einem der folgenden Anbieter anmelden und Geld verlieren <a href=\"https:\/\/coinkickoff.com\/de\/bitcoin-casino\/\" data-internallinksmanager029f6b8e52c=\"200\" title=\"3 Beste Bitcoin Krypto Casinos mit Boni\">Kasinos<\/a>. Nicht alle Casinos sind in allen L\u00e4ndern verf\u00fcgbar. Alle Informationen, die wir zum Zeitpunkt der Ver\u00f6ffentlichung f\u00fcr korrekt halten, k\u00f6nnen sich inzwischen ge\u00e4ndert haben.<\/em><\/p>\n<div id=\"ez-toc-container\" class=\"ez-toc-v2_0_80 counter-hierarchy ez-toc-counter ez-toc-transparent ez-toc-container-direction\">\n<div class=\"ez-toc-title-container\">\n<p class=\"ez-toc-title\" style=\"cursor:inherit\">Rubriken<\/p>\n<span class=\"ez-toc-title-toggle\"><a href=\"#\" class=\"ez-toc-pull-right ez-toc-btn ez-toc-btn-xs ez-toc-btn-default ez-toc-toggle\" aria-label=\"Inhaltsverzeichnis umschalten\"><span class=\"ez-toc-js-icon-con\"><span class=\"\"><span class=\"eztoc-hide\" style=\"display:none;\">Umschalten auf<\/span><span class=\"ez-toc-icon-toggle-span\"><svg style=\"fill: #999;color:#999\" xmlns=\"http:\/\/www.w3.org\/2000\/svg\" class=\"list-377408\" width=\"20px\" height=\"20px\" viewbox=\"0 0 24 24\" fill=\"none\"><path d=\"M6 6H4v2h2V6zm14 0H8v2h12V6zM4 11h2v2H4v-2zm16 0H8v2h12v-2zM4 16h2v2H4v-2zm16 0H8v2h12v-2z\" fill=\"currentColor\"><\/path><\/svg><svg style=\"fill: #999;color:#999\" class=\"arrow-unsorted-368013\" xmlns=\"http:\/\/www.w3.org\/2000\/svg\" width=\"10px\" height=\"10px\" viewbox=\"0 0 24 24\" version=\"1.2\" baseprofile=\"tiny\"><path d=\"M18.2 9.3l-6.2-6.3-6.2 6.3c-.2.2-.3.4-.3.7s.1.5.3.7c.2.2.4.3.7.3h11c.3 0 .5-.1.7-.3.2-.2.3-.5.3-.7s-.1-.5-.3-.7zM5.8 14.7l6.2 6.3 6.2-6.3c.2-.2.3-.5.3-.7s-.1-.5-.3-.7c-.2-.2-.4-.3-.7-.3h-11c-.3 0-.5.1-.7.3-.2.2-.3.5-.3.7s.1.5.3.7z\"\/><\/svg><\/span><\/span><\/span><\/a><\/span><\/div>\n<nav><ul class='ez-toc-list ez-toc-list-level-1 eztoc-toggle-hide-by-default' ><li class='ez-toc-page-1 ez-toc-heading-level-2'><a class=\"ez-toc-link ez-toc-heading-1\" href=\"https:\/\/coinkickoff.com\/de\/bitcoin-casino\/how-are-bitcoin-slots-different\/#Overview_of_Bitcoin_Slots\" >\u00dcbersicht der Bitcoin-Steckpl\u00e4tze<\/a><ul class='ez-toc-list-level-3' ><li class='ez-toc-heading-level-3'><a class=\"ez-toc-link ez-toc-heading-2\" href=\"https:\/\/coinkickoff.com\/de\/bitcoin-casino\/how-are-bitcoin-slots-different\/#Definition_of_Bitcoin_Slots\" >Definition von Bitcoin-Steckpl\u00e4tzen<\/a><\/li><li class='ez-toc-page-1 ez-toc-heading-level-3'><a class=\"ez-toc-link ez-toc-heading-3\" href=\"https:\/\/coinkickoff.com\/de\/bitcoin-casino\/how-are-bitcoin-slots-different\/#Primary_Characteristics\" >Prim\u00e4re Merkmale<\/a><\/li><li class='ez-toc-page-1 ez-toc-heading-level-3'><a class=\"ez-toc-link ez-toc-heading-4\" href=\"https:\/\/coinkickoff.com\/de\/bitcoin-casino\/how-are-bitcoin-slots-different\/#Comparison_with_Traditional_Slots\" >Vergleich mit traditionellen Spielautomaten<\/a><\/li><\/ul><\/li><li class='ez-toc-page-1 ez-toc-heading-level-2'><a class=\"ez-toc-link ez-toc-heading-5\" href=\"https:\/\/coinkickoff.com\/de\/bitcoin-casino\/how-are-bitcoin-slots-different\/#Operational_Mechanisms\" >Operative Mechanismen<\/a><ul class='ez-toc-list-level-3' ><li class='ez-toc-heading-level-3'><a class=\"ez-toc-link ez-toc-heading-6\" href=\"https:\/\/coinkickoff.com\/de\/bitcoin-casino\/how-are-bitcoin-slots-different\/#Underlying_Technology\" >Zugrunde liegende Technologie<\/a><\/li><li class='ez-toc-page-1 ez-toc-heading-level-3'><a class=\"ez-toc-link ez-toc-heading-7\" href=\"https:\/\/coinkickoff.com\/de\/bitcoin-casino\/how-are-bitcoin-slots-different\/#Random_Number_Generation\" >Erzeugung von Zufallszahlen<\/a><\/li><li class='ez-toc-page-1 ez-toc-heading-level-3'><a class=\"ez-toc-link ez-toc-heading-8\" href=\"https:\/\/coinkickoff.com\/de\/bitcoin-casino\/how-are-bitcoin-slots-different\/#Transaction_Process\" >Transaktionsprozess<\/a><\/li><\/ul><\/li><li class='ez-toc-page-1 ez-toc-heading-level-2'><a class=\"ez-toc-link ez-toc-heading-9\" href=\"https:\/\/coinkickoff.com\/de\/bitcoin-casino\/how-are-bitcoin-slots-different\/#User_Experience_and_Accessibility\" >Benutzerfreundlichkeit und Zug\u00e4nglichkeit<\/a><ul class='ez-toc-list-level-3' ><li class='ez-toc-heading-level-3'><a class=\"ez-toc-link ez-toc-heading-10\" href=\"https:\/\/coinkickoff.com\/de\/bitcoin-casino\/how-are-bitcoin-slots-different\/#Interface_and_Design_Differences\" >Unterschiede in der Schnittstelle und im Design<\/a><\/li><li class='ez-toc-page-1 ez-toc-heading-level-3'><a class=\"ez-toc-link ez-toc-heading-11\" href=\"https:\/\/coinkickoff.com\/de\/bitcoin-casino\/how-are-bitcoin-slots-different\/#Payment_and_Withdrawal_Methods\" >Zahlungs- und Abhebungsmethoden<\/a><\/li><li class='ez-toc-page-1 ez-toc-heading-level-3'><a class=\"ez-toc-link ez-toc-heading-12\" href=\"https:\/\/coinkickoff.com\/de\/bitcoin-casino\/how-are-bitcoin-slots-different\/#Anonymity_and_Security\" >Anonymit\u00e4t und Sicherheit<\/a><\/li><\/ul><\/li><li class='ez-toc-page-1 ez-toc-heading-level-2'><a class=\"ez-toc-link ez-toc-heading-13\" href=\"https:\/\/coinkickoff.com\/de\/bitcoin-casino\/how-are-bitcoin-slots-different\/#Frequently_Asked_Questions\" >H\u00e4ufig gestellte Fragen<\/a><ul class='ez-toc-list-level-3' ><li class='ez-toc-heading-level-3'><a class=\"ez-toc-link ez-toc-heading-14\" href=\"https:\/\/coinkickoff.com\/de\/bitcoin-casino\/how-are-bitcoin-slots-different\/#What_advantages_do_Bitcoin_slots_offer_over_traditional_slot_machines\" >Welche Vorteile bieten die Bitcoin-Spielautomaten gegen\u00fcber herk\u00f6mmlichen Spielautomaten?<\/a><\/li><li class='ez-toc-page-1 ez-toc-heading-level-3'><a class=\"ez-toc-link ez-toc-heading-15\" href=\"https:\/\/coinkickoff.com\/de\/bitcoin-casino\/how-are-bitcoin-slots-different\/#How_do_crypto-based_slot_games_ensure_fairness\" >Wie gew\u00e4hrleisten kryptobasierte Automatenspiele Fairness?<\/a><\/li><li class='ez-toc-page-1 ez-toc-heading-level-3'><a class=\"ez-toc-link ez-toc-heading-16\" href=\"https:\/\/coinkickoff.com\/de\/bitcoin-casino\/how-are-bitcoin-slots-different\/#Can_players_use_Bitcoin_on_all_online_slot_platforms\" >K\u00f6nnen Spieler Bitcoin auf allen Online-Slot-Plattformen verwenden?<\/a><\/li><li class='ez-toc-page-1 ez-toc-heading-level-3'><a class=\"ez-toc-link ez-toc-heading-17\" href=\"https:\/\/coinkickoff.com\/de\/bitcoin-casino\/how-are-bitcoin-slots-different\/#What_are_the_legal_implications_of_using_Bitcoin_for_gambling\" >Was sind die rechtlichen Folgen der Verwendung von Bitcoin f\u00fcr Gl\u00fccksspiele?<\/a><\/li><li class='ez-toc-page-1 ez-toc-heading-level-3'><a class=\"ez-toc-link ez-toc-heading-18\" href=\"https:\/\/coinkickoff.com\/de\/bitcoin-casino\/how-are-bitcoin-slots-different\/#Why_might_Bitcoin_slots_offer_more_privacy_than_regular_slots\" >Warum bieten Bitcoin-Steckpl\u00e4tze m\u00f6glicherweise mehr Datenschutz als normale Steckpl\u00e4tze?<\/a><\/li><li class='ez-toc-page-1 ez-toc-heading-level-3'><a class=\"ez-toc-link ez-toc-heading-19\" href=\"https:\/\/coinkickoff.com\/de\/bitcoin-casino\/how-are-bitcoin-slots-different\/#In_what_ways_can_the_payouts_differ_between_Bitcoin_slots_and_conventional_slots\" >Inwiefern k\u00f6nnen sich die Auszahlungen zwischen Bitcoin-Spielautomaten und herk\u00f6mmlichen Spielautomaten unterscheiden?<\/a><\/li><\/ul><\/li><\/ul><\/nav><\/div>\n<h2><span class=\"ez-toc-section\" id=\"Overview_of_Bitcoin_Slots\"><\/span>\u00dcbersicht der Bitcoin-Steckpl\u00e4tze<span class=\"ez-toc-section-end\"><\/span><\/h2>\n<p><img decoding=\"async\" src=\"https:\/\/coinkickoff.com\/wp-content\/uploads\/v2-3dh2w-v0uhq.jpg\" alt=\"\"><\/p>\n<p><a href=\"https:\/\/coinkickoff.com\/de\/bitcoin-casino\/how-to-play-crypto-slots\/\" data-internallinksmanager029f6b8e52c=\"205\" title=\"Wie man Krypto-Spielautomaten spielt: Ihre Schritt-f\u00fcr-Schritt-Anleitung\">Bitcoin-Steckpl\u00e4tze<\/a> integrieren die Verwendung von Kryptow\u00e4hrungen f\u00fcr Eins\u00e4tze und Transaktionen und geben dem Automatenspiel eine moderne Note.<\/p>\n<h3><span class=\"ez-toc-section\" id=\"Definition_of_Bitcoin_Slots\"><\/span>Definition von Bitcoin-Steckpl\u00e4tzen<span class=\"ez-toc-section-end\"><\/span><\/h3>\n<p>Bitcoin-Slots sind Casino-Slot-Spiele, die mit Bitcoin als W\u00e4hrung arbeiten. Diese Spielautomaten befinden sich auf Online-Plattformen, die die Blockchain-Technologie unterst\u00fctzen und sich speziell an Nutzer von Kryptow\u00e4hrungen richten.<\/p>\n<h3><span class=\"ez-toc-section\" id=\"Primary_Characteristics\"><\/span>Prim\u00e4re Merkmale<span class=\"ez-toc-section-end\"><\/span><\/h3>\n<p><strong>Dezentralisierung<\/strong>: Bitcoin-Spielautomaten funktionieren in einem dezentralisierten Netzwerk, frei von traditionellen Bankensystemen.<br \/>\n<strong>Datenschutz<\/strong>: Die Nutzer genie\u00dfen mehr Privatsph\u00e4re, da pers\u00f6nliche Daten nicht an Transaktionen gebunden sind.<br \/>\n<strong>Wahrscheinlich fair<\/strong>: Sie enthalten nachweislich faire Algorithmen, die es den Spielern erm\u00f6glichen, die Fairness jedes Drehs unabh\u00e4ngig zu \u00fcberpr\u00fcfen.<br \/>\n<strong>Schnelle Transaktionen<\/strong>: Einzahlungen und Abhebungen sind aufgrund der Natur der Blockchain tendenziell schneller als bei herk\u00f6mmlichen W\u00e4hrungen.<br \/>\n<strong>Exklusive Boni<\/strong>: Einige Bitcoin-Slots bieten spezielle Boni f\u00fcr Benutzer, die mit Kryptow\u00e4hrung spielen.<\/p>\n<h3><span class=\"ez-toc-section\" id=\"Comparison_with_Traditional_Slots\"><\/span>Vergleich mit traditionellen Spielautomaten<span class=\"ez-toc-section-end\"><\/span><\/h3>\n<ul>\n<li><strong>W\u00e4hrung<\/strong>: Traditionelle Spielautomaten verwenden Fiat-W\u00e4hrung, Bitcoin Spielautomaten verwenden Kryptow\u00e4hrung.<\/li>\n<li><strong>Zahlungsabwicklung<\/strong>: Herk\u00f6mmliche Spielautomaten basieren auf Standard-Bankverfahren; Bitcoin-Spielautomaten verwenden Blockchain, was zu schnelleren Bearbeitungszeiten f\u00fchren kann.<\/li>\n<li><strong>Verordnung<\/strong>: Bitcoin-Slots k\u00f6nnen aufgrund der dezentralen Natur von Kryptow\u00e4hrungen unterschiedlichen Regelungen unterliegen.<\/li>\n<\/ul>\n<h2><span class=\"ez-toc-section\" id=\"Operational_Mechanisms\"><\/span>Operative Mechanismen<span class=\"ez-toc-section-end\"><\/span><\/h2>\n<p><img decoding=\"async\" src=\"https:\/\/coinkickoff.com\/wp-content\/uploads\/v2-3dh39-38urg.jpg\" alt=\"\"><\/p>\n<p>Bitcoin-Slots nutzen die technologischen F\u00e4higkeiten von Kryptow\u00e4hrungen, w\u00e4hrend regul\u00e4re Slots traditionell an Fiat-W\u00e4hrungen gebunden sind. Diese operativen Unterschiede unterstreichen die Einzigartigkeit von Bitcoin-Slots in der Gl\u00fccksspielbranche.<\/p>\n<h3><span class=\"ez-toc-section\" id=\"Underlying_Technology\"><\/span>Zugrunde liegende Technologie<span class=\"ez-toc-section-end\"><\/span><\/h3>\n<p>Bitcoin-Steckpl\u00e4tze arbeiten mit <strong>Blockchain-Technologie<\/strong>und sorgt f\u00fcr Transparenz und Unver\u00e4nderlichkeit. Die Transaktionen innerhalb dieser Slots werden in einem verteilten <a href=\"https:\/\/coinkickoff.com\/de\/what-is-ledger-wallet\/\" data-internallinksmanager029f6b8e52c=\"167\" title=\"Ledger Wallet Bewertungen 2023: Geb\u00fchren, Funktionen, Sicherheit, Pro &amp; Kontra\">Hauptbuch<\/a>Sie sind f\u00fcr alle sichtbar, aber von niemandem ver\u00e4nderbar, was ein hohes Ma\u00df an Vertrauen schafft. Bei regul\u00e4ren Spielautomaten hingegen wird die Spielsoftware auf privaten Servern gehostet, und die Spieler m\u00fcssen sich auf den Ruf des Casinos in Bezug auf Fairness und Sicherheit verlassen.<\/p>\n<h3><span class=\"ez-toc-section\" id=\"Random_Number_Generation\"><\/span>Erzeugung von Zufallszahlen<span class=\"ez-toc-section-end\"><\/span><\/h3>\n<p>Sowohl Bitcoin als auch normale Steckpl\u00e4tze verwenden <strong>Zufallszahlengeneratoren (RNGs)<\/strong> um sicherzustellen, dass das Ergebnis jeder Drehung rein zuf\u00e4llig ist. Allerdings verwenden Bitcoin-Slots oft <strong>nachweislich faire Algorithmen<\/strong>die es den Spielern erm\u00f6glichen, die Zuf\u00e4lligkeit der einzelnen Ergebnisse unabh\u00e4ngig zu \u00fcberpr\u00fcfen. Dies steht im Gegensatz zu regul\u00e4ren Spielautomaten, die propriet\u00e4re RNGs verwenden, die von unabh\u00e4ngigen Firmen auf Fairness gepr\u00fcft werden.<\/p>\n<ul>\n<li><strong>Nachweislich fairer Algorithmus<\/strong>: Eine kryptografische Methode zur Gew\u00e4hrleistung der Spielfairness.<\/li>\n<li><strong>Propriet\u00e4re RNGs<\/strong>: Geschlossene Systeme, die in regul\u00e4ren Zeitnischen eingesetzt werden, unterliegen der Kontrolle.<\/li>\n<\/ul>\n<h3><span class=\"ez-toc-section\" id=\"Transaction_Process\"><\/span>Transaktionsprozess<span class=\"ez-toc-section-end\"><\/span><\/h3>\n<p>Der Transaktionsprozess in Bitcoin-Steckpl\u00e4tzen unterscheidet sich erheblich und bietet <strong>sofortige Peer-to-Peer-Transaktionen<\/strong> die es den Spielern erm\u00f6glichen, Einzahlungen und Abhebungen fast sofort zu t\u00e4tigen.<\/p>\n<ul>\n<li><strong>Einlagen<\/strong>: Wird direkt von der Bitcoin-Brieftasche des Spielers an die Brieftasche des Casinos gesendet.<\/li>\n<li><strong>Abhebungen<\/strong>: R\u00fcck\u00fcberweisung in die Brieftasche des Spielers, oft ohne die Notwendigkeit einer Genehmigung durch ein Bankinstitut.<\/li>\n<\/ul>\n<p>Bei den regul\u00e4ren Spielautomaten hingegen sind Banken oder andere Finanzvermittler beteiligt, die die Transaktionen durch Bearbeitungszeiten und zus\u00e4tzliche Geb\u00fchren verz\u00f6gern k\u00f6nnen.<\/p>\n<h2><span class=\"ez-toc-section\" id=\"User_Experience_and_Accessibility\"><\/span>Benutzerfreundlichkeit und Zug\u00e4nglichkeit<span class=\"ez-toc-section-end\"><\/span><\/h2>\n<p><img decoding=\"async\" src=\"https:\/\/coinkickoff.com\/wp-content\/uploads\/v2-3dh3q-bmbhr.jpg\" alt=\"\"><\/p>\n<p>Bitcoin-Spielautomaten haben die Benutzerinteraktion und den Zugang zum Online-Gl\u00fccksspiel durch unterschiedliche Schnittstellen, Zahlungsmodalit\u00e4ten und verbesserten Datenschutz neu gestaltet.<\/p>\n<h3><span class=\"ez-toc-section\" id=\"Interface_and_Design_Differences\"><\/span>Unterschiede in der Schnittstelle und im Design<span class=\"ez-toc-section-end\"><\/span><\/h3>\n<p>Bitcoin-Steckpl\u00e4tze haben oft eine <strong>moderne und intuitive Schnittstelle<\/strong>die Trends im Webdesign aufgreift. Die Spieler k\u00f6nnen auf interaktive Elemente sto\u00dfen, wie zum Beispiel:<\/p>\n<ul>\n<li>Fortschrittstracker f\u00fcr Boni.<\/li>\n<li>Echtzeit <a href=\"https:\/\/coinkickoff.com\/de\/crypto-exchanges\/\" data-internallinksmanager029f6b8e52c=\"141\" title=\"21 beste Kryptow\u00e4hrungsb\u00f6rsen und Apps im Jahr 2024\">Kryptow\u00e4hrungsb\u00f6rse<\/a> Preise.<\/li>\n<\/ul>\n<p>Regelm\u00e4\u00dfige Zeitnischen neigen dazu <a href=\"https:\/\/coinkickoff.com\/de\/uphold-review\/\" data-internallinksmanager029f6b8e52c=\"156\" title=\"Uphold Bewertungen 2023: Geb\u00fchren, Eigenschaften, Sicherheit, Pro &amp; Kontra\">aufrechterhalten.<\/a> a <strong>klassisches Designethos<\/strong>mit Benutzeroberfl\u00e4chen, bei denen Vertrautheit und Einfachheit im Vordergrund stehen, wie z. B. statische Jackpot-Anzeigen.<\/p>\n<h3><span class=\"ez-toc-section\" id=\"Payment_and_Withdrawal_Methods\"><\/span>Zahlungs- und Abhebungsmethoden<span class=\"ez-toc-section-end\"><\/span><\/h3>\n<table>\n<thead>\n<tr>\n<th>Methode<\/th>\n<th>Bitcoin Steckpl\u00e4tze<\/th>\n<th>Regul\u00e4re Spielautomaten<\/th>\n<\/tr>\n<\/thead>\n<tbody>\n<tr>\n<td>Einlagen<\/td>\n<td>Direkt von Krypto-Wallets, fast sofort.<\/td>\n<td>\u00dcber Bankkarten, elektronische Geldb\u00f6rsen oder Bank\u00fcberweisungen mit unterschiedlichen Bearbeitungszeiten.<\/td>\n<\/tr>\n<tr>\n<td>Abhebungen<\/td>\n<td>Die Bearbeitung erfolgt in der Regel innerhalb von Minuten bis Stunden.<\/td>\n<td>Es kann Tage dauern und oft gibt es Mindestabhebungsgrenzen.<\/td>\n<\/tr>\n<\/tbody>\n<\/table>\n<p>Bitcoin-Steckplatzplattformen bieten im Allgemeinen <strong>reibungslose Transaktionen<\/strong> aufgrund der Natur der Blockchain-Technologie.<\/p>\n<h3><span class=\"ez-toc-section\" id=\"Anonymity_and_Security\"><\/span>Anonymit\u00e4t und Sicherheit<span class=\"ez-toc-section-end\"><\/span><\/h3>\n<p>Bei Bitcoin-Slots genie\u00dfen die Spieler ein h\u00f6heres Ma\u00df an <strong>Anonymit\u00e4t<\/strong>. Sie:<\/p>\n<ul>\n<li>Sie m\u00fcssen nicht so viele pers\u00f6nliche Informationen preisgeben.<\/li>\n<li>Profitieren Sie von den inh\u00e4renten Sicherheitsmerkmalen der Blockchain-Technologie.<\/li>\n<\/ul>\n<p>Regelm\u00e4\u00dfige Zeitnischen hingegen m\u00fcssen strenge <strong>Regulierungs- und \u00dcberpr\u00fcfungsverfahren<\/strong>die oft detaillierte pers\u00f6nliche Daten der Nutzer erfordern.<\/p>\n<h2><span class=\"ez-toc-section\" id=\"Frequently_Asked_Questions\"><\/span>H\u00e4ufig gestellte Fragen<span class=\"ez-toc-section-end\"><\/span><\/h2>\n<p><img decoding=\"async\" src=\"https:\/\/coinkickoff.com\/wp-content\/uploads\/v2-3dh42-3zxyj.jpg\" alt=\"\"><\/p>\n<p>In diesem Abschnitt werden h\u00e4ufig gestellte Fragen zu den Unterschieden zwischen Bitcoin-Spielautomaten und herk\u00f6mmlichen Spielautomaten behandelt, wobei Aspekte wie Vorteile, Fairness, Zug\u00e4nglichkeit, rechtliche Erw\u00e4gungen, Datenschutz und Auszahlungsvarianten im Mittelpunkt stehen.<\/p>\n<h3><span class=\"ez-toc-section\" id=\"What_advantages_do_Bitcoin_slots_offer_over_traditional_slot_machines\"><\/span>Welche Vorteile bieten die Bitcoin-Spielautomaten gegen\u00fcber herk\u00f6mmlichen Spielautomaten?<span class=\"ez-toc-section-end\"><\/span><\/h3>\n<p>Bitcoin-Slots bieten den Nutzern in der Regel mehr Privatsph\u00e4re, da sie f\u00fcr Transaktionen nicht immer pers\u00f6nliche Daten ben\u00f6tigen. Sie bieten auch schnellere Transaktionszeiten im Vergleich zu traditionellen Bankmethoden, da Bitcoin-Transaktionen schnell und ohne eine zentrale Beh\u00f6rde abgewickelt werden k\u00f6nnen.<\/p>\n<h3><span class=\"ez-toc-section\" id=\"How_do_crypto-based_slot_games_ensure_fairness\"><\/span>Wie gew\u00e4hrleisten kryptobasierte Automatenspiele Fairness?<span class=\"ez-toc-section-end\"><\/span><\/h3>\n<p>Bei kryptobasierten Spielautomaten kommen h\u00e4ufig beweisbar faire Algorithmen zum Einsatz, die es den Spielern erm\u00f6glichen, die Fairness jeder einzelnen Runde unabh\u00e4ngig zu \u00fcberpr\u00fcfen. Dieses System bietet Transparenz, indem es kryptografische Techniken verwendet, um zu zeigen, dass das Ergebnis eines Spiels nicht manipuliert wurde.<\/p>\n<h3><span class=\"ez-toc-section\" id=\"Can_players_use_Bitcoin_on_all_online_slot_platforms\"><\/span>K\u00f6nnen Spieler Bitcoin auf allen Online-Slot-Plattformen verwenden?<span class=\"ez-toc-section-end\"><\/span><\/h3>\n<p>Nicht alle Online-Slot-Plattformen akzeptieren Bitcoin. W\u00e4hrend die Anzahl der Plattformen, die Kryptow\u00e4hrungen unterst\u00fctzen, w\u00e4chst, m\u00fcssen die Spieler die Zahlungsoptionen jeder Website \u00fcberpr\u00fcfen, um festzustellen, ob Bitcoin akzeptiert wird.<\/p>\n<h3><span class=\"ez-toc-section\" id=\"What_are_the_legal_implications_of_using_Bitcoin_for_gambling\"><\/span>Was sind die rechtlichen Folgen der Verwendung von Bitcoin f\u00fcr Gl\u00fccksspiele?<span class=\"ez-toc-section-end\"><\/span><\/h3>\n<p>Die rechtlichen Auswirkungen der Verwendung von Bitcoin f\u00fcr Gl\u00fccksspiele variieren je nach Gerichtsbarkeit. Die Spieler sind daf\u00fcr verantwortlich, ihre lokalen Gesetze bez\u00fcglich Online-Gl\u00fccksspiel und der Verwendung von Kryptow\u00e4hrungen zu verstehen und einzuhalten.<\/p>\n<h3><span class=\"ez-toc-section\" id=\"Why_might_Bitcoin_slots_offer_more_privacy_than_regular_slots\"><\/span>Warum bieten Bitcoin-Steckpl\u00e4tze m\u00f6glicherweise mehr Datenschutz als normale Steckpl\u00e4tze?<span class=\"ez-toc-section-end\"><\/span><\/h3>\n<p>Bitcoin-Slots bieten mehr Privatsph\u00e4re, da bei Transaktionen mit Bitcoin nicht unbedingt pers\u00f6nliche Bankdaten mitgeteilt werden m\u00fcssen. Dies erm\u00f6glicht es den Spielern, zu spielen, ohne dass ihre Aktivit\u00e4ten von Finanzinstituten leicht zur\u00fcckverfolgt werden k\u00f6nnen.<\/p>\n<h3><span class=\"ez-toc-section\" id=\"In_what_ways_can_the_payouts_differ_between_Bitcoin_slots_and_conventional_slots\"><\/span>Inwiefern k\u00f6nnen sich die Auszahlungen zwischen Bitcoin-Spielautomaten und herk\u00f6mmlichen Spielautomaten unterscheiden?<span class=\"ez-toc-section-end\"><\/span><\/h3>\n<p>Auszahlungen in Bitcoin-Slots k\u00f6nnen aufgrund der potenziell niedrigeren Betriebskosten von Kryptow\u00e4hrungstransaktionen h\u00f6her ausfallen. Dar\u00fcber hinaus bieten einige Bitcoin-Slots einzigartige Jackpots, die in Kryptow\u00e4hrung ausgezahlt werden, die im Wert schwanken kann, was manchmal den Wert der Auszahlung in Fiat-W\u00e4hrung erh\u00f6ht.<\/p>","protected":false},"excerpt":{"rendered":"<p>Haftungsausschluss: Gl\u00fccksspiele sind mit erheblichen finanziellen Risiken verbunden. Bitte spielen Sie nur mit Geld, dessen Verlust Sie sich leisten k\u00f6nnen. Die unten aufgef\u00fchrten Informationen dienen nur zu Informationszwecken. Wir k\u00f6nnen eine Provision erhalten, wenn Sie sich bei einem der folgenden Casinos anmelden und Geld verlieren. Nicht alle Casinos sind in allen L\u00e4ndern verf\u00fcgbar. Alle Informationen, die wir [...]<\/p>","protected":false},"author":1,"featured_media":4631,"parent":4440,"menu_order":0,"comment_status":"closed","ping_status":"closed","template":"","meta":{"_genesis_hide_title":false,"_genesis_hide_breadcrumbs":false,"_genesis_hide_singular_image":false,"_genesis_hide_footer_widgets":false,"_genesis_custom_body_class":"","_genesis_custom_post_class":"","_genesis_layout":"","_glsr_average":0,"_glsr_ranking":0,"_glsr_reviews":0,"footnotes":""},"class_list":{"0":"post-4628","1":"page","2":"type-page","3":"status-publish","4":"has-post-thumbnail","6":"entry"},"featured_image_src":"https:\/\/coinkickoff.com\/wp-content\/uploads\/v2-3dh3q-bmbhr-600x400.jpg","featured_image_src_square":"https:\/\/coinkickoff.com\/wp-content\/uploads\/v2-3dh3q-bmbhr-600x600.jpg","_links":{"self":[{"href":"https:\/\/coinkickoff.com\/de\/wp-json\/wp\/v2\/pages\/4628","targetHints":{"allow":["GET"]}}],"collection":[{"href":"https:\/\/coinkickoff.com\/de\/wp-json\/wp\/v2\/pages"}],"about":[{"href":"https:\/\/coinkickoff.com\/de\/wp-json\/wp\/v2\/types\/page"}],"author":[{"embeddable":true,"href":"https:\/\/coinkickoff.com\/de\/wp-json\/wp\/v2\/users\/1"}],"replies":[{"embeddable":true,"href":"https:\/\/coinkickoff.com\/de\/wp-json\/wp\/v2\/comments?post=4628"}],"version-history":[{"count":3,"href":"https:\/\/coinkickoff.com\/de\/wp-json\/wp\/v2\/pages\/4628\/revisions"}],"predecessor-version":[{"id":4635,"href":"https:\/\/coinkickoff.com\/de\/wp-json\/wp\/v2\/pages\/4628\/revisions\/4635"}],"up":[{"embeddable":true,"href":"https:\/\/coinkickoff.com\/de\/wp-json\/wp\/v2\/pages\/4440"}],"wp:featuredmedia":[{"embeddable":true,"href":"https:\/\/coinkickoff.com\/de\/wp-json\/wp\/v2\/media\/4631"}],"wp:attachment":[{"href":"https:\/\/coinkickoff.com\/de\/wp-json\/wp\/v2\/media?parent=4628"}],"curies":[{"name":"wp","href":"https:\/\/api.w.org\/{rel}","templated":true}]}}