{"id":4595,"date":"2026-01-08T14:07:58","date_gmt":"2026-01-08T14:07:58","guid":{"rendered":"https:\/\/coinkickoff.com\/?page_id=4595"},"modified":"2026-01-08T14:07:58","modified_gmt":"2026-01-08T14:07:58","slug":"how-is-bitcoin-roulette-different","status":"publish","type":"page","link":"https:\/\/coinkickoff.com\/de\/bitcoin-casino\/how-is-bitcoin-roulette-different\/","title":{"rendered":"Wie unterscheidet sich Bitcoin Roulette vom traditionellen Casino-Roulette?"},"content":{"rendered":"<p>Haftungsausschluss: Gl\u00fccksspiele sind mit erheblichen finanziellen Risiken verbunden. Bitte spielen Sie nur mit Geld, dessen Verlust Sie sich leisten k\u00f6nnen. Die unten aufgef\u00fchrten Informationen dienen nur zu Informationszwecken. Wir k\u00f6nnen eine Provision erhalten, wenn Sie sich bei einem der folgenden Anbieter anmelden und Geld verlieren <a href=\"https:\/\/coinkickoff.com\/de\/bitcoin-casino\/\" data-internallinksmanager029f6b8e52c=\"200\" title=\"3 Beste Bitcoin Krypto Casinos mit Boni\">Kasinos<\/a>. Nicht alle Casinos sind in allen L\u00e4ndern verf\u00fcgbar. Alle Informationen, die wir zum Zeitpunkt der Ver\u00f6ffentlichung f\u00fcr korrekt halten, k\u00f6nnen sich inzwischen ge\u00e4ndert haben.<\/p>\n<div id=\"ez-toc-container\" class=\"ez-toc-v2_0_80 counter-hierarchy ez-toc-counter ez-toc-transparent ez-toc-container-direction\">\n<div class=\"ez-toc-title-container\">\n<p class=\"ez-toc-title\" style=\"cursor:inherit\">Rubriken<\/p>\n<span class=\"ez-toc-title-toggle\"><a href=\"#\" class=\"ez-toc-pull-right ez-toc-btn ez-toc-btn-xs ez-toc-btn-default ez-toc-toggle\" aria-label=\"Inhaltsverzeichnis umschalten\"><span class=\"ez-toc-js-icon-con\"><span class=\"\"><span class=\"eztoc-hide\" style=\"display:none;\">Umschalten auf<\/span><span class=\"ez-toc-icon-toggle-span\"><svg style=\"fill: #999;color:#999\" xmlns=\"http:\/\/www.w3.org\/2000\/svg\" class=\"list-377408\" width=\"20px\" height=\"20px\" viewbox=\"0 0 24 24\" fill=\"none\"><path d=\"M6 6H4v2h2V6zm14 0H8v2h12V6zM4 11h2v2H4v-2zm16 0H8v2h12v-2zM4 16h2v2H4v-2zm16 0H8v2h12v-2z\" fill=\"currentColor\"><\/path><\/svg><svg style=\"fill: #999;color:#999\" class=\"arrow-unsorted-368013\" xmlns=\"http:\/\/www.w3.org\/2000\/svg\" width=\"10px\" height=\"10px\" viewbox=\"0 0 24 24\" version=\"1.2\" baseprofile=\"tiny\"><path d=\"M18.2 9.3l-6.2-6.3-6.2 6.3c-.2.2-.3.4-.3.7s.1.5.3.7c.2.2.4.3.7.3h11c.3 0 .5-.1.7-.3.2-.2.3-.5.3-.7s-.1-.5-.3-.7zM5.8 14.7l6.2 6.3 6.2-6.3c.2-.2.3-.5.3-.7s-.1-.5-.3-.7c-.2-.2-.4-.3-.7-.3h-11c-.3 0-.5.1-.7.3-.2.2-.3.5-.3.7s.1.5.3.7z\"\/><\/svg><\/span><\/span><\/span><\/a><\/span><\/div>\n<nav><ul class='ez-toc-list ez-toc-list-level-1 eztoc-toggle-hide-by-default' ><li class='ez-toc-page-1 ez-toc-heading-level-2'><a class=\"ez-toc-link ez-toc-heading-1\" href=\"https:\/\/coinkickoff.com\/de\/bitcoin-casino\/how-is-bitcoin-roulette-different\/#Fundamentals_of_Bitcoin_Roulette\" >Grundlagen des Bitcoin-Roulettes<\/a><ul class='ez-toc-list-level-3' ><li class='ez-toc-heading-level-3'><a class=\"ez-toc-link ez-toc-heading-2\" href=\"https:\/\/coinkickoff.com\/de\/bitcoin-casino\/how-is-bitcoin-roulette-different\/#Definition_and_Mechanism\" >Definition und Mechanismus<\/a><\/li><li class='ez-toc-page-1 ez-toc-heading-level-3'><a class=\"ez-toc-link ez-toc-heading-3\" href=\"https:\/\/coinkickoff.com\/de\/bitcoin-casino\/how-is-bitcoin-roulette-different\/#Basic_Rules_Comparison\" >Vergleich der Grundregeln<\/a><\/li><\/ul><\/li><li class='ez-toc-page-1 ez-toc-heading-level-2'><a class=\"ez-toc-link ez-toc-heading-4\" href=\"https:\/\/coinkickoff.com\/de\/bitcoin-casino\/how-is-bitcoin-roulette-different\/#Technological_Aspects\" >Technologische Aspekte<\/a><ul class='ez-toc-list-level-3' ><li class='ez-toc-heading-level-3'><a class=\"ez-toc-link ez-toc-heading-5\" href=\"https:\/\/coinkickoff.com\/de\/bitcoin-casino\/how-is-bitcoin-roulette-different\/#Software_and_Fairness\" >Software und Fairness<\/a><\/li><li class='ez-toc-page-1 ez-toc-heading-level-3'><a class=\"ez-toc-link ez-toc-heading-6\" href=\"https:\/\/coinkickoff.com\/de\/bitcoin-casino\/how-is-bitcoin-roulette-different\/#Transaction_Security_and_Anonymity\" >Transaktionssicherheit und Anonymit\u00e4t<\/a><\/li><\/ul><\/li><li class='ez-toc-page-1 ez-toc-heading-level-2'><a class=\"ez-toc-link ez-toc-heading-7\" href=\"https:\/\/coinkickoff.com\/de\/bitcoin-casino\/how-is-bitcoin-roulette-different\/#Practical_Considerations\" >Praktische \u00dcberlegungen<\/a><ul class='ez-toc-list-level-3' ><li class='ez-toc-heading-level-3'><a class=\"ez-toc-link ez-toc-heading-8\" href=\"https:\/\/coinkickoff.com\/de\/bitcoin-casino\/how-is-bitcoin-roulette-different\/#Accessibility_and_Jurisdiction\" >Zug\u00e4nglichkeit und Zust\u00e4ndigkeit<\/a><\/li><li class='ez-toc-page-1 ez-toc-heading-level-3'><a class=\"ez-toc-link ez-toc-heading-9\" href=\"https:\/\/coinkickoff.com\/de\/bitcoin-casino\/how-is-bitcoin-roulette-different\/#Payment_Processing_Times\" >Zahlungsbearbeitungszeiten<\/a><\/li><li class='ez-toc-page-1 ez-toc-heading-level-3'><a class=\"ez-toc-link ez-toc-heading-10\" href=\"https:\/\/coinkickoff.com\/de\/bitcoin-casino\/how-is-bitcoin-roulette-different\/#Casino_Bonuses_and_Incentives\" >Casino Boni und Anreize<\/a><\/li><\/ul><\/li><li class='ez-toc-page-1 ez-toc-heading-level-2'><a class=\"ez-toc-link ez-toc-heading-11\" href=\"https:\/\/coinkickoff.com\/de\/bitcoin-casino\/how-is-bitcoin-roulette-different\/#Frequently_Asked_Questions\" >H\u00e4ufig gestellte Fragen<\/a><ul class='ez-toc-list-level-3' ><li class='ez-toc-heading-level-3'><a class=\"ez-toc-link ez-toc-heading-12\" href=\"https:\/\/coinkickoff.com\/de\/bitcoin-casino\/how-is-bitcoin-roulette-different\/#What_are_the_distinctive_features_of_Bitcoin_roulette_compared_to_traditional_roulette\" >Was sind die besonderen Merkmale des Bitcoin-Roulettes im Vergleich zum traditionellen Roulette?<\/a><\/li><li class='ez-toc-page-1 ez-toc-heading-level-3'><a class=\"ez-toc-link ez-toc-heading-13\" href=\"https:\/\/coinkickoff.com\/de\/bitcoin-casino\/how-is-bitcoin-roulette-different\/#Can_you_use_Bitcoin_to_play_any_version_of_roulette\" >Kann man mit Bitcoin jede Version von Roulette spielen?<\/a><\/li><li class='ez-toc-page-1 ez-toc-heading-level-3'><a class=\"ez-toc-link ez-toc-heading-14\" href=\"https:\/\/coinkickoff.com\/de\/bitcoin-casino\/how-is-bitcoin-roulette-different\/#What_advantages_do_Bitcoin_casinos_offer_for_roulette_players\" >Welche Vorteile bieten die Bitcoin-Casinos f\u00fcr Roulettespieler?<\/a><\/li><li class='ez-toc-page-1 ez-toc-heading-level-3'><a class=\"ez-toc-link ez-toc-heading-15\" href=\"https:\/\/coinkickoff.com\/de\/bitcoin-casino\/how-is-bitcoin-roulette-different\/#How_does_the_integration_of_Bitcoin_affect_the_gameplay_of_roulette\" >Wie wirkt sich die Integration von Bitcoin auf den Spielverlauf von Roulette aus?<\/a><\/li><li class='ez-toc-page-1 ez-toc-heading-level-3'><a class=\"ez-toc-link ez-toc-heading-16\" href=\"https:\/\/coinkickoff.com\/de\/bitcoin-casino\/how-is-bitcoin-roulette-different\/#Are_there_any_unique_betting_options_available_in_Bitcoin_roulette\" >Gibt es beim Bitcoin-Roulette besondere Wettm\u00f6glichkeiten?<\/a><\/li><li class='ez-toc-page-1 ez-toc-heading-level-3'><a class=\"ez-toc-link ez-toc-heading-17\" href=\"https:\/\/coinkickoff.com\/de\/bitcoin-casino\/how-is-bitcoin-roulette-different\/#What_should_players_know_about_the_security_of_Bitcoin_roulette_games\" >Was sollten Spieler \u00fcber die Sicherheit von Bitcoin-Roulettespielen wissen?<\/a><\/li><\/ul><\/li><\/ul><\/nav><\/div>\n<h2><span class=\"ez-toc-section\" id=\"Fundamentals_of_Bitcoin_Roulette\"><\/span>Grundlagen des Bitcoin-Roulettes<span class=\"ez-toc-section-end\"><\/span><\/h2>\n<p><img decoding=\"async\" src=\"https:\/\/coinkickoff.com\/wp-content\/uploads\/v2-3dgyd-6ia5o.jpg\" alt=\"\"><\/p>\n<p><a href=\"https:\/\/coinkickoff.com\/de\/bitcoin-casino\/how-to-play-crypto-roulette\/\" data-internallinksmanager029f6b8e52c=\"206\" title=\"Wie man Krypto-Roulette spielt: Ihr Leitfaden f\u00fcr Blockchain-Wetten\">Bitcoin Roulette<\/a> funktioniert nach denselben Grundprinzipien wie das traditionelle Roulette, aber man spielt mit Bitcoin statt mit einer Fiat-W\u00e4hrung, was sich auf die Transaktionsgeschwindigkeit und die Anonymit\u00e4t auswirkt.<\/p>\n<h3><span class=\"ez-toc-section\" id=\"Definition_and_Mechanism\"><\/span>Definition und Mechanismus<span class=\"ez-toc-section-end\"><\/span><\/h3>\n<p>Bitcoin Roulette ist eine digitale Variante des klassischen Casinospiels, die Bitcoin f\u00fcr Wetten und Transaktionen verwendet. Die Spieler wetten darauf, wo die Kugel auf einem sich drehenden Rad, das in nummerierte und farbige Abschnitte unterteilt ist, landen wird. Der Mechanismus ist \u00e4hnlich wie beim Standard-Roulette, der Hauptunterschied ist die verwendete W\u00e4hrung. Beim Bitcoin-Roulette wird jede Transaktion \u00fcber die Blockchain abgewickelt, was f\u00fcr Transparenz und eine geringere Wahrscheinlichkeit von Betrug sorgt.<\/p>\n<ul>\n<li><strong>Transaktionsgeschwindigkeit<\/strong>: Die Transaktionen mit Bitcoin sind schneller und dauern in der Regel nur wenige Minuten.<\/li>\n<li><strong>Anonymit\u00e4t<\/strong>: Die Spieler k\u00f6nnen ihre Anonymit\u00e4t wahren, da f\u00fcr die Durchf\u00fchrung von Bitcoin-Transaktionen keine pers\u00f6nlichen Daten erforderlich sind.<\/li>\n<\/ul>\n<h3><span class=\"ez-toc-section\" id=\"Basic_Rules_Comparison\"><\/span>Vergleich der Grundregeln<span class=\"ez-toc-section-end\"><\/span><\/h3>\n<p>Die Grundregeln des Bitcoin-Roulettes und des normalen Roulettes sind im Wesentlichen gleich. Die Spieler k\u00f6nnen auf eine einzelne Zahl, verschiedene Zahlengruppen, die Farben Rot oder Schwarz, gerade oder ungerade, hohe (19-36) oder niedrige (1-18) Zahlen setzen.<\/p>\n<ul>\n<li><strong>Wetten Optionen<\/strong>:\n<ul>\n<li><strong>Einzelne Nummer<\/strong>: H\u00f6here Auszahlung, geringere Gewinnchancen.<\/li>\n<li><strong>Gruppen-Nummern<\/strong>: Wetten auf Zahlencluster; unterschiedliche Auszahlungen.<\/li>\n<li><strong>Farben<\/strong>: Setzen Sie auf Rot oder Schwarz; die Chance ist fast 50\/50.<\/li>\n<li><strong>Ungerade oder Gerade<\/strong>: Wetten Sie, ob die Zahl gerade oder ungerade ist.<\/li>\n<li><strong>Hoch oder niedrig<\/strong>: Setzen Sie auf hohe (19-36) oder niedrige (1-18) Zahlen.<\/li>\n<\/ul>\n<\/li>\n<\/ul>\n<p>Die klare Unterscheidung in den Regeln betrifft den Umgang mit der W\u00e4hrung und m\u00f6glichen Auszahlungen. Die Preisvolatilit\u00e4t von Bitcoin kann sich auf den tats\u00e4chlichen Wert von <a href=\"https:\/\/coinkickoff.com\/de\/bitcoin-casino\/cash-in-bitcoin-casino-winnings\/\" data-internallinksmanager029f6b8e52c=\"211\" title=\"Wie man Bitcoin-Casino-Gewinne einl\u00f6st: Eine Schritt-f\u00fcr-Schritt-Anleitung\">Gewinne<\/a> oder Verluste, und die Mindest- und H\u00f6chsteins\u00e4tze k\u00f6nnen je nach Spiel variieren. <a href=\"https:\/\/coinkickoff.com\/de\/bitcoin-casino\/what-is-a-bitcoin-casino\/\" data-internallinksmanager029f6b8e52c=\"201\" title=\"Was ist ein Bitcoin-Kasino? Krytpo-Wettplattformen verstehen\">Bitcoin Kasino<\/a>die Politik der Kommission.<\/p>\n<h2><span class=\"ez-toc-section\" id=\"Technological_Aspects\"><\/span>Technologische Aspekte<span class=\"ez-toc-section-end\"><\/span><\/h2>\n<p><img decoding=\"async\" src=\"https:\/\/coinkickoff.com\/wp-content\/uploads\/v2-3dgyu-2s6kd.jpg\" alt=\"\"><\/p>\n<p>Beim Vergleich des Bitcoin-Roulettes mit dem traditionellen Roulette kommen zwei wichtige technologische \u00dcberlegungen ins Spiel: die Mechanismen, die die Fairness der Software gew\u00e4hrleisten, und die Protokolle, die die Sicherheit und Anonymit\u00e4t der Transaktionen sicherstellen.<\/p>\n<h3><span class=\"ez-toc-section\" id=\"Software_and_Fairness\"><\/span>Software und Fairness<span class=\"ez-toc-section-end\"><\/span><\/h3>\n<p>Bitcoin-Roulettespiele beruhen auf <strong>Wahrscheinlich fair<\/strong> Technologie, die es den Spielern erm\u00f6glicht, die Ergebnisse der einzelnen Spiele zu \u00fcberpr\u00fcfen. Dieses System verwendet kryptographische Algorithmen, um <strong>Zufallsseeds erzeugen<\/strong>Dadurch wird sichergestellt, dass jeder Spin zuf\u00e4llig und fair ist. Die Spieler k\u00f6nnen die Fairness in der Regel durch eine <strong>Verifikationswerkzeug<\/strong> die vom Kasino zur Verf\u00fcgung gestellt werden.<\/p>\n<ul>\n<li>Zufallszahlengenerierung (RNG): Erzeugt auf algorithmische Weise unvorhersehbare Ergebnisse.<\/li>\n<li>\u00dcberpr\u00fcfungswerkzeuge: Bieten Sie transparente und \u00fcberpr\u00fcfbare Spielergebnisse.<\/li>\n<\/ul>\n<h3><span class=\"ez-toc-section\" id=\"Transaction_Security_and_Anonymity\"><\/span>Transaktionssicherheit und Anonymit\u00e4t<span class=\"ez-toc-section-end\"><\/span><\/h3>\n<p>Bitcoin-Transaktionen nutzen <strong>Blockchain-Technologie<\/strong>die Einzahlungen und Abhebungen durch ein unver\u00e4nderliches <a href=\"https:\/\/coinkickoff.com\/de\/what-is-ledger-wallet\/\" data-internallinksmanager029f6b8e52c=\"167\" title=\"Ledger Wallet Bewertungen 2023: Geb\u00fchren, Funktionen, Sicherheit, Pro &amp; Kontra\">Hauptbuch<\/a>Dadurch wird die Sicherheit erh\u00f6ht und ein gewisses Ma\u00df an Anonymit\u00e4t gew\u00e4hrleistet.<\/p>\n<ul>\n<li><strong>Sicherheit<\/strong>: Verschl\u00fcsselte Transaktionen, gesch\u00fctzt durch die Blockchain-Technologie.<\/li>\n<li><strong>Anonymit\u00e4t<\/strong>: Geringere Offenlegung pers\u00f6nlicher Daten im Vergleich zu herk\u00f6mmlichen Zahlungsmethoden.<\/li>\n<\/ul>\n<table>\n<thead>\n<tr>\n<th>Aspekt<\/th>\n<th>Nutzen Sie<\/th>\n<\/tr>\n<\/thead>\n<tbody>\n<tr>\n<td>Verschl\u00fcsselte Transaktionen<\/td>\n<td>Erh\u00f6ht die Sicherheit gegen Betrug<\/td>\n<\/tr>\n<tr>\n<td>Unver\u00e4nderliches Hauptbuch<\/td>\n<td>Gew\u00e4hrleistet die Dauerhaftigkeit und R\u00fcckverfolgbarkeit von Transaktionen<\/td>\n<\/tr>\n<tr>\n<td>Reduzierte Offenlegung von Daten<\/td>\n<td>Die pers\u00f6nlichen Daten der Spieler sind weniger gef\u00e4hrdet<\/td>\n<\/tr>\n<\/tbody>\n<\/table>\n<h2><span class=\"ez-toc-section\" id=\"Practical_Considerations\"><\/span>Praktische \u00dcberlegungen<span class=\"ez-toc-section-end\"><\/span><\/h2>\n<p><img decoding=\"async\" src=\"https:\/\/coinkickoff.com\/wp-content\/uploads\/v2-3dgz8-pee1q.jpg\" alt=\"\"><\/p>\n<p>Bei der Nutzung von Bitcoin-Roulette m\u00fcssen die Benutzer Unterschiede in Bezug auf die Zug\u00e4nglichkeit, die Bearbeitungszeiten und die angebotenen einzigartigen Boni ber\u00fccksichtigen, die sich von den traditionellen Roulette-Erfahrungen unterscheiden.<\/p>\n<h3><span class=\"ez-toc-section\" id=\"Accessibility_and_Jurisdiction\"><\/span>Zug\u00e4nglichkeit und Zust\u00e4ndigkeit<span class=\"ez-toc-section-end\"><\/span><\/h3>\n<p>Bitcoin-Roulette ist oft f\u00fcr Spieler in L\u00e4ndern verf\u00fcgbar, in denen Online-Gl\u00fccksspiele eingeschr\u00e4nkt sind oder in denen traditionelle Zahlungsmethoden nicht m\u00f6glich sind. <strong>Kryptow\u00e4hrung<\/strong> als Medium umgeht viele der regulatorischen Beschr\u00e4nkungen, was es einem breiteren Publikum zug\u00e4nglich macht. Allerdings sollten sich die Nutzer \u00fcber ihre lokalen Gesetze im Klaren sein, da die Legalit\u00e4t des Gl\u00fccksspiels mit Kryptow\u00e4hrungen von Region zu Region sehr unterschiedlich sein kann.<\/p>\n<h3><span class=\"ez-toc-section\" id=\"Payment_Processing_Times\"><\/span>Zahlungsbearbeitungszeiten<span class=\"ez-toc-section-end\"><\/span><\/h3>\n<ul>\n<li><strong>Bitcoin Einlagen:<\/strong> In der Regel sofort oder innerhalb von Minuten.<\/li>\n<li><strong>Bitcoin Abhebungen:<\/strong> Die Dauer kann von Minuten bis zu mehreren Stunden reichen.<\/li>\n<li><strong>Traditionelle Bankmethoden:<\/strong> Sowohl f\u00fcr Einzahlungen als auch f\u00fcr Abhebungen werden oft mehrere Tage ben\u00f6tigt.<\/li>\n<\/ul>\n<p>Die Verwendung von Bitcoin kann die mit der Zahlungsabwicklung bei Online-Gl\u00fccksspielen verbundenen Wartezeiten drastisch verk\u00fcrzen. Die Spieler k\u00f6nnen oft fr\u00fcher mit dem Spielen beginnen und ihre Gewinne im Vergleich zu herk\u00f6mmlichen Zahlungsmethoden schneller abholen.<\/p>\n<h3><span class=\"ez-toc-section\" id=\"Casino_Bonuses_and_Incentives\"><\/span>Casino Boni und Anreize<span class=\"ez-toc-section-end\"><\/span><\/h3>\n<ul>\n<li><strong>Willkommensbonus:<\/strong> Viele Bitcoin-Casinos bieten umfangreiche Willkommensboni f\u00fcr neue Spieler.<\/li>\n<li><strong>Treuepr\u00e4mien:<\/strong> Zu den Vorteilen f\u00fcr regelm\u00e4\u00dfige Nutzer geh\u00f6ren h\u00e4ufig h\u00f6here Boni oder VIP-Behandlung.<\/li>\n<li><strong>Exklusive Werbeaktionen:<\/strong> Einige Casinos bieten speziell auf Bitcoin-Benutzer zugeschnittene Werbeaktionen an.<\/li>\n<\/ul>\n<p>Bitcoin-Roulette-Plattformen k\u00f6nnen im Vergleich zu regul\u00e4ren Online-Casinos gro\u00dfz\u00fcgigere Boni und Anreize bieten. Diese Boni sollen Spieler anlocken und binden, die es vorziehen, Kryptow\u00e4hrungen zu verwenden. Es ist wichtig, dass die Spieler die Bedingungen und Konditionen dieser Boni lesen, um zu verstehen, wie sie genutzt werden k\u00f6nnen.<\/p>\n<h2><span class=\"ez-toc-section\" id=\"Frequently_Asked_Questions\"><\/span>H\u00e4ufig gestellte Fragen<span class=\"ez-toc-section-end\"><\/span><\/h2>\n<p><img decoding=\"async\" src=\"https:\/\/coinkickoff.com\/wp-content\/uploads\/v2-3dgzp-ju7x7.jpg\" alt=\"\"><\/p>\n<p>Dieser Abschnitt befasst sich mit h\u00e4ufig gestellten Fragen zu den Unterschieden zwischen Bitcoin-Roulette und traditionellem Roulette und richtet sich an Spieler, die Klarheit in dieser Angelegenheit suchen.<\/p>\n<h3><span class=\"ez-toc-section\" id=\"What_are_the_distinctive_features_of_Bitcoin_roulette_compared_to_traditional_roulette\"><\/span>Was sind die besonderen Merkmale des Bitcoin-Roulettes im Vergleich zum traditionellen Roulette?<span class=\"ez-toc-section-end\"><\/span><\/h3>\n<p>Bitcoin-Roulette funktioniert in Bezug auf den Spielablauf \u00e4hnlich wie herk\u00f6mmliches Roulette. Der Hauptunterschied liegt in der Verwendung von Bitcoin als W\u00e4hrung, die oft schnellere Transaktionszeiten und eine verbesserte Anonymit\u00e4t f\u00fcr Spieler erm\u00f6glicht.<\/p>\n<h3><span class=\"ez-toc-section\" id=\"Can_you_use_Bitcoin_to_play_any_version_of_roulette\"><\/span>Kann man mit Bitcoin jede Version von Roulette spielen?<span class=\"ez-toc-section-end\"><\/span><\/h3>\n<p>Die meisten Bitcoin-Casinos bieten eine Vielzahl von Roulette-Versionen an, darunter amerikanisches, europ\u00e4isches und franz\u00f6sisches Roulette. Die Spieler k\u00f6nnen mit Bitcoin Wetten auf diese verschiedenen Versionen platzieren, je nach Angebot des Casinos.<\/p>\n<h3><span class=\"ez-toc-section\" id=\"What_advantages_do_Bitcoin_casinos_offer_for_roulette_players\"><\/span>Welche Vorteile bieten die Bitcoin-Casinos f\u00fcr Roulettespieler?<span class=\"ez-toc-section-end\"><\/span><\/h3>\n<p>Bitcoin-Casinos bieten den Spielern oft Vorteile wie niedrigere Transaktionsgeb\u00fchren, nachweislich faire Spiele und die M\u00f6glichkeit, zu spielen und Geld abzuheben, ohne dass pers\u00f6nliche Finanzdaten angegeben werden m\u00fcssen.<\/p>\n<h3><span class=\"ez-toc-section\" id=\"How_does_the_integration_of_Bitcoin_affect_the_gameplay_of_roulette\"><\/span>Wie wirkt sich die Integration von Bitcoin auf den Spielverlauf von Roulette aus?<span class=\"ez-toc-section-end\"><\/span><\/h3>\n<p>Die Integration von Bitcoin \u00e4ndert in der Regel nichts am grundlegenden Spielablauf des Roulettes. Sie kann jedoch schnellere Eins\u00e4tze und Auszahlungen erm\u00f6glichen, was das Spiel insgesamt beschleunigt.<\/p>\n<h3><span class=\"ez-toc-section\" id=\"Are_there_any_unique_betting_options_available_in_Bitcoin_roulette\"><\/span>Gibt es beim Bitcoin-Roulette besondere Wettm\u00f6glichkeiten?<span class=\"ez-toc-section-end\"><\/span><\/h3>\n<p>Bitcoin-Roulette bietet im Allgemeinen die gleichen Wettoptionen wie normales Roulette. Einige Bitcoin-Casinos f\u00fchren jedoch einzigartige Aktionen oder Wetten ein, um ein breiteres Publikum von Kryptow\u00e4hrungsliebhabern anzuziehen.<\/p>\n<h3><span class=\"ez-toc-section\" id=\"What_should_players_know_about_the_security_of_Bitcoin_roulette_games\"><\/span>Was sollten Spieler \u00fcber die Sicherheit von Bitcoin-Roulettespielen wissen?<span class=\"ez-toc-section-end\"><\/span><\/h3>\n<p>Die Sicherheit von Bitcoin Roulette h\u00e4ngt sowohl von der Robustheit der kryptographischen Technologie hinter Bitcoin als auch von den Sicherheitsma\u00dfnahmen des jeweiligen Casinos ab. F\u00fcr die Spieler ist es wichtig, die Glaubw\u00fcrdigkeit des Casinos und die Fairness seiner Spiele zu \u00fcberpr\u00fcfen.<\/p>","protected":false},"excerpt":{"rendered":"<p>Haftungsausschluss: Gl\u00fccksspiele sind mit erheblichen finanziellen Risiken verbunden. Bitte spielen Sie nur mit Geld, dessen Verlust Sie sich leisten k\u00f6nnen. Die unten aufgef\u00fchrten Informationen dienen nur zu Informationszwecken. Wir k\u00f6nnen eine Provision erhalten, wenn Sie sich bei einem der folgenden Casinos anmelden und Geld verlieren. Nicht alle Casinos sind in allen L\u00e4ndern verf\u00fcgbar. Alle Informationen, die wir [...]<\/p>","protected":false},"author":1,"featured_media":4599,"parent":4440,"menu_order":0,"comment_status":"closed","ping_status":"closed","template":"","meta":{"_genesis_hide_title":false,"_genesis_hide_breadcrumbs":false,"_genesis_hide_singular_image":false,"_genesis_hide_footer_widgets":false,"_genesis_custom_body_class":"","_genesis_custom_post_class":"","_genesis_layout":"","_glsr_average":0,"_glsr_ranking":0,"_glsr_reviews":0,"footnotes":""},"class_list":{"0":"post-4595","1":"page","2":"type-page","3":"status-publish","4":"has-post-thumbnail","6":"entry"},"featured_image_src":"https:\/\/coinkickoff.com\/wp-content\/uploads\/v2-3dgz8-pee1q-600x400.jpg","featured_image_src_square":"https:\/\/coinkickoff.com\/wp-content\/uploads\/v2-3dgz8-pee1q-600x600.jpg","_links":{"self":[{"href":"https:\/\/coinkickoff.com\/de\/wp-json\/wp\/v2\/pages\/4595","targetHints":{"allow":["GET"]}}],"collection":[{"href":"https:\/\/coinkickoff.com\/de\/wp-json\/wp\/v2\/pages"}],"about":[{"href":"https:\/\/coinkickoff.com\/de\/wp-json\/wp\/v2\/types\/page"}],"author":[{"embeddable":true,"href":"https:\/\/coinkickoff.com\/de\/wp-json\/wp\/v2\/users\/1"}],"replies":[{"embeddable":true,"href":"https:\/\/coinkickoff.com\/de\/wp-json\/wp\/v2\/comments?post=4595"}],"version-history":[{"count":3,"href":"https:\/\/coinkickoff.com\/de\/wp-json\/wp\/v2\/pages\/4595\/revisions"}],"predecessor-version":[{"id":4602,"href":"https:\/\/coinkickoff.com\/de\/wp-json\/wp\/v2\/pages\/4595\/revisions\/4602"}],"up":[{"embeddable":true,"href":"https:\/\/coinkickoff.com\/de\/wp-json\/wp\/v2\/pages\/4440"}],"wp:featuredmedia":[{"embeddable":true,"href":"https:\/\/coinkickoff.com\/de\/wp-json\/wp\/v2\/media\/4599"}],"wp:attachment":[{"href":"https:\/\/coinkickoff.com\/de\/wp-json\/wp\/v2\/media?parent=4595"}],"curies":[{"name":"wp","href":"https:\/\/api.w.org\/{rel}","templated":true}]}}