{"id":4575,"date":"2026-01-08T14:08:04","date_gmt":"2026-01-08T14:08:04","guid":{"rendered":"https:\/\/coinkickoff.com\/?page_id=4575"},"modified":"2026-01-08T14:08:04","modified_gmt":"2026-01-08T14:08:04","slug":"how-are-bitcoin-casinos-different","status":"publish","type":"page","link":"https:\/\/coinkickoff.com\/de\/bitcoin-casino\/how-are-bitcoin-casinos-different\/","title":{"rendered":"Wie unterscheiden sich Bitcoin-Casinos von herk\u00f6mmlichen Casinos?"},"content":{"rendered":"<p><em>Haftungsausschluss: Gl\u00fccksspiele sind mit erheblichen finanziellen Risiken verbunden. Bitte spielen Sie nur mit Geld, dessen Verlust Sie sich leisten k\u00f6nnen. Die unten aufgef\u00fchrten Informationen dienen nur zu Informationszwecken. Wir k\u00f6nnen eine Provision erhalten, wenn Sie sich bei einem der folgenden Anbieter anmelden und Geld verlieren <a href=\"https:\/\/coinkickoff.com\/de\/bitcoin-casino\/\" data-internallinksmanager029f6b8e52c=\"200\" title=\"3 Beste Bitcoin Krypto Casinos mit Boni\">Kasinos<\/a>. Nicht alle Casinos sind in allen L\u00e4ndern verf\u00fcgbar. Alle Informationen, die wir zum Zeitpunkt der Ver\u00f6ffentlichung f\u00fcr korrekt halten, k\u00f6nnen sich inzwischen ge\u00e4ndert haben.<\/em><\/p>\n<div id=\"ez-toc-container\" class=\"ez-toc-v2_0_80 counter-hierarchy ez-toc-counter ez-toc-transparent ez-toc-container-direction\">\n<div class=\"ez-toc-title-container\">\n<p class=\"ez-toc-title\" style=\"cursor:inherit\">Rubriken<\/p>\n<span class=\"ez-toc-title-toggle\"><a href=\"#\" class=\"ez-toc-pull-right ez-toc-btn ez-toc-btn-xs ez-toc-btn-default ez-toc-toggle\" aria-label=\"Inhaltsverzeichnis umschalten\"><span class=\"ez-toc-js-icon-con\"><span class=\"\"><span class=\"eztoc-hide\" style=\"display:none;\">Umschalten auf<\/span><span class=\"ez-toc-icon-toggle-span\"><svg style=\"fill: #999;color:#999\" xmlns=\"http:\/\/www.w3.org\/2000\/svg\" class=\"list-377408\" width=\"20px\" height=\"20px\" viewbox=\"0 0 24 24\" fill=\"none\"><path d=\"M6 6H4v2h2V6zm14 0H8v2h12V6zM4 11h2v2H4v-2zm16 0H8v2h12v-2zM4 16h2v2H4v-2zm16 0H8v2h12v-2z\" fill=\"currentColor\"><\/path><\/svg><svg style=\"fill: #999;color:#999\" class=\"arrow-unsorted-368013\" xmlns=\"http:\/\/www.w3.org\/2000\/svg\" width=\"10px\" height=\"10px\" viewbox=\"0 0 24 24\" version=\"1.2\" baseprofile=\"tiny\"><path d=\"M18.2 9.3l-6.2-6.3-6.2 6.3c-.2.2-.3.4-.3.7s.1.5.3.7c.2.2.4.3.7.3h11c.3 0 .5-.1.7-.3.2-.2.3-.5.3-.7s-.1-.5-.3-.7zM5.8 14.7l6.2 6.3 6.2-6.3c.2-.2.3-.5.3-.7s-.1-.5-.3-.7c-.2-.2-.4-.3-.7-.3h-11c-.3 0-.5.1-.7.3-.2.2-.3.5-.3.7s.1.5.3.7z\"\/><\/svg><\/span><\/span><\/span><\/a><\/span><\/div>\n<nav><ul class='ez-toc-list ez-toc-list-level-1 eztoc-toggle-hide-by-default' ><li class='ez-toc-page-1 ez-toc-heading-level-2'><a class=\"ez-toc-link ez-toc-heading-1\" href=\"https:\/\/coinkickoff.com\/de\/bitcoin-casino\/how-are-bitcoin-casinos-different\/#Fundamental_Differences_Between_Bitcoin_and_Traditional_Casinos\" >Grundlegende Unterschiede zwischen Bitcoin und traditionellen Casinos<\/a><ul class='ez-toc-list-level-3' ><li class='ez-toc-heading-level-3'><a class=\"ez-toc-link ez-toc-heading-2\" href=\"https:\/\/coinkickoff.com\/de\/bitcoin-casino\/how-are-bitcoin-casinos-different\/#Currency_Used_for_Transactions\" >F\u00fcr Transaktionen verwendete W\u00e4hrung<\/a><\/li><li class='ez-toc-page-1 ez-toc-heading-level-3'><a class=\"ez-toc-link ez-toc-heading-3\" href=\"https:\/\/coinkickoff.com\/de\/bitcoin-casino\/how-are-bitcoin-casinos-different\/#Operational_Transparency\" >Operative Transparenz<\/a><\/li><li class='ez-toc-page-1 ez-toc-heading-level-3'><a class=\"ez-toc-link ez-toc-heading-4\" href=\"https:\/\/coinkickoff.com\/de\/bitcoin-casino\/how-are-bitcoin-casinos-different\/#Legal_and_Regulatory_Landscape\" >Rechtliche und regulatorische Rahmenbedingungen<\/a><\/li><\/ul><\/li><li class='ez-toc-page-1 ez-toc-heading-level-2'><a class=\"ez-toc-link ez-toc-heading-5\" href=\"https:\/\/coinkickoff.com\/de\/bitcoin-casino\/how-are-bitcoin-casinos-different\/#Technological_Aspects_of_Bitcoin_Casinos\" >Technologische Aspekte von Bitcoin-Casinos<\/a><ul class='ez-toc-list-level-3' ><li class='ez-toc-heading-level-3'><a class=\"ez-toc-link ez-toc-heading-6\" href=\"https:\/\/coinkickoff.com\/de\/bitcoin-casino\/how-are-bitcoin-casinos-different\/#Blockchain_Technology_Implementation\" >Implementierung der Blockchain-Technologie<\/a><\/li><li class='ez-toc-page-1 ez-toc-heading-level-3'><a class=\"ez-toc-link ez-toc-heading-7\" href=\"https:\/\/coinkickoff.com\/de\/bitcoin-casino\/how-are-bitcoin-casinos-different\/#Provably_Fair_Gaming_Mechanisms\" >Nachweislich faire Spielmechanismen<\/a><\/li><li class='ez-toc-page-1 ez-toc-heading-level-3'><a class=\"ez-toc-link ez-toc-heading-8\" href=\"https:\/\/coinkickoff.com\/de\/bitcoin-casino\/how-are-bitcoin-casinos-different\/#Anonymity_and_Security_Features\" >Anonymit\u00e4t und Sicherheitsmerkmale<\/a><\/li><\/ul><\/li><li class='ez-toc-page-1 ez-toc-heading-level-2'><a class=\"ez-toc-link ez-toc-heading-9\" href=\"https:\/\/coinkickoff.com\/de\/bitcoin-casino\/how-are-bitcoin-casinos-different\/#User_Experience_in_Bitcoin_versus_Regular_Casinos\" >Benutzererfahrung in Bitcoin gegen\u00fcber regul\u00e4ren Casinos<\/a><ul class='ez-toc-list-level-3' ><li class='ez-toc-heading-level-3'><a class=\"ez-toc-link ez-toc-heading-10\" href=\"https:\/\/coinkickoff.com\/de\/bitcoin-casino\/how-are-bitcoin-casinos-different\/#Account_Funding_and_Withdrawal_Process\" >Einzahlung und Abhebung von Konten<\/a><\/li><li class='ez-toc-page-1 ez-toc-heading-level-3'><a class=\"ez-toc-link ez-toc-heading-11\" href=\"https:\/\/coinkickoff.com\/de\/bitcoin-casino\/how-are-bitcoin-casinos-different\/#Bonuses_and_Incentives\" >Boni und Anreize<\/a><\/li><li class='ez-toc-page-1 ez-toc-heading-level-3'><a class=\"ez-toc-link ez-toc-heading-12\" href=\"https:\/\/coinkickoff.com\/de\/bitcoin-casino\/how-are-bitcoin-casinos-different\/#Geographical_Accessibility_and_Restrictions\" >Geografische Zug\u00e4nglichkeit und Beschr\u00e4nkungen<\/a><\/li><\/ul><\/li><li class='ez-toc-page-1 ez-toc-heading-level-2'><a class=\"ez-toc-link ez-toc-heading-13\" href=\"https:\/\/coinkickoff.com\/de\/bitcoin-casino\/how-are-bitcoin-casinos-different\/#Frequently_Asked_Questions\" >H\u00e4ufig gestellte Fragen<\/a><ul class='ez-toc-list-level-3' ><li class='ez-toc-heading-level-3'><a class=\"ez-toc-link ez-toc-heading-14\" href=\"https:\/\/coinkickoff.com\/de\/bitcoin-casino\/how-are-bitcoin-casinos-different\/#What_factors_make_crypto_casinos_more_advantageous_than_traditional_ones\" >Welche Faktoren machen Krypto-Casinos vorteilhafter als traditionelle Casinos?<\/a><\/li><li class='ez-toc-page-1 ez-toc-heading-level-3'><a class=\"ez-toc-link ez-toc-heading-15\" href=\"https:\/\/coinkickoff.com\/de\/bitcoin-casino\/how-are-bitcoin-casinos-different\/#Are_there_any_risks_associated_with_using_Bitcoin_for_online_gambling\" >Gibt es irgendwelche Risiken bei der Nutzung von Bitcoin f\u00fcr Online-Gl\u00fccksspiele?<\/a><\/li><li class='ez-toc-page-1 ez-toc-heading-level-3'><a class=\"ez-toc-link ez-toc-heading-16\" href=\"https:\/\/coinkickoff.com\/de\/bitcoin-casino\/how-are-bitcoin-casinos-different\/#How_do_the_security_measures_in_Bitcoin_casinos_compare_to_those_in_traditional_casinos\" >Wie sind die Sicherheitsma\u00dfnahmen in Bitcoin-Casinos im Vergleich zu denen in herk\u00f6mmlichen Casinos?<\/a><\/li><li class='ez-toc-page-1 ez-toc-heading-level-3'><a class=\"ez-toc-link ez-toc-heading-17\" href=\"https:\/\/coinkickoff.com\/de\/bitcoin-casino\/how-are-bitcoin-casinos-different\/#Can_players_expect_provably_fair_gaming_in_Bitcoin_casinos\" >K\u00f6nnen Spieler in Bitcoin-Casinos nachweislich faire Spiele erwarten?<\/a><\/li><li class='ez-toc-page-1 ez-toc-heading-level-3'><a class=\"ez-toc-link ez-toc-heading-18\" href=\"https:\/\/coinkickoff.com\/de\/bitcoin-casino\/how-are-bitcoin-casinos-different\/#What_are_the_unique_benefits_of_gambling_with_Bitcoin\" >Was sind die einzigartigen Vorteile des Gl\u00fccksspiels mit Bitcoin?<\/a><\/li><li class='ez-toc-page-1 ez-toc-heading-level-3'><a class=\"ez-toc-link ez-toc-heading-19\" href=\"https:\/\/coinkickoff.com\/de\/bitcoin-casino\/how-are-bitcoin-casinos-different\/#How_does_the_regulatory_landscape_for_Bitcoin_casinos_differ_from_traditional_gambling_venues\" >Wie unterscheiden sich die rechtlichen Rahmenbedingungen f\u00fcr Bitcoin-Casinos von denen f\u00fcr herk\u00f6mmliche Gl\u00fccksspielanbieter?<\/a><\/li><\/ul><\/li><\/ul><\/nav><\/div>\n<h2><span class=\"ez-toc-section\" id=\"Fundamental_Differences_Between_Bitcoin_and_Traditional_Casinos\"><\/span>Grundlegende Unterschiede zwischen Bitcoin und traditionellen Casinos<span class=\"ez-toc-section-end\"><\/span><\/h2>\n<p><img decoding=\"async\" src=\"https:\/\/coinkickoff.com\/wp-content\/uploads\/v2-3dgrx-7h0pa.jpg\" alt=\"\"><\/p>\n<p><a href=\"https:\/\/coinkickoff.com\/de\/bitcoin-btc\/\" data-internallinksmanager029f6b8e52c=\"1\" title=\"Was ist Bitcoin (BTC)? Preis, Geschichte und wo zu kaufen\">Bitcoin<\/a> Casinos und traditionelle Casinos unterscheiden sich in erster Linie durch das Medium der W\u00e4hrung, den Grad der Transparenz und das regulatorische Umfeld, in dem sie operieren.<\/p>\n<h3><span class=\"ez-toc-section\" id=\"Currency_Used_for_Transactions\"><\/span>F\u00fcr Transaktionen verwendete W\u00e4hrung<span class=\"ez-toc-section-end\"><\/span><\/h3>\n<p><strong>Bitcoin Kasinos:<\/strong> Transaktionen werden mit Kryptow\u00e4hrungen wie Bitcoin durchgef\u00fchrt, <a href=\"https:\/\/coinkickoff.com\/de\/ethereum-eth\/\" data-internallinksmanager029f6b8e52c=\"2\" title=\"Was ist Ethereum (ETH)? Preis, Geschichte und wo zu kaufen\">Ethereum<\/a>, oder andere altcoins. Diese digitalen W\u00e4hrungen erm\u00f6glichen anonyme Transaktionen, oft mit niedrigeren Geb\u00fchren und schnelleren Bearbeitungszeiten im Vergleich zu Fiat-W\u00e4hrungen.<\/p>\n<ul>\n<li><strong>Anonymit\u00e4t:<\/strong> Die Nutzer k\u00f6nnen Transaktionen durchf\u00fchren, ohne pers\u00f6nliche Daten preiszugeben.<\/li>\n<li><strong>Die Geb\u00fchren:<\/strong> Sie sind oft niedriger als die mit Kreditkarten oder Bank\u00fcberweisungen verbundenen Kosten.<\/li>\n<li><strong>Geschwindigkeit:<\/strong> Die Transaktionen werden schnell bearbeitet, manchmal innerhalb von Minuten.<\/li>\n<\/ul>\n<p><strong>Traditionelle Kasinos:<\/strong> Diese Einrichtungen verwenden in der Regel Fiat-W\u00e4hrungen wie USD, EUR oder GBP f\u00fcr alle Transaktionen. Dieses traditionelle Bankgesch\u00e4ft beinhaltet detaillierte Aufzeichnungen und Identit\u00e4ts\u00fcberpr\u00fcfungsprozesse.<\/p>\n<ul>\n<li><strong>Pers\u00f6nliche Daten:<\/strong> Transaktionen erfordern die Offenlegung von pers\u00f6nlichen Daten.<\/li>\n<li><strong>Die Geb\u00fchren:<\/strong> F\u00fcr Transaktionen k\u00f6nnen h\u00f6here Geb\u00fchren anfallen.<\/li>\n<li><strong>Bearbeitungszeiten:<\/strong> Es kann einige Tage dauern, bis die Gelder \u00fcberwiesen oder freigegeben werden.<\/li>\n<\/ul>\n<h3><span class=\"ez-toc-section\" id=\"Operational_Transparency\"><\/span>Operative Transparenz<span class=\"ez-toc-section-end\"><\/span><\/h3>\n<p><strong>Bitcoin Kasinos:<\/strong> Aufgrund der Blockchain-Technologie, die den Transaktionen von Kryptow\u00e4hrungen zugrunde liegt, bieten sie in der Regel ein h\u00f6heres Ma\u00df an Transparenz. Blockchain bietet eine \u00f6ffentliche, unver\u00e4nderliche <a href=\"https:\/\/coinkickoff.com\/de\/what-is-ledger-wallet\/\" data-internallinksmanager029f6b8e52c=\"167\" title=\"Ledger Wallet Bewertungen 2023: Geb\u00fchren, Funktionen, Sicherheit, Pro &amp; Kontra\">Hauptbuch<\/a>Dadurch wird der Transaktionsverlauf leicht zug\u00e4nglich und pr\u00fcfbar.<\/p>\n<ul>\n<li><strong>Provably Fair:<\/strong> Einige Bitcoin-Casinos verwenden \"Provably Fair\"-Algorithmen, die es den Spielern erm\u00f6glichen, die Fairness der einzelnen Spielergebnisse zu \u00fcberpr\u00fcfen.<\/li>\n<\/ul>\n<p><strong>Traditionelle Kasinos:<\/strong> Die Transparenz wird von den Gl\u00fccksspielbeh\u00f6rden geregelt, aber die internen Abl\u00e4ufe und Spielalgorithmen sind in der Regel nicht f\u00fcr eine \u00f6ffentliche Pr\u00fcfung oder Verifizierung zug\u00e4nglich.<\/p>\n<ul>\n<li><strong>Geregelte Fairness:<\/strong> Die Fairness der Spiele wird von den Aufsichtsbeh\u00f6rden zertifiziert, aber die detaillierten Mechanismen der Software werden nicht \u00f6ffentlich bekannt gegeben.<\/li>\n<\/ul>\n<h3><span class=\"ez-toc-section\" id=\"Legal_and_Regulatory_Landscape\"><\/span>Rechtliche und regulatorische Rahmenbedingungen<span class=\"ez-toc-section-end\"><\/span><\/h3>\n<p><strong>Bitcoin Kasinos:<\/strong> Sie agieren in einem sich rasch entwickelnden rechtlichen Rahmen. In vielen Regionen gibt es noch keine eindeutigen Rechtsvorschriften f\u00fcr die Verwendung von Kryptow\u00e4hrungen im Gl\u00fccksspiel, was zu einem Flickenteppich von Compliance-Anforderungen f\u00fchrt.<\/p>\n<ul>\n<li><strong>Variable Regelung:<\/strong> Die Rechtslage kann sich schnell \u00e4ndern, und die Einhaltung der Vorschriften ist von Land zu Land unterschiedlich.<\/li>\n<li><strong>Globaler Zugang:<\/strong> Oftmals weltweit zug\u00e4nglich, je nach den \u00f6rtlichen Gesetzen.<\/li>\n<\/ul>\n<p><strong>Traditionelle Kasinos:<\/strong> Sie unterliegen einer strengen Regulierung durch etablierte Regierungsstellen weltweit. Sie unterliegen strengen Gesetzen und Verordnungen, die ihre Lizenzierung, ihre Gesch\u00e4ftspraktiken und ihre Finanzberichterstattung regeln.<\/p>\n<ul>\n<li><strong>Strenge Aufsicht:<\/strong> Die Einhaltung zahlreicher rechtlicher und finanzieller Vorschriften ist obligatorisch.<\/li>\n<li><strong>Geografische Beschr\u00e4nkungen:<\/strong> In der Regel sind sie verpflichtet, innerhalb des Zust\u00e4ndigkeitsbereichs ihrer Zulassungsbeh\u00f6rde zu arbeiten.<\/li>\n<\/ul>\n<h2><span class=\"ez-toc-section\" id=\"Technological_Aspects_of_Bitcoin_Casinos\"><\/span>Technologische Aspekte von Bitcoin-Casinos<span class=\"ez-toc-section-end\"><\/span><\/h2>\n<p><img decoding=\"async\" src=\"https:\/\/coinkickoff.com\/wp-content\/uploads\/v2-3dgss-o0d7k.jpg\" alt=\"\"><\/p>\n<p>Bitcoin-Casinos unterscheiden sich durch fortschrittliche Technologie, die verbesserte Sicherheit, Fairness und Transparenz bietet. Dieser technologische Vorsprung zeigt sich in der Art und Weise, wie sie Transaktionen abwickeln, die Fairness \u00fcberpr\u00fcfen und die Privatsph\u00e4re sch\u00fctzen.<\/p>\n<h3><span class=\"ez-toc-section\" id=\"Blockchain_Technology_Implementation\"><\/span>Implementierung der Blockchain-Technologie<span class=\"ez-toc-section-end\"><\/span><\/h3>\n<p><strong>Bitcoin-Kasinos<\/strong> die Blockchain-Technologie nutzen, um Transaktionen mit Kryptow\u00e4hrungen zu erleichtern. Die <strong>Blockchain<\/strong> ist ein dezentralisiertes Hauptbuch, das alle Transaktionen \u00fcber ein Netzwerk von Computern aufzeichnet. Dies stellt sicher, dass:<\/p>\n<ul>\n<li><strong>Transaktionen<\/strong> sind <strong>transparent<\/strong> und <strong>unver\u00e4nderlich<\/strong>.<\/li>\n<li>Spieler k\u00f6nnen einzahlen und abheben <strong>bitcoins<\/strong> direkt, <strong>Wegfall der Notwendigkeit von Drittbankinstituten<\/strong>.<\/li>\n<\/ul>\n<h3><span class=\"ez-toc-section\" id=\"Provably_Fair_Gaming_Mechanisms\"><\/span>Nachweislich faire Spielmechanismen<span class=\"ez-toc-section-end\"><\/span><\/h3>\n<p>Nachweislich faire Spiele sind ein Markenzeichen der Bitcoin-Casinos. Dieses System verwendet kryptographische Algorithmen, um die Fairness eines jeden Spiels zu gew\u00e4hrleisten. Die wichtigsten Punkte sind:<\/p>\n<ul>\n<li>Sie erm\u00f6glicht den Spielern <strong>die Zuf\u00e4lligkeit zu \u00fcberpr\u00fcfen<\/strong> der Spielresultate.<\/li>\n<li>Kasinos bieten eine <strong>Hash-Schl\u00fcssel<\/strong> die nach dem Spiel analysiert werden k\u00f6nnen, um die Fairness des Spiels zu best\u00e4tigen.<\/li>\n<\/ul>\n<h3><span class=\"ez-toc-section\" id=\"Anonymity_and_Security_Features\"><\/span>Anonymit\u00e4t und Sicherheitsmerkmale<span class=\"ez-toc-section-end\"><\/span><\/h3>\n<p>Bitcoin-Kasinos bieten mehr <strong>Anonymit\u00e4t<\/strong> und <strong>Sicherheit<\/strong>. Sie implementieren verschiedene Funktionen, die sowohl die Identit\u00e4t des Spielers als auch sein Geld sch\u00fctzen, wie zum Beispiel:<\/p>\n<ul>\n<li><strong>Zwei-Faktor-Authentifizierung (2FA)<\/strong> zur Sicherung von Benutzerkonten.<\/li>\n<li><strong>Minimale pers\u00f6nliche Informationen<\/strong> f\u00fcr die Erstellung des Kontos erforderlich, um den Benutzer zu erhalten <strong>Anonymit\u00e4t<\/strong>.<\/li>\n<\/ul>\n<h2><span class=\"ez-toc-section\" id=\"User_Experience_in_Bitcoin_versus_Regular_Casinos\"><\/span>Benutzererfahrung in Bitcoin gegen\u00fcber regul\u00e4ren Casinos<span class=\"ez-toc-section-end\"><\/span><\/h2>\n<p><img decoding=\"async\" src=\"https:\/\/coinkickoff.com\/wp-content\/uploads\/v2-3dgt7-n76he.jpg\" alt=\"\"><\/p>\n<p>Die Benutzererfahrung in Bitcoin-Casinos unterscheidet sich von der in herk\u00f6mmlichen Casinos, insbesondere in Bezug auf die Kontoverwaltung, Boni und die weltweite Erreichbarkeit.<\/p>\n<h3><span class=\"ez-toc-section\" id=\"Account_Funding_and_Withdrawal_Process\"><\/span>Einzahlung und Abhebung von Konten<span class=\"ez-toc-section-end\"><\/span><\/h3>\n<p>Die Bitcoin-Kinos erm\u00f6glichen den Benutzern <strong>ihre Konten auff\u00fcllen<\/strong> direkt mit Kryptow\u00e4hrungen, was in der Regel zu <em>schnellere Transaktionszeiten<\/em> und <em>geringere Geb\u00fchren<\/em> als regul\u00e4re Casinos, die sich auf traditionelle Bankmethoden verlassen.<\/p>\n<p><strong>R\u00fcckzugszeiten<\/strong>sind umgekehrt in der Regel auch <strong>Schneller<\/strong> in Bitcoin-Casinos, da die Bearbeitungszeiten f\u00fcr die Bank wegfallen. Diese Casinos r\u00fchmen sich oft einer <strong>sofortige oder nahezu sofortige Auszahlung<\/strong> Dies steht im Gegensatz zu den verz\u00f6gerten Bearbeitungszeiten, die in normalen Casinos \u00fcblich sind.<\/p>\n<h3><span class=\"ez-toc-section\" id=\"Bonuses_and_Incentives\"><\/span>Boni und Anreize<span class=\"ez-toc-section-end\"><\/span><\/h3>\n<p>Die Struktur der <strong>Boni und Anreize<\/strong> k\u00f6nnen erheblich variieren. Bitcoin Casinos k\u00f6nnen anbieten:<\/p>\n<ul>\n<li>H\u00f6her <strong>Willkommensbonusse<\/strong><\/li>\n<li><strong>Treuepr\u00e4mien<\/strong> in Form von Bitcoin oder anderen Kryptow\u00e4hrungen<\/li>\n<\/ul>\n<p>Herk\u00f6mmliche Casinos bieten oft eine Vielzahl von Boni an, die jedoch aufgrund der geringeren Transaktions- und Betriebskosten digitaler W\u00e4hrungen nicht mit den lukrativen Angeboten der Bitcoin-Casinos mithalten k\u00f6nnen.<\/p>\n<h3><span class=\"ez-toc-section\" id=\"Geographical_Accessibility_and_Restrictions\"><\/span>Geografische Zug\u00e4nglichkeit und Beschr\u00e4nkungen<span class=\"ez-toc-section-end\"><\/span><\/h3>\n<p>Bitcoin-Kasinos bieten im Allgemeinen eine <strong>h\u00f6herer Grad der Zug\u00e4nglichkeit<\/strong> da sie nicht an die gleichen regulatorischen Auflagen gebunden sind wie regul\u00e4re Kasinos.<\/p>\n<ul>\n<li>Operationen in <strong>mehrere Gerichtsbarkeiten<\/strong> ohne die Notwendigkeit einer lokalen Bankinfrastruktur<\/li>\n<li>Akzeptiert Spieler aus <strong>Regionen mit strengen Gl\u00fccksspielregelungen<\/strong>vorbehaltlich der \u00f6rtlichen Gesetze<\/li>\n<\/ul>\n<p>Den Nutzern wird jedoch empfohlen, die <strong>\u00fcber ihre lokalen Gesetze informiert sind<\/strong> um die Einhaltung der Vorschriften beim Zugang zu Bitcoin-Casinos zu gew\u00e4hrleisten, auch wenn diese eine gr\u00f6\u00dfere Reichweite haben.<\/p>\n<h2><span class=\"ez-toc-section\" id=\"Frequently_Asked_Questions\"><\/span>H\u00e4ufig gestellte Fragen<span class=\"ez-toc-section-end\"><\/span><\/h2>\n<p><img decoding=\"async\" src=\"https:\/\/coinkickoff.com\/wp-content\/uploads\/v2-3dgtr-7frp8.jpg\" alt=\"\"><\/p>\n<p>In diesem Abschnitt werden h\u00e4ufig gestellte Fragen zu den Unterschieden zwischen Bitcoin-Casinos und traditionellen Casinos behandelt, um ein besseres Verst\u00e4ndnis der beiden zu erm\u00f6glichen.<\/p>\n<h3><span class=\"ez-toc-section\" id=\"What_factors_make_crypto_casinos_more_advantageous_than_traditional_ones\"><\/span>Welche Faktoren machen Krypto-Casinos vorteilhafter als traditionelle Casinos?<span class=\"ez-toc-section-end\"><\/span><\/h3>\n<p>Krypto-Casinos bieten einzigartige Vorteile wie sofortige Transaktionen und geringere Transaktionsgeb\u00fchren. Sie bieten auch ein h\u00f6heres Ma\u00df an Anonymit\u00e4t f\u00fcr die Benutzer, die traditionelle Casinos aufgrund ihrer Abh\u00e4ngigkeit von Bank- und pers\u00f6nlichen Informationen nicht erreichen k\u00f6nnen.<\/p>\n<h3><span class=\"ez-toc-section\" id=\"Are_there_any_risks_associated_with_using_Bitcoin_for_online_gambling\"><\/span>Gibt es irgendwelche Risiken bei der Nutzung von Bitcoin f\u00fcr Online-Gl\u00fccksspiele?<span class=\"ez-toc-section-end\"><\/span><\/h3>\n<p>Die Nutzer sind mit bestimmten Risiken konfrontiert, wie z. B. der hohen Volatilit\u00e4t des Wertes von Bitcoin und m\u00f6glichen Sicherheitsbedrohungen wie Hacking. Dar\u00fcber hinaus kann das Fehlen einer Regulierung ein zweischneidiges Schwert sein, das sowohl Freiheit als auch Risiken mit sich bringt.<\/p>\n<h3><span class=\"ez-toc-section\" id=\"How_do_the_security_measures_in_Bitcoin_casinos_compare_to_those_in_traditional_casinos\"><\/span>Wie sind die Sicherheitsma\u00dfnahmen in Bitcoin-Casinos im Vergleich zu denen in herk\u00f6mmlichen Casinos?<span class=\"ez-toc-section-end\"><\/span><\/h3>\n<p>Bitcoin-Casinos setzen in der Regel fortschrittliche Verschl\u00fcsselungstechnologien ein und sind auf sicheren Blockchain-Netzwerken aufgebaut. Dies steht im Gegensatz zu traditionellen Casinos, die auf konventionelle Sicherheits- und Finanzsysteme angewiesen sind, die f\u00fcr verschiedene Arten von Risiken anf\u00e4llig sind.<\/p>\n<h3><span class=\"ez-toc-section\" id=\"Can_players_expect_provably_fair_gaming_in_Bitcoin_casinos\"><\/span>K\u00f6nnen Spieler in Bitcoin-Casinos nachweislich faire Spiele erwarten?<span class=\"ez-toc-section-end\"><\/span><\/h3>\n<p>Viele Bitcoin-Casinos bieten nachweislich faire Spiele an, bei denen die Spieler die Fairness jedes Spiels mithilfe der Blockchain-Technologie \u00fcberpr\u00fcfen k\u00f6nnen. Dies ist ein Ma\u00df an Transparenz, das traditionelle Online-Gl\u00fccksspielseiten nicht bieten k\u00f6nnen.<\/p>\n<h3><span class=\"ez-toc-section\" id=\"What_are_the_unique_benefits_of_gambling_with_Bitcoin\"><\/span>Was sind die einzigartigen Vorteile des Gl\u00fccksspiels mit Bitcoin?<span class=\"ez-toc-section-end\"><\/span><\/h3>\n<p>Das Gl\u00fccksspiel mit Bitcoin stellt sicher, dass Transaktionen aufgrund der Verwendung der Blockchain-Technologie diskret und sicher bleiben. Es bietet auch den Vorteil von potenziell niedrigeren Geb\u00fchren und stellt sicher, dass Spieler ohne geografische Einschr\u00e4nkungen spielen k\u00f6nnen.<\/p>\n<h3><span class=\"ez-toc-section\" id=\"How_does_the_regulatory_landscape_for_Bitcoin_casinos_differ_from_traditional_gambling_venues\"><\/span>Wie unterscheiden sich die rechtlichen Rahmenbedingungen f\u00fcr Bitcoin-Casinos von denen f\u00fcr herk\u00f6mmliche Gl\u00fccksspielanbieter?<span class=\"ez-toc-section-end\"><\/span><\/h3>\n<p>Bitcoin-Casinos operieren oft in einem eher deregulierten Umfeld, da Kryptow\u00e4hrungen von vielen Regierungen nicht als offizielle W\u00e4hrung anerkannt werden. Dies steht im Gegensatz zu traditionellen Casinos, die strengen regulatorischen Rahmenbedingungen unterliegen.<\/p>","protected":false},"excerpt":{"rendered":"<p>Haftungsausschluss: Gl\u00fccksspiele sind mit erheblichen finanziellen Risiken verbunden. Bitte spielen Sie nur mit Geld, dessen Verlust Sie sich leisten k\u00f6nnen. Die unten aufgef\u00fchrten Informationen dienen nur zu Informationszwecken. Wir k\u00f6nnen eine Provision erhalten, wenn Sie sich bei einem der folgenden Casinos anmelden und Geld verlieren. Nicht alle Casinos sind in allen L\u00e4ndern verf\u00fcgbar. Alle Informationen, die wir [...]<\/p>","protected":false},"author":1,"featured_media":4576,"parent":4440,"menu_order":0,"comment_status":"closed","ping_status":"closed","template":"","meta":{"_genesis_hide_title":false,"_genesis_hide_breadcrumbs":false,"_genesis_hide_singular_image":false,"_genesis_hide_footer_widgets":false,"_genesis_custom_body_class":"","_genesis_custom_post_class":"","_genesis_layout":"","_glsr_average":0,"_glsr_ranking":0,"_glsr_reviews":0,"footnotes":""},"class_list":{"0":"post-4575","1":"page","2":"type-page","3":"status-publish","4":"has-post-thumbnail","6":"entry"},"featured_image_src":"https:\/\/coinkickoff.com\/wp-content\/uploads\/v2-3dgrx-7h0pa-600x400.jpg","featured_image_src_square":"https:\/\/coinkickoff.com\/wp-content\/uploads\/v2-3dgrx-7h0pa-600x600.jpg","_links":{"self":[{"href":"https:\/\/coinkickoff.com\/de\/wp-json\/wp\/v2\/pages\/4575","targetHints":{"allow":["GET"]}}],"collection":[{"href":"https:\/\/coinkickoff.com\/de\/wp-json\/wp\/v2\/pages"}],"about":[{"href":"https:\/\/coinkickoff.com\/de\/wp-json\/wp\/v2\/types\/page"}],"author":[{"embeddable":true,"href":"https:\/\/coinkickoff.com\/de\/wp-json\/wp\/v2\/users\/1"}],"replies":[{"embeddable":true,"href":"https:\/\/coinkickoff.com\/de\/wp-json\/wp\/v2\/comments?post=4575"}],"version-history":[{"count":3,"href":"https:\/\/coinkickoff.com\/de\/wp-json\/wp\/v2\/pages\/4575\/revisions"}],"predecessor-version":[{"id":4582,"href":"https:\/\/coinkickoff.com\/de\/wp-json\/wp\/v2\/pages\/4575\/revisions\/4582"}],"up":[{"embeddable":true,"href":"https:\/\/coinkickoff.com\/de\/wp-json\/wp\/v2\/pages\/4440"}],"wp:featuredmedia":[{"embeddable":true,"href":"https:\/\/coinkickoff.com\/de\/wp-json\/wp\/v2\/media\/4576"}],"wp:attachment":[{"href":"https:\/\/coinkickoff.com\/de\/wp-json\/wp\/v2\/media?parent=4575"}],"curies":[{"name":"wp","href":"https:\/\/api.w.org\/{rel}","templated":true}]}}