{"id":4404,"date":"2026-01-08T14:07:11","date_gmt":"2026-01-08T14:07:11","guid":{"rendered":"https:\/\/coinkickoff.com\/?page_id=4404"},"modified":"2026-01-08T14:07:11","modified_gmt":"2026-01-08T14:07:11","slug":"how-to-buy-litecoin-on-kucoin","status":"publish","type":"page","link":"https:\/\/coinkickoff.com\/de\/how-to-buy-litecoin\/how-to-buy-litecoin-on-kucoin\/","title":{"rendered":"Wie man Litecoin auf Kucoin kauft"},"content":{"rendered":"<div id=\"ez-toc-container\" class=\"ez-toc-v2_0_80 counter-hierarchy ez-toc-counter ez-toc-transparent ez-toc-container-direction\">\n<div class=\"ez-toc-title-container\">\n<p class=\"ez-toc-title\" style=\"cursor:inherit\">Rubriken<\/p>\n<span class=\"ez-toc-title-toggle\"><a href=\"#\" class=\"ez-toc-pull-right ez-toc-btn ez-toc-btn-xs ez-toc-btn-default ez-toc-toggle\" aria-label=\"Inhaltsverzeichnis umschalten\"><span class=\"ez-toc-js-icon-con\"><span class=\"\"><span class=\"eztoc-hide\" style=\"display:none;\">Umschalten auf<\/span><span class=\"ez-toc-icon-toggle-span\"><svg style=\"fill: #999;color:#999\" xmlns=\"http:\/\/www.w3.org\/2000\/svg\" class=\"list-377408\" width=\"20px\" height=\"20px\" viewbox=\"0 0 24 24\" fill=\"none\"><path d=\"M6 6H4v2h2V6zm14 0H8v2h12V6zM4 11h2v2H4v-2zm16 0H8v2h12v-2zM4 16h2v2H4v-2zm16 0H8v2h12v-2z\" fill=\"currentColor\"><\/path><\/svg><svg style=\"fill: #999;color:#999\" class=\"arrow-unsorted-368013\" xmlns=\"http:\/\/www.w3.org\/2000\/svg\" width=\"10px\" height=\"10px\" viewbox=\"0 0 24 24\" version=\"1.2\" baseprofile=\"tiny\"><path d=\"M18.2 9.3l-6.2-6.3-6.2 6.3c-.2.2-.3.4-.3.7s.1.5.3.7c.2.2.4.3.7.3h11c.3 0 .5-.1.7-.3.2-.2.3-.5.3-.7s-.1-.5-.3-.7zM5.8 14.7l6.2 6.3 6.2-6.3c.2-.2.3-.5.3-.7s-.1-.5-.3-.7c-.2-.2-.4-.3-.7-.3h-11c-.3 0-.5.1-.7.3-.2.2-.3.5-.3.7s.1.5.3.7z\"\/><\/svg><\/span><\/span><\/span><\/a><\/span><\/div>\n<nav><ul class='ez-toc-list ez-toc-list-level-1 eztoc-toggle-hide-by-default' ><li class='ez-toc-page-1 ez-toc-heading-level-2'><a class=\"ez-toc-link ez-toc-heading-1\" href=\"https:\/\/coinkickoff.com\/de\/how-to-buy-litecoin\/how-to-buy-litecoin-on-kucoin\/#How_to_Buy_Litecoin_on_Kucoin\" >Wie man Litecoin auf Kucoin kauft<\/a><\/li><li class='ez-toc-page-1 ez-toc-heading-level-2'><a class=\"ez-toc-link ez-toc-heading-2\" href=\"https:\/\/coinkickoff.com\/de\/how-to-buy-litecoin\/how-to-buy-litecoin-on-kucoin\/#A_Step-By-Step_Guide_on_How_to_Buy_Litecoin_on_Kucoin\" >Eine Schritt-f\u00fcr-Schritt-Anleitung zum Kauf von Litecoin auf Kucoin<\/a><ul class='ez-toc-list-level-3' ><li class='ez-toc-heading-level-3'><a class=\"ez-toc-link ez-toc-heading-3\" href=\"https:\/\/coinkickoff.com\/de\/how-to-buy-litecoin\/how-to-buy-litecoin-on-kucoin\/#1_Register_an_Account\" >1. Konto registrieren<\/a><\/li><li class='ez-toc-page-1 ez-toc-heading-level-3'><a class=\"ez-toc-link ez-toc-heading-4\" href=\"https:\/\/coinkickoff.com\/de\/how-to-buy-litecoin\/how-to-buy-litecoin-on-kucoin\/#2_Verify_Your_Account\" >2. \u00dcberpr\u00fcfen Sie Ihr Konto<\/a><\/li><li class='ez-toc-page-1 ez-toc-heading-level-3'><a class=\"ez-toc-link ez-toc-heading-5\" href=\"https:\/\/coinkickoff.com\/de\/how-to-buy-litecoin\/how-to-buy-litecoin-on-kucoin\/#3_Deposit_Crypto\" >3. Krypto einzahlen<\/a><\/li><li class='ez-toc-page-1 ez-toc-heading-level-3'><a class=\"ez-toc-link ez-toc-heading-6\" href=\"https:\/\/coinkickoff.com\/de\/how-to-buy-litecoin\/how-to-buy-litecoin-on-kucoin\/#4_Navigate_to_the_Relevant_Screen_to_Buy\" >4. Navigieren Sie zum entsprechenden Bildschirm, um zu kaufen<\/a><ul class='ez-toc-list-level-4' ><li class='ez-toc-heading-level-4'><a class=\"ez-toc-link ez-toc-heading-7\" href=\"https:\/\/coinkickoff.com\/de\/how-to-buy-litecoin\/how-to-buy-litecoin-on-kucoin\/#Fast_Trade\" >Schneller Handel<\/a><\/li><li class='ez-toc-page-1 ez-toc-heading-level-4'><a class=\"ez-toc-link ez-toc-heading-8\" href=\"https:\/\/coinkickoff.com\/de\/how-to-buy-litecoin\/how-to-buy-litecoin-on-kucoin\/#Third-Party\" >Drittanbieter<\/a><\/li><li class='ez-toc-page-1 ez-toc-heading-level-4'><a class=\"ez-toc-link ez-toc-heading-9\" href=\"https:\/\/coinkickoff.com\/de\/how-to-buy-litecoin\/how-to-buy-litecoin-on-kucoin\/#How_to_Buy_Litecoin_with_Crypto\" >Wie man Litecoin mit Krypto kauft<\/a><\/li><\/ul><\/li><\/ul><\/li><\/ul><\/nav><\/div>\n<h2><span class=\"ez-toc-section\" id=\"How_to_Buy_Litecoin_on_Kucoin\"><\/span><span style=\"font-weight: 400;\">Wie man Litecoin auf Kucoin kauft<\/span><span class=\"ez-toc-section-end\"><\/span><\/h2>\n<p><span style=\"font-weight: 400;\">Wenn Sie einen Rat brauchen, wie Sie <a href=\"https:\/\/coinkickoff.com\/de\/litecoin-ltc\/\" data-internallinksmanager029f6b8e52c=\"21\" title=\"Was ist Litecoin (LTC)? Preis, Geschichte und wo zu kaufen\">Litecoin<\/a> auf <a href=\"https:\/\/coinkickoff.com\/de\/kucoin-review\/\" data-internallinksmanager029f6b8e52c=\"153\" title=\"KuCoin Bewertungen 2023: Geb\u00fchren, Sicherheit, Pro &amp; Contra\">Kucoin<\/a>dann sind Sie hier genau richtig! Lassen Sie uns sehen, wie man LTC auf Kucoin in ein paar einfachen Schritten kaufen kann.<\/span><\/p>\n<h2><span class=\"ez-toc-section\" id=\"A_Step-By-Step_Guide_on_How_to_Buy_Litecoin_on_Kucoin\"><\/span><span style=\"font-weight: 400;\">Eine Schritt-f\u00fcr-Schritt-Anleitung zum Kauf von Litecoin auf Kucoin<\/span><span class=\"ez-toc-section-end\"><\/span><\/h2>\n<h3><span class=\"ez-toc-section\" id=\"1_Register_an_Account\"><\/span><span style=\"font-weight: 400;\">1. Konto registrieren<\/span><span class=\"ez-toc-section-end\"><\/span><\/h3>\n<p><img loading=\"lazy\" decoding=\"async\" class=\"alignnone wp-image-3269 size-full\" src=\"https:\/\/coinkickoff.com\/wp-content\/uploads\/kucoin-register.png\" alt=\"doge kaufen auf kucoin registrieren\" width=\"1421\" height=\"788\" srcset=\"https:\/\/coinkickoff.com\/wp-content\/uploads\/kucoin-register.png 1421w, https:\/\/coinkickoff.com\/wp-content\/uploads\/kucoin-register-300x166.png 300w, https:\/\/coinkickoff.com\/wp-content\/uploads\/kucoin-register-1024x568.png 1024w, https:\/\/coinkickoff.com\/wp-content\/uploads\/kucoin-register-768x426.png 768w, https:\/\/coinkickoff.com\/wp-content\/uploads\/kucoin-register-18x10.png 18w\" sizes=\"auto, (max-width: 1421px) 100vw, 1421px\" \/><\/p>\n<p><span style=\"font-weight: 400;\">Gehen Sie zum <\/span><a href=\"https:\/\/www.kucoin.com\/r\/af\/rMJPV3B\" target=\"_blank\" rel=\"noopener\"><span style=\"font-weight: 400;\">Kucoin<\/span><\/a><span style=\"font-weight: 400;\"> Website und melden Sie sich mit Ihrer E-Mail-Adresse oder Telefonnummer an.\u00a0<\/span><\/p>\n<h3><span class=\"ez-toc-section\" id=\"2_Verify_Your_Account\"><\/span><span style=\"font-weight: 400;\">2. \u00dcberpr\u00fcfen Sie Ihr Konto<\/span><span class=\"ez-toc-section-end\"><\/span><\/h3>\n<p><span style=\"font-weight: 400;\">Wenn Sie digitale Verm\u00f6genswerte besitzen, die Sie gegen Litecoin eintauschen k\u00f6nnen, m\u00fcssen Sie Ihre Identit\u00e4t nicht verifizieren. Sie k\u00f6nnen zum n\u00e4chsten Schritt gehen, um zu sehen, wie Sie Krypto-Verm\u00f6genswerte auf Kucoin einzahlen.<\/span><\/p>\n<p><span style=\"font-weight: 400;\">Wenn Sie noch keine digitalen Verm\u00f6genswerte besitzen, ist das kein Grund zur Sorge! Die Identit\u00e4tspr\u00fcfung ist sehr einfach und kann in wenigen Minuten abgeschlossen werden.<\/span><\/p>\n<p><span style=\"font-weight: 400;\">Sie sehen Ihren Benutzernamen oben rechts auf der Seite. Er f\u00fchrt Sie zu Ihrem Benutzerprofil.<\/span><\/p>\n<p><span style=\"font-weight: 400;\">Gehen Sie in Ihrem Profil auf die Registerkarte \"Identit\u00e4ts\u00fcberpr\u00fcfung\" und klicken Sie bei \"Erweiterte Funktionen\" auf \"\u00dcberpr\u00fcfen\".<\/span><\/p>\n<p><img loading=\"lazy\" decoding=\"async\" class=\"alignnone wp-image-3272 size-full\" src=\"https:\/\/coinkickoff.com\/wp-content\/uploads\/kucoin-identity-verification.png\" alt=\"kucoin id \u00dcberpr\u00fcfung 1\" width=\"1420\" height=\"785\" srcset=\"https:\/\/coinkickoff.com\/wp-content\/uploads\/kucoin-identity-verification.png 1420w, https:\/\/coinkickoff.com\/wp-content\/uploads\/kucoin-identity-verification-300x166.png 300w, https:\/\/coinkickoff.com\/wp-content\/uploads\/kucoin-identity-verification-1024x566.png 1024w, https:\/\/coinkickoff.com\/wp-content\/uploads\/kucoin-identity-verification-768x425.png 768w, https:\/\/coinkickoff.com\/wp-content\/uploads\/kucoin-identity-verification-18x10.png 18w\" sizes=\"auto, (max-width: 1420px) 100vw, 1420px\" \/><\/p>\n<p><span style=\"font-weight: 400;\">Die erweiterte Verifizierung erm\u00f6glicht Ihnen Einzahlungen und Abhebungen von Fiat-Geld auf Kucoin. Au\u00dferdem werden dadurch Ihre Handels- und Abhebungslimits erheblich erh\u00f6ht.<\/span><\/p>\n<p><span style=\"font-weight: 400;\">Das Verifizierungssystem ist einfach: F\u00fcllen Sie einfach einen Fragebogen zu Ihren pers\u00f6nlichen Daten aus, laden Sie einen amtlichen Ausweis zur \u00dcberpr\u00fcfung Ihrer Daten hoch und schlie\u00dfen Sie die Gesichtsverifizierung ab.<\/span><\/p>\n<p><img loading=\"lazy\" decoding=\"async\" class=\"alignnone wp-image-3270 size-full\" src=\"https:\/\/coinkickoff.com\/wp-content\/uploads\/kucoin-id-verification-2.png\" alt=\"kucoin Identit\u00e4tspr\u00fcfung 2\" width=\"1407\" height=\"706\" srcset=\"https:\/\/coinkickoff.com\/wp-content\/uploads\/kucoin-id-verification-2.png 1407w, https:\/\/coinkickoff.com\/wp-content\/uploads\/kucoin-id-verification-2-300x151.png 300w, https:\/\/coinkickoff.com\/wp-content\/uploads\/kucoin-id-verification-2-1024x514.png 1024w, https:\/\/coinkickoff.com\/wp-content\/uploads\/kucoin-id-verification-2-768x385.png 768w, https:\/\/coinkickoff.com\/wp-content\/uploads\/kucoin-id-verification-2-18x9.png 18w\" sizes=\"auto, (max-width: 1407px) 100vw, 1407px\" \/><\/p>\n<p><span style=\"font-weight: 400;\">Sie k\u00f6nnen einen nationalen Personalausweis, einen F\u00fchrerschein oder eine Reisepassseite zur Best\u00e4tigung Ihrer Identit\u00e4t verwenden. Halten Sie Ihr Ausweisdokument bereit und klicken Sie auf \"Best\u00e4tigen und weiter\".<\/span><\/p>\n<p><img loading=\"lazy\" decoding=\"async\" class=\"alignnone wp-image-3271 size-full\" src=\"https:\/\/coinkickoff.com\/wp-content\/uploads\/kucoin-id-verification-3.png\" alt=\"kucoin id \u00dcberpr\u00fcfung 3 \" width=\"1412\" height=\"789\" srcset=\"https:\/\/coinkickoff.com\/wp-content\/uploads\/kucoin-id-verification-3.png 1412w, https:\/\/coinkickoff.com\/wp-content\/uploads\/kucoin-id-verification-3-300x168.png 300w, https:\/\/coinkickoff.com\/wp-content\/uploads\/kucoin-id-verification-3-1024x572.png 1024w, https:\/\/coinkickoff.com\/wp-content\/uploads\/kucoin-id-verification-3-768x429.png 768w, https:\/\/coinkickoff.com\/wp-content\/uploads\/kucoin-id-verification-3-18x10.png 18w\" sizes=\"auto, (max-width: 1412px) 100vw, 1412px\" \/><\/p>\n<p><span style=\"font-weight: 400;\">Geben Sie Ihre Daten ein und klicken Sie auf \"Weiter\". Folgen Sie den Anweisungen auf dem Bildschirm, um die Identit\u00e4tspr\u00fcfung abzuschlie\u00dfen.<\/span><\/p>\n<h3><span class=\"ez-toc-section\" id=\"3_Deposit_Crypto\"><\/span><span style=\"font-weight: 400;\">3. Krypto einzahlen<\/span><span class=\"ez-toc-section-end\"><\/span><\/h3>\n<p><span style=\"font-weight: 400;\">Wenn Sie digitale Verm\u00f6genswerte in einer externen Geldb\u00f6rse haben, k\u00f6nnen Sie diese auf Kucoin \u00fcbertragen und auf dem Spotmarkt gegen LTC eintauschen. Wenn das f\u00fcr Sie keine Option ist, fahren Sie mit dem n\u00e4chsten Schritt fort, um zu erfahren, wie Sie Litecoin mit Fiat-Geld kaufen k\u00f6nnen.<\/span><\/p>\n<p><span style=\"font-weight: 400;\">Klicken Sie auf das Men\u00fc \"Assets\" oben rechts auf der Webseite.<\/span><\/p>\n<p><img loading=\"lazy\" decoding=\"async\" class=\"alignnone wp-image-3273 size-full\" src=\"https:\/\/coinkickoff.com\/wp-content\/uploads\/kucoin-deposit.png\" alt=\"kucoin Einlagemittel 1\" width=\"1427\" height=\"758\" srcset=\"https:\/\/coinkickoff.com\/wp-content\/uploads\/kucoin-deposit.png 1427w, https:\/\/coinkickoff.com\/wp-content\/uploads\/kucoin-deposit-300x159.png 300w, https:\/\/coinkickoff.com\/wp-content\/uploads\/kucoin-deposit-1024x544.png 1024w, https:\/\/coinkickoff.com\/wp-content\/uploads\/kucoin-deposit-768x408.png 768w, https:\/\/coinkickoff.com\/wp-content\/uploads\/kucoin-deposit-18x10.png 18w\" sizes=\"auto, (max-width: 1427px) 100vw, 1427px\" \/><\/p>\n<p><span style=\"font-weight: 400;\">Hier k\u00f6nnen Sie alle Ihre Guthaben einsehen. Klicken Sie auf die Schaltfl\u00e4che \"Einzahlen\" und w\u00e4hlen Sie die digitale W\u00e4hrung, die Sie an Kucoin \u00fcberweisen m\u00f6chten.<\/span><\/p>\n<p><span style=\"font-weight: 400;\">Zum Beispiel, wenn Sie <a href=\"https:\/\/coinkickoff.com\/de\/tether-usdt\/\" data-internallinksmanager029f6b8e52c=\"3\" title=\"Was ist Tether (USDT)? Wie funktioniert es und wo kann man es kaufen?\">USDT<\/a>klicken Sie auf USDT und Sie erhalten einen QR-Code. Dieser QR-Code steht f\u00fcr Ihre USDT-Adresse auf Kucoin. Wenn Sie USDT auf Kucoin \u00fcberweisen m\u00f6chten, verwenden Sie diesen QR-Code als Ihre Abhebungsadresse.<\/span><\/p>\n<p><span style=\"font-weight: 400;\">Bitte verwenden Sie niemals eine USDT-Wallet-Adresse, um andere Kryptow\u00e4hrungen zu transferieren. Jede Wallet-Adresse ist w\u00e4hrungsspezifisch: Sie k\u00f6nnen nur BTC an eine <a href=\"https:\/\/coinkickoff.com\/de\/bitcoin-btc\/\" data-internallinksmanager029f6b8e52c=\"1\" title=\"Was ist Bitcoin (BTC)? Preis, Geschichte und wo zu kaufen\">Bitcoin<\/a> Adresse, ETH an eine <a href=\"https:\/\/coinkickoff.com\/de\/ethereum-eth\/\" data-internallinksmanager029f6b8e52c=\"2\" title=\"Was ist Ethereum (ETH)? Preis, Geschichte und wo zu kaufen\">Ethereum<\/a> Adresse, <a href=\"https:\/\/coinkickoff.com\/de\/polkadot-dot\/\" data-internallinksmanager029f6b8e52c=\"12\" title=\"Was ist Polkadot (DOT)? Wie funktioniert es und wo kann man es kaufen?\">Polkadot<\/a> auf eine DOT-Adresse und so weiter.<\/span><\/p>\n<h3><span class=\"ez-toc-section\" id=\"4_Navigate_to_the_Relevant_Screen_to_Buy\"><\/span><span style=\"font-weight: 400;\">4. Navigieren Sie zum entsprechenden Bildschirm, um zu kaufen<\/span><span class=\"ez-toc-section-end\"><\/span><\/h3>\n<p><span style=\"font-weight: 400;\">Klicken Sie auf Ihrer Homepage auf das Men\u00fc \"Krypto kaufen\". Sie werden mehrere Optionen sehen, wie z.B. \"Fast Trade\", \"P2P\" und \"Third-Party\".<\/span><\/p>\n<p><span style=\"font-weight: 400;\">Sie k\u00f6nnen Litecoin nicht mit P2P-Transaktionen kaufen, aber die anderen beiden sind durchaus brauchbar und recht einfach zu benutzen.<\/span><\/p>\n<p><img loading=\"lazy\" decoding=\"async\" class=\"alignnone wp-image-3274 size-full\" src=\"https:\/\/coinkickoff.com\/wp-content\/uploads\/kucoin-buy-crypto.png\" alt=\"kucoin Bildschirm kaufen\" width=\"1418\" height=\"692\" srcset=\"https:\/\/coinkickoff.com\/wp-content\/uploads\/kucoin-buy-crypto.png 1418w, https:\/\/coinkickoff.com\/wp-content\/uploads\/kucoin-buy-crypto-300x146.png 300w, https:\/\/coinkickoff.com\/wp-content\/uploads\/kucoin-buy-crypto-1024x500.png 1024w, https:\/\/coinkickoff.com\/wp-content\/uploads\/kucoin-buy-crypto-768x375.png 768w, https:\/\/coinkickoff.com\/wp-content\/uploads\/kucoin-buy-crypto-18x9.png 18w\" sizes=\"auto, (max-width: 1418px) 100vw, 1418px\" \/><\/p>\n<p><span style=\"font-weight: 400;\">Der Hauptunterschied zwischen einem schnellen Handel und einer Drittanbieter-Transaktion ist die Zahlungsmethode. Beim Schnellhandel k\u00f6nnen Sie Ihre Kreditkarte verwenden, um Litecoin zu kaufen, und bei Drittanbietern k\u00f6nnen Sie Zahlungsprozessoren wie Simplex und Banxa verwenden.<\/span><\/p>\n<h4><span class=\"ez-toc-section\" id=\"Fast_Trade\"><\/span><span style=\"font-weight: 400;\">Schneller Handel<\/span><span class=\"ez-toc-section-end\"><\/span><\/h4>\n<p><span style=\"font-weight: 400;\">Geben Sie den Betrag, den Sie investieren m\u00f6chten, in der Spalte \"Ich m\u00f6chte ausgeben\" ein.<\/span><\/p>\n<h4><img loading=\"lazy\" decoding=\"async\" class=\"alignnone wp-image-3275 size-full\" style=\"font-family: Muli, sans-serif;\" src=\"https:\/\/coinkickoff.com\/wp-content\/uploads\/kucoin-buy-crypto-one-click.png\" alt=\"kucoin mit einem Klick kaufen\" width=\"1421\" height=\"770\" srcset=\"https:\/\/coinkickoff.com\/wp-content\/uploads\/kucoin-buy-crypto-one-click.png 1421w, https:\/\/coinkickoff.com\/wp-content\/uploads\/kucoin-buy-crypto-one-click-300x163.png 300w, https:\/\/coinkickoff.com\/wp-content\/uploads\/kucoin-buy-crypto-one-click-1024x555.png 1024w, https:\/\/coinkickoff.com\/wp-content\/uploads\/kucoin-buy-crypto-one-click-768x416.png 768w, https:\/\/coinkickoff.com\/wp-content\/uploads\/kucoin-buy-crypto-one-click-18x10.png 18w\" sizes=\"auto, (max-width: 1421px) 100vw, 1421px\" \/><\/h4>\n<p><span style=\"font-weight: 400;\">Setzen Sie die Spalte \"Empfangen\" auf Litecoin.<\/span><\/p>\n<p><img loading=\"lazy\" decoding=\"async\" class=\"alignnone wp-image-3276 size-full\" src=\"https:\/\/coinkickoff.com\/wp-content\/uploads\/kucoin-select-paymnet-method.png\" alt=\"wie man Polygon auf Kucoin kauft\" width=\"1424\" height=\"794\" srcset=\"https:\/\/coinkickoff.com\/wp-content\/uploads\/kucoin-select-paymnet-method.png 1424w, https:\/\/coinkickoff.com\/wp-content\/uploads\/kucoin-select-paymnet-method-300x167.png 300w, https:\/\/coinkickoff.com\/wp-content\/uploads\/kucoin-select-paymnet-method-1024x571.png 1024w, https:\/\/coinkickoff.com\/wp-content\/uploads\/kucoin-select-paymnet-method-768x428.png 768w, https:\/\/coinkickoff.com\/wp-content\/uploads\/kucoin-select-paymnet-method-18x10.png 18w\" sizes=\"auto, (max-width: 1424px) 100vw, 1424px\" \/><\/p>\n<p><span style=\"font-weight: 400;\">F\u00fcgen Sie schlie\u00dflich eine Zahlungsmethode hinzu. Wie Sie sehen k\u00f6nnen, haben Sie die M\u00f6glichkeit, eine Debit- oder Kreditkarte zu Ihrem Kucoin-Konto hinzuzuf\u00fcgen. Sobald Sie eine Karte hinzugef\u00fcgt haben, k\u00f6nnen Sie sie f\u00fcr Ihre n\u00e4chsten Eink\u00e4ufe verwenden.<\/span><\/p>\n<p><span style=\"font-weight: 400;\">Geben Sie Ihre Kartendaten ein und klicken Sie auf \"LTC kaufen\". Sie erhalten eine Vorschau auf die Details Ihrer Bestellung, einschlie\u00dflich aller anfallenden Geb\u00fchren. Wenn es gut aussieht, klicken Sie auf \"Best\u00e4tigen\". Ihr Kauf wird dann sofort abgeschlossen.<\/span><\/p>\n<p><span style=\"font-weight: 400;\">Was ist, wenn Sie Ihre Debit-\/Kreditkarte nicht verwenden k\u00f6nnen, um Litecoin \u00fcber Fast Trade zu kaufen? Dies kann aus verschiedenen Gr\u00fcnden geschehen, z. B. aufgrund von Beschr\u00e4nkungen durch Ihre Bank und\/oder aufgrund von Fehlern im Fast Trade.<\/span><\/p>\n<p><span style=\"font-weight: 400;\">Oder Sie f\u00fchlen sich unwohl, wenn Sie Ihre Kartendaten auf Kucoin hinterlassen. Wenn das der Fall ist, k\u00f6nnen Sie sich f\u00fcr den Kauf bei einem Drittanbieter entscheiden.<\/span><\/p>\n<h4><span class=\"ez-toc-section\" id=\"Third-Party\"><\/span><span style=\"font-weight: 400;\">Drittanbieter<\/span><span class=\"ez-toc-section-end\"><\/span><\/h4>\n<p><span style=\"font-weight: 400;\">Der Drittanbieter-Kauf erm\u00f6glicht es Ihnen, Ihren Kauf \u00fcber unabh\u00e4ngige Zahlungskan\u00e4le zu bezahlen. Diese Zahlungskan\u00e4le verkaufen Ihnen Kryptow\u00e4hrungen zu ihren eigenen Kursen, die in der Regel h\u00f6her sind als die Kurse auf dem Spotmarkt, aber den Preisen des schnellen Handels entsprechen.<\/span><\/p>\n<p><img loading=\"lazy\" decoding=\"async\" class=\"alignnone wp-image-3278 size-full\" src=\"https:\/\/coinkickoff.com\/wp-content\/uploads\/kucoin-screenshot.png\" alt=\"Wie man Cardano auf Kucoin kauft wie man polkadot auf kucoin kauft wie man Litecoin auf Kucoin kauft\" width=\"1436\" height=\"673\" srcset=\"https:\/\/coinkickoff.com\/wp-content\/uploads\/kucoin-screenshot.png 1436w, https:\/\/coinkickoff.com\/wp-content\/uploads\/kucoin-screenshot-300x141.png 300w, https:\/\/coinkickoff.com\/wp-content\/uploads\/kucoin-screenshot-1024x480.png 1024w, https:\/\/coinkickoff.com\/wp-content\/uploads\/kucoin-screenshot-768x360.png 768w, https:\/\/coinkickoff.com\/wp-content\/uploads\/kucoin-screenshot-18x8.png 18w\" sizes=\"auto, (max-width: 1436px) 100vw, 1436px\" \/><\/p>\n<p><span style=\"font-weight: 400;\">Der Drittanbieter-Kauf ist sehr einfach zu navigieren: Geben Sie den Betrag ein, den Sie ausgeben m\u00f6chten, und w\u00e4hlen Sie Litecoin als die W\u00e4hrung, die Sie erhalten m\u00f6chten.<\/span><\/p>\n<p><span style=\"font-weight: 400;\">W\u00e4hlen Sie eine Zahlungsmethode und einen Zahlungsanbieter. Klicken Sie auf \"Best\u00e4tigen\", um fortzufahren.<\/span><\/p>\n<p><span style=\"font-weight: 400;\">An dieser Stelle verlassen Sie die Kucoin-Website und gelangen auf die Website des Zahlungsdienstleisters. Wenn Sie bereits ein Konto haben, k\u00f6nnen Sie die Transaktion sofort abschlie\u00dfen. Wenn Sie noch kein Konto haben, k\u00f6nnen Sie es schnell einrichten und Ihre Transaktion abschlie\u00dfen.\u00a0<\/span><\/p>\n<h4><span class=\"ez-toc-section\" id=\"How_to_Buy_Litecoin_with_Crypto\"><\/span><span style=\"font-weight: 400;\">Wie man Litecoin mit Krypto kauft<\/span><span class=\"ez-toc-section-end\"><\/span><\/h4>\n<p><span style=\"font-weight: 400;\">Schlie\u00dflich k\u00f6nnen Sie Litecoin auf dem Kucoin-Spotmarkt mit Kryptow\u00e4hrungen kaufen.\u00a0<\/span><\/p>\n<p><span style=\"font-weight: 400;\">W\u00e4hlen Sie auf Ihrem Dashboard das Men\u00fc \"Handel\" und klicken Sie auf \"Spot Trading\". Auf der Seite werden mehrere Paarungen angezeigt, z. B. BTC\/USDT, ETH\/USDT, <a href=\"https:\/\/coinkickoff.com\/de\/dogecoin-doge\/\" data-internallinksmanager029f6b8e52c=\"14\" title=\"Was ist Dogecoin (DOGE)? Wie funktioniert es und wo kann man es kaufen?\">DOGE<\/a>\/USDT, und so weiter.\u00a0<\/span><\/p>\n<p><span style=\"font-weight: 400;\">Ein erheblicher Teil aller Kryptohandelsgesch\u00e4fte wird in USDT abgewickelt, so dass Sie die meisten coins f\u00fcr USDT kaufen und verkaufen k\u00f6nnen, einschlie\u00dflich Litecoin.\u00a0<\/span><\/p>\n<p><span style=\"font-weight: 400;\">Wenn Sie zum Beispiel Polkadot haben, k\u00f6nnen Sie es nicht direkt gegen Litecoin eintauschen, aber Sie k\u00f6nnen es gegen USDT eintauschen und dann USDT verwenden, um LTC zu kaufen.<\/span><\/p>\n<p><span style=\"font-weight: 400;\">W\u00e4hlen Sie zun\u00e4chst das Handelspaar aus, das Sie umtauschen m\u00f6chten (z. B. LTC\/USDT). F\u00fcllen Sie dann das Bestellformular aus, indem Sie den Betrag von USDT, den Sie f\u00fcr LTC ausgeben m\u00f6chten, anpassen.<\/span><\/p>\n<p><span style=\"font-weight: 400;\">Mit Kucoin k\u00f6nnen Sie \"Market\"- und \"Limit\"-Auftr\u00e4ge erteilen. Anf\u00e4ngern empfehlen wir, eine Market-Order zu w\u00e4hlen. Wenn Sie andere Optionen erkunden m\u00f6chten, erfahren Sie mehr \u00fcber <\/span><a href=\"https:\/\/www.kucoin.com\/support\/900006714063\" target=\"_blank\" rel=\"noopener\"><span style=\"font-weight: 400;\">verschiedene Auftragsarten<\/span><\/a><span style=\"font-weight: 400;\"> bevor Sie fortfahren<\/span><\/p>\n<p><span style=\"font-weight: 400;\">Wenn Sie fertig sind, klicken Sie auf \"Kaufen\".<\/span><\/p>\n<p><span style=\"font-weight: 400;\">Sie kennen jetzt drei verschiedene M\u00f6glichkeiten, Litecoin auf Kucoin zu kaufen! Wenn Ihnen unser \"<\/span><i><span style=\"font-weight: 400;\">Wie man Litecoin auf Kucoin kauft\"<\/span><\/i><span style=\"font-weight: 400;\"> Leitfaden, vielleicht gef\u00e4llt Ihnen auch unser <\/span><a href=\"https:\/\/coinkickoff.com\/de\/crypto-exchanges\/\"><span style=\"font-weight: 400;\">B\u00f6rsenberichte<\/span><\/a><span style=\"font-weight: 400;\"> und <a href=\"https:\/\/coinkickoff.com\/de\/how-to-buy-bitcoin\/\">andere F\u00fchrer<\/a>.<\/span><\/p>","protected":false},"excerpt":{"rendered":"<p>Wie man Litecoin auf Kucoin kauft Wenn Sie eine Anleitung brauchen, wie man Litecoin auf Kucoin kauft, sind Sie am richtigen Ort! Sehen wir uns an, wie man LTC auf Kucoin in ein paar einfachen Schritten kaufen kann. Eine Schritt-f\u00fcr-Schritt-Anleitung, wie man Litecoin auf Kucoin kauft 1. Registrieren Sie ein Konto Gehen Sie zum Kucoin [...]<\/p>","protected":false},"author":3,"featured_media":0,"parent":4392,"menu_order":0,"comment_status":"closed","ping_status":"closed","template":"","meta":{"_genesis_hide_title":false,"_genesis_hide_breadcrumbs":false,"_genesis_hide_singular_image":false,"_genesis_hide_footer_widgets":false,"_genesis_custom_body_class":"","_genesis_custom_post_class":"","_genesis_layout":"","_glsr_average":0,"_glsr_ranking":0,"_glsr_reviews":0,"footnotes":""},"class_list":{"0":"post-4404","1":"page","2":"type-page","3":"status-publish","5":"entry"},"featured_image_src":null,"featured_image_src_square":null,"_links":{"self":[{"href":"https:\/\/coinkickoff.com\/de\/wp-json\/wp\/v2\/pages\/4404","targetHints":{"allow":["GET"]}}],"collection":[{"href":"https:\/\/coinkickoff.com\/de\/wp-json\/wp\/v2\/pages"}],"about":[{"href":"https:\/\/coinkickoff.com\/de\/wp-json\/wp\/v2\/types\/page"}],"author":[{"embeddable":true,"href":"https:\/\/coinkickoff.com\/de\/wp-json\/wp\/v2\/users\/3"}],"replies":[{"embeddable":true,"href":"https:\/\/coinkickoff.com\/de\/wp-json\/wp\/v2\/comments?post=4404"}],"version-history":[{"count":2,"href":"https:\/\/coinkickoff.com\/de\/wp-json\/wp\/v2\/pages\/4404\/revisions"}],"predecessor-version":[{"id":4406,"href":"https:\/\/coinkickoff.com\/de\/wp-json\/wp\/v2\/pages\/4404\/revisions\/4406"}],"up":[{"embeddable":true,"href":"https:\/\/coinkickoff.com\/de\/wp-json\/wp\/v2\/pages\/4392"}],"wp:attachment":[{"href":"https:\/\/coinkickoff.com\/de\/wp-json\/wp\/v2\/media?parent=4404"}],"curies":[{"name":"wp","href":"https:\/\/api.w.org\/{rel}","templated":true}]}}