{"id":4236,"date":"2026-01-08T14:07:08","date_gmt":"2026-01-08T14:07:08","guid":{"rendered":"https:\/\/coinkickoff.com\/?page_id=4236"},"modified":"2026-01-08T14:07:08","modified_gmt":"2026-01-08T14:07:08","slug":"how-to-buy-polkadot-on-gemini","status":"publish","type":"page","link":"https:\/\/coinkickoff.com\/de\/how-to-buy-polkadot\/how-to-buy-polkadot-on-gemini\/","title":{"rendered":"Wie man Polkadot auf Gemini kauft"},"content":{"rendered":"<div id=\"ez-toc-container\" class=\"ez-toc-v2_0_80 counter-hierarchy ez-toc-counter ez-toc-transparent ez-toc-container-direction\">\n<div class=\"ez-toc-title-container\">\n<p class=\"ez-toc-title\" style=\"cursor:inherit\">Rubriken<\/p>\n<span class=\"ez-toc-title-toggle\"><a href=\"#\" class=\"ez-toc-pull-right ez-toc-btn ez-toc-btn-xs ez-toc-btn-default ez-toc-toggle\" aria-label=\"Inhaltsverzeichnis umschalten\"><span class=\"ez-toc-js-icon-con\"><span class=\"\"><span class=\"eztoc-hide\" style=\"display:none;\">Umschalten auf<\/span><span class=\"ez-toc-icon-toggle-span\"><svg style=\"fill: #999;color:#999\" xmlns=\"http:\/\/www.w3.org\/2000\/svg\" class=\"list-377408\" width=\"20px\" height=\"20px\" viewbox=\"0 0 24 24\" fill=\"none\"><path d=\"M6 6H4v2h2V6zm14 0H8v2h12V6zM4 11h2v2H4v-2zm16 0H8v2h12v-2zM4 16h2v2H4v-2zm16 0H8v2h12v-2z\" fill=\"currentColor\"><\/path><\/svg><svg style=\"fill: #999;color:#999\" class=\"arrow-unsorted-368013\" xmlns=\"http:\/\/www.w3.org\/2000\/svg\" width=\"10px\" height=\"10px\" viewbox=\"0 0 24 24\" version=\"1.2\" baseprofile=\"tiny\"><path d=\"M18.2 9.3l-6.2-6.3-6.2 6.3c-.2.2-.3.4-.3.7s.1.5.3.7c.2.2.4.3.7.3h11c.3 0 .5-.1.7-.3.2-.2.3-.5.3-.7s-.1-.5-.3-.7zM5.8 14.7l6.2 6.3 6.2-6.3c.2-.2.3-.5.3-.7s-.1-.5-.3-.7c-.2-.2-.4-.3-.7-.3h-11c-.3 0-.5.1-.7.3-.2.2-.3.5-.3.7s.1.5.3.7z\"\/><\/svg><\/span><\/span><\/span><\/a><\/span><\/div>\n<nav><ul class='ez-toc-list ez-toc-list-level-1 eztoc-toggle-hide-by-default' ><li class='ez-toc-page-1 ez-toc-heading-level-2'><a class=\"ez-toc-link ez-toc-heading-1\" href=\"https:\/\/coinkickoff.com\/de\/how-to-buy-polkadot\/how-to-buy-polkadot-on-gemini\/#How_to_Buy_Polkadot_on_Gemini\" >Wie man Polkadot auf Gemini kauft<\/a><\/li><li class='ez-toc-page-1 ez-toc-heading-level-2'><a class=\"ez-toc-link ez-toc-heading-2\" href=\"https:\/\/coinkickoff.com\/de\/how-to-buy-polkadot\/how-to-buy-polkadot-on-gemini\/#A_Step-By-Step_Guide_on_How_to_Buy_Polkadot_on_Gemini\" >Eine Schritt-f\u00fcr-Schritt-Anleitung zum Kauf von Polkadot auf Gemini<\/a><ul class='ez-toc-list-level-3' ><li class='ez-toc-heading-level-3'><a class=\"ez-toc-link ez-toc-heading-3\" href=\"https:\/\/coinkickoff.com\/de\/how-to-buy-polkadot\/how-to-buy-polkadot-on-gemini\/#1_Register_an_Account_and_Verify_Your_Identity\" >1. Registrieren Sie ein Konto und verifizieren Sie Ihre Identit\u00e4t<\/a><\/li><li class='ez-toc-page-1 ez-toc-heading-level-3'><a class=\"ez-toc-link ez-toc-heading-4\" href=\"https:\/\/coinkickoff.com\/de\/how-to-buy-polkadot\/how-to-buy-polkadot-on-gemini\/#2_Add_a_Payment_Method\" >2. Eine Zahlungsmethode hinzuf\u00fcgen<\/a><\/li><li class='ez-toc-page-1 ez-toc-heading-level-3'><a class=\"ez-toc-link ez-toc-heading-5\" href=\"https:\/\/coinkickoff.com\/de\/how-to-buy-polkadot\/how-to-buy-polkadot-on-gemini\/#3_Navigate_to_the_Relevant_Screen_to_Buy\" >3. Navigieren Sie zum entsprechenden Bildschirm, um zu kaufen<\/a><ul class='ez-toc-list-level-4' ><li class='ez-toc-heading-level-4'><a class=\"ez-toc-link ez-toc-heading-6\" href=\"https:\/\/coinkickoff.com\/de\/how-to-buy-polkadot\/how-to-buy-polkadot-on-gemini\/#Active_Trading\" >Aktiver Handel<\/a><\/li><\/ul><\/li><\/ul><\/li><\/ul><\/nav><\/div>\n<h2><span class=\"ez-toc-section\" id=\"How_to_Buy_Polkadot_on_Gemini\"><\/span><span style=\"font-weight: 400;\">Wie man Polkadot auf Gemini kauft<\/span><span class=\"ez-toc-section-end\"><\/span><\/h2>\n<p><span style=\"font-weight: 400;\">Wenn Sie kaufen m\u00f6chten <a href=\"https:\/\/coinkickoff.com\/de\/polkadot-dot\/\">Polkadot<\/a> (DOT) auf Gemini zu kaufen, sind Sie hier richtig. Folgen Sie unserer dreistufigen Anleitung, um zu erfahren, wie Sie kaufen <a href=\"https:\/\/coinkickoff.com\/de\/polkadot-dot\/\" data-internallinksmanager029f6b8e52c=\"12\" title=\"Was ist Polkadot (DOT)? Wie funktioniert es und wo kann man es kaufen?\">Polkadot<\/a> auf Zwillinge.<\/span><\/p>\n<p><span style=\"font-weight: 400;\">Aber bevor Sie anfangen, lesen Sie bitte unsere <\/span><a href=\"https:\/\/coinkickoff.com\/de\/gemini-review\/\"><span style=\"font-weight: 400;\">\u00dcberpr\u00fcfung der Zwillinge<\/span><\/a><span style=\"font-weight: 400;\">. Die Kunden von Gemini Earn waren <\/span><a href=\"https:\/\/www.bloomberg.com\/news\/articles\/2023-07-07\/winklevoss-s-gemini-crypto-exchange-sues-barry-silbert-and-dcg\" target=\"_blank\" rel=\"noopener\"><span style=\"font-weight: 400;\">abmeldeunf\u00e4hig<\/span><\/a><span style=\"font-weight: 400;\"> Es ist am besten, sich mit der Situation vertraut zu machen, um die Risiken des Besitzes von Kryptow\u00e4hrungen auf Gemini zu verstehen.<\/span><\/p>\n<p><span style=\"font-weight: 400;\">Als N\u00e4chstes erfahren Sie, wie Sie Polkadot auf Gemini kaufen k\u00f6nnen.<\/span><\/p>\n<h2><span class=\"ez-toc-section\" id=\"A_Step-By-Step_Guide_on_How_to_Buy_Polkadot_on_Gemini\"><\/span><span style=\"font-weight: 400;\">Eine Schritt-f\u00fcr-Schritt-Anleitung zum Kauf von Polkadot auf Gemini<\/span><span class=\"ez-toc-section-end\"><\/span><\/h2>\n<h3><span class=\"ez-toc-section\" id=\"1_Register_an_Account_and_Verify_Your_Identity\"><\/span><span style=\"font-weight: 400;\">1. Registrieren Sie ein Konto und verifizieren Sie Ihre Identit\u00e4t<\/span><span class=\"ez-toc-section-end\"><\/span><\/h3>\n<p><span style=\"font-weight: 400;\">Gehen wir zum <\/span><a href=\"https:\/\/gemini.com\" target=\"_blank\" rel=\"noopener\"><span style=\"font-weight: 400;\">Zwillinge<\/span><\/a><span style=\"font-weight: 400;\"> Website und klicken Sie auf \"Anmelden\".<\/span><\/p>\n<p><span style=\"font-weight: 400;\">Bei der Anmeldung werden Sie von Gemini nach einer Reihe von Informationen gefragt, darunter Ihr Familienname, Ihr Geburtsdatum und Ihre Adresse. Sie m\u00fcssen alle Informationen so eingeben, wie sie auf Ihrem Ausweis stehen.<\/span><\/p>\n<p><span style=\"font-weight: 400;\"><img loading=\"lazy\" decoding=\"async\" class=\"alignnone wp-image-3690 size-full\" src=\"https:\/\/coinkickoff.com\/wp-content\/uploads\/Screen-Shot-2023-04-10-at-7.45.50-AM-e1684925675301.png\" alt=\"\" width=\"1439\" height=\"791\" srcset=\"https:\/\/coinkickoff.com\/wp-content\/uploads\/Screen-Shot-2023-04-10-at-7.45.50-AM-e1684925675301.png 1439w, https:\/\/coinkickoff.com\/wp-content\/uploads\/Screen-Shot-2023-04-10-at-7.45.50-AM-e1684925675301-300x165.png 300w, https:\/\/coinkickoff.com\/wp-content\/uploads\/Screen-Shot-2023-04-10-at-7.45.50-AM-e1684925675301-1024x563.png 1024w, https:\/\/coinkickoff.com\/wp-content\/uploads\/Screen-Shot-2023-04-10-at-7.45.50-AM-e1684925675301-768x422.png 768w, https:\/\/coinkickoff.com\/wp-content\/uploads\/Screen-Shot-2023-04-10-at-7.45.50-AM-e1684925675301-18x10.png 18w\" sizes=\"auto, (max-width: 1439px) 100vw, 1439px\" \/><\/span><\/p>\n<p><span style=\"font-weight: 400;\">Klicken Sie auf \"Konto erstellen\", um fortzufahren. <\/span><\/p>\n<p><span style=\"font-weight: 400;\"><img loading=\"lazy\" decoding=\"async\" class=\"alignnone wp-image-3697 size-full\" src=\"https:\/\/coinkickoff.com\/wp-content\/uploads\/Screen-Shot-2023-04-10-at-7.52.01-AM-e1684925865857.png\" alt=\"\" width=\"1274\" height=\"669\" srcset=\"https:\/\/coinkickoff.com\/wp-content\/uploads\/Screen-Shot-2023-04-10-at-7.52.01-AM-e1684925865857.png 1274w, https:\/\/coinkickoff.com\/wp-content\/uploads\/Screen-Shot-2023-04-10-at-7.52.01-AM-e1684925865857-300x158.png 300w, https:\/\/coinkickoff.com\/wp-content\/uploads\/Screen-Shot-2023-04-10-at-7.52.01-AM-e1684925865857-1024x538.png 1024w, https:\/\/coinkickoff.com\/wp-content\/uploads\/Screen-Shot-2023-04-10-at-7.52.01-AM-e1684925865857-768x403.png 768w, https:\/\/coinkickoff.com\/wp-content\/uploads\/Screen-Shot-2023-04-10-at-7.52.01-AM-e1684925865857-18x9.png 18w\" sizes=\"auto, (max-width: 1274px) 100vw, 1274px\" \/><\/span><\/p>\n<p><span style=\"font-weight: 400;\">W\u00e4hlen Sie die Art des Dokuments, das Sie hochladen m\u00f6chten, um Ihre Identit\u00e4t zu \u00fcberpr\u00fcfen. <\/span><\/p>\n<p><span style=\"font-weight: 400;\"><img loading=\"lazy\" decoding=\"async\" class=\"alignnone wp-image-3698 size-full\" src=\"https:\/\/coinkickoff.com\/wp-content\/uploads\/Screen-Shot-2023-04-10-at-7.52.08-AM-e1684925892934.png\" alt=\"\" width=\"1249\" height=\"701\" srcset=\"https:\/\/coinkickoff.com\/wp-content\/uploads\/Screen-Shot-2023-04-10-at-7.52.08-AM-e1684925892934.png 1249w, https:\/\/coinkickoff.com\/wp-content\/uploads\/Screen-Shot-2023-04-10-at-7.52.08-AM-e1684925892934-300x168.png 300w, https:\/\/coinkickoff.com\/wp-content\/uploads\/Screen-Shot-2023-04-10-at-7.52.08-AM-e1684925892934-1024x575.png 1024w, https:\/\/coinkickoff.com\/wp-content\/uploads\/Screen-Shot-2023-04-10-at-7.52.08-AM-e1684925892934-768x431.png 768w, https:\/\/coinkickoff.com\/wp-content\/uploads\/Screen-Shot-2023-04-10-at-7.52.08-AM-e1684925892934-18x10.png 18w, https:\/\/coinkickoff.com\/wp-content\/uploads\/Screen-Shot-2023-04-10-at-7.52.08-AM-e1684925892934-600x338.png 600w\" sizes=\"auto, (max-width: 1249px) 100vw, 1249px\" \/><\/span><\/p>\n<p><span style=\"font-weight: 400;\">Klicken Sie auf den \"Get Secure Link\". Klicken Sie auf Ihrem Handy auf den Link, um die Upload-Seite aufzurufen und die Registrierung abzuschlie\u00dfen. Schlie\u00dfen Sie die Webseite nicht, bevor die \u00dcberpr\u00fcfung abgeschlossen ist.<\/span><\/p>\n<h3><span class=\"ez-toc-section\" id=\"2_Add_a_Payment_Method\"><\/span><span style=\"font-weight: 400;\">2. Eine Zahlungsmethode hinzuf\u00fcgen<\/span><span class=\"ez-toc-section-end\"><\/span><\/h3>\n<p><span style=\"font-weight: 400;\">Klicken Sie auf die Schaltfl\u00e4che \"Konto\" in Ihrem Dashboard und w\u00e4hlen Sie <\/span><a href=\"https:\/\/exchange.gemini.com\/settings\/bank\" target=\"_blank\" rel=\"noopener\"><span style=\"font-weight: 400;\">Zahlungsarten<\/span><\/a><span style=\"font-weight: 400;\">. Als n\u00e4chstes f\u00fcgen Sie eine Zahlungsmethode hinzu.<\/span><\/p>\n<p><span style=\"font-weight: 400;\">Wenn Sie auf \"Manuelles Hinzuf\u00fcgen eines Bankkontos\" klicken, erhalten Sie Anweisungen zur Verbindung Ihres Online-Bankkontos mit Gemini. Inl\u00e4ndische Bank\u00fcberweisungen sind in der Regel geb\u00fchrenfrei, k\u00f6nnen aber bis zu 5 Arbeitstage dauern.\u00a0<\/span><\/p>\n<p><span style=\"font-weight: 400;\">Alternativ k\u00f6nnen Sie auch eine Debitkarte mit Ihrem Konto verbinden, um sofort Krypto-K\u00e4ufe zu t\u00e4tigen. Sobald Sie eine Karte hinzuf\u00fcgen, k\u00f6nnen Sie Polkadot und andere W\u00e4hrungen in wenigen Minuten \u00fcber die Easy Buy-Funktion von Gemini kaufen.<\/span><\/p>\n<p><span style=\"font-weight: 400;\">Debitkartenk\u00e4ufe sind jedoch teurer als Bank\u00fcberweisungen. <\/span><\/p>\n<p><span style=\"font-weight: 400;\"><img loading=\"lazy\" decoding=\"async\" class=\"alignnone wp-image-3699 size-full\" src=\"https:\/\/coinkickoff.com\/wp-content\/uploads\/Screen-Shot-2023-04-10-at-8.05.13-AM-e1684925923198.png\" alt=\"\" width=\"1331\" height=\"680\" srcset=\"https:\/\/coinkickoff.com\/wp-content\/uploads\/Screen-Shot-2023-04-10-at-8.05.13-AM-e1684925923198.png 1331w, https:\/\/coinkickoff.com\/wp-content\/uploads\/Screen-Shot-2023-04-10-at-8.05.13-AM-e1684925923198-300x153.png 300w, https:\/\/coinkickoff.com\/wp-content\/uploads\/Screen-Shot-2023-04-10-at-8.05.13-AM-e1684925923198-1024x523.png 1024w, https:\/\/coinkickoff.com\/wp-content\/uploads\/Screen-Shot-2023-04-10-at-8.05.13-AM-e1684925923198-768x392.png 768w, https:\/\/coinkickoff.com\/wp-content\/uploads\/Screen-Shot-2023-04-10-at-8.05.13-AM-e1684925923198-18x9.png 18w\" sizes=\"auto, (max-width: 1331px) 100vw, 1331px\" \/><\/span><\/p>\n<p><span style=\"font-weight: 400;\">W\u00e4hlen Sie die Methode, die Sie hinzuf\u00fcgen m\u00f6chten, und klicken Sie auf \"Hinzuf\u00fcgen\". Sie k\u00f6nnen mehrere Zahlungsarten hinzuf\u00fcgen.<\/span><\/p>\n<p><span style=\"font-weight: 400;\">Wenn Sie \"Manuelles Bankkonto\" w\u00e4hlen, folgen Sie den Anweisungen auf dem Bildschirm. Um eine Debitkarte hinzuzuf\u00fcgen, folgen Sie den nachstehenden Anweisungen.<\/span><\/p>\n<p><span style=\"font-weight: 400;\"><img loading=\"lazy\" decoding=\"async\" class=\"alignnone wp-image-3700 size-full\" src=\"https:\/\/coinkickoff.com\/wp-content\/uploads\/Screen-Shot-2023-04-10-at-8.07.32-AM-e1684925955355.png\" alt=\"\" width=\"1180\" height=\"759\" srcset=\"https:\/\/coinkickoff.com\/wp-content\/uploads\/Screen-Shot-2023-04-10-at-8.07.32-AM-e1684925955355.png 1180w, https:\/\/coinkickoff.com\/wp-content\/uploads\/Screen-Shot-2023-04-10-at-8.07.32-AM-e1684925955355-300x193.png 300w, https:\/\/coinkickoff.com\/wp-content\/uploads\/Screen-Shot-2023-04-10-at-8.07.32-AM-e1684925955355-1024x659.png 1024w, https:\/\/coinkickoff.com\/wp-content\/uploads\/Screen-Shot-2023-04-10-at-8.07.32-AM-e1684925955355-768x494.png 768w, https:\/\/coinkickoff.com\/wp-content\/uploads\/Screen-Shot-2023-04-10-at-8.07.32-AM-e1684925955355-18x12.png 18w\" sizes=\"auto, (max-width: 1180px) 100vw, 1180px\" \/><\/span><\/p>\n<p><span style=\"font-weight: 400;\">W\u00e4hlen Sie die W\u00e4hrung f\u00fcr Ihre Debitkarte. Gemini unterst\u00fctzt USD, EUR, CAD, AUD, GBP, HKD und SGD.<\/span><\/p>\n<p><span style=\"font-weight: 400;\"><img loading=\"lazy\" decoding=\"async\" class=\"alignnone wp-image-3701 size-full\" src=\"https:\/\/coinkickoff.com\/wp-content\/uploads\/Screen-Shot-2023-04-10-at-8.07.43-AM-e1684925980171.png\" alt=\"\" width=\"1231\" height=\"777\" srcset=\"https:\/\/coinkickoff.com\/wp-content\/uploads\/Screen-Shot-2023-04-10-at-8.07.43-AM-e1684925980171.png 1231w, https:\/\/coinkickoff.com\/wp-content\/uploads\/Screen-Shot-2023-04-10-at-8.07.43-AM-e1684925980171-300x189.png 300w, https:\/\/coinkickoff.com\/wp-content\/uploads\/Screen-Shot-2023-04-10-at-8.07.43-AM-e1684925980171-1024x646.png 1024w, https:\/\/coinkickoff.com\/wp-content\/uploads\/Screen-Shot-2023-04-10-at-8.07.43-AM-e1684925980171-768x485.png 768w, https:\/\/coinkickoff.com\/wp-content\/uploads\/Screen-Shot-2023-04-10-at-8.07.43-AM-e1684925980171-18x12.png 18w\" sizes=\"auto, (max-width: 1231px) 100vw, 1231px\" \/><\/span><\/p>\n<p><span style=\"font-weight: 400;\">F\u00fcgen Sie eine Rechnungsadresse hinzu.<\/span><\/p>\n<p><span style=\"font-weight: 400;\"><img loading=\"lazy\" decoding=\"async\" class=\"alignnone wp-image-3702 size-full\" src=\"https:\/\/coinkickoff.com\/wp-content\/uploads\/Screen-Shot-2023-04-10-at-8.08.21-AM-e1684926023269.png\" alt=\"\" width=\"1206\" height=\"770\" srcset=\"https:\/\/coinkickoff.com\/wp-content\/uploads\/Screen-Shot-2023-04-10-at-8.08.21-AM-e1684926023269.png 1206w, https:\/\/coinkickoff.com\/wp-content\/uploads\/Screen-Shot-2023-04-10-at-8.08.21-AM-e1684926023269-300x192.png 300w, https:\/\/coinkickoff.com\/wp-content\/uploads\/Screen-Shot-2023-04-10-at-8.08.21-AM-e1684926023269-1024x654.png 1024w, https:\/\/coinkickoff.com\/wp-content\/uploads\/Screen-Shot-2023-04-10-at-8.08.21-AM-e1684926023269-768x490.png 768w, https:\/\/coinkickoff.com\/wp-content\/uploads\/Screen-Shot-2023-04-10-at-8.08.21-AM-e1684926023269-18x12.png 18w\" sizes=\"auto, (max-width: 1206px) 100vw, 1206px\" \/><\/span><\/p>\n<p><span style=\"font-weight: 400;\">\u00dcberpr\u00fcfen Sie Ihre Adressdaten.<\/span><\/p>\n<p><span style=\"font-weight: 400;\"><img loading=\"lazy\" decoding=\"async\" class=\"alignnone wp-image-3703 size-full\" src=\"https:\/\/coinkickoff.com\/wp-content\/uploads\/Screen-Shot-2023-04-10-at-8.08.37-AM-e1684926046103.png\" alt=\"\" width=\"1216\" height=\"752\" srcset=\"https:\/\/coinkickoff.com\/wp-content\/uploads\/Screen-Shot-2023-04-10-at-8.08.37-AM-e1684926046103.png 1216w, https:\/\/coinkickoff.com\/wp-content\/uploads\/Screen-Shot-2023-04-10-at-8.08.37-AM-e1684926046103-300x186.png 300w, https:\/\/coinkickoff.com\/wp-content\/uploads\/Screen-Shot-2023-04-10-at-8.08.37-AM-e1684926046103-1024x633.png 1024w, https:\/\/coinkickoff.com\/wp-content\/uploads\/Screen-Shot-2023-04-10-at-8.08.37-AM-e1684926046103-768x475.png 768w, https:\/\/coinkickoff.com\/wp-content\/uploads\/Screen-Shot-2023-04-10-at-8.08.37-AM-e1684926046103-18x12.png 18w\" sizes=\"auto, (max-width: 1216px) 100vw, 1216px\" \/><\/span><\/p>\n<p><span style=\"font-weight: 400;\">Geben Sie Ihre Karteninformationen ein. Bitte beachten Sie, dass nur Debitkarten unterst\u00fctzt werden - Kreditkarten werden abgelehnt.<\/span><\/p>\n<h3><span class=\"ez-toc-section\" id=\"3_Navigate_to_the_Relevant_Screen_to_Buy\"><\/span><span style=\"font-weight: 400;\">3. Navigieren Sie zum entsprechenden Bildschirm, um zu kaufen<\/span><span class=\"ez-toc-section-end\"><\/span><\/h3>\n<p><span style=\"font-weight: 400;\">Klicken Sie in Ihrem Dashboard auf \"Markt\". Geben Sie \"DOT\" in das Feld \"Markt suchen\" ein, um Polkadot zu sehen.<\/span><\/p>\n<p><span style=\"font-weight: 400;\"><img loading=\"lazy\" decoding=\"async\" class=\"alignnone wp-image-3704 size-full\" src=\"https:\/\/coinkickoff.com\/wp-content\/uploads\/Screen-Shot-2023-04-10-at-8.17.54-AM-e1684926106937.png\" alt=\"\" width=\"1393\" height=\"766\" srcset=\"https:\/\/coinkickoff.com\/wp-content\/uploads\/Screen-Shot-2023-04-10-at-8.17.54-AM-e1684926106937.png 1393w, https:\/\/coinkickoff.com\/wp-content\/uploads\/Screen-Shot-2023-04-10-at-8.17.54-AM-e1684926106937-300x165.png 300w, https:\/\/coinkickoff.com\/wp-content\/uploads\/Screen-Shot-2023-04-10-at-8.17.54-AM-e1684926106937-1024x563.png 1024w, https:\/\/coinkickoff.com\/wp-content\/uploads\/Screen-Shot-2023-04-10-at-8.17.54-AM-e1684926106937-768x422.png 768w, https:\/\/coinkickoff.com\/wp-content\/uploads\/Screen-Shot-2023-04-10-at-8.17.54-AM-e1684926106937-18x10.png 18w\" sizes=\"auto, (max-width: 1393px) 100vw, 1393px\" \/><\/span><\/p>\n<p><span style=\"font-weight: 400;\">Wenn Sie auf \"Details anzeigen\" klicken, werden Sie auf die Seite \"Easy Buy\" f\u00fcr Polkadot weitergeleitet. <\/span><\/p>\n<p><img loading=\"lazy\" decoding=\"async\" class=\"alignnone wp-image-3706 size-full\" src=\"https:\/\/coinkickoff.com\/wp-content\/uploads\/Screen-Shot-2023-04-10-at-8.20.19-AM-e1684926155864.png\" alt=\"Wie man Cardano auf Gemini kauft wie man Polygon auf Gemini kauft wie man polkadot auf Gemini kauft\" width=\"1393\" height=\"766\" srcset=\"https:\/\/coinkickoff.com\/wp-content\/uploads\/Screen-Shot-2023-04-10-at-8.20.19-AM-e1684926155864.png 1393w, https:\/\/coinkickoff.com\/wp-content\/uploads\/Screen-Shot-2023-04-10-at-8.20.19-AM-e1684926155864-300x165.png 300w, https:\/\/coinkickoff.com\/wp-content\/uploads\/Screen-Shot-2023-04-10-at-8.20.19-AM-e1684926155864-1024x563.png 1024w, https:\/\/coinkickoff.com\/wp-content\/uploads\/Screen-Shot-2023-04-10-at-8.20.19-AM-e1684926155864-768x422.png 768w, https:\/\/coinkickoff.com\/wp-content\/uploads\/Screen-Shot-2023-04-10-at-8.20.19-AM-e1684926155864-18x10.png 18w\" sizes=\"auto, (max-width: 1393px) 100vw, 1393px\" \/><\/p>\n<p><span style=\"font-weight: 400;\">Sie k\u00f6nnen die Diagramme auf der linken Seite verwenden, um die Preisentwicklung von Polkadot im Laufe der Zeit zu sehen.\u00a0<\/span><\/p>\n<p><span style=\"font-weight: 400;\">Auf der rechten Seite sehen Sie das einfache Kaufformular.\u00a0<\/span><\/p>\n<p><span style=\"font-weight: 400;\">Die Option \"Wie oft?\" ist auf \"Einmal\" eingestellt, aber Sie k\u00f6nnen diese Einstellung \u00e4ndern, um regelm\u00e4\u00dfige automatische Kaufauftr\u00e4ge zu erteilen. Sie k\u00f6nnen zum Beispiel einstellen, dass Gemini jede Woche DOT im Wert von 10 Dollar kauft, um Ihr Portfolio zu entwickeln.<\/span><\/p>\n<p><span style=\"font-weight: 400;\">Um Ihren Kauf abzuschlie\u00dfen, geben Sie den Betrag ein, den Sie in Polkadot investieren m\u00f6chten, und w\u00e4hlen Sie eine Zahlungsmethode.\u00a0<\/span><\/p>\n<p><span style=\"font-weight: 400;\">Klicken Sie auf \"Bestellung \u00fcberpr\u00fcfen\" und sehen Sie sich die Geb\u00fchren an, die Gemini berechnet. Sie sehen dann die Menge an DOT, die Sie erhalten werden. Wenn Sie damit einverstanden sind, klicken Sie auf \"Kaufen\". Beachten Sie, dass die \"Easy Buy\"-Preise eine versteckte \"Spread-Geb\u00fchr\" enthalten, die in der Regel auf den Preis des Verm\u00f6genswerts aufgeschlagen wird.<\/span><\/p>\n<p><span style=\"font-weight: 400;\">Ihre DOT tokens werden zu Ihrer Gemini-Geldb\u00f6rse hinzugef\u00fcgt.<\/span><\/p>\n<h4><span class=\"ez-toc-section\" id=\"Active_Trading\"><\/span><span style=\"font-weight: 400;\">Aktiver Handel<\/span><span class=\"ez-toc-section-end\"><\/span><\/h4>\n<p><span style=\"font-weight: 400;\">Wenn Sie ein Bankkonto hinzugef\u00fcgt und eine Bareinzahlung auf Gemini vorgenommen haben, oder wenn Sie digitale W\u00e4hrungen in Ihrer Gemini-Brieftasche haben, k\u00f6nnen Sie den Spotmarkt nutzen, um Polkadot und andere Kryptow\u00e4hrungen zu kaufen.<\/span><\/p>\n<p><span style=\"font-weight: 400;\">Die Spotmarktpreise sind viel g\u00fcnstiger als bei \"Easy Buy\" und die Geb\u00fchren sind geringer.\u00a0<\/span><\/p>\n<p><span style=\"font-weight: 400;\">Um auf den Spotmarkt zuzugreifen, klicken Sie auf der Seite \"Easy Buy\" auf \"Switch to Active Trader\".\u00a0<\/span><\/p>\n<p><span style=\"font-weight: 400;\">Verwenden Sie die Suchfunktion des Marktes, um nach DOT-Paarungen zu suchen. Wenn Sie keine DOT\/USD- oder DOT\/EUR-Kopplung finden, k\u00f6nnen Sie kaufen <a href=\"https:\/\/coinkickoff.com\/de\/tether-usdt\/\" data-internallinksmanager029f6b8e52c=\"3\" title=\"Was ist Tether (USDT)? Wie funktioniert es und wo kann man es kaufen?\">USDT<\/a> oder <a href=\"https:\/\/coinkickoff.com\/de\/usd-coin-usdc\/\" data-internallinksmanager029f6b8e52c=\"8\" title=\"Was ist USD Coin (USDC)? Wie funktioniert es und wo kann man es kaufen?\">USDC<\/a> mit Ihrer Fiat-W\u00e4hrung und tauschen Sie dann diese token gegen DOT.<\/span><\/p>\n<p><span style=\"font-weight: 400;\">F\u00fcllen Sie das Bestellformular aus, um Ihren Kauf abzuschlie\u00dfen.<\/span><\/p>\n<p><span style=\"font-weight: 400;\">Wenn Ihnen unser \"<\/span><i><span style=\"font-weight: 400;\">Wie man DOT auf Gemini kauft\" <\/span><\/i><span style=\"font-weight: 400;\">Leitfaden zu lesen, sollten Sie sich unseren <\/span><a href=\"https:\/\/coinkickoff.com\/de\/crypto-exchanges\/\"><span style=\"font-weight: 400;\">B\u00f6rsenberichte<\/span><\/a><span style=\"font-weight: 400;\"> und andere Leitf\u00e4den.<\/span><\/p>","protected":false},"excerpt":{"rendered":"<p>Wie man Polkadot auf Gemini kauft Wenn Sie Polkadot (DOT) auf Gemini kaufen m\u00f6chten, sind Sie hier richtig. Folgen Sie unserer Anleitung in drei Schritten, um zu erfahren, wie Sie Polkadot auf Gemini kaufen k\u00f6nnen. Aber bevor Sie anfangen, lesen Sie bitte unsere Gemini-Bewertung. Gemini Earn-Kunden waren nicht in der Lage, ihr Guthaben aus dem [...]<\/p>","protected":false},"author":3,"featured_media":0,"parent":4215,"menu_order":0,"comment_status":"closed","ping_status":"closed","template":"","meta":{"_genesis_hide_title":false,"_genesis_hide_breadcrumbs":false,"_genesis_hide_singular_image":false,"_genesis_hide_footer_widgets":false,"_genesis_custom_body_class":"","_genesis_custom_post_class":"","_genesis_layout":"","_glsr_average":0,"_glsr_ranking":0,"_glsr_reviews":0,"footnotes":""},"class_list":{"0":"post-4236","1":"page","2":"type-page","3":"status-publish","5":"entry"},"featured_image_src":null,"featured_image_src_square":null,"_links":{"self":[{"href":"https:\/\/coinkickoff.com\/de\/wp-json\/wp\/v2\/pages\/4236","targetHints":{"allow":["GET"]}}],"collection":[{"href":"https:\/\/coinkickoff.com\/de\/wp-json\/wp\/v2\/pages"}],"about":[{"href":"https:\/\/coinkickoff.com\/de\/wp-json\/wp\/v2\/types\/page"}],"author":[{"embeddable":true,"href":"https:\/\/coinkickoff.com\/de\/wp-json\/wp\/v2\/users\/3"}],"replies":[{"embeddable":true,"href":"https:\/\/coinkickoff.com\/de\/wp-json\/wp\/v2\/comments?post=4236"}],"version-history":[{"count":2,"href":"https:\/\/coinkickoff.com\/de\/wp-json\/wp\/v2\/pages\/4236\/revisions"}],"predecessor-version":[{"id":4238,"href":"https:\/\/coinkickoff.com\/de\/wp-json\/wp\/v2\/pages\/4236\/revisions\/4238"}],"up":[{"embeddable":true,"href":"https:\/\/coinkickoff.com\/de\/wp-json\/wp\/v2\/pages\/4215"}],"wp:attachment":[{"href":"https:\/\/coinkickoff.com\/de\/wp-json\/wp\/v2\/media?parent=4236"}],"curies":[{"name":"wp","href":"https:\/\/api.w.org\/{rel}","templated":true}]}}