{"id":4172,"date":"2026-01-08T14:07:22","date_gmt":"2026-01-08T14:07:22","guid":{"rendered":"https:\/\/coinkickoff.com\/?page_id=4172"},"modified":"2026-01-08T14:07:22","modified_gmt":"2026-01-08T14:07:22","slug":"__trashed","status":"publish","type":"page","link":"https:\/\/coinkickoff.com\/de\/how-to-buy-ethereum\/__trashed\/","title":{"rendered":"Wie man Ethereum auf Bitfinex kauft"},"content":{"rendered":"<div id=\"ez-toc-container\" class=\"ez-toc-v2_0_80 counter-hierarchy ez-toc-counter ez-toc-transparent ez-toc-container-direction\">\n<div class=\"ez-toc-title-container\">\n<p class=\"ez-toc-title\" style=\"cursor:inherit\">Rubriken<\/p>\n<span class=\"ez-toc-title-toggle\"><a href=\"#\" class=\"ez-toc-pull-right ez-toc-btn ez-toc-btn-xs ez-toc-btn-default ez-toc-toggle\" aria-label=\"Inhaltsverzeichnis umschalten\"><span class=\"ez-toc-js-icon-con\"><span class=\"\"><span class=\"eztoc-hide\" style=\"display:none;\">Umschalten auf<\/span><span class=\"ez-toc-icon-toggle-span\"><svg style=\"fill: #999;color:#999\" xmlns=\"http:\/\/www.w3.org\/2000\/svg\" class=\"list-377408\" width=\"20px\" height=\"20px\" viewbox=\"0 0 24 24\" fill=\"none\"><path d=\"M6 6H4v2h2V6zm14 0H8v2h12V6zM4 11h2v2H4v-2zm16 0H8v2h12v-2zM4 16h2v2H4v-2zm16 0H8v2h12v-2z\" fill=\"currentColor\"><\/path><\/svg><svg style=\"fill: #999;color:#999\" class=\"arrow-unsorted-368013\" xmlns=\"http:\/\/www.w3.org\/2000\/svg\" width=\"10px\" height=\"10px\" viewbox=\"0 0 24 24\" version=\"1.2\" baseprofile=\"tiny\"><path d=\"M18.2 9.3l-6.2-6.3-6.2 6.3c-.2.2-.3.4-.3.7s.1.5.3.7c.2.2.4.3.7.3h11c.3 0 .5-.1.7-.3.2-.2.3-.5.3-.7s-.1-.5-.3-.7zM5.8 14.7l6.2 6.3 6.2-6.3c.2-.2.3-.5.3-.7s-.1-.5-.3-.7c-.2-.2-.4-.3-.7-.3h-11c-.3 0-.5.1-.7.3-.2.2-.3.5-.3.7s.1.5.3.7z\"\/><\/svg><\/span><\/span><\/span><\/a><\/span><\/div>\n<nav><ul class='ez-toc-list ez-toc-list-level-1 eztoc-toggle-hide-by-default' ><li class='ez-toc-page-1 ez-toc-heading-level-1'><a class=\"ez-toc-link ez-toc-heading-1\" href=\"https:\/\/coinkickoff.com\/de\/how-to-buy-ethereum\/__trashed\/#How_to_Buy_Ethereum_on_Bitfinex\" >Wie man Ethereum auf Bitfinex kauft<\/a><ul class='ez-toc-list-level-2' ><li class='ez-toc-heading-level-2'><a class=\"ez-toc-link ez-toc-heading-2\" href=\"https:\/\/coinkickoff.com\/de\/how-to-buy-ethereum\/__trashed\/#A_Step-By-Step_Guide_on_How_to_Buy_Ethereum_on_Bitfinex\" >Eine Schritt-f\u00fcr-Schritt-Anleitung, wie man Ethereum auf Bitfinex kauft<\/a><ul class='ez-toc-list-level-3' ><li class='ez-toc-heading-level-3'><a class=\"ez-toc-link ez-toc-heading-3\" href=\"https:\/\/coinkickoff.com\/de\/how-to-buy-ethereum\/__trashed\/#1_Register_an_Account_on_Bitfinex\" >1. Ein Konto auf Bitfinex registrieren<\/a><\/li><li class='ez-toc-page-1 ez-toc-heading-level-3'><a class=\"ez-toc-link ez-toc-heading-4\" href=\"https:\/\/coinkickoff.com\/de\/how-to-buy-ethereum\/__trashed\/#2_Get_Verified_on_Bitfinex\" >2. Auf Bitfinex verifiziert werden<\/a><\/li><li class='ez-toc-page-1 ez-toc-heading-level-3'><a class=\"ez-toc-link ez-toc-heading-5\" href=\"https:\/\/coinkickoff.com\/de\/how-to-buy-ethereum\/__trashed\/#3_Deposit_FundsCrypto\" >3. Einlagenfonds\/Krypto<\/a><\/li><li class='ez-toc-page-1 ez-toc-heading-level-3'><a class=\"ez-toc-link ez-toc-heading-6\" href=\"https:\/\/coinkickoff.com\/de\/how-to-buy-ethereum\/__trashed\/#4_Navigate_to_the_Relevant_Screen_to_Buy\" >4. Navigieren Sie zum entsprechenden Bildschirm, um zu kaufen<\/a><\/li><\/ul><\/li><\/ul><\/li><\/ul><\/nav><\/div>\n<h1><span class=\"ez-toc-section\" id=\"How_to_Buy_Ethereum_on_Bitfinex\"><\/span><span style=\"font-weight: 400;\">Wie man Ethereum auf Bitfinex kauft<\/span><span class=\"ez-toc-section-end\"><\/span><\/h1>\n<p><span style=\"font-weight: 400;\">M\u00f6chten Sie kaufen <a href=\"https:\/\/coinkickoff.com\/de\/ethereum-eth\/\" data-internallinksmanager029f6b8e52c=\"2\" title=\"Was ist Ethereum (ETH)? Preis, Geschichte und wo zu kaufen\">Ethereum<\/a> auf <a href=\"https:\/\/coinkickoff.com\/de\/bitfinex-review\/\">Bitfinex<\/a>? Wir haben genau den richtigen Leitfaden mit Schritt-f\u00fcr-Schritt-Anleitungen f\u00fcr Sie. Hier erfahren Sie, wie Sie Ethereum kaufen auf <a href=\"https:\/\/coinkickoff.com\/de\/bitfinex-review\/\" data-internallinksmanager029f6b8e52c=\"151\" title=\"Bitfinex Bewertungen 2023: Geb\u00fchren, Funktionen, Sicherheit, Pro &amp; Kontra\">Bitfinex<\/a>.<\/span><\/p>\n<h2><span class=\"ez-toc-section\" id=\"A_Step-By-Step_Guide_on_How_to_Buy_Ethereum_on_Bitfinex\"><\/span><span style=\"font-weight: 400;\">Eine Schritt-f\u00fcr-Schritt-Anleitung, wie man Ethereum auf Bitfinex kauft<\/span><span class=\"ez-toc-section-end\"><\/span><\/h2>\n<h3><span class=\"ez-toc-section\" id=\"1_Register_an_Account_on_Bitfinex\"><\/span><span style=\"font-weight: 400;\">1. Ein Konto auf Bitfinex registrieren<\/span><span class=\"ez-toc-section-end\"><\/span><\/h3>\n<p><span style=\"font-weight: 400;\">F\u00fcr den Anfang ben\u00f6tigen Sie eine <\/span><a href=\"https:\/\/www.bitfinex.com\/sign-up?refcode=kjCYk-CZD\" target=\"_blank\" rel=\"noopener\"><span style=\"font-weight: 400;\">Bitfinex-Konto.<\/span><\/a><\/p>\n<p><img loading=\"lazy\" decoding=\"async\" class=\"alignnone wp-image-3138 size-full\" src=\"https:\/\/coinkickoff.com\/wp-content\/uploads\/bitfinex-exchange.jpg\" alt=\"Bitfinex Exchange Wie man Ethereum auf Bitfinex kauft\" width=\"1876\" height=\"916\" srcset=\"https:\/\/coinkickoff.com\/wp-content\/uploads\/bitfinex-exchange.jpg 1876w, https:\/\/coinkickoff.com\/wp-content\/uploads\/bitfinex-exchange-300x146.jpg 300w, https:\/\/coinkickoff.com\/wp-content\/uploads\/bitfinex-exchange-1024x500.jpg 1024w, https:\/\/coinkickoff.com\/wp-content\/uploads\/bitfinex-exchange-768x375.jpg 768w, https:\/\/coinkickoff.com\/wp-content\/uploads\/bitfinex-exchange-1536x750.jpg 1536w, https:\/\/coinkickoff.com\/wp-content\/uploads\/bitfinex-exchange-18x9.jpg 18w\" sizes=\"auto, (max-width: 1876px) 100vw, 1876px\" \/><\/p>\n<p><span style=\"font-weight: 400;\">Aktivieren Sie nach der Anmeldung die Zwei-Faktor-Authentifizierung, um Ihr Konto zu sichern.<\/span><\/p>\n<p><span style=\"font-weight: 400;\">Sie k\u00f6nnen 2FA nach der ersten Anmeldung deaktivieren, es wird jedoch empfohlen, es aktiviert zu lassen, um Ihr Konto vor Hackern zu sch\u00fctzen.<\/span><\/p>\n<p><span style=\"font-weight: 400;\">Es ist ziemlich einfach, die Zwei-Faktor-Authentifizierung zu aktivieren: W\u00e4hlen Sie eine der angebotenen Methoden und klicken Sie auf \u201cEinrichten\u201d.\u201d<\/span><\/p>\n<p><span style=\"font-weight: 400;\">Nat\u00fcrlich ben\u00f6tigen Sie die Google Authenticator-App, damit es funktioniert. Folgen Sie den Anweisungen auf dem Bildschirm, um fortzufahren. Wenn Sie fertig sind, wird Bitfinex Ihnen eine E-Mail schicken, um zu best\u00e4tigen, dass Sie 2FA aktiviert haben.<\/span><\/p>\n<h3><span class=\"ez-toc-section\" id=\"2_Get_Verified_on_Bitfinex\"><\/span><span style=\"font-weight: 400;\">2. Auf Bitfinex verifiziert werden<\/span><span class=\"ez-toc-section-end\"><\/span><\/h3>\n<p><span style=\"font-weight: 400;\">Der n\u00e4chste Schritt besteht darin, Ihre ID auf der Plattform zu verifizieren. Wie die meisten B\u00f6rsen hat auch Bitfinex einen Standardprozess zur ID-Verifizierung. Um zu beginnen, gehen Sie \u00fcber das Profil-Logo auf Ihrem Dashboard zu Ihrem Profil und w\u00e4hlen Sie \u201cVerifizierung\u201d.\u201d<\/span><\/p>\n<p><span style=\"font-weight: 400;\">Sie m\u00fcssen mindestens eine Verifizierung auf mittlerem Niveau durchf\u00fchren, um digitale Verm\u00f6genswerte wie Ethereum an der B\u00f6rse mit Fiat-Geld zu kaufen. Wenn Sie nat\u00fcrlich nur mit Kryptow\u00e4hrungspaaren handeln m\u00f6chten, zum Beispiel mit <a href=\"https:\/\/coinkickoff.com\/de\/bitcoin-btc\/\" data-internallinksmanager029f6b8e52c=\"1\" title=\"Was ist Bitcoin (BTC)? Preis, Geschichte und wo zu kaufen\">Bitcoin<\/a> f\u00fcr Ethereum, k\u00f6nnen Sie diesen Schritt \u00fcberspringen.<\/span><\/p>\n<p><span style=\"font-weight: 400;\">Die Zwischenverifizierung erm\u00f6glicht es Ihnen, ETH mit einer Kreditkarte \u00fcber Bitfinex Pay Merchants zu kaufen oder Bareinzahlungen \u00fcber SEPA vorzunehmen. Sie k\u00f6nnen Einzahlungen per \u00dcberweisung vornehmen, nachdem Sie die vollst\u00e4ndige Verifizierung abgeschlossen haben.<\/span><\/p>\n<p><span style=\"font-weight: 400;\">Klicken Sie auf \u201cVerifizierung starten\u201d, um fortzufahren.<\/span><\/p>\n<p><span style=\"font-weight: 400;\">Geben Sie den Namen Ihres Wohnsitzlandes ein, um die empfohlenen ID-Typen anzuzeigen. W\u00e4hlen Sie die ID, die Sie einreichen m\u00f6chten, und klicken Sie auf \u201cWeiter\u201d.\u201d<\/span><\/p>\n<p><span style=\"font-weight: 400;\">Sie ben\u00f6tigen ein mobiles Ger\u00e4t, um fortzufahren: Verwenden Sie die Kamera Ihres Handys, um den Code zu scannen und die Upload-Seite zu \u00f6ffnen. Dann k\u00f6nnen Sie die erforderlichen Bilder einreichen.<\/span><\/p>\n<h3><span class=\"ez-toc-section\" id=\"3_Deposit_FundsCrypto\"><\/span><span style=\"font-weight: 400;\">3. Einlagenfonds\/Krypto<\/span><span class=\"ez-toc-section-end\"><\/span><\/h3>\n<p><span style=\"font-weight: 400;\">Jetzt ist es an der Zeit, eine Einzahlung vorzunehmen: Wenn Sie digitale Verm\u00f6genswerte haben, die Sie gegen Ethereum auf Bitfinex handeln m\u00f6chten, m\u00fcssen Sie diese Verm\u00f6genswerte zun\u00e4chst auf Ihr Bitfinex-Konto \u00fcbertragen. W\u00e4hlen Sie \u201cEinzahlung\u201d, um eine Liste der Verm\u00f6genswerte zu sehen, die Sie an die Plattform senden k\u00f6nnen.<\/span><\/p>\n<p><span style=\"font-weight: 400;\">Sobald Sie Ihren Verm\u00f6genswert ausgew\u00e4hlt haben, generiert Bitfinex eine Wallet-Adresse, um Ihre Kryptow\u00e4hrung zu senden. Sobald Sie Ihre Einzahlung abgeschlossen haben, wird Ihr Verm\u00f6gen auf der Registerkarte \u201cGuthaben\u201d angezeigt.<\/span><\/p>\n<h3><span class=\"ez-toc-section\" id=\"4_Navigate_to_the_Relevant_Screen_to_Buy\"><\/span><span style=\"font-weight: 400;\">4. Navigieren Sie zum entsprechenden Bildschirm, um zu kaufen<\/span><span class=\"ez-toc-section-end\"><\/span><\/h3>\n<p><span style=\"font-weight: 400;\">Sie denken vielleicht, dass Sie jetzt, wo Ihre Einzahlung abgeschlossen ist, bereit sind, digitale Verm\u00f6genswerte zu kaufen, aber davor gibt es noch einen weiteren Schritt: Bitfinex sendet Ihre Einzahlung automatisch an Ihre \u201cFunding Wallet\u201d, aber wir wollen sie in unserer \u201cExchange Wallet\u201d.\u201d<\/span><\/p>\n<p><span style=\"font-weight: 400;\">Zum Gl\u00fcck ist das ein einfacher Vorgang: W\u00e4hlen Sie auf der Registerkarte \u201cGuthaben\u201d die Gelder aus, die Sie umtauschen m\u00f6chten, und klicken Sie auf \u201cTransfer\u201d. Sobald sie in der Tauschb\u00f6rse sind, k\u00f6nnen Sie sie gegen Ether tauschen.<\/span><\/p>\n<p><span style=\"font-weight: 400;\">Gehen Sie zun\u00e4chst auf die Registerkarte \u201cHandel\u201d. Wenn Sie nun digitale Verm\u00f6genswerte hinterlegt haben, m\u00f6chten Sie nach dem Ethereum-Markt f\u00fcr diesen Verm\u00f6genswert suchen. Zum Beispiel, wenn Sie haben <a href=\"https:\/\/coinkickoff.com\/de\/tether-usdt\/\" data-internallinksmanager029f6b8e52c=\"3\" title=\"Was ist Tether (USDT)? Wie funktioniert es und wo kann man es kaufen?\">USDT<\/a>, Suche nach ETH\/USDT.\u00a0<\/span><\/p>\n<p><span style=\"font-weight: 400;\">F\u00fcr Fiat-W\u00e4hrungen suchen Sie nach ETH\/USD oder ETH\/EUR-Paarungen. Sobald Sie die gew\u00fcnschte Paarung gefunden haben, klicken Sie darauf, um die Handelsoberfl\u00e4che anzuzeigen.\u00a0<\/span><\/p>\n<p><span style=\"font-weight: 400;\">Geben Sie einfach ein, wie viel Ethereum Sie f\u00fcr Ihr Verm\u00f6gen kaufen m\u00f6chten. Sie k\u00f6nnen den Preis, den Sie zu zahlen bereit sind, manuell anpassen. Sobald das Formular vollst\u00e4ndig ist, klicken Sie auf \u201cExchange Buy\u201d.\u201d<\/span><\/p>\n<p><span style=\"font-weight: 400;\">Und das ist, wie man Ethereum auf Bitfinex kauft. Wenn Sie sich entscheiden, Ethereum an einer anderen B\u00f6rse zu kaufen, k\u00f6nnen Sie sich auch unsere verschiedenen <a href=\"https:\/\/coinkickoff.com\/de\/crypto-exchanges\/\">Exkursionsberichte<\/a> und <a href=\"https:\/\/coinkickoff.com\/de\/how-to-buy-ethereum\/\">Leitf\u00e4den<\/a>.<\/span><\/p>","protected":false},"excerpt":{"rendered":"<p>Wie man Ethereum auf Bitfinex kauft M\u00f6chten Sie Ethereum auf Bitfinex kaufen? Wir haben genau die richtige Anleitung f\u00fcr Sie mit Schritt-f\u00fcr-Schritt-Anweisungen. Hier erfahren Sie, wie Sie Ethereum auf Bitfinex kaufen k\u00f6nnen. Eine Schritt-f\u00fcr-Schritt-Anleitung, wie man Ethereum auf Bitfinex kauft 1. Registrieren Sie ein Konto auf Bitfinex Um zu beginnen, ben\u00f6tigen Sie ein [...]<\/p>","protected":false},"author":3,"featured_media":0,"parent":3937,"menu_order":0,"comment_status":"closed","ping_status":"closed","template":"","meta":{"_genesis_hide_title":false,"_genesis_hide_breadcrumbs":false,"_genesis_hide_singular_image":false,"_genesis_hide_footer_widgets":false,"_genesis_custom_body_class":"","_genesis_custom_post_class":"","_genesis_layout":"","_glsr_average":0,"_glsr_ranking":0,"_glsr_reviews":0,"footnotes":""},"class_list":{"0":"post-4172","1":"page","2":"type-page","3":"status-publish","5":"entry"},"featured_image_src":null,"featured_image_src_square":null,"_links":{"self":[{"href":"https:\/\/coinkickoff.com\/de\/wp-json\/wp\/v2\/pages\/4172","targetHints":{"allow":["GET"]}}],"collection":[{"href":"https:\/\/coinkickoff.com\/de\/wp-json\/wp\/v2\/pages"}],"about":[{"href":"https:\/\/coinkickoff.com\/de\/wp-json\/wp\/v2\/types\/page"}],"author":[{"embeddable":true,"href":"https:\/\/coinkickoff.com\/de\/wp-json\/wp\/v2\/users\/3"}],"replies":[{"embeddable":true,"href":"https:\/\/coinkickoff.com\/de\/wp-json\/wp\/v2\/comments?post=4172"}],"version-history":[{"count":1,"href":"https:\/\/coinkickoff.com\/de\/wp-json\/wp\/v2\/pages\/4172\/revisions"}],"predecessor-version":[{"id":4173,"href":"https:\/\/coinkickoff.com\/de\/wp-json\/wp\/v2\/pages\/4172\/revisions\/4173"}],"up":[{"embeddable":true,"href":"https:\/\/coinkickoff.com\/de\/wp-json\/wp\/v2\/pages\/3937"}],"wp:attachment":[{"href":"https:\/\/coinkickoff.com\/de\/wp-json\/wp\/v2\/media?parent=4172"}],"curies":[{"name":"wp","href":"https:\/\/api.w.org\/{rel}","templated":true}]}}