{"id":4050,"date":"2026-01-08T14:07:40","date_gmt":"2026-01-08T14:07:40","guid":{"rendered":"https:\/\/coinkickoff.com\/?page_id=4050"},"modified":"2026-01-08T14:07:40","modified_gmt":"2026-01-08T14:07:40","slug":"how-to-buy-cardano-on-bybit","status":"publish","type":"page","link":"https:\/\/coinkickoff.com\/de\/how-to-buy-cardano\/how-to-buy-cardano-on-bybit\/","title":{"rendered":"Wie man Cardano auf Bybit kauft"},"content":{"rendered":"<div id=\"ez-toc-container\" class=\"ez-toc-v2_0_80 counter-hierarchy ez-toc-counter ez-toc-transparent ez-toc-container-direction\">\n<div class=\"ez-toc-title-container\">\n<p class=\"ez-toc-title\" style=\"cursor:inherit\">Rubriken<\/p>\n<span class=\"ez-toc-title-toggle\"><a href=\"#\" class=\"ez-toc-pull-right ez-toc-btn ez-toc-btn-xs ez-toc-btn-default ez-toc-toggle\" aria-label=\"Inhaltsverzeichnis umschalten\"><span class=\"ez-toc-js-icon-con\"><span class=\"\"><span class=\"eztoc-hide\" style=\"display:none;\">Umschalten auf<\/span><span class=\"ez-toc-icon-toggle-span\"><svg style=\"fill: #999;color:#999\" xmlns=\"http:\/\/www.w3.org\/2000\/svg\" class=\"list-377408\" width=\"20px\" height=\"20px\" viewbox=\"0 0 24 24\" fill=\"none\"><path d=\"M6 6H4v2h2V6zm14 0H8v2h12V6zM4 11h2v2H4v-2zm16 0H8v2h12v-2zM4 16h2v2H4v-2zm16 0H8v2h12v-2z\" fill=\"currentColor\"><\/path><\/svg><svg style=\"fill: #999;color:#999\" class=\"arrow-unsorted-368013\" xmlns=\"http:\/\/www.w3.org\/2000\/svg\" width=\"10px\" height=\"10px\" viewbox=\"0 0 24 24\" version=\"1.2\" baseprofile=\"tiny\"><path d=\"M18.2 9.3l-6.2-6.3-6.2 6.3c-.2.2-.3.4-.3.7s.1.5.3.7c.2.2.4.3.7.3h11c.3 0 .5-.1.7-.3.2-.2.3-.5.3-.7s-.1-.5-.3-.7zM5.8 14.7l6.2 6.3 6.2-6.3c.2-.2.3-.5.3-.7s-.1-.5-.3-.7c-.2-.2-.4-.3-.7-.3h-11c-.3 0-.5.1-.7.3-.2.2-.3.5-.3.7s.1.5.3.7z\"\/><\/svg><\/span><\/span><\/span><\/a><\/span><\/div>\n<nav><ul class='ez-toc-list ez-toc-list-level-1 eztoc-toggle-hide-by-default' ><li class='ez-toc-page-1 ez-toc-heading-level-1'><a class=\"ez-toc-link ez-toc-heading-1\" href=\"https:\/\/coinkickoff.com\/de\/how-to-buy-cardano\/how-to-buy-cardano-on-bybit\/#How_to_Buy_Cardano_on_Bybit\" >Wie man Cardano auf Bybit kauft<\/a><ul class='ez-toc-list-level-2' ><li class='ez-toc-heading-level-2'><a class=\"ez-toc-link ez-toc-heading-2\" href=\"https:\/\/coinkickoff.com\/de\/how-to-buy-cardano\/how-to-buy-cardano-on-bybit\/#A_Step-By-Step_Guide_on_How_to_Buy_Cardano_on_Bybit\" >Eine Schritt-f\u00fcr-Schritt-Anleitung zum Kauf von Cardano bei Bybit<\/a><ul class='ez-toc-list-level-3' ><li class='ez-toc-heading-level-3'><a class=\"ez-toc-link ez-toc-heading-3\" href=\"https:\/\/coinkickoff.com\/de\/how-to-buy-cardano\/how-to-buy-cardano-on-bybit\/#2_Verify_Your_Account\" >2. \u00dcberpr\u00fcfen Sie Ihr Konto<\/a><\/li><li class='ez-toc-page-1 ez-toc-heading-level-3'><a class=\"ez-toc-link ez-toc-heading-4\" href=\"https:\/\/coinkickoff.com\/de\/how-to-buy-cardano\/how-to-buy-cardano-on-bybit\/#3_Deposit_FundsCrypto\" >3. Einlagenfonds\/Krypto<\/a><\/li><li class='ez-toc-page-1 ez-toc-heading-level-3'><a class=\"ez-toc-link ez-toc-heading-5\" href=\"https:\/\/coinkickoff.com\/de\/how-to-buy-cardano\/how-to-buy-cardano-on-bybit\/#4_Navigate_to_the_Relevant_Screen_to_Buy\" >4. Navigieren Sie zum entsprechenden Bildschirm, um zu kaufen<\/a><\/li><\/ul><\/li><\/ul><\/li><\/ul><\/nav><\/div>\n<h1><span class=\"ez-toc-section\" id=\"How_to_Buy_Cardano_on_Bybit\"><\/span><span style=\"font-weight: 400;\">Wie man Cardano auf Bybit kauft<\/span><span class=\"ez-toc-section-end\"><\/span><\/h1>\n<p><span style=\"font-weight: 400;\">M\u00f6chten Sie erfahren, wie Sie kaufen k\u00f6nnen <a href=\"https:\/\/coinkickoff.com\/de\/kardano-ada\/\" data-internallinksmanager029f6b8e52c=\"9\" title=\"Was ist Cardano (ADA)? Wie funktioniert es und wo kann man es kaufen?\">Cardano<\/a> auf <a href=\"https:\/\/coinkickoff.com\/de\/bybit-review\/\" data-internallinksmanager029f6b8e52c=\"157\" title=\"Bybit Bewertungen 2024: Funktionen, Geb\u00fchren, Sicherheit, Vor- und Nachteile\">Bybit<\/a>? Dann sind Sie hier richtig: Hier erfahren Sie, wie Sie Cardano auf Bybit kaufen k\u00f6nnen, mit detaillierten Anweisungen.<\/span><\/p>\n<h2><span class=\"ez-toc-section\" id=\"A_Step-By-Step_Guide_on_How_to_Buy_Cardano_on_Bybit\"><\/span><span style=\"font-weight: 400;\">Eine Schritt-f\u00fcr-Schritt-Anleitung zum Kauf von Cardano bei Bybit<\/span><span class=\"ez-toc-section-end\"><\/span><\/h2>\n<p><span style=\"font-weight: 400;\">1. Konto registrieren<\/span><\/p>\n<p><span style=\"font-weight: 400;\">Erstellen Sie zun\u00e4chst eine <\/span><a href=\"https:\/\/www.bybit.com\/en-US\/register?irclickid=zLJWgJTKIxyNWiW0o%3AzEUxRnUkAWQmSxHzEAWw0&amp;irgwc=1&amp;srcexid=469064&amp;utmsource=impact&amp;srcplatform=1&amp;Sharedid=\" target=\"_blank\" rel=\"noopener\"><span style=\"font-weight: 400;\">Bybit<\/span><\/a><span style=\"font-weight: 400;\"> Konto.<\/span><\/p>\n<p><img loading=\"lazy\" decoding=\"async\" class=\"alignnone wp-image-3213 size-full\" src=\"https:\/\/coinkickoff.com\/wp-content\/uploads\/bybit-create-account.png\" alt=\"wie man dogecoin auf bybit kaufen Konto erstellen\" width=\"1437\" height=\"723\" srcset=\"https:\/\/coinkickoff.com\/wp-content\/uploads\/bybit-create-account.png 1437w, https:\/\/coinkickoff.com\/wp-content\/uploads\/bybit-create-account-300x151.png 300w, https:\/\/coinkickoff.com\/wp-content\/uploads\/bybit-create-account-1024x515.png 1024w, https:\/\/coinkickoff.com\/wp-content\/uploads\/bybit-create-account-768x386.png 768w, https:\/\/coinkickoff.com\/wp-content\/uploads\/bybit-create-account-18x9.png 18w\" sizes=\"auto, (max-width: 1437px) 100vw, 1437px\" \/><\/p>\n<h3><span class=\"ez-toc-section\" id=\"2_Verify_Your_Account\"><\/span><span style=\"font-weight: 400;\">2. \u00dcberpr\u00fcfen Sie Ihr Konto<\/span><span class=\"ez-toc-section-end\"><\/span><\/h3>\n<p><span style=\"font-weight: 400;\">Die meisten Anf\u00e4nger besitzen keine digitalen Verm\u00f6genswerte, die sie gegen ADA eintauschen k\u00f6nnen, also m\u00fcssen sie es mit Fiat-W\u00e4hrungen wie USD oder EUR kaufen. Und bevor Sie das tun k\u00f6nnen, m\u00fcssen Sie ID-Verifizierung nach Gesetzen und Vorschriften abzuschlie\u00dfen.<\/span><\/p>\n<p><span style=\"font-weight: 400;\">Gehen Sie zun\u00e4chst zu Ihrem \"Profil\" und klicken Sie auf \"Identit\u00e4ts\u00fcberpr\u00fcfung\".<\/span><\/p>\n<h3><span style=\"font-weight: 400;\"><img loading=\"lazy\" decoding=\"async\" class=\"alignnone wp-image-3212 size-full\" style=\"font-family: Muli, sans-serif; font-size: 18px;\" src=\"https:\/\/coinkickoff.com\/wp-content\/uploads\/bybit-identity-verification.png\" alt=\"bybit-Identit\u00e4tspr\u00fcfung\" width=\"1432\" height=\"792\" srcset=\"https:\/\/coinkickoff.com\/wp-content\/uploads\/bybit-identity-verification.png 1432w, https:\/\/coinkickoff.com\/wp-content\/uploads\/bybit-identity-verification-300x166.png 300w, https:\/\/coinkickoff.com\/wp-content\/uploads\/bybit-identity-verification-1024x566.png 1024w, https:\/\/coinkickoff.com\/wp-content\/uploads\/bybit-identity-verification-768x425.png 768w, https:\/\/coinkickoff.com\/wp-content\/uploads\/bybit-identity-verification-18x10.png 18w\" sizes=\"auto, (max-width: 1432px) 100vw, 1432px\" \/><\/span><\/h3>\n<p><span style=\"font-weight: 400;\">Sie m\u00fcssen nur die Verifizierung der Stufe 1 abschlie\u00dfen, um Cardano auf Bybit zu kaufen. Die Verifizierungsanforderungen sind das Hochladen einer offiziellen ID und eines Selfies. Sobald Sie Ihre ID verifiziert haben, k\u00f6nnen Sie Fiat auf Ihr Konto einzahlen oder andere Zahlungsmittel hinzuf\u00fcgen.<\/span><\/p>\n<h3><span class=\"ez-toc-section\" id=\"3_Deposit_FundsCrypto\"><\/span><span style=\"font-weight: 400;\">3. Einlagenfonds\/Krypto<\/span><span class=\"ez-toc-section-end\"><\/span><\/h3>\n<p><span style=\"font-weight: 400;\">Wenn Sie auf die Seite \"Verm\u00f6genswerte\" gehen, k\u00f6nnen Sie digitale W\u00e4hrungen auf Ihr Konto einzahlen. W\u00e4hlen Sie einfach \"Einzahlung\" und suchen Sie die digitale W\u00e4hrung, die Sie auf Bybit \u00fcbertragen m\u00f6chten. Nachdem Sie die Einzahlungsdetails best\u00e4tigt haben, erhalten Sie einen QR-Code f\u00fcr die \u00dcberweisung.<\/span><\/p>\n<p><img loading=\"lazy\" decoding=\"async\" class=\"alignnone wp-image-3215 size-full\" src=\"https:\/\/coinkickoff.com\/wp-content\/uploads\/bybit-crypto-deposit.png\" alt=\"\" width=\"1372\" height=\"659\" srcset=\"https:\/\/coinkickoff.com\/wp-content\/uploads\/bybit-crypto-deposit.png 1372w, https:\/\/coinkickoff.com\/wp-content\/uploads\/bybit-crypto-deposit-300x144.png 300w, https:\/\/coinkickoff.com\/wp-content\/uploads\/bybit-crypto-deposit-1024x492.png 1024w, https:\/\/coinkickoff.com\/wp-content\/uploads\/bybit-crypto-deposit-768x369.png 768w, https:\/\/coinkickoff.com\/wp-content\/uploads\/bybit-crypto-deposit-18x9.png 18w\" sizes=\"auto, (max-width: 1372px) 100vw, 1372px\" \/><\/p>\n<p><span style=\"font-weight: 400;\">Wenn Sie eine Fiat-Einzahlung vornehmen m\u00f6chten (USD, EUR und andere nationale W\u00e4hrungen), gehen Sie zu \"Krypto kaufen\" und klicken Sie auf \"Fiat-Einzahlung\".<\/span><\/p>\n<p><img loading=\"lazy\" decoding=\"async\" class=\"alignnone wp-image-3208 size-full\" src=\"https:\/\/coinkickoff.com\/wp-content\/uploads\/bybit-fiat-deposit.png\" alt=\"bybit fiat Einzahlung\" width=\"1432\" height=\"630\" srcset=\"https:\/\/coinkickoff.com\/wp-content\/uploads\/bybit-fiat-deposit.png 1432w, https:\/\/coinkickoff.com\/wp-content\/uploads\/bybit-fiat-deposit-300x132.png 300w, https:\/\/coinkickoff.com\/wp-content\/uploads\/bybit-fiat-deposit-1024x451.png 1024w, https:\/\/coinkickoff.com\/wp-content\/uploads\/bybit-fiat-deposit-768x338.png 768w, https:\/\/coinkickoff.com\/wp-content\/uploads\/bybit-fiat-deposit-18x8.png 18w\" sizes=\"auto, (max-width: 1432px) 100vw, 1432px\" \/><\/p>\n<p><span style=\"font-weight: 400;\">Geben Sie den Betrag ein, den Sie an Bybit senden m\u00f6chten, und w\u00e4hlen Sie eine \u00dcberweisungsmethode. Klicken Sie auf \"Weiter\" und folgen Sie den Anweisungen, um den Vorgang abzuschlie\u00dfen.<\/span><\/p>\n<p><img loading=\"lazy\" decoding=\"async\" class=\"alignnone wp-image-3209 size-full\" src=\"https:\/\/coinkickoff.com\/wp-content\/uploads\/bybitfiatdeposit2.png\" alt=\"bybit fiat Einzahlung\" width=\"1418\" height=\"783\" srcset=\"https:\/\/coinkickoff.com\/wp-content\/uploads\/bybitfiatdeposit2.png 1418w, https:\/\/coinkickoff.com\/wp-content\/uploads\/bybitfiatdeposit2-300x166.png 300w, https:\/\/coinkickoff.com\/wp-content\/uploads\/bybitfiatdeposit2-1024x565.png 1024w, https:\/\/coinkickoff.com\/wp-content\/uploads\/bybitfiatdeposit2-768x424.png 768w, https:\/\/coinkickoff.com\/wp-content\/uploads\/bybitfiatdeposit2-18x10.png 18w\" sizes=\"auto, (max-width: 1418px) 100vw, 1418px\" \/><\/p>\n<h3><span class=\"ez-toc-section\" id=\"4_Navigate_to_the_Relevant_Screen_to_Buy\"><\/span><span style=\"font-weight: 400;\">4. Navigieren Sie zum entsprechenden Bildschirm, um zu kaufen<\/span><span class=\"ez-toc-section-end\"><\/span><\/h3>\n<p><span style=\"font-weight: 400;\">Jetzt werden wir die Funktion \"One-Click Buy\" verwenden, um ADA mit Ihrer Fiat-Einlage zu kaufen.\u00a0<\/span><\/p>\n<p><img loading=\"lazy\" decoding=\"async\" class=\"alignnone wp-image-3211 size-full\" src=\"https:\/\/coinkickoff.com\/wp-content\/uploads\/bybit-one-click-buy-2.png\" alt=\"bybit one click buy 2 Wie man Shiba Inu auf Bybit kauft Wie man Bitcoin auf Bybit kauft Wie man Cardano auf Bybit kauft \" width=\"1433\" height=\"795\" srcset=\"https:\/\/coinkickoff.com\/wp-content\/uploads\/bybit-one-click-buy-2.png 1433w, https:\/\/coinkickoff.com\/wp-content\/uploads\/bybit-one-click-buy-2-300x166.png 300w, https:\/\/coinkickoff.com\/wp-content\/uploads\/bybit-one-click-buy-2-1024x568.png 1024w, https:\/\/coinkickoff.com\/wp-content\/uploads\/bybit-one-click-buy-2-768x426.png 768w, https:\/\/coinkickoff.com\/wp-content\/uploads\/bybit-one-click-buy-2-18x10.png 18w\" sizes=\"auto, (max-width: 1433px) 100vw, 1433px\" \/><\/p>\n<p><span style=\"font-weight: 400;\">Wie Sie sehen k\u00f6nnen, ist das Bestellformular sehr einfach: Vergessen Sie nicht, in der Spalte \"Empfangen\" Cardano (ADA) anzugeben. Sie k\u00f6nnen Ihr USD-Guthaben als Zahlungsmethode verwenden.<\/span><\/p>\n<p><span style=\"font-weight: 400;\">Klicken Sie auf \"Mit USD kaufen\", um Ihre Bestellung aufzugeben. ADA tokens werden bald in Ihrem Bestand auftauchen.<\/span><\/p>\n<p><span style=\"font-weight: 400;\">Hoffentlich haben wir Ihnen geholfen zu verstehen, wie Sie Cardano auf Bybit kaufen k\u00f6nnen. Wenn Sie erfahren m\u00f6chten, wie Sie Cardano auf <a href=\"https:\/\/coinkickoff.com\/de\/crypto-exchanges\/\">andere B\u00f6rsen<\/a>haben Sie Zugang zu unseren verschiedenen Leitf\u00e4den \u00fcber unser <a href=\"https:\/\/coinkickoff.com\/de\/how-to-buy-cardano\/\">Wie kann ich Cardano kaufen?<\/a> Seite.<\/span><\/p>","protected":false},"excerpt":{"rendered":"<p>Wie man Cardano auf Bybit kauft Wollen Sie herausfinden, wie man Cardano auf Bybit kaufen kann? Dann sind Sie hier richtig: Hier erfahren Sie, wie Sie Cardano auf Bybit kaufen k\u00f6nnen, mit einer detaillierten Anleitung. Eine Schritt-f\u00fcr-Schritt-Anleitung, wie Sie Cardano auf Bybit kaufen k\u00f6nnen 1. Registrieren Sie zun\u00e4chst ein Konto und erstellen Sie ein Bybit-Konto [...]<\/p>","protected":false},"author":3,"featured_media":0,"parent":4010,"menu_order":0,"comment_status":"closed","ping_status":"closed","template":"","meta":{"_genesis_hide_title":false,"_genesis_hide_breadcrumbs":false,"_genesis_hide_singular_image":false,"_genesis_hide_footer_widgets":false,"_genesis_custom_body_class":"","_genesis_custom_post_class":"","_genesis_layout":"","_glsr_average":0,"_glsr_ranking":0,"_glsr_reviews":0,"footnotes":""},"class_list":{"0":"post-4050","1":"page","2":"type-page","3":"status-publish","5":"entry"},"featured_image_src":null,"featured_image_src_square":null,"_links":{"self":[{"href":"https:\/\/coinkickoff.com\/de\/wp-json\/wp\/v2\/pages\/4050","targetHints":{"allow":["GET"]}}],"collection":[{"href":"https:\/\/coinkickoff.com\/de\/wp-json\/wp\/v2\/pages"}],"about":[{"href":"https:\/\/coinkickoff.com\/de\/wp-json\/wp\/v2\/types\/page"}],"author":[{"embeddable":true,"href":"https:\/\/coinkickoff.com\/de\/wp-json\/wp\/v2\/users\/3"}],"replies":[{"embeddable":true,"href":"https:\/\/coinkickoff.com\/de\/wp-json\/wp\/v2\/comments?post=4050"}],"version-history":[{"count":4,"href":"https:\/\/coinkickoff.com\/de\/wp-json\/wp\/v2\/pages\/4050\/revisions"}],"predecessor-version":[{"id":4073,"href":"https:\/\/coinkickoff.com\/de\/wp-json\/wp\/v2\/pages\/4050\/revisions\/4073"}],"up":[{"embeddable":true,"href":"https:\/\/coinkickoff.com\/de\/wp-json\/wp\/v2\/pages\/4010"}],"wp:attachment":[{"href":"https:\/\/coinkickoff.com\/de\/wp-json\/wp\/v2\/media?parent=4050"}],"curies":[{"name":"wp","href":"https:\/\/api.w.org\/{rel}","templated":true}]}}