{"id":4045,"date":"2026-01-08T14:07:39","date_gmt":"2026-01-08T14:07:39","guid":{"rendered":"https:\/\/coinkickoff.com\/?page_id=4045"},"modified":"2026-01-08T14:07:39","modified_gmt":"2026-01-08T14:07:39","slug":"how-to-buy-cardano-on-kucoin","status":"publish","type":"page","link":"https:\/\/coinkickoff.com\/de\/how-to-buy-cardano\/how-to-buy-cardano-on-kucoin\/","title":{"rendered":"Wie man Cardano auf Kucoin kauft"},"content":{"rendered":"<div id=\"ez-toc-container\" class=\"ez-toc-v2_0_80 counter-hierarchy ez-toc-counter ez-toc-transparent ez-toc-container-direction\">\n<div class=\"ez-toc-title-container\">\n<p class=\"ez-toc-title\" style=\"cursor:inherit\">Rubriken<\/p>\n<span class=\"ez-toc-title-toggle\"><a href=\"#\" class=\"ez-toc-pull-right ez-toc-btn ez-toc-btn-xs ez-toc-btn-default ez-toc-toggle\" aria-label=\"Inhaltsverzeichnis umschalten\"><span class=\"ez-toc-js-icon-con\"><span class=\"\"><span class=\"eztoc-hide\" style=\"display:none;\">Umschalten auf<\/span><span class=\"ez-toc-icon-toggle-span\"><svg style=\"fill: #999;color:#999\" xmlns=\"http:\/\/www.w3.org\/2000\/svg\" class=\"list-377408\" width=\"20px\" height=\"20px\" viewbox=\"0 0 24 24\" fill=\"none\"><path d=\"M6 6H4v2h2V6zm14 0H8v2h12V6zM4 11h2v2H4v-2zm16 0H8v2h12v-2zM4 16h2v2H4v-2zm16 0H8v2h12v-2z\" fill=\"currentColor\"><\/path><\/svg><svg style=\"fill: #999;color:#999\" class=\"arrow-unsorted-368013\" xmlns=\"http:\/\/www.w3.org\/2000\/svg\" width=\"10px\" height=\"10px\" viewbox=\"0 0 24 24\" version=\"1.2\" baseprofile=\"tiny\"><path d=\"M18.2 9.3l-6.2-6.3-6.2 6.3c-.2.2-.3.4-.3.7s.1.5.3.7c.2.2.4.3.7.3h11c.3 0 .5-.1.7-.3.2-.2.3-.5.3-.7s-.1-.5-.3-.7zM5.8 14.7l6.2 6.3 6.2-6.3c.2-.2.3-.5.3-.7s-.1-.5-.3-.7c-.2-.2-.4-.3-.7-.3h-11c-.3 0-.5.1-.7.3-.2.2-.3.5-.3.7s.1.5.3.7z\"\/><\/svg><\/span><\/span><\/span><\/a><\/span><\/div>\n<nav><ul class='ez-toc-list ez-toc-list-level-1 eztoc-toggle-hide-by-default' ><li class='ez-toc-page-1 ez-toc-heading-level-1'><a class=\"ez-toc-link ez-toc-heading-1\" href=\"https:\/\/coinkickoff.com\/de\/how-to-buy-cardano\/how-to-buy-cardano-on-kucoin\/#How_to_Buy_Cardano_on_Kucoin\" >Wie man Cardano auf Kucoin kauft<\/a><ul class='ez-toc-list-level-2' ><li class='ez-toc-heading-level-2'><a class=\"ez-toc-link ez-toc-heading-2\" href=\"https:\/\/coinkickoff.com\/de\/how-to-buy-cardano\/how-to-buy-cardano-on-kucoin\/#A_Step-By-Step_Guide_on_How_to_Buy_Cardano_on_Kucoin\" >Eine Schritt-f\u00fcr-Schritt-Anleitung zum Kauf von Cardano auf Kucoin<\/a><ul class='ez-toc-list-level-3' ><li class='ez-toc-heading-level-3'><a class=\"ez-toc-link ez-toc-heading-3\" href=\"https:\/\/coinkickoff.com\/de\/how-to-buy-cardano\/how-to-buy-cardano-on-kucoin\/#1_Register_an_Account\" >1. Konto registrieren<\/a><\/li><li class='ez-toc-page-1 ez-toc-heading-level-3'><a class=\"ez-toc-link ez-toc-heading-4\" href=\"https:\/\/coinkickoff.com\/de\/how-to-buy-cardano\/how-to-buy-cardano-on-kucoin\/#2_Verify_Your_Account\" >2. \u00dcberpr\u00fcfen Sie Ihr Konto<\/a><\/li><li class='ez-toc-page-1 ez-toc-heading-level-3'><a class=\"ez-toc-link ez-toc-heading-5\" href=\"https:\/\/coinkickoff.com\/de\/how-to-buy-cardano\/how-to-buy-cardano-on-kucoin\/#3_Deposit_Crypto\" >3. Krypto einzahlen<\/a><\/li><li class='ez-toc-page-1 ez-toc-heading-level-3'><a class=\"ez-toc-link ez-toc-heading-6\" href=\"https:\/\/coinkickoff.com\/de\/how-to-buy-cardano\/how-to-buy-cardano-on-kucoin\/#4_Navigate_to_the_Relevant_Screen_to_Buy\" >4. Navigieren Sie zum entsprechenden Bildschirm, um zu kaufen<\/a><ul class='ez-toc-list-level-4' ><li class='ez-toc-heading-level-4'><a class=\"ez-toc-link ez-toc-heading-7\" href=\"https:\/\/coinkickoff.com\/de\/how-to-buy-cardano\/how-to-buy-cardano-on-kucoin\/#Fast_Trade_allows_you_to_buy_ADA_with_credit_and_debit_cards_and_Third-party_buy_supports_payment_channels_such_as_Banxa_and_Simplex\" >Fast Trade erm\u00f6glicht es Ihnen, ADA mit Kredit- und Debitkarten zu kaufen, und Third-party buy unterst\u00fctzt Zahlungskan\u00e4le wie Banxa und Simplex.\u00a0<\/a><\/li><li class='ez-toc-page-1 ez-toc-heading-level-4'><a class=\"ez-toc-link ez-toc-heading-8\" href=\"https:\/\/coinkickoff.com\/de\/how-to-buy-cardano\/how-to-buy-cardano-on-kucoin\/#P2P_is_a_peer_network_where_you_can_use_bank_transfers_to_buy_digital_currencies_however_its_not_possible_to_buy_ADA_with_this_option\" >P2P ist ein Peer-Netzwerk, in dem Sie mit Bank\u00fcberweisungen digitale W\u00e4hrungen kaufen k\u00f6nnen. Es ist jedoch nicht m\u00f6glich, ADA mit dieser Option zu kaufen.<\/a><\/li><li class='ez-toc-page-1 ez-toc-heading-level-4'><a class=\"ez-toc-link ez-toc-heading-9\" href=\"https:\/\/coinkickoff.com\/de\/how-to-buy-cardano\/how-to-buy-cardano-on-kucoin\/#Fast_Trade\" >Schneller Handel<\/a><\/li><li class='ez-toc-page-1 ez-toc-heading-level-4'><a class=\"ez-toc-link ez-toc-heading-10\" href=\"https:\/\/coinkickoff.com\/de\/how-to-buy-cardano\/how-to-buy-cardano-on-kucoin\/#Third-Party\" >Drittanbieter<\/a><\/li><\/ul><\/li><\/ul><\/li><\/ul><\/li><\/ul><\/nav><\/div>\n<h1><span class=\"ez-toc-section\" id=\"How_to_Buy_Cardano_on_Kucoin\"><\/span><span style=\"font-weight: 400;\">Wie man Cardano auf Kucoin kauft<\/span><span class=\"ez-toc-section-end\"><\/span><\/h1>\n<p><span style=\"font-weight: 400;\">Wenn Sie noch nicht verwendet haben <a href=\"https:\/\/coinkickoff.com\/de\/kucoin-review\/\" data-internallinksmanager029f6b8e52c=\"153\" title=\"KuCoin Bewertungen 2023: Geb\u00fchren, Sicherheit, Pro &amp; Contra\">Kucoin<\/a> zu kaufen <a href=\"https:\/\/coinkickoff.com\/de\/kardano-ada\/\" data-internallinksmanager029f6b8e52c=\"9\" title=\"Was ist Cardano (ADA)? Wie funktioniert es und wo kann man es kaufen?\">Cardano<\/a> (ADA) gekauft haben, wissen Sie vielleicht nicht, wie Sie vorgehen sollen. Aber keine Sorge: Wir zeigen Ihnen, wie Sie Cardano kaufen k\u00f6nnen auf <\/span><a href=\"https:\/\/coinkickoff.com\/de\/kucoin-review\/\"><span style=\"font-weight: 400;\">Kucoin<\/span><\/a><span style=\"font-weight: 400;\"> mit schrittweiser Anleitung.<\/span><\/p>\n<h2><span class=\"ez-toc-section\" id=\"A_Step-By-Step_Guide_on_How_to_Buy_Cardano_on_Kucoin\"><\/span><span style=\"font-weight: 400;\">Eine Schritt-f\u00fcr-Schritt-Anleitung zum Kauf von Cardano auf Kucoin<\/span><span class=\"ez-toc-section-end\"><\/span><\/h2>\n<h3><span class=\"ez-toc-section\" id=\"1_Register_an_Account\"><\/span><span style=\"font-weight: 400;\">1. Konto registrieren<\/span><span class=\"ez-toc-section-end\"><\/span><\/h3>\n<p><img loading=\"lazy\" decoding=\"async\" class=\"alignnone wp-image-3269 size-full\" src=\"https:\/\/coinkickoff.com\/wp-content\/uploads\/kucoin-register.png\" alt=\"doge kaufen auf kucoin registrieren\" width=\"1421\" height=\"788\" srcset=\"https:\/\/coinkickoff.com\/wp-content\/uploads\/kucoin-register.png 1421w, https:\/\/coinkickoff.com\/wp-content\/uploads\/kucoin-register-300x166.png 300w, https:\/\/coinkickoff.com\/wp-content\/uploads\/kucoin-register-1024x568.png 1024w, https:\/\/coinkickoff.com\/wp-content\/uploads\/kucoin-register-768x426.png 768w, https:\/\/coinkickoff.com\/wp-content\/uploads\/kucoin-register-18x10.png 18w\" sizes=\"auto, (max-width: 1421px) 100vw, 1421px\" \/><\/p>\n<p><span style=\"font-weight: 400;\">Sie brauchen eine <\/span><a href=\"https:\/\/www.kucoin.com\/r\/af\/rMJPV3B\" target=\"_blank\" rel=\"noopener\"><span style=\"font-weight: 400;\">Kucoin<\/span><\/a><span style=\"font-weight: 400;\"> Um ADA auf der Plattform zu kaufen, m\u00fcssen Sie sich zun\u00e4chst mit Ihrer E-Mail-Adresse und Ihrem Passwort anmelden.<\/span><\/p>\n<h3><span class=\"ez-toc-section\" id=\"2_Verify_Your_Account\"><\/span><span style=\"font-weight: 400;\">2. \u00dcberpr\u00fcfen Sie Ihr Konto<\/span><span class=\"ez-toc-section-end\"><\/span><\/h3>\n<p><span style=\"font-weight: 400;\">Nachdem Sie sich angemeldet haben, k\u00f6nnen Sie mit dem Verifizierungsprozess beginnen. Wie die meisten anderen globalen B\u00f6rsen erlaubt Kucoin H\u00e4ndlern den Austausch von digitalen Verm\u00f6genswerten auf der Plattform ohne ID-Verifizierung, aber wenn Sie noch keine digitalen Verm\u00f6genswerte besitzen, m\u00fcssen Sie diesen Schritt abschlie\u00dfen, um ADA auf der Plattform zu kaufen.<\/span><\/p>\n<p><span style=\"font-weight: 400;\">Der Vorgang ist ganz einfach: W\u00e4hlen Sie auf Ihrer Profilseite die Registerkarte \"Identit\u00e4ts\u00fcberpr\u00fcfung\".\u00a0<\/span><\/p>\n<p><img loading=\"lazy\" decoding=\"async\" class=\"alignnone wp-image-3272 size-full\" src=\"https:\/\/coinkickoff.com\/wp-content\/uploads\/kucoin-identity-verification.png\" alt=\"kucoin id \u00dcberpr\u00fcfung 1\" width=\"1420\" height=\"785\" srcset=\"https:\/\/coinkickoff.com\/wp-content\/uploads\/kucoin-identity-verification.png 1420w, https:\/\/coinkickoff.com\/wp-content\/uploads\/kucoin-identity-verification-300x166.png 300w, https:\/\/coinkickoff.com\/wp-content\/uploads\/kucoin-identity-verification-1024x566.png 1024w, https:\/\/coinkickoff.com\/wp-content\/uploads\/kucoin-identity-verification-768x425.png 768w, https:\/\/coinkickoff.com\/wp-content\/uploads\/kucoin-identity-verification-18x10.png 18w\" sizes=\"auto, (max-width: 1420px) 100vw, 1420px\" \/><\/p>\n<p><span style=\"font-weight: 400;\">Sie haben Zugang zu den grundlegenden Funktionen, aber Fiat-Einzahlungen z\u00e4hlen zu den fortgeschrittenen Funktionen, so dass Sie Ihre ID verifizieren m\u00fcssen, um sie zu erm\u00f6glichen.<\/span><\/p>\n<p><img loading=\"lazy\" decoding=\"async\" class=\"alignnone wp-image-3270 size-full\" src=\"https:\/\/coinkickoff.com\/wp-content\/uploads\/kucoin-id-verification-2.png\" alt=\"kucoin Identit\u00e4tspr\u00fcfung 2\" width=\"1407\" height=\"706\" srcset=\"https:\/\/coinkickoff.com\/wp-content\/uploads\/kucoin-id-verification-2.png 1407w, https:\/\/coinkickoff.com\/wp-content\/uploads\/kucoin-id-verification-2-300x151.png 300w, https:\/\/coinkickoff.com\/wp-content\/uploads\/kucoin-id-verification-2-1024x514.png 1024w, https:\/\/coinkickoff.com\/wp-content\/uploads\/kucoin-id-verification-2-768x385.png 768w, https:\/\/coinkickoff.com\/wp-content\/uploads\/kucoin-id-verification-2-18x9.png 18w\" sizes=\"auto, (max-width: 1407px) 100vw, 1407px\" \/><\/p>\n<p><span style=\"font-weight: 400;\">Kucoin hat ein dreistufiges Verfahren: pers\u00f6nliche Angaben, \u00dcberpr\u00fcfung der Identit\u00e4t durch einen amtlichen Ausweis und Gesichtserkennung, um sicherzustellen, dass Sie der Besitzer des Ausweises sind.<\/span><\/p>\n<p><img loading=\"lazy\" decoding=\"async\" class=\"alignnone wp-image-3271 size-full\" src=\"https:\/\/coinkickoff.com\/wp-content\/uploads\/kucoin-id-verification-3.png\" alt=\"kucoin id \u00dcberpr\u00fcfung 3 \" width=\"1412\" height=\"789\" srcset=\"https:\/\/coinkickoff.com\/wp-content\/uploads\/kucoin-id-verification-3.png 1412w, https:\/\/coinkickoff.com\/wp-content\/uploads\/kucoin-id-verification-3-300x168.png 300w, https:\/\/coinkickoff.com\/wp-content\/uploads\/kucoin-id-verification-3-1024x572.png 1024w, https:\/\/coinkickoff.com\/wp-content\/uploads\/kucoin-id-verification-3-768x429.png 768w, https:\/\/coinkickoff.com\/wp-content\/uploads\/kucoin-id-verification-3-18x10.png 18w\" sizes=\"auto, (max-width: 1412px) 100vw, 1412px\" \/><\/p>\n<p><span style=\"font-weight: 400;\">Schlie\u00dfen Sie alle drei Schritte ab, um Ihre Identit\u00e4t zu \u00fcberpr\u00fcfen, und Sie k\u00f6nnen mit der Einzahlung auf Ihr Konto fortfahren.<\/span><\/p>\n<h3><span class=\"ez-toc-section\" id=\"3_Deposit_Crypto\"><\/span><span style=\"font-weight: 400;\">3. Krypto einzahlen<\/span><span class=\"ez-toc-section-end\"><\/span><\/h3>\n<p><span style=\"font-weight: 400;\">Derzeit k\u00f6nnen Sie kein Bargeld per Bank\u00fcberweisung an Kucoin senden, aber Sie k\u00f6nnen trotzdem Kryptow\u00e4hrungen auf der Plattform einzahlen. Wenn das keine Option f\u00fcr Sie ist, gehen Sie zum n\u00e4chsten Abschnitt, wo wir erkl\u00e4ren, wie man Cardano auf Kucoin mit Fiat-Geld kaufen kann.<\/span><\/p>\n<p><span style=\"font-weight: 400;\">Wenn Sie digitale Verm\u00f6genswerte haben, die Sie gegen ADA eintauschen m\u00f6chten, m\u00fcssen Sie diese zuerst auf Kucoin \u00fcbertragen. Gehen Sie dazu auf Ihre \"Assets\"-Seite und w\u00e4hlen Sie \"Deposit\".<\/span><\/p>\n<p><img loading=\"lazy\" decoding=\"async\" class=\"alignnone wp-image-3273 size-full\" src=\"https:\/\/coinkickoff.com\/wp-content\/uploads\/kucoin-deposit.png\" alt=\"kucoin Einlagemittel 1\" width=\"1427\" height=\"758\" srcset=\"https:\/\/coinkickoff.com\/wp-content\/uploads\/kucoin-deposit.png 1427w, https:\/\/coinkickoff.com\/wp-content\/uploads\/kucoin-deposit-300x159.png 300w, https:\/\/coinkickoff.com\/wp-content\/uploads\/kucoin-deposit-1024x544.png 1024w, https:\/\/coinkickoff.com\/wp-content\/uploads\/kucoin-deposit-768x408.png 768w, https:\/\/coinkickoff.com\/wp-content\/uploads\/kucoin-deposit-18x10.png 18w\" sizes=\"auto, (max-width: 1427px) 100vw, 1427px\" \/><\/p>\n<p><span style=\"font-weight: 400;\">W\u00e4hlen Sie den digitalen Verm\u00f6genswert, den Sie in Ihre Kucoin-Brieftasche \u00fcbertragen m\u00f6chten. Nehmen wir zum Beispiel an, Sie haben einige <a href=\"https:\/\/coinkickoff.com\/de\/bitcoin-btc\/\" data-internallinksmanager029f6b8e52c=\"1\" title=\"Was ist Bitcoin (BTC)? Preis, Geschichte und wo zu kaufen\">BTC<\/a> die Sie auf der Plattform einzahlen m\u00f6chten. W\u00e4hlen Sie BTC aus der Liste und kopieren Sie die Wallet-Adresse, die Kucoin angibt.<\/span><\/p>\n<p><span style=\"font-weight: 400;\">Dies ist Ihre einzigartige BTC-Brieftaschenadresse auf der Kucoin-Plattform. Sie k\u00f6nnen die Adresse verwenden, um Ihre BTC auf Kucoin zu \u00fcbertragen.\u00a0<\/span><\/p>\n<h3><span class=\"ez-toc-section\" id=\"4_Navigate_to_the_Relevant_Screen_to_Buy\"><\/span><span style=\"font-weight: 400;\">4. Navigieren Sie zum entsprechenden Bildschirm, um zu kaufen<\/span><span class=\"ez-toc-section-end\"><\/span><\/h3>\n<p><span style=\"font-weight: 400;\">Klicken Sie auf die Registerkarte \"Krypto kaufen\" in Ihrem Dashboard.\u00a0<\/span><\/p>\n<p><img loading=\"lazy\" decoding=\"async\" class=\"alignnone wp-image-3274 size-full\" src=\"https:\/\/coinkickoff.com\/wp-content\/uploads\/kucoin-buy-crypto.png\" alt=\"kucoin Bildschirm kaufen\" width=\"1418\" height=\"692\" srcset=\"https:\/\/coinkickoff.com\/wp-content\/uploads\/kucoin-buy-crypto.png 1418w, https:\/\/coinkickoff.com\/wp-content\/uploads\/kucoin-buy-crypto-300x146.png 300w, https:\/\/coinkickoff.com\/wp-content\/uploads\/kucoin-buy-crypto-1024x500.png 1024w, https:\/\/coinkickoff.com\/wp-content\/uploads\/kucoin-buy-crypto-768x375.png 768w, https:\/\/coinkickoff.com\/wp-content\/uploads\/kucoin-buy-crypto-18x9.png 18w\" sizes=\"auto, (max-width: 1418px) 100vw, 1418px\" \/><\/p>\n<h4><span class=\"ez-toc-section\" id=\"Fast_Trade_allows_you_to_buy_ADA_with_credit_and_debit_cards_and_Third-party_buy_supports_payment_channels_such_as_Banxa_and_Simplex\"><\/span><span style=\"font-weight: 400;\">Fast Trade erm\u00f6glicht es Ihnen, ADA mit Kredit- und Debitkarten zu kaufen, und Third-party buy unterst\u00fctzt Zahlungskan\u00e4le wie Banxa und Simplex.\u00a0<\/span><span class=\"ez-toc-section-end\"><\/span><\/h4>\n<h4><span class=\"ez-toc-section\" id=\"P2P_is_a_peer_network_where_you_can_use_bank_transfers_to_buy_digital_currencies_however_its_not_possible_to_buy_ADA_with_this_option\"><\/span><span style=\"font-weight: 400;\">P2P ist ein Peer-Netzwerk, in dem Sie mit Bank\u00fcberweisungen digitale W\u00e4hrungen kaufen k\u00f6nnen. Es ist jedoch nicht m\u00f6glich, ADA mit dieser Option zu kaufen.<\/span><span class=\"ez-toc-section-end\"><\/span><\/h4>\n<h4><span class=\"ez-toc-section\" id=\"Fast_Trade\"><\/span><span style=\"font-weight: 400;\">Schneller Handel<\/span><span class=\"ez-toc-section-end\"><\/span><\/h4>\n<p><span style=\"font-weight: 400;\">Bei Fast Trade k\u00f6nnen Sie ADA mit Visa- und Mastercard-Debit- und -Kreditkarten sowie mit verschiedenen anderen Optionen wie SEPA und Paypal kaufen. F\u00fcllen Sie einfach das Bestellformular aus, w\u00e4hlen Sie ADA aus der Liste und w\u00e4hlen Sie eine Zahlungsmethode.\u00a0<\/span><\/p>\n<p><img loading=\"lazy\" decoding=\"async\" class=\"alignnone wp-image-3275 size-full\" src=\"https:\/\/coinkickoff.com\/wp-content\/uploads\/kucoin-buy-crypto-one-click.png\" alt=\"kucoin mit einem Klick kaufen\" width=\"1421\" height=\"770\" srcset=\"https:\/\/coinkickoff.com\/wp-content\/uploads\/kucoin-buy-crypto-one-click.png 1421w, https:\/\/coinkickoff.com\/wp-content\/uploads\/kucoin-buy-crypto-one-click-300x163.png 300w, https:\/\/coinkickoff.com\/wp-content\/uploads\/kucoin-buy-crypto-one-click-1024x555.png 1024w, https:\/\/coinkickoff.com\/wp-content\/uploads\/kucoin-buy-crypto-one-click-768x416.png 768w, https:\/\/coinkickoff.com\/wp-content\/uploads\/kucoin-buy-crypto-one-click-18x10.png 18w\" sizes=\"auto, (max-width: 1421px) 100vw, 1421px\" \/><\/p>\n<p><span style=\"font-weight: 400;\">Wenn Sie mit einer Kredit- oder Debitkarte bezahlen m\u00f6chten, m\u00fcssen Sie Ihre Kartendaten eingeben, bevor Sie fortfahren k\u00f6nnen.<\/span><\/p>\n<p><img loading=\"lazy\" decoding=\"async\" class=\"alignnone wp-image-3276 size-full\" src=\"https:\/\/coinkickoff.com\/wp-content\/uploads\/kucoin-select-paymnet-method.png\" alt=\"\" width=\"1424\" height=\"794\" srcset=\"https:\/\/coinkickoff.com\/wp-content\/uploads\/kucoin-select-paymnet-method.png 1424w, https:\/\/coinkickoff.com\/wp-content\/uploads\/kucoin-select-paymnet-method-300x167.png 300w, https:\/\/coinkickoff.com\/wp-content\/uploads\/kucoin-select-paymnet-method-1024x571.png 1024w, https:\/\/coinkickoff.com\/wp-content\/uploads\/kucoin-select-paymnet-method-768x428.png 768w, https:\/\/coinkickoff.com\/wp-content\/uploads\/kucoin-select-paymnet-method-18x10.png 18w\" sizes=\"auto, (max-width: 1424px) 100vw, 1424px\" \/><\/p>\n<p><span style=\"font-weight: 400;\">Weitere Optionen sind Zelle, <a href=\"https:\/\/coinkickoff.com\/de\/uphold-review\/\" data-internallinksmanager029f6b8e52c=\"156\" title=\"Uphold Bewertungen 2023: Geb\u00fchren, Eigenschaften, Sicherheit, Pro &amp; Kontra\">aufrechterhalten.<\/a>Advcash, und Payeer. Sobald Sie Ihre Zahlungsmethode festgelegt haben, klicken Sie auf die Schaltfl\u00e4che \"ADA kaufen\". Sie werden eine Bestellvorschau sehen, die zusammenfasst, wie viel ADA Sie erhalten werden und alle anfallenden Geb\u00fchren.\u00a0\u00a0<\/span><\/p>\n<p><span style=\"font-weight: 400;\">Best\u00e4tigen Sie Ihre Bestellung, und Ihre ADA tokens werden in wenigen Minuten in Ihrer Brieftasche auftauchen.<\/span><\/p>\n<h4><span class=\"ez-toc-section\" id=\"Third-Party\"><\/span><span style=\"font-weight: 400;\">Drittanbieter<\/span><span class=\"ez-toc-section-end\"><\/span><\/h4>\n<p><img loading=\"lazy\" decoding=\"async\" class=\"alignnone wp-image-3278 size-full\" src=\"https:\/\/coinkickoff.com\/wp-content\/uploads\/kucoin-screenshot.png\" alt=\"Wie man Cardano auf Kucoin kauft\" width=\"1436\" height=\"673\" srcset=\"https:\/\/coinkickoff.com\/wp-content\/uploads\/kucoin-screenshot.png 1436w, https:\/\/coinkickoff.com\/wp-content\/uploads\/kucoin-screenshot-300x141.png 300w, https:\/\/coinkickoff.com\/wp-content\/uploads\/kucoin-screenshot-1024x480.png 1024w, https:\/\/coinkickoff.com\/wp-content\/uploads\/kucoin-screenshot-768x360.png 768w, https:\/\/coinkickoff.com\/wp-content\/uploads\/kucoin-screenshot-18x8.png 18w\" sizes=\"auto, (max-width: 1436px) 100vw, 1436px\" \/><\/p>\n<p><span style=\"font-weight: 400;\">Wenn Sie bereits einen Drittanbieter-Zahlungskanal nutzen wie <\/span><a href=\"https:\/\/banxa.com\/case-study\/kucoin\/\" target=\"_blank\" rel=\"noopener\"><span style=\"font-weight: 400;\">Banxa<\/span><\/a><span style=\"font-weight: 400;\"> oder <\/span><a href=\"https:\/\/www.simplex.com\" target=\"_blank\" rel=\"noopener\"><span style=\"font-weight: 400;\">Simplex<\/span><\/a><span style=\"font-weight: 400;\">kann dies eine praktische Option sein. Wenn Sie noch kein Simplex- oder Banxa-Konto haben, k\u00f6nnen Sie bei der Bestellung ein Konto einrichten.<\/span><\/p>\n<p><span style=\"font-weight: 400;\">Beginnen Sie mit dem Ausf\u00fcllen des Bestellformulars: W\u00e4hlen Sie ADA als Ihr gew\u00fcnschtes Produkt, geben Sie den Betrag ein, den Sie ausgeben m\u00f6chten, und w\u00e4hlen Sie eine Zahlungsmethode und einen Zahlungsweg.<\/span><\/p>\n<p><span style=\"font-weight: 400;\">Bevor Sie mit Ihrer Bestellung fortfahren k\u00f6nnen, werden alle Geb\u00fchren angezeigt.\u00a0<\/span><\/p>\n<p><span style=\"font-weight: 400;\">Sobald Sie auf \"Kaufen\" klicken, werden Sie von Kucoin auf die Website eines Drittanbieters weitergeleitet, um Ihre Bestellung abzuschlie\u00dfen.\u00a0<\/span><\/p>\n<p><span style=\"font-weight: 400;\">Das ist so ziemlich alles dar\u00fcber, wie man Cardano auf Kucoin kauft. Wie Sie sehen k\u00f6nnen, haben Sie eine ganze Reihe von Optionen, so dass es eine reibungslose Reise sein sollte. Wenn Sie irgendwelche Fragen haben, k\u00f6nnen Sie auch unsere <a href=\"https:\/\/coinkickoff.com\/de\/crypto-exchanges\/\">B\u00f6rsenberichte<\/a> und <a href=\"https:\/\/coinkickoff.com\/de\/how-to-buy-cardano\/\">wie-zu-kaufen<\/a> Leitf\u00e4den f\u00fcr weitere Informationen.<\/span><\/p>","protected":false},"excerpt":{"rendered":"<p>Wie man Cardano auf Kucoin kauft Wenn Sie Kucoin noch nie benutzt haben, um Cardano (ADA) zu kaufen, wissen Sie vielleicht nicht, wie Sie vorgehen sollen. Aber keine Sorge: Wir zeigen Ihnen in einer Schritt-f\u00fcr-Schritt-Anleitung, wie Sie Cardano auf Kucoin kaufen k\u00f6nnen. Eine Schritt-f\u00fcr-Schritt-Anleitung zum Kauf von Cardano auf Kucoin [...]<\/p>","protected":false},"author":3,"featured_media":0,"parent":4010,"menu_order":0,"comment_status":"closed","ping_status":"closed","template":"","meta":{"_genesis_hide_title":false,"_genesis_hide_breadcrumbs":false,"_genesis_hide_singular_image":false,"_genesis_hide_footer_widgets":false,"_genesis_custom_body_class":"","_genesis_custom_post_class":"","_genesis_layout":"","_glsr_average":0,"_glsr_ranking":0,"_glsr_reviews":0,"footnotes":""},"class_list":{"0":"post-4045","1":"page","2":"type-page","3":"status-publish","5":"entry"},"featured_image_src":null,"featured_image_src_square":null,"_links":{"self":[{"href":"https:\/\/coinkickoff.com\/de\/wp-json\/wp\/v2\/pages\/4045","targetHints":{"allow":["GET"]}}],"collection":[{"href":"https:\/\/coinkickoff.com\/de\/wp-json\/wp\/v2\/pages"}],"about":[{"href":"https:\/\/coinkickoff.com\/de\/wp-json\/wp\/v2\/types\/page"}],"author":[{"embeddable":true,"href":"https:\/\/coinkickoff.com\/de\/wp-json\/wp\/v2\/users\/3"}],"replies":[{"embeddable":true,"href":"https:\/\/coinkickoff.com\/de\/wp-json\/wp\/v2\/comments?post=4045"}],"version-history":[{"count":2,"href":"https:\/\/coinkickoff.com\/de\/wp-json\/wp\/v2\/pages\/4045\/revisions"}],"predecessor-version":[{"id":4047,"href":"https:\/\/coinkickoff.com\/de\/wp-json\/wp\/v2\/pages\/4045\/revisions\/4047"}],"up":[{"embeddable":true,"href":"https:\/\/coinkickoff.com\/de\/wp-json\/wp\/v2\/pages\/4010"}],"wp:attachment":[{"href":"https:\/\/coinkickoff.com\/de\/wp-json\/wp\/v2\/media?parent=4045"}],"curies":[{"name":"wp","href":"https:\/\/api.w.org\/{rel}","templated":true}]}}