{"id":3968,"date":"2026-01-08T14:07:21","date_gmt":"2026-01-08T14:07:21","guid":{"rendered":"https:\/\/coinkickoff.com\/?page_id=3968"},"modified":"2026-01-08T14:07:21","modified_gmt":"2026-01-08T14:07:21","slug":"how-to-buy-ethereum-on-poloniex","status":"publish","type":"page","link":"https:\/\/coinkickoff.com\/de\/how-to-buy-ethereum\/how-to-buy-ethereum-on-poloniex\/","title":{"rendered":"Wie man Ethereum auf Poloniex kauft"},"content":{"rendered":"<div id=\"ez-toc-container\" class=\"ez-toc-v2_0_80 counter-hierarchy ez-toc-counter ez-toc-transparent ez-toc-container-direction\">\n<div class=\"ez-toc-title-container\">\n<p class=\"ez-toc-title\" style=\"cursor:inherit\">Rubriken<\/p>\n<span class=\"ez-toc-title-toggle\"><a href=\"#\" class=\"ez-toc-pull-right ez-toc-btn ez-toc-btn-xs ez-toc-btn-default ez-toc-toggle\" aria-label=\"Inhaltsverzeichnis umschalten\"><span class=\"ez-toc-js-icon-con\"><span class=\"\"><span class=\"eztoc-hide\" style=\"display:none;\">Umschalten auf<\/span><span class=\"ez-toc-icon-toggle-span\"><svg style=\"fill: #999;color:#999\" xmlns=\"http:\/\/www.w3.org\/2000\/svg\" class=\"list-377408\" width=\"20px\" height=\"20px\" viewbox=\"0 0 24 24\" fill=\"none\"><path d=\"M6 6H4v2h2V6zm14 0H8v2h12V6zM4 11h2v2H4v-2zm16 0H8v2h12v-2zM4 16h2v2H4v-2zm16 0H8v2h12v-2z\" fill=\"currentColor\"><\/path><\/svg><svg style=\"fill: #999;color:#999\" class=\"arrow-unsorted-368013\" xmlns=\"http:\/\/www.w3.org\/2000\/svg\" width=\"10px\" height=\"10px\" viewbox=\"0 0 24 24\" version=\"1.2\" baseprofile=\"tiny\"><path d=\"M18.2 9.3l-6.2-6.3-6.2 6.3c-.2.2-.3.4-.3.7s.1.5.3.7c.2.2.4.3.7.3h11c.3 0 .5-.1.7-.3.2-.2.3-.5.3-.7s-.1-.5-.3-.7zM5.8 14.7l6.2 6.3 6.2-6.3c.2-.2.3-.5.3-.7s-.1-.5-.3-.7c-.2-.2-.4-.3-.7-.3h-11c-.3 0-.5.1-.7.3-.2.2-.3.5-.3.7s.1.5.3.7z\"\/><\/svg><\/span><\/span><\/span><\/a><\/span><\/div>\n<nav><ul class='ez-toc-list ez-toc-list-level-1 eztoc-toggle-hide-by-default' ><li class='ez-toc-page-1 ez-toc-heading-level-1'><a class=\"ez-toc-link ez-toc-heading-1\" href=\"https:\/\/coinkickoff.com\/de\/how-to-buy-ethereum\/how-to-buy-ethereum-on-poloniex\/#How_to_Buy_Ethereum_on_Poloniex\" >Wie man Ethereum auf Poloniex kauft<\/a><ul class='ez-toc-list-level-2' ><li class='ez-toc-heading-level-2'><a class=\"ez-toc-link ez-toc-heading-2\" href=\"https:\/\/coinkickoff.com\/de\/how-to-buy-ethereum\/how-to-buy-ethereum-on-poloniex\/#A_Step-By-Step_Guide_on_How_to_Buy_Ethereum_on_Poloniex\" >Eine Schritt-f\u00fcr-Schritt-Anleitung f\u00fcr den Kauf von Ethereum auf Poloniex<\/a><ul class='ez-toc-list-level-3' ><li class='ez-toc-heading-level-3'><a class=\"ez-toc-link ez-toc-heading-3\" href=\"https:\/\/coinkickoff.com\/de\/how-to-buy-ethereum\/how-to-buy-ethereum-on-poloniex\/#1_Register_an_Account\" >1. Konto registrieren<\/a><\/li><li class='ez-toc-page-1 ez-toc-heading-level-3'><a class=\"ez-toc-link ez-toc-heading-4\" href=\"https:\/\/coinkickoff.com\/de\/how-to-buy-ethereum\/how-to-buy-ethereum-on-poloniex\/#2_Verify_Your_Account\" >2. \u00dcberpr\u00fcfen Sie Ihr Konto<\/a><\/li><li class='ez-toc-page-1 ez-toc-heading-level-3'><a class=\"ez-toc-link ez-toc-heading-5\" href=\"https:\/\/coinkickoff.com\/de\/how-to-buy-ethereum\/how-to-buy-ethereum-on-poloniex\/#3_Buy_Crypto\" >3. Krypto kaufen<\/a><\/li><\/ul><\/li><\/ul><\/li><\/ul><\/nav><\/div>\n<h1><span class=\"ez-toc-section\" id=\"How_to_Buy_Ethereum_on_Poloniex\"><\/span><span style=\"font-weight: 400;\">Wie man Ethereum auf Poloniex kauft<\/span><span class=\"ez-toc-section-end\"><\/span><\/h1>\n<p><span style=\"font-weight: 400;\">Sie k\u00f6nnen kaufen <a href=\"https:\/\/coinkickoff.com\/de\/ethereum-eth\/\" data-internallinksmanager029f6b8e52c=\"2\" title=\"Was ist Ethereum (ETH)? Preis, Geschichte und wo zu kaufen\">Ethereum<\/a> an praktisch jeder B\u00f6rse, da es sich um eine der beliebtesten und bekanntesten digitalen W\u00e4hrungen auf dem Markt handelt. <a href=\"https:\/\/coinkickoff.com\/de\/poloniex-review\/\" data-internallinksmanager029f6b8e52c=\"164\" title=\"Poloniex Bewertungen 2023: Geb\u00fchren, Funktionen, Sicherheit, Vor- und Nachteile\">Poloniex<\/a> ist eine dieser B\u00f6rsen, zumindest f\u00fcr Nutzer au\u00dferhalb der USA.<\/span><\/p>\n<p><span style=\"font-weight: 400;\">Wir empfehlen Ihnen jedoch dringend, unsere <a href=\"https:\/\/coinkickoff.com\/de\/poloniex-review\/\">Leitfaden auf Poloniex<\/a> bevor Sie etwas auf der Plattform kaufen, denn es gibt einige <\/span><a href=\"https:\/\/www.coindesk.com\/policy\/2023\/05\/01\/crypto-exchange-poloniex-agrees-to-76m-fine-settle-sanctions-violation-charges\/\" target=\"_blank\" rel=\"noopener\"><span style=\"font-weight: 400;\">mehrere Ausgaben<\/span><\/a><span style=\"font-weight: 400;\"> die mit der B\u00f6rse verbunden sind, sowie deren Eigent\u00fcmer <\/span><a href=\"https:\/\/www.cnbc.com\/2023\/03\/22\/sec-hits-jake-paul-lindsey-lohan-justin-sun-with-crypto-violations.html\" target=\"_blank\" rel=\"noopener\"><span style=\"font-weight: 400;\">Justin Sonne<\/span><\/a><span style=\"font-weight: 400;\">.<\/span><\/p>\n<p><span style=\"font-weight: 400;\">Wenn Sie auf den Austausch, hier ist, wie man Ethereum auf Poloniex kaufen.<\/span><\/p>\n<h2><span class=\"ez-toc-section\" id=\"A_Step-By-Step_Guide_on_How_to_Buy_Ethereum_on_Poloniex\"><\/span><span style=\"font-weight: 400;\">Eine Schritt-f\u00fcr-Schritt-Anleitung f\u00fcr den Kauf von Ethereum auf Poloniex<\/span><span class=\"ez-toc-section-end\"><\/span><\/h2>\n<h3><span class=\"ez-toc-section\" id=\"1_Register_an_Account\"><\/span><span style=\"font-weight: 400;\">1. Konto registrieren<\/span><span class=\"ez-toc-section-end\"><\/span><\/h3>\n<p><span style=\"font-weight: 400;\">Gehen Sie zun\u00e4chst auf die Poloniex-Website und erstellen Sie ein Konto. <\/span><\/p>\n<p><img loading=\"lazy\" decoding=\"async\" class=\"alignnone wp-image-3397 size-full\" src=\"https:\/\/coinkickoff.com\/wp-content\/uploads\/poloniex-sign-up.png\" alt=\"poloniex anmelden\" width=\"1436\" height=\"653\" srcset=\"https:\/\/coinkickoff.com\/wp-content\/uploads\/poloniex-sign-up.png 1436w, https:\/\/coinkickoff.com\/wp-content\/uploads\/poloniex-sign-up-300x136.png 300w, https:\/\/coinkickoff.com\/wp-content\/uploads\/poloniex-sign-up-1024x466.png 1024w, https:\/\/coinkickoff.com\/wp-content\/uploads\/poloniex-sign-up-768x349.png 768w, https:\/\/coinkickoff.com\/wp-content\/uploads\/poloniex-sign-up-18x8.png 18w\" sizes=\"auto, (max-width: 1436px) 100vw, 1436px\" \/><\/p>\n<h3><span class=\"ez-toc-section\" id=\"2_Verify_Your_Account\"><\/span><span style=\"font-weight: 400;\">2. \u00dcberpr\u00fcfen Sie Ihr Konto<\/span><span class=\"ez-toc-section-end\"><\/span><\/h3>\n<p><span style=\"font-weight: 400;\">Technisch gesehen m\u00fcssen Sie Ihre ID auf Poloniex nicht verifizieren. Alle Benutzer werden bei der Registrierung auf Stufe 1 verifiziert und k\u00f6nnen Verm\u00f6genswerte mit Kreditkarten kaufen. Die Verifizierung der Stufe 2 erm\u00f6glicht h\u00f6here Auszahlungslimits, ist aber f\u00fcr die meisten Kleinh\u00e4ndler nicht notwendig.<\/span><\/p>\n<p><span style=\"font-weight: 400;\">Wenn Sie dennoch Ihre Identit\u00e4t best\u00e4tigen m\u00f6chten, gehen Sie zu Ihrem Profil, indem Sie auf das Profilsymbol in Ihrem Dashboard klicken. <\/span><\/p>\n<p><img loading=\"lazy\" decoding=\"async\" class=\"alignnone wp-image-3398 size-full\" src=\"https:\/\/coinkickoff.com\/wp-content\/uploads\/poloniex-verification.png\" alt=\"poloniex-verifizierung\" width=\"1437\" height=\"679\" srcset=\"https:\/\/coinkickoff.com\/wp-content\/uploads\/poloniex-verification.png 1437w, https:\/\/coinkickoff.com\/wp-content\/uploads\/poloniex-verification-300x142.png 300w, https:\/\/coinkickoff.com\/wp-content\/uploads\/poloniex-verification-1024x484.png 1024w, https:\/\/coinkickoff.com\/wp-content\/uploads\/poloniex-verification-768x363.png 768w, https:\/\/coinkickoff.com\/wp-content\/uploads\/poloniex-verification-18x9.png 18w\" sizes=\"auto, (max-width: 1437px) 100vw, 1437px\" \/><\/p>\n<p><span style=\"font-weight: 400;\">F\u00fcllen Sie das Informationsformular aus und laden Sie einen amtlichen Lichtbildausweis hoch, z. B. einen Reisepass oder einen F\u00fchrerschein. Klicken Sie auf \"Get Started\" f\u00fcr die Verifizierung der Stufe 2. Sie werden aufgefordert, einen Lichtbildausweis hochzuladen.<\/span><\/p>\n<h3><span class=\"ez-toc-section\" id=\"3_Buy_Crypto\"><\/span><span style=\"font-weight: 400;\">3. Krypto kaufen<\/span><span class=\"ez-toc-section-end\"><\/span><\/h3>\n<p><span style=\"font-weight: 400;\">Klicken Sie auf \"Krypto kaufen\", um das sofortige Bestellformular aufzurufen. W\u00e4hlen Sie die W\u00e4hrung, die Sie ausgeben m\u00f6chten (zum Beispiel USD) und die W\u00e4hrung, die Sie kaufen m\u00f6chten (in diesem Fall Ethereum oder ETH). Geben Sie den Betrag ein, den Sie f\u00fcr Ihren Kauf bezahlen m\u00f6chten.<\/span><\/p>\n<p><img loading=\"lazy\" decoding=\"async\" class=\"alignnone wp-image-3399 size-full\" src=\"https:\/\/coinkickoff.com\/wp-content\/uploads\/poloniex-buy-crypto.png\" alt=\"Wie man Ethereum auf Poloniex kauft\" width=\"1436\" height=\"793\" srcset=\"https:\/\/coinkickoff.com\/wp-content\/uploads\/poloniex-buy-crypto.png 1436w, https:\/\/coinkickoff.com\/wp-content\/uploads\/poloniex-buy-crypto-300x166.png 300w, https:\/\/coinkickoff.com\/wp-content\/uploads\/poloniex-buy-crypto-1024x565.png 1024w, https:\/\/coinkickoff.com\/wp-content\/uploads\/poloniex-buy-crypto-768x424.png 768w, https:\/\/coinkickoff.com\/wp-content\/uploads\/poloniex-buy-crypto-18x10.png 18w\" sizes=\"auto, (max-width: 1436px) 100vw, 1436px\" \/><\/p>\n<p><span style=\"font-weight: 400;\">Die Geb\u00fchren werden auf der rechten Seite angezeigt. Sie ben\u00f6tigen ein Simplex- oder Mercuryo-Konto, um den Kauf abzuschlie\u00dfen. Wenn Sie noch keines haben, k\u00f6nnen Sie sich nach dem Klicken auf \"Abschicken\" anmelden.<\/span><\/p>\n<p><span style=\"font-weight: 400;\">Wenn Sie bereits ein Konto haben, k\u00f6nnen Sie sich einloggen, und Ihr Einkauf ist abgeschlossen!<\/span><\/p>\n<p><span style=\"font-weight: 400;\">Das war's, wie man Ethereum auf Poloniex bekommt! Wenn Sie Ihr Guthaben \u00fcberpr\u00fcfen, werden Sie Ihre ETH in Ihrer Brieftasche sehen.<\/span><\/p>","protected":false},"excerpt":{"rendered":"<p>Wie man Ethereum auf Poloniex kauft Sie k\u00f6nnen Ethereum auf praktisch jeder B\u00f6rse kaufen, da es eine der beliebtesten und bekanntesten digitalen W\u00e4hrungen auf dem Markt ist. Poloniex ist eine dieser B\u00f6rsen, zumindest f\u00fcr Nutzer, die au\u00dferhalb der USA leben. Wir empfehlen Ihnen jedoch dringend, unseren Leitfaden \u00fcber Poloniex zu lesen, bevor Sie [...]<\/p>","protected":false},"author":3,"featured_media":0,"parent":3937,"menu_order":0,"comment_status":"closed","ping_status":"closed","template":"","meta":{"_genesis_hide_title":false,"_genesis_hide_breadcrumbs":false,"_genesis_hide_singular_image":false,"_genesis_hide_footer_widgets":false,"_genesis_custom_body_class":"","_genesis_custom_post_class":"","_genesis_layout":"","_glsr_average":0,"_glsr_ranking":0,"_glsr_reviews":0,"footnotes":""},"class_list":{"0":"post-3968","1":"page","2":"type-page","3":"status-publish","5":"entry"},"featured_image_src":null,"featured_image_src_square":null,"_links":{"self":[{"href":"https:\/\/coinkickoff.com\/de\/wp-json\/wp\/v2\/pages\/3968","targetHints":{"allow":["GET"]}}],"collection":[{"href":"https:\/\/coinkickoff.com\/de\/wp-json\/wp\/v2\/pages"}],"about":[{"href":"https:\/\/coinkickoff.com\/de\/wp-json\/wp\/v2\/types\/page"}],"author":[{"embeddable":true,"href":"https:\/\/coinkickoff.com\/de\/wp-json\/wp\/v2\/users\/3"}],"replies":[{"embeddable":true,"href":"https:\/\/coinkickoff.com\/de\/wp-json\/wp\/v2\/comments?post=3968"}],"version-history":[{"count":1,"href":"https:\/\/coinkickoff.com\/de\/wp-json\/wp\/v2\/pages\/3968\/revisions"}],"predecessor-version":[{"id":3969,"href":"https:\/\/coinkickoff.com\/de\/wp-json\/wp\/v2\/pages\/3968\/revisions\/3969"}],"up":[{"embeddable":true,"href":"https:\/\/coinkickoff.com\/de\/wp-json\/wp\/v2\/pages\/3937"}],"wp:attachment":[{"href":"https:\/\/coinkickoff.com\/de\/wp-json\/wp\/v2\/media?parent=3968"}],"curies":[{"name":"wp","href":"https:\/\/api.w.org\/{rel}","templated":true}]}}