{"id":3899,"date":"2026-01-08T14:07:44","date_gmt":"2026-01-08T14:07:44","guid":{"rendered":"https:\/\/coinkickoff.com\/?page_id=3899"},"modified":"2026-01-08T14:07:44","modified_gmt":"2026-01-08T14:07:44","slug":"how-to-buy-bitcoin-on-coinbase","status":"publish","type":"page","link":"https:\/\/coinkickoff.com\/de\/how-to-buy-bitcoin\/how-to-buy-bitcoin-on-coinbase\/","title":{"rendered":"Wie man Bitcoin auf Coinbase kauft"},"content":{"rendered":"<div id=\"ez-toc-container\" class=\"ez-toc-v2_0_80 counter-hierarchy ez-toc-counter ez-toc-transparent ez-toc-container-direction\">\n<div class=\"ez-toc-title-container\">\n<p class=\"ez-toc-title\" style=\"cursor:inherit\">Rubriken<\/p>\n<span class=\"ez-toc-title-toggle\"><a href=\"#\" class=\"ez-toc-pull-right ez-toc-btn ez-toc-btn-xs ez-toc-btn-default ez-toc-toggle\" aria-label=\"Inhaltsverzeichnis umschalten\"><span class=\"ez-toc-js-icon-con\"><span class=\"\"><span class=\"eztoc-hide\" style=\"display:none;\">Umschalten auf<\/span><span class=\"ez-toc-icon-toggle-span\"><svg style=\"fill: #999;color:#999\" xmlns=\"http:\/\/www.w3.org\/2000\/svg\" class=\"list-377408\" width=\"20px\" height=\"20px\" viewbox=\"0 0 24 24\" fill=\"none\"><path d=\"M6 6H4v2h2V6zm14 0H8v2h12V6zM4 11h2v2H4v-2zm16 0H8v2h12v-2zM4 16h2v2H4v-2zm16 0H8v2h12v-2z\" fill=\"currentColor\"><\/path><\/svg><svg style=\"fill: #999;color:#999\" class=\"arrow-unsorted-368013\" xmlns=\"http:\/\/www.w3.org\/2000\/svg\" width=\"10px\" height=\"10px\" viewbox=\"0 0 24 24\" version=\"1.2\" baseprofile=\"tiny\"><path d=\"M18.2 9.3l-6.2-6.3-6.2 6.3c-.2.2-.3.4-.3.7s.1.5.3.7c.2.2.4.3.7.3h11c.3 0 .5-.1.7-.3.2-.2.3-.5.3-.7s-.1-.5-.3-.7zM5.8 14.7l6.2 6.3 6.2-6.3c.2-.2.3-.5.3-.7s-.1-.5-.3-.7c-.2-.2-.4-.3-.7-.3h-11c-.3 0-.5.1-.7.3-.2.2-.3.5-.3.7s.1.5.3.7z\"\/><\/svg><\/span><\/span><\/span><\/a><\/span><\/div>\n<nav><ul class='ez-toc-list ez-toc-list-level-1 eztoc-toggle-hide-by-default' ><li class='ez-toc-page-1 ez-toc-heading-level-2'><a class=\"ez-toc-link ez-toc-heading-1\" href=\"https:\/\/coinkickoff.com\/de\/how-to-buy-bitcoin\/how-to-buy-bitcoin-on-coinbase\/#How_to_Buy_Bitcoin_on_Coinbase\" >Wie man Bitcoin auf Coinbase kauft<\/a><\/li><li class='ez-toc-page-1 ez-toc-heading-level-2'><a class=\"ez-toc-link ez-toc-heading-2\" href=\"https:\/\/coinkickoff.com\/de\/how-to-buy-bitcoin\/how-to-buy-bitcoin-on-coinbase\/#A_Step-By-Step_Guide_on_How_to_Buy_Bitcoin_on_Coinbase\" >Eine Schritt-f\u00fcr-Schritt-Anleitung f\u00fcr den Kauf von Bitcoin auf Coinbase<\/a><ul class='ez-toc-list-level-3' ><li class='ez-toc-heading-level-3'><a class=\"ez-toc-link ez-toc-heading-3\" href=\"https:\/\/coinkickoff.com\/de\/how-to-buy-bitcoin\/how-to-buy-bitcoin-on-coinbase\/#1_Register_an_Account\" >1. Konto registrieren<\/a><\/li><li class='ez-toc-page-1 ez-toc-heading-level-3'><a class=\"ez-toc-link ez-toc-heading-4\" href=\"https:\/\/coinkickoff.com\/de\/how-to-buy-bitcoin\/how-to-buy-bitcoin-on-coinbase\/#2_Verify_Your_Account\" >2. \u00dcberpr\u00fcfen Sie Ihr Konto<\/a><\/li><li class='ez-toc-page-1 ez-toc-heading-level-3'><a class=\"ez-toc-link ez-toc-heading-5\" href=\"https:\/\/coinkickoff.com\/de\/how-to-buy-bitcoin\/how-to-buy-bitcoin-on-coinbase\/#3_Deposit_FundsCrypto\" >3. Einlagenfonds\/Krypto<\/a><\/li><li class='ez-toc-page-1 ez-toc-heading-level-3'><a class=\"ez-toc-link ez-toc-heading-6\" href=\"https:\/\/coinkickoff.com\/de\/how-to-buy-bitcoin\/how-to-buy-bitcoin-on-coinbase\/#4_Navigate_to_the_Relevant_Screen_to_Buy\" >4. Navigieren Sie zum entsprechenden Bildschirm, um zu kaufen<\/a><\/li><\/ul><\/li><\/ul><\/nav><\/div>\n<h2><span class=\"ez-toc-section\" id=\"How_to_Buy_Bitcoin_on_Coinbase\"><\/span><span style=\"font-weight: 400;\">Wie man Bitcoin auf Coinbase kauft<\/span><span class=\"ez-toc-section-end\"><\/span><\/h2>\n<p><span style=\"font-weight: 400;\">Wenn Sie ein wenig wissen \u00fcber <a href=\"https:\/\/coinkickoff.com\/de\/bitcoin-btc\/\" data-internallinksmanager029f6b8e52c=\"1\" title=\"Was ist Bitcoin (BTC)? Preis, Geschichte und wo zu kaufen\">Bitcoin<\/a>haben Sie vielleicht schon geh\u00f6rt <a href=\"https:\/\/coinkickoff.com\/de\/coinbase-review\/\" data-internallinksmanager029f6b8e52c=\"142\" title=\"Coinbase Bewertungen 2024: Funktionen, Preise, Sicherheit, Vor- und Nachteile\">Coinbase<\/a>einer der f\u00fchrenden <a href=\"https:\/\/coinkickoff.com\/de\/crypto-exchanges\/\" data-internallinksmanager029f6b8e52c=\"141\" title=\"21 beste Kryptow\u00e4hrungsb\u00f6rsen und Apps im Jahr 2024\">Kryptow\u00e4hrungsb\u00f6rsen<\/a> auf der ganzen Welt.<\/span><\/p>\n<p><span style=\"font-weight: 400;\">Coinbase ist eine in den USA ans\u00e4ssige digitale B\u00f6rse, die f\u00fcr ihre Benutzerfreundlichkeit und die Einhaltung der Gesetze und Vorschriften der L\u00e4nder bekannt ist, in denen sie t\u00e4tig ist. In einem Meer von wilden und oft unregulierten Krypto-B\u00f6rsen bleibt sie ein Leuchtturm der Stabilit\u00e4t und wird daher oft Anf\u00e4ngern als eine vertrauensw\u00fcrdige Option empfohlen.\u00a0<\/span><\/p>\n<p><span style=\"font-weight: 400;\">Wenn Sie Ihre eigene Krypto-Reise beginnen wollen, um einige BTC kaufen, <\/span><a href=\"https:\/\/coinkickoff.com\/de\/coinbase-review\/\"><span style=\"font-weight: 400;\">Coinbase<\/span><\/a><span style=\"font-weight: 400;\"> ist eine logische Wahl. In diesem Leitfaden erkl\u00e4ren wir Ihnen Schritt f\u00fcr Schritt, wie Sie Bitcoin auf Coinbase kaufen k\u00f6nnen.<\/span><\/p>\n<h2><span class=\"ez-toc-section\" id=\"A_Step-By-Step_Guide_on_How_to_Buy_Bitcoin_on_Coinbase\"><\/span><span style=\"font-weight: 400;\">Eine Schritt-f\u00fcr-Schritt-Anleitung f\u00fcr den Kauf von Bitcoin auf Coinbase<\/span><span class=\"ez-toc-section-end\"><\/span><\/h2>\n<h3><span class=\"ez-toc-section\" id=\"1_Register_an_Account\"><\/span><span style=\"font-weight: 400;\">1. Konto registrieren<\/span><span class=\"ez-toc-section-end\"><\/span><\/h3>\n<h2><img loading=\"lazy\" decoding=\"async\" class=\"alignnone wp-image-3527 size-large\" style=\"font-size: 18px; font-family: Muli, sans-serif;\" src=\"https:\/\/coinkickoff.com\/wp-content\/uploads\/Screen-Shot-2023-03-30-at-7.13.25-AM-e1686183370122-1024x538.png\" alt=\"\" width=\"1024\" height=\"538\" srcset=\"https:\/\/coinkickoff.com\/wp-content\/uploads\/Screen-Shot-2023-03-30-at-7.13.25-AM-e1686183370122-1024x538.png 1024w, https:\/\/coinkickoff.com\/wp-content\/uploads\/Screen-Shot-2023-03-30-at-7.13.25-AM-e1686183370122-300x158.png 300w, https:\/\/coinkickoff.com\/wp-content\/uploads\/Screen-Shot-2023-03-30-at-7.13.25-AM-e1686183370122-768x404.png 768w, https:\/\/coinkickoff.com\/wp-content\/uploads\/Screen-Shot-2023-03-30-at-7.13.25-AM-e1686183370122-18x9.png 18w, https:\/\/coinkickoff.com\/wp-content\/uploads\/Screen-Shot-2023-03-30-at-7.13.25-AM-e1686183370122.png 1277w\" sizes=\"auto, (max-width: 1024px) 100vw, 1024px\" \/><\/h2>\n<p><span style=\"font-weight: 400;\">Das Wichtigste zuerst: Nutzen Sie unseren Link, um zu <\/span><a href=\"https:\/\/coinbase-consumer.sjv.io\/ORPoaG\" target=\"_blank\" rel=\"noopener\"><span style=\"font-weight: 400;\">Die offizielle Website von Coinbase<\/span><\/a><span style=\"font-weight: 400;\"> und er\u00f6ffnen Sie ein Umtauschkonto.<\/span><\/p>\n<p><span style=\"font-weight: 400;\">Sie m\u00fcssen sich mit Ihrem offiziellen Namen anmelden. Da Coinbase eine strenge KYC-Politik verfolgt, ist es wichtig, dass Ihre pers\u00f6nlichen Daten mit Ihrem Ausweis \u00fcbereinstimmen, wenn Sie sich zum ersten Mal anmelden.<\/span><\/p>\n<p><span style=\"font-weight: 400;\">Sobald Sie das Formular ausgef\u00fcllt haben, klicken Sie auf \"Konto erstellen\". Coinbase wird Ihnen einen Verifizierungslink per E-Mail zusenden. Klicken Sie auf den Link, um Ihre E-Mail-Adresse zu verifizieren.\u00a0<\/span><\/p>\n<p><span style=\"font-weight: 400;\">Bei Coinbase m\u00fcssen Sie auch Ihre Handynummer best\u00e4tigen, um sich bei Ihrem Konto anzumelden. Geben Sie Ihre Ziffern ein, wenn Sie dazu aufgefordert werden, und verwenden Sie den SMS-Code, den Sie erhalten, um sich anzumelden.<\/span><\/p>\n<h3><span class=\"ez-toc-section\" id=\"2_Verify_Your_Account\"><\/span><span style=\"font-weight: 400;\">2. \u00dcberpr\u00fcfen Sie Ihr Konto<\/span><span class=\"ez-toc-section-end\"><\/span><\/h3>\n<p><span style=\"font-weight: 400;\">Die Identit\u00e4ts\u00fcberpr\u00fcfung ist bei Coinbase ein Muss. Zum Gl\u00fcck ist das ein unkomplizierter Prozess. Klicken Sie einfach auf die Schaltfl\u00e4che \"\u00dcberpr\u00fcfen Sie Ihre ID\", die bei der ersten Anmeldung angezeigt wird. <\/span><\/p>\n<p><img loading=\"lazy\" decoding=\"async\" class=\"alignnone wp-image-3526 size-large\" src=\"https:\/\/coinkickoff.com\/wp-content\/uploads\/Screen-Shot-2023-03-30-at-6.16.20-AM-e1683779340546-1024x470.png\" alt=\"\" width=\"1024\" height=\"470\" srcset=\"https:\/\/coinkickoff.com\/wp-content\/uploads\/Screen-Shot-2023-03-30-at-6.16.20-AM-e1683779340546-1024x470.png 1024w, https:\/\/coinkickoff.com\/wp-content\/uploads\/Screen-Shot-2023-03-30-at-6.16.20-AM-e1683779340546-300x138.png 300w, https:\/\/coinkickoff.com\/wp-content\/uploads\/Screen-Shot-2023-03-30-at-6.16.20-AM-e1683779340546-768x352.png 768w, https:\/\/coinkickoff.com\/wp-content\/uploads\/Screen-Shot-2023-03-30-at-6.16.20-AM-e1683779340546-18x8.png 18w, https:\/\/coinkickoff.com\/wp-content\/uploads\/Screen-Shot-2023-03-30-at-6.16.20-AM-e1683779340546.png 1389w\" sizes=\"auto, (max-width: 1024px) 100vw, 1024px\" \/><\/p>\n<p><span style=\"font-weight: 400;\">Wenn Sie die Pop-up-Warnung zur Verifizierung versehentlich geschlossen haben, machen Sie sich keine Sorgen. Klicken Sie einfach auf die blau markierte Registerkarte \"Kaufen &amp; Verkaufen\", um eine weitere Verifizierungsanfrage zu starten. Sie k\u00f6nnen auch auf Ihr Profilsymbol klicken und zur Registerkarte \"Verifizierung\" navigieren, um den Vorgang manuell zu starten.<\/span><\/p>\n<p><img loading=\"lazy\" decoding=\"async\" class=\"alignnone wp-image-3525 size-full\" src=\"https:\/\/coinkickoff.com\/wp-content\/uploads\/Screen-Shot-2023-03-30-at-6.15.03-AM-e1683779367919.png\" alt=\"\" width=\"1436\" height=\"806\" srcset=\"https:\/\/coinkickoff.com\/wp-content\/uploads\/Screen-Shot-2023-03-30-at-6.15.03-AM-e1683779367919.png 1436w, https:\/\/coinkickoff.com\/wp-content\/uploads\/Screen-Shot-2023-03-30-at-6.15.03-AM-e1683779367919-300x168.png 300w, https:\/\/coinkickoff.com\/wp-content\/uploads\/Screen-Shot-2023-03-30-at-6.15.03-AM-e1683779367919-1024x575.png 1024w, https:\/\/coinkickoff.com\/wp-content\/uploads\/Screen-Shot-2023-03-30-at-6.15.03-AM-e1683779367919-768x431.png 768w, https:\/\/coinkickoff.com\/wp-content\/uploads\/Screen-Shot-2023-03-30-at-6.15.03-AM-e1683779367919-18x10.png 18w, https:\/\/coinkickoff.com\/wp-content\/uploads\/Screen-Shot-2023-03-30-at-6.15.03-AM-e1683779367919-600x338.png 600w\" sizes=\"auto, (max-width: 1436px) 100vw, 1436px\" \/><\/p>\n<p><span style=\"font-weight: 400;\">Coinbase gibt Ihnen einen detaillierten Fragebogen zum Ausf\u00fcllen. Achten Sie darauf, dass Sie das Formular mit genauen Angaben ausf\u00fcllen. Ungenaue oder fehlende Angaben k\u00f6nnen zu Verz\u00f6gerungen bei der Genehmigung Ihrer Pr\u00fcfung f\u00fchren.\u00a0\u00a0<\/span><\/p>\n<p><span style=\"font-weight: 400;\">Sobald Sie das Formular ausgef\u00fcllt haben, laden Sie einen amtlichen Lichtbildausweis, z. B. eine Reisepassseite oder einen F\u00fchrerschein, auf die Plattform hoch. Die Verifizierung dauert in der Regel nur wenige Minuten, und sobald sie abgeschlossen ist, k\u00f6nnen Sie Geld einzahlen und BTC kaufen.<\/span><\/p>\n<h3><span class=\"ez-toc-section\" id=\"3_Deposit_FundsCrypto\"><\/span><span style=\"font-weight: 400;\">3. Einlagenfonds\/Krypto<\/span><span class=\"ez-toc-section-end\"><\/span><\/h3>\n<p><span style=\"font-weight: 400;\">Der n\u00e4chste Schritt besteht darin, eine Zahlungsmethode zu Ihrem Coinbase-Konto hinzuzuf\u00fcgen. Klicken Sie auf Ihr Profilsymbol (obere rechte Ecke), um zu Ihren Kontoeinstellungen zu gelangen. <\/span><\/p>\n<p><img loading=\"lazy\" decoding=\"async\" class=\"alignnone wp-image-3521 size-full\" src=\"https:\/\/coinkickoff.com\/wp-content\/uploads\/Screen-Shot-2023-03-29-at-10.44.01-PM-e1683779393247.png\" alt=\"\" width=\"1396\" height=\"673\" srcset=\"https:\/\/coinkickoff.com\/wp-content\/uploads\/Screen-Shot-2023-03-29-at-10.44.01-PM-e1683779393247.png 1396w, https:\/\/coinkickoff.com\/wp-content\/uploads\/Screen-Shot-2023-03-29-at-10.44.01-PM-e1683779393247-300x145.png 300w, https:\/\/coinkickoff.com\/wp-content\/uploads\/Screen-Shot-2023-03-29-at-10.44.01-PM-e1683779393247-1024x494.png 1024w, https:\/\/coinkickoff.com\/wp-content\/uploads\/Screen-Shot-2023-03-29-at-10.44.01-PM-e1683779393247-768x370.png 768w, https:\/\/coinkickoff.com\/wp-content\/uploads\/Screen-Shot-2023-03-29-at-10.44.01-PM-e1683779393247-18x9.png 18w\" sizes=\"auto, (max-width: 1396px) 100vw, 1396px\" \/><\/p>\n<p><span style=\"font-weight: 400;\">Klicken Sie auf die Registerkarte \"Zahlungsarten\".<\/span><\/p>\n<p><img loading=\"lazy\" decoding=\"async\" class=\"alignnone wp-image-3522 size-full\" src=\"https:\/\/coinkickoff.com\/wp-content\/uploads\/Screen-Shot-2023-03-29-at-10.44.08-PM-e1683779417928.png\" alt=\"\" width=\"1414\" height=\"719\" srcset=\"https:\/\/coinkickoff.com\/wp-content\/uploads\/Screen-Shot-2023-03-29-at-10.44.08-PM-e1683779417928.png 1414w, https:\/\/coinkickoff.com\/wp-content\/uploads\/Screen-Shot-2023-03-29-at-10.44.08-PM-e1683779417928-300x153.png 300w, https:\/\/coinkickoff.com\/wp-content\/uploads\/Screen-Shot-2023-03-29-at-10.44.08-PM-e1683779417928-1024x521.png 1024w, https:\/\/coinkickoff.com\/wp-content\/uploads\/Screen-Shot-2023-03-29-at-10.44.08-PM-e1683779417928-768x391.png 768w, https:\/\/coinkickoff.com\/wp-content\/uploads\/Screen-Shot-2023-03-29-at-10.44.08-PM-e1683779417928-18x9.png 18w\" sizes=\"auto, (max-width: 1414px) 100vw, 1414px\" \/><\/p>\n<p><span style=\"font-weight: 400;\">Klicken Sie nun auf die Schaltfl\u00e4che \"Zahlungsmethode hinzuf\u00fcgen\", um Ihre Optionen zu sehen.<\/span><\/p>\n<p><img loading=\"lazy\" decoding=\"async\" class=\"alignnone wp-image-3523 size-full\" src=\"https:\/\/coinkickoff.com\/wp-content\/uploads\/Screen-Shot-2023-03-29-at-10.44.22-PM-e1683779442560.png\" alt=\"\" width=\"1403\" height=\"737\" srcset=\"https:\/\/coinkickoff.com\/wp-content\/uploads\/Screen-Shot-2023-03-29-at-10.44.22-PM-e1683779442560.png 1403w, https:\/\/coinkickoff.com\/wp-content\/uploads\/Screen-Shot-2023-03-29-at-10.44.22-PM-e1683779442560-300x158.png 300w, https:\/\/coinkickoff.com\/wp-content\/uploads\/Screen-Shot-2023-03-29-at-10.44.22-PM-e1683779442560-1024x538.png 1024w, https:\/\/coinkickoff.com\/wp-content\/uploads\/Screen-Shot-2023-03-29-at-10.44.22-PM-e1683779442560-768x403.png 768w, https:\/\/coinkickoff.com\/wp-content\/uploads\/Screen-Shot-2023-03-29-at-10.44.22-PM-e1683779442560-18x9.png 18w\" sizes=\"auto, (max-width: 1403px) 100vw, 1403px\" \/><\/p>\n<p><span style=\"font-weight: 400;\">Die Zahlungsmethoden variieren je nach Land. In den USA ans\u00e4ssige Nutzer k\u00f6nnen ihr US-Bankkonto problemlos mit der Plattform verbinden, um Einzahlungen in Fiat-W\u00e4hrung vorzunehmen. In Europa ans\u00e4ssige Nutzer k\u00f6nnen auch SEPA- und Bank\u00fcberweisungen nutzen.<\/span><\/p>\n<p><span style=\"font-weight: 400;\">Die g\u00e4ngigsten Zahlungsmethoden, die fast jeder verwenden kann, sind Debit- und Kreditkarten. Der Kauf von digitalen Verm\u00f6genswerten mit Debit- und Kreditkarten ist super einfach und sehr schnell. Ein Nachteil sind leider die zus\u00e4tzlichen Geb\u00fchren f\u00fcr die Zahlungsabwicklung. Normalerweise erhebt Coinbase eine Geb\u00fchr von 3-5% f\u00fcr alle Kredit- und Debitkartenk\u00e4ufe coin.<\/span><\/p>\n<p><span style=\"font-weight: 400;\">Klicken Sie auf die Methode, die Sie verwenden m\u00f6chten. Wenn Sie Bank\u00fcberweisungen w\u00e4hlen, folgen Sie den Anweisungen auf dem Bildschirm, um Ihr Bankkonto mit Ihrem Coinbase-Konto zu verkn\u00fcpfen.<\/span><\/p>\n<p><span style=\"font-weight: 400;\">Sie k\u00f6nnen auch die Option Kredit-\/Debitkarte w\u00e4hlen und die nachstehenden Anweisungen befolgen.<\/span><\/p>\n<p><img loading=\"lazy\" decoding=\"async\" class=\"alignnone wp-image-3524 size-full\" src=\"https:\/\/coinkickoff.com\/wp-content\/uploads\/Screen-Shot-2023-03-29-at-10.44.29-PM-e1683779464552.png\" alt=\"\" width=\"1407\" height=\"730\" srcset=\"https:\/\/coinkickoff.com\/wp-content\/uploads\/Screen-Shot-2023-03-29-at-10.44.29-PM-e1683779464552.png 1407w, https:\/\/coinkickoff.com\/wp-content\/uploads\/Screen-Shot-2023-03-29-at-10.44.29-PM-e1683779464552-300x156.png 300w, https:\/\/coinkickoff.com\/wp-content\/uploads\/Screen-Shot-2023-03-29-at-10.44.29-PM-e1683779464552-1024x531.png 1024w, https:\/\/coinkickoff.com\/wp-content\/uploads\/Screen-Shot-2023-03-29-at-10.44.29-PM-e1683779464552-768x398.png 768w, https:\/\/coinkickoff.com\/wp-content\/uploads\/Screen-Shot-2023-03-29-at-10.44.29-PM-e1683779464552-18x9.png 18w\" sizes=\"auto, (max-width: 1407px) 100vw, 1407px\" \/><\/p>\n<p><span style=\"font-weight: 400;\">Geben Sie zun\u00e4chst Ihren Namen ein, wie er auf der Karte steht. Bitte beachten Sie, dass der Name auf der Karte mit Ihrem offiziellen Namen in Ihrem Ausweis \u00fcbereinstimmen muss. Geben Sie die Kartennummer, das G\u00fcltigkeitsdatum und Ihren CVC ein. Der CVC ist in der Regel ein dreistelliger Code, der auf der R\u00fcckseite Ihrer Karte steht. Geben Sie schlie\u00dflich Ihre Postleitzahl ein und klicken Sie auf die Schaltfl\u00e4che \"Karte hinzuf\u00fcgen\".<\/span><\/p>\n<h3><span class=\"ez-toc-section\" id=\"4_Navigate_to_the_Relevant_Screen_to_Buy\"><\/span><span style=\"font-weight: 400;\">4. Navigieren Sie zum entsprechenden Bildschirm, um zu kaufen<\/span><span class=\"ez-toc-section-end\"><\/span><\/h3>\n<p><span style=\"font-weight: 400;\">Gehen Sie auf Ihre Homepage und klicken Sie auf die blau markierte Schaltfl\u00e4che \"Kaufen &amp; Verkaufen\". Dadurch wird das Kaufformular mit einem Klick ge\u00f6ffnet. <\/span><\/p>\n<p><img loading=\"lazy\" decoding=\"async\" class=\"alignnone wp-image-3811 size-full\" src=\"https:\/\/coinkickoff.com\/wp-content\/uploads\/Screen-Shot-2023-06-08-at-3.20.32-AM-1-e1686183860887.png\" alt=\"wie man Shiba Inu auf coinbase kauft\" width=\"1295\" height=\"655\" \/><\/p>\n<p><span style=\"font-weight: 400;\">Geben Sie einfach den Betrag ein, den Sie ausgeben m\u00f6chten. Das Kauf-Widget ist standardm\u00e4\u00dfig auf BTC eingestellt, aber Sie k\u00f6nnen es durch Klicken auf den Pfeil daneben auf andere digitale Verm\u00f6genswerte \u00e4ndern.<\/span><\/p>\n<p><span style=\"font-weight: 400;\">Klicken Sie auf das Feld \"Bezahlen mit\" und w\u00e4hlen Sie Ihre Kredit- oder Debitkarte als Zahlungsmethode.<\/span><\/p>\n<p><span style=\"font-weight: 400;\">Unter dem von Ihnen eingegebenen Betrag sehen Sie ein weiteres Feld mit der Aufschrift \"Einmaliger Kauf\". Auch hier handelt es sich um die Standardeinstellung, aber Sie k\u00f6nnen sie so \u00e4ndern, dass Coinbase jede Woche oder jeden Monat automatisch wiederkehrende K\u00e4ufe f\u00fcr Sie t\u00e4tigt.\u00a0<\/span><\/p>\n<p><span style=\"font-weight: 400;\">Nachdem Sie das Formular ausgef\u00fcllt haben, klicken Sie auf \"Kaufvorschau\". <\/span><\/p>\n<p><img loading=\"lazy\" decoding=\"async\" class=\"alignnone wp-image-3519 size-full\" src=\"https:\/\/coinkickoff.com\/wp-content\/uploads\/Screen-Shot-2023-03-29-at-10.39.23-PM-e1683779487708.png\" alt=\"Wie man dogecoin auf coinbase kauftWie man Bitcoin auf Coinbase kauft\" width=\"1439\" height=\"763\" srcset=\"https:\/\/coinkickoff.com\/wp-content\/uploads\/Screen-Shot-2023-03-29-at-10.39.23-PM-e1683779487708.png 1439w, https:\/\/coinkickoff.com\/wp-content\/uploads\/Screen-Shot-2023-03-29-at-10.39.23-PM-e1683779487708-300x159.png 300w, https:\/\/coinkickoff.com\/wp-content\/uploads\/Screen-Shot-2023-03-29-at-10.39.23-PM-e1683779487708-1024x543.png 1024w, https:\/\/coinkickoff.com\/wp-content\/uploads\/Screen-Shot-2023-03-29-at-10.39.23-PM-e1683779487708-768x407.png 768w, https:\/\/coinkickoff.com\/wp-content\/uploads\/Screen-Shot-2023-03-29-at-10.39.23-PM-e1683779487708-18x10.png 18w\" sizes=\"auto, (max-width: 1439px) 100vw, 1439px\" \/><\/p>\n<p><span style=\"font-weight: 400;\">Coinbase zeigt Ihnen die Menge an BTC an, die Sie erhalten werden, sowie alle Geb\u00fchren, die Ihnen in Rechnung gestellt werden. Wenn Sie mit Ihrer Bestellung zufrieden sind, k\u00f6nnen Sie auf \"Jetzt kaufen\" klicken, um sie abzuschlie\u00dfen.\u00a0<\/span><\/p>","protected":false},"excerpt":{"rendered":"<p>Wie man Bitcoin auf Coinbase kauft Wenn Sie ein wenig \u00fcber Bitcoin wissen, haben Sie vielleicht schon von Coinbase geh\u00f6rt, einer der f\u00fchrenden Kryptow\u00e4hrungsb\u00f6rsen der Welt. Coinbase ist eine in den USA ans\u00e4ssige digitale B\u00f6rse, die f\u00fcr ihre Benutzerfreundlichkeit und die Einhaltung der Gesetze und Vorschriften der L\u00e4nder, in denen sie t\u00e4tig ist, bekannt ist. [...]<\/p>","protected":false},"author":3,"featured_media":0,"parent":3885,"menu_order":0,"comment_status":"closed","ping_status":"closed","template":"","meta":{"_genesis_hide_title":false,"_genesis_hide_breadcrumbs":false,"_genesis_hide_singular_image":false,"_genesis_hide_footer_widgets":false,"_genesis_custom_body_class":"","_genesis_custom_post_class":"","_genesis_layout":"","_glsr_average":0,"_glsr_ranking":0,"_glsr_reviews":0,"footnotes":""},"class_list":{"0":"post-3899","1":"page","2":"type-page","3":"status-publish","5":"entry"},"featured_image_src":null,"featured_image_src_square":null,"_links":{"self":[{"href":"https:\/\/coinkickoff.com\/de\/wp-json\/wp\/v2\/pages\/3899","targetHints":{"allow":["GET"]}}],"collection":[{"href":"https:\/\/coinkickoff.com\/de\/wp-json\/wp\/v2\/pages"}],"about":[{"href":"https:\/\/coinkickoff.com\/de\/wp-json\/wp\/v2\/types\/page"}],"author":[{"embeddable":true,"href":"https:\/\/coinkickoff.com\/de\/wp-json\/wp\/v2\/users\/3"}],"replies":[{"embeddable":true,"href":"https:\/\/coinkickoff.com\/de\/wp-json\/wp\/v2\/comments?post=3899"}],"version-history":[{"count":1,"href":"https:\/\/coinkickoff.com\/de\/wp-json\/wp\/v2\/pages\/3899\/revisions"}],"predecessor-version":[{"id":3900,"href":"https:\/\/coinkickoff.com\/de\/wp-json\/wp\/v2\/pages\/3899\/revisions\/3900"}],"up":[{"embeddable":true,"href":"https:\/\/coinkickoff.com\/de\/wp-json\/wp\/v2\/pages\/3885"}],"wp:attachment":[{"href":"https:\/\/coinkickoff.com\/de\/wp-json\/wp\/v2\/media?parent=3899"}],"curies":[{"name":"wp","href":"https:\/\/api.w.org\/{rel}","templated":true}]}}