{"id":3877,"date":"2026-01-08T14:06:52","date_gmt":"2026-01-08T14:06:52","guid":{"rendered":"https:\/\/coinkickoff.com\/?page_id=3877"},"modified":"2026-01-08T14:06:52","modified_gmt":"2026-01-08T14:06:52","slug":"how-to-buy-shiba-inu-on-kraken","status":"publish","type":"page","link":"https:\/\/coinkickoff.com\/de\/how-to-buy-shiba-inu\/how-to-buy-shiba-inu-on-kraken\/","title":{"rendered":"Wie man Shiba Inu auf Kraken kauft"},"content":{"rendered":"<div id=\"ez-toc-container\" class=\"ez-toc-v2_0_80 counter-hierarchy ez-toc-counter ez-toc-transparent ez-toc-container-direction\">\n<div class=\"ez-toc-title-container\">\n<p class=\"ez-toc-title\" style=\"cursor:inherit\">Rubriken<\/p>\n<span class=\"ez-toc-title-toggle\"><a href=\"#\" class=\"ez-toc-pull-right ez-toc-btn ez-toc-btn-xs ez-toc-btn-default ez-toc-toggle\" aria-label=\"Inhaltsverzeichnis umschalten\"><span class=\"ez-toc-js-icon-con\"><span class=\"\"><span class=\"eztoc-hide\" style=\"display:none;\">Umschalten auf<\/span><span class=\"ez-toc-icon-toggle-span\"><svg style=\"fill: #999;color:#999\" xmlns=\"http:\/\/www.w3.org\/2000\/svg\" class=\"list-377408\" width=\"20px\" height=\"20px\" viewbox=\"0 0 24 24\" fill=\"none\"><path d=\"M6 6H4v2h2V6zm14 0H8v2h12V6zM4 11h2v2H4v-2zm16 0H8v2h12v-2zM4 16h2v2H4v-2zm16 0H8v2h12v-2z\" fill=\"currentColor\"><\/path><\/svg><svg style=\"fill: #999;color:#999\" class=\"arrow-unsorted-368013\" xmlns=\"http:\/\/www.w3.org\/2000\/svg\" width=\"10px\" height=\"10px\" viewbox=\"0 0 24 24\" version=\"1.2\" baseprofile=\"tiny\"><path d=\"M18.2 9.3l-6.2-6.3-6.2 6.3c-.2.2-.3.4-.3.7s.1.5.3.7c.2.2.4.3.7.3h11c.3 0 .5-.1.7-.3.2-.2.3-.5.3-.7s-.1-.5-.3-.7zM5.8 14.7l6.2 6.3 6.2-6.3c.2-.2.3-.5.3-.7s-.1-.5-.3-.7c-.2-.2-.4-.3-.7-.3h-11c-.3 0-.5.1-.7.3-.2.2-.3.5-.3.7s.1.5.3.7z\"\/><\/svg><\/span><\/span><\/span><\/a><\/span><\/div>\n<nav><ul class='ez-toc-list ez-toc-list-level-1 eztoc-toggle-hide-by-default' ><li class='ez-toc-page-1 ez-toc-heading-level-2'><a class=\"ez-toc-link ez-toc-heading-1\" href=\"https:\/\/coinkickoff.com\/de\/how-to-buy-shiba-inu\/how-to-buy-shiba-inu-on-kraken\/#How_to_Buy_Shiba_Inu_on_Kraken_Exchange\" >Wie man Shiba Inu auf Kraken Exchange kauft<\/a><\/li><li class='ez-toc-page-1 ez-toc-heading-level-2'><a class=\"ez-toc-link ez-toc-heading-2\" href=\"https:\/\/coinkickoff.com\/de\/how-to-buy-shiba-inu\/how-to-buy-shiba-inu-on-kraken\/#A_Step-By-Step_Guide_on_How_to_Buy_Shiba_Inu_on_Kraken\" >Eine Schritt-f\u00fcr-Schritt-Anleitung, wie man Shiba Inu auf Kraken kauft<\/a><ul class='ez-toc-list-level-3' ><li class='ez-toc-heading-level-3'><a class=\"ez-toc-link ez-toc-heading-3\" href=\"https:\/\/coinkickoff.com\/de\/how-to-buy-shiba-inu\/how-to-buy-shiba-inu-on-kraken\/#1_Register_an_Account_on_Kraken\" >1. Ein Konto auf Kraken registrieren<\/a><\/li><li class='ez-toc-page-1 ez-toc-heading-level-3'><a class=\"ez-toc-link ez-toc-heading-4\" href=\"https:\/\/coinkickoff.com\/de\/how-to-buy-shiba-inu\/how-to-buy-shiba-inu-on-kraken\/#2_Verify_Your_Account\" >2. \u00dcberpr\u00fcfen Sie Ihr Konto<\/a><\/li><li class='ez-toc-page-1 ez-toc-heading-level-3'><a class=\"ez-toc-link ez-toc-heading-5\" href=\"https:\/\/coinkickoff.com\/de\/how-to-buy-shiba-inu\/how-to-buy-shiba-inu-on-kraken\/#3_Enable_2FA\" >3. Aktivieren Sie 2FA<\/a><\/li><li class='ez-toc-page-1 ez-toc-heading-level-3'><a class=\"ez-toc-link ez-toc-heading-6\" href=\"https:\/\/coinkickoff.com\/de\/how-to-buy-shiba-inu\/how-to-buy-shiba-inu-on-kraken\/#4_Add_an_Instant_Payment_Method\" >4. Eine sofortige Zahlungsmethode hinzuf\u00fcgen<\/a><\/li><li class='ez-toc-page-1 ez-toc-heading-level-3'><a class=\"ez-toc-link ez-toc-heading-7\" href=\"https:\/\/coinkickoff.com\/de\/how-to-buy-shiba-inu\/how-to-buy-shiba-inu-on-kraken\/#4_Navigate_to_the_Relevant_Screen_to_Buy\" >4. Navigieren Sie zum entsprechenden Bildschirm, um zu kaufen<\/a><\/li><\/ul><\/li><\/ul><\/nav><\/div>\n<h2><span class=\"ez-toc-section\" id=\"How_to_Buy_Shiba_Inu_on_Kraken_Exchange\"><\/span><span style=\"font-weight: 400;\">Wie man Shiba Inu auf Kraken Exchange kauft<\/span><span class=\"ez-toc-section-end\"><\/span><\/h2>\n<p><span style=\"font-weight: 400;\">Wie die meisten Kryptow\u00e4hrungen, <a href=\"https:\/\/coinkickoff.com\/de\/shiba-inu-shib\/\">Shiba Inu (SHIB)<\/a> ist ein spekulatives Gut: Sein Preis kann je nach den Launen von Prominenten, Vermarktern und sogar Reddit-Kommentatoren steigen und fallen. Als Meme coin ohne Anwendungsfall, <a href=\"https:\/\/coinkickoff.com\/de\/shiba-inu-shib\/\" data-internallinksmanager029f6b8e52c=\"16\" title=\"Was ist Shiba Inu (SHIB)? Wie funktioniert es und wo kann man es kaufen?\">SHIB<\/a> ist besonders anf\u00e4llig f\u00fcr gro\u00dfe und pl\u00f6tzliche Preisschwankungen, was ihn potenziell rentabel und riskant macht.<\/span><\/p>\n<p><span style=\"font-weight: 400;\">Sie k\u00f6nnen SHIB an mehreren Stellen kaufen <a href=\"https:\/\/coinkickoff.com\/de\/crypto-exchanges\/\" data-internallinksmanager029f6b8e52c=\"141\" title=\"21 beste Kryptow\u00e4hrungsb\u00f6rsen und Apps im Jahr 2024\">Krypto-B\u00f6rsen<\/a>dank seiner Popularit\u00e4t. In diesem Leitfaden erkl\u00e4ren wir Ihnen, wie Sie Shiba Inu auf <a href=\"https:\/\/coinkickoff.com\/de\/kraken-review\/\">Kraken<\/a>, eine in den USA ans\u00e4ssige Veteranenb\u00f6rse, die f\u00fcr ihre hohen Sicherheitsstandards bekannt ist.<\/span><\/p>\n<h2><span class=\"ez-toc-section\" id=\"A_Step-By-Step_Guide_on_How_to_Buy_Shiba_Inu_on_Kraken\"><\/span><span style=\"font-weight: 400;\">Eine Schritt-f\u00fcr-Schritt-Anleitung, wie man Shiba Inu auf Kraken kauft<\/span><span class=\"ez-toc-section-end\"><\/span><\/h2>\n<h3><span class=\"ez-toc-section\" id=\"1_Register_an_Account_on_Kraken\"><\/span><span style=\"font-weight: 400;\">1. Ein Konto auf Kraken registrieren<\/span><span class=\"ez-toc-section-end\"><\/span><\/h3>\n<p><img loading=\"lazy\" decoding=\"async\" class=\"alignnone wp-image-3406 size-full\" src=\"https:\/\/coinkickoff.com\/wp-content\/uploads\/kraken1-e1682502957481.png\" alt=\"wie man Dogecoin auf Kraken kauft\" width=\"1339\" height=\"763\" srcset=\"https:\/\/coinkickoff.com\/wp-content\/uploads\/kraken1-e1682502957481.png 1339w, https:\/\/coinkickoff.com\/wp-content\/uploads\/kraken1-e1682502957481-300x171.png 300w, https:\/\/coinkickoff.com\/wp-content\/uploads\/kraken1-e1682502957481-1024x584.png 1024w, https:\/\/coinkickoff.com\/wp-content\/uploads\/kraken1-e1682502957481-768x438.png 768w, https:\/\/coinkickoff.com\/wp-content\/uploads\/kraken1-e1682502957481-18x10.png 18w\" sizes=\"auto, (max-width: 1339px) 100vw, 1339px\" \/><\/p>\n<p><span style=\"font-weight: 400;\">Das Wichtigste zuerst: Gehen Sie zu <a href=\"https:\/\/coinkickoff.com\/de\/kraken-review\/\" data-internallinksmanager029f6b8e52c=\"171\" title=\"Kraken Bewertungen 2023: Geb\u00fchren, Eigenschaften, Sicherheit, Pro &amp; Kontra\">Kraken<\/a>Website und erstellen Sie ein Konto. F\u00fcllen Sie das Anmeldeformular aus und geben Sie alle erforderlichen Informationen ein. Vergewissern Sie sich, dass Sie eine g\u00fcltige E-Mail-Adresse angeben: Kraken verwendet diese, um Ihnen einen Aktivierungslink zu senden.<\/span><\/p>\n<h3><span class=\"ez-toc-section\" id=\"2_Verify_Your_Account\"><\/span><span style=\"font-weight: 400;\">2. \u00dcberpr\u00fcfen Sie Ihr Konto<\/span><span class=\"ez-toc-section-end\"><\/span><\/h3>\n<p><span style=\"font-weight: 400;\">Sobald Sie sich angemeldet haben, m\u00fcssen Sie die Identit\u00e4tspr\u00fcfung abschlie\u00dfen. Kraken ist ziemlich streng mit der Identit\u00e4ts\u00fcberpr\u00fcfung, so dass Sie diesen Schritt nicht \u00fcberspringen k\u00f6nnen. Sobald Sie versuchen, auf die Registerkarte \"Krypto kaufen\" oben auf dem Dashboard zu klicken, werden Sie aufgefordert, Ihre Identit\u00e4t zu verifizieren.<\/span><\/p>\n<p><img loading=\"lazy\" decoding=\"async\" class=\"alignnone wp-image-3407 size-full\" src=\"https:\/\/coinkickoff.com\/wp-content\/uploads\/kraken2-e1686524781685.png\" alt=\"Warnung vor der \u00dcberpr\u00fcfung durch Kraken\" width=\"1360\" height=\"791\" srcset=\"https:\/\/coinkickoff.com\/wp-content\/uploads\/kraken2-e1686524781685.png 1360w, https:\/\/coinkickoff.com\/wp-content\/uploads\/kraken2-e1686524781685-300x174.png 300w, https:\/\/coinkickoff.com\/wp-content\/uploads\/kraken2-e1686524781685-1024x596.png 1024w, https:\/\/coinkickoff.com\/wp-content\/uploads\/kraken2-e1686524781685-768x447.png 768w, https:\/\/coinkickoff.com\/wp-content\/uploads\/kraken2-e1686524781685-18x10.png 18w\" sizes=\"auto, (max-width: 1360px) 100vw, 1360px\" \/><\/p>\n<p><span style=\"font-weight: 400;\">Das Verifizierungsverfahren von Kraken ist ziemlich standardm\u00e4\u00dfig: Sie m\u00fcssen Ihren Namen, Ihre Adresse und Ihre pers\u00f6nlichen Daten eingeben und Ausweisdokumente hochladen.<\/span><\/p>\n<p><img loading=\"lazy\" decoding=\"async\" class=\"alignnone wp-image-3408 size-full\" src=\"https:\/\/coinkickoff.com\/wp-content\/uploads\/kraken3-e1682503223180.png\" alt=\"\" width=\"1375\" height=\"777\" srcset=\"https:\/\/coinkickoff.com\/wp-content\/uploads\/kraken3-e1682503223180.png 1375w, https:\/\/coinkickoff.com\/wp-content\/uploads\/kraken3-e1682503223180-300x170.png 300w, https:\/\/coinkickoff.com\/wp-content\/uploads\/kraken3-e1682503223180-1024x579.png 1024w, https:\/\/coinkickoff.com\/wp-content\/uploads\/kraken3-e1682503223180-768x434.png 768w, https:\/\/coinkickoff.com\/wp-content\/uploads\/kraken3-e1682503223180-18x10.png 18w, https:\/\/coinkickoff.com\/wp-content\/uploads\/kraken3-e1682503223180-600x338.png 600w\" sizes=\"auto, (max-width: 1375px) 100vw, 1375px\" \/><\/p>\n<p><span style=\"font-weight: 400;\">Geben Sie alle erforderlichen Informationen ein und klicken Sie auf \"Weiter\". Laden Sie die erforderlichen Dokumente hoch, wenn Sie dazu aufgefordert werden. Sie k\u00f6nnen den Vorgang in wenigen Minuten abschlie\u00dfen.\u00a0<\/span><\/p>\n<h3><span class=\"ez-toc-section\" id=\"3_Enable_2FA\"><\/span><span style=\"font-weight: 400;\">3. Aktivieren Sie 2FA<\/span><span class=\"ez-toc-section-end\"><\/span><\/h3>\n<p><span style=\"font-weight: 400;\">Sobald Sie ein verifizierter Benutzer sind, k\u00f6nnen Sie Geld auf Kraken einzahlen. Es ist jedoch ratsam, die Zwei-Faktor-Authentifizierung (2FA) zu aktivieren, bevor Sie Geld auf Ihr Konto einzahlen. 2FA verringert die Wahrscheinlichkeit, dass Ihr Konto (und Ihr Geld) gestohlen wird.<\/span><\/p>\n<p><span style=\"font-weight: 400;\">Klicken Sie auf Ihren Benutzernamen, der in der oberen rechten Ecke des Bildschirms angezeigt wird, und gehen Sie zu den 2FA-Einstellungen.<\/span><\/p>\n<p><img loading=\"lazy\" decoding=\"async\" class=\"alignnone wp-image-3409 size-full\" src=\"https:\/\/coinkickoff.com\/wp-content\/uploads\/kraken4-e1682503267822.png\" alt=\"\" width=\"1360\" height=\"795\" srcset=\"https:\/\/coinkickoff.com\/wp-content\/uploads\/kraken4-e1682503267822.png 1360w, https:\/\/coinkickoff.com\/wp-content\/uploads\/kraken4-e1682503267822-300x175.png 300w, https:\/\/coinkickoff.com\/wp-content\/uploads\/kraken4-e1682503267822-1024x599.png 1024w, https:\/\/coinkickoff.com\/wp-content\/uploads\/kraken4-e1682503267822-768x449.png 768w, https:\/\/coinkickoff.com\/wp-content\/uploads\/kraken4-e1682503267822-18x12.png 18w\" sizes=\"auto, (max-width: 1360px) 100vw, 1360px\" \/><\/p>\n<p><span style=\"font-weight: 400;\">Sie m\u00fcssen 2FA f\u00fcr Kontoanmeldungen aktivieren, aber Sie k\u00f6nnen es auch f\u00fcr andere Vorg\u00e4nge wie Handel und Finanzierung aktivieren. Klicken Sie zun\u00e4chst auf die hervorgehobene Schaltfl\u00e4che \"Jetzt aktivieren\".<\/span><\/p>\n<p><span style=\"font-weight: 400;\"><img loading=\"lazy\" decoding=\"async\" class=\"alignnone wp-image-3405 size-full\" src=\"https:\/\/coinkickoff.com\/wp-content\/uploads\/kraken-5-e1682503294785.png\" alt=\"\" width=\"1357\" height=\"770\" srcset=\"https:\/\/coinkickoff.com\/wp-content\/uploads\/kraken-5-e1682503294785.png 1357w, https:\/\/coinkickoff.com\/wp-content\/uploads\/kraken-5-e1682503294785-300x170.png 300w, https:\/\/coinkickoff.com\/wp-content\/uploads\/kraken-5-e1682503294785-1024x581.png 1024w, https:\/\/coinkickoff.com\/wp-content\/uploads\/kraken-5-e1682503294785-768x436.png 768w, https:\/\/coinkickoff.com\/wp-content\/uploads\/kraken-5-e1682503294785-18x10.png 18w\" sizes=\"auto, (max-width: 1357px) 100vw, 1357px\" \/><\/span><\/p>\n<p><span style=\"font-weight: 400;\">Auf der Website von Kraken wird die Funktionsweise von 2FA sehr detailliert erkl\u00e4rt und Sie erhalten Anweisungen, wie Sie vorgehen m\u00fcssen. Im Grunde genommen m\u00fcssen Sie sich nur die Google Authenticator-App besorgen und mit ihr den QR-Code scannen, den Kraken f\u00fcr Sie generiert. Die App gibt Ihnen einen Authentifizierungscode, um Ihre Sicherheit zu best\u00e4tigen. Geben Sie den Code in der App ein und klicken Sie auf \"Best\u00e4tigen\".<\/span><\/p>\n<p><img loading=\"lazy\" decoding=\"async\" class=\"alignnone wp-image-3410 size-full\" src=\"https:\/\/coinkickoff.com\/wp-content\/uploads\/kraken6-e1682503322525.png\" alt=\"\" width=\"1357\" height=\"791\" \/><\/p>\n<p><span style=\"font-weight: 400;\">Sie werden die Google Authenticator-App jedes Mal verwenden, wenn Sie sich bei Ihrem Konto anmelden.\u00a0<\/span><\/p>\n<h3><span class=\"ez-toc-section\" id=\"4_Add_an_Instant_Payment_Method\"><\/span><span style=\"font-weight: 400;\">4. Eine sofortige Zahlungsmethode hinzuf\u00fcgen<\/span><span class=\"ez-toc-section-end\"><\/span><\/h3>\n<p><span style=\"font-weight: 400;\">Der schnellste Weg, Shiba Inu (oder jede andere Kryptow\u00e4hrung) auf Kraken zu kaufen, ist, eine sofortige Zahlungsmethode zu Ihrem Konto hinzuzuf\u00fcgen. Sie k\u00f6nnen Kredit- und Debitkarten oder Ihr Online-Bankkonto mit dem Austausch verbinden.<\/span><\/p>\n<p><span style=\"font-weight: 400;\">Klicken Sie auf die Registerkarte \"Krypto kaufen\", um eine Karte mit Ihrem Konto zu verkn\u00fcpfen. Sie werden zur Seite \"Krypto-Kaufmethoden\" weitergeleitet, wo Sie eine Zahlungsmethode hinzuf\u00fcgen k\u00f6nnen.<\/span><\/p>\n<p><img loading=\"lazy\" decoding=\"async\" class=\"alignnone wp-image-3412 size-full\" src=\"https:\/\/coinkickoff.com\/wp-content\/uploads\/kraken8-e1682503364155.png\" alt=\"wie man Shiba Inu auf Kraken kauft\" width=\"1206\" height=\"781\" srcset=\"https:\/\/coinkickoff.com\/wp-content\/uploads\/kraken8-e1682503364155.png 1206w, https:\/\/coinkickoff.com\/wp-content\/uploads\/kraken8-e1682503364155-300x194.png 300w, https:\/\/coinkickoff.com\/wp-content\/uploads\/kraken8-e1682503364155-1024x663.png 1024w, https:\/\/coinkickoff.com\/wp-content\/uploads\/kraken8-e1682503364155-768x497.png 768w, https:\/\/coinkickoff.com\/wp-content\/uploads\/kraken8-e1682503364155-18x12.png 18w\" sizes=\"auto, (max-width: 1206px) 100vw, 1206px\" \/><\/p>\n<p><span style=\"font-weight: 400;\">Klicken Sie auf \"Zahlungsarten hinzuf\u00fcgen\". <\/span><\/p>\n<p><img loading=\"lazy\" decoding=\"async\" class=\"alignnone wp-image-3413 size-full\" src=\"https:\/\/coinkickoff.com\/wp-content\/uploads\/kraken9-e1682503407337.png\" alt=\"\" width=\"1196\" height=\"776\" srcset=\"https:\/\/coinkickoff.com\/wp-content\/uploads\/kraken9-e1682503407337.png 1196w, https:\/\/coinkickoff.com\/wp-content\/uploads\/kraken9-e1682503407337-300x195.png 300w, https:\/\/coinkickoff.com\/wp-content\/uploads\/kraken9-e1682503407337-1024x664.png 1024w, https:\/\/coinkickoff.com\/wp-content\/uploads\/kraken9-e1682503407337-768x498.png 768w, https:\/\/coinkickoff.com\/wp-content\/uploads\/kraken9-e1682503407337-18x12.png 18w\" sizes=\"auto, (max-width: 1196px) 100vw, 1196px\" \/><\/p>\n<p><span style=\"font-weight: 400;\">Sie k\u00f6nnen eine Debit- oder Kreditkarte hinzuf\u00fcgen, indem Sie einfach Ihre Kartendaten eingeben. Sie k\u00f6nnen auch Bargeld \u00fcber Online-Banking einzahlen, allerdings geht das nicht so schnell wie die erste Option.<\/span><\/p>\n<h3><span class=\"ez-toc-section\" id=\"4_Navigate_to_the_Relevant_Screen_to_Buy\"><\/span><span style=\"font-weight: 400;\">4. Navigieren Sie zum entsprechenden Bildschirm, um zu kaufen<\/span><span class=\"ez-toc-section-end\"><\/span><\/h3>\n<p><span style=\"font-weight: 400;\">Sobald Sie eine Zahlungsmethode zu Ihrem Kraken-Konto hinzugef\u00fcgt haben, ist der Kauf von SHIB sehr einfach. Klicken Sie auf der Seite \"Krypto kaufen\" auf \"Kaufen\".<\/span><\/p>\n<p><span style=\"font-weight: 400;\">Im Dropdown-Men\u00fc sehen Sie die angebotenen Assets. W\u00e4hlen Sie Shiba Inu aus der Liste aus (Sie finden es als SHIB aufgef\u00fchrt). Geben Sie den Betrag ein, den Sie f\u00fcr Shib ausgeben m\u00f6chten, w\u00e4hlen Sie Ihre Zahlungsmethode und klicken Sie auf Best\u00e4tigen.<\/span><\/p>\n<p><span style=\"font-weight: 400;\">W\u00e4hrend diese Option sehr schnell ist, k\u00f6nnen K\u00e4ufe mit Kredit- und Debitkarten \u00fcber das Easy Buy Widget sehr kostspielig sein. Wenn Sie keine hohen Geb\u00fchren f\u00fcr den Kauf von Shiba Inu zahlen m\u00f6chten, k\u00f6nnen Sie die zweite Methode verwenden, die wir weiter unten beschreiben.<\/span><\/p>\n<p><span style=\"font-weight: 400;\">Sie k\u00f6nnen ausgew\u00e4hlte Fiat-W\u00e4hrungen, einschlie\u00dflich USD, f\u00fcr Shiba Inu auf Kraken handeln. Beachten Sie, dass Sie Geld auf Ihr Konto einzahlen m\u00fcssen, um von den g\u00fcnstigeren Geb\u00fchren bei Kraken zu profitieren. Sie k\u00f6nnen keine Debit- oder Kreditkarten f\u00fcr den Handel auf Kraken verwenden.<\/span><\/p>\n<p><span style=\"font-weight: 400;\">Es gibt zwei M\u00f6glichkeiten, Ihre USD in Shiba Inu auf Kraken umzuwandeln: Sie k\u00f6nnen verwenden <\/span><a href=\"https:\/\/kraken.pxf.io\/B0Rny4convert\/shib\/usd\" target=\"_blank\" rel=\"noopener\"><span style=\"font-weight: 400;\">Krakens Auto-Konverter<\/span><\/a><span style=\"font-weight: 400;\"> oder f\u00fchren Sie einen Handel aus, indem Sie einen Auftrag f\u00fcr Shiba Inu erteilen.<\/span><\/p>\n<p><span style=\"font-weight: 400;\">Der automatische Konverter ist der einfachste Weg, USD f\u00fcr Kraken zu handeln, aber wenn Sie Ihren eigenen Preis bestimmen wollen, ist eine Bestellung der richtige Weg.<\/span><\/p>\n<p><span style=\"font-weight: 400;\">Wenn Sie einen Auftrag erteilen m\u00f6chten, gehen Sie auf Ihre Registerkarte \"Handel\" und klicken Sie auf \"Neuer Auftrag\". W\u00e4hlen Sie das Handelspaar USD\/SHIB.<\/span><\/p>\n<p><span style=\"font-weight: 400;\">Das Bestellformular sieht vielleicht verwirrend aus, aber es ist ganz einfach: Geben Sie einfach ein, wie viel Sie ausgeben m\u00f6chten. Sie k\u00f6nnen entweder den Marktpreis f\u00fcr SHIB akzeptieren oder einen Preis f\u00fcr sich selbst festlegen. Wenn Sie einen zu niedrigen Preis festlegen, kann es eine Weile dauern, bis Ihre Bestellung ausgef\u00fchrt wird.<\/span><\/p>\n<p><span style=\"font-weight: 400;\">Herzlichen Gl\u00fcckwunsch! Sie wissen jetzt, wie Sie Shiba Inu auf Kraken kaufen k\u00f6nnen.<\/span><\/p>","protected":false},"excerpt":{"rendered":"<p>Wie man Shiba Inu auf Kraken Exchange kauft Wie die meisten Kryptow\u00e4hrungen ist Shiba Inu (SHIB) ein spekulativer Wert: Sein Preis kann je nach den Launen von Prominenten, Vermarktern und sogar Reddit-Kommentatoren steigen und fallen. Als Meme coin ohne Anwendungsfall, SHIB ist besonders anf\u00e4llig f\u00fcr gro\u00dfe und pl\u00f6tzliche Preisschwankungen, so dass es [...]<\/p>","protected":false},"author":3,"featured_media":0,"parent":3709,"menu_order":0,"comment_status":"closed","ping_status":"closed","template":"","meta":{"_genesis_hide_title":false,"_genesis_hide_breadcrumbs":false,"_genesis_hide_singular_image":false,"_genesis_hide_footer_widgets":false,"_genesis_custom_body_class":"","_genesis_custom_post_class":"","_genesis_layout":"","_glsr_average":0,"_glsr_ranking":0,"_glsr_reviews":0,"footnotes":""},"class_list":{"0":"post-3877","1":"page","2":"type-page","3":"status-publish","5":"entry"},"featured_image_src":null,"featured_image_src_square":null,"_links":{"self":[{"href":"https:\/\/coinkickoff.com\/de\/wp-json\/wp\/v2\/pages\/3877","targetHints":{"allow":["GET"]}}],"collection":[{"href":"https:\/\/coinkickoff.com\/de\/wp-json\/wp\/v2\/pages"}],"about":[{"href":"https:\/\/coinkickoff.com\/de\/wp-json\/wp\/v2\/types\/page"}],"author":[{"embeddable":true,"href":"https:\/\/coinkickoff.com\/de\/wp-json\/wp\/v2\/users\/3"}],"replies":[{"embeddable":true,"href":"https:\/\/coinkickoff.com\/de\/wp-json\/wp\/v2\/comments?post=3877"}],"version-history":[{"count":3,"href":"https:\/\/coinkickoff.com\/de\/wp-json\/wp\/v2\/pages\/3877\/revisions"}],"predecessor-version":[{"id":3880,"href":"https:\/\/coinkickoff.com\/de\/wp-json\/wp\/v2\/pages\/3877\/revisions\/3880"}],"up":[{"embeddable":true,"href":"https:\/\/coinkickoff.com\/de\/wp-json\/wp\/v2\/pages\/3709"}],"wp:attachment":[{"href":"https:\/\/coinkickoff.com\/de\/wp-json\/wp\/v2\/media?parent=3877"}],"curies":[{"name":"wp","href":"https:\/\/api.w.org\/{rel}","templated":true}]}}