{"id":3447,"date":"2026-01-08T14:07:31","date_gmt":"2026-01-08T14:07:31","guid":{"rendered":"https:\/\/coinkickoff.com\/?page_id=3447"},"modified":"2026-01-08T14:07:31","modified_gmt":"2026-01-08T14:07:31","slug":"how-to-buy-dogecoin-on-bitmart","status":"publish","type":"page","link":"https:\/\/coinkickoff.com\/de\/how-to-buy-dogecoin\/how-to-buy-dogecoin-on-bitmart\/","title":{"rendered":"Wie man Dogecoin (DOGE) auf Bitmart kauft"},"content":{"rendered":"<div id=\"ez-toc-container\" class=\"ez-toc-v2_0_80 counter-hierarchy ez-toc-counter ez-toc-transparent ez-toc-container-direction\">\n<div class=\"ez-toc-title-container\">\n<p class=\"ez-toc-title\" style=\"cursor:inherit\">Rubriken<\/p>\n<span class=\"ez-toc-title-toggle\"><a href=\"#\" class=\"ez-toc-pull-right ez-toc-btn ez-toc-btn-xs ez-toc-btn-default ez-toc-toggle\" aria-label=\"Inhaltsverzeichnis umschalten\"><span class=\"ez-toc-js-icon-con\"><span class=\"\"><span class=\"eztoc-hide\" style=\"display:none;\">Umschalten auf<\/span><span class=\"ez-toc-icon-toggle-span\"><svg style=\"fill: #999;color:#999\" xmlns=\"http:\/\/www.w3.org\/2000\/svg\" class=\"list-377408\" width=\"20px\" height=\"20px\" viewbox=\"0 0 24 24\" fill=\"none\"><path d=\"M6 6H4v2h2V6zm14 0H8v2h12V6zM4 11h2v2H4v-2zm16 0H8v2h12v-2zM4 16h2v2H4v-2zm16 0H8v2h12v-2z\" fill=\"currentColor\"><\/path><\/svg><svg style=\"fill: #999;color:#999\" class=\"arrow-unsorted-368013\" xmlns=\"http:\/\/www.w3.org\/2000\/svg\" width=\"10px\" height=\"10px\" viewbox=\"0 0 24 24\" version=\"1.2\" baseprofile=\"tiny\"><path d=\"M18.2 9.3l-6.2-6.3-6.2 6.3c-.2.2-.3.4-.3.7s.1.5.3.7c.2.2.4.3.7.3h11c.3 0 .5-.1.7-.3.2-.2.3-.5.3-.7s-.1-.5-.3-.7zM5.8 14.7l6.2 6.3 6.2-6.3c.2-.2.3-.5.3-.7s-.1-.5-.3-.7c-.2-.2-.4-.3-.7-.3h-11c-.3 0-.5.1-.7.3-.2.2-.3.5-.3.7s.1.5.3.7z\"\/><\/svg><\/span><\/span><\/span><\/a><\/span><\/div>\n<nav><ul class='ez-toc-list ez-toc-list-level-1 eztoc-toggle-hide-by-default' ><li class='ez-toc-page-1 ez-toc-heading-level-2'><a class=\"ez-toc-link ez-toc-heading-1\" href=\"https:\/\/coinkickoff.com\/de\/how-to-buy-dogecoin\/how-to-buy-dogecoin-on-bitmart\/#How_to_Buy_Dogecoin_on_Bitmart\" >Wie man Dogecoin auf Bitmart kauft<\/a><\/li><li class='ez-toc-page-1 ez-toc-heading-level-2'><a class=\"ez-toc-link ez-toc-heading-2\" href=\"https:\/\/coinkickoff.com\/de\/how-to-buy-dogecoin\/how-to-buy-dogecoin-on-bitmart\/#A_Step-By-Step_Guide_on_How_to_Buy_Dogecoin_on_Bitmart\" >Eine Schritt-f\u00fcr-Schritt-Anleitung, wie man Dogecoin auf Bitmart kauft<\/a><ul class='ez-toc-list-level-3' ><li class='ez-toc-heading-level-3'><a class=\"ez-toc-link ez-toc-heading-3\" href=\"https:\/\/coinkickoff.com\/de\/how-to-buy-dogecoin\/how-to-buy-dogecoin-on-bitmart\/#1_Register_an_Account\" >1. Konto registrieren<\/a><\/li><li class='ez-toc-page-1 ez-toc-heading-level-3'><a class=\"ez-toc-link ez-toc-heading-4\" href=\"https:\/\/coinkickoff.com\/de\/how-to-buy-dogecoin\/how-to-buy-dogecoin-on-bitmart\/#2_Verify_Your_Account\" >2. \u00dcberpr\u00fcfen Sie Ihr Konto<\/a><\/li><li class='ez-toc-page-1 ez-toc-heading-level-3'><a class=\"ez-toc-link ez-toc-heading-5\" href=\"https:\/\/coinkickoff.com\/de\/how-to-buy-dogecoin\/how-to-buy-dogecoin-on-bitmart\/#3_Buy_Crypto\" >3. Krypto kaufen<\/a><\/li><\/ul><\/li><\/ul><\/nav><\/div>\n<h2><span class=\"ez-toc-section\" id=\"How_to_Buy_Dogecoin_on_Bitmart\"><\/span><span style=\"font-weight: 400;\"><img loading=\"lazy\" decoding=\"async\" class=\"alignnone wp-image-155 size-full\" src=\"https:\/\/coinkickoff.com\/wp-content\/uploads\/2022\/06\/Dogecoin-DOGE.jpg\" alt=\"Wie kann ich dogecoin kaufen?\" width=\"1000\" height=\"800\" srcset=\"https:\/\/coinkickoff.com\/wp-content\/uploads\/2022\/06\/Dogecoin-DOGE.jpg 1000w, https:\/\/coinkickoff.com\/wp-content\/uploads\/2022\/06\/Dogecoin-DOGE-300x240.jpg 300w, https:\/\/coinkickoff.com\/wp-content\/uploads\/2022\/06\/Dogecoin-DOGE-768x614.jpg 768w, https:\/\/coinkickoff.com\/wp-content\/uploads\/2022\/06\/Dogecoin-DOGE-15x12.jpg 15w\" sizes=\"auto, (max-width: 1000px) 100vw, 1000px\" \/>Wie man Dogecoin auf Bitmart kauft<\/span><span class=\"ez-toc-section-end\"><\/span><\/h2>\n<p><span style=\"font-weight: 400;\"><a href=\"https:\/\/coinkickoff.com\/de\/dogecoin-doge\/\" data-internallinksmanager029f6b8e52c=\"14\" title=\"Was ist Dogecoin (DOGE)? Wie funktioniert es und wo kann man es kaufen?\">Dogecoin<\/a>Die Kryptow\u00e4hrung coin, die zun\u00e4chst als Scherz eingef\u00fchrt wurde, entwickelte sich dank der Popularit\u00e4t des Internets zu einem Ph\u00e4nomen. Obwohl der Verm\u00f6genswert aufgrund seines massiven Gesamtangebots gr\u00f6\u00dftenteils wertlos ist, bleibt er eine beliebte Kryptow\u00e4hrung, die viele in ihre Portfolios aufnehmen.<\/span><\/p>\n<p><span style=\"font-weight: 400;\">Wenn Sie Dogecoin kaufen m\u00f6chten, aber nicht wissen, wie Sie es machen sollen, haben wir f\u00fcr Sie eine L\u00f6sung. Hier ist eine Schritt-f\u00fcr-Schritt-Anleitung, wie Sie Dogecoin auf der <a href=\"https:\/\/coinkickoff.com\/de\/bitmart-review\/\" data-internallinksmanager029f6b8e52c=\"162\" title=\"Bitmart Bewertungen 2023: Preise, Eigenschaften, Sicherheit, Pro &amp; Kontra\">Bitmart<\/a> Austausch.<\/span><\/p>\n<h2><span class=\"ez-toc-section\" id=\"A_Step-By-Step_Guide_on_How_to_Buy_Dogecoin_on_Bitmart\"><\/span><span style=\"font-weight: 400;\">Eine Schritt-f\u00fcr-Schritt-Anleitung, wie man Dogecoin auf Bitmart kauft<\/span><span class=\"ez-toc-section-end\"><\/span><\/h2>\n<h3><span class=\"ez-toc-section\" id=\"1_Register_an_Account\"><\/span><span style=\"font-weight: 400;\">1. Konto registrieren<\/span><span class=\"ez-toc-section-end\"><\/span><\/h3>\n<p><span style=\"font-weight: 400;\">Melden Sie sich zun\u00e4chst bei Ihrem Bitmart-Konto an. Wenn Sie noch kein <a href=\"https:\/\/www.bitmart.com\/register-referral\/en?r=A9JwPa\" target=\"_blank\" rel=\"noopener\">Bitmart-Konto<\/a>und klicken Sie auf \"Anmelden\".<\/span><\/p>\n<p><img loading=\"lazy\" decoding=\"async\" class=\"alignnone wp-image-3448 size-full\" src=\"https:\/\/coinkickoff.com\/wp-content\/uploads\/Screen-Shot-2023-03-28-at-7.50.10-AM-e1682512772323.png\" alt=\"wie man Dogecoin auf Bitmart kauft\" width=\"1378\" height=\"685\" srcset=\"https:\/\/coinkickoff.com\/wp-content\/uploads\/Screen-Shot-2023-03-28-at-7.50.10-AM-e1682512772323.png 1378w, https:\/\/coinkickoff.com\/wp-content\/uploads\/Screen-Shot-2023-03-28-at-7.50.10-AM-e1682512772323-300x149.png 300w, https:\/\/coinkickoff.com\/wp-content\/uploads\/Screen-Shot-2023-03-28-at-7.50.10-AM-e1682512772323-1024x509.png 1024w, https:\/\/coinkickoff.com\/wp-content\/uploads\/Screen-Shot-2023-03-28-at-7.50.10-AM-e1682512772323-768x382.png 768w, https:\/\/coinkickoff.com\/wp-content\/uploads\/Screen-Shot-2023-03-28-at-7.50.10-AM-e1682512772323-18x9.png 18w\" sizes=\"auto, (max-width: 1378px) 100vw, 1378px\" \/><\/p>\n<p><span style=\"font-weight: 400;\">Sie k\u00f6nnen ein Konto mit Ihrer Handynummer oder E-Mail erstellen. Nachdem Sie auf \"Anmelden\" geklickt haben, erhalten Sie einen Best\u00e4tigungscode. Verwenden Sie diesen Code, um auf Ihr Konto zuzugreifen.\u00a0\u00a0<\/span><\/p>\n<h3><span class=\"ez-toc-section\" id=\"2_Verify_Your_Account\"><\/span><span style=\"font-weight: 400;\">2. \u00dcberpr\u00fcfen Sie Ihr Konto<\/span><span class=\"ez-toc-section-end\"><\/span><\/h3>\n<p><img loading=\"lazy\" decoding=\"async\" class=\"alignnone wp-image-3449 size-full\" src=\"https:\/\/coinkickoff.com\/wp-content\/uploads\/Screen-Shot-2023-03-28-at-7.51.33-AM-e1682512794900.png\" alt=\"\" width=\"1382\" height=\"683\" srcset=\"https:\/\/coinkickoff.com\/wp-content\/uploads\/Screen-Shot-2023-03-28-at-7.51.33-AM-e1682512794900.png 1382w, https:\/\/coinkickoff.com\/wp-content\/uploads\/Screen-Shot-2023-03-28-at-7.51.33-AM-e1682512794900-300x148.png 300w, https:\/\/coinkickoff.com\/wp-content\/uploads\/Screen-Shot-2023-03-28-at-7.51.33-AM-e1682512794900-1024x506.png 1024w, https:\/\/coinkickoff.com\/wp-content\/uploads\/Screen-Shot-2023-03-28-at-7.51.33-AM-e1682512794900-768x380.png 768w, https:\/\/coinkickoff.com\/wp-content\/uploads\/Screen-Shot-2023-03-28-at-7.51.33-AM-e1682512794900-18x9.png 18w\" sizes=\"auto, (max-width: 1382px) 100vw, 1382px\" \/><\/p>\n<p><span style=\"font-weight: 400;\">Um bei Bitmart einzuzahlen und zu handeln, m\u00fcssen Sie eine Identit\u00e4tspr\u00fcfung durchf\u00fchren. Klicken Sie auf das Profilsymbol in der oberen rechten Ecke der Homepage und w\u00e4hlen Sie \"Verifizierung\".<\/span><\/p>\n<p><img loading=\"lazy\" decoding=\"async\" class=\"alignnone wp-image-3450 size-full\" src=\"https:\/\/coinkickoff.com\/wp-content\/uploads\/Screen-Shot-2023-03-28-at-7.51.59-AM-e1682512815734.png\" alt=\"\" width=\"1439\" height=\"820\" srcset=\"https:\/\/coinkickoff.com\/wp-content\/uploads\/Screen-Shot-2023-03-28-at-7.51.59-AM-e1682512815734.png 1439w, https:\/\/coinkickoff.com\/wp-content\/uploads\/Screen-Shot-2023-03-28-at-7.51.59-AM-e1682512815734-300x171.png 300w, https:\/\/coinkickoff.com\/wp-content\/uploads\/Screen-Shot-2023-03-28-at-7.51.59-AM-e1682512815734-1024x584.png 1024w, https:\/\/coinkickoff.com\/wp-content\/uploads\/Screen-Shot-2023-03-28-at-7.51.59-AM-e1682512815734-768x438.png 768w, https:\/\/coinkickoff.com\/wp-content\/uploads\/Screen-Shot-2023-03-28-at-7.51.59-AM-e1682512815734-18x10.png 18w\" sizes=\"auto, (max-width: 1439px) 100vw, 1439px\" \/><\/p>\n<p><span style=\"font-weight: 400;\">Sie k\u00f6nnen entweder die Verifizierungsstufe 1 oder die Verifizierungsstufe 2 w\u00e4hlen. Die Verifizierungsstufe 1 reicht aus, um auf der Plattform einzuzahlen und DOGE zu kaufen.<\/span><\/p>\n<p><span style=\"font-weight: 400;\">Klicken Sie auf \"Jetzt \u00fcberpr\u00fcfen\".<\/span><\/p>\n<p><span style=\"font-weight: 400;\">Die Identit\u00e4ts\u00fcberpr\u00fcfung der Stufe 1 ist recht einfach: Geben Sie einfach Ihr Wohnsitzland, Ihren offiziellen Namen und Ihr Geburtsdatum ein. Je nach Ihrem Heimatland werden Ihnen m\u00f6glicherweise einige Fragen gestellt, aber f\u00fcr die meisten Nutzer ist die Identit\u00e4tspr\u00fcfung unkompliziert und kann innerhalb weniger Minuten abgeschlossen werden.<\/span><\/p>\n<p><img loading=\"lazy\" decoding=\"async\" class=\"alignnone wp-image-3451 size-full\" src=\"https:\/\/coinkickoff.com\/wp-content\/uploads\/Screen-Shot-2023-03-28-at-7.52.15-AM-e1682512834855.png\" alt=\"\" width=\"1436\" height=\"820\" srcset=\"https:\/\/coinkickoff.com\/wp-content\/uploads\/Screen-Shot-2023-03-28-at-7.52.15-AM-e1682512834855.png 1436w, https:\/\/coinkickoff.com\/wp-content\/uploads\/Screen-Shot-2023-03-28-at-7.52.15-AM-e1682512834855-300x171.png 300w, https:\/\/coinkickoff.com\/wp-content\/uploads\/Screen-Shot-2023-03-28-at-7.52.15-AM-e1682512834855-1024x585.png 1024w, https:\/\/coinkickoff.com\/wp-content\/uploads\/Screen-Shot-2023-03-28-at-7.52.15-AM-e1682512834855-768x439.png 768w, https:\/\/coinkickoff.com\/wp-content\/uploads\/Screen-Shot-2023-03-28-at-7.52.15-AM-e1682512834855-18x10.png 18w\" sizes=\"auto, (max-width: 1436px) 100vw, 1436px\" \/><\/p>\n<h3><span class=\"ez-toc-section\" id=\"3_Buy_Crypto\"><\/span><span style=\"font-weight: 400;\">3. Krypto kaufen<\/span><span class=\"ez-toc-section-end\"><\/span><\/h3>\n<p><span style=\"font-weight: 400;\">Sobald Sie mit der \u00dcberpr\u00fcfung fertig sind, gehen Sie zur\u00fcck zur Startseite und klicken Sie auf die Schaltfl\u00e4che \"Kaufen&amp;Verkaufen\" in der oberen rechten Ecke.<\/span><\/p>\n<p><span style=\"font-weight: 400;\">Stellen Sie auf der neuen Seite die Zahlungsw\u00e4hrung ein (z. B. USD) und w\u00e4hlen Sie DOGE aus der Liste der verf\u00fcgbaren digitalen Verm\u00f6genswerte. Geben Sie in das erste Feld ein, wie viel Sie zahlen m\u00f6chten. Der Mindestzahlungsbetrag betr\u00e4gt 30 USD.<\/span><\/p>\n<p><img loading=\"lazy\" decoding=\"async\" class=\"alignnone wp-image-3452 size-full\" src=\"https:\/\/coinkickoff.com\/wp-content\/uploads\/Screen-Shot-2023-03-28-at-7.52.39-AM-e1682512882816.png\" alt=\"\" width=\"1421\" height=\"817\" srcset=\"https:\/\/coinkickoff.com\/wp-content\/uploads\/Screen-Shot-2023-03-28-at-7.52.39-AM-e1682512882816.png 1421w, https:\/\/coinkickoff.com\/wp-content\/uploads\/Screen-Shot-2023-03-28-at-7.52.39-AM-e1682512882816-300x172.png 300w, https:\/\/coinkickoff.com\/wp-content\/uploads\/Screen-Shot-2023-03-28-at-7.52.39-AM-e1682512882816-1024x589.png 1024w, https:\/\/coinkickoff.com\/wp-content\/uploads\/Screen-Shot-2023-03-28-at-7.52.39-AM-e1682512882816-768x442.png 768w, https:\/\/coinkickoff.com\/wp-content\/uploads\/Screen-Shot-2023-03-28-at-7.52.39-AM-e1682512882816-18x10.png 18w\" sizes=\"auto, (max-width: 1421px) 100vw, 1421px\" \/><\/p>\n<p><span style=\"font-weight: 400;\">Sobald Sie den Betrag eingegeben haben, den Sie kaufen m\u00f6chten, m\u00fcssen Sie einen Zahlungsweg w\u00e4hlen. Bitmart bietet eine ganze Reihe von Drittanbieter-Optionen zur Auswahl und schl\u00e4gt Ihnen hilfreicherweise die g\u00fcnstigste Option vor.<\/span><\/p>\n<p><span style=\"font-weight: 400;\">\u00dcberpr\u00fcfen Sie die Zahlungsdetails und fahren Sie fort. Sie werden auf die Seite des Zahlungskanals weitergeleitet, um Ihre Bestellung zu best\u00e4tigen. \u00dcberpr\u00fcfen Sie die Details und schlie\u00dfen Sie Ihre Bestellung ab.<\/span><\/p>\n<p><img loading=\"lazy\" decoding=\"async\" class=\"alignnone wp-image-3453 size-full\" src=\"https:\/\/coinkickoff.com\/wp-content\/uploads\/Screen-Shot-2023-03-28-at-7.53.17-AM-e1682512901132.png\" alt=\"\" width=\"1439\" height=\"806\" srcset=\"https:\/\/coinkickoff.com\/wp-content\/uploads\/Screen-Shot-2023-03-28-at-7.53.17-AM-e1682512901132.png 1439w, https:\/\/coinkickoff.com\/wp-content\/uploads\/Screen-Shot-2023-03-28-at-7.53.17-AM-e1682512901132-300x168.png 300w, https:\/\/coinkickoff.com\/wp-content\/uploads\/Screen-Shot-2023-03-28-at-7.53.17-AM-e1682512901132-1024x574.png 1024w, https:\/\/coinkickoff.com\/wp-content\/uploads\/Screen-Shot-2023-03-28-at-7.53.17-AM-e1682512901132-768x430.png 768w, https:\/\/coinkickoff.com\/wp-content\/uploads\/Screen-Shot-2023-03-28-at-7.53.17-AM-e1682512901132-18x10.png 18w\" sizes=\"auto, (max-width: 1439px) 100vw, 1439px\" \/><\/p>\n<p><span style=\"font-weight: 400;\">W\u00e4hlen Sie einen der Zahlungskan\u00e4le und \u00fcberpr\u00fcfen Sie Ihre Transaktionsdetails. Klicken Sie auf \"Weiter\", um zum Zahlungskanal weitergeleitet zu werden und Ihre Bestellung zu best\u00e4tigen.\u00a0<\/span><\/p>\n<p><span style=\"font-weight: 400;\">Sobald Sie die Bestelldetails \u00fcberpr\u00fcft haben, best\u00e4tigen Sie Ihren Kauf. Weitere Informationen finden Sie in unseren Artikeln \u00fcber <a href=\"https:\/\/coinkickoff.com\/de\/dogecoin-doge\/\">Dogecoin<\/a> und die <a href=\"https:\/\/coinkickoff.com\/de\/bitmart-review\/\">Bitmart-B\u00f6rse<\/a>.<\/span><\/p>","protected":false},"excerpt":{"rendered":"<p>Wie man Dogecoin auf Bitmart kauft Dogecoin, urspr\u00fcnglich als Scherz coin eingef\u00fchrt, wurde dank der Popularit\u00e4t des Internets zu einem Ph\u00e4nomen. Obwohl der Verm\u00f6genswert aufgrund seines massiven Gesamtangebots gr\u00f6\u00dftenteils wertlos ist, bleibt er eine beliebte Kryptow\u00e4hrung, die viele in ihre Portfolios aufnehmen. Wenn Sie Dogecoin kaufen m\u00f6chten, aber nicht wissen, wie Sie es tun sollen, [...]<\/p>","protected":false},"author":3,"featured_media":155,"parent":3196,"menu_order":0,"comment_status":"closed","ping_status":"closed","template":"","meta":{"_genesis_hide_title":false,"_genesis_hide_breadcrumbs":false,"_genesis_hide_singular_image":false,"_genesis_hide_footer_widgets":false,"_genesis_custom_body_class":"","_genesis_custom_post_class":"","_genesis_layout":"","_glsr_average":0,"_glsr_ranking":0,"_glsr_reviews":0,"footnotes":""},"class_list":{"0":"post-3447","1":"page","2":"type-page","3":"status-publish","4":"has-post-thumbnail","6":"entry"},"featured_image_src":"https:\/\/coinkickoff.com\/wp-content\/uploads\/2022\/06\/Dogecoin-DOGE-600x400.jpg","featured_image_src_square":"https:\/\/coinkickoff.com\/wp-content\/uploads\/2022\/06\/Dogecoin-DOGE-600x600.jpg","_links":{"self":[{"href":"https:\/\/coinkickoff.com\/de\/wp-json\/wp\/v2\/pages\/3447","targetHints":{"allow":["GET"]}}],"collection":[{"href":"https:\/\/coinkickoff.com\/de\/wp-json\/wp\/v2\/pages"}],"about":[{"href":"https:\/\/coinkickoff.com\/de\/wp-json\/wp\/v2\/types\/page"}],"author":[{"embeddable":true,"href":"https:\/\/coinkickoff.com\/de\/wp-json\/wp\/v2\/users\/3"}],"replies":[{"embeddable":true,"href":"https:\/\/coinkickoff.com\/de\/wp-json\/wp\/v2\/comments?post=3447"}],"version-history":[{"count":4,"href":"https:\/\/coinkickoff.com\/de\/wp-json\/wp\/v2\/pages\/3447\/revisions"}],"predecessor-version":[{"id":4488,"href":"https:\/\/coinkickoff.com\/de\/wp-json\/wp\/v2\/pages\/3447\/revisions\/4488"}],"up":[{"embeddable":true,"href":"https:\/\/coinkickoff.com\/de\/wp-json\/wp\/v2\/pages\/3196"}],"wp:featuredmedia":[{"embeddable":true,"href":"https:\/\/coinkickoff.com\/de\/wp-json\/wp\/v2\/media\/155"}],"wp:attachment":[{"href":"https:\/\/coinkickoff.com\/de\/wp-json\/wp\/v2\/media?parent=3447"}],"curies":[{"name":"wp","href":"https:\/\/api.w.org\/{rel}","templated":true}]}}