{"id":3424,"date":"2026-01-08T14:07:30","date_gmt":"2026-01-08T14:07:30","guid":{"rendered":"https:\/\/coinkickoff.com\/?page_id=3424"},"modified":"2026-01-08T14:07:30","modified_gmt":"2026-01-08T14:07:30","slug":"how-to-buy-dogecoin-on-mexc","status":"publish","type":"page","link":"https:\/\/coinkickoff.com\/de\/how-to-buy-dogecoin\/how-to-buy-dogecoin-on-mexc\/","title":{"rendered":"Wie man Dogecoin (DOGE) auf MEXC kauft"},"content":{"rendered":"<h2><span style=\"font-weight: 400;\"><img loading=\"lazy\" decoding=\"async\" class=\"alignnone wp-image-155 size-full\" src=\"https:\/\/coinkickoff.com\/wp-content\/uploads\/2022\/06\/Dogecoin-DOGE.jpg\" alt=\"Wie kann ich dogecoin kaufen?\" width=\"1000\" height=\"800\" srcset=\"https:\/\/coinkickoff.com\/wp-content\/uploads\/2022\/06\/Dogecoin-DOGE.jpg 1000w, https:\/\/coinkickoff.com\/wp-content\/uploads\/2022\/06\/Dogecoin-DOGE-300x240.jpg 300w, https:\/\/coinkickoff.com\/wp-content\/uploads\/2022\/06\/Dogecoin-DOGE-768x614.jpg 768w, https:\/\/coinkickoff.com\/wp-content\/uploads\/2022\/06\/Dogecoin-DOGE-15x12.jpg 15w\" sizes=\"auto, (max-width: 1000px) 100vw, 1000px\" \/><\/span><\/h2>\n<div id=\"ez-toc-container\" class=\"ez-toc-v2_0_80 counter-hierarchy ez-toc-counter ez-toc-transparent ez-toc-container-direction\">\n<div class=\"ez-toc-title-container\">\n<p class=\"ez-toc-title\" style=\"cursor:inherit\">Rubriken<\/p>\n<span class=\"ez-toc-title-toggle\"><a href=\"#\" class=\"ez-toc-pull-right ez-toc-btn ez-toc-btn-xs ez-toc-btn-default ez-toc-toggle\" aria-label=\"Inhaltsverzeichnis umschalten\"><span class=\"ez-toc-js-icon-con\"><span class=\"\"><span class=\"eztoc-hide\" style=\"display:none;\">Umschalten auf<\/span><span class=\"ez-toc-icon-toggle-span\"><svg style=\"fill: #999;color:#999\" xmlns=\"http:\/\/www.w3.org\/2000\/svg\" class=\"list-377408\" width=\"20px\" height=\"20px\" viewbox=\"0 0 24 24\" fill=\"none\"><path d=\"M6 6H4v2h2V6zm14 0H8v2h12V6zM4 11h2v2H4v-2zm16 0H8v2h12v-2zM4 16h2v2H4v-2zm16 0H8v2h12v-2z\" fill=\"currentColor\"><\/path><\/svg><svg style=\"fill: #999;color:#999\" class=\"arrow-unsorted-368013\" xmlns=\"http:\/\/www.w3.org\/2000\/svg\" width=\"10px\" height=\"10px\" viewbox=\"0 0 24 24\" version=\"1.2\" baseprofile=\"tiny\"><path d=\"M18.2 9.3l-6.2-6.3-6.2 6.3c-.2.2-.3.4-.3.7s.1.5.3.7c.2.2.4.3.7.3h11c.3 0 .5-.1.7-.3.2-.2.3-.5.3-.7s-.1-.5-.3-.7zM5.8 14.7l6.2 6.3 6.2-6.3c.2-.2.3-.5.3-.7s-.1-.5-.3-.7c-.2-.2-.4-.3-.7-.3h-11c-.3 0-.5.1-.7.3-.2.2-.3.5-.3.7s.1.5.3.7z\"\/><\/svg><\/span><\/span><\/span><\/a><\/span><\/div>\n<nav><ul class='ez-toc-list ez-toc-list-level-1 eztoc-toggle-hide-by-default' ><li class='ez-toc-page-1 ez-toc-heading-level-2'><a class=\"ez-toc-link ez-toc-heading-1\" href=\"https:\/\/coinkickoff.com\/de\/how-to-buy-dogecoin\/how-to-buy-dogecoin-on-mexc\/#How_to_Buy_Dogecoin_on_MEXC\" >Wie man Dogecoin auf MEXC kauft<\/a><\/li><li class='ez-toc-page-1 ez-toc-heading-level-2'><a class=\"ez-toc-link ez-toc-heading-2\" href=\"https:\/\/coinkickoff.com\/de\/how-to-buy-dogecoin\/how-to-buy-dogecoin-on-mexc\/#A_Step-By-Step_Guide_on_How_to_Buy_Dogecoin_on_MEXC\" >Eine Schritt-f\u00fcr-Schritt-Anleitung zum Kauf von Dogecoin auf MEXC<\/a><ul class='ez-toc-list-level-3' ><li class='ez-toc-heading-level-3'><a class=\"ez-toc-link ez-toc-heading-3\" href=\"https:\/\/coinkickoff.com\/de\/how-to-buy-dogecoin\/how-to-buy-dogecoin-on-mexc\/#1_Register_an_Account\" >1. Konto registrieren<\/a><\/li><li class='ez-toc-page-1 ez-toc-heading-level-3'><a class=\"ez-toc-link ez-toc-heading-4\" href=\"https:\/\/coinkickoff.com\/de\/how-to-buy-dogecoin\/how-to-buy-dogecoin-on-mexc\/#2_Verify_Your_Account\" >2. \u00dcberpr\u00fcfen Sie Ihr Konto<\/a><\/li><li class='ez-toc-page-1 ez-toc-heading-level-3'><a class=\"ez-toc-link ez-toc-heading-5\" href=\"https:\/\/coinkickoff.com\/de\/how-to-buy-dogecoin\/how-to-buy-dogecoin-on-mexc\/#3_Buy_Crypto\" >3. Krypto kaufen<\/a><\/li><li class='ez-toc-page-1 ez-toc-heading-level-3'><a class=\"ez-toc-link ez-toc-heading-6\" href=\"https:\/\/coinkickoff.com\/de\/how-to-buy-dogecoin\/how-to-buy-dogecoin-on-mexc\/#4_Trade_USDT_for_DOGE\" >4. Tausche USDT gegen DOGE<\/a><\/li><\/ul><\/li><\/ul><\/nav><\/div>\n<h2><span class=\"ez-toc-section\" id=\"How_to_Buy_Dogecoin_on_MEXC\"><\/span><span style=\"font-weight: 400;\">Wie man Dogecoin auf MEXC kauft<\/span><span class=\"ez-toc-section-end\"><\/span><\/h2>\n<p><span style=\"font-weight: 400;\"><a href=\"https:\/\/coinkickoff.com\/de\/dogecoin-doge\/\" data-internallinksmanager029f6b8e52c=\"14\" title=\"Was ist Dogecoin (DOGE)? Wie funktioniert es und wo kann man es kaufen?\">Dogecoin<\/a>ist zwar eine bekannte Kryptow\u00e4hrung, aber nicht wirklich wie <a href=\"https:\/\/coinkickoff.com\/de\/ethereum-eth\/\" data-internallinksmanager029f6b8e52c=\"2\" title=\"Was ist Ethereum (ETH)? Preis, Geschichte und wo zu kaufen\">Ethereum<\/a> oder <a href=\"https:\/\/coinkickoff.com\/de\/bitcoin-btc\/\" data-internallinksmanager029f6b8e52c=\"1\" title=\"Was ist Bitcoin (BTC)? Preis, Geschichte und wo zu kaufen\">Bitcoin<\/a>. Dieses bekannte Meme coin ist von vornherein ziemlich wertlos, da es zun\u00e4chst als Scherz eingef\u00fchrt wurde. Dennoch ist es jetzt ziemlich allgegenw\u00e4rtig, vor allem dank Reddit und Elon Musk, und Sie k\u00f6nnen es auf fast allen B\u00f6rsen finden, einschlie\u00dflich <a href=\"https:\/\/coinkickoff.com\/de\/mexc-global-review\/\">MEXC<\/a>.<\/span><\/p>\n<p><span style=\"font-weight: 400;\">Wenn Sie Dogecoin kaufen wollen, aber nicht wissen, wo Sie anfangen sollen, sind Sie hier richtig. Hier finden Sie eine Schritt-f\u00fcr-Schritt-Anleitung, wie Sie Dogecoin im Internet kaufen k\u00f6nnen. <a href=\"https:\/\/coinkickoff.com\/de\/mexc-global-review\/\" data-internallinksmanager029f6b8e52c=\"154\" title=\"MEXC Global Bewertungen 2023: Preise, Eigenschaften, Sicherheit, Vor- und Nachteile\">MEXC<\/a> Austausch.<\/span><\/p>\n<h2><span class=\"ez-toc-section\" id=\"A_Step-By-Step_Guide_on_How_to_Buy_Dogecoin_on_MEXC\"><\/span><span style=\"font-weight: 400;\">Eine Schritt-f\u00fcr-Schritt-Anleitung zum Kauf von Dogecoin auf MEXC<\/span><span class=\"ez-toc-section-end\"><\/span><\/h2>\n<h3><span class=\"ez-toc-section\" id=\"1_Register_an_Account\"><\/span><span style=\"font-weight: 400;\">1. Konto registrieren<\/span><span class=\"ez-toc-section-end\"><\/span><\/h3>\n<p><img loading=\"lazy\" decoding=\"async\" class=\"alignnone wp-image-3441 size-full\" src=\"https:\/\/coinkickoff.com\/wp-content\/uploads\/mexc-register.png\" alt=\"wie man dogecoin auf mexc kauft\" width=\"1328\" height=\"783\" srcset=\"https:\/\/coinkickoff.com\/wp-content\/uploads\/mexc-register.png 1328w, https:\/\/coinkickoff.com\/wp-content\/uploads\/mexc-register-300x177.png 300w, https:\/\/coinkickoff.com\/wp-content\/uploads\/mexc-register-1024x604.png 1024w, https:\/\/coinkickoff.com\/wp-content\/uploads\/mexc-register-768x453.png 768w, https:\/\/coinkickoff.com\/wp-content\/uploads\/mexc-register-18x12.png 18w\" sizes=\"auto, (max-width: 1328px) 100vw, 1328px\" \/><\/p>\n<p><span style=\"font-weight: 400;\">Erstellen Sie zun\u00e4chst ein MEXC-Konto, indem Sie die <a href=\"https:\/\/www.mexc.com\/en-US\/register?inviteCode=mexc-1WwwX\" target=\"_blank\" rel=\"noopener\">MEXC-Website<\/a> und klicken Sie auf \"Anmelden\". <\/span><\/p>\n<p><span style=\"font-weight: 400;\">Sie k\u00f6nnen sich mit Ihrer Handynummer oder per E-Mail anmelden. Sie erhalten einen Best\u00e4tigungscode an Ihre E-Mail-Adresse. Verwenden Sie den Code, um sich bei Ihrem Konto anzumelden.\u00a0\u00a0<\/span><\/p>\n<h3><span class=\"ez-toc-section\" id=\"2_Verify_Your_Account\"><\/span><span style=\"font-weight: 400;\">2. \u00dcberpr\u00fcfen Sie Ihr Konto<\/span><span class=\"ez-toc-section-end\"><\/span><\/h3>\n<p><span style=\"font-weight: 400;\">Sie m\u00fcssen keine Identit\u00e4tspr\u00fcfung durchf\u00fchren, um auf MEXC zu handeln, aber Sie brauchen sie, um mit Fiat zu handeln. Wenn Sie bereits \u00fcber digitale Verm\u00f6genswerte verf\u00fcgen, die Sie an Ihre MEXC-Brieftasche senden k\u00f6nnen, k\u00f6nnen Sie diesen Schritt \u00fcberspringen.<\/span><\/p>\n<p><span style=\"font-weight: 400;\">Alternativ k\u00f6nnen Sie diesen Schritt \u00fcberspringen, wenn Sie Drittanbieter wie Banxa, Moonpay oder Mercuyo f\u00fcr den Kauf von Kryptow\u00e4hrungen verwenden m\u00f6chten. Sie haben ihre eigenen ID-Verifizierungsverfahren.<\/span><\/p>\n<p><span style=\"font-weight: 400;\">Wenn Sie die ID-Pr\u00fcfung abgeschlossen haben, k\u00f6nnen Sie Kryptow\u00e4hrungen \u00fcber ein Bankkonto, eine Kreditkarte oder andere Mittel kaufen. Klicken Sie dazu auf das Profilsymbol in der oberen rechten Ecke des Dashboards und w\u00e4hlen Sie \"Profil\".<\/span><\/p>\n<p><span style=\"font-weight: 400;\">W\u00e4hlen Sie auf der Profilseite \"Identifizierung\" und klicken Sie auf \"Prim\u00e4re KYC\".<\/span><\/p>\n<p><img loading=\"lazy\" decoding=\"async\" class=\"alignnone wp-image-3439 size-full\" src=\"https:\/\/coinkickoff.com\/wp-content\/uploads\/mexc-id.png\" alt=\"\" width=\"1436\" height=\"810\" srcset=\"https:\/\/coinkickoff.com\/wp-content\/uploads\/mexc-id.png 1436w, https:\/\/coinkickoff.com\/wp-content\/uploads\/mexc-id-300x169.png 300w, https:\/\/coinkickoff.com\/wp-content\/uploads\/mexc-id-1024x578.png 1024w, https:\/\/coinkickoff.com\/wp-content\/uploads\/mexc-id-768x433.png 768w, https:\/\/coinkickoff.com\/wp-content\/uploads\/mexc-id-18x10.png 18w, https:\/\/coinkickoff.com\/wp-content\/uploads\/mexc-id-600x338.png 600w\" sizes=\"auto, (max-width: 1436px) 100vw, 1436px\" \/><\/p>\n<p><span style=\"font-weight: 400;\">Sie werden auf die KYC-Seite weitergeleitet, wo Sie sich entweder f\u00fcr <\/span><i><span style=\"font-weight: 400;\">Prim\u00e4re KYC<\/span><\/i><span style=\"font-weight: 400;\"> oder <\/span><i><span style=\"font-weight: 400;\">Erweiterte KYC<\/span><\/i><span style=\"font-weight: 400;\">. F\u00fcr die meisten Einlagen in Fiat-W\u00e4hrung ist eine erweiterte KYC erforderlich.<\/span><\/p>\n<p><img loading=\"lazy\" decoding=\"async\" class=\"alignnone wp-image-3440 size-full\" src=\"https:\/\/coinkickoff.com\/wp-content\/uploads\/mexc-id2.png\" alt=\"\" width=\"1436\" height=\"582\" srcset=\"https:\/\/coinkickoff.com\/wp-content\/uploads\/mexc-id2.png 1436w, https:\/\/coinkickoff.com\/wp-content\/uploads\/mexc-id2-300x122.png 300w, https:\/\/coinkickoff.com\/wp-content\/uploads\/mexc-id2-1024x415.png 1024w, https:\/\/coinkickoff.com\/wp-content\/uploads\/mexc-id2-768x311.png 768w, https:\/\/coinkickoff.com\/wp-content\/uploads\/mexc-id2-18x7.png 18w\" sizes=\"auto, (max-width: 1436px) 100vw, 1436px\" \/><\/p>\n<p><span style=\"font-weight: 400;\">Klicken Sie auf \"Verifizieren\", um den Verifizierungsprozess zu starten. Laden Sie die erforderlichen Dokumente hoch, und schon sind Sie startklar.<\/span><\/p>\n<h3><span class=\"ez-toc-section\" id=\"3_Buy_Crypto\"><\/span><span style=\"font-weight: 400;\">3. Krypto kaufen<\/span><span class=\"ez-toc-section-end\"><\/span><\/h3>\n<p><span style=\"font-weight: 400;\">Klicken Sie auf \"Krypto kaufen\" in der oberen linken Ecke. W\u00e4hlen Sie auf der neuen Seite eine der verf\u00fcgbaren Optionen. Wenn Sie die Identit\u00e4tspr\u00fcfung abgeschlossen haben, k\u00f6nnen Sie Kredit-\/Debitkarten, Bank\u00fcberweisungen, Express-Zahlungen und den P2P-Markt verwenden, um Krypto zu kaufen. Wenn nicht, w\u00e4hlen Sie \"Third-Party\" aus der Liste.<\/span><\/p>\n<p><img loading=\"lazy\" decoding=\"async\" class=\"alignnone wp-image-3438 size-full\" src=\"https:\/\/coinkickoff.com\/wp-content\/uploads\/mexc-buy-payment.png\" alt=\"\" width=\"1403\" height=\"778\" srcset=\"https:\/\/coinkickoff.com\/wp-content\/uploads\/mexc-buy-payment.png 1403w, https:\/\/coinkickoff.com\/wp-content\/uploads\/mexc-buy-payment-300x166.png 300w, https:\/\/coinkickoff.com\/wp-content\/uploads\/mexc-buy-payment-1024x568.png 1024w, https:\/\/coinkickoff.com\/wp-content\/uploads\/mexc-buy-payment-768x426.png 768w, https:\/\/coinkickoff.com\/wp-content\/uploads\/mexc-buy-payment-18x10.png 18w\" sizes=\"auto, (max-width: 1403px) 100vw, 1403px\" \/><\/p>\n<p><span style=\"font-weight: 400;\">Geben Sie ein, wie viel Sie ausgeben m\u00f6chten, und w\u00e4hlen Sie die Kryptow\u00e4hrung, die Sie kaufen m\u00f6chten. Leider k\u00f6nnen Sie nicht einfach DOGE mit Bargeld kaufen, also m\u00fcssen Sie zuerst ein anderes coin kaufen, wie z. B. <a href=\"https:\/\/coinkickoff.com\/de\/tether-usdt\/\" data-internallinksmanager029f6b8e52c=\"3\" title=\"Was ist Tether (USDT)? Wie funktioniert es und wo kann man es kaufen?\">USDT<\/a> oder <a href=\"https:\/\/coinkickoff.com\/de\/usd-coin-usdc\/\" data-internallinksmanager029f6b8e52c=\"8\" title=\"Was ist USD Coin (USDC)? Wie funktioniert es und wo kann man es kaufen?\">USDC<\/a>und dann sp\u00e4ter gegen DOGE austauschen.<\/span><\/p>\n<p><span style=\"font-weight: 400;\">Sobald Sie den gew\u00fcnschten Betrag eingegeben haben, m\u00fcssen Sie einen Zahlungsweg w\u00e4hlen. MEXC bietet eine ganze Reihe von Drittanbieter-Optionen zur Auswahl an und schl\u00e4gt Ihnen vor, die g\u00fcnstigste Option zu w\u00e4hlen.<\/span><\/p>\n<p><span style=\"font-weight: 400;\">\u00dcberpr\u00fcfen Sie die Zahlungsdetails und klicken Sie auf \"Weiter\". Sie werden auf die Seite des Zahlungskanals weitergeleitet, um Ihre Bestellung zu best\u00e4tigen. \u00dcberpr\u00fcfen Sie Ihre Angaben und klicken Sie auf \"Kaufen\".<\/span><\/p>\n<p><img loading=\"lazy\" decoding=\"async\" class=\"alignnone wp-image-3436 size-full\" src=\"https:\/\/coinkickoff.com\/wp-content\/uploads\/mercuryo-mexc1u.png\" alt=\"\" width=\"1360\" height=\"791\" srcset=\"https:\/\/coinkickoff.com\/wp-content\/uploads\/mercuryo-mexc1u.png 1360w, https:\/\/coinkickoff.com\/wp-content\/uploads\/mercuryo-mexc1u-300x174.png 300w, https:\/\/coinkickoff.com\/wp-content\/uploads\/mercuryo-mexc1u-1024x596.png 1024w, https:\/\/coinkickoff.com\/wp-content\/uploads\/mercuryo-mexc1u-768x447.png 768w, https:\/\/coinkickoff.com\/wp-content\/uploads\/mercuryo-mexc1u-18x10.png 18w\" sizes=\"auto, (max-width: 1360px) 100vw, 1360px\" \/><\/p>\n<p><img loading=\"lazy\" decoding=\"async\" class=\"alignnone wp-image-3435 size-full\" src=\"https:\/\/coinkickoff.com\/wp-content\/uploads\/mercuryo-mexc.png\" alt=\"\" width=\"1407\" height=\"796\" srcset=\"https:\/\/coinkickoff.com\/wp-content\/uploads\/mercuryo-mexc.png 1407w, https:\/\/coinkickoff.com\/wp-content\/uploads\/mercuryo-mexc-300x170.png 300w, https:\/\/coinkickoff.com\/wp-content\/uploads\/mercuryo-mexc-1024x579.png 1024w, https:\/\/coinkickoff.com\/wp-content\/uploads\/mercuryo-mexc-768x434.png 768w, https:\/\/coinkickoff.com\/wp-content\/uploads\/mercuryo-mexc-18x10.png 18w, https:\/\/coinkickoff.com\/wp-content\/uploads\/mercuryo-mexc-600x338.png 600w\" sizes=\"auto, (max-width: 1407px) 100vw, 1407px\" \/><\/p>\n<p><span style=\"font-weight: 400;\">An dieser Stelle m\u00fcssen Sie Ihre E-Mail-Adresse in den Bezahlkanal eingeben. Wenn Sie noch kein Konto bei dem Anbieter haben, werden Sie zur Er\u00f6ffnung eines Kontos weitergeleitet.<\/span><\/p>\n<h3><span class=\"ez-toc-section\" id=\"4_Trade_USDT_for_DOGE\"><\/span><span style=\"font-weight: 400;\">4. Tausche USDT gegen DOGE<\/span><span class=\"ez-toc-section-end\"><\/span><\/h3>\n<p><span style=\"font-weight: 400;\">Wenn Sie ein stabilescoin wie USDT kaufen, k\u00f6nnen Sie es auf MEXC gegen DOGE eintauschen. Klicken Sie auf dem Dashboard auf \"Handel\". Suchen Sie in der linken Ecke des neuen Bildschirms nach DOGE.<\/span><\/p>\n<p><img loading=\"lazy\" decoding=\"async\" class=\"alignnone wp-image-3443 size-full\" src=\"https:\/\/coinkickoff.com\/wp-content\/uploads\/mexctrade1.png\" alt=\"\" width=\"1436\" height=\"736\" srcset=\"https:\/\/coinkickoff.com\/wp-content\/uploads\/mexctrade1.png 1436w, https:\/\/coinkickoff.com\/wp-content\/uploads\/mexctrade1-300x154.png 300w, https:\/\/coinkickoff.com\/wp-content\/uploads\/mexctrade1-1024x525.png 1024w, https:\/\/coinkickoff.com\/wp-content\/uploads\/mexctrade1-768x394.png 768w, https:\/\/coinkickoff.com\/wp-content\/uploads\/mexctrade1-18x9.png 18w\" sizes=\"auto, (max-width: 1436px) 100vw, 1436px\" \/><\/p>\n<p><span style=\"font-weight: 400;\">W\u00e4hlen Sie unter den Ergebnissen DOGE\/USDT, um zwischen zwei Verm\u00f6genswerten zu handeln.<\/span><\/p>\n<p><img loading=\"lazy\" decoding=\"async\" class=\"alignnone wp-image-3442 size-full\" src=\"https:\/\/coinkickoff.com\/wp-content\/uploads\/mexc-trade-2.png\" alt=\"\" width=\"1392\" height=\"748\" srcset=\"https:\/\/coinkickoff.com\/wp-content\/uploads\/mexc-trade-2.png 1392w, https:\/\/coinkickoff.com\/wp-content\/uploads\/mexc-trade-2-300x161.png 300w, https:\/\/coinkickoff.com\/wp-content\/uploads\/mexc-trade-2-1024x550.png 1024w, https:\/\/coinkickoff.com\/wp-content\/uploads\/mexc-trade-2-768x413.png 768w, https:\/\/coinkickoff.com\/wp-content\/uploads\/mexc-trade-2-18x10.png 18w\" sizes=\"auto, (max-width: 1392px) 100vw, 1392px\" \/><\/p>\n<p><span style=\"font-weight: 400;\">Jetzt m\u00fcssen Sie nur noch in das Feld unten auf dem Bildschirm eingeben, wie viel DOGE Sie kaufen (oder wie viel USDT Sie verkaufen) m\u00f6chten. Sie k\u00f6nnen die Menge, die Sie kaufen m\u00f6chten, in diesem Fenster anpassen.<\/span><\/p>\n<p><span style=\"font-weight: 400;\">Wenn Sie bereit sind, Ihre Bestellung aufzugeben, klicken Sie auf DOGE kaufen. Das war's.<\/span><\/p>\n<p><span style=\"font-weight: 400;\">Weitere Informationen finden Sie in unseren Artikeln \u00fcber Dogecoin und die MEXC-B\u00f6rse.<\/span><\/p>","protected":false},"excerpt":{"rendered":"<p>Wie man Dogecoin auf MEXC kauft Dogecoin, obwohl eine ber\u00fchmte Kryptow\u00e4hrung, ist nicht wirklich wie Ethereum oder Bitcoin. Dieses bekannte Meme coin ist von vornherein ziemlich wertlos, da es zun\u00e4chst als Scherz eingef\u00fchrt wurde. Allerdings ist es jetzt ziemlich allgegenw\u00e4rtig, vor allem dank Reddit und Elon Musk, und Sie k\u00f6nnen es auf fast [...]<\/p>","protected":false},"author":3,"featured_media":155,"parent":3196,"menu_order":0,"comment_status":"closed","ping_status":"closed","template":"","meta":{"_genesis_hide_title":false,"_genesis_hide_breadcrumbs":false,"_genesis_hide_singular_image":false,"_genesis_hide_footer_widgets":false,"_genesis_custom_body_class":"","_genesis_custom_post_class":"","_genesis_layout":"","_glsr_average":0,"_glsr_ranking":0,"_glsr_reviews":0,"footnotes":""},"class_list":{"0":"post-3424","1":"page","2":"type-page","3":"status-publish","4":"has-post-thumbnail","6":"entry"},"featured_image_src":"https:\/\/coinkickoff.com\/wp-content\/uploads\/2022\/06\/Dogecoin-DOGE-600x400.jpg","featured_image_src_square":"https:\/\/coinkickoff.com\/wp-content\/uploads\/2022\/06\/Dogecoin-DOGE-600x600.jpg","_links":{"self":[{"href":"https:\/\/coinkickoff.com\/de\/wp-json\/wp\/v2\/pages\/3424","targetHints":{"allow":["GET"]}}],"collection":[{"href":"https:\/\/coinkickoff.com\/de\/wp-json\/wp\/v2\/pages"}],"about":[{"href":"https:\/\/coinkickoff.com\/de\/wp-json\/wp\/v2\/types\/page"}],"author":[{"embeddable":true,"href":"https:\/\/coinkickoff.com\/de\/wp-json\/wp\/v2\/users\/3"}],"replies":[{"embeddable":true,"href":"https:\/\/coinkickoff.com\/de\/wp-json\/wp\/v2\/comments?post=3424"}],"version-history":[{"count":3,"href":"https:\/\/coinkickoff.com\/de\/wp-json\/wp\/v2\/pages\/3424\/revisions"}],"predecessor-version":[{"id":4496,"href":"https:\/\/coinkickoff.com\/de\/wp-json\/wp\/v2\/pages\/3424\/revisions\/4496"}],"up":[{"embeddable":true,"href":"https:\/\/coinkickoff.com\/de\/wp-json\/wp\/v2\/pages\/3196"}],"wp:featuredmedia":[{"embeddable":true,"href":"https:\/\/coinkickoff.com\/de\/wp-json\/wp\/v2\/media\/155"}],"wp:attachment":[{"href":"https:\/\/coinkickoff.com\/de\/wp-json\/wp\/v2\/media?parent=3424"}],"curies":[{"name":"wp","href":"https:\/\/api.w.org\/{rel}","templated":true}]}}