{"id":3404,"date":"2026-01-08T14:07:29","date_gmt":"2026-01-08T14:07:29","guid":{"rendered":"https:\/\/coinkickoff.com\/?page_id=3404"},"modified":"2026-01-08T14:07:29","modified_gmt":"2026-01-08T14:07:29","slug":"how-to-buy-dogecoin-on-kraken","status":"publish","type":"page","link":"https:\/\/coinkickoff.com\/de\/how-to-buy-dogecoin\/how-to-buy-dogecoin-on-kraken\/","title":{"rendered":"Wie man Dogecoin (DOGE) auf Kraken kauft"},"content":{"rendered":"<div id=\"ez-toc-container\" class=\"ez-toc-v2_0_80 counter-hierarchy ez-toc-counter ez-toc-transparent ez-toc-container-direction\">\n<div class=\"ez-toc-title-container\">\n<p class=\"ez-toc-title\" style=\"cursor:inherit\">Rubriken<\/p>\n<span class=\"ez-toc-title-toggle\"><a href=\"#\" class=\"ez-toc-pull-right ez-toc-btn ez-toc-btn-xs ez-toc-btn-default ez-toc-toggle\" aria-label=\"Inhaltsverzeichnis umschalten\"><span class=\"ez-toc-js-icon-con\"><span class=\"\"><span class=\"eztoc-hide\" style=\"display:none;\">Umschalten auf<\/span><span class=\"ez-toc-icon-toggle-span\"><svg style=\"fill: #999;color:#999\" xmlns=\"http:\/\/www.w3.org\/2000\/svg\" class=\"list-377408\" width=\"20px\" height=\"20px\" viewbox=\"0 0 24 24\" fill=\"none\"><path d=\"M6 6H4v2h2V6zm14 0H8v2h12V6zM4 11h2v2H4v-2zm16 0H8v2h12v-2zM4 16h2v2H4v-2zm16 0H8v2h12v-2z\" fill=\"currentColor\"><\/path><\/svg><svg style=\"fill: #999;color:#999\" class=\"arrow-unsorted-368013\" xmlns=\"http:\/\/www.w3.org\/2000\/svg\" width=\"10px\" height=\"10px\" viewbox=\"0 0 24 24\" version=\"1.2\" baseprofile=\"tiny\"><path d=\"M18.2 9.3l-6.2-6.3-6.2 6.3c-.2.2-.3.4-.3.7s.1.5.3.7c.2.2.4.3.7.3h11c.3 0 .5-.1.7-.3.2-.2.3-.5.3-.7s-.1-.5-.3-.7zM5.8 14.7l6.2 6.3 6.2-6.3c.2-.2.3-.5.3-.7s-.1-.5-.3-.7c-.2-.2-.4-.3-.7-.3h-11c-.3 0-.5.1-.7.3-.2.2-.3.5-.3.7s.1.5.3.7z\"\/><\/svg><\/span><\/span><\/span><\/a><\/span><\/div>\n<nav><ul class='ez-toc-list ez-toc-list-level-1 eztoc-toggle-hide-by-default' ><li class='ez-toc-page-1 ez-toc-heading-level-2'><a class=\"ez-toc-link ez-toc-heading-1\" href=\"https:\/\/coinkickoff.com\/de\/how-to-buy-dogecoin\/how-to-buy-dogecoin-on-kraken\/#How_to_Buy_Dogecoin_on_Kraken\" >Wie man Dogecoin auf Kraken kauft<\/a><\/li><li class='ez-toc-page-1 ez-toc-heading-level-2'><a class=\"ez-toc-link ez-toc-heading-2\" href=\"https:\/\/coinkickoff.com\/de\/how-to-buy-dogecoin\/how-to-buy-dogecoin-on-kraken\/#A_Step-By-Step_Guide_on_How_to_Buy_Dogecoin_on_Kraken\" >Eine Schritt-f\u00fcr-Schritt-Anleitung, wie man Dogecoin auf Kraken kauft<\/a><ul class='ez-toc-list-level-3' ><li class='ez-toc-heading-level-3'><a class=\"ez-toc-link ez-toc-heading-3\" href=\"https:\/\/coinkickoff.com\/de\/how-to-buy-dogecoin\/how-to-buy-dogecoin-on-kraken\/#1_Register_an_Account_on_Kraken\" >1. Ein Konto auf Kraken registrieren<\/a><\/li><li class='ez-toc-page-1 ez-toc-heading-level-3'><a class=\"ez-toc-link ez-toc-heading-4\" href=\"https:\/\/coinkickoff.com\/de\/how-to-buy-dogecoin\/how-to-buy-dogecoin-on-kraken\/#2_Verify_Your_Account\" >2. \u00dcberpr\u00fcfen Sie Ihr Konto<\/a><\/li><li class='ez-toc-page-1 ez-toc-heading-level-3'><a class=\"ez-toc-link ez-toc-heading-5\" href=\"https:\/\/coinkickoff.com\/de\/how-to-buy-dogecoin\/how-to-buy-dogecoin-on-kraken\/#3_Deposit_FundsCrypto\" >3. Einlagenfonds\/Krypto<\/a><\/li><li class='ez-toc-page-1 ez-toc-heading-level-3'><a class=\"ez-toc-link ez-toc-heading-6\" href=\"https:\/\/coinkickoff.com\/de\/how-to-buy-dogecoin\/how-to-buy-dogecoin-on-kraken\/#4_Navigate_to_the_Relevant_Screen_to_Buy\" >4. Navigieren Sie zum entsprechenden Bildschirm, um zu kaufen<\/a><\/li><\/ul><\/li><\/ul><\/nav><\/div>\n<h2><span class=\"ez-toc-section\" id=\"How_to_Buy_Dogecoin_on_Kraken\"><\/span><span style=\"font-weight: 400;\">Wie man Dogecoin auf Kraken kauft<\/span><span class=\"ez-toc-section-end\"><\/span><\/h2>\n<p><span style=\"font-weight: 400;\"><a href=\"https:\/\/coinkickoff.com\/de\/dogecoin-doge\/\" data-internallinksmanager029f6b8e52c=\"14\" title=\"Was ist Dogecoin (DOGE)? Wie funktioniert es und wo kann man es kaufen?\">Dogecoin<\/a> (DOGE) ist eine der gr\u00f6\u00dften Kryptow\u00e4hrungen nach Marktkapitalisierung, trotz oder vielleicht gerade wegen ihres Status als weltweit erstes Meme coin. Die token wurde haupts\u00e4chlich als Scherz eingef\u00fchrt, inspiriert durch das \"Doge-Meme\", aber gewann schnell an Popularit\u00e4t dank des Internets und der sozialen Medien.<\/span><\/p>\n<p><span style=\"font-weight: 400;\">Wenn Sie kaufen m\u00f6chten <a href=\"https:\/\/coinkickoff.com\/de\/dogecoin-doge\/\">Dogecoin<\/a> auf <a href=\"https:\/\/coinkickoff.com\/de\/kraken-review\/\">Kraken<\/a> aber nicht sicher sind, wie, dann sind Sie hier genau richtig. Hier ist eine Schritt-f\u00fcr-Schritt-Anleitung, wie Sie Dogecoin kaufen k\u00f6nnen auf <a href=\"https:\/\/coinkickoff.com\/de\/kraken-review\/\" data-internallinksmanager029f6b8e52c=\"171\" title=\"Kraken Bewertungen 2023: Geb\u00fchren, Eigenschaften, Sicherheit, Pro &amp; Kontra\">Kraken<\/a>.<\/span><\/p>\n<h2><span class=\"ez-toc-section\" id=\"A_Step-By-Step_Guide_on_How_to_Buy_Dogecoin_on_Kraken\"><\/span><span style=\"font-weight: 400;\">Eine Schritt-f\u00fcr-Schritt-Anleitung, wie man Dogecoin auf Kraken kauft<\/span><span class=\"ez-toc-section-end\"><\/span><\/h2>\n<h3><span class=\"ez-toc-section\" id=\"1_Register_an_Account_on_Kraken\"><\/span><span style=\"font-weight: 400;\">1. Ein Konto auf Kraken registrieren<\/span><span class=\"ez-toc-section-end\"><\/span><\/h3>\n<p><img loading=\"lazy\" decoding=\"async\" class=\"alignnone wp-image-3406 size-full\" src=\"https:\/\/coinkickoff.com\/wp-content\/uploads\/kraken1-e1682502957481.png\" alt=\"wie man Dogecoin auf Kraken kauft\" width=\"1339\" height=\"763\" srcset=\"https:\/\/coinkickoff.com\/wp-content\/uploads\/kraken1-e1682502957481.png 1339w, https:\/\/coinkickoff.com\/wp-content\/uploads\/kraken1-e1682502957481-300x171.png 300w, https:\/\/coinkickoff.com\/wp-content\/uploads\/kraken1-e1682502957481-1024x584.png 1024w, https:\/\/coinkickoff.com\/wp-content\/uploads\/kraken1-e1682502957481-768x438.png 768w, https:\/\/coinkickoff.com\/wp-content\/uploads\/kraken1-e1682502957481-18x10.png 18w\" sizes=\"auto, (max-width: 1339px) 100vw, 1339px\" \/> I<span style=\"font-weight: 400;\">Wenn Sie noch kein Kraken-Konto haben, besuchen Sie <a href=\"https:\/\/kraken.pxf.io\/B0Rny4\" rel=\"nofollow noopener\" target=\"_blank\">Die offizielle Website von Kraken<\/a> und klicken Sie auf \"Ein Konto erstellen\". Geben Sie Ihre E-Mail-Adresse, Ihren Benutzernamen und ein sicheres Passwort mit Zahlen und Sonderzeichen ein. W\u00e4hlen Sie Ihr Wohnsitzland und Ihr Bundesland und erstellen Sie Ihr Konto.\u00a0<\/span><\/p>\n<p><span style=\"font-weight: 400;\">Kraken schickt Ihnen eine Best\u00e4tigungs-E-Mail und einen Link zur Aktivierung Ihres Kontos. Folgen Sie dem Link, um sich bei Ihrem Konto anzumelden.<\/span><\/p>\n<h3><span class=\"ez-toc-section\" id=\"2_Verify_Your_Account\"><\/span><span style=\"font-weight: 400;\">2. \u00dcberpr\u00fcfen Sie Ihr Konto<\/span><span class=\"ez-toc-section-end\"><\/span><\/h3>\n<p><span style=\"font-weight: 400;\">Um Krypto auf Kraken zu kaufen, m\u00fcssen Sie die KYC-Anforderungen erf\u00fcllen und einige pers\u00f6nliche Informationen und einen Identit\u00e4tsnachweis vorlegen. Der zweite Schritt besteht also darin, Ihre Identit\u00e4t zu verifizieren.<\/span><\/p>\n<p><span style=\"font-weight: 400;\">Einige B\u00f6rsen erlauben es Ihnen, Kryptow\u00e4hrungen auf ihrer Plattform einzuzahlen, ohne eine ID-Verifizierung durchzuf\u00fchren. Bitte beachten Sie, dass Kraken <\/span><i><span style=\"font-weight: 400;\">nicht <\/span><\/i><span style=\"font-weight: 400;\">einer dieser B\u00f6rsen. <\/span><b>Sie m\u00fcssen Ihre Identit\u00e4t verifizieren, bevor Sie auf der Plattform einzahlen.<\/b><\/p>\n<p><span style=\"font-weight: 400;\">Kraken schickt Ihnen eine E-Mail, um Sie daran zu erinnern, dass Sie Ihr Konto verifizieren m\u00fcssen. Sie k\u00f6nnen auch auf das Symbol \"Kaufen\" auf der linken Seite der Hauptseite klicken, wo Kraken Sie sofort auffordert, die ID-Verifizierung abzuschlie\u00dfen.<\/span><\/p>\n<p><img loading=\"lazy\" decoding=\"async\" class=\"alignnone wp-image-3407 size-full\" src=\"https:\/\/coinkickoff.com\/wp-content\/uploads\/kraken2-e1682502904796.png\" alt=\"Warnung vor der \u00dcberpr\u00fcfung durch Kraken\" width=\"1378\" height=\"770\" \/><\/p>\n<p><span style=\"font-weight: 400;\">Klicken Sie einfach auf \"Verifizieren\", und Sie werden auf die entsprechende Seite weitergeleitet. Geben Sie Ihren rechtm\u00e4\u00dfigen Namen, Ihr Geburtsdatum, Ihre Adresse und Ihre Telefonnummer ein, um den Verifizierungsprozess zu starten. Klicken Sie auf \"Weiter\".<\/span><\/p>\n<p><img loading=\"lazy\" decoding=\"async\" class=\"alignnone wp-image-3408 size-full\" src=\"https:\/\/coinkickoff.com\/wp-content\/uploads\/kraken3-e1682503223180.png\" alt=\"\" width=\"1375\" height=\"777\" srcset=\"https:\/\/coinkickoff.com\/wp-content\/uploads\/kraken3-e1682503223180.png 1375w, https:\/\/coinkickoff.com\/wp-content\/uploads\/kraken3-e1682503223180-300x170.png 300w, https:\/\/coinkickoff.com\/wp-content\/uploads\/kraken3-e1682503223180-1024x579.png 1024w, https:\/\/coinkickoff.com\/wp-content\/uploads\/kraken3-e1682503223180-768x434.png 768w, https:\/\/coinkickoff.com\/wp-content\/uploads\/kraken3-e1682503223180-18x10.png 18w, https:\/\/coinkickoff.com\/wp-content\/uploads\/kraken3-e1682503223180-600x338.png 600w\" sizes=\"auto, (max-width: 1375px) 100vw, 1375px\" \/><\/p>\n<p><span style=\"font-weight: 400;\">Auf der n\u00e4chsten Seite werden Sie aufgefordert, weitere Dokumente vorzulegen, darunter einen Lichtbildausweis, z. B. eine Seite des Reisepasses oder einen F\u00fchrerschein.<\/span><\/p>\n<h3><span class=\"ez-toc-section\" id=\"3_Deposit_FundsCrypto\"><\/span><span style=\"font-weight: 400;\">3. Einlagenfonds\/Krypto<\/span><span class=\"ez-toc-section-end\"><\/span><\/h3>\n<p><span style=\"font-weight: 400;\">Wenn Sie bereits Kryptow\u00e4hrungen besitzen, k\u00f6nnen Sie Ihre coins bei Kraken hinterlegen und sie gegen DOGE eintauschen. Andernfalls kaufen Sie einfach DOGE auf Kraken mit Fiat-W\u00e4hrung.\u00a0<\/span><\/p>\n<p><span style=\"font-weight: 400;\">Wir empfehlen Ihnen dringend, Ihr Konto mit der Zwei-Faktor-Authentifizierung (2FA) zu sichern, bevor Sie eine Zahlungsmethode hinzuf\u00fcgen oder eine Einzahlung in Papierform vornehmen. 2FA bietet eine zus\u00e4tzliche Sicherheitsebene f\u00fcr Ihr Konto.<\/span><\/p>\n<p><span style=\"font-weight: 400;\">Um 2FA zu aktivieren, klicken Sie auf Ihren Profilnamen (oben rechts) und w\u00e4hlen Sie \"Sicherheit\" aus dem Dropdown-Men\u00fc. Klicken Sie auf \"2FA-Einstellungen\", um Ihre Einstellungen anzupassen.<\/span><\/p>\n<p><img loading=\"lazy\" decoding=\"async\" class=\"alignnone wp-image-3409 size-full\" src=\"https:\/\/coinkickoff.com\/wp-content\/uploads\/kraken4-e1682503267822.png\" alt=\"\" width=\"1360\" height=\"795\" srcset=\"https:\/\/coinkickoff.com\/wp-content\/uploads\/kraken4-e1682503267822.png 1360w, https:\/\/coinkickoff.com\/wp-content\/uploads\/kraken4-e1682503267822-300x175.png 300w, https:\/\/coinkickoff.com\/wp-content\/uploads\/kraken4-e1682503267822-1024x599.png 1024w, https:\/\/coinkickoff.com\/wp-content\/uploads\/kraken4-e1682503267822-768x449.png 768w, https:\/\/coinkickoff.com\/wp-content\/uploads\/kraken4-e1682503267822-18x12.png 18w\" sizes=\"auto, (max-width: 1360px) 100vw, 1360px\" \/><\/p>\n<p><span style=\"font-weight: 400;\">Kraken bietet mehrere 2FA-Optionen. Sie k\u00f6nnen 2FA f\u00fcr verschiedene Aktionen wie Anmeldung, Finanzierung, Handel und Abhebungen aktivieren.<\/span><\/p>\n<p><span style=\"font-weight: 400;\"><img loading=\"lazy\" decoding=\"async\" class=\"alignnone wp-image-3405 size-full\" src=\"https:\/\/coinkickoff.com\/wp-content\/uploads\/kraken-5-e1682503294785.png\" alt=\"\" width=\"1357\" height=\"770\" srcset=\"https:\/\/coinkickoff.com\/wp-content\/uploads\/kraken-5-e1682503294785.png 1357w, https:\/\/coinkickoff.com\/wp-content\/uploads\/kraken-5-e1682503294785-300x170.png 300w, https:\/\/coinkickoff.com\/wp-content\/uploads\/kraken-5-e1682503294785-1024x581.png 1024w, https:\/\/coinkickoff.com\/wp-content\/uploads\/kraken-5-e1682503294785-768x436.png 768w, https:\/\/coinkickoff.com\/wp-content\/uploads\/kraken-5-e1682503294785-18x10.png 18w\" sizes=\"auto, (max-width: 1357px) 100vw, 1357px\" \/><\/span><\/p>\n<p><span style=\"font-weight: 400;\">Die Einrichtung von 2FA ist ziemlich einfach. Laden Sie die Google Authenticator-App herunter und scannen Sie den QR-Code auf dem Bildschirm. Die App generiert einen Code, den Sie eingeben k\u00f6nnen, um 2FA zu aktivieren.\u00a0<\/span><\/p>\n<p><img loading=\"lazy\" decoding=\"async\" class=\"alignnone wp-image-3410 size-full\" src=\"https:\/\/coinkickoff.com\/wp-content\/uploads\/kraken6-e1682503322525.png\" alt=\"\" width=\"1357\" height=\"791\" \/><\/p>\n<p><span style=\"font-weight: 400;\">Sobald Sie 2FA aktiviert haben, m\u00fcssen Sie die Google Authenticator-App verwenden, um sich bei Ihrem Konto anzumelden. Die App generiert f\u00fcr jede Anmeldung ein eindeutiges Einmal-Passwort.<\/span><\/p>\n<p><span style=\"font-weight: 400;\">Nachdem Sie 2FA aktiviert haben, k\u00f6nnen Sie Ihr Kraken-Konto aufladen. Es gibt zwei M\u00f6glichkeiten, wie Sie DOGE auf Kraken kaufen k\u00f6nnen. Sie k\u00f6nnen eine sofortige Zahlungsmethode wie eine Kreditkarte zu Ihrem Konto hinzuf\u00fcgen oder Ihr Bankkonto mit Kraken verkn\u00fcpfen, um Geldmittel einfach zu \u00fcberweisen.<\/span><\/p>\n<p><span style=\"font-weight: 400;\">Das Hinzuf\u00fcgen einer sofortigen Zahlungsmethode ist schneller und einfacher. Klicken Sie einfach auf \"Krypto kaufen\" im oberen Men\u00fc.<\/span><\/p>\n<p><img loading=\"lazy\" decoding=\"async\" class=\"alignnone wp-image-3412 size-full\" src=\"https:\/\/coinkickoff.com\/wp-content\/uploads\/kraken8-e1682503364155.png\" alt=\"\" width=\"1206\" height=\"781\" srcset=\"https:\/\/coinkickoff.com\/wp-content\/uploads\/kraken8-e1682503364155.png 1206w, https:\/\/coinkickoff.com\/wp-content\/uploads\/kraken8-e1682503364155-300x194.png 300w, https:\/\/coinkickoff.com\/wp-content\/uploads\/kraken8-e1682503364155-1024x663.png 1024w, https:\/\/coinkickoff.com\/wp-content\/uploads\/kraken8-e1682503364155-768x497.png 768w, https:\/\/coinkickoff.com\/wp-content\/uploads\/kraken8-e1682503364155-18x12.png 18w\" sizes=\"auto, (max-width: 1206px) 100vw, 1206px\" \/><\/p>\n<p><span style=\"font-weight: 400;\">W\u00e4hlen Sie auf der neuen Seite \"Zahlungsarten\".<\/span><\/p>\n<p><span style=\"font-weight: 400;\">Klicken Sie auf \"Zahlungsarten hinzuf\u00fcgen\". Sie k\u00f6nnen eine <\/span><a href=\"https:\/\/support.kraken.com\/hc\/en-us\/articles\/360048212832-Visa-and-MasterCard-purchases\" target=\"_blank\" rel=\"noopener\"><span style=\"font-weight: 400;\">Visa und Mastercard Debit-\/Kreditkarte<\/span><\/a><span style=\"font-weight: 400;\"> oder \u00fcber Online-Banking Bargeld auf Ihr Konto einzahlen.<\/span><\/p>\n<p><img loading=\"lazy\" decoding=\"async\" class=\"alignnone wp-image-3413 size-full\" src=\"https:\/\/coinkickoff.com\/wp-content\/uploads\/kraken9-e1682503407337.png\" alt=\"\" width=\"1196\" height=\"776\" srcset=\"https:\/\/coinkickoff.com\/wp-content\/uploads\/kraken9-e1682503407337.png 1196w, https:\/\/coinkickoff.com\/wp-content\/uploads\/kraken9-e1682503407337-300x195.png 300w, https:\/\/coinkickoff.com\/wp-content\/uploads\/kraken9-e1682503407337-1024x664.png 1024w, https:\/\/coinkickoff.com\/wp-content\/uploads\/kraken9-e1682503407337-768x498.png 768w, https:\/\/coinkickoff.com\/wp-content\/uploads\/kraken9-e1682503407337-18x12.png 18w\" sizes=\"auto, (max-width: 1196px) 100vw, 1196px\" \/><\/p>\n<p><span style=\"font-weight: 400;\">Klicken Sie auf die gew\u00fcnschte Methode und geben Sie die entsprechenden Informationen ein.\u00a0<\/span><\/p>\n<p><span style=\"font-weight: 400;\">Eink\u00e4ufe mit Kredit- und Debitkarten sind schneller, aber in der Regel auch teurer, da die Kartenanbieter zus\u00e4tzliche Geb\u00fchren erheben.<\/span><\/p>\n<p><span style=\"font-weight: 400;\">Wenn Sie die Bareinzahlung w\u00e4hlen, k\u00f6nnen Sie Ihr Konto mit Online-Banking aufladen. W\u00e4hlen Sie die W\u00e4hrung aus, in der Sie einzahlen m\u00f6chten, und w\u00e4hlen Sie Ihre Einzahlungsmethode.<\/span><\/p>\n<p><img loading=\"lazy\" decoding=\"async\" class=\"alignnone wp-image-3414 size-full\" src=\"https:\/\/coinkickoff.com\/wp-content\/uploads\/kraken-deposit.png\" alt=\"\" width=\"752\" height=\"298\" srcset=\"https:\/\/coinkickoff.com\/wp-content\/uploads\/kraken-deposit.png 752w, https:\/\/coinkickoff.com\/wp-content\/uploads\/kraken-deposit-300x119.png 300w, https:\/\/coinkickoff.com\/wp-content\/uploads\/kraken-deposit-18x7.png 18w\" sizes=\"auto, (max-width: 752px) 100vw, 752px\" \/> <img loading=\"lazy\" decoding=\"async\" class=\"alignnone wp-image-3415 size-full\" src=\"https:\/\/coinkickoff.com\/wp-content\/uploads\/kraken-deposit-2.png\" alt=\"\" width=\"808\" height=\"547\" srcset=\"https:\/\/coinkickoff.com\/wp-content\/uploads\/kraken-deposit-2.png 808w, https:\/\/coinkickoff.com\/wp-content\/uploads\/kraken-deposit-2-300x203.png 300w, https:\/\/coinkickoff.com\/wp-content\/uploads\/kraken-deposit-2-768x520.png 768w, https:\/\/coinkickoff.com\/wp-content\/uploads\/kraken-deposit-2-18x12.png 18w\" sizes=\"auto, (max-width: 808px) 100vw, 808px\" \/><\/p>\n<p><span style=\"font-weight: 400;\">Bitte lesen Sie alle Anweisungen sorgf\u00e4ltig durch, wenn Sie Geld auf Ihr Kraken-Konto \u00fcberweisen. M\u00f6glicherweise m\u00fcssen Sie einen Referenzcode eingeben, um sicherzustellen, dass Ihre Einzahlung Kraken erreicht.<\/span><\/p>\n<p><span style=\"font-weight: 400;\">Ihr Geld sollte innerhalb weniger Tage auf Ihrem Konto eintreffen, aber achten Sie auf Bankfeiertage und andere m\u00f6gliche Verz\u00f6gerungen. Sie k\u00f6nnen \u00fcberpr\u00fcfen, ob Ihr Geld angekommen ist, indem Sie auf die Registerkarten \"Handel\" oder \"Finanzierung\" klicken.<\/span><\/p>\n<h3><span class=\"ez-toc-section\" id=\"4_Navigate_to_the_Relevant_Screen_to_Buy\"><\/span><span style=\"font-weight: 400;\">4. Navigieren Sie zum entsprechenden Bildschirm, um zu kaufen<\/span><span class=\"ez-toc-section-end\"><\/span><\/h3>\n<p><span style=\"font-weight: 400;\">Es gibt zwei M\u00f6glichkeiten, DOGE auf Kraken zu kaufen. Die erste und einfachste ist die Verwendung des einfachen Buy\/Sell-Widgets. Klicken Sie auf die Registerkarte \"Krypto kaufen\" auf dem Dashboard (oben in der Mitte) und w\u00e4hlen Sie \"Kaufen\".<\/span><\/p>\n<p><span style=\"font-weight: 400;\">W\u00e4hlen Sie DOGE aus dem Dropdown-Men\u00fc des Widgets und geben Sie den gew\u00fcnschten Betrag ein. W\u00e4hlen Sie eine Zahlungsmethode (Kredit-\/Debitkarte oder Bargeld).<\/span><\/p>\n<p><span style=\"font-weight: 400;\">Kraken zeigt an, wie viel DOGE Sie f\u00fcr Ihr Geld erhalten werden und welche Geb\u00fchren f\u00fcr Ihren Kauf anfallen. Klicken Sie auf \"Best\u00e4tigen\", und Sie sind fertig.\u00a0<\/span><\/p>\n<p><span style=\"font-weight: 400;\">W\u00e4hrend diese Methode f\u00fcr Erstnutzer gro\u00dfartig ist, gibt es tats\u00e4chlich eine billigere Methode, DOGE auf Kraken zu kaufen.<\/span><\/p>\n<p><img loading=\"lazy\" decoding=\"async\" class=\"alignnone wp-image-3416 size-full\" src=\"https:\/\/coinkickoff.com\/wp-content\/uploads\/kraken-trade1.png\" alt=\"\" width=\"1139\" height=\"206\" srcset=\"https:\/\/coinkickoff.com\/wp-content\/uploads\/kraken-trade1.png 1139w, https:\/\/coinkickoff.com\/wp-content\/uploads\/kraken-trade1-300x54.png 300w, https:\/\/coinkickoff.com\/wp-content\/uploads\/kraken-trade1-1024x185.png 1024w, https:\/\/coinkickoff.com\/wp-content\/uploads\/kraken-trade1-768x139.png 768w, https:\/\/coinkickoff.com\/wp-content\/uploads\/kraken-trade1-18x3.png 18w\" sizes=\"auto, (max-width: 1139px) 100vw, 1139px\" \/><\/p>\n<p><span style=\"font-weight: 400;\">W\u00e4hlen Sie auf dem Haupt-Dashboard \"Handel\". Klicken Sie auf die Registerkarte \"Neuer Auftrag\" und w\u00e4hlen Sie \"Einfacher Auftrag\".\u00a0<\/span>\u00a0\u00a0<img loading=\"lazy\" decoding=\"async\" class=\"alignnone wp-image-3419 size-full\" src=\"https:\/\/coinkickoff.com\/wp-content\/uploads\/kraken-trade4-e1682504018815.png\" alt=\"\" width=\"1220\" height=\"309\" srcset=\"https:\/\/coinkickoff.com\/wp-content\/uploads\/kraken-trade4-e1682504018815.png 1220w, https:\/\/coinkickoff.com\/wp-content\/uploads\/kraken-trade4-e1682504018815-300x76.png 300w, https:\/\/coinkickoff.com\/wp-content\/uploads\/kraken-trade4-e1682504018815-1024x259.png 1024w, https:\/\/coinkickoff.com\/wp-content\/uploads\/kraken-trade4-e1682504018815-768x195.png 768w, https:\/\/coinkickoff.com\/wp-content\/uploads\/kraken-trade4-e1682504018815-18x5.png 18w\" sizes=\"auto, (max-width: 1220px) 100vw, 1220px\" \/><span style=\"font-weight: 400;\">Passen Sie die W\u00e4hrungstypen auf dem Bestellformular an. Sie k\u00f6nnen zum Beispiel die Ausgabenspalte auf USD und die Kaufspalte auf DOGE einstellen.<\/span><\/p>\n<p><span style=\"font-weight: 400;\">Geben Sie in der Ausgabenspalte ein, wie viel Sie ausgeben m\u00f6chten. Auf der Registerkarte Preis geben Sie den Preis ein, zu dem Sie DOGE kaufen m\u00f6chten. Es wird Ihnen automatisch ein fester Marktpreis angeboten, aber Sie k\u00f6nnen auch selbst einen Preis festlegen.<\/span><\/p>\n<p><span style=\"font-weight: 400;\">Wenn Sie den angebotenen Marktpreis akzeptieren, erteilen Sie einen Marktauftrag. Das bedeutet einfach, dass Ihr Auftrag recht schnell ausgef\u00fchrt wird, weil Sie das Angebot einer anderen Person annehmen, Ihnen DOGE zu dem von ihr festgelegten Preis zu verkaufen.\u00a0<\/span><\/p>\n<p><span style=\"font-weight: 400;\">Wenn Sie selbst einen Preis festlegen, kann es etwas l\u00e4nger dauern, bis der Verkauf ausgef\u00fchrt wird, weil jemand anderes akzeptieren muss, Ihnen DOGE zu diesem Preis zu verkaufen. Das ist ein so genannter Limitauftrag.<\/span><\/p>\n<p><span style=\"font-weight: 400;\">\u00dcberpr\u00fcfen Sie Ihre Bestellung und klicken Sie auf \"Kaufen\".<\/span><\/p>\n<p><span style=\"font-weight: 400;\">Sie k\u00f6nnen auf die Registerkarte \"Bestellungen\" klicken, um zu sehen, ob die Transaktion abgeschlossen wurde. Wenn der Auftrag abgeschlossen ist, haben Sie das coin erfolgreich gekauft. Wenn die Bestellung offen ist, warten Sie noch darauf, dass Ihnen jemand DOGE verkauft.<\/span><\/p>\n<p><span style=\"font-weight: 400;\">Das war's. Herzlichen Gl\u00fcckwunsch!\u00a0<\/span><\/p>","protected":false},"excerpt":{"rendered":"<p>Wie man Dogecoin auf Kraken kauft Dogecoin (DOGE) ist eine der gr\u00f6\u00dften Kryptow\u00e4hrungen nach Marktkapitalisierung, trotz oder vielleicht gerade wegen seines Status als erstes Meme der Welt coin. Die token wurde haupts\u00e4chlich als Scherz eingef\u00fchrt, inspiriert durch das \"Doge-Mem\", gewann aber dank des Internets und der sozialen Medien schnell an Popularit\u00e4t. Wenn [...]<\/p>","protected":false},"author":3,"featured_media":155,"parent":3196,"menu_order":0,"comment_status":"closed","ping_status":"closed","template":"","meta":{"_genesis_hide_title":false,"_genesis_hide_breadcrumbs":false,"_genesis_hide_singular_image":false,"_genesis_hide_footer_widgets":false,"_genesis_custom_body_class":"","_genesis_custom_post_class":"","_genesis_layout":"","_glsr_average":0,"_glsr_ranking":0,"_glsr_reviews":0,"footnotes":""},"class_list":{"0":"post-3404","1":"page","2":"type-page","3":"status-publish","4":"has-post-thumbnail","6":"entry"},"featured_image_src":"https:\/\/coinkickoff.com\/wp-content\/uploads\/2022\/06\/Dogecoin-DOGE-600x400.jpg","featured_image_src_square":"https:\/\/coinkickoff.com\/wp-content\/uploads\/2022\/06\/Dogecoin-DOGE-600x600.jpg","_links":{"self":[{"href":"https:\/\/coinkickoff.com\/de\/wp-json\/wp\/v2\/pages\/3404","targetHints":{"allow":["GET"]}}],"collection":[{"href":"https:\/\/coinkickoff.com\/de\/wp-json\/wp\/v2\/pages"}],"about":[{"href":"https:\/\/coinkickoff.com\/de\/wp-json\/wp\/v2\/types\/page"}],"author":[{"embeddable":true,"href":"https:\/\/coinkickoff.com\/de\/wp-json\/wp\/v2\/users\/3"}],"replies":[{"embeddable":true,"href":"https:\/\/coinkickoff.com\/de\/wp-json\/wp\/v2\/comments?post=3404"}],"version-history":[{"count":3,"href":"https:\/\/coinkickoff.com\/de\/wp-json\/wp\/v2\/pages\/3404\/revisions"}],"predecessor-version":[{"id":4494,"href":"https:\/\/coinkickoff.com\/de\/wp-json\/wp\/v2\/pages\/3404\/revisions\/4494"}],"up":[{"embeddable":true,"href":"https:\/\/coinkickoff.com\/de\/wp-json\/wp\/v2\/pages\/3196"}],"wp:featuredmedia":[{"embeddable":true,"href":"https:\/\/coinkickoff.com\/de\/wp-json\/wp\/v2\/media\/155"}],"wp:attachment":[{"href":"https:\/\/coinkickoff.com\/de\/wp-json\/wp\/v2\/media?parent=3404"}],"curies":[{"name":"wp","href":"https:\/\/api.w.org\/{rel}","templated":true}]}}