{"id":3196,"date":"2026-01-08T14:07:36","date_gmt":"2026-01-08T14:07:36","guid":{"rendered":"https:\/\/coinkickoff.com\/?page_id=3196"},"modified":"2026-01-08T14:07:36","modified_gmt":"2026-01-08T14:07:36","slug":"how-to-buy-dogecoin","status":"publish","type":"page","link":"https:\/\/coinkickoff.com\/de\/how-to-buy-dogecoin\/","title":{"rendered":"Wie kann ich Dogecoin (DOGE) kaufen?"},"content":{"rendered":"<p><span style=\"font-weight: 400;\"><img loading=\"lazy\" decoding=\"async\" class=\"aligncenter wp-image-155 size-full\" src=\"https:\/\/coinkickoff.com\/wp-content\/uploads\/2022\/06\/Dogecoin-DOGE.jpg\" alt=\"Wie kann ich dogecoin kaufen?\" width=\"1000\" height=\"800\" srcset=\"https:\/\/coinkickoff.com\/wp-content\/uploads\/2022\/06\/Dogecoin-DOGE.jpg 1000w, https:\/\/coinkickoff.com\/wp-content\/uploads\/2022\/06\/Dogecoin-DOGE-300x240.jpg 300w, https:\/\/coinkickoff.com\/wp-content\/uploads\/2022\/06\/Dogecoin-DOGE-768x614.jpg 768w, https:\/\/coinkickoff.com\/wp-content\/uploads\/2022\/06\/Dogecoin-DOGE-15x12.jpg 15w\" sizes=\"auto, (max-width: 1000px) 100vw, 1000px\" \/>Wenn Sie kaufen m\u00f6chten <a href=\"https:\/\/coinkickoff.com\/de\/dogecoin-doge\/\" data-internallinksmanager029f6b8e52c=\"14\" title=\"Was ist Dogecoin (DOGE)? Wie funktioniert es und wo kann man es kaufen?\">Dogecoin<\/a> und nicht wissen, wo Sie anfangen sollen, sind Sie hier genau richtig. Wir zeigen Ihnen in einer Schritt-f\u00fcr-Schritt-Anleitung, wie und wo Sie DOGE kaufen k\u00f6nnen.<\/span><\/p>\n<div id=\"ez-toc-container\" class=\"ez-toc-v2_0_80 counter-hierarchy ez-toc-counter ez-toc-transparent ez-toc-container-direction\">\n<div class=\"ez-toc-title-container\">\n<p class=\"ez-toc-title\" style=\"cursor:inherit\">Rubriken<\/p>\n<span class=\"ez-toc-title-toggle\"><a href=\"#\" class=\"ez-toc-pull-right ez-toc-btn ez-toc-btn-xs ez-toc-btn-default ez-toc-toggle\" aria-label=\"Inhaltsverzeichnis umschalten\"><span class=\"ez-toc-js-icon-con\"><span class=\"\"><span class=\"eztoc-hide\" style=\"display:none;\">Umschalten auf<\/span><span class=\"ez-toc-icon-toggle-span\"><svg style=\"fill: #999;color:#999\" xmlns=\"http:\/\/www.w3.org\/2000\/svg\" class=\"list-377408\" width=\"20px\" height=\"20px\" viewbox=\"0 0 24 24\" fill=\"none\"><path d=\"M6 6H4v2h2V6zm14 0H8v2h12V6zM4 11h2v2H4v-2zm16 0H8v2h12v-2zM4 16h2v2H4v-2zm16 0H8v2h12v-2z\" fill=\"currentColor\"><\/path><\/svg><svg style=\"fill: #999;color:#999\" class=\"arrow-unsorted-368013\" xmlns=\"http:\/\/www.w3.org\/2000\/svg\" width=\"10px\" height=\"10px\" viewbox=\"0 0 24 24\" version=\"1.2\" baseprofile=\"tiny\"><path d=\"M18.2 9.3l-6.2-6.3-6.2 6.3c-.2.2-.3.4-.3.7s.1.5.3.7c.2.2.4.3.7.3h11c.3 0 .5-.1.7-.3.2-.2.3-.5.3-.7s-.1-.5-.3-.7zM5.8 14.7l6.2 6.3 6.2-6.3c.2-.2.3-.5.3-.7s-.1-.5-.3-.7c-.2-.2-.4-.3-.7-.3h-11c-.3 0-.5.1-.7.3-.2.2-.3.5-.3.7s.1.5.3.7z\"\/><\/svg><\/span><\/span><\/span><\/a><\/span><\/div>\n<nav><ul class='ez-toc-list ez-toc-list-level-1 eztoc-toggle-hide-by-default' ><li class='ez-toc-page-1 ez-toc-heading-level-2'><a class=\"ez-toc-link ez-toc-heading-1\" href=\"https:\/\/coinkickoff.com\/de\/how-to-buy-dogecoin\/#What_Is_Dogecoin\" >Was ist Dogecoin?<\/a><\/li><li class='ez-toc-page-1 ez-toc-heading-level-2'><a class=\"ez-toc-link ez-toc-heading-2\" href=\"https:\/\/coinkickoff.com\/de\/how-to-buy-dogecoin\/#Where_Can_I_Buy_Dogecoin\" >Wo kann ich Dogecoin kaufen?<\/a><\/li><li class='ez-toc-page-1 ez-toc-heading-level-2'><a class=\"ez-toc-link ez-toc-heading-3\" href=\"https:\/\/coinkickoff.com\/de\/how-to-buy-dogecoin\/#How_to_Buy_Dogecoin\" >Wie kann ich Dogecoin kaufen?<\/a><ul class='ez-toc-list-level-3' ><li class='ez-toc-heading-level-3'><a class=\"ez-toc-link ez-toc-heading-4\" href=\"https:\/\/coinkickoff.com\/de\/how-to-buy-dogecoin\/#Choose_Your_Exchange\" >W\u00e4hlen Sie Ihre B\u00f6rse<\/a><\/li><li class='ez-toc-page-1 ez-toc-heading-level-3'><a class=\"ez-toc-link ez-toc-heading-5\" href=\"https:\/\/coinkickoff.com\/de\/how-to-buy-dogecoin\/#Buy_DOGE\" >DOGE kaufen<\/a><\/li><li class='ez-toc-page-1 ez-toc-heading-level-3'><a class=\"ez-toc-link ez-toc-heading-6\" href=\"https:\/\/coinkickoff.com\/de\/how-to-buy-dogecoin\/#Store_Your_DOGE\" >Speichern Sie Ihr DOGE<\/a><ul class='ez-toc-list-level-4' ><li class='ez-toc-heading-level-4'><a class=\"ez-toc-link ez-toc-heading-7\" href=\"https:\/\/coinkickoff.com\/de\/how-to-buy-dogecoin\/#Exchange_Wallet\" >Geldb\u00f6rse tauschen<\/a><\/li><li class='ez-toc-page-1 ez-toc-heading-level-4'><a class=\"ez-toc-link ez-toc-heading-8\" href=\"https:\/\/coinkickoff.com\/de\/how-to-buy-dogecoin\/#Self-Custody_Hot_Wallets\" >Selbstverwahrte hei\u00dfe Geldb\u00f6rsen<\/a><\/li><li class='ez-toc-page-1 ez-toc-heading-level-4'><a class=\"ez-toc-link ez-toc-heading-9\" href=\"https:\/\/coinkickoff.com\/de\/how-to-buy-dogecoin\/#Cold_Wallets\" >Kalte Brieftaschen<\/a><\/li><\/ul><\/li><\/ul><\/li><\/ul><\/nav><\/div>\n<h2><span class=\"ez-toc-section\" id=\"What_Is_Dogecoin\"><\/span><span style=\"font-weight: 400;\">Was ist Dogecoin?<\/span><span class=\"ez-toc-section-end\"><\/span><\/h2>\n<p><span style=\"font-weight: 400;\">Sie haben vielleicht schon einmal geh\u00f6rt, dass die Menschen <\/span><a href=\"https:\/\/coinkickoff.com\/de\/dogecoin-doge\/\"><span style=\"font-weight: 400;\">Dogecoin<\/span><\/a><span style=\"font-weight: 400;\"> als ein Meme coin. Das ist wahr: Die Gr\u00fcnder von Dogecoin, Billy Marcus und Jackson Palmer, wurden von einem <\/span><a href=\"https:\/\/knowyourmeme.com\/memes\/doge\" target=\"_blank\" rel=\"noopener\"><span style=\"font-weight: 400;\">Meme mit einem Shiba Inu-Hund<\/span><\/a><span style=\"font-weight: 400;\"> und startete Dogecoin haupts\u00e4chlich als Scherz.<\/span><\/p>\n<p><span style=\"font-weight: 400;\">Das coin wurde durch den Hype auf Reddit popul\u00e4r, nachdem es die Aufmerksamkeit von Tesla-CEO Elon Musk erregt hatte, der <\/span><a href=\"https:\/\/uk.finance.yahoo.com\/news\/dogecoin-elon-musk-tweet-reddit-100947312.html\" target=\"_blank\" rel=\"noopener\"><span style=\"font-weight: 400;\">getwittert \u00fcber das coin im Jahr 2021<\/span><\/a><span style=\"font-weight: 400;\">. Das Engagement von Musk lie\u00df die Preise f\u00fcr DOGE kurzzeitig in die H\u00f6he schnellen, doch schon bald darauf verlor der Verm\u00f6genswert einen Gro\u00dfteil seines Wertes.<\/span><\/p>\n<p><img loading=\"lazy\" decoding=\"async\" class=\"alignnone size-medium\" src=\"https:\/\/coinkickoff.com\/wp-content\/uploads\/1612461300-elon-musk-lion-king.jpg\" alt=\"ELON MUSK DOGE\" width=\"675\" height=\"380\" \/><\/p>\n<p><span style=\"font-weight: 400;\">Dogecoin hat keinen wirklichen Anwendungsfall: Es ist keine gro\u00dfartige M\u00f6glichkeit, Werte zu \u00fcbertragen wie <\/span><a href=\"https:\/\/coinkickoff.com\/de\/tether-usdt\/\"><span style=\"font-weight: 400;\">stabilcoins<\/span><\/a><span style=\"font-weight: 400;\">da die Preise nicht stabil sind. Es hat ein unendliches Angebot (im Gegensatz zu, zum Beispiel, <\/span><a href=\"https:\/\/coinkickoff.com\/de\/bitcoin-btc\/\"><span style=\"font-weight: 400;\">Bitcoin<\/span><\/a><span style=\"font-weight: 400;\">), so dass sie mit der Zeit nicht weniger verf\u00fcgbar oder wertvoller werden.\u00a0<\/span><\/p>\n<p><span style=\"font-weight: 400;\">Es gibt Milliarden von DOGE auf dem Markt, und Dogecoin ist nach Marktkapitalisierung nach wie vor eine der gr\u00f6\u00dften Kryptow\u00e4hrungen coins, was sich jedoch nicht in Geldwert ausdr\u00fcckt.<\/span><\/p>\n<p><img loading=\"lazy\" decoding=\"async\" class=\"alignnone wp-image-3198 size-full\" src=\"https:\/\/coinkickoff.com\/wp-content\/uploads\/dogemarketcap.png\" alt=\"Doge-Marktkapitalisierung\" width=\"977\" height=\"573\" srcset=\"https:\/\/coinkickoff.com\/wp-content\/uploads\/dogemarketcap.png 977w, https:\/\/coinkickoff.com\/wp-content\/uploads\/dogemarketcap-300x176.png 300w, https:\/\/coinkickoff.com\/wp-content\/uploads\/dogemarketcap-768x450.png 768w, https:\/\/coinkickoff.com\/wp-content\/uploads\/dogemarketcap-18x12.png 18w\" sizes=\"auto, (max-width: 977px) 100vw, 977px\" \/><\/p>\n<p><span style=\"font-weight: 400;\">Der coin kann in gro\u00dfen Mengen abgebaut werden, so dass er gar nicht so wertvoll ist. Gelegentlich kommt es zu kurzen Preissteigerungen, die in der Regel auf unbedachte \u00c4u\u00dferungen von Ber\u00fchmtheiten wie Musk zur\u00fcckzuf\u00fchren sind.<\/span><\/p>\n<p><img loading=\"lazy\" decoding=\"async\" class=\"alignnone wp-image-3197 size-full\" src=\"https:\/\/coinkickoff.com\/wp-content\/uploads\/doge-price.png\" alt=\"DOGE Preis\" width=\"973\" height=\"559\" srcset=\"https:\/\/coinkickoff.com\/wp-content\/uploads\/doge-price.png 973w, https:\/\/coinkickoff.com\/wp-content\/uploads\/doge-price-300x172.png 300w, https:\/\/coinkickoff.com\/wp-content\/uploads\/doge-price-768x441.png 768w, https:\/\/coinkickoff.com\/wp-content\/uploads\/doge-price-18x10.png 18w\" sizes=\"auto, (max-width: 973px) 100vw, 973px\" \/><\/p>\n<p><span style=\"font-weight: 400;\">Alles in allem ist es richtig, das coin einen Witz zu nennen.<\/span><\/p>\n<h2><span class=\"ez-toc-section\" id=\"Where_Can_I_Buy_Dogecoin\"><\/span><span style=\"font-weight: 400;\">Wo kann ich Dogecoin kaufen?<\/span><span class=\"ez-toc-section-end\"><\/span><\/h2>\n<p><span style=\"font-weight: 400;\">Sie k\u00f6nnen Dogecoin bei den meisten <a href=\"https:\/\/coinkickoff.com\/de\/crypto-exchanges\/\" data-internallinksmanager029f6b8e52c=\"141\" title=\"21 beste Kryptow\u00e4hrungsb\u00f6rsen und Apps im Jahr 2024\">Krypto-B\u00f6rsen<\/a>. <\/span><a href=\"https:\/\/coinmarketcap.com\/currencies\/dogecoin\/\" target=\"_blank\" rel=\"noopener\"><span style=\"font-weight: 400;\">Doge ist die 16. gr\u00f6\u00dfte Kryptow\u00e4hrung<\/span><\/a><span style=\"font-weight: 400;\"> nach Marktkapitalisierung, so dass sie in der Regel an den g\u00e4ngigen B\u00f6rsen verf\u00fcgbar ist.<\/span><\/p>\n<p><img loading=\"lazy\" decoding=\"async\" class=\"alignnone wp-image-3199 size-full\" src=\"https:\/\/coinkickoff.com\/wp-content\/uploads\/doge-on-binance.png\" alt=\"DOGE auf Binance\" width=\"1366\" height=\"584\" srcset=\"https:\/\/coinkickoff.com\/wp-content\/uploads\/doge-on-binance.png 1366w, https:\/\/coinkickoff.com\/wp-content\/uploads\/doge-on-binance-300x128.png 300w, https:\/\/coinkickoff.com\/wp-content\/uploads\/doge-on-binance-1024x438.png 1024w, https:\/\/coinkickoff.com\/wp-content\/uploads\/doge-on-binance-768x328.png 768w, https:\/\/coinkickoff.com\/wp-content\/uploads\/doge-on-binance-18x8.png 18w\" sizes=\"auto, (max-width: 1366px) 100vw, 1366px\" \/><\/p>\n<p><span style=\"font-weight: 400;\">Sie k\u00f6nnen DOGE mit Fiat-W\u00e4hrungen bei zentralen Kryptob\u00f6rsen wie <\/span><a href=\"https:\/\/coinkickoff.com\/de\/coinbase-review\/\"><span style=\"font-weight: 400;\">Coinbase<\/span><\/a><span style=\"font-weight: 400;\">, <\/span><a href=\"https:\/\/coinkickoff.com\/de\/binance-review\/\"><span style=\"font-weight: 400;\">Binance<\/span><\/a><span style=\"font-weight: 400;\">, <\/span><a href=\"https:\/\/coinkickoff.com\/de\/kraken-review\/\"><span style=\"font-weight: 400;\">Kraken<\/span><\/a><span style=\"font-weight: 400;\">und <\/span><a href=\"https:\/\/coinkickoff.com\/de\/etoro-review\/\"><span style=\"font-weight: 400;\">eToro<\/span><\/a><span style=\"font-weight: 400;\">.<\/span><\/p>\n<p><span style=\"font-weight: 400;\">Wenn Sie bereits Kryptow\u00e4hrungen besitzen, k\u00f6nnen Sie DOGE und andere digitale Verm\u00f6genswerte auch an dezentralen B\u00f6rsen wie <\/span><a href=\"https:\/\/www.sushi.com\/\" target=\"_blank\" rel=\"noopener\"><span style=\"font-weight: 400;\">SushiSwap<\/span><\/a><span style=\"font-weight: 400;\"> oder <\/span><a href=\"https:\/\/uniswap.org\/\" target=\"_blank\" rel=\"noopener\"><span style=\"font-weight: 400;\">Uniswap<\/span><\/a><span style=\"font-weight: 400;\">. Diese B\u00f6rsen erleichtern Peer-to-Peer-Transaktionen ohne Vermittler.<\/span><\/p>\n<p><span style=\"font-weight: 400;\">Sie sind zwar oft billiger als zentrale B\u00f6rsen, aber sie k\u00f6nnen schwieriger zu navigieren sein und sind f\u00fcr Anf\u00e4nger nicht sehr geeignet. Nat\u00fcrlich k\u00f6nnen Sie den Umgang mit einer dezentralen B\u00f6rse leicht erlernen, wenn Sie ein wenig Zeit daf\u00fcr aufwenden.<\/span><\/p>\n<h2><span class=\"ez-toc-section\" id=\"How_to_Buy_Dogecoin\"><\/span><span style=\"font-weight: 400;\">Wie kann ich Dogecoin kaufen?<\/span><span class=\"ez-toc-section-end\"><\/span><\/h2>\n<p><span style=\"font-weight: 400;\">Es gibt drei Schritte zum Kauf einer Kryptow\u00e4hrung, einschlie\u00dflich Dogecoin. Entscheiden Sie zun\u00e4chst, welche B\u00f6rse Sie nutzen m\u00f6chten. Dann \u00fcberlegen Sie, wo Sie Ihre Kryptow\u00e4hrung lagern wollen. Sobald Sie diese Entscheidung getroffen haben, k\u00f6nnen Sie DOGE kaufen.\u00a0<\/span><\/p>\n<p><span style=\"font-weight: 400;\">Hier ist ein ausf\u00fchrlicherer Ansatz f\u00fcr absolute Anf\u00e4nger:<\/span><\/p>\n<h3><span class=\"ez-toc-section\" id=\"Choose_Your_Exchange\"><\/span><span style=\"font-weight: 400;\">W\u00e4hlen Sie Ihre B\u00f6rse<\/span><span class=\"ez-toc-section-end\"><\/span><\/h3>\n<p><span style=\"font-weight: 400;\">Verschiedene B\u00f6rsen bieten unterschiedliche Funktionen und haben unterschiedliche Kryptoverf\u00fcgbarkeiten und Geb\u00fchren. Sie k\u00f6nnen einige der bekanntesten B\u00f6rsen vergleichen, um zu sehen, welche Ihren Bed\u00fcrfnissen am besten entspricht, bevor Sie eine Entscheidung treffen.<\/span><\/p>\n<p><span style=\"font-weight: 400;\">Zum Beispiel, <a href=\"https:\/\/coinkickoff.com\/de\/coinbase-review\/\" data-internallinksmanager029f6b8e52c=\"142\" title=\"Coinbase Bewertungen 2024: Funktionen, Preise, Sicherheit, Vor- und Nachteile\">Coinbase<\/a> und <a href=\"https:\/\/coinkickoff.com\/de\/binance-review\/\" data-internallinksmanager029f6b8e52c=\"152\" title=\"Binance Bewertungen 2024: Eigenschaften, Preise, Sicherheit, Vor- und Nachteile\">Binance<\/a> US bieten beide \u00e4hnliche digitale Verm\u00f6genswerte (einschlie\u00dflich DOGE), aber Binance bietet niedrigere Geb\u00fchren. Allerdings gilt Coinbase als sicherer und anf\u00e4ngerfreundlicher. Recherchieren Sie, bevor Sie sich f\u00fcr eine Plattform entscheiden, denn Krypto kann eine riskante Investition sein.<\/span><\/p>\n<p><span style=\"font-weight: 400;\">In unserem Leitfaden zum Thema Austausch k\u00f6nnen Sie sich einen umfassenderen \u00dcberblick \u00fcber die <\/span><a href=\"https:\/\/coinkickoff.com\/de\/crypto-exchanges\/\"><span style=\"font-weight: 400;\">beliebteste Krypto-B\u00f6rsen<\/span><\/a><span style=\"font-weight: 400;\">.<\/span><\/p>\n<h3><span class=\"ez-toc-section\" id=\"Buy_DOGE\"><\/span><span style=\"font-weight: 400;\">DOGE kaufen<\/span><span class=\"ez-toc-section-end\"><\/span><\/h3>\n<p><span style=\"font-weight: 400;\">Sobald Sie sich f\u00fcr eine Plattform entschieden haben, k\u00f6nnen Sie sich anmelden. Die meisten zentralisierten Krypto-B\u00f6rsen erm\u00f6glichen es Ihnen, Krypto mit Fiat-W\u00e4hrung (wie USD oder EUR) zu kaufen. Sie k\u00f6nnen Ihr Bankkonto mit der Plattform verbinden und Geld auf Ihr B\u00f6rsenkonto \u00fcberweisen.<\/span><\/p>\n<p><img loading=\"lazy\" decoding=\"async\" class=\"alignnone wp-image-3201 size-full\" src=\"https:\/\/coinkickoff.com\/wp-content\/uploads\/buy-doge-on-binance-1.png\" alt=\"doge auf binance kaufen\" width=\"1432\" height=\"802\" srcset=\"https:\/\/coinkickoff.com\/wp-content\/uploads\/buy-doge-on-binance-1.png 1432w, https:\/\/coinkickoff.com\/wp-content\/uploads\/buy-doge-on-binance-1-300x168.png 300w, https:\/\/coinkickoff.com\/wp-content\/uploads\/buy-doge-on-binance-1-1024x573.png 1024w, https:\/\/coinkickoff.com\/wp-content\/uploads\/buy-doge-on-binance-1-768x430.png 768w, https:\/\/coinkickoff.com\/wp-content\/uploads\/buy-doge-on-binance-1-18x10.png 18w\" sizes=\"auto, (max-width: 1432px) 100vw, 1432px\" \/><\/p>\n<p><span style=\"font-weight: 400;\">Bei einigen B\u00f6rsen k\u00f6nnen Sie Kryptow\u00e4hrungen auch mit Kreditkarten, Debitkarten, PayPal, Google Pay und Apple Pay kaufen. Wenn Sie ein B\u00f6rsenkonto oder andere digitale Verm\u00f6genswerte besitzen, k\u00f6nnen Sie diese ebenfalls gegen DOGE eintauschen.<\/span><\/p>\n<p><span style=\"font-weight: 400;\">Einige B\u00f6rsen erm\u00f6glichen es Ihnen, DOGE direkt mit Fiat zu kaufen, w\u00e4hrend andere nur stabile coins anbieten, wie <a href=\"https:\/\/coinkickoff.com\/de\/tether-usdt\/\" data-internallinksmanager029f6b8e52c=\"3\" title=\"Was ist Tether (USDT)? Wie funktioniert es und wo kann man es kaufen?\">USDT<\/a> oder <a href=\"https:\/\/coinkickoff.com\/de\/usd-coin-usdc\/\" data-internallinksmanager029f6b8e52c=\"8\" title=\"Was ist USD Coin (USDC)? Wie funktioniert es und wo kann man es kaufen?\">USDC<\/a>. In diesen F\u00e4llen m\u00fcssen Sie zun\u00e4chst einen stabilen coin kaufen und ihn dann gegen DOGE eintauschen.<\/span><\/p>\n<h3><span class=\"ez-toc-section\" id=\"Store_Your_DOGE\"><\/span><span style=\"font-weight: 400;\">Speichern Sie Ihr DOGE<\/span><span class=\"ez-toc-section-end\"><\/span><\/h3>\n<p><span style=\"font-weight: 400;\">Wenn Sie DOGE gekauft haben, m\u00fcssen Sie entscheiden, wo Sie es aufbewahren wollen. Daf\u00fcr haben Sie mehrere M\u00f6glichkeiten.<\/span><\/p>\n<h4><span class=\"ez-toc-section\" id=\"Exchange_Wallet\"><\/span><span style=\"font-weight: 400;\">Geldb\u00f6rse tauschen<\/span><span class=\"ez-toc-section-end\"><\/span><\/h4>\n<p><span style=\"font-weight: 400;\">Wenn Sie Kryptow\u00e4hrungen an einer B\u00f6rse kaufen, werden Ihre Verm\u00f6genswerte automatisch in der Wallet der B\u00f6rse gespeichert. Diese Wallets werden als Depot-Wallets bezeichnet, da die Plattformen sie kontrollieren und verwalten.<\/span><\/p>\n<p><span style=\"font-weight: 400;\">Sie k\u00f6nnen die Verm\u00f6genswerte in der Brieftasche zwar \u00fcber Ihr B\u00f6rsenkonto handeln, haben aber keine vollst\u00e4ndige Kontrolle \u00fcber sie. Wenn die B\u00f6rse angegriffen wird oder in Konkurs geht, kann Ihr Verm\u00f6gen f\u00fcr immer verloren sein.<\/span><\/p>\n<h4><span class=\"ez-toc-section\" id=\"Self-Custody_Hot_Wallets\"><\/span><span style=\"font-weight: 400;\">Selbstverwahrte hei\u00dfe Geldb\u00f6rsen<\/span><span class=\"ez-toc-section-end\"><\/span><\/h4>\n<p><span style=\"font-weight: 400;\">Auf dem Markt gibt es mehrere selbstverwahrende Hot Wallets: Bei einigen handelt es sich um Software-Geldb\u00f6rsen, die Sie auf Ihr Mobilger\u00e4t oder Ihren Computer herunterladen k\u00f6nnen, auf andere k\u00f6nnen Sie \u00fcber einen Browser zugreifen. Sie werden Hot Wallets genannt, weil sie \u00fcber Ihr Ger\u00e4t (Computer oder Mobilger\u00e4t) mit dem Internet verbunden sind.\u00a0<\/span><\/p>\n<p><span style=\"font-weight: 400;\">Selbstverwahrte Geldb\u00f6rsen erm\u00f6glichen Ihnen zwar die vollst\u00e4ndige Kontrolle \u00fcber Ihr Verm\u00f6gen, sind aber auch anf\u00e4llig f\u00fcr Sicherheitsverletzungen und werden h\u00e4ufig von Hackern angegriffen. Wenn Sie sich nicht gut damit auskennen, wie Sie mit dem Internet verbundene Ger\u00e4te vor Malware und Hackerangriffen sch\u00fctzen k\u00f6nnen, setzen Sie Ihr Geld m\u00f6glicherweise einem Risiko aus, indem Sie es in einer Hot Wallet speichern.<\/span><\/p>\n<h4><span class=\"ez-toc-section\" id=\"Cold_Wallets\"><\/span><span style=\"font-weight: 400;\">Kalte Brieftaschen<\/span><span class=\"ez-toc-section-end\"><\/span><\/h4>\n<p><span style=\"font-weight: 400;\">Cold Wallets gelten im Allgemeinen als die sicherste Speicheroption f\u00fcr Kryptow\u00e4hrungen. Sie sind nicht mit dem Internet verbunden und daher unempfindlich gegen\u00fcber Hacking-Versuchen. Eine Cold Wallet kann eine Papiergeldb\u00f6rse oder eine Hardware-Wallet sein.<\/span><\/p>\n<p><span style=\"font-weight: 400;\">Eine Papiergeldb\u00f6rse ist einfach ein St\u00fcck Papier, das Ihren privaten Schl\u00fcssel enth\u00e4lt, mit dem Sie \u00fcber eine Wallet-Schnittstelle auf Ihr Geld zugreifen k\u00f6nnen. Papiergeldb\u00f6rsen k\u00f6nnen jedoch schwer zu handhaben sein und sind nicht geeignet, wenn Sie Ihr Verm\u00f6gen einfach handeln m\u00f6chten.<\/span><\/p>\n<p><span style=\"font-weight: 400;\">Hardware-Geldb\u00f6rsen sind USB-\u00e4hnliche Ger\u00e4te, die Ihre privaten Schl\u00fcssel speichern. Da das Ger\u00e4t nicht direkt mit dem Internet verbunden ist, kann es nicht gehackt werden. <\/span><a href=\"https:\/\/trezor.io\/\" target=\"_blank\" rel=\"noopener\"><span style=\"font-weight: 400;\">Trezor<\/span><\/a><span style=\"font-weight: 400;\"> und <\/span><a href=\"https:\/\/www.ledger.com\/\" target=\"_blank\" rel=\"noopener\"><span style=\"font-weight: 400;\">Hauptbuch<\/span><\/a><span style=\"font-weight: 400;\"> sind zwei Hersteller von Hardware-Wallets, die als die besten im Gesch\u00e4ft gelten. Beide Unternehmen bieten verschiedene Hardware-Wallets zur Speicherung von Kryptow\u00e4hrungen an, die allerdings recht teuer sein k\u00f6nnen.<\/span><\/p>\n<p><span style=\"font-weight: 400;\">Wenn Sie nur gelegentlich mit geringen Betr\u00e4gen handeln, k\u00f6nnte der Kauf einer Hardware-Wallet zu viel des Guten sein. Wenn Sie jedoch Wert auf Sicherheit legen, ist der Kauf einer Hardware-Wallet auf lange Sicht die beste Wahl.\u00a0\u00a0<\/span><\/p>\n<p>Siehe auch Wie man Dogecoin (DOGE) kauft auf:<\/p>\n<p><a href=\"https:\/\/coinkickoff.com\/de\/how-to-buy-dogecoin\/how-to-buy-dogecoin-on-coinbase\/\">Coinbase<\/a><br \/>\n<a href=\"https:\/\/coinkickoff.com\/de\/how-to-buy-dogecoin\/how-to-buy-dogecoin-on-kraken\/\">Kraken<\/a><br \/>\n<a href=\"https:\/\/coinkickoff.com\/de\/how-to-buy-dogecoin\/how-to-buy-dogecoin-on-binance\/\">Binance<\/a><br \/>\n<a href=\"https:\/\/coinkickoff.com\/de\/how-to-buy-dogecoin\/how-to-buy-dogecoin-on-bitmart\/\">Bitmart<\/a><br \/>\n<a href=\"https:\/\/coinkickoff.com\/de\/how-to-buy-dogecoin\/how-to-buy-dogecoin-on-bybit\/\">Bybit<\/a><br \/>\n<a href=\"https:\/\/coinkickoff.com\/de\/how-to-buy-dogecoin\/how-to-buy-dogecoin-on-gate-io\/\">Tor.io<\/a><br \/>\n<a href=\"https:\/\/coinkickoff.com\/de\/how-to-buy-dogecoin\/how-to-buy-dogecoin-on-gemini\/\">Zwillinge<\/a><br \/>\n<a href=\"https:\/\/coinkickoff.com\/de\/how-to-buy-dogecoin\/how-to-buy-dogecoin-on-kucoin\/\">Kucoin<\/a><br \/>\n<a href=\"https:\/\/coinkickoff.com\/de\/how-to-buy-dogecoin\/how-to-buy-dogecoin-on-mexc\/\">MEXC<\/a><br \/>\n<a href=\"https:\/\/coinkickoff.com\/de\/how-to-buy-dogecoin\/how-to-buy-dogecoin-on-okx\/\">OKX<\/a><br \/>\n<a href=\"https:\/\/coinkickoff.com\/de\/how-to-buy-dogecoin\/how-to-buy-dogecoin-on-poloniex\/\">Poloniex<\/a><\/p>","protected":false},"excerpt":{"rendered":"<p>Wenn Sie Dogecoin kaufen m\u00f6chten und nicht wissen, wo Sie anfangen sollen, sind Sie hier genau richtig. Wir zeigen Ihnen in einer Schritt-f\u00fcr-Schritt-Anleitung, wie und wo Sie DOGE kaufen k\u00f6nnen. Was ist Dogecoin? Vielleicht haben Sie schon geh\u00f6rt, dass Dogecoin als Meme coin bezeichnet wird. Das ist wahr: Die Gr\u00fcnder von Dogecoin, Billy Marcus und Jackson Palmer, waren [...]<\/p>","protected":false},"author":3,"featured_media":155,"parent":0,"menu_order":0,"comment_status":"closed","ping_status":"closed","template":"","meta":{"_genesis_hide_title":false,"_genesis_hide_breadcrumbs":false,"_genesis_hide_singular_image":false,"_genesis_hide_footer_widgets":false,"_genesis_custom_body_class":"","_genesis_custom_post_class":"","_genesis_layout":"","_glsr_average":0,"_glsr_ranking":0,"_glsr_reviews":0,"footnotes":""},"class_list":{"0":"post-3196","1":"page","2":"type-page","3":"status-publish","4":"has-post-thumbnail","6":"entry"},"featured_image_src":"https:\/\/coinkickoff.com\/wp-content\/uploads\/2022\/06\/Dogecoin-DOGE-600x400.jpg","featured_image_src_square":"https:\/\/coinkickoff.com\/wp-content\/uploads\/2022\/06\/Dogecoin-DOGE-600x600.jpg","_links":{"self":[{"href":"https:\/\/coinkickoff.com\/de\/wp-json\/wp\/v2\/pages\/3196","targetHints":{"allow":["GET"]}}],"collection":[{"href":"https:\/\/coinkickoff.com\/de\/wp-json\/wp\/v2\/pages"}],"about":[{"href":"https:\/\/coinkickoff.com\/de\/wp-json\/wp\/v2\/types\/page"}],"author":[{"embeddable":true,"href":"https:\/\/coinkickoff.com\/de\/wp-json\/wp\/v2\/users\/3"}],"replies":[{"embeddable":true,"href":"https:\/\/coinkickoff.com\/de\/wp-json\/wp\/v2\/comments?post=3196"}],"version-history":[{"count":5,"href":"https:\/\/coinkickoff.com\/de\/wp-json\/wp\/v2\/pages\/3196\/revisions"}],"predecessor-version":[{"id":4940,"href":"https:\/\/coinkickoff.com\/de\/wp-json\/wp\/v2\/pages\/3196\/revisions\/4940"}],"wp:featuredmedia":[{"embeddable":true,"href":"https:\/\/coinkickoff.com\/de\/wp-json\/wp\/v2\/media\/155"}],"wp:attachment":[{"href":"https:\/\/coinkickoff.com\/de\/wp-json\/wp\/v2\/media?parent=3196"}],"curies":[{"name":"wp","href":"https:\/\/api.w.org\/{rel}","templated":true}]}}