{"id":9,"date":"2026-01-08T14:07:51","date_gmt":"2026-01-08T14:07:51","guid":{"rendered":"https:\/\/coinkickoff.com\/?page_id=9"},"modified":"2026-01-08T14:07:51","modified_gmt":"2026-01-08T14:07:51","slug":"om-os","status":"publish","type":"page","link":"https:\/\/coinkickoff.com\/da\/om-os\/","title":{"rendered":"Om"},"content":{"rendered":"<h1 class=\"wp-block-genesis-blocks-gb-spacer gb-block-spacer gb-divider-solid gb-divider-size-1\" style=\"color: #ddd;\">Om Coin Kickoff\u00a0<\/h1>\r\n<div class=\"wp-block-columns has-2-columns\">\r\n<div class=\"wp-block-column\">\r\n<p>Jeg har oprettet Coin Kickoff, fordi jeg mener, at krypto\/<a href=\"https:\/\/coinkickoff.com\/da\/what-is-web-3-0\/\" data-internallinksmanager029f6b8e52c=\"184\" title=\"Hvad er web 3.0?\">web3<\/a> er for kompliceret.<\/p>\r\n\r\n\r\n\r\n<p>Mit navn er Ian Wright, og jeg begyndte at rode med krypto tilbage i <strong>2017<\/strong> n\u00e5r <a href=\"https:\/\/coinkickoff.com\/da\/bitcoin-btc\/\" data-internallinksmanager029f6b8e52c=\"1\" title=\"Hvad er Bitcoin (BTC)? Pris, historie og hvor kan man k\u00f8be\">Bitcoin<\/a> lavede sin f\u00f8rste tyr op til n\u00e6sten <strong>$20,000<\/strong> hver.<\/p>\r\n\r\n\r\n\r\n<p>Jeg var s\u00e5 heldig, at det faktisk lykkedes mig at tjene lidt penge p\u00e5 det tidspunkt. Derefter glemte jeg prompte alt om krypto.<\/p>\r\n\r\n\r\n\r\n<p>Jeg antog, at boblen var sprunget. Jeg f\u00f8lte mig heldig, at jeg kom ud, da jeg gjorde.<\/p>\r\n\r\n\r\n\r\n<p>Det hele f\u00f8ltes som et k\u00e6mpe svindelnummer og ville i sidste ende bare forsvinde.<\/p>\r\n\r\n\r\n\r\n<p><strong>S\u00e5 skete der noget m\u00e6rkeligt.<\/strong><\/p>\r\n\r\n\r\n\r\n<p>I efter\u00e5ret <strong>2020<\/strong> Jeg begyndte at h\u00f8re folk tale om Bitcoin og krypto igen.<\/p>\r\n\r\n\r\n\r\n<p>I f\u00f8rste omgang afviste jeg det. Bitcoin var s\u00e5 <strong>2017<\/strong>.<\/p>\r\n\r\n\r\n\r\n<p>Desuden var det alligevel et fupnummer.<\/p>\r\n\r\n\r\n\r\n<p>Men til sidst skiftede jeg mening, da Bitcoin's pris steg over sit tidligere h\u00f8jeste niveau.<\/p>\r\n\r\n\r\n\r\n<p>I mit hoved var det ikke meningen, at dette skulle ske.<\/p>\r\n\r\n\r\n\r\n<p>Jeg var og er fortsat skeptisk over for v\u00e6rdien af Bitcoin, krypto, web3 og blockchain.<\/p>\r\n\r\n\r\n\r\n<p>Men jeg f\u00f8ler ikke l\u00e6ngere, at de vil forsvinde lige forel\u00f8big.<\/p>\r\n\r\n\r\n\r\n<p><strong>Jeg besluttede endda at investere igen. <\/strong><\/p>\r\n\r\n\r\n\r\n<p>Men i mods\u00e6tning til sidste gang tabte jeg penge. I et bull market!<\/p>\r\n\r\n\r\n\r\n<p>Derfor besluttede jeg mig for at uddanne mig.<\/p>\r\n\r\n\r\n\r\n<p>Og det er derfor, jeg har skabt Coin Kickoff.<\/p>\r\n\r\n\r\n\r\n<p>M\u00e5let er enkelt: at forklare, hvad forskellige coin'er er, hvad de kan, og hvor de kan k\u00f8bes.<\/p>\r\n\r\n\r\n\r\n<p>Alt sammen p\u00e5 en enkel og letforst\u00e5elig m\u00e5de.<\/p>\r\n\r\n\r\n\r\n<p>Og for at g\u00f8re det klart, at jeg ikke aner, hvad jeg laver. Intet p\u00e5 dette websted skal opfattes som en promovering af nogen form for investering.<\/p>\r\n\r\n\r\n\r\n<p>Jeg forventer, at de fleste coin'er <strong>vil g\u00e5 til nul<\/strong>.<\/p>\r\n\r\n\r\n\r\n<p>T\u00e6nk p\u00e5 Coin Kickoff som et udgangspunkt for at l\u00e6re endnu mere om de forskellige kryptomuligheder, der findes.<\/p>\r\n\r\n\r\n\r\n<p>Alle indl\u00e6g og vejledninger er udelukkende til orientering.<\/p>\r\n\r\n\r\n\r\n<p>Og invester aldrig flere penge, end du har r\u00e5d til at tabe.<\/p>\r\n\r\n\r\n\r\n<p>&nbsp;<\/p>\r\n<\/div>\r\n<!-- \/wp:post-content --><\/div>\r\n<!-- \/wp:columns -->\r\n\r\n<!-- wp:paragraph -->\r\n<p>&nbsp;<\/p>\r\n<!-- \/wp:paragraph -->","protected":false},"excerpt":{"rendered":"<p>Mit navn er Ian Wright, og jeg begyndte at rode med krypto tilbage i 2017, da Bitcoin lavede sin f\u00f8rste bull run op til n\u00e6sten $20,000 hver. Jeg var heldig nok til at jeg faktisk form\u00e5ede at tjene lidt penge p\u00e5 det tidspunkt. Jeg glemte derefter prompte alt om krypto. Jeg gik ud fra, at boblen var sprunget. I [...]<\/p>","protected":false},"author":1,"featured_media":10,"parent":0,"menu_order":0,"comment_status":"closed","ping_status":"closed","template":"","meta":{"_genesis_hide_title":true,"_genesis_hide_breadcrumbs":true,"_genesis_hide_singular_image":true,"_genesis_hide_footer_widgets":false,"_genesis_custom_body_class":"","_genesis_custom_post_class":"","_genesis_layout":"full-width-content","_glsr_average":0,"_glsr_ranking":0,"_glsr_reviews":0,"footnotes":""},"class_list":{"0":"post-9","1":"page","2":"type-page","3":"status-publish","4":"has-post-thumbnail","6":"entry"},"featured_image_src":"https:\/\/coinkickoff.com\/wp-content\/uploads\/2022\/03\/about-600x400.jpg","featured_image_src_square":"https:\/\/coinkickoff.com\/wp-content\/uploads\/2022\/03\/about-600x600.jpg","_links":{"self":[{"href":"https:\/\/coinkickoff.com\/da\/wp-json\/wp\/v2\/pages\/9","targetHints":{"allow":["GET"]}}],"collection":[{"href":"https:\/\/coinkickoff.com\/da\/wp-json\/wp\/v2\/pages"}],"about":[{"href":"https:\/\/coinkickoff.com\/da\/wp-json\/wp\/v2\/types\/page"}],"author":[{"embeddable":true,"href":"https:\/\/coinkickoff.com\/da\/wp-json\/wp\/v2\/users\/1"}],"replies":[{"embeddable":true,"href":"https:\/\/coinkickoff.com\/da\/wp-json\/wp\/v2\/comments?post=9"}],"version-history":[{"count":6,"href":"https:\/\/coinkickoff.com\/da\/wp-json\/wp\/v2\/pages\/9\/revisions"}],"predecessor-version":[{"id":79,"href":"https:\/\/coinkickoff.com\/da\/wp-json\/wp\/v2\/pages\/9\/revisions\/79"}],"wp:featuredmedia":[{"embeddable":true,"href":"https:\/\/coinkickoff.com\/da\/wp-json\/wp\/v2\/media\/10"}],"wp:attachment":[{"href":"https:\/\/coinkickoff.com\/da\/wp-json\/wp\/v2\/media?parent=9"}],"curies":[{"name":"wp","href":"https:\/\/api.w.org\/{rel}","templated":true}]}}