{"id":812,"date":"2026-01-08T14:06:26","date_gmt":"2026-01-08T14:06:26","guid":{"rendered":"https:\/\/coinkickoff.com\/?page_id=812"},"modified":"2026-01-08T14:06:26","modified_gmt":"2026-01-08T14:06:26","slug":"prices-jpy","status":"publish","type":"page","link":"https:\/\/coinkickoff.com\/da\/prices\/prices-jpy\/","title":{"rendered":"Top 100 Live Cryptocurrency Priser i japanske yen (JPY)"},"content":{"rendered":"<p>Se prisopdateringer i realtid i japanske yen (JPY) for <a href=\"https:\/\/coinkickoff.com\/da\/bitcoin-btc\/\" data-internallinksmanager029f6b8e52c=\"1\" title=\"Hvad er Bitcoin (BTC)? Pris, historie og hvor kan man k\u00f8be\">bitcoin<\/a> og de andre top 100 kryptovalutaer nedenfor. <\/p>\n<!-- Cryptocurrency Widgets PRO 4.1.2  !--><div  class=\"ccpw-widget\" id=\"ccpw-list-widget-1305\" ><div class=\"ccpw_react_widget\" id=\"ccpw_react_widgets_1305118930266\" data-attribute=\"{&quot;type&quot;:&quot;list-widget&quot;,&quot;selected_currency&quot;:&quot;JPY&quot;,&quot;design&quot;:&quot;style-4&quot;,&quot;header&quot;:&quot;&quot;,&quot;show_chart&quot;:&quot;&quot;,&quot;custom_currency&quot;:&quot;&quot;,&quot;show_coins&quot;:&quot;100&quot;,&quot;MbFormating&quot;:&quot;on&quot;,&quot;live_changes&quot;:&quot;&quot;,&quot;display_changes&quot;:&quot;on&quot;}\"><\/div><\/div><style type='text\/css'>\r\n\t\t\t  .ccpw-widget #ccpw-list-widget-1305{background-color:#ffffff;color:#000;}\r\n\t\t\t  .ccpw-widget .ccpw_table tr #ccpw-list-widget-1305 {background-color:#ffffff;}\r\n\t\t\t  .ccpw-widget #ccpw-list-widget-1305.table {background-color:#ffffff;color:#000; box-shadow:inset 0px 0px 0px 3px rgba(0,0,0,0.25);}\r\n\t\t\t  #ccpw-list-widget-1305 .ccpw_table > tbody > tr > td,\r\n\t\t\t  #ccpw-list-widget-1305 .ccpw_table > tbody > tr > td .ticker-price,\r\n\t\t\t  #ccpw-list-widget-1305 .ccpw_table > tbody > tr > td.price,\r\n\t\t\t  #ccpw-list-widget-1305 .ccpw_table.table tr ,\r\n\t\t\t  #ccpw-list-widget-1305 .ccpw_table.table > thead > tr > th {border-color:rgba(0,0,0,0.25) !important;color:#000;background-color:#ffffff;}\r\n\t\t\t   .ccpw_table span.symbol { position:initial !Important; }<\/style>\n<div class=\"cg-choice-box-six   cg-blue\" ><div class=\"cg-cb-row\"><div class=\"cg-cb-items\" id=\"product-265843\"><div class=\"cg-cb-top-head\"><div class=\"cg-cb-top-pick\">De fleste Coins<\/div><\/div><a href=\"https:\/\/accounts.binance.com\/register?ref=BLJQ60RW\" target=\"_blank\" rel=\"nofollow noopener\" class=\"cg-aff-link cg-cb-img\" data-post-title=\"Binance\" data-aff-link=\"https:\/\/accounts.binance.com\/register?ref=BLJQ60RW\" data-post-type=\"top\" data-post-id=\"127750\"><img decoding=\"async\" src=\"https:\/\/coinkickoff.com\/wp-content\/uploads\/2022\/10\/Binance_logo.png\" class=\"cg-img-1\" alt=\"Binance\" style=\"\"><\/a><div class=\"cg-cb-title\"><a href=\"https:\/\/accounts.binance.com\/register?ref=BLJQ60RW\" class=\"cg-aff-link\" data-post-id=\"127750\" data-post-type=\"top\" data-aff-link=\"https:\/\/accounts.binance.com\/register?ref=BLJQ60RW\" data-post-title=\"Binance\" target=\"\" rel=\"nofollow noopener\">Binance<\/a><\/span>.<\/div><div class=\"cg-cb-content\"><ul><li><strong>350+<\/strong> Kryptovalutaer p\u00e5 listen<\/li><li><strong>&lt;0.10%<\/strong> Transaktionsgebyrer<\/li><li><strong>120 millioner<\/strong> Registrerede brugere<\/li><li>Sikker kapitalfond for brugere<\/li><li>Tjen p\u00e5 indskud<\/li><\/ul><\/div><div class=\"cg-cb-btn\"><span class='cta-copy'><a href=\"https:\/\/accounts.binance.com\/register?ref=BLJQ60RW\" class=\"cg-one-button cg-btn cg-red  cg-aff-link cg-btn-lg\" data-post-id=\"127750\" data-post-type=\"top\" data-aff-link=\"https:\/\/accounts.binance.com\/register?ref=BLJQ60RW\" data-style=\"default\" data-post-title=\"Binance\" data-extra=\"arrow\" style=\"\" target=\"\" rel=\"nofollow noopener\">Kom i gang<\/a><\/span><\/span>.<\/div><\/div><div class=\"cg-cb-items\" id=\"product-265829\"><div class=\"cg-cb-top-head\"><div class=\"cg-cb-top-pick\">De fleste lande<\/div><\/div><a href=\"https:\/\/kraken.pxf.io\/756J3y\" target=\"_blank\" rel=\"nofollow noopener\" class=\"cg-aff-link cg-cb-img\" data-post-title=\"Kraken\" data-aff-link=\"https:\/\/kraken.pxf.io\/756J3y\" data-post-type=\"top\" data-post-id=\"127750\"><img decoding=\"async\" src=\"https:\/\/coinkickoff.com\/wp-content\/uploads\/Kraken-logo.webp\" class=\"cg-img-1\" alt=\"Kraken\" style=\"\"><\/a><div class=\"cg-cb-title\"><a href=\"https:\/\/kraken.pxf.io\/756J3y\" class=\"cg-aff-link\" data-post-id=\"127750\" data-post-type=\"top\" data-aff-link=\"https:\/\/kraken.pxf.io\/756J3y\" data-post-title=\"Kraken\" target=\"\" rel=\"nofollow noopener\">Kraken<\/a><\/span>.<\/div><div class=\"cg-cb-content\"><ul><li>Baseret i USA<\/li><li>Start med s\u00e5 lidt som <strong>$10<\/strong><\/li><li>K\u00f8b og salg <strong>200+<\/strong> kryptovalutaer<\/li><li>Pro-l\u00f8sning til st\u00f8rre forhandlere<\/li><li>Tilg\u00e6ngelig i <strong>190+<\/strong> lande<\/li><\/ul><\/div><div class=\"cg-cb-btn\"><span class='cta-copy'><a href=\"https:\/\/kraken.pxf.io\/756J3y\" class=\"cg-one-button cg-btn cg-red  cg-aff-link cg-btn-lg\" data-post-id=\"127750\" data-post-type=\"top\" data-aff-link=\"https:\/\/kraken.pxf.io\/756J3y\" data-style=\"default\" data-post-title=\"Kraken\" data-extra=\"arrow\" style=\"\" target=\"\" rel=\"nofollow noopener\">Kom i gang<\/a><\/span><\/span>.<\/div><\/div><div class=\"cg-cb-items\" id=\"product-265822\"><div class=\"cg-cb-top-head\"><div class=\"cg-cb-top-pick\">Baseret i USA<\/div><\/div><a href=\"https:\/\/coinbase-consumer.sjv.io\/ORPoaG\" target=\"_blank\" rel=\"nofollow noopener\" class=\"cg-aff-link cg-cb-img\" data-post-title=\"Coinbase\" data-aff-link=\"https:\/\/coinbase-consumer.sjv.io\/ORPoaG\" data-post-type=\"top\" data-post-id=\"127750\"><img decoding=\"async\" src=\"https:\/\/coinkickoff.com\/wp-content\/uploads\/2022\/10\/Coinbase.png\" class=\"cg-img-1\" alt=\"Coinbase\" style=\"\"><\/a><div class=\"cg-cb-title\"><a href=\"https:\/\/coinbase-consumer.sjv.io\/ORPoaG\" class=\"cg-aff-link\" data-post-id=\"127750\" data-post-type=\"top\" data-aff-link=\"https:\/\/coinbase-consumer.sjv.io\/ORPoaG\" data-post-title=\"Coinbase\" target=\"\" rel=\"nofollow noopener\">Coinbase<\/a><\/span>.<\/div><div class=\"cg-cb-content\"><ul><li><strong>200+<\/strong> Kryptovalutaer p\u00e5 listen<\/li><li>F\u00e5 Crypto efter dit f\u00f8rste k\u00f8b<\/li><li>Beskyttet af forsikring&nbsp;<\/li><li>Sikker opbevaring med beskyttelse i boks<\/li><li>Den mest betroede platform for kryptovaluta<\/li><\/ul><\/div><div class=\"cg-cb-btn\"><span class='cta-copy'><a href=\"https:\/\/coinbase-consumer.sjv.io\/ORPoaG\" class=\"cg-one-button cg-btn cg-red  cg-aff-link cg-btn-lg\" data-post-id=\"127750\" data-post-type=\"top\" data-aff-link=\"https:\/\/coinbase-consumer.sjv.io\/ORPoaG\" data-style=\"default\" data-post-title=\"Coinbase\" data-extra=\"arrow\" style=\"\" target=\"\" rel=\"nofollow noopener\">Kom i gang<\/a><\/span><\/span>.<\/div><\/div><\/div><\/div>\n\n<h2>Prisberegner for kryptovaluta (JPY)<\/h2>\n<p>Brug beregneren nedenfor for realtidskurser mellem JPY og mange popul\u00e6re kryptovalutaer<\/p>\n<div class=\"ccpw_react_widget ccpw_calculator\" id=\"ccpw_react_widgets_1306_69d5360847f4c\" data-attribute=\"{&quot;type&quot;:&quot;calculator&quot;,&quot;baseCurrency&quot;:&quot;bitcoin&quot;,&quot;targetCurrency&quot;:&quot;JPY&quot;}\"><\/div><style type='text\/css'>\r\n\t\t\t  #ccpw_react_widgets_1306 .ccpw-Converter {\r\n\t\t\t\t  background-color: #ffffff;\r\n\t\t\t\t  color: #000;\r\n\t\t\t  }<\/style>\n<h2>Heatmap over pris\u00e6ndringer: Top 20 Cryptocurrencies<\/h2>\n<!-- Cryptocurrency Widgets PRO 4.1.2  !--><div class=\"ccpw-coingecko-widget\" style=\"width:100%;\"> \r\n    <gecko-coin-heatmap-widget  height=\"400\"  locale=\"en\" outlined=\"true\" top=\"20\"><\/gecko-coin-heatmap-widget>\r\n    <\/div><style type='text\/css'><\/style>\n<p>Se ogs\u00e5 priser i:<\/p>\n<ul>\n<li> <a href=\"https:\/\/coinkickoff.com\/da\/prices\/\">Amerikanske dollars (USD)<\/a><\/li>\n<li> <a href=\"https:\/\/coinkickoff.com\/da\/prices\/prices-euros\/\">Euro (EUD)<\/li>\n<li> <a href=\"https:\/\/coinkickoff.com\/da\/prices\/prices-gbp\/\">Britiske pund sterling (GBP)<\/a><\/li>\n<li> <a href=\"https:\/\/coinkickoff.com\/da\/prices\/prices-cad\/\">Canadiske dollars (CAD)<\/a><\/li>\n<li> <a href=\"https:\/\/coinkickoff.com\/da\/prices\/prices-aud\/\" data-internallinksmanager029f6b8e52c=\"116\" title=\"Top 100 Live Cryptocurrency Priser Australske Dollars (AUD)\">Australske dollars (AUD)<\/a><\/li>\n<li> Japanske yen (JPY)<\/li>\n<li> <a href=\"https:\/\/coinkickoff.com\/da\/prices\/prices-mxn\/\" data-internallinksmanager029f6b8e52c=\"119\" title=\"Top 100 Live Cryptocurrency Priser i mexicansk peso (MXN)\">Mexicansk peso (MXN)<\/a><\/li>\n<li> <a href=\"https:\/\/coinkickoff.com\/da\/prices\/prices-brl\/\" data-internallinksmanager029f6b8e52c=\"120\" title=\"Top 100 Live Cryptocurrency Priser i brasilianske Real (BRL)\">Brasilianske real (BRL)<\/a><\/li>\n<li> <a href=\"https:\/\/coinkickoff.com\/da\/prices\/prices-cny\/\" data-internallinksmanager029f6b8e52c=\"121\" title=\"Top 100 Live Cryptocurrency Priser i kinesisk renminbi (CNY)\">Kinesisk renminbi (CNY)<\/a><\/li>\n<li> <a href=\"https:\/\/coinkickoff.com\/da\/prices\/prices-chf\/\" data-internallinksmanager029f6b8e52c=\"122\" title=\"Top 100 Live Cryptocurrency Priser i schweizisk franc (CHF)\">Schweizisk franc (CHF)<\/a><\/li>\n<li> <a href=\"https:\/\/coinkickoff.com\/da\/prices\/prices-hkd\/\" data-internallinksmanager029f6b8e52c=\"123\" title=\"Top 100 Live Cryptocurrency Priser i Hongkong Dollars (HKD)\">Hong Kong Dollars (HKD)<\/a><\/li>\n<li> <a href=\"https:\/\/coinkickoff.com\/da\/prices\/prices-sgd\/\" data-internallinksmanager029f6b8e52c=\"124\" title=\"Top 100 Live Cryptocurrency Priser i Singapore Dollar (SGD)\">Singapore Dollar (SGD)<\/a><\/li>\n<li> <a href=\"https:\/\/coinkickoff.com\/da\/prices\/prices-sek\/\" data-internallinksmanager029f6b8e52c=\"125\" title=\"Top 100 Live Cryptocurrency Priser i svenske kroner (SEK)\">Svenske kroner (SEK)<\/a><\/li>\n<li> <a href=\"https:\/\/coinkickoff.com\/da\/prices\/prices-nzd\/\" data-internallinksmanager029f6b8e52c=\"126\" title=\"Top 100 Live Cryptocurrency Priser i New Zealand Dollar (NZD)\">New Zealand Dollar (NZD)<\/a><\/li>\n<li> <a href=\"https:\/\/coinkickoff.com\/da\/prices\/prices-inr\/\" data-internallinksmanager029f6b8e52c=\"127\" title=\"Top 100 Live Cryptocurrency Priser i indisk rupee (INR)\">Indisk rupee (INR)<\/a><\/li>\n<li> <a href=\"https:\/\/coinkickoff.com\/da\/prices\/prices-twd\/\" data-internallinksmanager029f6b8e52c=\"128\" title=\"Top 100 Live Cryptocurrency Priser i nye taiwanske dollars (TWD)\">Nye taiwanske dollars (TWD)<\/a><\/li>\n<li> <a href=\"https:\/\/coinkickoff.com\/da\/prices\/prices-zar\/\" data-internallinksmanager029f6b8e52c=\"129\" title=\"Top 100 Live Cryptocurrency Priser i sydafrikanske rand (ZAR)\">Sydafrikanske rand (ZAR)<\/a><\/li>\n<li> <a href=\"https:\/\/coinkickoff.com\/da\/prices\/prices-dkk\/\" data-internallinksmanager029f6b8e52c=\"130\" title=\"Top 100 Live Cryptocurrency Priser i danske kroner (DKK)\">Dansk krone (DKK)<\/a><\/li>\n<li> <a href=\"https:\/\/coinkickoff.com\/da\/prices\/prices-pln\/\" data-internallinksmanager029f6b8e52c=\"131\" title=\"Top 100 Live Cryptocurrency Priser i polsk z\u0142oty (PLN)\">Polske z\u0142oty (PLN)<\/a><\/li>\n<li> <a href=\"https:\/\/coinkickoff.com\/da\/prices\/prices-czk\/\" data-internallinksmanager029f6b8e52c=\"132\" title=\"Top 100 Live Cryptocurrency Priser i tjekkiske koruna (CZK)\">Tjekkiet koruna (CZK)<\/a><\/li>\n<li> <a href=\"https:\/\/coinkickoff.com\/da\/prices\/prices-huf\/\" data-internallinksmanager029f6b8e52c=\"133\" title=\"Top 100 Live Cryptocurrency Priser i ungarske forint (HUF)\">Ungarske forint (HUF)<\/a><\/li>\n<li> <a href=\"https:\/\/coinkickoff.com\/da\/prices\/prices-rub\/\" data-internallinksmanager029f6b8e52c=\"134\" title=\"Top 100 Live Cryptocurrency Priser i russisk rubel (RUB)\">Russisk rubel (RUB)<\/a><\/li>\n<\/ul>","protected":false},"excerpt":{"rendered":"<p>Se real-time prisopdateringer i japanske yen (JPY) af bitcoin og de andre top 100 kryptocurrencies nedenfor. Kryptovaluta prisberegner (JPY) Brug beregneren nedenfor til realtidsvekslingskurser mellem JPY og mange popul\u00e6re kryptovalutaer Pris\u00e6ndring Heatmap: Top 20 Cryptocurrencies Se ogs\u00e5 priser i: Amerikanske dollars (USD) Euro (EUD) Britiske pund sterling (GBP) Canadiske [...]<\/p>","protected":false},"author":1,"featured_media":738,"parent":708,"menu_order":0,"comment_status":"closed","ping_status":"closed","template":"","meta":{"_genesis_hide_title":false,"_genesis_hide_breadcrumbs":false,"_genesis_hide_singular_image":false,"_genesis_hide_footer_widgets":false,"_genesis_custom_body_class":"","_genesis_custom_post_class":"","_genesis_layout":"","_glsr_average":0,"_glsr_ranking":0,"_glsr_reviews":0,"footnotes":""},"class_list":{"0":"post-812","1":"page","2":"type-page","3":"status-publish","4":"has-post-thumbnail","6":"entry"},"featured_image_src":"https:\/\/coinkickoff.com\/wp-content\/uploads\/crypto-prices-600x400.jpg","featured_image_src_square":"https:\/\/coinkickoff.com\/wp-content\/uploads\/crypto-prices-600x586.jpg","_links":{"self":[{"href":"https:\/\/coinkickoff.com\/da\/wp-json\/wp\/v2\/pages\/812","targetHints":{"allow":["GET"]}}],"collection":[{"href":"https:\/\/coinkickoff.com\/da\/wp-json\/wp\/v2\/pages"}],"about":[{"href":"https:\/\/coinkickoff.com\/da\/wp-json\/wp\/v2\/types\/page"}],"author":[{"embeddable":true,"href":"https:\/\/coinkickoff.com\/da\/wp-json\/wp\/v2\/users\/1"}],"replies":[{"embeddable":true,"href":"https:\/\/coinkickoff.com\/da\/wp-json\/wp\/v2\/comments?post=812"}],"version-history":[{"count":5,"href":"https:\/\/coinkickoff.com\/da\/wp-json\/wp\/v2\/pages\/812\/revisions"}],"predecessor-version":[{"id":1308,"href":"https:\/\/coinkickoff.com\/da\/wp-json\/wp\/v2\/pages\/812\/revisions\/1308"}],"up":[{"embeddable":true,"href":"https:\/\/coinkickoff.com\/da\/wp-json\/wp\/v2\/pages\/708"}],"wp:featuredmedia":[{"embeddable":true,"href":"https:\/\/coinkickoff.com\/da\/wp-json\/wp\/v2\/media\/738"}],"wp:attachment":[{"href":"https:\/\/coinkickoff.com\/da\/wp-json\/wp\/v2\/media?parent=812"}],"curies":[{"name":"wp","href":"https:\/\/api.w.org\/{rel}","templated":true}]}}