{"id":4628,"date":"2026-01-08T14:08:02","date_gmt":"2026-01-08T14:08:02","guid":{"rendered":"https:\/\/coinkickoff.com\/?page_id=4628"},"modified":"2026-01-08T14:08:02","modified_gmt":"2026-01-08T14:08:02","slug":"how-are-bitcoin-slots-different","status":"publish","type":"page","link":"https:\/\/coinkickoff.com\/da\/bitcoin-casino\/how-are-bitcoin-slots-different\/","title":{"rendered":"Hvordan adskiller Bitcoin-spillemaskiner sig fra traditionelle casino-spillemaskiner?"},"content":{"rendered":"<p><em>Ansvarsfraskrivelse: Spil indeb\u00e6rer en betydelig \u00f8konomisk risiko. Spil kun med penge, som du har r\u00e5d til at tabe. Oplysningerne nedenfor er kun til informationsform\u00e5l. Vi kan blive betalt en kommission, hvis du tilmelder dig og taber penge p\u00e5 noget af det f\u00f8lgende <a href=\"https:\/\/coinkickoff.com\/da\/bitcoin-casino\/\" data-internallinksmanager029f6b8e52c=\"200\" title=\"De 3 bedste Bitcoin-kryptokasinoer med bonusser\">kasinoer<\/a>. Ikke alle casinoer er tilg\u00e6ngelige i alle lande. Alle oplysninger, som vi troede var korrekte p\u00e5 tidspunktet for offentligg\u00f8relsen, kan v\u00e6re \u00e6ndret siden.<\/em><\/p>\n<div id=\"ez-toc-container\" class=\"ez-toc-v2_0_80 counter-hierarchy ez-toc-counter ez-toc-transparent ez-toc-container-direction\">\n<div class=\"ez-toc-title-container\">\n<p class=\"ez-toc-title\" style=\"cursor:inherit\">Sektioner<\/p>\n<span class=\"ez-toc-title-toggle\"><a href=\"#\" class=\"ez-toc-pull-right ez-toc-btn ez-toc-btn-xs ez-toc-btn-default ez-toc-toggle\" aria-label=\"Toggle indholdsfortegnelse\"><span class=\"ez-toc-js-icon-con\"><span class=\"\"><span class=\"eztoc-hide\" style=\"display:none;\">Toggle<\/span><span class=\"ez-toc-icon-toggle-span\"><svg style=\"fill: #999;color:#999\" xmlns=\"http:\/\/www.w3.org\/2000\/svg\" class=\"list-377408\" width=\"20px\" height=\"20px\" viewbox=\"0 0 24 24\" fill=\"none\"><path d=\"M6 6H4v2h2V6zm14 0H8v2h12V6zM4 11h2v2H4v-2zm16 0H8v2h12v-2zM4 16h2v2H4v-2zm16 0H8v2h12v-2z\" fill=\"currentColor\"><\/path><\/svg><svg style=\"fill: #999;color:#999\" class=\"arrow-unsorted-368013\" xmlns=\"http:\/\/www.w3.org\/2000\/svg\" width=\"10px\" height=\"10px\" viewbox=\"0 0 24 24\" version=\"1.2\" baseprofile=\"tiny\"><path d=\"M18.2 9.3l-6.2-6.3-6.2 6.3c-.2.2-.3.4-.3.7s.1.5.3.7c.2.2.4.3.7.3h11c.3 0 .5-.1.7-.3.2-.2.3-.5.3-.7s-.1-.5-.3-.7zM5.8 14.7l6.2 6.3 6.2-6.3c.2-.2.3-.5.3-.7s-.1-.5-.3-.7c-.2-.2-.4-.3-.7-.3h-11c-.3 0-.5.1-.7.3-.2.2-.3.5-.3.7s.1.5.3.7z\"\/><\/svg><\/span><\/span><\/span><\/a><\/span><\/div>\n<nav><ul class='ez-toc-list ez-toc-list-level-1 eztoc-toggle-hide-by-default' ><li class='ez-toc-page-1 ez-toc-heading-level-2'><a class=\"ez-toc-link ez-toc-heading-1\" href=\"https:\/\/coinkickoff.com\/da\/bitcoin-casino\/how-are-bitcoin-slots-different\/#Overview_of_Bitcoin_Slots\" >Oversigt over Bitcoin-slots<\/a><ul class='ez-toc-list-level-3' ><li class='ez-toc-heading-level-3'><a class=\"ez-toc-link ez-toc-heading-2\" href=\"https:\/\/coinkickoff.com\/da\/bitcoin-casino\/how-are-bitcoin-slots-different\/#Definition_of_Bitcoin_Slots\" >Definition af Bitcoin-slots<\/a><\/li><li class='ez-toc-page-1 ez-toc-heading-level-3'><a class=\"ez-toc-link ez-toc-heading-3\" href=\"https:\/\/coinkickoff.com\/da\/bitcoin-casino\/how-are-bitcoin-slots-different\/#Primary_Characteristics\" >Prim\u00e6re karakteristika<\/a><\/li><li class='ez-toc-page-1 ez-toc-heading-level-3'><a class=\"ez-toc-link ez-toc-heading-4\" href=\"https:\/\/coinkickoff.com\/da\/bitcoin-casino\/how-are-bitcoin-slots-different\/#Comparison_with_Traditional_Slots\" >Sammenligning med traditionelle spilleautomater<\/a><\/li><\/ul><\/li><li class='ez-toc-page-1 ez-toc-heading-level-2'><a class=\"ez-toc-link ez-toc-heading-5\" href=\"https:\/\/coinkickoff.com\/da\/bitcoin-casino\/how-are-bitcoin-slots-different\/#Operational_Mechanisms\" >Operationelle mekanismer<\/a><ul class='ez-toc-list-level-3' ><li class='ez-toc-heading-level-3'><a class=\"ez-toc-link ez-toc-heading-6\" href=\"https:\/\/coinkickoff.com\/da\/bitcoin-casino\/how-are-bitcoin-slots-different\/#Underlying_Technology\" >Underliggende teknologi<\/a><\/li><li class='ez-toc-page-1 ez-toc-heading-level-3'><a class=\"ez-toc-link ez-toc-heading-7\" href=\"https:\/\/coinkickoff.com\/da\/bitcoin-casino\/how-are-bitcoin-slots-different\/#Random_Number_Generation\" >Generering af tilf\u00e6ldige tal<\/a><\/li><li class='ez-toc-page-1 ez-toc-heading-level-3'><a class=\"ez-toc-link ez-toc-heading-8\" href=\"https:\/\/coinkickoff.com\/da\/bitcoin-casino\/how-are-bitcoin-slots-different\/#Transaction_Process\" >Transaktionsproces<\/a><\/li><\/ul><\/li><li class='ez-toc-page-1 ez-toc-heading-level-2'><a class=\"ez-toc-link ez-toc-heading-9\" href=\"https:\/\/coinkickoff.com\/da\/bitcoin-casino\/how-are-bitcoin-slots-different\/#User_Experience_and_Accessibility\" >Brugeroplevelse og tilg\u00e6ngelighed<\/a><ul class='ez-toc-list-level-3' ><li class='ez-toc-heading-level-3'><a class=\"ez-toc-link ez-toc-heading-10\" href=\"https:\/\/coinkickoff.com\/da\/bitcoin-casino\/how-are-bitcoin-slots-different\/#Interface_and_Design_Differences\" >Forskelle i brugerflade og design<\/a><\/li><li class='ez-toc-page-1 ez-toc-heading-level-3'><a class=\"ez-toc-link ez-toc-heading-11\" href=\"https:\/\/coinkickoff.com\/da\/bitcoin-casino\/how-are-bitcoin-slots-different\/#Payment_and_Withdrawal_Methods\" >Betalings- og udbetalingsmetoder<\/a><\/li><li class='ez-toc-page-1 ez-toc-heading-level-3'><a class=\"ez-toc-link ez-toc-heading-12\" href=\"https:\/\/coinkickoff.com\/da\/bitcoin-casino\/how-are-bitcoin-slots-different\/#Anonymity_and_Security\" >Anonymitet og sikkerhed<\/a><\/li><\/ul><\/li><li class='ez-toc-page-1 ez-toc-heading-level-2'><a class=\"ez-toc-link ez-toc-heading-13\" href=\"https:\/\/coinkickoff.com\/da\/bitcoin-casino\/how-are-bitcoin-slots-different\/#Frequently_Asked_Questions\" >Ofte stillede sp\u00f8rgsm\u00e5l<\/a><ul class='ez-toc-list-level-3' ><li class='ez-toc-heading-level-3'><a class=\"ez-toc-link ez-toc-heading-14\" href=\"https:\/\/coinkickoff.com\/da\/bitcoin-casino\/how-are-bitcoin-slots-different\/#What_advantages_do_Bitcoin_slots_offer_over_traditional_slot_machines\" >Hvilke fordele giver Bitcoin-spillemaskiner i forhold til traditionelle spillemaskiner?<\/a><\/li><li class='ez-toc-page-1 ez-toc-heading-level-3'><a class=\"ez-toc-link ez-toc-heading-15\" href=\"https:\/\/coinkickoff.com\/da\/bitcoin-casino\/how-are-bitcoin-slots-different\/#How_do_crypto-based_slot_games_ensure_fairness\" >Hvordan sikrer kryptobaserede spilleautomater retf\u00e6rdighed?<\/a><\/li><li class='ez-toc-page-1 ez-toc-heading-level-3'><a class=\"ez-toc-link ez-toc-heading-16\" href=\"https:\/\/coinkickoff.com\/da\/bitcoin-casino\/how-are-bitcoin-slots-different\/#Can_players_use_Bitcoin_on_all_online_slot_platforms\" >Kan spillere bruge Bitcoin p\u00e5 alle online spilleplatforme?<\/a><\/li><li class='ez-toc-page-1 ez-toc-heading-level-3'><a class=\"ez-toc-link ez-toc-heading-17\" href=\"https:\/\/coinkickoff.com\/da\/bitcoin-casino\/how-are-bitcoin-slots-different\/#What_are_the_legal_implications_of_using_Bitcoin_for_gambling\" >Hvad er de juridiske konsekvenser af at bruge Bitcoin til gambling?<\/a><\/li><li class='ez-toc-page-1 ez-toc-heading-level-3'><a class=\"ez-toc-link ez-toc-heading-18\" href=\"https:\/\/coinkickoff.com\/da\/bitcoin-casino\/how-are-bitcoin-slots-different\/#Why_might_Bitcoin_slots_offer_more_privacy_than_regular_slots\" >Hvorfor kan Bitcoin-slots give mere privatliv end almindelige slots?<\/a><\/li><li class='ez-toc-page-1 ez-toc-heading-level-3'><a class=\"ez-toc-link ez-toc-heading-19\" href=\"https:\/\/coinkickoff.com\/da\/bitcoin-casino\/how-are-bitcoin-slots-different\/#In_what_ways_can_the_payouts_differ_between_Bitcoin_slots_and_conventional_slots\" >P\u00e5 hvilke m\u00e5der kan udbetalingerne variere mellem Bitcoin-spillemaskiner og konventionelle spillemaskiner?<\/a><\/li><\/ul><\/li><\/ul><\/nav><\/div>\n<h2><span class=\"ez-toc-section\" id=\"Overview_of_Bitcoin_Slots\"><\/span>Oversigt over Bitcoin-slots<span class=\"ez-toc-section-end\"><\/span><\/h2>\n<p><img decoding=\"async\" src=\"https:\/\/coinkickoff.com\/wp-content\/uploads\/v2-3dh2w-v0uhq.jpg\" alt=\"\"><\/p>\n<p><a href=\"https:\/\/coinkickoff.com\/da\/bitcoin-casino\/how-to-play-crypto-slots\/\" data-internallinksmanager029f6b8e52c=\"205\" title=\"S\u00e5dan spiller du Crypto Slots: Din trin-for-trin-guide\">Bitcoin slots<\/a> integrerer brugen af kryptovaluta til indsatser og transaktioner, hvilket giver et moderne twist til spilleautomater.<\/p>\n<h3><span class=\"ez-toc-section\" id=\"Definition_of_Bitcoin_Slots\"><\/span>Definition af Bitcoin-slots<span class=\"ez-toc-section-end\"><\/span><\/h3>\n<p>Bitcoin-spillemaskiner er casino-spillemaskiner, der opererer med Bitcoin som valuta. Disse slots findes p\u00e5 onlineplatforme, der underst\u00f8tter blockchain-teknologi og henvender sig specifikt til kryptovaluta-brugere.<\/p>\n<h3><span class=\"ez-toc-section\" id=\"Primary_Characteristics\"><\/span>Prim\u00e6re karakteristika<span class=\"ez-toc-section-end\"><\/span><\/h3>\n<p><strong>Decentralisering<\/strong>: Bitcoin slots fungerer p\u00e5 et decentraliseret netv\u00e6rk, der er uafh\u00e6ngigt af traditionelle banksystemer.<br \/>\n<strong>Privatlivets fred<\/strong>: Brugerne f\u00e5r mere privatliv, da personlige oplysninger ikke er knyttet til transaktioner.<br \/>\n<strong>Formentlig rimelig<\/strong>: De indeholder beviseligt retf\u00e6rdige algoritmer, s\u00e5 spillerne kan verificere retf\u00e6rdigheden af hvert spin uafh\u00e6ngigt af hinanden.<br \/>\n<strong>Hurtige transaktioner<\/strong>: Ind- og udbetalinger har en tendens til at v\u00e6re hurtigere end traditionel valuta p\u00e5 grund af blockchains natur.<br \/>\n<strong>Eksklusive bonusser<\/strong>: Nogle Bitcoin-slots tilbyder s\u00e6rlige bonusser til brugere, der spiller med kryptovaluta.<\/p>\n<h3><span class=\"ez-toc-section\" id=\"Comparison_with_Traditional_Slots\"><\/span>Sammenligning med traditionelle spilleautomater<span class=\"ez-toc-section-end\"><\/span><\/h3>\n<ul>\n<li><strong>Valuta<\/strong>: Traditionelle spilleautomater bruger fiat-valuta, Bitcoin-spilleautomater bruger kryptovaluta.<\/li>\n<li><strong>Behandling af betalinger<\/strong>: Traditionelle slots er afh\u00e6ngige af standardbankmetoder; Bitcoin slots bruger blockchain, hvilket kan f\u00f8re til hurtigere behandlingstider.<\/li>\n<li><strong>Forordning<\/strong>: Bitcoin slots kan v\u00e6re underlagt forskellige regler p\u00e5 grund af kryptovalutaens decentraliserede natur.<\/li>\n<\/ul>\n<h2><span class=\"ez-toc-section\" id=\"Operational_Mechanisms\"><\/span>Operationelle mekanismer<span class=\"ez-toc-section-end\"><\/span><\/h2>\n<p><img decoding=\"async\" src=\"https:\/\/coinkickoff.com\/wp-content\/uploads\/v2-3dh39-38urg.jpg\" alt=\"\"><\/p>\n<p>Bitcoin-spillemaskiner udnytter kryptovalutaens teknologiske form\u00e5en, mens almindelige spillemaskiner traditionelt er bundet til fiat-valutaer. Disse operationelle forskelle understreger det unikke ved Bitcoin-slots i spilindustrien.<\/p>\n<h3><span class=\"ez-toc-section\" id=\"Underlying_Technology\"><\/span>Underliggende teknologi<span class=\"ez-toc-section-end\"><\/span><\/h3>\n<p>Bitcoin-slots fungerer p\u00e5 <strong>blockchain-teknologi<\/strong>hvilket giver gennemsigtighed og uforanderlighed. Transaktioner inden for disse slots registreres p\u00e5 en distribueret <a href=\"https:\/\/coinkickoff.com\/da\/what-is-ledger-wallet\/\" data-internallinksmanager029f6b8e52c=\"167\" title=\"Ledger Wallet Anmeldelser 2023: Afgifter, funktioner, sikkerhed, fordele og ulemper\">Hovedbog<\/a>Det er synligt for alle, men kan ikke \u00e6ndres af nogen, hvilket skaber en h\u00f8j grad af tillid. Almindelige spilleautomater er derimod afh\u00e6ngige af spilsoftware, der hostes p\u00e5 private servere, hvor spillerne m\u00e5 stole p\u00e5 casinoets ry for retf\u00e6rdighed og sikkerhed.<\/p>\n<h3><span class=\"ez-toc-section\" id=\"Random_Number_Generation\"><\/span>Generering af tilf\u00e6ldige tal<span class=\"ez-toc-section-end\"><\/span><\/h3>\n<p>B\u00e5de Bitcoin og almindelige slots bruger <strong>Generatorer af tilf\u00e6ldige tal (RNG'er)<\/strong> for at sikre, at resultatet af hvert spin er rent tilf\u00e6ldigt. Men Bitcoin-spillemaskiner bruger ofte <strong>beviseligt retf\u00e6rdige algoritmer<\/strong>, som giver spillerne mulighed for uafh\u00e6ngigt at kontrollere hvert resultats tilf\u00e6ldighed. Dette st\u00e5r i kontrast til almindelige spilleautomater, som anvender propriet\u00e6re RNG'er, der revideres af uafh\u00e6ngige firmaer for retf\u00e6rdighed.<\/p>\n<ul>\n<li><strong>Beviseligt retf\u00e6rdig algoritme<\/strong>: En kryptografisk metode, der sikrer retf\u00e6rdighed i spil.<\/li>\n<li><strong>Propriet\u00e6re RNG'er<\/strong>: Lukkede systemer, der bruges i almindelige slots, underlagt revision.<\/li>\n<\/ul>\n<h3><span class=\"ez-toc-section\" id=\"Transaction_Process\"><\/span>Transaktionsproces<span class=\"ez-toc-section-end\"><\/span><\/h3>\n<p>Transaktionsprocessen i Bitcoin-slots er markant anderledes og tilbyder <strong>\u00f8jeblikkelige, peer-to-peer-transaktioner<\/strong> der g\u00f8r det muligt for spillerne at indbetale og udbetale n\u00e6sten \u00f8jeblikkeligt.<\/p>\n<ul>\n<li><strong>Indskud<\/strong>: Sendes direkte fra spillerens Bitcoin-wallet til kasinoets wallet.<\/li>\n<li><strong>Tilbagetr\u00e6kninger<\/strong>: Overf\u00f8res tilbage til spillerens pung, ofte uden godkendelse fra en bankinstitution.<\/li>\n<\/ul>\n<p>Almindelige slots involverer p\u00e5 den anden side banker eller andre finansielle mellemled, som kan forsinke transaktioner med behandlingstider og ekstra gebyrer.<\/p>\n<h2><span class=\"ez-toc-section\" id=\"User_Experience_and_Accessibility\"><\/span>Brugeroplevelse og tilg\u00e6ngelighed<span class=\"ez-toc-section-end\"><\/span><\/h2>\n<p><img decoding=\"async\" src=\"https:\/\/coinkickoff.com\/wp-content\/uploads\/v2-3dh3q-bmbhr.jpg\" alt=\"\"><\/p>\n<p>Bitcoin-spillemaskiner har \u00e6ndret brugerinteraktioner og tilg\u00e6ngelighed i onlinespil gennem forskellige gr\u00e6nseflader, betalingsmodaliteter og forbedret privatliv.<\/p>\n<h3><span class=\"ez-toc-section\" id=\"Interface_and_Design_Differences\"><\/span>Forskelle i brugerflade og design<span class=\"ez-toc-section-end\"><\/span><\/h3>\n<p>Bitcoin-slots har ofte en <strong>moderne og intuitiv brugerflade<\/strong>og omfavner trends inden for webdesign. Spillerne kan st\u00f8de p\u00e5 interaktive elementer som f.eks:<\/p>\n<ul>\n<li>Fremskridtstrackere til bonusser.<\/li>\n<li>I realtid <a href=\"https:\/\/coinkickoff.com\/da\/crypto-exchanges\/\" data-internallinksmanager029f6b8e52c=\"141\" title=\"De 21 bedste kryptovalutab\u00f8rser og apps i 2024\">udveksling af kryptovaluta<\/a> priser.<\/li>\n<\/ul>\n<p>Almindelige slots har tendens til at <a href=\"https:\/\/coinkickoff.com\/da\/uphold-review\/\" data-internallinksmanager029f6b8e52c=\"156\" title=\"Fastholdelse af anmeldelser 2023: Afgifter, funktioner, sikkerhed, fordele og ulemper\">opretholder<\/a> a <strong>klassisk design-etos<\/strong>, med gr\u00e6nseflader, der prioriterer fortrolighed og enkelhed, s\u00e5som statiske jackpot-displays.<\/p>\n<h3><span class=\"ez-toc-section\" id=\"Payment_and_Withdrawal_Methods\"><\/span>Betalings- og udbetalingsmetoder<span class=\"ez-toc-section-end\"><\/span><\/h3>\n<table>\n<thead>\n<tr>\n<th>Metode<\/th>\n<th>Bitcoin Slots<\/th>\n<th>Almindelige spilleautomater<\/th>\n<\/tr>\n<\/thead>\n<tbody>\n<tr>\n<td>Indskud<\/td>\n<td>Direkte fra kryptotegneb\u00f8ger, n\u00e6sten \u00f8jeblikkeligt.<\/td>\n<td>Via bankkort, e-wallets eller bankoverf\u00f8rsler med varierende behandlingstid.<\/td>\n<\/tr>\n<tr>\n<td>Tilbagetr\u00e6kninger<\/td>\n<td>Behandles typisk inden for minutter til timer.<\/td>\n<td>Kan tage dage og har ofte minimumsgr\u00e6nser for udbetaling.<\/td>\n<\/tr>\n<\/tbody>\n<\/table>\n<p>Bitcoin slot-platforme tilbyder generelt <strong>gnidningsl\u00f8se transaktioner<\/strong> p\u00e5 grund af blockchain-teknologiens natur.<\/p>\n<h3><span class=\"ez-toc-section\" id=\"Anonymity_and_Security\"><\/span>Anonymitet og sikkerhed<span class=\"ez-toc-section-end\"><\/span><\/h3>\n<p>I Bitcoin-spilleautomater nyder spillerne en h\u00f8jere grad af <strong>Anonymitet<\/strong>. De..:<\/p>\n<ul>\n<li>Er ikke forpligtet til at dele s\u00e5 mange personlige oplysninger.<\/li>\n<li>Drag fordel af de iboende sikkerhedsfunktioner i blockchain-teknologien.<\/li>\n<\/ul>\n<p>Almindelige slots skal til geng\u00e6ld f\u00f8lge strenge <strong>regulering og verifikationsprocesser<\/strong>hvilket ofte kr\u00e6ver detaljerede personlige data fra brugerne.<\/p>\n<h2><span class=\"ez-toc-section\" id=\"Frequently_Asked_Questions\"><\/span>Ofte stillede sp\u00f8rgsm\u00e5l<span class=\"ez-toc-section-end\"><\/span><\/h2>\n<p><img decoding=\"async\" src=\"https:\/\/coinkickoff.com\/wp-content\/uploads\/v2-3dh42-3zxyj.jpg\" alt=\"\"><\/p>\n<p>Dette afsnit behandler almindelige sp\u00f8rgsm\u00e5l om forskellene mellem Bitcoin-spillemaskiner og traditionelle spillemaskiner, med fokus p\u00e5 aspekter som fordele, retf\u00e6rdighed, tilg\u00e6ngelighed, juridiske overvejelser, privatliv og udbetalingsvariationer.<\/p>\n<h3><span class=\"ez-toc-section\" id=\"What_advantages_do_Bitcoin_slots_offer_over_traditional_slot_machines\"><\/span>Hvilke fordele giver Bitcoin-spillemaskiner i forhold til traditionelle spillemaskiner?<span class=\"ez-toc-section-end\"><\/span><\/h3>\n<p>Bitcoin-slots giver typisk brugerne mere privatliv, da de ikke altid kr\u00e6ver personlige oplysninger i forbindelse med transaktioner. De tilbyder ogs\u00e5 hurtigere transaktionstider sammenlignet med traditionelle bankmetoder, da Bitcoin-transaktioner kan behandles hurtigt uden behov for en central myndighed.<\/p>\n<h3><span class=\"ez-toc-section\" id=\"How_do_crypto-based_slot_games_ensure_fairness\"><\/span>Hvordan sikrer kryptobaserede spilleautomater retf\u00e6rdighed?<span class=\"ez-toc-section-end\"><\/span><\/h3>\n<p>Kryptobaserede spilleautomater bruger ofte beviseligt retf\u00e6rdige algoritmer, som giver spillerne mulighed for at verificere hvert spins retf\u00e6rdighed uafh\u00e6ngigt. Dette system giver gennemsigtighed ved at bruge kryptografiske teknikker til at vise, at resultatet af et spil ikke blev manipuleret.<\/p>\n<h3><span class=\"ez-toc-section\" id=\"Can_players_use_Bitcoin_on_all_online_slot_platforms\"><\/span>Kan spillere bruge Bitcoin p\u00e5 alle online spilleplatforme?<span class=\"ez-toc-section-end\"><\/span><\/h3>\n<p>Ikke alle online spilleplatforme accepterer Bitcoin. Mens antallet af platforme, der underst\u00f8tter kryptovalutaer, vokser, skal spillerne tjekke hvert websteds betalingsmuligheder for at afg\u00f8re, om Bitcoin accepteres.<\/p>\n<h3><span class=\"ez-toc-section\" id=\"What_are_the_legal_implications_of_using_Bitcoin_for_gambling\"><\/span>Hvad er de juridiske konsekvenser af at bruge Bitcoin til gambling?<span class=\"ez-toc-section-end\"><\/span><\/h3>\n<p>De juridiske konsekvenser af at bruge Bitcoin til gambling varierer fra jurisdiktion til jurisdiktion. Spillere er ansvarlige for at forst\u00e5 og overholde deres lokale love vedr\u00f8rende onlinespil og brug af kryptovaluta.<\/p>\n<h3><span class=\"ez-toc-section\" id=\"Why_might_Bitcoin_slots_offer_more_privacy_than_regular_slots\"><\/span>Hvorfor kan Bitcoin-slots give mere privatliv end almindelige slots?<span class=\"ez-toc-section-end\"><\/span><\/h3>\n<p>Bitcoin slots kan tilbyde mere privatliv, fordi transaktioner med Bitcoin ikke n\u00f8dvendigvis involverer deling af personlige bankoplysninger. Det giver spillerne mulighed for at gamble, uden at deres aktivitet let kan spores tilbage til dem af finansielle institutioner.<\/p>\n<h3><span class=\"ez-toc-section\" id=\"In_what_ways_can_the_payouts_differ_between_Bitcoin_slots_and_conventional_slots\"><\/span>P\u00e5 hvilke m\u00e5der kan udbetalingerne variere mellem Bitcoin-spillemaskiner og konventionelle spillemaskiner?<span class=\"ez-toc-section-end\"><\/span><\/h3>\n<p>Udbetalinger i Bitcoin-spilleautomater kan v\u00e6re mere betydelige p\u00e5 grund af de potentielt lavere driftsomkostninger ved kryptovaluta-transaktioner. Derudover tilbyder nogle Bitcoin-spillemaskiner unikke jackpots, der udbetales i kryptovaluta, som kan svinge i v\u00e6rdi, hvilket nogle gange \u00f8ger udbetalingens v\u00e6rdi i fiat-valuta.<\/p>","protected":false},"excerpt":{"rendered":"<p>Ansvarsfraskrivelse: Spil indeb\u00e6rer en betydelig \u00f8konomisk risiko. Spil kun med penge, som du har r\u00e5d til at tabe. Oplysningerne nedenfor er kun til informationsform\u00e5l. Vi kan blive betalt en kommission, hvis du tilmelder dig og taber penge p\u00e5 et af de f\u00f8lgende kasinoer. Ikke alle kasinoer er tilg\u00e6ngelige i alle lande. Alle oplysninger, vi [...]<\/p>","protected":false},"author":1,"featured_media":4631,"parent":4440,"menu_order":0,"comment_status":"closed","ping_status":"closed","template":"","meta":{"_genesis_hide_title":false,"_genesis_hide_breadcrumbs":false,"_genesis_hide_singular_image":false,"_genesis_hide_footer_widgets":false,"_genesis_custom_body_class":"","_genesis_custom_post_class":"","_genesis_layout":"","_glsr_average":0,"_glsr_ranking":0,"_glsr_reviews":0,"footnotes":""},"class_list":{"0":"post-4628","1":"page","2":"type-page","3":"status-publish","4":"has-post-thumbnail","6":"entry"},"featured_image_src":"https:\/\/coinkickoff.com\/wp-content\/uploads\/v2-3dh3q-bmbhr-600x400.jpg","featured_image_src_square":"https:\/\/coinkickoff.com\/wp-content\/uploads\/v2-3dh3q-bmbhr-600x600.jpg","_links":{"self":[{"href":"https:\/\/coinkickoff.com\/da\/wp-json\/wp\/v2\/pages\/4628","targetHints":{"allow":["GET"]}}],"collection":[{"href":"https:\/\/coinkickoff.com\/da\/wp-json\/wp\/v2\/pages"}],"about":[{"href":"https:\/\/coinkickoff.com\/da\/wp-json\/wp\/v2\/types\/page"}],"author":[{"embeddable":true,"href":"https:\/\/coinkickoff.com\/da\/wp-json\/wp\/v2\/users\/1"}],"replies":[{"embeddable":true,"href":"https:\/\/coinkickoff.com\/da\/wp-json\/wp\/v2\/comments?post=4628"}],"version-history":[{"count":3,"href":"https:\/\/coinkickoff.com\/da\/wp-json\/wp\/v2\/pages\/4628\/revisions"}],"predecessor-version":[{"id":4635,"href":"https:\/\/coinkickoff.com\/da\/wp-json\/wp\/v2\/pages\/4628\/revisions\/4635"}],"up":[{"embeddable":true,"href":"https:\/\/coinkickoff.com\/da\/wp-json\/wp\/v2\/pages\/4440"}],"wp:featuredmedia":[{"embeddable":true,"href":"https:\/\/coinkickoff.com\/da\/wp-json\/wp\/v2\/media\/4631"}],"wp:attachment":[{"href":"https:\/\/coinkickoff.com\/da\/wp-json\/wp\/v2\/media?parent=4628"}],"curies":[{"name":"wp","href":"https:\/\/api.w.org\/{rel}","templated":true}]}}