{"id":4605,"date":"2026-01-08T14:07:58","date_gmt":"2026-01-08T14:07:58","guid":{"rendered":"https:\/\/coinkickoff.com\/?page_id=4605"},"modified":"2026-01-08T14:07:58","modified_gmt":"2026-01-08T14:07:58","slug":"how-is-bitcoin-poker-different","status":"publish","type":"page","link":"https:\/\/coinkickoff.com\/da\/bitcoin-casino\/how-is-bitcoin-poker-different\/","title":{"rendered":"Hvordan adskiller Bitcoin Poker sig fra onlinepoker?"},"content":{"rendered":"<p><em>Ansvarsfraskrivelse: Spil indeb\u00e6rer en betydelig \u00f8konomisk risiko. Spil kun med penge, som du har r\u00e5d til at tabe. Oplysningerne nedenfor er kun til informationsform\u00e5l. Vi kan blive betalt en kommission, hvis du tilmelder dig og taber penge p\u00e5 noget af det f\u00f8lgende <a href=\"https:\/\/coinkickoff.com\/da\/bitcoin-casino\/\" data-internallinksmanager029f6b8e52c=\"200\" title=\"De 3 bedste Bitcoin-kryptokasinoer med bonusser\">kasinoer<\/a>. Ikke alle casinoer er tilg\u00e6ngelige i alle lande. Alle oplysninger, som vi troede var korrekte p\u00e5 tidspunktet for offentligg\u00f8relsen, kan v\u00e6re \u00e6ndret siden.<\/em><\/p>\n<div id=\"ez-toc-container\" class=\"ez-toc-v2_0_80 counter-hierarchy ez-toc-counter ez-toc-transparent ez-toc-container-direction\">\n<div class=\"ez-toc-title-container\">\n<p class=\"ez-toc-title\" style=\"cursor:inherit\">Sektioner<\/p>\n<span class=\"ez-toc-title-toggle\"><a href=\"#\" class=\"ez-toc-pull-right ez-toc-btn ez-toc-btn-xs ez-toc-btn-default ez-toc-toggle\" aria-label=\"Toggle indholdsfortegnelse\"><span class=\"ez-toc-js-icon-con\"><span class=\"\"><span class=\"eztoc-hide\" style=\"display:none;\">Toggle<\/span><span class=\"ez-toc-icon-toggle-span\"><svg style=\"fill: #999;color:#999\" xmlns=\"http:\/\/www.w3.org\/2000\/svg\" class=\"list-377408\" width=\"20px\" height=\"20px\" viewbox=\"0 0 24 24\" fill=\"none\"><path d=\"M6 6H4v2h2V6zm14 0H8v2h12V6zM4 11h2v2H4v-2zm16 0H8v2h12v-2zM4 16h2v2H4v-2zm16 0H8v2h12v-2z\" fill=\"currentColor\"><\/path><\/svg><svg style=\"fill: #999;color:#999\" class=\"arrow-unsorted-368013\" xmlns=\"http:\/\/www.w3.org\/2000\/svg\" width=\"10px\" height=\"10px\" viewbox=\"0 0 24 24\" version=\"1.2\" baseprofile=\"tiny\"><path d=\"M18.2 9.3l-6.2-6.3-6.2 6.3c-.2.2-.3.4-.3.7s.1.5.3.7c.2.2.4.3.7.3h11c.3 0 .5-.1.7-.3.2-.2.3-.5.3-.7s-.1-.5-.3-.7zM5.8 14.7l6.2 6.3 6.2-6.3c.2-.2.3-.5.3-.7s-.1-.5-.3-.7c-.2-.2-.4-.3-.7-.3h-11c-.3 0-.5.1-.7.3-.2.2-.3.5-.3.7s.1.5.3.7z\"\/><\/svg><\/span><\/span><\/span><\/a><\/span><\/div>\n<nav><ul class='ez-toc-list ez-toc-list-level-1 eztoc-toggle-hide-by-default' ><li class='ez-toc-page-1 ez-toc-heading-level-2'><a class=\"ez-toc-link ez-toc-heading-1\" href=\"https:\/\/coinkickoff.com\/da\/bitcoin-casino\/how-is-bitcoin-poker-different\/#Understanding_Bitcoin_Poker\" >Forst\u00e5else af Bitcoin Poker<\/a><ul class='ez-toc-list-level-3' ><li class='ez-toc-heading-level-3'><a class=\"ez-toc-link ez-toc-heading-2\" href=\"https:\/\/coinkickoff.com\/da\/bitcoin-casino\/how-is-bitcoin-poker-different\/#Definition_and_Concept_of_Bitcoin_Poker\" >Definition og koncept for Bitcoin-poker<\/a><\/li><li class='ez-toc-page-1 ez-toc-heading-level-3'><a class=\"ez-toc-link ez-toc-heading-3\" href=\"https:\/\/coinkickoff.com\/da\/bitcoin-casino\/how-is-bitcoin-poker-different\/#Key_Differences_Between_Bitcoin_Poker_and_Online_Poker\" >De vigtigste forskelle mellem Bitcoin-poker og onlinepoker<\/a><\/li><li class='ez-toc-page-1 ez-toc-heading-level-3'><a class=\"ez-toc-link ez-toc-heading-4\" href=\"https:\/\/coinkickoff.com\/da\/bitcoin-casino\/how-is-bitcoin-poker-different\/#The_Role_of_Cryptocurrency_in_Poker\" >Kryptovalutaens rolle i poker<\/a><\/li><\/ul><\/li><li class='ez-toc-page-1 ez-toc-heading-level-2'><a class=\"ez-toc-link ez-toc-heading-5\" href=\"https:\/\/coinkickoff.com\/da\/bitcoin-casino\/how-is-bitcoin-poker-different\/#The_Gameplay_Experience\" >Gameplay-oplevelsen<\/a><ul class='ez-toc-list-level-3' ><li class='ez-toc-heading-level-3'><a class=\"ez-toc-link ez-toc-heading-6\" href=\"https:\/\/coinkickoff.com\/da\/bitcoin-casino\/how-is-bitcoin-poker-different\/#Account_Funding_and_Withdrawals\" >Indbetaling og udbetaling fra kontoen<\/a><\/li><li class='ez-toc-page-1 ez-toc-heading-level-3'><a class=\"ez-toc-link ez-toc-heading-7\" href=\"https:\/\/coinkickoff.com\/da\/bitcoin-casino\/how-is-bitcoin-poker-different\/#Anonymity_and_Security_Features\" >Anonymitet og sikkerhedsfunktioner<\/a><\/li><li class='ez-toc-page-1 ez-toc-heading-level-3'><a class=\"ez-toc-link ez-toc-heading-8\" href=\"https:\/\/coinkickoff.com\/da\/bitcoin-casino\/how-is-bitcoin-poker-different\/#Poker_Variants_and_Software_Differences\" >Pokervarianter og softwareforskelle<\/a><\/li><\/ul><\/li><li class='ez-toc-page-1 ez-toc-heading-level-2'><a class=\"ez-toc-link ez-toc-heading-9\" href=\"https:\/\/coinkickoff.com\/da\/bitcoin-casino\/how-is-bitcoin-poker-different\/#Regulatory_and_Legal_Landscape\" >Regulatorisk og juridisk landskab<\/a><ul class='ez-toc-list-level-3' ><li class='ez-toc-heading-level-3'><a class=\"ez-toc-link ez-toc-heading-10\" href=\"https:\/\/coinkickoff.com\/da\/bitcoin-casino\/how-is-bitcoin-poker-different\/#Jurisdictional_Variations_in_Bitcoin_Poker\" >Jurisdiktionelle variationer i Bitcoin Poker<\/a><\/li><li class='ez-toc-page-1 ez-toc-heading-level-3'><a class=\"ez-toc-link ez-toc-heading-11\" href=\"https:\/\/coinkickoff.com\/da\/bitcoin-casino\/how-is-bitcoin-poker-different\/#Legal_Implications_for_Players_and_Operators\" >Juridiske konsekvenser for spillere og operat\u00f8rer<\/a><\/li><li class='ez-toc-page-1 ez-toc-heading-level-3'><a class=\"ez-toc-link ez-toc-heading-12\" href=\"https:\/\/coinkickoff.com\/da\/bitcoin-casino\/how-is-bitcoin-poker-different\/#Compliance_and_Fair_Play_Standards\" >Standarder for overholdelse og fairplay<\/a><\/li><\/ul><\/li><li class='ez-toc-page-1 ez-toc-heading-level-2'><a class=\"ez-toc-link ez-toc-heading-13\" href=\"https:\/\/coinkickoff.com\/da\/bitcoin-casino\/how-is-bitcoin-poker-different\/#Frequently_Asked_Questions\" >Ofte stillede sp\u00f8rgsm\u00e5l<\/a><ul class='ez-toc-list-level-3' ><li class='ez-toc-heading-level-3'><a class=\"ez-toc-link ez-toc-heading-14\" href=\"https:\/\/coinkickoff.com\/da\/bitcoin-casino\/how-is-bitcoin-poker-different\/#What_are_the_advantages_of_playing_poker_using_Bitcoin\" >Hvad er fordelene ved at spille poker med Bitcoin?<\/a><\/li><li class='ez-toc-page-1 ez-toc-heading-level-3'><a class=\"ez-toc-link ez-toc-heading-15\" href=\"https:\/\/coinkickoff.com\/da\/bitcoin-casino\/how-is-bitcoin-poker-different\/#Can_Bitcoin_transactions_affect_the_speed_of_online_poker_play\" >Kan Bitcoin-transaktioner p\u00e5virke hastigheden af online pokerspil?<\/a><\/li><li class='ez-toc-page-1 ez-toc-heading-level-3'><a class=\"ez-toc-link ez-toc-heading-16\" href=\"https:\/\/coinkickoff.com\/da\/bitcoin-casino\/how-is-bitcoin-poker-different\/#Are_there_any_legal_differences_in_playing_poker_with_Bitcoin_versus_traditional_currencies\" >Er der nogen juridiske forskelle p\u00e5 at spille poker med Bitcoin og traditionelle valutaer?<\/a><\/li><li class='ez-toc-page-1 ez-toc-heading-level-3'><a class=\"ez-toc-link ez-toc-heading-17\" href=\"https:\/\/coinkickoff.com\/da\/bitcoin-casino\/how-is-bitcoin-poker-different\/#How_does_provable_fairness_in_Bitcoin_poker_compare_to_regular_online_poker_games\" >Hvordan er beviselig fairness i Bitcoin-poker sammenlignet med almindelige online pokerspil?<\/a><\/li><li class='ez-toc-page-1 ez-toc-heading-level-3'><a class=\"ez-toc-link ez-toc-heading-18\" href=\"https:\/\/coinkickoff.com\/da\/bitcoin-casino\/how-is-bitcoin-poker-different\/#Does_the_use_of_Bitcoin_offer_more_anonymity_in_online_poker\" >Giver brugen af Bitcoin mere anonymitet i onlinepoker?<\/a><\/li><li class='ez-toc-page-1 ez-toc-heading-level-3'><a class=\"ez-toc-link ez-toc-heading-19\" href=\"https:\/\/coinkickoff.com\/da\/bitcoin-casino\/how-is-bitcoin-poker-different\/#What_impact_does_cryptocurrency_volatility_have_on_Bitcoin_poker_stakes\" >Hvilken indflydelse har kryptovaluta-volatilitet p\u00e5 Bitcoin-pokerindsatser?<\/a><\/li><\/ul><\/li><\/ul><\/nav><\/div>\n<h2><span class=\"ez-toc-section\" id=\"Understanding_Bitcoin_Poker\"><\/span>Forst\u00e5else af Bitcoin Poker<span class=\"ez-toc-section-end\"><\/span><\/h2>\n<p><img decoding=\"async\" src=\"https:\/\/coinkickoff.com\/wp-content\/uploads\/v2-3dh0j-a3sgg.jpg\" alt=\"\"><\/p>\n<p><a href=\"https:\/\/coinkickoff.com\/da\/bitcoin-casino\/how-to-play-crypto-poker\/\" data-internallinksmanager029f6b8e52c=\"203\" title=\"S\u00e5dan spiller du kryptopoker: Mestring af Bitcoin-v\u00e6ddem\u00e5l\">Bitcoin Poker<\/a> integrerer det klassiske pokerspil med den moderne blockchain-teknologi og tilbyder unikke fordele som forbedret privatliv og hurtigere transaktioner.<\/p>\n<h3><span class=\"ez-toc-section\" id=\"Definition_and_Concept_of_Bitcoin_Poker\"><\/span>Definition og koncept for Bitcoin-poker<span class=\"ez-toc-section-end\"><\/span><\/h3>\n<p>Bitcoin Poker refererer til den version af onlinepoker, der bruger Bitcoin som valuta til indskud, indsatser og udbetalinger. I mods\u00e6tning til traditionelle online pokerspil, hvor der bruges fiat-valuta, opererer Bitcoin Poker med den digitale valuta og udnytter decentraliseringen og peer-to-peer-aspektet ved blockchain-teknologi.<\/p>\n<h3><span class=\"ez-toc-section\" id=\"Key_Differences_Between_Bitcoin_Poker_and_Online_Poker\"><\/span>De vigtigste forskelle mellem Bitcoin-poker og onlinepoker<span class=\"ez-toc-section-end\"><\/span><\/h3>\n<p><strong>Anonymitet:<\/strong> En af de vigtigste forskelle er den grad af anonymitet, som Bitcoin tilbyder. Traditionelle online pokersider kr\u00e6ver ofte personlige finansielle oplysninger, mens Bitcoin pokersider giver brugerne mulighed for at spille relativt anonymt.<\/p>\n<p><strong>Transaktionshastighed:<\/strong> Bitcoin-transaktioner kan v\u00e6re betydeligt hurtigere end fiat-transaktioner, hvilket f\u00f8rer til hurtigere ind- og udbetalinger for spillerne.<\/p>\n<p><strong>Indholdsfortegnelse Forskelle:<\/strong><\/p>\n<table>\n<thead>\n<tr>\n<th>Funktion<\/th>\n<th>Bitcoin Poker<\/th>\n<th>Online poker<\/th>\n<\/tr>\n<\/thead>\n<tbody>\n<tr>\n<td>Valuta Type<\/td>\n<td>Kryptovaluta (Bitcoin)<\/td>\n<td>Fiat-valuta (USD, EUR, <a href=\"https:\/\/coinkickoff.com\/da\/ethereum-classic-etc\/\" data-internallinksmanager029f6b8e52c=\"29\" title=\"Hvad er Ethereum Classic (ETC) Hvordan virker det, og hvor kan man k\u00f8be det?\">osv.<\/a>.)<\/td>\n<\/tr>\n<tr>\n<td>Anonymitetsniveau<\/td>\n<td>H\u00f8j<\/td>\n<td>Moderat til lav<\/td>\n<\/tr>\n<tr>\n<td>Transaktionshastighed<\/td>\n<td>Hurtig (minutter til timer)<\/td>\n<td>Variabel (timer til dage)<\/td>\n<\/tr>\n<tr>\n<td>Krav om finansiel information<\/td>\n<td>Minimal<\/td>\n<td>Ofte omfattende<\/td>\n<\/tr>\n<\/tbody>\n<\/table>\n<h3><span class=\"ez-toc-section\" id=\"The_Role_of_Cryptocurrency_in_Poker\"><\/span>Kryptovalutaens rolle i poker<span class=\"ez-toc-section-end\"><\/span><\/h3>\n<p>Kryptovalutaer som Bitcoin har forandret onlinepokerlandskabet ved at tilbyde en alternativ m\u00e5de at gennemf\u00f8re transaktioner p\u00e5. De tilbyder en decentraliseret poker\u00f8konomi, flytter kontrollen v\u00e6k fra en central myndighed og bidrager til skabelsen af et globalt pokersamfund, der ikke er bundet af traditionelle bankregler.<\/p>\n<h2><span class=\"ez-toc-section\" id=\"The_Gameplay_Experience\"><\/span>Gameplay-oplevelsen<span class=\"ez-toc-section-end\"><\/span><\/h2>\n<p><img decoding=\"async\" src=\"https:\/\/coinkickoff.com\/wp-content\/uploads\/v2-3dh10-d5088.jpg\" alt=\"\"><\/p>\n<p>Mens det centrale pokerspil forbliver det samme, tilbyder Bitcoin poker en anderledes oplevelse inden for kontoadministration, privatliv og softwaremuligheder sammenlignet med traditionel onlinepoker.<\/p>\n<h3><span class=\"ez-toc-section\" id=\"Account_Funding_and_Withdrawals\"><\/span>Indbetaling og udbetaling fra kontoen<span class=\"ez-toc-section-end\"><\/span><\/h3>\n<ul>\n<li><strong>Bitcoin-transaktioner<\/strong>: Spillere indbetaler p\u00e5 deres konti og h\u00e6ver <a href=\"https:\/\/coinkickoff.com\/da\/bitcoin-casino\/cash-in-bitcoin-casino-winnings\/\" data-internallinksmanager029f6b8e52c=\"211\" title=\"S\u00e5dan indl\u00f8ser du Bitcoin-kasinogevinster: En trin-for-trin-guide\">gevinster<\/a> der bruger Bitcoin, oplever ofte hurtigere transaktionstider p\u00e5 grund af kryptovalutaens decentraliserede natur.<\/li>\n<li><strong>Valutaudsving<\/strong>: V\u00e6rdien af Bitcoin kan v\u00e6re ustabil, hvilket betyder, at v\u00e6rdien af spillernes bankroll kan svinge uafh\u00e6ngigt af deres pokerpr\u00e6station.<\/li>\n<\/ul>\n<h3><span class=\"ez-toc-section\" id=\"Anonymity_and_Security_Features\"><\/span>Anonymitet og sikkerhedsfunktioner<span class=\"ez-toc-section-end\"><\/span><\/h3>\n<ul>\n<li><strong>Privatlivets fred<\/strong>: Bitcoin-pokerplatforme kan tilbyde \u00f8get anonymitet, da der ikke kr\u00e6ves personlige \u00f8konomiske oplysninger p\u00e5 samme m\u00e5de som p\u00e5 sider med fiat-valuta.<\/li>\n<li><strong>Sikkerhedsforanstaltninger<\/strong>: Transaktioner er sikret gennem blockchain-teknologi, der giver en gennemsigtig og manipulationssikker registrering af alle overf\u00f8rsler.<\/li>\n<\/ul>\n<h3><span class=\"ez-toc-section\" id=\"Poker_Variants_and_Software_Differences\"><\/span>Pokervarianter og softwareforskelle<span class=\"ez-toc-section-end\"><\/span><\/h3>\n<ul>\n<li><strong>Variation af spil<\/strong>: Nogle Bitcoin-pokersider kan tilbyde unikke pokervarianter, som ikke findes p\u00e5 traditionelle platforme.<\/li>\n<li><strong>Software-gr\u00e6nseflader<\/strong>: Interfacet og brugeroplevelsen kan variere, og nogle gange tilbyder de mere avancerede statistiske v\u00e6rkt\u00f8jer designet specielt til kryptovaluta-brugere.<\/li>\n<\/ul>\n<h2><span class=\"ez-toc-section\" id=\"Regulatory_and_Legal_Landscape\"><\/span>Regulatorisk og juridisk landskab<span class=\"ez-toc-section-end\"><\/span><\/h2>\n<p><img decoding=\"async\" src=\"https:\/\/coinkickoff.com\/wp-content\/uploads\/v2-3dh1d-kf9ye.jpg\" alt=\"\"><\/p>\n<p>De lovgivningsm\u00e6ssige og juridiske aspekter af Bitcoin-poker varierer betydeligt rundt omkring i verden og har forskellige konsekvenser for b\u00e5de spillere og operat\u00f8rer, med strenge standarder for overholdelse og fair play.<\/p>\n<h3><span class=\"ez-toc-section\" id=\"Jurisdictional_Variations_in_Bitcoin_Poker\"><\/span>Jurisdiktionelle variationer i Bitcoin Poker<span class=\"ez-toc-section-end\"><\/span><\/h3>\n<p>Forskellige lande har forskellige regler for brugen af kryptovalutaer som Bitcoin til gambling. Nogle har fuldt ud omfavnet det med klare regler, mens andre opererer i en gr\u00e5zone eller har direkte forbud. For eksempel:<\/p>\n<ul>\n<li><strong>USA:<\/strong> Varierer fra stat til stat; nogle accepterer Bitcoin-poker, mens andre slet ikke tillader onlinespil.<\/li>\n<li><strong>Storbritannien:<\/strong> Fuldt reguleret med specifikke retningslinjer for brug af kryptovaluta.<\/li>\n<li><strong>Kina:<\/strong> Online gambling, herunder Bitcoin poker, er ulovligt.<\/li>\n<\/ul>\n<h3><span class=\"ez-toc-section\" id=\"Legal_Implications_for_Players_and_Operators\"><\/span>Juridiske konsekvenser for spillere og operat\u00f8rer<span class=\"ez-toc-section-end\"><\/span><\/h3>\n<p><strong>Spillere<\/strong> skal v\u00e6re opm\u00e6rksomme p\u00e5 deres lands love om kryptovaluta og onlinespil for at undg\u00e5 juridisk risiko. Sanktioner for overtr\u00e6delse kan variere fra b\u00f8der til retsforf\u00f8lgelse.<\/p>\n<p><strong>Operat\u00f8rer<\/strong> af Bitcoin-pokersider skal overholde licenskrav, anti-hvidvaskningsprocedurer (AML) og kend-din-kunde-politikker (KYC).<\/p>\n<ul>\n<li><strong>Krav til licens:<\/strong> Skal have de rette licenser, hvor onlinespil er reguleret.<\/li>\n<li><strong>Procedurer for hvidvaskning af penge:<\/strong> B\u00f8r implementere systemer til forebyggelse af \u00f8konomisk kriminalitet.<\/li>\n<li><strong>KYC-politikker:<\/strong> Skal verificere deres kunders identitet.<\/li>\n<\/ul>\n<h3><span class=\"ez-toc-section\" id=\"Compliance_and_Fair_Play_Standards\"><\/span>Standarder for overholdelse og fairplay<span class=\"ez-toc-section-end\"><\/span><\/h3>\n<p>Operat\u00f8rerne skal opfylde standarder, der sikrer retf\u00e6rdighed og sikkerhed.<\/p>\n<ul>\n<li><strong>RNG-certificering:<\/strong> Random Number Generators skal v\u00e6re certificeret af uafh\u00e6ngige organer.<\/li>\n<li><strong>Sikkerhedsprotokoller:<\/strong> Implementering af SSL-kryptering og andre cybersikkerhedsforanstaltninger.<\/li>\n<li><strong>Beviseligt retf\u00e6rdige systemer:<\/strong> Unikt for Bitcoin-spil, som giver spillerne mulighed for at kontrollere, om hver h\u00e5nd er fair.<\/li>\n<\/ul>\n<h2><span class=\"ez-toc-section\" id=\"Frequently_Asked_Questions\"><\/span>Ofte stillede sp\u00f8rgsm\u00e5l<span class=\"ez-toc-section-end\"><\/span><\/h2>\n<p><img decoding=\"async\" src=\"https:\/\/coinkickoff.com\/wp-content\/uploads\/v2-3dh1y-p4uhr.jpg\" alt=\"\"><\/p>\n<p>Som svar p\u00e5 almindelige sp\u00f8rgsm\u00e5l beskriver dette afsnit forskellene mellem Bitcoin-poker og almindelig onlinepoker, hvad ang\u00e5r fordele, hastighed, lovlighed, retf\u00e6rdighed, anonymitet og virkningen af kryptovaluta-volatilitet.<\/p>\n<h3><span class=\"ez-toc-section\" id=\"What_are_the_advantages_of_playing_poker_using_Bitcoin\"><\/span>Hvad er fordelene ved at spille poker med Bitcoin?<span class=\"ez-toc-section-end\"><\/span><\/h3>\n<p>Spillere, der bruger Bitcoin til poker, f\u00e5r hurtigere transaktionstider, lavere behandlingsgebyrer og mulighed for at spille fra regioner, hvor traditionelle banktransaktioner til pokersider er begr\u00e6nset. Disse fordele stammer fra kryptovalutaernes decentraliserede natur.<\/p>\n<h3><span class=\"ez-toc-section\" id=\"Can_Bitcoin_transactions_affect_the_speed_of_online_poker_play\"><\/span>Kan Bitcoin-transaktioner p\u00e5virke hastigheden af online pokerspil?<span class=\"ez-toc-section-end\"><\/span><\/h3>\n<p>Ja, Bitcoin kan fremskynde ind- og udbetalingsprocessen, s\u00e5 spillerne hurtigere kan komme i gang med at spille og udbetale gevinster uden lange bankforsinkelser. Denne str\u00f8mlinede operation kommer fra peer-to-peer-transaktionssystemet, der er iboende i Bitcoin.<\/p>\n<h3><span class=\"ez-toc-section\" id=\"Are_there_any_legal_differences_in_playing_poker_with_Bitcoin_versus_traditional_currencies\"><\/span>Er der nogen juridiske forskelle p\u00e5 at spille poker med Bitcoin og traditionelle valutaer?<span class=\"ez-toc-section-end\"><\/span><\/h3>\n<p>Det juridiske landskab for Bitcoin-poker kan variere betydeligt, da nogle jurisdiktioner, der regulerer eller forbyder onlinespil, endnu ikke har adresseret kryptovalutaer eksplicit. Denne situation kan skabe tvetydighed og potentielt p\u00e5virke den juridiske status for Bitcoin-poker i visse omr\u00e5der.<\/p>\n<h3><span class=\"ez-toc-section\" id=\"How_does_provable_fairness_in_Bitcoin_poker_compare_to_regular_online_poker_games\"><\/span>Hvordan er beviselig fairness i Bitcoin-poker sammenlignet med almindelige online pokerspil?<span class=\"ez-toc-section-end\"><\/span><\/h3>\n<p>Bitcoin-pokerplatforme anvender ofte beviselige fairness-algoritmer, som g\u00f8r det muligt for spillerne at verificere tilf\u00e6ldigheden og fairness i hver h\u00e5nd. Dette niveau af gennemsigtighed er generelt ikke tilg\u00e6ngeligt i traditionelle online pokerspil, hvilket giver et ekstra lag af tillid til Bitcoin pokerspillere.<\/p>\n<h3><span class=\"ez-toc-section\" id=\"Does_the_use_of_Bitcoin_offer_more_anonymity_in_online_poker\"><\/span>Giver brugen af Bitcoin mere anonymitet i onlinepoker?<span class=\"ez-toc-section-end\"><\/span><\/h3>\n<p>Bitcoin-transaktioner giver st\u00f8rre anonymitet sammenlignet med traditionelle online betalingsmetoder, da de ikke kr\u00e6ver personlige bankoplysninger. Spillerne identificeres ved hj\u00e6lp af wallet-adresser i stedet for personlige data, men fuldst\u00e6ndig anonymitet er ikke garanteret p\u00e5 grund af blockchain-transaktionernes sporbarhed.<\/p>\n<h3><span class=\"ez-toc-section\" id=\"What_impact_does_cryptocurrency_volatility_have_on_Bitcoin_poker_stakes\"><\/span>Hvilken indflydelse har kryptovaluta-volatilitet p\u00e5 Bitcoin-pokerindsatser?<span class=\"ez-toc-section-end\"><\/span><\/h3>\n<p>V\u00e6rdien af Bitcoin kan svinge betydeligt, hvilket kan p\u00e5virke den reelle v\u00e6rdi af buy-ins og gevinster i Bitcoin-poker. Mens nogle spillere s\u00e6tter pris p\u00e5 potentialet for \u00f8get v\u00e6rdi, kan andre opleve, at uforudsigeligheden p\u00e5virker deres <a href=\"https:\/\/coinkickoff.com\/da\/bitcoin-casino\/bankroll-management\/\" data-internallinksmanager029f6b8e52c=\"210\" title=\"Bankroll management, n\u00e5r du spiller med Bitcoin\">Bankroll-styring<\/a> og overordnede strategi.<\/p>","protected":false},"excerpt":{"rendered":"<p>Ansvarsfraskrivelse: Spil indeb\u00e6rer en betydelig \u00f8konomisk risiko. Spil kun med penge, som du har r\u00e5d til at tabe. Oplysningerne nedenfor er kun til informationsform\u00e5l. Vi kan blive betalt en kommission, hvis du tilmelder dig og taber penge p\u00e5 et af de f\u00f8lgende kasinoer. Ikke alle kasinoer er tilg\u00e6ngelige i alle lande. Alle oplysninger, vi [...]<\/p>","protected":false},"author":1,"featured_media":4609,"parent":4440,"menu_order":0,"comment_status":"closed","ping_status":"closed","template":"","meta":{"_genesis_hide_title":false,"_genesis_hide_breadcrumbs":false,"_genesis_hide_singular_image":false,"_genesis_hide_footer_widgets":false,"_genesis_custom_body_class":"","_genesis_custom_post_class":"","_genesis_layout":"","_glsr_average":0,"_glsr_ranking":0,"_glsr_reviews":0,"footnotes":""},"class_list":{"0":"post-4605","1":"page","2":"type-page","3":"status-publish","4":"has-post-thumbnail","6":"entry"},"featured_image_src":"https:\/\/coinkickoff.com\/wp-content\/uploads\/v2-3dh1y-p4uhr-600x400.jpg","featured_image_src_square":"https:\/\/coinkickoff.com\/wp-content\/uploads\/v2-3dh1y-p4uhr-600x600.jpg","_links":{"self":[{"href":"https:\/\/coinkickoff.com\/da\/wp-json\/wp\/v2\/pages\/4605","targetHints":{"allow":["GET"]}}],"collection":[{"href":"https:\/\/coinkickoff.com\/da\/wp-json\/wp\/v2\/pages"}],"about":[{"href":"https:\/\/coinkickoff.com\/da\/wp-json\/wp\/v2\/types\/page"}],"author":[{"embeddable":true,"href":"https:\/\/coinkickoff.com\/da\/wp-json\/wp\/v2\/users\/1"}],"replies":[{"embeddable":true,"href":"https:\/\/coinkickoff.com\/da\/wp-json\/wp\/v2\/comments?post=4605"}],"version-history":[{"count":3,"href":"https:\/\/coinkickoff.com\/da\/wp-json\/wp\/v2\/pages\/4605\/revisions"}],"predecessor-version":[{"id":4614,"href":"https:\/\/coinkickoff.com\/da\/wp-json\/wp\/v2\/pages\/4605\/revisions\/4614"}],"up":[{"embeddable":true,"href":"https:\/\/coinkickoff.com\/da\/wp-json\/wp\/v2\/pages\/4440"}],"wp:featuredmedia":[{"embeddable":true,"href":"https:\/\/coinkickoff.com\/da\/wp-json\/wp\/v2\/media\/4609"}],"wp:attachment":[{"href":"https:\/\/coinkickoff.com\/da\/wp-json\/wp\/v2\/media?parent=4605"}],"curies":[{"name":"wp","href":"https:\/\/api.w.org\/{rel}","templated":true}]}}