{"id":4595,"date":"2026-01-08T14:07:58","date_gmt":"2026-01-08T14:07:58","guid":{"rendered":"https:\/\/coinkickoff.com\/?page_id=4595"},"modified":"2026-01-08T14:07:58","modified_gmt":"2026-01-08T14:07:58","slug":"how-is-bitcoin-roulette-different","status":"publish","type":"page","link":"https:\/\/coinkickoff.com\/da\/bitcoin-casino\/how-is-bitcoin-roulette-different\/","title":{"rendered":"Hvordan adskiller Bitcoin-roulette sig fra traditionel kasinoroulette?"},"content":{"rendered":"<p>Ansvarsfraskrivelse: Spil indeb\u00e6rer en betydelig \u00f8konomisk risiko. Spil kun med penge, som du har r\u00e5d til at tabe. Oplysningerne nedenfor er kun til informationsform\u00e5l. Vi kan blive betalt en kommission, hvis du tilmelder dig og taber penge p\u00e5 noget af det f\u00f8lgende <a href=\"https:\/\/coinkickoff.com\/da\/bitcoin-casino\/\" data-internallinksmanager029f6b8e52c=\"200\" title=\"De 3 bedste Bitcoin-kryptokasinoer med bonusser\">kasinoer<\/a>. Ikke alle casinoer er tilg\u00e6ngelige i alle lande. Alle oplysninger, som vi troede var korrekte p\u00e5 tidspunktet for offentligg\u00f8relsen, kan v\u00e6re \u00e6ndret siden.<\/p>\n<div id=\"ez-toc-container\" class=\"ez-toc-v2_0_80 counter-hierarchy ez-toc-counter ez-toc-transparent ez-toc-container-direction\">\n<div class=\"ez-toc-title-container\">\n<p class=\"ez-toc-title\" style=\"cursor:inherit\">Sektioner<\/p>\n<span class=\"ez-toc-title-toggle\"><a href=\"#\" class=\"ez-toc-pull-right ez-toc-btn ez-toc-btn-xs ez-toc-btn-default ez-toc-toggle\" aria-label=\"Toggle indholdsfortegnelse\"><span class=\"ez-toc-js-icon-con\"><span class=\"\"><span class=\"eztoc-hide\" style=\"display:none;\">Toggle<\/span><span class=\"ez-toc-icon-toggle-span\"><svg style=\"fill: #999;color:#999\" xmlns=\"http:\/\/www.w3.org\/2000\/svg\" class=\"list-377408\" width=\"20px\" height=\"20px\" viewbox=\"0 0 24 24\" fill=\"none\"><path d=\"M6 6H4v2h2V6zm14 0H8v2h12V6zM4 11h2v2H4v-2zm16 0H8v2h12v-2zM4 16h2v2H4v-2zm16 0H8v2h12v-2z\" fill=\"currentColor\"><\/path><\/svg><svg style=\"fill: #999;color:#999\" class=\"arrow-unsorted-368013\" xmlns=\"http:\/\/www.w3.org\/2000\/svg\" width=\"10px\" height=\"10px\" viewbox=\"0 0 24 24\" version=\"1.2\" baseprofile=\"tiny\"><path d=\"M18.2 9.3l-6.2-6.3-6.2 6.3c-.2.2-.3.4-.3.7s.1.5.3.7c.2.2.4.3.7.3h11c.3 0 .5-.1.7-.3.2-.2.3-.5.3-.7s-.1-.5-.3-.7zM5.8 14.7l6.2 6.3 6.2-6.3c.2-.2.3-.5.3-.7s-.1-.5-.3-.7c-.2-.2-.4-.3-.7-.3h-11c-.3 0-.5.1-.7.3-.2.2-.3.5-.3.7s.1.5.3.7z\"\/><\/svg><\/span><\/span><\/span><\/a><\/span><\/div>\n<nav><ul class='ez-toc-list ez-toc-list-level-1 eztoc-toggle-hide-by-default' ><li class='ez-toc-page-1 ez-toc-heading-level-2'><a class=\"ez-toc-link ez-toc-heading-1\" href=\"https:\/\/coinkickoff.com\/da\/bitcoin-casino\/how-is-bitcoin-roulette-different\/#Fundamentals_of_Bitcoin_Roulette\" >Grundl\u00e6ggende om Bitcoin-roulette<\/a><ul class='ez-toc-list-level-3' ><li class='ez-toc-heading-level-3'><a class=\"ez-toc-link ez-toc-heading-2\" href=\"https:\/\/coinkickoff.com\/da\/bitcoin-casino\/how-is-bitcoin-roulette-different\/#Definition_and_Mechanism\" >Definition og mekanisme<\/a><\/li><li class='ez-toc-page-1 ez-toc-heading-level-3'><a class=\"ez-toc-link ez-toc-heading-3\" href=\"https:\/\/coinkickoff.com\/da\/bitcoin-casino\/how-is-bitcoin-roulette-different\/#Basic_Rules_Comparison\" >Sammenligning af grundl\u00e6ggende regler<\/a><\/li><\/ul><\/li><li class='ez-toc-page-1 ez-toc-heading-level-2'><a class=\"ez-toc-link ez-toc-heading-4\" href=\"https:\/\/coinkickoff.com\/da\/bitcoin-casino\/how-is-bitcoin-roulette-different\/#Technological_Aspects\" >Teknologiske aspekter<\/a><ul class='ez-toc-list-level-3' ><li class='ez-toc-heading-level-3'><a class=\"ez-toc-link ez-toc-heading-5\" href=\"https:\/\/coinkickoff.com\/da\/bitcoin-casino\/how-is-bitcoin-roulette-different\/#Software_and_Fairness\" >Software og retf\u00e6rdighed<\/a><\/li><li class='ez-toc-page-1 ez-toc-heading-level-3'><a class=\"ez-toc-link ez-toc-heading-6\" href=\"https:\/\/coinkickoff.com\/da\/bitcoin-casino\/how-is-bitcoin-roulette-different\/#Transaction_Security_and_Anonymity\" >Transaktionssikkerhed og anonymitet<\/a><\/li><\/ul><\/li><li class='ez-toc-page-1 ez-toc-heading-level-2'><a class=\"ez-toc-link ez-toc-heading-7\" href=\"https:\/\/coinkickoff.com\/da\/bitcoin-casino\/how-is-bitcoin-roulette-different\/#Practical_Considerations\" >Praktiske overvejelser<\/a><ul class='ez-toc-list-level-3' ><li class='ez-toc-heading-level-3'><a class=\"ez-toc-link ez-toc-heading-8\" href=\"https:\/\/coinkickoff.com\/da\/bitcoin-casino\/how-is-bitcoin-roulette-different\/#Accessibility_and_Jurisdiction\" >Tilg\u00e6ngelighed og jurisdiktion<\/a><\/li><li class='ez-toc-page-1 ez-toc-heading-level-3'><a class=\"ez-toc-link ez-toc-heading-9\" href=\"https:\/\/coinkickoff.com\/da\/bitcoin-casino\/how-is-bitcoin-roulette-different\/#Payment_Processing_Times\" >Behandlingstider for betalinger<\/a><\/li><li class='ez-toc-page-1 ez-toc-heading-level-3'><a class=\"ez-toc-link ez-toc-heading-10\" href=\"https:\/\/coinkickoff.com\/da\/bitcoin-casino\/how-is-bitcoin-roulette-different\/#Casino_Bonuses_and_Incentives\" >Casinobonusser og incitamenter<\/a><\/li><\/ul><\/li><li class='ez-toc-page-1 ez-toc-heading-level-2'><a class=\"ez-toc-link ez-toc-heading-11\" href=\"https:\/\/coinkickoff.com\/da\/bitcoin-casino\/how-is-bitcoin-roulette-different\/#Frequently_Asked_Questions\" >Ofte stillede sp\u00f8rgsm\u00e5l<\/a><ul class='ez-toc-list-level-3' ><li class='ez-toc-heading-level-3'><a class=\"ez-toc-link ez-toc-heading-12\" href=\"https:\/\/coinkickoff.com\/da\/bitcoin-casino\/how-is-bitcoin-roulette-different\/#What_are_the_distinctive_features_of_Bitcoin_roulette_compared_to_traditional_roulette\" >Hvad kendetegner Bitcoin-rouletten i forhold til traditionel roulette?<\/a><\/li><li class='ez-toc-page-1 ez-toc-heading-level-3'><a class=\"ez-toc-link ez-toc-heading-13\" href=\"https:\/\/coinkickoff.com\/da\/bitcoin-casino\/how-is-bitcoin-roulette-different\/#Can_you_use_Bitcoin_to_play_any_version_of_roulette\" >Kan du bruge Bitcoin til at spille en hvilken som helst version af roulette?<\/a><\/li><li class='ez-toc-page-1 ez-toc-heading-level-3'><a class=\"ez-toc-link ez-toc-heading-14\" href=\"https:\/\/coinkickoff.com\/da\/bitcoin-casino\/how-is-bitcoin-roulette-different\/#What_advantages_do_Bitcoin_casinos_offer_for_roulette_players\" >Hvilke fordele tilbyder Bitcoin-casinoer for roulette-spillere?<\/a><\/li><li class='ez-toc-page-1 ez-toc-heading-level-3'><a class=\"ez-toc-link ez-toc-heading-15\" href=\"https:\/\/coinkickoff.com\/da\/bitcoin-casino\/how-is-bitcoin-roulette-different\/#How_does_the_integration_of_Bitcoin_affect_the_gameplay_of_roulette\" >Hvordan p\u00e5virker integrationen af Bitcoin roulette-spillet?<\/a><\/li><li class='ez-toc-page-1 ez-toc-heading-level-3'><a class=\"ez-toc-link ez-toc-heading-16\" href=\"https:\/\/coinkickoff.com\/da\/bitcoin-casino\/how-is-bitcoin-roulette-different\/#Are_there_any_unique_betting_options_available_in_Bitcoin_roulette\" >Er der nogle unikke spilmuligheder i Bitcoin roulette?<\/a><\/li><li class='ez-toc-page-1 ez-toc-heading-level-3'><a class=\"ez-toc-link ez-toc-heading-17\" href=\"https:\/\/coinkickoff.com\/da\/bitcoin-casino\/how-is-bitcoin-roulette-different\/#What_should_players_know_about_the_security_of_Bitcoin_roulette_games\" >Hvad b\u00f8r spillere vide om sikkerheden i Bitcoin-roulette-spil?<\/a><\/li><\/ul><\/li><\/ul><\/nav><\/div>\n<h2><span class=\"ez-toc-section\" id=\"Fundamentals_of_Bitcoin_Roulette\"><\/span>Grundl\u00e6ggende om Bitcoin-roulette<span class=\"ez-toc-section-end\"><\/span><\/h2>\n<p><img decoding=\"async\" src=\"https:\/\/coinkickoff.com\/wp-content\/uploads\/v2-3dgyd-6ia5o.jpg\" alt=\"\"><\/p>\n<p><a href=\"https:\/\/coinkickoff.com\/da\/bitcoin-casino\/how-to-play-crypto-roulette\/\" data-internallinksmanager029f6b8e52c=\"206\" title=\"S\u00e5dan spiller du kryptoroulette: Din guide til Blockchain-v\u00e6ddem\u00e5l\">Bitcoin Roulette<\/a> opererer med de samme grundprincipper som traditionel roulette, men man spiller med Bitcoin i stedet for fiat-valuta, hvilket p\u00e5virker transaktionshastigheden og anonymiteten.<\/p>\n<h3><span class=\"ez-toc-section\" id=\"Definition_and_Mechanism\"><\/span>Definition og mekanisme<span class=\"ez-toc-section-end\"><\/span><\/h3>\n<p>Bitcoin Roulette er en digital variant af det klassiske kasinospil, der bruger Bitcoin til v\u00e6ddem\u00e5l og transaktioner. Spillerne satser p\u00e5, hvor en kugle vil lande p\u00e5 et roterende hjul, der er opdelt i nummererede og farvede sektioner. Mekanismen svarer til standardroulette, med den st\u00f8rste forskel er den anvendte valuta. I Bitcoin Roulette behandles hver transaktion gennem blockchain, hvilket giver gennemsigtighed og reducerer sandsynligheden for svindel.<\/p>\n<ul>\n<li><strong>Transaktionshastighed<\/strong>: Transaktioner med Bitcoin er hurtigere og tager typisk et par minutter.<\/li>\n<li><strong>Anonymitet<\/strong>: Spillere kan forblive anonyme, da personlige oplysninger ikke er n\u00f8dvendige for at foretage Bitcoin-transaktioner.<\/li>\n<\/ul>\n<h3><span class=\"ez-toc-section\" id=\"Basic_Rules_Comparison\"><\/span>Sammenligning af grundl\u00e6ggende regler<span class=\"ez-toc-section-end\"><\/span><\/h3>\n<p>De grundl\u00e6ggende regler for Bitcoin Roulette og almindelig roulette er grundl\u00e6ggende de samme. Spillerne v\u00e6lger at satse p\u00e5 et enkelt tal, forskellige grupperinger af tal, farverne r\u00f8d eller sort, ulige eller lige, eller h\u00f8je (19-36) eller lave (1-18) tal.<\/p>\n<ul>\n<li><strong>Muligheder for v\u00e6ddem\u00e5l<\/strong>:\n<ul>\n<li><strong>Enkelt nummer<\/strong>: H\u00f8jere udbetaling; lavere odds.<\/li>\n<li><strong>Gruppetal<\/strong>: V\u00e6ddem\u00e5l p\u00e5 antal klynger; varierende udbetalinger.<\/li>\n<li><strong>Farver<\/strong>: Spil p\u00e5 r\u00f8d eller sort; n\u00e6sten 50\/50 chance.<\/li>\n<li><strong>Ulige eller lige<\/strong>: Spil p\u00e5, om tallet er lige eller ulige.<\/li>\n<li><strong>H\u00f8j eller lav<\/strong>: Spil p\u00e5 h\u00f8je (19-36) eller lave (1-18) tal.<\/li>\n<\/ul>\n<\/li>\n<\/ul>\n<p>Den klare forskel i reglerne vedr\u00f8rer h\u00e5ndteringen af valuta og potentielle udbetalinger. Bitcoin's prisvolatilitet kan p\u00e5virke den faktiske v\u00e6rdi af <a href=\"https:\/\/coinkickoff.com\/da\/bitcoin-casino\/cash-in-bitcoin-casino-winnings\/\" data-internallinksmanager029f6b8e52c=\"211\" title=\"S\u00e5dan indl\u00f8ser du Bitcoin-kasinogevinster: En trin-for-trin-guide\">gevinster<\/a> eller tab, og minimums- og maksimumsindsatserne kan variere afh\u00e6ngigt af <a href=\"https:\/\/coinkickoff.com\/da\/bitcoin-casino\/what-is-a-bitcoin-casino\/\" data-internallinksmanager029f6b8e52c=\"201\" title=\"Hvad er et Bitcoin-kasino? Forst\u00e5else af Crytpo-v\u00e6ddem\u00e5lsplatforme\">Bitcoin casino<\/a>'s politik.<\/p>\n<h2><span class=\"ez-toc-section\" id=\"Technological_Aspects\"><\/span>Teknologiske aspekter<span class=\"ez-toc-section-end\"><\/span><\/h2>\n<p><img decoding=\"async\" src=\"https:\/\/coinkickoff.com\/wp-content\/uploads\/v2-3dgyu-2s6kd.jpg\" alt=\"\"><\/p>\n<p>N\u00e5r man sammenligner Bitcoin-roulette med traditionel roulette, kommer to vigtige teknologiske overvejelser i spil: de mekanismer, der sikrer software-retf\u00e6rdighed, og de protokoller, der opretholder transaktionssikkerhed og anonymitet.<\/p>\n<h3><span class=\"ez-toc-section\" id=\"Software_and_Fairness\"><\/span>Software og retf\u00e6rdighed<span class=\"ez-toc-section-end\"><\/span><\/h3>\n<p>Bitcoin roulette-spil er afh\u00e6ngige af <strong>Formentlig rimelig<\/strong> teknologi, som giver spillerne mulighed for at verificere hvert spils udfald. Dette system bruger kryptografiske algoritmer til at <strong>generere tilf\u00e6ldige fr\u00f8<\/strong>Det sikrer, at hvert spin er tilf\u00e6ldigt og fair. Spillere kan typisk tjekke fairness gennem en <strong>Verifikationsv\u00e6rkt\u00f8j<\/strong> leveret af kasinoet.<\/p>\n<ul>\n<li>Generering af tilf\u00e6ldige tal (RNG): Algoritmisk skabelse af uforudsigelige resultater.<\/li>\n<li>V\u00e6rkt\u00f8jer til verificering: Tilbyd gennemsigtige og verificerbare spilresultater.<\/li>\n<\/ul>\n<h3><span class=\"ez-toc-section\" id=\"Transaction_Security_and_Anonymity\"><\/span>Transaktionssikkerhed og anonymitet<span class=\"ez-toc-section-end\"><\/span><\/h3>\n<p>Bitcoin-transaktioner udnytter <strong>blockchain-teknologi<\/strong>, som sikrer ind- og udbetalinger gennem en uforanderlig <a href=\"https:\/\/coinkickoff.com\/da\/what-is-ledger-wallet\/\" data-internallinksmanager029f6b8e52c=\"167\" title=\"Ledger Wallet Anmeldelser 2023: Afgifter, funktioner, sikkerhed, fordele og ulemper\">Hovedbog<\/a>Det \u00f8ger sikkerheden og giver en vis grad af anonymitet.<\/p>\n<ul>\n<li><strong>Sikkerhed<\/strong>: Krypterede transaktioner beskyttet af blockchain-teknologi.<\/li>\n<li><strong>Anonymitet<\/strong>: Mindre videregivelse af personlige data sammenlignet med traditionelle betalingsmetoder.<\/li>\n<\/ul>\n<table>\n<thead>\n<tr>\n<th>Aspekt<\/th>\n<th>Fordel<\/th>\n<\/tr>\n<\/thead>\n<tbody>\n<tr>\n<td>Krypterede transaktioner<\/td>\n<td>Tilf\u00f8jer et lag af sikkerhed mod svindel<\/td>\n<\/tr>\n<tr>\n<td>Uforanderlig hovedbog<\/td>\n<td>Sikrer transaktionernes varighed og sporbarhed<\/td>\n<\/tr>\n<tr>\n<td>Reduceret offentligg\u00f8relse af data<\/td>\n<td>Spillernes personlige oplysninger er mindre udsatte<\/td>\n<\/tr>\n<\/tbody>\n<\/table>\n<h2><span class=\"ez-toc-section\" id=\"Practical_Considerations\"><\/span>Praktiske overvejelser<span class=\"ez-toc-section-end\"><\/span><\/h2>\n<p><img decoding=\"async\" src=\"https:\/\/coinkickoff.com\/wp-content\/uploads\/v2-3dgz8-pee1q.jpg\" alt=\"\"><\/p>\n<p>N\u00e5r man bruger Bitcoin-roulette, skal man tage h\u00f8jde for forskelle i tilg\u00e6ngelighed, behandlingstider og de unikke bonusser, der tilbydes, og som adskiller sig fra traditionelle rouletteoplevelser.<\/p>\n<h3><span class=\"ez-toc-section\" id=\"Accessibility_and_Jurisdiction\"><\/span>Tilg\u00e6ngelighed og jurisdiktion<span class=\"ez-toc-section-end\"><\/span><\/h3>\n<p>Bitcoin roulette er ofte tilg\u00e6ngelig for spillere i jurisdiktioner, hvor onlinespil er begr\u00e6nset, eller hvor traditionelle betalingsmetoder ikke er mulige. <strong>Cryptocurrency<\/strong> som medie omg\u00e5r mange af de lovgivningsm\u00e6ssige begr\u00e6nsninger, hvilket g\u00f8r det mere tilg\u00e6ngeligt. Brugere b\u00f8r dog v\u00e6re opm\u00e6rksomme p\u00e5 deres lokale love, da lovligheden af spil med kryptovalutaer kan variere betydeligt fra region til region.<\/p>\n<h3><span class=\"ez-toc-section\" id=\"Payment_Processing_Times\"><\/span>Behandlingstider for betalinger<span class=\"ez-toc-section-end\"><\/span><\/h3>\n<ul>\n<li><strong>Bitcoin Indskud:<\/strong> Typisk \u00f8jeblikkeligt eller inden for f\u00e5 minutter.<\/li>\n<li><strong>Bitcoin Tilbagetr\u00e6kninger:<\/strong> Kan variere fra minutter til flere timer.<\/li>\n<li><strong>Traditionelle bankmetoder:<\/strong> Det tager ofte flere dage for b\u00e5de ind- og udbetalinger.<\/li>\n<\/ul>\n<p>Brugen af Bitcoin kan dramatisk reducere ventetiderne forbundet med betalingsbehandling i online gambling. Spillere kan ofte komme hurtigere i gang med at spille og f\u00e5 deres gevinster hurtigere sammenlignet med traditionelle betalingsmetoder.<\/p>\n<h3><span class=\"ez-toc-section\" id=\"Casino_Bonuses_and_Incentives\"><\/span>Casinobonusser og incitamenter<span class=\"ez-toc-section-end\"><\/span><\/h3>\n<ul>\n<li><strong>Velkomstbonusser:<\/strong> Mange Bitcoin-casinoer tilbyder store velkomstbonusser til nye spillere.<\/li>\n<li><strong>Loyalitetsbel\u00f8nninger:<\/strong> Fordelene for regelm\u00e6ssige brugere omfatter ofte h\u00f8jere bonusser eller VIP-behandling.<\/li>\n<li><strong>Eksklusive kampagner:<\/strong> Nogle casinoer tilbyder kampagner, der er skr\u00e6ddersyet specielt til Bitcoin-brugere.<\/li>\n<\/ul>\n<p>Bitcoin-rouletteplatforme kan have mere gener\u00f8se bonusser og incitamenter sammenlignet med almindelige onlinekasinoer. Disse bonusser er designet til at tiltr\u00e6kke og fastholde spillere, der foretr\u00e6kker at bruge kryptovaluta. Det er vigtigt for spillere at l\u00e6se de vilk\u00e5r og betingelser, der er forbundet med disse bonusser, for fuldt ud at forst\u00e5, hvordan de kan udnyttes.<\/p>\n<h2><span class=\"ez-toc-section\" id=\"Frequently_Asked_Questions\"><\/span>Ofte stillede sp\u00f8rgsm\u00e5l<span class=\"ez-toc-section-end\"><\/span><\/h2>\n<p><img decoding=\"async\" src=\"https:\/\/coinkickoff.com\/wp-content\/uploads\/v2-3dgzp-ju7x7.jpg\" alt=\"\"><\/p>\n<p>Dette afsnit behandler almindelige sp\u00f8rgsm\u00e5l om forskellen mellem Bitcoin-roulette og traditionel roulette, skr\u00e6ddersyet til spillere, der s\u00f8ger klarhed om emnet.<\/p>\n<h3><span class=\"ez-toc-section\" id=\"What_are_the_distinctive_features_of_Bitcoin_roulette_compared_to_traditional_roulette\"><\/span>Hvad kendetegner Bitcoin-rouletten i forhold til traditionel roulette?<span class=\"ez-toc-section-end\"><\/span><\/h3>\n<p>Bitcoin-roulette fungerer p\u00e5 samme m\u00e5de som traditionel roulette, n\u00e5r det g\u00e6lder gameplay. Den prim\u00e6re forskel ligger i brugen af Bitcoin som valuta, hvilket ofte muligg\u00f8r hurtigere transaktionstider og forbedret anonymitet for spillerne.<\/p>\n<h3><span class=\"ez-toc-section\" id=\"Can_you_use_Bitcoin_to_play_any_version_of_roulette\"><\/span>Kan du bruge Bitcoin til at spille en hvilken som helst version af roulette?<span class=\"ez-toc-section-end\"><\/span><\/h3>\n<p>De fleste Bitcoin-casinoer tilbyder en r\u00e6kke forskellige rouletteversioner, herunder amerikansk, europ\u00e6isk og fransk roulette. Spillere kan placere indsatser med Bitcoin p\u00e5 tv\u00e6rs af disse forskellige versioner, afh\u00e6ngigt af casinoets tilbud.<\/p>\n<h3><span class=\"ez-toc-section\" id=\"What_advantages_do_Bitcoin_casinos_offer_for_roulette_players\"><\/span>Hvilke fordele tilbyder Bitcoin-casinoer for roulette-spillere?<span class=\"ez-toc-section-end\"><\/span><\/h3>\n<p>Bitcoin-casinoer giver ofte spillerne fordele som lavere transaktionsgebyrer, beviseligt fair spil og muligheden for at spille og h\u00e6ve penge uden behov for personlige finansielle oplysninger.<\/p>\n<h3><span class=\"ez-toc-section\" id=\"How_does_the_integration_of_Bitcoin_affect_the_gameplay_of_roulette\"><\/span>Hvordan p\u00e5virker integrationen af Bitcoin roulette-spillet?<span class=\"ez-toc-section-end\"><\/span><\/h3>\n<p>Integrationen af Bitcoin \u00e6ndrer typisk ikke det grundl\u00e6ggende gameplay i roulette. Men det kan give mulighed for hurtigere indsats- og udbetalingsprocesser, hvilket \u00f8ger det generelle tempo i spillet.<\/p>\n<h3><span class=\"ez-toc-section\" id=\"Are_there_any_unique_betting_options_available_in_Bitcoin_roulette\"><\/span>Er der nogle unikke spilmuligheder i Bitcoin roulette?<span class=\"ez-toc-section-end\"><\/span><\/h3>\n<p>Bitcoin-roulette tilbyder generelt de samme indsatsmuligheder som almindelig roulette. Nogle Bitcoin-casinoer kan dog introducere unikke kampagner eller v\u00e6ddem\u00e5l for at tiltr\u00e6kke et bredere publikum af kryptovaluta-entusiaster.<\/p>\n<h3><span class=\"ez-toc-section\" id=\"What_should_players_know_about_the_security_of_Bitcoin_roulette_games\"><\/span>Hvad b\u00f8r spillere vide om sikkerheden i Bitcoin-roulette-spil?<span class=\"ez-toc-section-end\"><\/span><\/h3>\n<p>Sikkerheden ved Bitcoin-roulette afh\u00e6nger b\u00e5de af robustheden af den kryptografiske teknologi bag Bitcoin og af de sikkerhedsforanstaltninger, som det enkelte casino har implementeret. Det er vigtigt for spillere at verificere casinoets trov\u00e6rdighed og fairness i spillene.<\/p>","protected":false},"excerpt":{"rendered":"<p>Ansvarsfraskrivelse: Spil indeb\u00e6rer en betydelig \u00f8konomisk risiko. Spil kun med penge, som du har r\u00e5d til at tabe. Oplysningerne nedenfor er kun til informationsform\u00e5l. Vi kan blive betalt en kommission, hvis du tilmelder dig og taber penge p\u00e5 et af de f\u00f8lgende kasinoer. Ikke alle kasinoer er tilg\u00e6ngelige i alle lande. Alle oplysninger, vi [...]<\/p>","protected":false},"author":1,"featured_media":4599,"parent":4440,"menu_order":0,"comment_status":"closed","ping_status":"closed","template":"","meta":{"_genesis_hide_title":false,"_genesis_hide_breadcrumbs":false,"_genesis_hide_singular_image":false,"_genesis_hide_footer_widgets":false,"_genesis_custom_body_class":"","_genesis_custom_post_class":"","_genesis_layout":"","_glsr_average":0,"_glsr_ranking":0,"_glsr_reviews":0,"footnotes":""},"class_list":{"0":"post-4595","1":"page","2":"type-page","3":"status-publish","4":"has-post-thumbnail","6":"entry"},"featured_image_src":"https:\/\/coinkickoff.com\/wp-content\/uploads\/v2-3dgz8-pee1q-600x400.jpg","featured_image_src_square":"https:\/\/coinkickoff.com\/wp-content\/uploads\/v2-3dgz8-pee1q-600x600.jpg","_links":{"self":[{"href":"https:\/\/coinkickoff.com\/da\/wp-json\/wp\/v2\/pages\/4595","targetHints":{"allow":["GET"]}}],"collection":[{"href":"https:\/\/coinkickoff.com\/da\/wp-json\/wp\/v2\/pages"}],"about":[{"href":"https:\/\/coinkickoff.com\/da\/wp-json\/wp\/v2\/types\/page"}],"author":[{"embeddable":true,"href":"https:\/\/coinkickoff.com\/da\/wp-json\/wp\/v2\/users\/1"}],"replies":[{"embeddable":true,"href":"https:\/\/coinkickoff.com\/da\/wp-json\/wp\/v2\/comments?post=4595"}],"version-history":[{"count":3,"href":"https:\/\/coinkickoff.com\/da\/wp-json\/wp\/v2\/pages\/4595\/revisions"}],"predecessor-version":[{"id":4602,"href":"https:\/\/coinkickoff.com\/da\/wp-json\/wp\/v2\/pages\/4595\/revisions\/4602"}],"up":[{"embeddable":true,"href":"https:\/\/coinkickoff.com\/da\/wp-json\/wp\/v2\/pages\/4440"}],"wp:featuredmedia":[{"embeddable":true,"href":"https:\/\/coinkickoff.com\/da\/wp-json\/wp\/v2\/media\/4599"}],"wp:attachment":[{"href":"https:\/\/coinkickoff.com\/da\/wp-json\/wp\/v2\/media?parent=4595"}],"curies":[{"name":"wp","href":"https:\/\/api.w.org\/{rel}","templated":true}]}}