{"id":4585,"date":"2026-01-08T14:07:59","date_gmt":"2026-01-08T14:07:59","guid":{"rendered":"https:\/\/coinkickoff.com\/?page_id=4585"},"modified":"2026-01-08T14:07:59","modified_gmt":"2026-01-08T14:07:59","slug":"how-is-bitcoin-blackjack-different","status":"publish","type":"page","link":"https:\/\/coinkickoff.com\/da\/bitcoin-casino\/how-is-bitcoin-blackjack-different\/","title":{"rendered":"Hvordan adskiller Bitcoin-blackjack sig fra almindelig blackjack?"},"content":{"rendered":"<p><em>Ansvarsfraskrivelse: Spil indeb\u00e6rer en betydelig \u00f8konomisk risiko. Spil kun med penge, som du har r\u00e5d til at tabe. Oplysningerne nedenfor er kun til informationsform\u00e5l. Vi kan blive betalt en kommission, hvis du tilmelder dig og taber penge p\u00e5 noget af det f\u00f8lgende <a href=\"https:\/\/coinkickoff.com\/da\/bitcoin-casino\/\" data-internallinksmanager029f6b8e52c=\"200\" title=\"De 3 bedste Bitcoin-kryptokasinoer med bonusser\">kasinoer<\/a>. Ikke alle casinoer er tilg\u00e6ngelige i alle lande. Alle oplysninger, som vi troede var korrekte p\u00e5 tidspunktet for offentligg\u00f8relsen, kan v\u00e6re \u00e6ndret siden.<\/em><\/p>\n<div id=\"ez-toc-container\" class=\"ez-toc-v2_0_80 counter-hierarchy ez-toc-counter ez-toc-transparent ez-toc-container-direction\">\n<div class=\"ez-toc-title-container\">\n<p class=\"ez-toc-title\" style=\"cursor:inherit\">Sektioner<\/p>\n<span class=\"ez-toc-title-toggle\"><a href=\"#\" class=\"ez-toc-pull-right ez-toc-btn ez-toc-btn-xs ez-toc-btn-default ez-toc-toggle\" aria-label=\"Toggle indholdsfortegnelse\"><span class=\"ez-toc-js-icon-con\"><span class=\"\"><span class=\"eztoc-hide\" style=\"display:none;\">Toggle<\/span><span class=\"ez-toc-icon-toggle-span\"><svg style=\"fill: #999;color:#999\" xmlns=\"http:\/\/www.w3.org\/2000\/svg\" class=\"list-377408\" width=\"20px\" height=\"20px\" viewbox=\"0 0 24 24\" fill=\"none\"><path d=\"M6 6H4v2h2V6zm14 0H8v2h12V6zM4 11h2v2H4v-2zm16 0H8v2h12v-2zM4 16h2v2H4v-2zm16 0H8v2h12v-2z\" fill=\"currentColor\"><\/path><\/svg><svg style=\"fill: #999;color:#999\" class=\"arrow-unsorted-368013\" xmlns=\"http:\/\/www.w3.org\/2000\/svg\" width=\"10px\" height=\"10px\" viewbox=\"0 0 24 24\" version=\"1.2\" baseprofile=\"tiny\"><path d=\"M18.2 9.3l-6.2-6.3-6.2 6.3c-.2.2-.3.4-.3.7s.1.5.3.7c.2.2.4.3.7.3h11c.3 0 .5-.1.7-.3.2-.2.3-.5.3-.7s-.1-.5-.3-.7zM5.8 14.7l6.2 6.3 6.2-6.3c.2-.2.3-.5.3-.7s-.1-.5-.3-.7c-.2-.2-.4-.3-.7-.3h-11c-.3 0-.5.1-.7.3-.2.2-.3.5-.3.7s.1.5.3.7z\"\/><\/svg><\/span><\/span><\/span><\/a><\/span><\/div>\n<nav><ul class='ez-toc-list ez-toc-list-level-1 eztoc-toggle-hide-by-default' ><li class='ez-toc-page-1 ez-toc-heading-level-2'><a class=\"ez-toc-link ez-toc-heading-1\" href=\"https:\/\/coinkickoff.com\/da\/bitcoin-casino\/how-is-bitcoin-blackjack-different\/#Fundamentals_of_Bitcoin_Blackjack\" >Grundl\u00e6ggende om Bitcoin Blackjack<\/a><ul class='ez-toc-list-level-3' ><li class='ez-toc-heading-level-3'><a class=\"ez-toc-link ez-toc-heading-2\" href=\"https:\/\/coinkickoff.com\/da\/bitcoin-casino\/how-is-bitcoin-blackjack-different\/#Definition_and_Operation\" >Definition og funktion<\/a><\/li><li class='ez-toc-page-1 ez-toc-heading-level-3'><a class=\"ez-toc-link ez-toc-heading-3\" href=\"https:\/\/coinkickoff.com\/da\/bitcoin-casino\/how-is-bitcoin-blackjack-different\/#Key_Differences_From_Traditional_Blackjack\" >Vigtige forskelle fra traditionel blackjack<\/a><\/li><\/ul><\/li><li class='ez-toc-page-1 ez-toc-heading-level-2'><a class=\"ez-toc-link ez-toc-heading-4\" href=\"https:\/\/coinkickoff.com\/da\/bitcoin-casino\/how-is-bitcoin-blackjack-different\/#Gameplay_Specifics\" >Specifikationer for gameplay<\/a><ul class='ez-toc-list-level-3' ><li class='ez-toc-heading-level-3'><a class=\"ez-toc-link ez-toc-heading-5\" href=\"https:\/\/coinkickoff.com\/da\/bitcoin-casino\/how-is-bitcoin-blackjack-different\/#Digital_Transactions_in_Gameplay\" >Digitale transaktioner i spil<\/a><\/li><li class='ez-toc-page-1 ez-toc-heading-level-3'><a class=\"ez-toc-link ez-toc-heading-6\" href=\"https:\/\/coinkickoff.com\/da\/bitcoin-casino\/how-is-bitcoin-blackjack-different\/#Use_of_Provably_Fair_Algorithms\" >Brug af beviseligt retf\u00e6rdige algoritmer<\/a><\/li><li class='ez-toc-page-1 ez-toc-heading-level-3'><a class=\"ez-toc-link ez-toc-heading-7\" href=\"https:\/\/coinkickoff.com\/da\/bitcoin-casino\/how-is-bitcoin-blackjack-different\/#Privacy_and_Anonymity_Aspects\" >Privatlivs- og anonymitetsaspekter<\/a><\/li><\/ul><\/li><li class='ez-toc-page-1 ez-toc-heading-level-2'><a class=\"ez-toc-link ez-toc-heading-8\" href=\"https:\/\/coinkickoff.com\/da\/bitcoin-casino\/how-is-bitcoin-blackjack-different\/#Considerations_for_Players\" >Overvejelser for spillere<\/a><ul class='ez-toc-list-level-3' ><li class='ez-toc-heading-level-3'><a class=\"ez-toc-link ez-toc-heading-9\" href=\"https:\/\/coinkickoff.com\/da\/bitcoin-casino\/how-is-bitcoin-blackjack-different\/#Volatility_of_Bitcoin_Value\" >Volatilitet af Bitcoin-v\u00e6rdi<\/a><\/li><li class='ez-toc-page-1 ez-toc-heading-level-3'><a class=\"ez-toc-link ez-toc-heading-10\" href=\"https:\/\/coinkickoff.com\/da\/bitcoin-casino\/how-is-bitcoin-blackjack-different\/#Legal_and_Regulatory_Implications\" >Juridiske og lovgivningsm\u00e6ssige implikationer<\/a><\/li><li class='ez-toc-page-1 ez-toc-heading-level-3'><a class=\"ez-toc-link ez-toc-heading-11\" href=\"https:\/\/coinkickoff.com\/da\/bitcoin-casino\/how-is-bitcoin-blackjack-different\/#Security_and_Trustworthiness\" >Sikkerhed og trov\u00e6rdighed<\/a><\/li><\/ul><\/li><li class='ez-toc-page-1 ez-toc-heading-level-2'><a class=\"ez-toc-link ez-toc-heading-12\" href=\"https:\/\/coinkickoff.com\/da\/bitcoin-casino\/how-is-bitcoin-blackjack-different\/#Frequently_Asked_Questions\" >Ofte stillede sp\u00f8rgsm\u00e5l<\/a><ul class='ez-toc-list-level-3' ><li class='ez-toc-heading-level-3'><a class=\"ez-toc-link ez-toc-heading-13\" href=\"https:\/\/coinkickoff.com\/da\/bitcoin-casino\/how-is-bitcoin-blackjack-different\/#What_are_the_differences_in_transaction_methods_between_Bitcoin_Blackjack_and_traditional_Blackjack\" >Hvilke forskelle er der i transaktionsmetoderne mellem Bitcoin Blackjack og traditionel Blackjack?<\/a><\/li><li class='ez-toc-page-1 ez-toc-heading-level-3'><a class=\"ez-toc-link ez-toc-heading-14\" href=\"https:\/\/coinkickoff.com\/da\/bitcoin-casino\/how-is-bitcoin-blackjack-different\/#Does_the_use_of_Bitcoin_in_Blackjack_affect_game_anonymity\" >P\u00e5virker brugen af Bitcoin i Blackjack spillets anonymitet?<\/a><\/li><li class='ez-toc-page-1 ez-toc-heading-level-3'><a class=\"ez-toc-link ez-toc-heading-15\" href=\"https:\/\/coinkickoff.com\/da\/bitcoin-casino\/how-is-bitcoin-blackjack-different\/#Are_there_any_variations_in_game_rules_for_Blackjack_when_playing_with_Bitcoin\" >Er der nogen variationer i spillereglerne for Blackjack, n\u00e5r man spiller med Bitcoin?<\/a><\/li><li class='ez-toc-page-1 ez-toc-heading-level-3'><a class=\"ez-toc-link ez-toc-heading-16\" href=\"https:\/\/coinkickoff.com\/da\/bitcoin-casino\/how-is-bitcoin-blackjack-different\/#How_do_the_odds_or_payouts_differ_in_Bitcoin_Blackjack_compared_to_regular_Blackjack\" >Hvordan adskiller odds eller udbetalinger sig i Bitcoin Blackjack i forhold til almindelig Blackjack?<\/a><\/li><li class='ez-toc-page-1 ez-toc-heading-level-3'><a class=\"ez-toc-link ez-toc-heading-17\" href=\"https:\/\/coinkickoff.com\/da\/bitcoin-casino\/how-is-bitcoin-blackjack-different\/#What_security_measures_are_unique_to_Bitcoin_Blackjack_games\" >Hvilke sikkerhedsforanstaltninger er unikke for Bitcoin Blackjack-spil?<\/a><\/li><li class='ez-toc-page-1 ez-toc-heading-level-3'><a class=\"ez-toc-link ez-toc-heading-18\" href=\"https:\/\/coinkickoff.com\/da\/bitcoin-casino\/how-is-bitcoin-blackjack-different\/#Can_Bitcoin_Blackjack_be_played_from_regions_where_traditional_online_gambling_is_restricted\" >Kan Bitcoin Blackjack spilles fra regioner, hvor traditionelt onlinespil er begr\u00e6nset?<\/a><\/li><\/ul><\/li><\/ul><\/nav><\/div>\n<h2><span class=\"ez-toc-section\" id=\"Fundamentals_of_Bitcoin_Blackjack\"><\/span>Grundl\u00e6ggende om Bitcoin Blackjack<span class=\"ez-toc-section-end\"><\/span><\/h2>\n<p><img decoding=\"async\" src=\"https:\/\/coinkickoff.com\/wp-content\/uploads\/v2-3dgvp-hoj5o.jpg\" alt=\"\"><\/p>\n<p><a href=\"https:\/\/coinkickoff.com\/da\/bitcoin-casino\/how-to-play-crypto-blackjack\/\" data-internallinksmanager029f6b8e52c=\"204\" title=\"S\u00e5dan spiller du crypto-blackjack: mestring af spillet online\">Bitcoin Blackjack<\/a> integrerer teknologien bag kryptovalutaer med det traditionelle blackjack-spil og tilbyder unikke funktioner, der tager h\u00f8jde for aktuelle teknologiske tendenser.<\/p>\n<h3><span class=\"ez-toc-section\" id=\"Definition_and_Operation\"><\/span>Definition og funktion<span class=\"ez-toc-section-end\"><\/span><\/h3>\n<p>Bitcoin Blackjack er en digital variant af det traditionelle casinospil, der spilles med Bitcoin, en form for digital valuta. Spillere kan placere indsatser, modtage udbetalinger og gennemf\u00f8re alle finansielle transaktioner ved hj\u00e6lp af Bitcoin. Operationen er baseret p\u00e5 blockchain, hvilket sikrer gennemsigtighed og sikkerhed. N\u00f8glekomponenterne omfatter:<\/p>\n<ul>\n<li>Bitcoin Tegneb\u00f8ger: Spillere bruger disse til at indbetale og udbetale penge.<\/li>\n<li>Beviseligt retf\u00e6rdig teknologi: Giver spillerne mulighed for at verificere fairness i hver deal eller h\u00e5nd.<\/li>\n<\/ul>\n<h3><span class=\"ez-toc-section\" id=\"Key_Differences_From_Traditional_Blackjack\"><\/span>Vigtige forskelle fra traditionel blackjack<span class=\"ez-toc-section-end\"><\/span><\/h3>\n<p>Sammenlignet med sit traditionelle modstykke har Bitcoin Blackjack markante forskelle:<\/p>\n<p><strong>Finansielle transaktioner<\/strong>: Bitcoin Blackjack garanterer \u00f8jeblikkelige ind- og udbetalinger uden om de traditionelle bankprocesser og gebyrer.<\/p>\n<p><strong>Anonymitet<\/strong>: Spillere nyder ofte st\u00f8rre privatliv, da Bitcoin-transaktioner ikke kr\u00e6ver personlige oplysninger i samme grad som fiat-valutaer.<\/p>\n<p><strong>Global adgang<\/strong>: Da Bitcoin ikke er bundet til en centralbank, kan spillere fra forskellige jurisdiktioner deltage uden at v\u00e6re begr\u00e6nset af lokale spillelovgivninger.<\/p>\n<p><strong>Fairness i spillet<\/strong>: Brugen af blockchain-teknologi giver et beviseligt retf\u00e6rdigt system, s\u00e5 spillerne kan verificere tilf\u00e6ldigheden og retf\u00e6rdigheden i hver spillerunde.<\/p>\n<h2><span class=\"ez-toc-section\" id=\"Gameplay_Specifics\"><\/span>Specifikationer for gameplay<span class=\"ez-toc-section-end\"><\/span><\/h2>\n<p><img decoding=\"async\" src=\"https:\/\/coinkickoff.com\/wp-content\/uploads\/v2-3dgw4-jjeu5.jpg\" alt=\"\"><\/p>\n<p>Inden for onlinespil medf\u00f8rer Bitcoin Blackjack bem\u00e6rkelsesv\u00e6rdige \u00e6ndringer i transaktionsprocesser og sikkerhedsprotokoller, hvilket forbedrer spilleroplevelsen p\u00e5 forskellige m\u00e5der.<\/p>\n<h3><span class=\"ez-toc-section\" id=\"Digital_Transactions_in_Gameplay\"><\/span>Digitale transaktioner i spil<span class=\"ez-toc-section-end\"><\/span><\/h3>\n<p>Bitcoin Blackjack giver mulighed for at bruge kryptovaluta til indsatser og udbetalinger. Spillerne skal <strong>depositum Bitcoin<\/strong> i deres casino-pung for at begynde, og <a href=\"https:\/\/coinkickoff.com\/da\/bitcoin-casino\/cash-in-bitcoin-casino-winnings\/\" data-internallinksmanager029f6b8e52c=\"211\" title=\"S\u00e5dan indl\u00f8ser du Bitcoin-kasinogevinster: En trin-for-trin-guide\">gevinster<\/a> er <strong>udbetalt i Bitcoin<\/strong>og sikrer typisk hurtigere transaktionstider end traditionel valuta.<\/p>\n<h3><span class=\"ez-toc-section\" id=\"Use_of_Provably_Fair_Algorithms\"><\/span>Brug af beviseligt retf\u00e6rdige algoritmer<span class=\"ez-toc-section-end\"><\/span><\/h3>\n<p>Teknologien bag Bitcoin Blackjack anvender <strong>beviseligt retf\u00e6rdige algoritmer<\/strong>hvilket sikrer gennemsigtighed og retf\u00e6rdighed. Spillerne modtager krypterede hashes af de kort, der bruges, og efter spillet kan de verificere, at de uddelte kort faktisk var tilf\u00e6ldige, ved at bruge disse trin:<\/p>\n<ol>\n<li>Modtag den krypterede hash, f\u00f8r spillet starter.<\/li>\n<li>L\u00e6g m\u00e6rke til kortets udfald under spillet.<\/li>\n<li>Brug algoritmen efter spillet til at afkode hashen og sammenligne den med spillets resultat.<\/li>\n<\/ol>\n<h3><span class=\"ez-toc-section\" id=\"Privacy_and_Anonymity_Aspects\"><\/span>Privatlivs- og anonymitetsaspekter<span class=\"ez-toc-section-end\"><\/span><\/h3>\n<p>Bitcoin-transaktioner kr\u00e6ver ikke personlige oplysninger, hvilket giver \u00f8get privatliv. Spillere kan deltage i Blackjack-spil uden at afsl\u00f8re f\u00f8lsomme data, hvilket tiltr\u00e6kker personer, der prioriterer <em>Anonymitet<\/em> i online-aktiviteter.<\/p>\n<h2><span class=\"ez-toc-section\" id=\"Considerations_for_Players\"><\/span>Overvejelser for spillere<span class=\"ez-toc-section-end\"><\/span><\/h2>\n<p><img decoding=\"async\" src=\"https:\/\/coinkickoff.com\/wp-content\/uploads\/v2-3dgws-32uf3.jpg\" alt=\"\"><\/p>\n<p>N\u00e5r spillere skifter fra traditionel blackjack til Bitcoin blackjack, skal de v\u00e6re opm\u00e6rksomme p\u00e5 faktorer som kryptovalutaens volatilitet, juridiske aspekter og onlineplatformenes sikkerhedsforanstaltninger.<\/p>\n<h3><span class=\"ez-toc-section\" id=\"Volatility_of_Bitcoin_Value\"><\/span>Volatilitet af Bitcoin-v\u00e6rdi<span class=\"ez-toc-section-end\"><\/span><\/h3>\n<p><strong>Bitcoin's pris svinger<\/strong> betydeligt, hvilket kan p\u00e5virke det bel\u00f8b, spillerne satser. For eksempel:<\/p>\n<ul>\n<li><strong>N\u00e5r Bitcoin's v\u00e6rdi stiger<\/strong>: En indsats p\u00e5 0,01 BTC kan v\u00e6re $50 v\u00e6rd den ene dag og $100 den n\u00e6ste.<\/li>\n<li><strong>N\u00e5r Bitcoin's v\u00e6rdi falder<\/strong>: Gevinster kan miste v\u00e6rdi, n\u00e5r de tr\u00e6kkes ud, hvilket p\u00e5virker den samlede rentabilitet.<\/li>\n<\/ul>\n<h3><span class=\"ez-toc-section\" id=\"Legal_and_Regulatory_Implications\"><\/span>Juridiske og lovgivningsm\u00e6ssige implikationer<span class=\"ez-toc-section-end\"><\/span><\/h3>\n<p>Forskellige jurisdiktioner har forskellige love vedr\u00f8rende <strong>spil p\u00e5 kryptovaluta<\/strong>. Spillerne b\u00f8r overveje:<\/p>\n<ul>\n<li><strong>Lovlighed<\/strong>: I nogle regioner er det lovligt at bruge Bitcoin til blackjack, mens det i andre enten er reguleret eller forbudt.<\/li>\n<li><strong>Skattem\u00e6ssige konsekvenser<\/strong>: Gevinster i Bitcoin kan have en anden skattebehandling end traditionel valuta, hvilket kr\u00e6ver ekstra due diligence.<\/li>\n<\/ul>\n<h3><span class=\"ez-toc-section\" id=\"Security_and_Trustworthiness\"><\/span>Sikkerhed og trov\u00e6rdighed<span class=\"ez-toc-section-end\"><\/span><\/h3>\n<p>Det er vigtigt at v\u00e6lge en trov\u00e6rdig Bitcoin blackjack-udbyder. Spillere b\u00f8r kigge efter:<\/p>\n<ul>\n<li><strong>Gennemsigtig drift<\/strong>: Anerkendte sider giver klar information om deres spils fairness og deres driftslicenser.<\/li>\n<li><strong>Sikkerhedsforanstaltninger<\/strong>: Tilstr\u00e6kkelig beskyttelse som <strong>to-faktor-godkendelse<\/strong> og <strong>SSL-kryptering<\/strong> beskytte spillernes penge og personlige data.<\/li>\n<\/ul>\n<h2><span class=\"ez-toc-section\" id=\"Frequently_Asked_Questions\"><\/span>Ofte stillede sp\u00f8rgsm\u00e5l<span class=\"ez-toc-section-end\"><\/span><\/h2>\n<p><img decoding=\"async\" src=\"https:\/\/coinkickoff.com\/wp-content\/uploads\/v2-3dgx9-wx3hk.jpg\" alt=\"\"><\/p>\n<p>De f\u00f8lgende underafsnit behandler almindelige sp\u00f8rgsm\u00e5l om forskellene mellem Bitcoin Blackjack og dets traditionelle modstykke, med fokus p\u00e5 transaktionsforskelle, anonymitet, spilleregler, odds, sikkerhedsforanstaltninger og tilg\u00e6ngelighed.<\/p>\n<h3><span class=\"ez-toc-section\" id=\"What_are_the_differences_in_transaction_methods_between_Bitcoin_Blackjack_and_traditional_Blackjack\"><\/span>Hvilke forskelle er der i transaktionsmetoderne mellem Bitcoin Blackjack og traditionel Blackjack?<span class=\"ez-toc-section-end\"><\/span><\/h3>\n<p>Bitcoin Blackjack bruger kryptovalutaer, prim\u00e6rt Bitcoin, til indsatser og udbetalinger, hvilket muligg\u00f8r hurtigere transaktioner og ofte reducerede behandlingsgebyrer. Traditionel blackjack er typisk afh\u00e6ngig af fiat-valutaer, der behandles gennem forskellige betalingssystemer som kreditkort, bankoverf\u00f8rsler eller e-wallets.<\/p>\n<h3><span class=\"ez-toc-section\" id=\"Does_the_use_of_Bitcoin_in_Blackjack_affect_game_anonymity\"><\/span>P\u00e5virker brugen af Bitcoin i Blackjack spillets anonymitet?<span class=\"ez-toc-section-end\"><\/span><\/h3>\n<p>At spille blackjack med Bitcoin kan give \u00f8get anonymitet, da transaktioner ikke kr\u00e6ver personlige finansielle oplysninger. Spillere skal dog v\u00e6re opm\u00e6rksomme p\u00e5, at fuldst\u00e6ndig anonymitet muligvis ikke kan garanteres p\u00e5 grund af platformspolitikker eller lovkrav.<\/p>\n<h3><span class=\"ez-toc-section\" id=\"Are_there_any_variations_in_game_rules_for_Blackjack_when_playing_with_Bitcoin\"><\/span>Er der nogen variationer i spillereglerne for Blackjack, n\u00e5r man spiller med Bitcoin?<span class=\"ez-toc-section-end\"><\/span><\/h3>\n<p>De grundl\u00e6ggende regler for blackjack forbliver u\u00e6ndrede i Bitcoin Blackjack. Spillernes m\u00e5l er at sl\u00e5 dealeren ved at komme t\u00e6ttere p\u00e5 en total p\u00e5 21 uden at overskride den. Ikke desto mindre kan nogle Bitcoin-casinoer tilbyde unikke variationer eller sidev\u00e6ddem\u00e5l, der er specifikke for deres platform.<\/p>\n<h3><span class=\"ez-toc-section\" id=\"How_do_the_odds_or_payouts_differ_in_Bitcoin_Blackjack_compared_to_regular_Blackjack\"><\/span>Hvordan adskiller odds eller udbetalinger sig i Bitcoin Blackjack i forhold til almindelig Blackjack?<span class=\"ez-toc-section-end\"><\/span><\/h3>\n<p>Odds og udbetalinger i Bitcoin Blackjack er typisk de samme som i traditionel Blackjack, og f\u00f8lger standard casino praksis. Men Bitcoin-casinoer kan tilbyde mere attraktive odds eller bonusudbetalinger for at lokke spillere til at bruge kryptovalutaer.<\/p>\n<h3><span class=\"ez-toc-section\" id=\"What_security_measures_are_unique_to_Bitcoin_Blackjack_games\"><\/span>Hvilke sikkerhedsforanstaltninger er unikke for Bitcoin Blackjack-spil?<span class=\"ez-toc-section-end\"><\/span><\/h3>\n<p>Bitcoin Blackjack indeholder blockchain-teknologi, der sikrer decentraliseret transaktionsbekr\u00e6ftelse og forbedret sikkerhed. Nogle casinoer tilbyder ogs\u00e5 beviseligt retf\u00e6rdige algoritmer, s\u00e5 spillerne kan verificere retf\u00e6rdigheden af hver h\u00e5nd, efter den er spillet.<\/p>\n<h3><span class=\"ez-toc-section\" id=\"Can_Bitcoin_Blackjack_be_played_from_regions_where_traditional_online_gambling_is_restricted\"><\/span>Kan Bitcoin Blackjack spilles fra regioner, hvor traditionelt onlinespil er begr\u00e6nset?<span class=\"ez-toc-section-end\"><\/span><\/h3>\n<p>Bitcoin Blackjack kan nogle gange tilg\u00e5s fra jurisdiktioner, hvor traditionelt onlinespil er underlagt restriktioner p\u00e5 grund af Bitcoin's decentraliserede natur. Spillere b\u00f8r dog v\u00e6re opm\u00e6rksomme p\u00e5 lokale love, da reglerne kan variere meget og \u00e6ndre sig over tid.<\/p>","protected":false},"excerpt":{"rendered":"<p>Ansvarsfraskrivelse: Spil indeb\u00e6rer en betydelig \u00f8konomisk risiko. Spil kun med penge, som du har r\u00e5d til at tabe. Oplysningerne nedenfor er kun til informationsform\u00e5l. Vi kan blive betalt en kommission, hvis du tilmelder dig og taber penge p\u00e5 et af de f\u00f8lgende kasinoer. Ikke alle kasinoer er tilg\u00e6ngelige i alle lande. Alle oplysninger, vi [...]<\/p>","protected":false},"author":1,"featured_media":4586,"parent":4440,"menu_order":0,"comment_status":"closed","ping_status":"closed","template":"","meta":{"_genesis_hide_title":false,"_genesis_hide_breadcrumbs":false,"_genesis_hide_singular_image":false,"_genesis_hide_footer_widgets":false,"_genesis_custom_body_class":"","_genesis_custom_post_class":"","_genesis_layout":"","_glsr_average":0,"_glsr_ranking":0,"_glsr_reviews":0,"footnotes":""},"class_list":{"0":"post-4585","1":"page","2":"type-page","3":"status-publish","4":"has-post-thumbnail","6":"entry"},"featured_image_src":"https:\/\/coinkickoff.com\/wp-content\/uploads\/v2-3dgvp-hoj5o-600x400.jpg","featured_image_src_square":"https:\/\/coinkickoff.com\/wp-content\/uploads\/v2-3dgvp-hoj5o-600x600.jpg","_links":{"self":[{"href":"https:\/\/coinkickoff.com\/da\/wp-json\/wp\/v2\/pages\/4585","targetHints":{"allow":["GET"]}}],"collection":[{"href":"https:\/\/coinkickoff.com\/da\/wp-json\/wp\/v2\/pages"}],"about":[{"href":"https:\/\/coinkickoff.com\/da\/wp-json\/wp\/v2\/types\/page"}],"author":[{"embeddable":true,"href":"https:\/\/coinkickoff.com\/da\/wp-json\/wp\/v2\/users\/1"}],"replies":[{"embeddable":true,"href":"https:\/\/coinkickoff.com\/da\/wp-json\/wp\/v2\/comments?post=4585"}],"version-history":[{"count":3,"href":"https:\/\/coinkickoff.com\/da\/wp-json\/wp\/v2\/pages\/4585\/revisions"}],"predecessor-version":[{"id":4592,"href":"https:\/\/coinkickoff.com\/da\/wp-json\/wp\/v2\/pages\/4585\/revisions\/4592"}],"up":[{"embeddable":true,"href":"https:\/\/coinkickoff.com\/da\/wp-json\/wp\/v2\/pages\/4440"}],"wp:featuredmedia":[{"embeddable":true,"href":"https:\/\/coinkickoff.com\/da\/wp-json\/wp\/v2\/media\/4586"}],"wp:attachment":[{"href":"https:\/\/coinkickoff.com\/da\/wp-json\/wp\/v2\/media?parent=4585"}],"curies":[{"name":"wp","href":"https:\/\/api.w.org\/{rel}","templated":true}]}}