{"id":4575,"date":"2026-01-08T14:08:04","date_gmt":"2026-01-08T14:08:04","guid":{"rendered":"https:\/\/coinkickoff.com\/?page_id=4575"},"modified":"2026-01-08T14:08:04","modified_gmt":"2026-01-08T14:08:04","slug":"how-are-bitcoin-casinos-different","status":"publish","type":"page","link":"https:\/\/coinkickoff.com\/da\/bitcoin-casino\/how-are-bitcoin-casinos-different\/","title":{"rendered":"Hvordan adskiller Bitcoin-kasinoer sig fra traditionelle kasinoer?"},"content":{"rendered":"<p><em>Ansvarsfraskrivelse: Spil indeb\u00e6rer en betydelig \u00f8konomisk risiko. Spil kun med penge, som du har r\u00e5d til at tabe. Oplysningerne nedenfor er kun til informationsform\u00e5l. Vi kan blive betalt en kommission, hvis du tilmelder dig og taber penge p\u00e5 noget af det f\u00f8lgende <a href=\"https:\/\/coinkickoff.com\/da\/bitcoin-casino\/\" data-internallinksmanager029f6b8e52c=\"200\" title=\"De 3 bedste Bitcoin-kryptokasinoer med bonusser\">kasinoer<\/a>. Ikke alle casinoer er tilg\u00e6ngelige i alle lande. Alle oplysninger, som vi troede var korrekte p\u00e5 tidspunktet for offentligg\u00f8relsen, kan v\u00e6re \u00e6ndret siden.<\/em><\/p>\n<div id=\"ez-toc-container\" class=\"ez-toc-v2_0_80 counter-hierarchy ez-toc-counter ez-toc-transparent ez-toc-container-direction\">\n<div class=\"ez-toc-title-container\">\n<p class=\"ez-toc-title\" style=\"cursor:inherit\">Sektioner<\/p>\n<span class=\"ez-toc-title-toggle\"><a href=\"#\" class=\"ez-toc-pull-right ez-toc-btn ez-toc-btn-xs ez-toc-btn-default ez-toc-toggle\" aria-label=\"Toggle indholdsfortegnelse\"><span class=\"ez-toc-js-icon-con\"><span class=\"\"><span class=\"eztoc-hide\" style=\"display:none;\">Toggle<\/span><span class=\"ez-toc-icon-toggle-span\"><svg style=\"fill: #999;color:#999\" xmlns=\"http:\/\/www.w3.org\/2000\/svg\" class=\"list-377408\" width=\"20px\" height=\"20px\" viewbox=\"0 0 24 24\" fill=\"none\"><path d=\"M6 6H4v2h2V6zm14 0H8v2h12V6zM4 11h2v2H4v-2zm16 0H8v2h12v-2zM4 16h2v2H4v-2zm16 0H8v2h12v-2z\" fill=\"currentColor\"><\/path><\/svg><svg style=\"fill: #999;color:#999\" class=\"arrow-unsorted-368013\" xmlns=\"http:\/\/www.w3.org\/2000\/svg\" width=\"10px\" height=\"10px\" viewbox=\"0 0 24 24\" version=\"1.2\" baseprofile=\"tiny\"><path d=\"M18.2 9.3l-6.2-6.3-6.2 6.3c-.2.2-.3.4-.3.7s.1.5.3.7c.2.2.4.3.7.3h11c.3 0 .5-.1.7-.3.2-.2.3-.5.3-.7s-.1-.5-.3-.7zM5.8 14.7l6.2 6.3 6.2-6.3c.2-.2.3-.5.3-.7s-.1-.5-.3-.7c-.2-.2-.4-.3-.7-.3h-11c-.3 0-.5.1-.7.3-.2.2-.3.5-.3.7s.1.5.3.7z\"\/><\/svg><\/span><\/span><\/span><\/a><\/span><\/div>\n<nav><ul class='ez-toc-list ez-toc-list-level-1 eztoc-toggle-hide-by-default' ><li class='ez-toc-page-1 ez-toc-heading-level-2'><a class=\"ez-toc-link ez-toc-heading-1\" href=\"https:\/\/coinkickoff.com\/da\/bitcoin-casino\/how-are-bitcoin-casinos-different\/#Fundamental_Differences_Between_Bitcoin_and_Traditional_Casinos\" >Grundl\u00e6ggende forskelle mellem Bitcoin og traditionelle casinoer<\/a><ul class='ez-toc-list-level-3' ><li class='ez-toc-heading-level-3'><a class=\"ez-toc-link ez-toc-heading-2\" href=\"https:\/\/coinkickoff.com\/da\/bitcoin-casino\/how-are-bitcoin-casinos-different\/#Currency_Used_for_Transactions\" >Valuta brugt til transaktioner<\/a><\/li><li class='ez-toc-page-1 ez-toc-heading-level-3'><a class=\"ez-toc-link ez-toc-heading-3\" href=\"https:\/\/coinkickoff.com\/da\/bitcoin-casino\/how-are-bitcoin-casinos-different\/#Operational_Transparency\" >Operationel gennemsigtighed<\/a><\/li><li class='ez-toc-page-1 ez-toc-heading-level-3'><a class=\"ez-toc-link ez-toc-heading-4\" href=\"https:\/\/coinkickoff.com\/da\/bitcoin-casino\/how-are-bitcoin-casinos-different\/#Legal_and_Regulatory_Landscape\" >Juridisk og lovgivningsm\u00e6ssigt landskab<\/a><\/li><\/ul><\/li><li class='ez-toc-page-1 ez-toc-heading-level-2'><a class=\"ez-toc-link ez-toc-heading-5\" href=\"https:\/\/coinkickoff.com\/da\/bitcoin-casino\/how-are-bitcoin-casinos-different\/#Technological_Aspects_of_Bitcoin_Casinos\" >Teknologiske aspekter af Bitcoin-kasinoer<\/a><ul class='ez-toc-list-level-3' ><li class='ez-toc-heading-level-3'><a class=\"ez-toc-link ez-toc-heading-6\" href=\"https:\/\/coinkickoff.com\/da\/bitcoin-casino\/how-are-bitcoin-casinos-different\/#Blockchain_Technology_Implementation\" >Implementering af blockchain-teknologi<\/a><\/li><li class='ez-toc-page-1 ez-toc-heading-level-3'><a class=\"ez-toc-link ez-toc-heading-7\" href=\"https:\/\/coinkickoff.com\/da\/bitcoin-casino\/how-are-bitcoin-casinos-different\/#Provably_Fair_Gaming_Mechanisms\" >Beviseligt retf\u00e6rdige spilmekanismer<\/a><\/li><li class='ez-toc-page-1 ez-toc-heading-level-3'><a class=\"ez-toc-link ez-toc-heading-8\" href=\"https:\/\/coinkickoff.com\/da\/bitcoin-casino\/how-are-bitcoin-casinos-different\/#Anonymity_and_Security_Features\" >Anonymitet og sikkerhedsfunktioner<\/a><\/li><\/ul><\/li><li class='ez-toc-page-1 ez-toc-heading-level-2'><a class=\"ez-toc-link ez-toc-heading-9\" href=\"https:\/\/coinkickoff.com\/da\/bitcoin-casino\/how-are-bitcoin-casinos-different\/#User_Experience_in_Bitcoin_versus_Regular_Casinos\" >Brugeroplevelse i Bitcoin versus almindelige casinoer<\/a><ul class='ez-toc-list-level-3' ><li class='ez-toc-heading-level-3'><a class=\"ez-toc-link ez-toc-heading-10\" href=\"https:\/\/coinkickoff.com\/da\/bitcoin-casino\/how-are-bitcoin-casinos-different\/#Account_Funding_and_Withdrawal_Process\" >Processen for kontofinansiering og udbetaling<\/a><\/li><li class='ez-toc-page-1 ez-toc-heading-level-3'><a class=\"ez-toc-link ez-toc-heading-11\" href=\"https:\/\/coinkickoff.com\/da\/bitcoin-casino\/how-are-bitcoin-casinos-different\/#Bonuses_and_Incentives\" >Bonusser og incitamenter<\/a><\/li><li class='ez-toc-page-1 ez-toc-heading-level-3'><a class=\"ez-toc-link ez-toc-heading-12\" href=\"https:\/\/coinkickoff.com\/da\/bitcoin-casino\/how-are-bitcoin-casinos-different\/#Geographical_Accessibility_and_Restrictions\" >Geografisk tilg\u00e6ngelighed og begr\u00e6nsninger<\/a><\/li><\/ul><\/li><li class='ez-toc-page-1 ez-toc-heading-level-2'><a class=\"ez-toc-link ez-toc-heading-13\" href=\"https:\/\/coinkickoff.com\/da\/bitcoin-casino\/how-are-bitcoin-casinos-different\/#Frequently_Asked_Questions\" >Ofte stillede sp\u00f8rgsm\u00e5l<\/a><ul class='ez-toc-list-level-3' ><li class='ez-toc-heading-level-3'><a class=\"ez-toc-link ez-toc-heading-14\" href=\"https:\/\/coinkickoff.com\/da\/bitcoin-casino\/how-are-bitcoin-casinos-different\/#What_factors_make_crypto_casinos_more_advantageous_than_traditional_ones\" >Hvilke faktorer g\u00f8r kryptokasinoer mere fordelagtige end traditionelle?<\/a><\/li><li class='ez-toc-page-1 ez-toc-heading-level-3'><a class=\"ez-toc-link ez-toc-heading-15\" href=\"https:\/\/coinkickoff.com\/da\/bitcoin-casino\/how-are-bitcoin-casinos-different\/#Are_there_any_risks_associated_with_using_Bitcoin_for_online_gambling\" >Er der nogen risici forbundet med at bruge Bitcoin til onlinespil?<\/a><\/li><li class='ez-toc-page-1 ez-toc-heading-level-3'><a class=\"ez-toc-link ez-toc-heading-16\" href=\"https:\/\/coinkickoff.com\/da\/bitcoin-casino\/how-are-bitcoin-casinos-different\/#How_do_the_security_measures_in_Bitcoin_casinos_compare_to_those_in_traditional_casinos\" >Hvordan er sikkerhedsforanstaltningerne i Bitcoin-kasinoer sammenlignet med dem i traditionelle kasinoer?<\/a><\/li><li class='ez-toc-page-1 ez-toc-heading-level-3'><a class=\"ez-toc-link ez-toc-heading-17\" href=\"https:\/\/coinkickoff.com\/da\/bitcoin-casino\/how-are-bitcoin-casinos-different\/#Can_players_expect_provably_fair_gaming_in_Bitcoin_casinos\" >Kan spillere forvente beviseligt fair spil p\u00e5 Bitcoin-casinoer?<\/a><\/li><li class='ez-toc-page-1 ez-toc-heading-level-3'><a class=\"ez-toc-link ez-toc-heading-18\" href=\"https:\/\/coinkickoff.com\/da\/bitcoin-casino\/how-are-bitcoin-casinos-different\/#What_are_the_unique_benefits_of_gambling_with_Bitcoin\" >Hvad er de unikke fordele ved at spille med Bitcoin?<\/a><\/li><li class='ez-toc-page-1 ez-toc-heading-level-3'><a class=\"ez-toc-link ez-toc-heading-19\" href=\"https:\/\/coinkickoff.com\/da\/bitcoin-casino\/how-are-bitcoin-casinos-different\/#How_does_the_regulatory_landscape_for_Bitcoin_casinos_differ_from_traditional_gambling_venues\" >Hvordan adskiller lovgivningen for Bitcoin-kasinoer sig fra traditionelle spillesteder?<\/a><\/li><\/ul><\/li><\/ul><\/nav><\/div>\n<h2><span class=\"ez-toc-section\" id=\"Fundamental_Differences_Between_Bitcoin_and_Traditional_Casinos\"><\/span>Grundl\u00e6ggende forskelle mellem Bitcoin og traditionelle casinoer<span class=\"ez-toc-section-end\"><\/span><\/h2>\n<p><img decoding=\"async\" src=\"https:\/\/coinkickoff.com\/wp-content\/uploads\/v2-3dgrx-7h0pa.jpg\" alt=\"\"><\/p>\n<p><a href=\"https:\/\/coinkickoff.com\/da\/bitcoin-btc\/\" data-internallinksmanager029f6b8e52c=\"1\" title=\"Hvad er Bitcoin (BTC)? Pris, historie og hvor kan man k\u00f8be\">Bitcoin<\/a> casinoer og traditionelle casinoer adskiller sig prim\u00e6rt med hensyn til valuta, grad af gennemsigtighed og de lovgivningsm\u00e6ssige rammer, de opererer inden for.<\/p>\n<h3><span class=\"ez-toc-section\" id=\"Currency_Used_for_Transactions\"><\/span>Valuta brugt til transaktioner<span class=\"ez-toc-section-end\"><\/span><\/h3>\n<p><strong>Bitcoin Kasinoer:<\/strong> Transaktioner udf\u00f8res ved hj\u00e6lp af kryptovalutaer, s\u00e5som Bitcoin, <a href=\"https:\/\/coinkickoff.com\/da\/ethereum-eth\/\" data-internallinksmanager029f6b8e52c=\"2\" title=\"Hvad er Ethereum (ETH)? Pris, historie og hvor kan man k\u00f8be\">Ethereum<\/a>eller andre altcoins. Disse digitale valutaer letter anonyme transaktioner, ofte med lavere gebyrer og hurtigere behandlingstider sammenlignet med fiat-valutaer.<\/p>\n<ul>\n<li><strong>Anonymitet:<\/strong> Brugere kan handle uden at afsl\u00f8re personlige oplysninger.<\/li>\n<li><strong>Gebyrer:<\/strong> Ofte lavere end dem, der er forbundet med kreditkort eller bankoverf\u00f8rsler.<\/li>\n<li><strong>Hastighed:<\/strong> Transaktioner behandles hurtigt, nogle gange inden for f\u00e5 minutter.<\/li>\n<\/ul>\n<p><strong>Traditionelle kasinoer:<\/strong> Disse virksomheder bruger typisk fiat-valutaer som USD, EUR eller GBP til alle transaktioner. Denne traditionelle bankvirksomhed indeb\u00e6rer detaljeret bogf\u00f8ring og identitetsbekr\u00e6ftelse.<\/p>\n<ul>\n<li><strong>Personlige data:<\/strong> Transaktioner kr\u00e6ver offentligg\u00f8relse af personlige oplysninger.<\/li>\n<li><strong>Gebyrer:<\/strong> Der kan v\u00e6re h\u00f8jere gebyrer for transaktioner.<\/li>\n<li><strong>Behandlingstider:<\/strong> Det kan tage dage, f\u00f8r pengene er overf\u00f8rt eller klar.<\/li>\n<\/ul>\n<h3><span class=\"ez-toc-section\" id=\"Operational_Transparency\"><\/span>Operationel gennemsigtighed<span class=\"ez-toc-section-end\"><\/span><\/h3>\n<p><strong>Bitcoin Kasinoer:<\/strong> De har en tendens til at tilbyde h\u00f8jere grad af gennemsigtighed p\u00e5 grund af blockchain-teknologien, der underst\u00f8tter kryptovaluta-transaktioner. Blockchain giver en offentlig, uforanderlig <a href=\"https:\/\/coinkickoff.com\/da\/what-is-ledger-wallet\/\" data-internallinksmanager029f6b8e52c=\"167\" title=\"Ledger Wallet Anmeldelser 2023: Afgifter, funktioner, sikkerhed, fordele og ulemper\">Hovedbog<\/a>Det g\u00f8r transaktionshistorikken let tilg\u00e6ngelig og reviderbar.<\/p>\n<ul>\n<li><strong>Det kan godt lade sig g\u00f8re:<\/strong> Nogle Bitcoin-casinoer bruger \"Provably Fair\"-algoritmer, s\u00e5 spillerne kan verificere, at hvert spilresultat er retf\u00e6rdigt.<\/li>\n<\/ul>\n<p><strong>Traditionelle kasinoer:<\/strong> Gennemsigtighed er reguleret af spillemyndighederne, men de interne funktioner og spilalgoritmer er typisk ikke tilg\u00e6ngelige for offentlig revision eller verifikation.<\/p>\n<ul>\n<li><strong>Reguleret retf\u00e6rdighed:<\/strong> Spillets retf\u00e6rdighed er certificeret af regulerende organer, men detaljerede mekanismer i softwaren er ikke offentligt tilg\u00e6ngelige.<\/li>\n<\/ul>\n<h3><span class=\"ez-toc-section\" id=\"Legal_and_Regulatory_Landscape\"><\/span>Juridisk og lovgivningsm\u00e6ssigt landskab<span class=\"ez-toc-section-end\"><\/span><\/h3>\n<p><strong>Bitcoin Kasinoer:<\/strong> De opererer i en lovgivningsm\u00e6ssig ramme, der er under hastig udvikling. Mange regioner har endnu ikke defineret en klar lovgivning for brugen af kryptovalutaer i spil, hvilket f\u00f8rer til et kludet\u00e6ppe af krav til overholdelse.<\/p>\n<ul>\n<li><strong>Variabel regulering:<\/strong> Den juridiske status kan hurtigt \u00e6ndre sig, og compliance varierer fra jurisdiktion til jurisdiktion.<\/li>\n<li><strong>Global adgang:<\/strong> Ofte tilg\u00e6ngelig i hele verden, afh\u00e6ngigt af lokal lovgivning.<\/li>\n<\/ul>\n<p><strong>Traditionelle kasinoer:<\/strong> Under streng regulering af etablerede statslige organer verden over. De er underlagt strenge love og regler, som styrer deres licenser, driftspraksis og finansielle rapportering.<\/p>\n<ul>\n<li><strong>Strengt opsyn:<\/strong> Overholdelse af mange juridiske og finansielle bestemmelser er obligatorisk.<\/li>\n<li><strong>Geografiske begr\u00e6nsninger:<\/strong> Typisk bundet til at operere inden for deres licensudstedende myndigheds jurisdiktion.<\/li>\n<\/ul>\n<h2><span class=\"ez-toc-section\" id=\"Technological_Aspects_of_Bitcoin_Casinos\"><\/span>Teknologiske aspekter af Bitcoin-kasinoer<span class=\"ez-toc-section-end\"><\/span><\/h2>\n<p><img decoding=\"async\" src=\"https:\/\/coinkickoff.com\/wp-content\/uploads\/v2-3dgss-o0d7k.jpg\" alt=\"\"><\/p>\n<p>Bitcoin-casinoer udm\u00e6rker sig ved avanceret teknologi, der giver \u00f8get sikkerhed, retf\u00e6rdighed og gennemsigtighed. Dette teknologiske forspring er tydeligt i den m\u00e5de, de h\u00e5ndterer transaktioner, verificerer retf\u00e6rdighed og bevarer privatlivets fred.<\/p>\n<h3><span class=\"ez-toc-section\" id=\"Blockchain_Technology_Implementation\"><\/span>Implementering af blockchain-teknologi<span class=\"ez-toc-section-end\"><\/span><\/h3>\n<p><strong>Bitcoin-kasinoer<\/strong> bruger blockchain-teknologi til at lette kryptovaluta-transaktioner. Den <strong>blockchain<\/strong> er en decentraliseret hovedbog, der registrerer alle transaktioner p\u00e5 tv\u00e6rs af et netv\u00e6rk af computere. Det sikrer, at:<\/p>\n<ul>\n<li><strong>Transaktioner<\/strong> er <strong>gennemsigtig<\/strong> og <strong>uforanderlig<\/strong>.<\/li>\n<li>Spillere kan indbetale og udbetale <strong>bitcoins<\/strong> direkte, <strong>eliminerer behovet for tredjeparts bankinstitutioner<\/strong>.<\/li>\n<\/ul>\n<h3><span class=\"ez-toc-section\" id=\"Provably_Fair_Gaming_Mechanisms\"><\/span>Beviseligt retf\u00e6rdige spilmekanismer<span class=\"ez-toc-section-end\"><\/span><\/h3>\n<p>Beviseligt fair spil er et kendetegn for Bitcoin casinoer. Dette system anvender kryptografiske algoritmer til at sikre fairness i hvert spil. De vigtigste punkter er:<\/p>\n<ul>\n<li>Det giver spillerne mulighed for at <strong>verificere tilf\u00e6ldigheden<\/strong> af spillets udfald.<\/li>\n<li>Kasinoer giver en <strong>hash-n\u00f8gle<\/strong> som kan analyseres efter kampen for at bekr\u00e6fte spillets retf\u00e6rdighed.<\/li>\n<\/ul>\n<h3><span class=\"ez-toc-section\" id=\"Anonymity_and_Security_Features\"><\/span>Anonymitet og sikkerhedsfunktioner<span class=\"ez-toc-section-end\"><\/span><\/h3>\n<p>Bitcoin-casinoer tilbyder \u00f8get <strong>Anonymitet<\/strong> og <strong>sikkerhed<\/strong>. De implementerer forskellige funktioner, der beskytter b\u00e5de spillerens identitet og penge, f.eks:<\/p>\n<ul>\n<li><strong>To-faktor-godkendelse (2FA)<\/strong> til sikring af brugerkonti.<\/li>\n<li><strong>Minimal personlig information<\/strong> kr\u00e6ves til oprettelse af konto, bevaring af bruger <strong>Anonymitet<\/strong>.<\/li>\n<\/ul>\n<h2><span class=\"ez-toc-section\" id=\"User_Experience_in_Bitcoin_versus_Regular_Casinos\"><\/span>Brugeroplevelse i Bitcoin versus almindelige casinoer<span class=\"ez-toc-section-end\"><\/span><\/h2>\n<p><img decoding=\"async\" src=\"https:\/\/coinkickoff.com\/wp-content\/uploads\/v2-3dgt7-n76he.jpg\" alt=\"\"><\/p>\n<p>Brugeroplevelsen i Bitcoin-casinoer tilbyder forskellige funktioner sammenlignet med traditionelle casinoer, is\u00e6r med hensyn til kontoadministration, bonusser og global tilg\u00e6ngelighed.<\/p>\n<h3><span class=\"ez-toc-section\" id=\"Account_Funding_and_Withdrawal_Process\"><\/span>Processen for kontofinansiering og udbetaling<span class=\"ez-toc-section-end\"><\/span><\/h3>\n<p>Bitcoin-kasinoer giver brugerne mulighed for at <strong>indbetale p\u00e5 deres konti<\/strong> direkte ved hj\u00e6lp af kryptovalutaer, hvilket typisk resulterer i <em>hurtigere transaktionstider<\/em> og <em>lavere gebyrer<\/em> end almindelige casinoer, der er afh\u00e6ngige af traditionelle bankmetoder.<\/p>\n<p><strong>Tilbagetr\u00e6kningstider<\/strong>er omvendt ogs\u00e5 normalt <strong>hurtigere<\/strong> p\u00e5 Bitcoin-casinoer p\u00e5 grund af det eliminerede behov for bankbehandlingstider. Disse kasinoer kan ofte prale af en <strong>\u00f8jeblikkelig eller n\u00e6sten \u00f8jeblikkelig udbetaling<\/strong> Det st\u00e5r i kontrast til de forsinkede behandlingstider, man ofte finder p\u00e5 almindelige casinoer.<\/p>\n<h3><span class=\"ez-toc-section\" id=\"Bonuses_and_Incentives\"><\/span>Bonusser og incitamenter<span class=\"ez-toc-section-end\"><\/span><\/h3>\n<p>Strukturen af <strong>bonusser og incitamenter<\/strong> kan variere betydeligt. Bitcoin casinoer kan tilbyde:<\/p>\n<ul>\n<li>H\u00f8jere <strong>Velkomstbonusser<\/strong><\/li>\n<li><strong>Loyalitetsbel\u00f8nninger<\/strong> i form af Bitcoin eller andre kryptovalutaer<\/li>\n<\/ul>\n<p>Traditionelle casinoer tilbyder ofte en r\u00e6kke bonusser, men de kan m\u00e5ske ikke matche de lukrative tilbud, der findes p\u00e5 Bitcoin-casinoer p\u00e5 grund af de lavere transaktions- og driftsomkostninger ved digitale valutaer.<\/p>\n<h3><span class=\"ez-toc-section\" id=\"Geographical_Accessibility_and_Restrictions\"><\/span>Geografisk tilg\u00e6ngelighed og begr\u00e6nsninger<span class=\"ez-toc-section-end\"><\/span><\/h3>\n<p>Bitcoin-kasinoer tilbyder generelt en <strong>h\u00f8jere grad af tilg\u00e6ngelighed<\/strong> da de ikke er underlagt de samme lovgivningsm\u00e6ssige begr\u00e6nsninger, som g\u00e6lder for almindelige casinoer.<\/p>\n<ul>\n<li>Operationer i <strong>flere jurisdiktioner<\/strong> uden behov for lokal bankinfrastruktur<\/li>\n<li>Accepterer spillere fra <strong>regioner med strenge regler for spil<\/strong>, underlagt lokal lovgivning<\/li>\n<\/ul>\n<p>Brugere r\u00e5des dog til at blive <strong>informeret om deres lokale love<\/strong> for at sikre compliance, n\u00e5r de f\u00e5r adgang til Bitcoin-casinoer, selv med deres st\u00f8rre r\u00e6kkevidde.<\/p>\n<h2><span class=\"ez-toc-section\" id=\"Frequently_Asked_Questions\"><\/span>Ofte stillede sp\u00f8rgsm\u00e5l<span class=\"ez-toc-section-end\"><\/span><\/h2>\n<p><img decoding=\"async\" src=\"https:\/\/coinkickoff.com\/wp-content\/uploads\/v2-3dgtr-7frp8.jpg\" alt=\"\"><\/p>\n<p>I dette afsnit besvares ofte stillede sp\u00f8rgsm\u00e5l om forskellene mellem Bitcoin-kasinoer og traditionelle kasinoer for at give en klarere forst\u00e5else af de to.<\/p>\n<h3><span class=\"ez-toc-section\" id=\"What_factors_make_crypto_casinos_more_advantageous_than_traditional_ones\"><\/span>Hvilke faktorer g\u00f8r kryptokasinoer mere fordelagtige end traditionelle?<span class=\"ez-toc-section-end\"><\/span><\/h3>\n<p>Kryptokasinoer tilbyder unikke fordele, herunder \u00f8jeblikkelige transaktioner og reducerede transaktionsgebyrer. De giver ogs\u00e5 et h\u00f8jere niveau af anonymitet for brugerne, hvilket traditionelle kasinoer ikke kan matche p\u00e5 grund af deres afh\u00e6ngighed af bank- og personlige oplysninger.<\/p>\n<h3><span class=\"ez-toc-section\" id=\"Are_there_any_risks_associated_with_using_Bitcoin_for_online_gambling\"><\/span>Er der nogen risici forbundet med at bruge Bitcoin til onlinespil?<span class=\"ez-toc-section-end\"><\/span><\/h3>\n<p>Brugerne st\u00e5r over for visse risici s\u00e5som den h\u00f8je volatilitet i Bitcoin's v\u00e6rdi og potentielle sikkerhedstrusler som hacking. Derudover kan manglen p\u00e5 regulering v\u00e6re et tve\u00e6gget sv\u00e6rd, der giver b\u00e5de frihed og risiko.<\/p>\n<h3><span class=\"ez-toc-section\" id=\"How_do_the_security_measures_in_Bitcoin_casinos_compare_to_those_in_traditional_casinos\"><\/span>Hvordan er sikkerhedsforanstaltningerne i Bitcoin-kasinoer sammenlignet med dem i traditionelle kasinoer?<span class=\"ez-toc-section-end\"><\/span><\/h3>\n<p>Bitcoin-kasinoer implementerer typisk avancerede krypteringsteknologier og er bygget p\u00e5 sikre blockchain-netv\u00e6rk. Det st\u00e5r i kontrast til traditionelle casinoer, som er afh\u00e6ngige af konventionelle sikkerheds- og finanssystemer, der er s\u00e5rbare over for forskellige typer risici.<\/p>\n<h3><span class=\"ez-toc-section\" id=\"Can_players_expect_provably_fair_gaming_in_Bitcoin_casinos\"><\/span>Kan spillere forvente beviseligt fair spil p\u00e5 Bitcoin-casinoer?<span class=\"ez-toc-section-end\"><\/span><\/h3>\n<p>Mange Bitcoin-casinoer tilbyder beviseligt fair spil, hvilket giver spillerne mulighed for at verificere fairness i hvert spil gennem blockchain-teknologi. Dette er et niveau af gennemsigtighed, som traditionelle online gamblingsider m\u00e5ske ikke tilbyder.<\/p>\n<h3><span class=\"ez-toc-section\" id=\"What_are_the_unique_benefits_of_gambling_with_Bitcoin\"><\/span>Hvad er de unikke fordele ved at spille med Bitcoin?<span class=\"ez-toc-section-end\"><\/span><\/h3>\n<p>Spil med Bitcoin sikrer, at transaktioner forbliver diskrete og sikre p\u00e5 grund af brugen af blockchain-teknologi. Det giver ogs\u00e5 fordelen ved potentielt lavere gebyrer og sikrer, at spillerne kan spille uden geografiske begr\u00e6nsninger.<\/p>\n<h3><span class=\"ez-toc-section\" id=\"How_does_the_regulatory_landscape_for_Bitcoin_casinos_differ_from_traditional_gambling_venues\"><\/span>Hvordan adskiller lovgivningen for Bitcoin-kasinoer sig fra traditionelle spillesteder?<span class=\"ez-toc-section-end\"><\/span><\/h3>\n<p>Bitcoin-kasinoer opererer ofte i et mere dereguleret milj\u00f8, fordi kryptovalutaer ikke anerkendes som officiel valuta af mange regeringer. Dette st\u00e5r i kontrast til traditionelle kasinoer, som er underlagt strenge lovm\u00e6ssige rammer.<\/p>","protected":false},"excerpt":{"rendered":"<p>Ansvarsfraskrivelse: Spil indeb\u00e6rer en betydelig \u00f8konomisk risiko. Spil kun med penge, som du har r\u00e5d til at tabe. Oplysningerne nedenfor er kun til informationsform\u00e5l. Vi kan blive betalt en kommission, hvis du tilmelder dig og taber penge p\u00e5 et af de f\u00f8lgende kasinoer. Ikke alle kasinoer er tilg\u00e6ngelige i alle lande. Alle oplysninger, vi [...]<\/p>","protected":false},"author":1,"featured_media":4576,"parent":4440,"menu_order":0,"comment_status":"closed","ping_status":"closed","template":"","meta":{"_genesis_hide_title":false,"_genesis_hide_breadcrumbs":false,"_genesis_hide_singular_image":false,"_genesis_hide_footer_widgets":false,"_genesis_custom_body_class":"","_genesis_custom_post_class":"","_genesis_layout":"","_glsr_average":0,"_glsr_ranking":0,"_glsr_reviews":0,"footnotes":""},"class_list":{"0":"post-4575","1":"page","2":"type-page","3":"status-publish","4":"has-post-thumbnail","6":"entry"},"featured_image_src":"https:\/\/coinkickoff.com\/wp-content\/uploads\/v2-3dgrx-7h0pa-600x400.jpg","featured_image_src_square":"https:\/\/coinkickoff.com\/wp-content\/uploads\/v2-3dgrx-7h0pa-600x600.jpg","_links":{"self":[{"href":"https:\/\/coinkickoff.com\/da\/wp-json\/wp\/v2\/pages\/4575","targetHints":{"allow":["GET"]}}],"collection":[{"href":"https:\/\/coinkickoff.com\/da\/wp-json\/wp\/v2\/pages"}],"about":[{"href":"https:\/\/coinkickoff.com\/da\/wp-json\/wp\/v2\/types\/page"}],"author":[{"embeddable":true,"href":"https:\/\/coinkickoff.com\/da\/wp-json\/wp\/v2\/users\/1"}],"replies":[{"embeddable":true,"href":"https:\/\/coinkickoff.com\/da\/wp-json\/wp\/v2\/comments?post=4575"}],"version-history":[{"count":3,"href":"https:\/\/coinkickoff.com\/da\/wp-json\/wp\/v2\/pages\/4575\/revisions"}],"predecessor-version":[{"id":4582,"href":"https:\/\/coinkickoff.com\/da\/wp-json\/wp\/v2\/pages\/4575\/revisions\/4582"}],"up":[{"embeddable":true,"href":"https:\/\/coinkickoff.com\/da\/wp-json\/wp\/v2\/pages\/4440"}],"wp:featuredmedia":[{"embeddable":true,"href":"https:\/\/coinkickoff.com\/da\/wp-json\/wp\/v2\/media\/4576"}],"wp:attachment":[{"href":"https:\/\/coinkickoff.com\/da\/wp-json\/wp\/v2\/media?parent=4575"}],"curies":[{"name":"wp","href":"https:\/\/api.w.org\/{rel}","templated":true}]}}