{"id":4404,"date":"2026-01-08T14:07:11","date_gmt":"2026-01-08T14:07:11","guid":{"rendered":"https:\/\/coinkickoff.com\/?page_id=4404"},"modified":"2026-01-08T14:07:11","modified_gmt":"2026-01-08T14:07:11","slug":"how-to-buy-litecoin-on-kucoin","status":"publish","type":"page","link":"https:\/\/coinkickoff.com\/da\/how-to-buy-litecoin\/how-to-buy-litecoin-on-kucoin\/","title":{"rendered":"S\u00e5dan k\u00f8ber du Litecoin p\u00e5 Kucoin"},"content":{"rendered":"<div id=\"ez-toc-container\" class=\"ez-toc-v2_0_80 counter-hierarchy ez-toc-counter ez-toc-transparent ez-toc-container-direction\">\n<div class=\"ez-toc-title-container\">\n<p class=\"ez-toc-title\" style=\"cursor:inherit\">Sektioner<\/p>\n<span class=\"ez-toc-title-toggle\"><a href=\"#\" class=\"ez-toc-pull-right ez-toc-btn ez-toc-btn-xs ez-toc-btn-default ez-toc-toggle\" aria-label=\"Toggle indholdsfortegnelse\"><span class=\"ez-toc-js-icon-con\"><span class=\"\"><span class=\"eztoc-hide\" style=\"display:none;\">Toggle<\/span><span class=\"ez-toc-icon-toggle-span\"><svg style=\"fill: #999;color:#999\" xmlns=\"http:\/\/www.w3.org\/2000\/svg\" class=\"list-377408\" width=\"20px\" height=\"20px\" viewbox=\"0 0 24 24\" fill=\"none\"><path d=\"M6 6H4v2h2V6zm14 0H8v2h12V6zM4 11h2v2H4v-2zm16 0H8v2h12v-2zM4 16h2v2H4v-2zm16 0H8v2h12v-2z\" fill=\"currentColor\"><\/path><\/svg><svg style=\"fill: #999;color:#999\" class=\"arrow-unsorted-368013\" xmlns=\"http:\/\/www.w3.org\/2000\/svg\" width=\"10px\" height=\"10px\" viewbox=\"0 0 24 24\" version=\"1.2\" baseprofile=\"tiny\"><path d=\"M18.2 9.3l-6.2-6.3-6.2 6.3c-.2.2-.3.4-.3.7s.1.5.3.7c.2.2.4.3.7.3h11c.3 0 .5-.1.7-.3.2-.2.3-.5.3-.7s-.1-.5-.3-.7zM5.8 14.7l6.2 6.3 6.2-6.3c.2-.2.3-.5.3-.7s-.1-.5-.3-.7c-.2-.2-.4-.3-.7-.3h-11c-.3 0-.5.1-.7.3-.2.2-.3.5-.3.7s.1.5.3.7z\"\/><\/svg><\/span><\/span><\/span><\/a><\/span><\/div>\n<nav><ul class='ez-toc-list ez-toc-list-level-1 eztoc-toggle-hide-by-default' ><li class='ez-toc-page-1 ez-toc-heading-level-2'><a class=\"ez-toc-link ez-toc-heading-1\" href=\"https:\/\/coinkickoff.com\/da\/how-to-buy-litecoin\/how-to-buy-litecoin-on-kucoin\/#How_to_Buy_Litecoin_on_Kucoin\" >S\u00e5dan k\u00f8ber du Litecoin p\u00e5 Kucoin<\/a><\/li><li class='ez-toc-page-1 ez-toc-heading-level-2'><a class=\"ez-toc-link ez-toc-heading-2\" href=\"https:\/\/coinkickoff.com\/da\/how-to-buy-litecoin\/how-to-buy-litecoin-on-kucoin\/#A_Step-By-Step_Guide_on_How_to_Buy_Litecoin_on_Kucoin\" >En trin-for-trin-guide til, hvordan du k\u00f8ber Litecoin p\u00e5 Kucoin<\/a><ul class='ez-toc-list-level-3' ><li class='ez-toc-heading-level-3'><a class=\"ez-toc-link ez-toc-heading-3\" href=\"https:\/\/coinkickoff.com\/da\/how-to-buy-litecoin\/how-to-buy-litecoin-on-kucoin\/#1_Register_an_Account\" >1. Registrer en konto<\/a><\/li><li class='ez-toc-page-1 ez-toc-heading-level-3'><a class=\"ez-toc-link ez-toc-heading-4\" href=\"https:\/\/coinkickoff.com\/da\/how-to-buy-litecoin\/how-to-buy-litecoin-on-kucoin\/#2_Verify_Your_Account\" >2. Bekr\u00e6ft din konto<\/a><\/li><li class='ez-toc-page-1 ez-toc-heading-level-3'><a class=\"ez-toc-link ez-toc-heading-5\" href=\"https:\/\/coinkickoff.com\/da\/how-to-buy-litecoin\/how-to-buy-litecoin-on-kucoin\/#3_Deposit_Crypto\" >3. Indbetaling af krypto<\/a><\/li><li class='ez-toc-page-1 ez-toc-heading-level-3'><a class=\"ez-toc-link ez-toc-heading-6\" href=\"https:\/\/coinkickoff.com\/da\/how-to-buy-litecoin\/how-to-buy-litecoin-on-kucoin\/#4_Navigate_to_the_Relevant_Screen_to_Buy\" >4. Naviger til den relevante sk\u00e6rm for at k\u00f8be<\/a><ul class='ez-toc-list-level-4' ><li class='ez-toc-heading-level-4'><a class=\"ez-toc-link ez-toc-heading-7\" href=\"https:\/\/coinkickoff.com\/da\/how-to-buy-litecoin\/how-to-buy-litecoin-on-kucoin\/#Fast_Trade\" >Hurtig handel<\/a><\/li><li class='ez-toc-page-1 ez-toc-heading-level-4'><a class=\"ez-toc-link ez-toc-heading-8\" href=\"https:\/\/coinkickoff.com\/da\/how-to-buy-litecoin\/how-to-buy-litecoin-on-kucoin\/#Third-Party\" >Tredjepart<\/a><\/li><li class='ez-toc-page-1 ez-toc-heading-level-4'><a class=\"ez-toc-link ez-toc-heading-9\" href=\"https:\/\/coinkickoff.com\/da\/how-to-buy-litecoin\/how-to-buy-litecoin-on-kucoin\/#How_to_Buy_Litecoin_with_Crypto\" >S\u00e5dan k\u00f8ber du Litecoin med krypto<\/a><\/li><\/ul><\/li><\/ul><\/li><\/ul><\/nav><\/div>\n<h2><span class=\"ez-toc-section\" id=\"How_to_Buy_Litecoin_on_Kucoin\"><\/span><span style=\"font-weight: 400;\">S\u00e5dan k\u00f8ber du Litecoin p\u00e5 Kucoin<\/span><span class=\"ez-toc-section-end\"><\/span><\/h2>\n<p><span style=\"font-weight: 400;\">Hvis du har brug for vejledning i, hvordan du k\u00f8ber <a href=\"https:\/\/coinkickoff.com\/da\/litecoin-ltc\/\" data-internallinksmanager029f6b8e52c=\"21\" title=\"Hvad er Litecoin (LTC)? Pris, historie og hvor kan man k\u00f8be\">Litecoin<\/a> p\u00e5 <a href=\"https:\/\/coinkickoff.com\/da\/kucoin-review\/\" data-internallinksmanager029f6b8e52c=\"153\" title=\"KuCoin Anmeldelser 2023: Gebyrer, sikkerhed, fordele og ulemper: 2023: Gebyrer, sikkerhed, fordele og ulemper\">Kucoin<\/a>s\u00e5 er du kommet til det rette sted! Lad os se, hvordan man k\u00f8ber LTC p\u00e5 Kucoin i et par enkle trin.<\/span><\/p>\n<h2><span class=\"ez-toc-section\" id=\"A_Step-By-Step_Guide_on_How_to_Buy_Litecoin_on_Kucoin\"><\/span><span style=\"font-weight: 400;\">En trin-for-trin-guide til, hvordan du k\u00f8ber Litecoin p\u00e5 Kucoin<\/span><span class=\"ez-toc-section-end\"><\/span><\/h2>\n<h3><span class=\"ez-toc-section\" id=\"1_Register_an_Account\"><\/span><span style=\"font-weight: 400;\">1. Registrer en konto<\/span><span class=\"ez-toc-section-end\"><\/span><\/h3>\n<p><img loading=\"lazy\" decoding=\"async\" class=\"alignnone wp-image-3269 size-full\" src=\"https:\/\/coinkickoff.com\/wp-content\/uploads\/kucoin-register.png\" alt=\"k\u00f8be doge p\u00e5 kucoin register\" width=\"1421\" height=\"788\" srcset=\"https:\/\/coinkickoff.com\/wp-content\/uploads\/kucoin-register.png 1421w, https:\/\/coinkickoff.com\/wp-content\/uploads\/kucoin-register-300x166.png 300w, https:\/\/coinkickoff.com\/wp-content\/uploads\/kucoin-register-1024x568.png 1024w, https:\/\/coinkickoff.com\/wp-content\/uploads\/kucoin-register-768x426.png 768w, https:\/\/coinkickoff.com\/wp-content\/uploads\/kucoin-register-18x10.png 18w\" sizes=\"auto, (max-width: 1421px) 100vw, 1421px\" \/><\/p>\n<p><span style=\"font-weight: 400;\">G\u00e5 til <\/span><a href=\"https:\/\/www.kucoin.com\/r\/af\/rMJPV3B\" target=\"_blank\" rel=\"noopener\"><span style=\"font-weight: 400;\">Kucoin<\/span><\/a><span style=\"font-weight: 400;\"> hjemmeside og tilmeld dig med din e-mail eller dit telefonnummer.\u00a0<\/span><\/p>\n<h3><span class=\"ez-toc-section\" id=\"2_Verify_Your_Account\"><\/span><span style=\"font-weight: 400;\">2. Bekr\u00e6ft din konto<\/span><span class=\"ez-toc-section-end\"><\/span><\/h3>\n<p><span style=\"font-weight: 400;\">Hvis du ejer digitale aktiver, som du kan handle for Litecoin, beh\u00f8ver du ikke at bekr\u00e6fte din identitet. Du kan g\u00e5 til n\u00e6ste trin for at se, hvordan du indbetaler kryptoaktiver til Kucoin.<\/span><\/p>\n<p><span style=\"font-weight: 400;\">Hvis du ikke har nogen digitale aktiver endnu, er der ingen grund til bekymring! Identitetsbekr\u00e6ftelse er meget enkel og kan gennemf\u00f8res p\u00e5 f\u00e5 minutter.<\/span><\/p>\n<p><span style=\"font-weight: 400;\">Du vil se dit brugernavn \u00f8verst til h\u00f8jre p\u00e5 siden. Det f\u00f8rer dig til din brugerprofil.<\/span><\/p>\n<p><span style=\"font-weight: 400;\">G\u00e5 til fanen \"Identity Verification\" i din profil, og klik p\u00e5 \"Verify\" under \"Advanced Features\".<\/span><\/p>\n<p><img loading=\"lazy\" decoding=\"async\" class=\"alignnone wp-image-3272 size-full\" src=\"https:\/\/coinkickoff.com\/wp-content\/uploads\/kucoin-identity-verification.png\" alt=\"kucoin id-verifikation 1\" width=\"1420\" height=\"785\" srcset=\"https:\/\/coinkickoff.com\/wp-content\/uploads\/kucoin-identity-verification.png 1420w, https:\/\/coinkickoff.com\/wp-content\/uploads\/kucoin-identity-verification-300x166.png 300w, https:\/\/coinkickoff.com\/wp-content\/uploads\/kucoin-identity-verification-1024x566.png 1024w, https:\/\/coinkickoff.com\/wp-content\/uploads\/kucoin-identity-verification-768x425.png 768w, https:\/\/coinkickoff.com\/wp-content\/uploads\/kucoin-identity-verification-18x10.png 18w\" sizes=\"auto, (max-width: 1420px) 100vw, 1420px\" \/><\/p>\n<p><span style=\"font-weight: 400;\">Gennemf\u00f8relse af avanceret verifikation giver dig mulighed for at indbetale og h\u00e6ve fiat-penge p\u00e5 Kucoin. Det vil ogs\u00e5 \u00f8ge dine handels- og udbetalingsgr\u00e6nser betydeligt.<\/span><\/p>\n<p><span style=\"font-weight: 400;\">Verifikationssystemet er enkelt - du skal blot udfylde et sp\u00f8rgeskema med personlige oplysninger, uploade et offentligt udstedt ID til verifikation af dine oplysninger og gennemf\u00f8re ansigtsverifikationen.<\/span><\/p>\n<p><img loading=\"lazy\" decoding=\"async\" class=\"alignnone wp-image-3270 size-full\" src=\"https:\/\/coinkickoff.com\/wp-content\/uploads\/kucoin-id-verification-2.png\" alt=\"kucoin identitetskontrol 2\" width=\"1407\" height=\"706\" srcset=\"https:\/\/coinkickoff.com\/wp-content\/uploads\/kucoin-id-verification-2.png 1407w, https:\/\/coinkickoff.com\/wp-content\/uploads\/kucoin-id-verification-2-300x151.png 300w, https:\/\/coinkickoff.com\/wp-content\/uploads\/kucoin-id-verification-2-1024x514.png 1024w, https:\/\/coinkickoff.com\/wp-content\/uploads\/kucoin-id-verification-2-768x385.png 768w, https:\/\/coinkickoff.com\/wp-content\/uploads\/kucoin-id-verification-2-18x9.png 18w\" sizes=\"auto, (max-width: 1407px) 100vw, 1407px\" \/><\/p>\n<p><span style=\"font-weight: 400;\">Du kan bruge et nationalt ID-kort, k\u00f8rekort eller en passide til at bekr\u00e6fte dit ID. G\u00f8r dit ID-dokument klar, og klik p\u00e5 \"Accepter og forts\u00e6t.\"<\/span><\/p>\n<p><img loading=\"lazy\" decoding=\"async\" class=\"alignnone wp-image-3271 size-full\" src=\"https:\/\/coinkickoff.com\/wp-content\/uploads\/kucoin-id-verification-3.png\" alt=\"kucoin id-verifikation 3 \" width=\"1412\" height=\"789\" srcset=\"https:\/\/coinkickoff.com\/wp-content\/uploads\/kucoin-id-verification-3.png 1412w, https:\/\/coinkickoff.com\/wp-content\/uploads\/kucoin-id-verification-3-300x168.png 300w, https:\/\/coinkickoff.com\/wp-content\/uploads\/kucoin-id-verification-3-1024x572.png 1024w, https:\/\/coinkickoff.com\/wp-content\/uploads\/kucoin-id-verification-3-768x429.png 768w, https:\/\/coinkickoff.com\/wp-content\/uploads\/kucoin-id-verification-3-18x10.png 18w\" sizes=\"auto, (max-width: 1412px) 100vw, 1412px\" \/><\/p>\n<p><span style=\"font-weight: 400;\">Indtast dine oplysninger, og klik p\u00e5 \"N\u00e6ste\". F\u00f8lg instruktionerne p\u00e5 sk\u00e6rmen for at fuldf\u00f8re identitetsbekr\u00e6ftelsen.<\/span><\/p>\n<h3><span class=\"ez-toc-section\" id=\"3_Deposit_Crypto\"><\/span><span style=\"font-weight: 400;\">3. Indbetaling af krypto<\/span><span class=\"ez-toc-section-end\"><\/span><\/h3>\n<p><span style=\"font-weight: 400;\">Hvis du har digitale aktiver i en ekstern wallet, kan du overf\u00f8re dem til Kucoin og bytte dem til LTC p\u00e5 spotmarkedet. Hvis det ikke er en mulighed for dig, skal du forts\u00e6tte til n\u00e6ste trin for at se, hvordan du k\u00f8ber Litecoin med fiat-penge.<\/span><\/p>\n<p><span style=\"font-weight: 400;\">Klik p\u00e5 menuen \"Assets\" \u00f8verst til h\u00f8jre p\u00e5 websiden.<\/span><\/p>\n<p><img loading=\"lazy\" decoding=\"async\" class=\"alignnone wp-image-3273 size-full\" src=\"https:\/\/coinkickoff.com\/wp-content\/uploads\/kucoin-deposit.png\" alt=\"kucoin indskudsmidler 1\" width=\"1427\" height=\"758\" srcset=\"https:\/\/coinkickoff.com\/wp-content\/uploads\/kucoin-deposit.png 1427w, https:\/\/coinkickoff.com\/wp-content\/uploads\/kucoin-deposit-300x159.png 300w, https:\/\/coinkickoff.com\/wp-content\/uploads\/kucoin-deposit-1024x544.png 1024w, https:\/\/coinkickoff.com\/wp-content\/uploads\/kucoin-deposit-768x408.png 768w, https:\/\/coinkickoff.com\/wp-content\/uploads\/kucoin-deposit-18x10.png 18w\" sizes=\"auto, (max-width: 1427px) 100vw, 1427px\" \/><\/p>\n<p><span style=\"font-weight: 400;\">Du kan se alle dine saldi her. Klik p\u00e5 knappen \"Indbetaling\", og v\u00e6lg den digitale valuta, du vil overf\u00f8re til Kucoin.<\/span><\/p>\n<p><span style=\"font-weight: 400;\">For eksempel, hvis du gav <a href=\"https:\/\/coinkickoff.com\/da\/tether-usdt\/\" data-internallinksmanager029f6b8e52c=\"3\" title=\"Hvad er Tether (USDT)? Hvordan det virker og hvor kan man k\u00f8be det?\">USDT<\/a>Klik p\u00e5 USDT, og du vil f\u00e5 en QR-kode. Denne QR-kode repr\u00e6senterer din USDT-adresse p\u00e5 Kucoin. N\u00e5r du vil overf\u00f8re USDT til Kucoin, skal du bruge denne QR-kode som din udbetalingsadresse.<\/span><\/p>\n<p><span style=\"font-weight: 400;\">Brug aldrig en USDT wallet-adresse til at overf\u00f8re andre kryptovalutaer. Hver wallet-adresse er valutaspecifik: Du kan kun overf\u00f8re BTC til en <a href=\"https:\/\/coinkickoff.com\/da\/bitcoin-btc\/\" data-internallinksmanager029f6b8e52c=\"1\" title=\"Hvad er Bitcoin (BTC)? Pris, historie og hvor kan man k\u00f8be\">Bitcoin<\/a> adresse, ETH til en <a href=\"https:\/\/coinkickoff.com\/da\/ethereum-eth\/\" data-internallinksmanager029f6b8e52c=\"2\" title=\"Hvad er Ethereum (ETH)? Pris, historie og hvor kan man k\u00f8be\">Ethereum<\/a> adresse, <a href=\"https:\/\/coinkickoff.com\/da\/polkadot-dot\/\" data-internallinksmanager029f6b8e52c=\"12\" title=\"Hvad er Polkadot (DOT)? Hvordan virker det og hvor kan man k\u00f8be det?\">Polkadot<\/a> til en DOT-adresse, og s\u00e5 videre.<\/span><\/p>\n<h3><span class=\"ez-toc-section\" id=\"4_Navigate_to_the_Relevant_Screen_to_Buy\"><\/span><span style=\"font-weight: 400;\">4. Naviger til den relevante sk\u00e6rm for at k\u00f8be<\/span><span class=\"ez-toc-section-end\"><\/span><\/h3>\n<p><span style=\"font-weight: 400;\">Klik p\u00e5 menuen \"Buy Crypto\" p\u00e5 din startside. Du vil se flere muligheder, s\u00e5som \"Fast Trade\", \"P2P\" og \"Third-Party\".<\/span><\/p>\n<p><span style=\"font-weight: 400;\">Du kan ikke k\u00f8be Litecoin med P2P-transaktioner, men de to andre er fuldt funktionsdygtige og ret nemme at bruge.<\/span><\/p>\n<p><img loading=\"lazy\" decoding=\"async\" class=\"alignnone wp-image-3274 size-full\" src=\"https:\/\/coinkickoff.com\/wp-content\/uploads\/kucoin-buy-crypto.png\" alt=\"kucoin k\u00f8be sk\u00e6rm\" width=\"1418\" height=\"692\" srcset=\"https:\/\/coinkickoff.com\/wp-content\/uploads\/kucoin-buy-crypto.png 1418w, https:\/\/coinkickoff.com\/wp-content\/uploads\/kucoin-buy-crypto-300x146.png 300w, https:\/\/coinkickoff.com\/wp-content\/uploads\/kucoin-buy-crypto-1024x500.png 1024w, https:\/\/coinkickoff.com\/wp-content\/uploads\/kucoin-buy-crypto-768x375.png 768w, https:\/\/coinkickoff.com\/wp-content\/uploads\/kucoin-buy-crypto-18x9.png 18w\" sizes=\"auto, (max-width: 1418px) 100vw, 1418px\" \/><\/p>\n<p><span style=\"font-weight: 400;\">Den st\u00f8rste forskel mellem en hurtig handel og en tredjepartstransaktion er betalingsmetoden. Med hurtig handel kan du bruge dit kreditkort til at k\u00f8be Litecoin, og med tredjepart kan du bruge betalingsbehandlere som Simplex og Banxa.<\/span><\/p>\n<h4><span class=\"ez-toc-section\" id=\"Fast_Trade\"><\/span><span style=\"font-weight: 400;\">Hurtig handel<\/span><span class=\"ez-toc-section-end\"><\/span><\/h4>\n<p><span style=\"font-weight: 400;\">Indtast det bel\u00f8b, du vil investere, i kolonnen \"I want to spend\".<\/span><\/p>\n<h4><img loading=\"lazy\" decoding=\"async\" class=\"alignnone wp-image-3275 size-full\" style=\"font-family: Muli, sans-serif;\" src=\"https:\/\/coinkickoff.com\/wp-content\/uploads\/kucoin-buy-crypto-one-click.png\" alt=\"kucoin et klik k\u00f8b\" width=\"1421\" height=\"770\" srcset=\"https:\/\/coinkickoff.com\/wp-content\/uploads\/kucoin-buy-crypto-one-click.png 1421w, https:\/\/coinkickoff.com\/wp-content\/uploads\/kucoin-buy-crypto-one-click-300x163.png 300w, https:\/\/coinkickoff.com\/wp-content\/uploads\/kucoin-buy-crypto-one-click-1024x555.png 1024w, https:\/\/coinkickoff.com\/wp-content\/uploads\/kucoin-buy-crypto-one-click-768x416.png 768w, https:\/\/coinkickoff.com\/wp-content\/uploads\/kucoin-buy-crypto-one-click-18x10.png 18w\" sizes=\"auto, (max-width: 1421px) 100vw, 1421px\" \/><\/h4>\n<p><span style=\"font-weight: 400;\">Indstil kolonnen \"Receive\" til Litecoin.<\/span><\/p>\n<p><img loading=\"lazy\" decoding=\"async\" class=\"alignnone wp-image-3276 size-full\" src=\"https:\/\/coinkickoff.com\/wp-content\/uploads\/kucoin-select-paymnet-method.png\" alt=\"S\u00e5dan k\u00f8ber du Polygon p\u00e5 Kucoin\" width=\"1424\" height=\"794\" srcset=\"https:\/\/coinkickoff.com\/wp-content\/uploads\/kucoin-select-paymnet-method.png 1424w, https:\/\/coinkickoff.com\/wp-content\/uploads\/kucoin-select-paymnet-method-300x167.png 300w, https:\/\/coinkickoff.com\/wp-content\/uploads\/kucoin-select-paymnet-method-1024x571.png 1024w, https:\/\/coinkickoff.com\/wp-content\/uploads\/kucoin-select-paymnet-method-768x428.png 768w, https:\/\/coinkickoff.com\/wp-content\/uploads\/kucoin-select-paymnet-method-18x10.png 18w\" sizes=\"auto, (max-width: 1424px) 100vw, 1424px\" \/><\/p>\n<p><span style=\"font-weight: 400;\">Til sidst skal du tilf\u00f8je en betalingsmetode. Som du kan se, har du mulighed for at tilf\u00f8je et debet- eller kreditkort til din Kucoin-konto. N\u00e5r du har tilf\u00f8jet et kort, kan du bruge det til dine n\u00e6ste k\u00f8b.<\/span><\/p>\n<p><span style=\"font-weight: 400;\">Indtast dine kortoplysninger, og tryk p\u00e5 \"K\u00f8b LTC\". Du f\u00e5r en forh\u00e5ndsvisning af dine ordreoplysninger, herunder alle de gebyrer, der g\u00e6lder. Hvis det ser godt ud, skal du klikke p\u00e5 \"Bekr\u00e6ft\". Dit k\u00f8b vil blive gennemf\u00f8rt med det samme.<\/span><\/p>\n<p><span style=\"font-weight: 400;\">Hvad hvis du ikke kan bruge dit debet-\/kreditkort til at k\u00f8be Litecoin gennem Fast Trade? Det kan ske af flere \u00e5rsager, herunder restriktioner indf\u00f8rt af din bank og\/eller Fast Trade-fejl.<\/span><\/p>\n<p><span style=\"font-weight: 400;\">Alternativt kan du f\u00f8le dig utilpas med at efterlade dine kortoplysninger p\u00e5 Kucoin. Hvis det er tilf\u00e6ldet, kan du v\u00e6lge at k\u00f8be hos en tredjepart.<\/span><\/p>\n<h4><span class=\"ez-toc-section\" id=\"Third-Party\"><\/span><span style=\"font-weight: 400;\">Tredjepart<\/span><span class=\"ez-toc-section-end\"><\/span><\/h4>\n<p><span style=\"font-weight: 400;\">Tredjepartsk\u00f8b giver dig mulighed for at betale for dit k\u00f8b via uafh\u00e6ngige betalingskanaler. Disse betalingskanaler s\u00e6lger dig krypto til deres egne priser, som normalt er h\u00f8jere sammenlignet med priserne p\u00e5 spotmarkedet, men svarer til priserne p\u00e5 hurtig handel.<\/span><\/p>\n<p><img loading=\"lazy\" decoding=\"async\" class=\"alignnone wp-image-3278 size-full\" src=\"https:\/\/coinkickoff.com\/wp-content\/uploads\/kucoin-screenshot.png\" alt=\"S\u00e5dan k\u00f8ber du Cardano p\u00e5 Kucoin S\u00e5dan k\u00f8ber du polkadot p\u00e5 kucoin S\u00e5dan k\u00f8ber du Litecoin p\u00e5 Kucoin\" width=\"1436\" height=\"673\" srcset=\"https:\/\/coinkickoff.com\/wp-content\/uploads\/kucoin-screenshot.png 1436w, https:\/\/coinkickoff.com\/wp-content\/uploads\/kucoin-screenshot-300x141.png 300w, https:\/\/coinkickoff.com\/wp-content\/uploads\/kucoin-screenshot-1024x480.png 1024w, https:\/\/coinkickoff.com\/wp-content\/uploads\/kucoin-screenshot-768x360.png 768w, https:\/\/coinkickoff.com\/wp-content\/uploads\/kucoin-screenshot-18x8.png 18w\" sizes=\"auto, (max-width: 1436px) 100vw, 1436px\" \/><\/p>\n<p><span style=\"font-weight: 400;\">Tredjepartsk\u00f8bet er meget nemt at navigere i: Indtast det bel\u00f8b, du vil bruge, og v\u00e6lg Litecoin som den valuta, du vil modtage.<\/span><\/p>\n<p><span style=\"font-weight: 400;\">V\u00e6lg en betalingsmetode og en betalingsbehandler. Klik p\u00e5 \"Bekr\u00e6ft\" for at forts\u00e6tte.<\/span><\/p>\n<p><span style=\"font-weight: 400;\">P\u00e5 dette tidspunkt forlader du Kucoin-webstedet til betalingsprocessorwebstedet. Hvis du allerede har en konto, kan du gennemf\u00f8re transaktionen med det samme. Hvis du ikke har en konto, kan du hurtigt oprette den og afslutte din transaktion.\u00a0<\/span><\/p>\n<h4><span class=\"ez-toc-section\" id=\"How_to_Buy_Litecoin_with_Crypto\"><\/span><span style=\"font-weight: 400;\">S\u00e5dan k\u00f8ber du Litecoin med krypto<\/span><span class=\"ez-toc-section-end\"><\/span><\/h4>\n<p><span style=\"font-weight: 400;\">Endelig kan du k\u00f8be Litecoin p\u00e5 Kucoin-spotmarkedet med kryptovalutaer.\u00a0<\/span><\/p>\n<p><span style=\"font-weight: 400;\">P\u00e5 dit dashboard skal du v\u00e6lge menuen \"Trade\" og trykke p\u00e5 Spot Trading.\" Du vil se flere parringer p\u00e5 siden, f.eks. BTC\/USDT, ETH\/USDT, <a href=\"https:\/\/coinkickoff.com\/da\/dogecoin-doge\/\" data-internallinksmanager029f6b8e52c=\"14\" title=\"Hvad er Dogecoin (DOGE)? Hvordan det virker og hvor kan man k\u00f8be det?\">DOGE<\/a>\/USDT, og s\u00e5 videre.\u00a0<\/span><\/p>\n<p><span style=\"font-weight: 400;\">En stor del af alle kryptotransaktioner foreg\u00e5r i USDT, s\u00e5 du kan k\u00f8be og s\u00e6lge de fleste coins for USDT, inklusive Litecoin.\u00a0<\/span><\/p>\n<p><span style=\"font-weight: 400;\">Hvis du f.eks. har Polkadot, kan du m\u00e5ske ikke bytte den direkte til Litecoin, men du kan bytte den til USDT og derefter bruge USDT til at k\u00f8be LTC.<\/span><\/p>\n<p><span style=\"font-weight: 400;\">V\u00e6lg f\u00f8rst det handelspar, du vil udveksle (for eksempel LTC\/USDT). Udfyld derefter bestillingsformularen ved at justere det bel\u00f8b af USDT, du vil bruge p\u00e5 LTC.<\/span><\/p>\n<p><span style=\"font-weight: 400;\">Kucoin giver dig mulighed for at placere \"Market\" og \"Limit\" ordrer. For begyndere foresl\u00e5r vi, at du v\u00e6lger en markedsordre. Hvis du vil udforske andre muligheder, kan du l\u00e6re mere om <\/span><a href=\"https:\/\/www.kucoin.com\/support\/900006714063\" target=\"_blank\" rel=\"noopener\"><span style=\"font-weight: 400;\">forskellige ordretyper<\/span><\/a><span style=\"font-weight: 400;\"> f\u00f8r du forts\u00e6tter<\/span><\/p>\n<p><span style=\"font-weight: 400;\">N\u00e5r du er f\u00e6rdig, skal du klikke p\u00e5 \"K\u00f8b\".<\/span><\/p>\n<p><span style=\"font-weight: 400;\">Du kender nu tre forskellige m\u00e5der at k\u00f8be Litecoin p\u00e5 Kucoin! Hvis du n\u00f8d vores \"<\/span><i><span style=\"font-weight: 400;\">S\u00e5dan k\u00f8ber du Litecoin p\u00e5 Kucoin\"<\/span><\/i><span style=\"font-weight: 400;\"> guide, kan du m\u00e5ske ogs\u00e5 lide vores <\/span><a href=\"https:\/\/coinkickoff.com\/da\/crypto-exchanges\/\"><span style=\"font-weight: 400;\">anmeldelser af udvekslinger<\/span><\/a><span style=\"font-weight: 400;\"> og <a href=\"https:\/\/coinkickoff.com\/da\/how-to-buy-bitcoin\/\">Andre guider<\/a>.<\/span><\/p>","protected":false},"excerpt":{"rendered":"<p>S\u00e5dan k\u00f8ber du Litecoin p\u00e5 Kucoin Hvis du har brug for vejledning i, hvordan du k\u00f8ber Litecoin p\u00e5 Kucoin, er du kommet til det rette sted! Lad os se, hvordan man k\u00f8ber LTC p\u00e5 Kucoin i et par enkle trin. En trin-for-trin guide til, hvordan du k\u00f8ber Litecoin p\u00e5 Kucoin 1. Registrer en konto G\u00e5 til Kucoin [...]<\/p>","protected":false},"author":3,"featured_media":0,"parent":4392,"menu_order":0,"comment_status":"closed","ping_status":"closed","template":"","meta":{"_genesis_hide_title":false,"_genesis_hide_breadcrumbs":false,"_genesis_hide_singular_image":false,"_genesis_hide_footer_widgets":false,"_genesis_custom_body_class":"","_genesis_custom_post_class":"","_genesis_layout":"","_glsr_average":0,"_glsr_ranking":0,"_glsr_reviews":0,"footnotes":""},"class_list":{"0":"post-4404","1":"page","2":"type-page","3":"status-publish","5":"entry"},"featured_image_src":null,"featured_image_src_square":null,"_links":{"self":[{"href":"https:\/\/coinkickoff.com\/da\/wp-json\/wp\/v2\/pages\/4404","targetHints":{"allow":["GET"]}}],"collection":[{"href":"https:\/\/coinkickoff.com\/da\/wp-json\/wp\/v2\/pages"}],"about":[{"href":"https:\/\/coinkickoff.com\/da\/wp-json\/wp\/v2\/types\/page"}],"author":[{"embeddable":true,"href":"https:\/\/coinkickoff.com\/da\/wp-json\/wp\/v2\/users\/3"}],"replies":[{"embeddable":true,"href":"https:\/\/coinkickoff.com\/da\/wp-json\/wp\/v2\/comments?post=4404"}],"version-history":[{"count":2,"href":"https:\/\/coinkickoff.com\/da\/wp-json\/wp\/v2\/pages\/4404\/revisions"}],"predecessor-version":[{"id":4406,"href":"https:\/\/coinkickoff.com\/da\/wp-json\/wp\/v2\/pages\/4404\/revisions\/4406"}],"up":[{"embeddable":true,"href":"https:\/\/coinkickoff.com\/da\/wp-json\/wp\/v2\/pages\/4392"}],"wp:attachment":[{"href":"https:\/\/coinkickoff.com\/da\/wp-json\/wp\/v2\/media?parent=4404"}],"curies":[{"name":"wp","href":"https:\/\/api.w.org\/{rel}","templated":true}]}}