{"id":4242,"date":"2026-01-08T14:07:09","date_gmt":"2026-01-08T14:07:09","guid":{"rendered":"https:\/\/coinkickoff.com\/?page_id=4242"},"modified":"2026-01-08T14:07:09","modified_gmt":"2026-01-08T14:07:09","slug":"how-to-buy-polkadot-on-huobi","status":"publish","type":"page","link":"https:\/\/coinkickoff.com\/da\/how-to-buy-polkadot\/how-to-buy-polkadot-on-huobi\/","title":{"rendered":"S\u00e5dan k\u00f8ber du Polkadot p\u00e5 HTX"},"content":{"rendered":"<div id=\"ez-toc-container\" class=\"ez-toc-v2_0_80 counter-hierarchy ez-toc-counter ez-toc-transparent ez-toc-container-direction\">\n<div class=\"ez-toc-title-container\">\n<p class=\"ez-toc-title\" style=\"cursor:inherit\">Sektioner<\/p>\n<span class=\"ez-toc-title-toggle\"><a href=\"#\" class=\"ez-toc-pull-right ez-toc-btn ez-toc-btn-xs ez-toc-btn-default ez-toc-toggle\" aria-label=\"Toggle indholdsfortegnelse\"><span class=\"ez-toc-js-icon-con\"><span class=\"\"><span class=\"eztoc-hide\" style=\"display:none;\">Toggle<\/span><span class=\"ez-toc-icon-toggle-span\"><svg style=\"fill: #999;color:#999\" xmlns=\"http:\/\/www.w3.org\/2000\/svg\" class=\"list-377408\" width=\"20px\" height=\"20px\" viewbox=\"0 0 24 24\" fill=\"none\"><path d=\"M6 6H4v2h2V6zm14 0H8v2h12V6zM4 11h2v2H4v-2zm16 0H8v2h12v-2zM4 16h2v2H4v-2zm16 0H8v2h12v-2z\" fill=\"currentColor\"><\/path><\/svg><svg style=\"fill: #999;color:#999\" class=\"arrow-unsorted-368013\" xmlns=\"http:\/\/www.w3.org\/2000\/svg\" width=\"10px\" height=\"10px\" viewbox=\"0 0 24 24\" version=\"1.2\" baseprofile=\"tiny\"><path d=\"M18.2 9.3l-6.2-6.3-6.2 6.3c-.2.2-.3.4-.3.7s.1.5.3.7c.2.2.4.3.7.3h11c.3 0 .5-.1.7-.3.2-.2.3-.5.3-.7s-.1-.5-.3-.7zM5.8 14.7l6.2 6.3 6.2-6.3c.2-.2.3-.5.3-.7s-.1-.5-.3-.7c-.2-.2-.4-.3-.7-.3h-11c-.3 0-.5.1-.7.3-.2.2-.3.5-.3.7s.1.5.3.7z\"\/><\/svg><\/span><\/span><\/span><\/a><\/span><\/div>\n<nav><ul class='ez-toc-list ez-toc-list-level-1 eztoc-toggle-hide-by-default' ><li class='ez-toc-page-1 ez-toc-heading-level-2'><a class=\"ez-toc-link ez-toc-heading-1\" href=\"https:\/\/coinkickoff.com\/da\/how-to-buy-polkadot\/how-to-buy-polkadot-on-huobi\/#How_to_Buy_Polkadot_on_HTX\" >S\u00e5dan k\u00f8ber du Polkadot p\u00e5 HTX<\/a><ul class='ez-toc-list-level-3' ><li class='ez-toc-heading-level-3'><a class=\"ez-toc-link ez-toc-heading-2\" href=\"https:\/\/coinkickoff.com\/da\/how-to-buy-polkadot\/how-to-buy-polkadot-on-huobi\/#1_Register_an_Account_on_HTX\" >1. Registrer en konto p\u00e5 HTX<\/a><\/li><li class='ez-toc-page-1 ez-toc-heading-level-3'><a class=\"ez-toc-link ez-toc-heading-3\" href=\"https:\/\/coinkickoff.com\/da\/how-to-buy-polkadot\/how-to-buy-polkadot-on-huobi\/#2_Get_Verified_on_HTX\" >2. Bliv verificeret p\u00e5 HTX<\/a><\/li><li class='ez-toc-page-1 ez-toc-heading-level-3'><a class=\"ez-toc-link ez-toc-heading-4\" href=\"https:\/\/coinkickoff.com\/da\/how-to-buy-polkadot\/how-to-buy-polkadot-on-huobi\/#3_Deposit_FundsCrypto\" >3. Indskud af midler\/krypto<\/a><\/li><li class='ez-toc-page-1 ez-toc-heading-level-3'><a class=\"ez-toc-link ez-toc-heading-5\" href=\"https:\/\/coinkickoff.com\/da\/how-to-buy-polkadot\/how-to-buy-polkadot-on-huobi\/#4_Navigate_to_the_Relevant_Screen_to_Buy\" >4. Naviger til den relevante sk\u00e6rm for at k\u00f8be<\/a><\/li><\/ul><\/li><\/ul><\/nav><\/div>\n<h2><span class=\"ez-toc-section\" id=\"How_to_Buy_Polkadot_on_HTX\"><\/span><span style=\"font-weight: 400;\">S\u00e5dan k\u00f8ber du Polkadot p\u00e5 HTX<\/span><span class=\"ez-toc-section-end\"><\/span><\/h2>\n<p><span style=\"font-weight: 400;\">I dag vil vi hj\u00e6lpe dig med at l\u00e6re, hvordan du k\u00f8ber <a href=\"https:\/\/coinkickoff.com\/da\/polkadot-dot\/\" data-internallinksmanager029f6b8e52c=\"12\" title=\"Hvad er Polkadot (DOT)? Hvordan virker det og hvor kan man k\u00f8be det?\">Polkadot<\/a> p\u00e5 <a href=\"https:\/\/coinkickoff.com\/da\/huobi-review\/\" data-internallinksmanager029f6b8e52c=\"172\" title=\"HTX Anmeldelser 2023: Gebyrer, funktioner, sikkerhed, fordele og ulemper\">HTX<\/a>. Men f\u00f8r vi g\u00e5r i gang, kan du med fordel tage et kig p\u00e5 vores <\/span><a href=\"https:\/\/coinkickoff.com\/da\/huobi-review\/\"><span style=\"font-weight: 400;\">HTX anmeldelse<\/span><\/a><span style=\"font-weight: 400;\"> for at l\u00e6re mere om b\u00f8rsen. HTX er kendt for sin <\/span><a href=\"https:\/\/protos.com\/tag\/huobi\/\" target=\"_blank\" rel=\"noopener\"><span style=\"font-weight: 400;\">mystiske links til Justin Sun<\/span><\/a><span style=\"font-weight: 400;\">en kontroversiel figur i krypto\u00f8kosystemet.<\/span><\/p>\n<p><span style=\"font-weight: 400;\">S\u00e5dan k\u00f8ber du Polkadot p\u00e5 HTX.<\/span><\/p>\n<h3><span class=\"ez-toc-section\" id=\"1_Register_an_Account_on_HTX\"><\/span><span style=\"font-weight: 400;\">1. Registrer en konto p\u00e5 HTX<\/span><span class=\"ez-toc-section-end\"><\/span><\/h3>\n<p><span style=\"font-weight: 400;\">G\u00e5 til <\/span><a href=\"https:\/\/www.huobi.com\/en-us\/v\/register\/double-invite\/?inviter_id=11345710&amp;amp;invite_code=znsn6223\" target=\"_blank\" rel=\"noopener\"><span style=\"font-weight: 400;\">HTX<\/span><\/a><span style=\"font-weight: 400;\"> hjemmeside og oprette en konto.<\/span><\/p>\n<p><img loading=\"lazy\" decoding=\"async\" class=\"alignnone wp-image-3561 size-full\" src=\"https:\/\/coinkickoff.com\/wp-content\/uploads\/Screen-Shot-2023-04-10-at-6.39.38-AM-e1686311283917.png\" alt=\"S\u00e5dan k\u00f8ber du dogecoin p\u00e5 huobi\" width=\"1335\" height=\"777\" srcset=\"https:\/\/coinkickoff.com\/wp-content\/uploads\/Screen-Shot-2023-04-10-at-6.39.38-AM-e1686311283917.png 1335w, https:\/\/coinkickoff.com\/wp-content\/uploads\/Screen-Shot-2023-04-10-at-6.39.38-AM-e1686311283917-300x175.png 300w, https:\/\/coinkickoff.com\/wp-content\/uploads\/Screen-Shot-2023-04-10-at-6.39.38-AM-e1686311283917-1024x596.png 1024w, https:\/\/coinkickoff.com\/wp-content\/uploads\/Screen-Shot-2023-04-10-at-6.39.38-AM-e1686311283917-768x447.png 768w, https:\/\/coinkickoff.com\/wp-content\/uploads\/Screen-Shot-2023-04-10-at-6.39.38-AM-e1686311283917-18x10.png 18w\" sizes=\"auto, (max-width: 1335px) 100vw, 1335px\" \/><\/p>\n<h3><span class=\"ez-toc-section\" id=\"2_Get_Verified_on_HTX\"><\/span><span style=\"font-weight: 400;\">2. Bliv verificeret p\u00e5 HTX<\/span><span class=\"ez-toc-section-end\"><\/span><\/h3>\n<p><span style=\"font-weight: 400;\">V\u00e6lg profilsymbolet p\u00e5 dit dashboard, og tryk p\u00e5 \"<\/span><a href=\"https:\/\/www.huobi.com\/en-us\/kyc\/t3\/?app_id=b3Rj5Z&amp;source=1\" target=\"_blank\" rel=\"noopener\"><span style=\"font-weight: 400;\">Verifikation<\/span><\/a><span style=\"font-weight: 400;\">.\"<\/span><\/p>\n<p><img loading=\"lazy\" decoding=\"async\" class=\"alignnone wp-image-3859 size-full\" src=\"https:\/\/coinkickoff.com\/wp-content\/uploads\/huobi3.png\" alt=\"\" width=\"920\" height=\"500\" srcset=\"https:\/\/coinkickoff.com\/wp-content\/uploads\/huobi3.png 920w, https:\/\/coinkickoff.com\/wp-content\/uploads\/huobi3-300x163.png 300w, https:\/\/coinkickoff.com\/wp-content\/uploads\/huobi3-768x417.png 768w, https:\/\/coinkickoff.com\/wp-content\/uploads\/huobi3-18x10.png 18w\" sizes=\"auto, (max-width: 920px) 100vw, 920px\" \/><\/p>\n<p><span style=\"font-weight: 400;\">HTX har en tre-trins verifikationsordning. Du skal v\u00e6lge dit land, uploade et gyldigt ID og best\u00e5 ansigtsbekr\u00e6ftelse.<\/span><\/p>\n<p><img loading=\"lazy\" decoding=\"async\" class=\"alignnone wp-image-3860 size-full\" src=\"https:\/\/coinkickoff.com\/wp-content\/uploads\/huobi4.png\" alt=\"\" width=\"324\" height=\"297\" srcset=\"https:\/\/coinkickoff.com\/wp-content\/uploads\/huobi4.png 324w, https:\/\/coinkickoff.com\/wp-content\/uploads\/huobi4-300x275.png 300w, https:\/\/coinkickoff.com\/wp-content\/uploads\/huobi4-13x12.png 13w\" sizes=\"auto, (max-width: 324px) 100vw, 324px\" \/><\/p>\n<p><span style=\"font-weight: 400;\">De accepterede ID-typer varierer fra land til land. V\u00e6lg det land, hvor du bor, og forbered det n\u00f8dvendige ID-dokument.<\/span><\/p>\n<p><img loading=\"lazy\" decoding=\"async\" class=\"alignnone wp-image-3861 size-full\" src=\"https:\/\/coinkickoff.com\/wp-content\/uploads\/huobi5.png\" alt=\"\" width=\"352\" height=\"312\" srcset=\"https:\/\/coinkickoff.com\/wp-content\/uploads\/huobi5.png 352w, https:\/\/coinkickoff.com\/wp-content\/uploads\/huobi5-300x266.png 300w, https:\/\/coinkickoff.com\/wp-content\/uploads\/huobi5-14x12.png 14w\" sizes=\"auto, (max-width: 352px) 100vw, 352px\" \/><\/p>\n<p><span style=\"font-weight: 400;\">N\u00e5r du har uploadet dit ID, skal du bare best\u00e5 ansigtsbekr\u00e6ftelsen. Du kan nemt gennemf\u00f8re dette trin p\u00e5 et par minutter, hvis du har et fungerende webcam.\u00a0<\/span><\/p>\n<p><span style=\"font-weight: 400;\">N\u00e5r du er verificeret, har du lov til at bruge fiat-valutaer til at k\u00f8be kryptoaktiver p\u00e5 HTX. Det kan v\u00e6re en god id\u00e9 at \u00f8ge dit verifikationsniveau for at f\u00e5 adgang til avancerede handelsfunktioner, men det er ikke obligatorisk.<\/span><\/p>\n<p><img loading=\"lazy\" decoding=\"async\" class=\"alignnone wp-image-3863 size-full\" src=\"https:\/\/coinkickoff.com\/wp-content\/uploads\/huobi7.png\" alt=\"\" width=\"935\" height=\"984\" srcset=\"https:\/\/coinkickoff.com\/wp-content\/uploads\/huobi7.png 935w, https:\/\/coinkickoff.com\/wp-content\/uploads\/huobi7-285x300.png 285w, https:\/\/coinkickoff.com\/wp-content\/uploads\/huobi7-768x808.png 768w, https:\/\/coinkickoff.com\/wp-content\/uploads\/huobi7-11x12.png 11w\" sizes=\"auto, (max-width: 935px) 100vw, 935px\" \/><\/p>\n<h3><span class=\"ez-toc-section\" id=\"3_Deposit_FundsCrypto\"><\/span><span style=\"font-weight: 400;\">3. Indskud af midler\/krypto<\/span><span class=\"ez-toc-section-end\"><\/span><\/h3>\n<p><span style=\"font-weight: 400;\">For at foretage en indbetaling skal du g\u00e5 til fanen \"Saldi\". Du vil se en oversigt over dine aktiver. Brug menuen i venstre side af sk\u00e6rmen til at v\u00e6lge \"Exchange\".<\/span><\/p>\n<p><span style=\"font-weight: 400;\">Denne side viser saldoen p\u00e5 din HTX-konto og tilbyder en liste over aktiver, som HTX underst\u00f8tter.\u00a0<\/span><\/p>\n<p><span style=\"font-weight: 400;\">Du kan indbetale krypto- eller fiat-valutaer til din konto via denne side. S\u00f8g efter det aktiv, du vil overf\u00f8re, og klik p\u00e5 \"Indbetal\".<\/span><\/p>\n<p><img loading=\"lazy\" decoding=\"async\" class=\"alignnone wp-image-3867 size-full\" src=\"https:\/\/coinkickoff.com\/wp-content\/uploads\/huobideposit1-1.png\" alt=\"\" width=\"1326\" height=\"555\" srcset=\"https:\/\/coinkickoff.com\/wp-content\/uploads\/huobideposit1-1.png 1326w, https:\/\/coinkickoff.com\/wp-content\/uploads\/huobideposit1-1-300x126.png 300w, https:\/\/coinkickoff.com\/wp-content\/uploads\/huobideposit1-1-1024x429.png 1024w, https:\/\/coinkickoff.com\/wp-content\/uploads\/huobideposit1-1-768x321.png 768w, https:\/\/coinkickoff.com\/wp-content\/uploads\/huobideposit1-1-18x8.png 18w\" sizes=\"auto, (max-width: 1326px) 100vw, 1326px\" \/><\/p>\n<p><span style=\"font-weight: 400;\">Hvis du vil foretage en kontant indbetaling, skal du blot v\u00e6lge en valuta og en betalingsmetode.<\/span><\/p>\n<p><img loading=\"lazy\" decoding=\"async\" class=\"alignnone wp-image-3866 size-full\" src=\"https:\/\/coinkickoff.com\/wp-content\/uploads\/huobideposit2.png\" alt=\"\" width=\"589\" height=\"582\" srcset=\"https:\/\/coinkickoff.com\/wp-content\/uploads\/huobideposit2.png 589w, https:\/\/coinkickoff.com\/wp-content\/uploads\/huobideposit2-300x296.png 300w, https:\/\/coinkickoff.com\/wp-content\/uploads\/huobideposit2-12x12.png 12w, https:\/\/coinkickoff.com\/wp-content\/uploads\/huobideposit2-80x80.png 80w\" sizes=\"auto, (max-width: 589px) 100vw, 589px\" \/><\/p>\n<p><span style=\"font-weight: 400;\">Bem\u00e6rk, at du kun kan foretage en indbetaling fra en bankkonto i dit navn.<\/span><\/p>\n<p><img loading=\"lazy\" decoding=\"async\" class=\"alignnone wp-image-3870 size-full\" src=\"https:\/\/coinkickoff.com\/wp-content\/uploads\/huobdeposit3-2.png\" alt=\"\" width=\"997\" height=\"613\" srcset=\"https:\/\/coinkickoff.com\/wp-content\/uploads\/huobdeposit3-2.png 997w, https:\/\/coinkickoff.com\/wp-content\/uploads\/huobdeposit3-2-300x184.png 300w, https:\/\/coinkickoff.com\/wp-content\/uploads\/huobdeposit3-2-768x472.png 768w, https:\/\/coinkickoff.com\/wp-content\/uploads\/huobdeposit3-2-18x12.png 18w\" sizes=\"auto, (max-width: 997px) 100vw, 997px\" \/><\/p>\n<p><span style=\"font-weight: 400;\">Klik p\u00e5 \"Bekr\u00e6ft\" for at afslutte din indbetaling.<\/span><\/p>\n<p><span style=\"font-weight: 400;\">Hvis du vil indbetale en kryptovaluta, er fremgangsm\u00e5den den samme. Find dit digitale aktiv p\u00e5 listen, og klik p\u00e5 \"Indbetal\".<\/span><\/p>\n<p><span style=\"font-weight: 400;\">I stedet for en indbetalingsformular f\u00e5r du en indbetalingsadresse for den p\u00e5g\u00e6ldende valuta. Du kan bruge denne adresse til at sende din kryptovaluta til <a href=\"https:\/\/coinkickoff.com\/da\/kucoin-review\/\" data-internallinksmanager029f6b8e52c=\"153\" title=\"KuCoin Anmeldelser 2023: Gebyrer, sikkerhed, fordele og ulemper: 2023: Gebyrer, sikkerhed, fordele og ulemper\">Kucoin<\/a>.<\/span><\/p>\n<h3><span class=\"ez-toc-section\" id=\"4_Navigate_to_the_Relevant_Screen_to_Buy\"><\/span><span style=\"font-weight: 400;\">4. Naviger til den relevante sk\u00e6rm for at k\u00f8be<\/span><span class=\"ez-toc-section-end\"><\/span><\/h3>\n<p><span style=\"font-weight: 400;\">Uanset om du har indsat fiat- eller kryptovalutaer p\u00e5 din konto, kan du handle dem for Polkadot p\u00e5 spotmarkedet.<\/span><\/p>\n<p><span style=\"font-weight: 400;\">For at starte skal du v\u00e6lge \"Spot Trading\" i menuen \"Trade\".<\/span><\/p>\n<figure id=\"attachment_3563\" aria-describedby=\"caption-attachment-3563\" style=\"width: 1411px\" class=\"wp-caption alignnone\"><img loading=\"lazy\" decoding=\"async\" class=\"wp-image-3563 size-full\" src=\"https:\/\/coinkickoff.com\/wp-content\/uploads\/Screen-Shot-2023-04-10-at-7.24.48-AM-e1683782590693.png\" alt=\"hvordan man k\u00f8ber shiba inu p\u00e5 huobi hvordan man k\u00f8ber polkadot p\u00e5 huobi\" width=\"1411\" height=\"737\" srcset=\"https:\/\/coinkickoff.com\/wp-content\/uploads\/Screen-Shot-2023-04-10-at-7.24.48-AM-e1683782590693.png 1411w, https:\/\/coinkickoff.com\/wp-content\/uploads\/Screen-Shot-2023-04-10-at-7.24.48-AM-e1683782590693-300x157.png 300w, https:\/\/coinkickoff.com\/wp-content\/uploads\/Screen-Shot-2023-04-10-at-7.24.48-AM-e1683782590693-1024x535.png 1024w, https:\/\/coinkickoff.com\/wp-content\/uploads\/Screen-Shot-2023-04-10-at-7.24.48-AM-e1683782590693-768x401.png 768w, https:\/\/coinkickoff.com\/wp-content\/uploads\/Screen-Shot-2023-04-10-at-7.24.48-AM-e1683782590693-18x9.png 18w\" sizes=\"auto, (max-width: 1411px) 100vw, 1411px\" \/><figcaption id=\"caption-attachment-3563\" class=\"wp-caption-text\">HTX<\/figcaption><\/figure>\n<p><span style=\"font-weight: 400;\">Du vil se en liste over alle de tilg\u00e6ngelige handelspar i venstre side af siden. Da du \u00f8nsker at k\u00f8be DOT, er vores f\u00f8rste m\u00e5l at se, hvilke valutaer du kan handle for DOT.<\/span><\/p>\n<p><span style=\"font-weight: 400;\">Heldigvis er der et praktisk s\u00f8gefelt her. Skriv \"DOT\" i s\u00f8gefeltet, og du kan se alle de tilg\u00e6ngelige parringer.<\/span><\/p>\n<p><span style=\"font-weight: 400;\">Hvis der er et handelspar for en valuta, du ejer, er dit job let. Lad os sige, at du har indsat 100 euro p\u00e5 platformen. Hvis der er et DOT\/EUR-par, kan du klikke p\u00e5 det og scrolle ned for at afgive en ordre.<\/span><\/p>\n<p><span style=\"font-weight: 400;\">Det er det samme for alle andre valutapar. Hvis du for eksempel har <a href=\"https:\/\/coinkickoff.com\/da\/tether-usdt\/\" data-internallinksmanager029f6b8e52c=\"3\" title=\"Hvad er Tether (USDT)? Hvordan det virker og hvor kan man k\u00f8be det?\">USDT<\/a>kan du klikke p\u00e5 USDT\/DOR-parringen for at foretage et k\u00f8b.<\/span><\/p>\n<p><span style=\"font-weight: 400;\">Tingene bliver lidt komplicerede, hvis du har en valuta, der ikke parres med DOT. Hvis det er tilf\u00e6ldet, skal du bytte dine aktiver til en kryptovaluta, der parres med DOT. I disse situationer er USDT altid et sikkert valg, men du kan sikre dig ved at gennemg\u00e5 de tilg\u00e6ngelige parringer.<\/span><\/p>\n<p><span style=\"font-weight: 400;\">N\u00e5r du har fundet den rigtige parring, skal du rulle ned for at se bestillingsformularen. Her kan du afgive en k\u00f8bsordre ved at udfylde formularen.<\/span><\/p>\n<p><img loading=\"lazy\" decoding=\"async\" class=\"alignnone wp-image-3916 size-full\" src=\"https:\/\/coinkickoff.com\/wp-content\/uploads\/huobi-buy-e1690369656886.png\" alt=\"S\u00e5dan k\u00f8ber du bitcoin p\u00e5 huobi\" width=\"1438\" height=\"737\" srcset=\"https:\/\/coinkickoff.com\/wp-content\/uploads\/huobi-buy-e1690369656886.png 1438w, https:\/\/coinkickoff.com\/wp-content\/uploads\/huobi-buy-e1690369656886-300x154.png 300w, https:\/\/coinkickoff.com\/wp-content\/uploads\/huobi-buy-e1690369656886-1024x525.png 1024w, https:\/\/coinkickoff.com\/wp-content\/uploads\/huobi-buy-e1690369656886-768x394.png 768w, https:\/\/coinkickoff.com\/wp-content\/uploads\/huobi-buy-e1690369656886-18x9.png 18w\" sizes=\"auto, (max-width: 1438px) 100vw, 1438px\" \/><\/p>\n<p><span style=\"font-weight: 400;\">Du vil have to muligheder: Du kan enten placere en markedsordre eller en limitordre. Med en markedsordre giver HTX dig den bedste tilg\u00e6ngelige pris for Polkadot, og din ordre udf\u00f8res ret hurtigt.<\/span><\/p>\n<p><span style=\"font-weight: 400;\">Hvis du afgiver en limitordre, kan du bestemme den pris, du vil betale for DOT. Din ordre vil blive udf\u00f8rt, n\u00e5r en anden person afgiver en salgsordre, der matcher din pris.<\/span><\/p>\n<p><img loading=\"lazy\" decoding=\"async\" class=\"alignnone wp-image-3917 size-full\" src=\"https:\/\/coinkickoff.com\/wp-content\/uploads\/huobi-buy2-e1690369675505.png\" alt=\"S\u00e5dan k\u00f8ber du Ethereum p\u00e5 HTX\" width=\"1438\" height=\"777\" srcset=\"https:\/\/coinkickoff.com\/wp-content\/uploads\/huobi-buy2-e1690369675505.png 1438w, https:\/\/coinkickoff.com\/wp-content\/uploads\/huobi-buy2-e1690369675505-300x162.png 300w, https:\/\/coinkickoff.com\/wp-content\/uploads\/huobi-buy2-e1690369675505-1024x553.png 1024w, https:\/\/coinkickoff.com\/wp-content\/uploads\/huobi-buy2-e1690369675505-768x415.png 768w, https:\/\/coinkickoff.com\/wp-content\/uploads\/huobi-buy2-e1690369675505-18x10.png 18w\" sizes=\"auto, (max-width: 1438px) 100vw, 1438px\" \/><\/p>\n<p><span style=\"font-weight: 400;\">Tryk p\u00e5 \"K\u00f8b DOT\", og du er f\u00e6rdig!<\/span><\/p>\n<p><span style=\"font-weight: 400;\">Hvis du kunne lide vores guide \"S\u00e5dan k\u00f8ber du Polkadot p\u00e5 HTX\", vil du m\u00e5ske ogs\u00e5 kunne lide den her <a href=\"https:\/\/coinkickoff.com\/da\/crypto-exchanges\/\">exchnage anmeldelser<\/a> og guider!<\/span><\/p>","protected":false},"excerpt":{"rendered":"<p>S\u00e5dan k\u00f8ber du Polkadot p\u00e5 HTX I dag vil vi hj\u00e6lpe dig med at l\u00e6re, hvordan du k\u00f8ber Polkadot p\u00e5 HTX. Men f\u00f8r vi starter, kan du tage et kig p\u00e5 vores HTX-anmeldelse for at l\u00e6re mere om b\u00f8rsen. HTX er kendt for sine mystiske forbindelser til Justin Sun, en kontroversiel figur i [...]<\/p>","protected":false},"author":3,"featured_media":0,"parent":4215,"menu_order":0,"comment_status":"closed","ping_status":"closed","template":"","meta":{"_genesis_hide_title":false,"_genesis_hide_breadcrumbs":false,"_genesis_hide_singular_image":false,"_genesis_hide_footer_widgets":false,"_genesis_custom_body_class":"","_genesis_custom_post_class":"","_genesis_layout":"","_glsr_average":0,"_glsr_ranking":0,"_glsr_reviews":0,"footnotes":""},"class_list":{"0":"post-4242","1":"page","2":"type-page","3":"status-publish","5":"entry"},"featured_image_src":null,"featured_image_src_square":null,"_links":{"self":[{"href":"https:\/\/coinkickoff.com\/da\/wp-json\/wp\/v2\/pages\/4242","targetHints":{"allow":["GET"]}}],"collection":[{"href":"https:\/\/coinkickoff.com\/da\/wp-json\/wp\/v2\/pages"}],"about":[{"href":"https:\/\/coinkickoff.com\/da\/wp-json\/wp\/v2\/types\/page"}],"author":[{"embeddable":true,"href":"https:\/\/coinkickoff.com\/da\/wp-json\/wp\/v2\/users\/3"}],"replies":[{"embeddable":true,"href":"https:\/\/coinkickoff.com\/da\/wp-json\/wp\/v2\/comments?post=4242"}],"version-history":[{"count":2,"href":"https:\/\/coinkickoff.com\/da\/wp-json\/wp\/v2\/pages\/4242\/revisions"}],"predecessor-version":[{"id":4244,"href":"https:\/\/coinkickoff.com\/da\/wp-json\/wp\/v2\/pages\/4242\/revisions\/4244"}],"up":[{"embeddable":true,"href":"https:\/\/coinkickoff.com\/da\/wp-json\/wp\/v2\/pages\/4215"}],"wp:attachment":[{"href":"https:\/\/coinkickoff.com\/da\/wp-json\/wp\/v2\/media?parent=4242"}],"curies":[{"name":"wp","href":"https:\/\/api.w.org\/{rel}","templated":true}]}}